{"id":50721,"date":"2024-04-09T08:25:16","date_gmt":"2024-04-09T08:25:16","guid":{"rendered":"https:\/\/naturapura.com\/product\/vestido-em-trico-e-peito-ajour\/"},"modified":"2025-02-13T17:17:41","modified_gmt":"2025-02-13T17:17:41","slug":"vestido-em-trico-e-peito-ajour","status":"publish","type":"product","link":"https:\/\/naturapura.com\/pt-pt\/produto\/vestido-em-trico-e-peito-ajour\/","title":{"rendered":"Vestido em tricot e peito ajour"},"content":{"rendered":"<p><strong>Vestido em tricot e peito ajour<\/strong><\/p>\n<p>Um vestido com peito em tricot, feito com algod\u00e3o biol\u00f3gico certificado e que vai deixar a sua beb\u00e9 a sentir-se uma princesa!<br \/>\nPode ser usado no dia-a-dia e tamb\u00e9m em ocasi\u00f5es especiais, j\u00e1 que o peito em tricot tem um bonito detalhe em ajour.<br \/>\nDesenvolvido a pensar no conforto e sa\u00fade da sua beb\u00e9.<\/p>\n","protected":false},"excerpt":{"rendered":"<p>BB22015<\/p>\n","protected":false},"featured_media":57401,"template":"","meta":[],"product_brand":[],"product_cat":[2262,2235],"product_tag":[],"giftcard-category":[],"class_list":{"0":"post-50721","1":"product","2":"type-product","3":"status-publish","4":"has-post-thumbnail","6":"product_cat-vestidos-e-macacoes","7":"product_cat-vestuario","9":"first","10":"instock","11":"taxable","12":"shipping-taxable","13":"product-type-variable","14":"has-default-attributes"},"exclude_global_add_ons":false,"addons":[{"name":"Nome do Beb\u00e9","type":"custom_text","position":0,"required":true,"title_format":"label","default":"","description_enable":false,"description":"","placeholder_enable":false,"placeholder":"","display":"select","restrictions_type":"any_text","adjust_price":false,"price":"","price_type":"flat_fee","restrictions":true,"min":"2","max":"15","options":[],"id":1676654652},{"name":"Mensagem de presente","type":"custom_textarea","position":0,"required":false,"title_format":"label","default":"","description_enable":true,"description":"Delicie quem recebe, com uma mensagem de carinho...","placeholder_enable":false,"placeholder":"","display":"select","restrictions_type":"any_text","adjust_price":false,"price":"3.00","price_type":"flat_fee","restrictions":true,"min":"0","max":"300","options":[]},{"name":"Notice","type":"heading","position":0,"required":false,"title_format":"label","default":"","description_enable":true,"description":"S\u00f3 conseguiremos garantir a entrega dos itens personalizados encomendados at\u00e9 11 de dezembro a tempo para o Natal.","placeholder_enable":false,"placeholder":"","display":"select","restrictions_type":"any_text","adjust_price":false,"price":"","price_type":"flat_fee","restrictions":false,"min":"0","max":"0","options":[],"id":1704365184},{"name":"Notice","type":"heading","position":0,"required":false,"title_format":"label","default":"","description_enable":true,"description":"Devido ao per\u00edodo de f\u00e9rias, as encomendas de artigos personalizados colocadas a partir de 7 de agosto ser\u00e3o expedidas a partir de 10 de setembro.","placeholder_enable":false,"placeholder":"","display":"select","restrictions_type":"any_text","adjust_price":false,"price":"","price_type":"flat_fee","restrictions":false,"min":"0","max":"0","options":[],"id":1692953567}],"yoast_head":"<!-- This site is optimized with the Yoast SEO plugin v27.3 - https:\/\/yoast.com\/product\/yoast-seo-wordpress\/ -->\n<title>Vestido em tricot e peito ajour - NaturaPura<\/title>\n<meta name=\"robots\" content=\"index, follow, max-snippet:-1, max-image-preview:large, max-video-preview:-1\" \/>\n<link rel=\"canonical\" href=\"https:\/\/naturapura.com\/pt-pt\/produto\/vestido-em-trico-e-peito-ajour\/\" \/>\n<meta property=\"og:locale\" content=\"pt_PT\" \/>\n<meta property=\"og:type\" content=\"article\" \/>\n<meta property=\"og:title\" content=\"Vestido em tricot e peito ajour - NaturaPura\" \/>\n<meta property=\"og:description\" content=\"BB22015\" \/>\n<meta property=\"og:url\" content=\"https:\/\/naturapura.com\/pt-pt\/produto\/vestido-em-trico-e-peito-ajour\/\" \/>\n<meta property=\"og:site_name\" content=\"NaturaPura\" \/>\n<meta property=\"article:modified_time\" content=\"2025-02-13T17:17:41+00:00\" \/>\n<meta property=\"og:image\" content=\"https:\/\/naturapura.com\/wp-content\/uploads\/2024\/04\/BB22015-1.jpg\" \/>\n\t<meta property=\"og:image:width\" content=\"1200\" \/>\n\t<meta property=\"og:image:height\" content=\"1200\" \/>\n\t<meta property=\"og:image:type\" content=\"image\/jpeg\" \/>\n<meta name=\"twitter:card\" content=\"summary_large_image\" \/>\n<meta name=\"twitter:label1\" content=\"Disponibilidade\" \/>\n\t<meta name=\"twitter:data1\" content=\"Em stock\" \/>\n<script type=\"application\/ld+json\" class=\"yoast-schema-graph\">{\"@context\":\"https:\\\/\\\/schema.org\",\"@graph\":[{\"@type\":\"WebPage\",\"@id\":\"https:\\\/\\\/naturapura.com\\\/pt-pt\\\/produto\\\/vestido-em-trico-e-peito-ajour\\\/\",\"url\":\"https:\\\/\\\/naturapura.com\\\/pt-pt\\\/produto\\\/vestido-em-trico-e-peito-ajour\\\/\",\"name\":\"Vestido em tricot e peito ajour - NaturaPura\",\"isPartOf\":{\"@id\":\"https:\\\/\\\/naturapura.com\\\/pt-pt\\\/#website\"},\"primaryImageOfPage\":{\"@id\":\"https:\\\/\\\/naturapura.com\\\/pt-pt\\\/produto\\\/vestido-em-trico-e-peito-ajour\\\/#primaryimage\"},\"image\":{\"@id\":\"https:\\\/\\\/naturapura.com\\\/pt-pt\\\/produto\\\/vestido-em-trico-e-peito-ajour\\\/#primaryimage\"},\"thumbnailUrl\":\"https:\\\/\\\/i0.wp.com\\\/naturapura.com\\\/wp-content\\\/uploads\\\/2024\\\/04\\\/BB22015-1-1.jpg?fit=1200%2C1200&ssl=1\",\"datePublished\":\"2024-04-09T08:25:16+00:00\",\"dateModified\":\"2025-02-13T17:17:41+00:00\",\"breadcrumb\":{\"@id\":\"https:\\\/\\\/naturapura.com\\\/pt-pt\\\/produto\\\/vestido-em-trico-e-peito-ajour\\\/#breadcrumb\"},\"inLanguage\":\"pt-PT\",\"potentialAction\":[{\"@type\":\"ReadAction\",\"target\":[\"https:\\\/\\\/naturapura.com\\\/pt-pt\\\/produto\\\/vestido-em-trico-e-peito-ajour\\\/\"]}]},{\"@type\":\"ImageObject\",\"inLanguage\":\"pt-PT\",\"@id\":\"https:\\\/\\\/naturapura.com\\\/pt-pt\\\/produto\\\/vestido-em-trico-e-peito-ajour\\\/#primaryimage\",\"url\":\"https:\\\/\\\/i0.wp.com\\\/naturapura.com\\\/wp-content\\\/uploads\\\/2024\\\/04\\\/BB22015-1-1.jpg?fit=1200%2C1200&ssl=1\",\"contentUrl\":\"https:\\\/\\\/i0.wp.com\\\/naturapura.com\\\/wp-content\\\/uploads\\\/2024\\\/04\\\/BB22015-1-1.jpg?fit=1200%2C1200&ssl=1\",\"width\":1200,\"height\":1200},{\"@type\":\"BreadcrumbList\",\"@id\":\"https:\\\/\\\/naturapura.com\\\/pt-pt\\\/produto\\\/vestido-em-trico-e-peito-ajour\\\/#breadcrumb\",\"itemListElement\":[{\"@type\":\"ListItem\",\"position\":1,\"name\":\"In\u00edcio\",\"item\":\"https:\\\/\\\/naturapura.com\\\/pt-pt\\\/\"},{\"@type\":\"ListItem\",\"position\":2,\"name\":\"Loja\",\"item\":\"https:\\\/\\\/naturapura.com\\\/pt-pt\\\/loja\\\/\"},{\"@type\":\"ListItem\",\"position\":3,\"name\":\"Vestido em tricot e peito ajour\"}]},{\"@type\":\"WebSite\",\"@id\":\"https:\\\/\\\/naturapura.com\\\/pt-pt\\\/#website\",\"url\":\"https:\\\/\\\/naturapura.com\\\/pt-pt\\\/\",\"name\":\"NaturaPura\",\"description\":\"Roupinha de Beb\u00e9 e Complementos em Org\u00e2nico\",\"publisher\":{\"@id\":\"https:\\\/\\\/naturapura.com\\\/pt-pt\\\/#organization\"},\"potentialAction\":[{\"@type\":\"SearchAction\",\"target\":{\"@type\":\"EntryPoint\",\"urlTemplate\":\"https:\\\/\\\/naturapura.com\\\/pt-pt\\\/?s={search_term_string}\"},\"query-input\":{\"@type\":\"PropertyValueSpecification\",\"valueRequired\":true,\"valueName\":\"search_term_string\"}}],\"inLanguage\":\"pt-PT\"},{\"@type\":\"Organization\",\"@id\":\"https:\\\/\\\/naturapura.com\\\/pt-pt\\\/#organization\",\"name\":\"NATURAPURA\",\"url\":\"https:\\\/\\\/naturapura.com\\\/pt-pt\\\/\",\"logo\":{\"@type\":\"ImageObject\",\"inLanguage\":\"pt-PT\",\"@id\":\"https:\\\/\\\/naturapura.com\\\/pt-pt\\\/#\\\/schema\\\/logo\\\/image\\\/\",\"url\":\"https:\\\/\\\/i0.wp.com\\\/naturapura.com\\\/wp-content\\\/uploads\\\/2023\\\/09\\\/logo-NP-bebe.png?fit=481%2C101&ssl=1\",\"contentUrl\":\"https:\\\/\\\/i0.wp.com\\\/naturapura.com\\\/wp-content\\\/uploads\\\/2023\\\/09\\\/logo-NP-bebe.png?fit=481%2C101&ssl=1\",\"width\":481,\"height\":101,\"caption\":\"NATURAPURA\"},\"image\":{\"@id\":\"https:\\\/\\\/naturapura.com\\\/pt-pt\\\/#\\\/schema\\\/logo\\\/image\\\/\"}}]}<\/script>\n<meta property=\"og:availability\" content=\"instock\" \/>\n<meta property=\"product:availability\" content=\"instock\" \/>\n<meta property=\"product:retailer_item_id\" content=\"BB22015\" \/>\n<meta property=\"product:condition\" content=\"new\" \/>\n<!-- \/ Yoast SEO plugin. -->","yoast_head_json":{"title":"Vestido em tricot e peito ajour - NaturaPura","robots":{"index":"index","follow":"follow","max-snippet":"max-snippet:-1","max-image-preview":"max-image-preview:large","max-video-preview":"max-video-preview:-1"},"canonical":"https:\/\/naturapura.com\/pt-pt\/produto\/vestido-em-trico-e-peito-ajour\/","og_locale":"pt_PT","og_type":"article","og_title":"Vestido em tricot e peito ajour - NaturaPura","og_description":"BB22015","og_url":"https:\/\/naturapura.com\/pt-pt\/produto\/vestido-em-trico-e-peito-ajour\/","og_site_name":"NaturaPura","article_modified_time":"2025-02-13T17:17:41+00:00","og_image":[{"width":1200,"height":1200,"url":"https:\/\/naturapura.com\/wp-content\/uploads\/2024\/04\/BB22015-1.jpg","type":"image\/jpeg"}],"twitter_card":"summary_large_image","twitter_misc":{"Disponibilidade":"Em stock"},"schema":{"@context":"https:\/\/schema.org","@graph":[{"@type":"WebPage","@id":"https:\/\/naturapura.com\/pt-pt\/produto\/vestido-em-trico-e-peito-ajour\/","url":"https:\/\/naturapura.com\/pt-pt\/produto\/vestido-em-trico-e-peito-ajour\/","name":"Vestido em tricot e peito ajour - NaturaPura","isPartOf":{"@id":"https:\/\/naturapura.com\/pt-pt\/#website"},"primaryImageOfPage":{"@id":"https:\/\/naturapura.com\/pt-pt\/produto\/vestido-em-trico-e-peito-ajour\/#primaryimage"},"image":{"@id":"https:\/\/naturapura.com\/pt-pt\/produto\/vestido-em-trico-e-peito-ajour\/#primaryimage"},"thumbnailUrl":"https:\/\/i0.wp.com\/naturapura.com\/wp-content\/uploads\/2024\/04\/BB22015-1-1.jpg?fit=1200%2C1200&ssl=1","datePublished":"2024-04-09T08:25:16+00:00","dateModified":"2025-02-13T17:17:41+00:00","breadcrumb":{"@id":"https:\/\/naturapura.com\/pt-pt\/produto\/vestido-em-trico-e-peito-ajour\/#breadcrumb"},"inLanguage":"pt-PT","potentialAction":[{"@type":"ReadAction","target":["https:\/\/naturapura.com\/pt-pt\/produto\/vestido-em-trico-e-peito-ajour\/"]}]},{"@type":"ImageObject","inLanguage":"pt-PT","@id":"https:\/\/naturapura.com\/pt-pt\/produto\/vestido-em-trico-e-peito-ajour\/#primaryimage","url":"https:\/\/i0.wp.com\/naturapura.com\/wp-content\/uploads\/2024\/04\/BB22015-1-1.jpg?fit=1200%2C1200&ssl=1","contentUrl":"https:\/\/i0.wp.com\/naturapura.com\/wp-content\/uploads\/2024\/04\/BB22015-1-1.jpg?fit=1200%2C1200&ssl=1","width":1200,"height":1200},{"@type":"BreadcrumbList","@id":"https:\/\/naturapura.com\/pt-pt\/produto\/vestido-em-trico-e-peito-ajour\/#breadcrumb","itemListElement":[{"@type":"ListItem","position":1,"name":"In\u00edcio","item":"https:\/\/naturapura.com\/pt-pt\/"},{"@type":"ListItem","position":2,"name":"Loja","item":"https:\/\/naturapura.com\/pt-pt\/loja\/"},{"@type":"ListItem","position":3,"name":"Vestido em tricot e peito ajour"}]},{"@type":"WebSite","@id":"https:\/\/naturapura.com\/pt-pt\/#website","url":"https:\/\/naturapura.com\/pt-pt\/","name":"NaturaPura","description":"Roupinha de Beb\u00e9 e Complementos em Org\u00e2nico","publisher":{"@id":"https:\/\/naturapura.com\/pt-pt\/#organization"},"potentialAction":[{"@type":"SearchAction","target":{"@type":"EntryPoint","urlTemplate":"https:\/\/naturapura.com\/pt-pt\/?s={search_term_string}"},"query-input":{"@type":"PropertyValueSpecification","valueRequired":true,"valueName":"search_term_string"}}],"inLanguage":"pt-PT"},{"@type":"Organization","@id":"https:\/\/naturapura.com\/pt-pt\/#organization","name":"NATURAPURA","url":"https:\/\/naturapura.com\/pt-pt\/","logo":{"@type":"ImageObject","inLanguage":"pt-PT","@id":"https:\/\/naturapura.com\/pt-pt\/#\/schema\/logo\/image\/","url":"https:\/\/i0.wp.com\/naturapura.com\/wp-content\/uploads\/2023\/09\/logo-NP-bebe.png?fit=481%2C101&ssl=1","contentUrl":"https:\/\/i0.wp.com\/naturapura.com\/wp-content\/uploads\/2023\/09\/logo-NP-bebe.png?fit=481%2C101&ssl=1","width":481,"height":101,"caption":"NATURAPURA"},"image":{"@id":"https:\/\/naturapura.com\/pt-pt\/#\/schema\/logo\/image\/"}}]},"og_availability":"instock","product_availability":"instock","product_retailer_item_id":"BB22015","product_condition":"new"},"jetpack_sharing_enabled":true,"_links":{"self":[{"href":"https:\/\/naturapura.com\/pt-pt\/wp-json\/wp\/v2\/product\/50721","targetHints":{"allow":["GET"]}}],"collection":[{"href":"https:\/\/naturapura.com\/pt-pt\/wp-json\/wp\/v2\/product"}],"about":[{"href":"https:\/\/naturapura.com\/pt-pt\/wp-json\/wp\/v2\/types\/product"}],"wp:featuredmedia":[{"embeddable":true,"href":"https:\/\/naturapura.com\/pt-pt\/wp-json\/wp\/v2\/media\/57401"}],"wp:attachment":[{"href":"https:\/\/naturapura.com\/pt-pt\/wp-json\/wp\/v2\/media?parent=50721"}],"wp:term":[{"taxonomy":"product_brand","embeddable":true,"href":"https:\/\/naturapura.com\/pt-pt\/wp-json\/wp\/v2\/product_brand?post=50721"},{"taxonomy":"product_cat","embeddable":true,"href":"https:\/\/naturapura.com\/pt-pt\/wp-json\/wp\/v2\/product_cat?post=50721"},{"taxonomy":"product_tag","embeddable":true,"href":"https:\/\/naturapura.com\/pt-pt\/wp-json\/wp\/v2\/product_tag?post=50721"},{"taxonomy":"giftcard-category","embeddable":true,"href":"https:\/\/naturapura.com\/pt-pt\/wp-json\/wp\/v2\/giftcard-category?post=50721"}],"curies":[{"name":"wp","href":"https:\/\/api.w.org\/{rel}","templated":true}]}}