{"id":20565,"date":"2019-07-08T09:52:57","date_gmt":"2019-07-08T09:52:57","guid":{"rendered":"https:\/\/naturapura.com\/product\/manta-personalizada-2\/"},"modified":"2025-04-21T13:52:05","modified_gmt":"2025-04-21T13:52:05","slug":"manta-personalizada","status":"publish","type":"product","link":"https:\/\/naturapura.com\/pt-pt\/produto\/manta-personalizada\/","title":{"rendered":"Manta Personalizada"},"content":{"rendered":"<p style=\"text-align: left;\"><strong>Manta Personalizada<\/strong><\/p>\n<p style=\"text-align: justify;\">Na NaturaPura temos um produto muito especial.<\/p>\n<p style=\"text-align: justify;\">A nossa mantinha personalizada \u00e9 feita com o melhor algod\u00e3o biol\u00f3gico certificado, na sua cor natural ecru. \u00c9 muito confort\u00e1vel e pode personaliz\u00e1-la com o nome do beb\u00e9.<\/p>\n<p style=\"text-align: justify;\">Haver\u00e1 prendinha melhor para um beb\u00e9 especial?<\/p>\n<p style=\"text-align: justify;\">Envolva o seu beb\u00e9 em ternura com a mantinha NaturaPura.<\/p>\n","protected":false},"excerpt":{"rendered":"<p>TB06000lj<\/p>\n","protected":false},"featured_media":63225,"template":"","meta":[],"product_brand":[],"product_cat":[2247,2237],"product_tag":[],"giftcard-category":[],"class_list":{"0":"post-20565","1":"product","2":"type-product","3":"status-publish","4":"has-post-thumbnail","6":"product_cat-mantas","7":"product_cat-personalizar","9":"first","10":"instock","11":"taxable","12":"shipping-taxable","13":"purchasable","14":"product-type-variable","15":"has-default-attributes"},"exclude_global_add_ons":false,"addons":[{"name":"Nome do Beb\u00e9","type":"custom_text","position":0,"required":true,"title_format":"label","default":"","description_enable":false,"description":"","placeholder_enable":false,"placeholder":"","display":"select","restrictions_type":"any_text","adjust_price":false,"price":"","price_type":"flat_fee","restrictions":true,"min":"2","max":"15","options":[],"id":1670859622},{"name":"Nome do Beb\u00e9","type":"custom_text","position":0,"required":true,"title_format":"label","default":"","description_enable":false,"description":"","placeholder_enable":false,"placeholder":"","display":"select","restrictions_type":"any_text","adjust_price":false,"price":"","price_type":"flat_fee","restrictions":true,"min":"2","max":"15","options":[],"id":1676654652},{"name":"Mensagem de presente","type":"custom_textarea","position":0,"required":false,"title_format":"label","default":"","description_enable":true,"description":"Delicie quem recebe, com uma mensagem de carinho...","placeholder_enable":false,"placeholder":"","display":"select","restrictions_type":"any_text","adjust_price":false,"price":"3.00","price_type":"flat_fee","restrictions":true,"min":"0","max":"300","options":[]},{"name":"Notice","type":"heading","position":0,"required":false,"title_format":"label","default":"","description_enable":true,"description":"O processamento de encomendas de artigos personalizados poder\u00e1 demorar at\u00e9 12 dias \u00fateis.","placeholder_enable":false,"placeholder":"","display":"select","restrictions_type":"any_text","adjust_price":false,"price":"","price_type":"flat_fee","restrictions":false,"min":"0","max":"0","options":[],"id":1704365216},{"name":"Notice","type":"heading","position":0,"required":false,"title_format":"label","default":"","description_enable":true,"description":"S\u00f3 conseguiremos garantir a entrega dos itens personalizados encomendados at\u00e9 11 de dezembro a tempo para o Natal.","placeholder_enable":false,"placeholder":"","display":"select","restrictions_type":"any_text","adjust_price":false,"price":"","price_type":"flat_fee","restrictions":false,"min":"0","max":"0","options":[],"id":1704365184},{"name":"Notice","type":"heading","position":0,"required":false,"title_format":"label","default":"","description_enable":true,"description":"Devido ao per\u00edodo de f\u00e9rias, as encomendas de artigos personalizados colocadas a partir de 7 de agosto ser\u00e3o expedidas a partir de 10 de setembro.","placeholder_enable":false,"placeholder":"","display":"select","restrictions_type":"any_text","adjust_price":false,"price":"","price_type":"flat_fee","restrictions":false,"min":"0","max":"0","options":[],"id":1692953567}],"yoast_head":"<!-- This site is optimized with the Yoast SEO plugin v27.4 - https:\/\/yoast.com\/product\/yoast-seo-wordpress\/ -->\n<title>Manta Personalizada - Mantas 100% Biol\u00f3gicas - NaturaPura<\/title>\n<meta name=\"description\" content=\"Na NaturaPura temos um produto muito especial. A nossa mantinha personalizada \u00e9 feita com o melhor algod\u00e3o biol\u00f3gico certificado.\" \/>\n<meta name=\"robots\" content=\"index, follow, max-snippet:-1, max-image-preview:large, max-video-preview:-1\" \/>\n<link rel=\"canonical\" href=\"https:\/\/naturapura.com\/pt-pt\/produto\/manta-personalizada\/\" \/>\n<meta property=\"og:locale\" content=\"pt_PT\" \/>\n<meta property=\"og:type\" content=\"article\" \/>\n<meta property=\"og:title\" content=\"Manta Personalizada - Mantas 100% Biol\u00f3gicas - NaturaPura\" \/>\n<meta property=\"og:description\" content=\"A nossa mantinha personalizada \u00e9 feita com o melhor algod\u00e3o biol\u00f3gico certificado, na sua cor natural ecru. \u00c9 muito confort\u00e1vel e pode personaliz\u00e1-la com o nome do beb\u00e9.\" \/>\n<meta property=\"og:url\" content=\"https:\/\/naturapura.com\/pt-pt\/produto\/manta-personalizada\/\" \/>\n<meta property=\"og:site_name\" content=\"NaturaPura\" \/>\n<meta property=\"article:modified_time\" content=\"2025-04-21T13:52:05+00:00\" \/>\n<meta property=\"og:image\" content=\"http:\/\/naturapura.com\/wp-content\/uploads\/2019\/07\/Personalized-Blanket.jpg\" \/>\n<meta name=\"twitter:card\" content=\"summary_large_image\" \/>\n<meta name=\"twitter:description\" content=\"A nossa mantinha personalizada \u00e9 feita com o melhor algod\u00e3o biol\u00f3gico certificado, na sua cor natural ecru. \u00c9 muito confort\u00e1vel e pode personaliz\u00e1-la com o nome do beb\u00e9.\" \/>\n<meta name=\"twitter:label1\" content=\"Disponibilidade\" \/>\n\t<meta name=\"twitter:data1\" content=\"Em stock\" \/>\n<script type=\"application\/ld+json\" class=\"yoast-schema-graph\">{\"@context\":\"https:\\\/\\\/schema.org\",\"@graph\":[{\"@type\":\"WebPage\",\"@id\":\"https:\\\/\\\/naturapura.com\\\/pt-pt\\\/produto\\\/manta-personalizada\\\/\",\"url\":\"https:\\\/\\\/naturapura.com\\\/pt-pt\\\/produto\\\/manta-personalizada\\\/\",\"name\":\"Manta Personalizada - Mantas 100% Biol\u00f3gicas - NaturaPura\",\"isPartOf\":{\"@id\":\"https:\\\/\\\/naturapura.com\\\/pt-pt\\\/#website\"},\"primaryImageOfPage\":{\"@id\":\"https:\\\/\\\/naturapura.com\\\/pt-pt\\\/produto\\\/manta-personalizada\\\/#primaryimage\"},\"image\":{\"@id\":\"https:\\\/\\\/naturapura.com\\\/pt-pt\\\/produto\\\/manta-personalizada\\\/#primaryimage\"},\"thumbnailUrl\":\"https:\\\/\\\/i0.wp.com\\\/naturapura.com\\\/wp-content\\\/uploads\\\/2019\\\/07\\\/TB06000LJ-scaled.jpg?fit=2560%2C2560&ssl=1\",\"datePublished\":\"2019-07-08T09:52:57+00:00\",\"dateModified\":\"2025-04-21T13:52:05+00:00\",\"description\":\"Na NaturaPura temos um produto muito especial. A nossa mantinha personalizada \u00e9 feita com o melhor algod\u00e3o biol\u00f3gico certificado.\",\"breadcrumb\":{\"@id\":\"https:\\\/\\\/naturapura.com\\\/pt-pt\\\/produto\\\/manta-personalizada\\\/#breadcrumb\"},\"inLanguage\":\"pt-PT\",\"potentialAction\":[{\"@type\":\"ReadAction\",\"target\":[\"https:\\\/\\\/naturapura.com\\\/pt-pt\\\/produto\\\/manta-personalizada\\\/\"]}]},{\"@type\":\"ImageObject\",\"inLanguage\":\"pt-PT\",\"@id\":\"https:\\\/\\\/naturapura.com\\\/pt-pt\\\/produto\\\/manta-personalizada\\\/#primaryimage\",\"url\":\"https:\\\/\\\/i0.wp.com\\\/naturapura.com\\\/wp-content\\\/uploads\\\/2019\\\/07\\\/TB06000LJ-scaled.jpg?fit=2560%2C2560&ssl=1\",\"contentUrl\":\"https:\\\/\\\/i0.wp.com\\\/naturapura.com\\\/wp-content\\\/uploads\\\/2019\\\/07\\\/TB06000LJ-scaled.jpg?fit=2560%2C2560&ssl=1\",\"width\":2560,\"height\":2560},{\"@type\":\"BreadcrumbList\",\"@id\":\"https:\\\/\\\/naturapura.com\\\/pt-pt\\\/produto\\\/manta-personalizada\\\/#breadcrumb\",\"itemListElement\":[{\"@type\":\"ListItem\",\"position\":1,\"name\":\"In\u00edcio\",\"item\":\"https:\\\/\\\/naturapura.com\\\/pt-pt\\\/\"},{\"@type\":\"ListItem\",\"position\":2,\"name\":\"Loja\",\"item\":\"https:\\\/\\\/naturapura.com\\\/pt-pt\\\/loja\\\/\"},{\"@type\":\"ListItem\",\"position\":3,\"name\":\"Manta Personalizada\"}]},{\"@type\":\"WebSite\",\"@id\":\"https:\\\/\\\/naturapura.com\\\/pt-pt\\\/#website\",\"url\":\"https:\\\/\\\/naturapura.com\\\/pt-pt\\\/\",\"name\":\"NaturaPura\",\"description\":\"Roupinha de Beb\u00e9 e Complementos em Org\u00e2nico\",\"publisher\":{\"@id\":\"https:\\\/\\\/naturapura.com\\\/pt-pt\\\/#organization\"},\"potentialAction\":[{\"@type\":\"SearchAction\",\"target\":{\"@type\":\"EntryPoint\",\"urlTemplate\":\"https:\\\/\\\/naturapura.com\\\/pt-pt\\\/?s={search_term_string}\"},\"query-input\":{\"@type\":\"PropertyValueSpecification\",\"valueRequired\":true,\"valueName\":\"search_term_string\"}}],\"inLanguage\":\"pt-PT\"},{\"@type\":\"Organization\",\"@id\":\"https:\\\/\\\/naturapura.com\\\/pt-pt\\\/#organization\",\"name\":\"NATURAPURA\",\"url\":\"https:\\\/\\\/naturapura.com\\\/pt-pt\\\/\",\"logo\":{\"@type\":\"ImageObject\",\"inLanguage\":\"pt-PT\",\"@id\":\"https:\\\/\\\/naturapura.com\\\/pt-pt\\\/#\\\/schema\\\/logo\\\/image\\\/\",\"url\":\"https:\\\/\\\/i0.wp.com\\\/naturapura.com\\\/wp-content\\\/uploads\\\/2023\\\/09\\\/logo-NP-bebe.png?fit=481%2C101&ssl=1\",\"contentUrl\":\"https:\\\/\\\/i0.wp.com\\\/naturapura.com\\\/wp-content\\\/uploads\\\/2023\\\/09\\\/logo-NP-bebe.png?fit=481%2C101&ssl=1\",\"width\":481,\"height\":101,\"caption\":\"NATURAPURA\"},\"image\":{\"@id\":\"https:\\\/\\\/naturapura.com\\\/pt-pt\\\/#\\\/schema\\\/logo\\\/image\\\/\"}}]}<\/script>\n<meta property=\"og:availability\" content=\"instock\" \/>\n<meta property=\"product:availability\" content=\"instock\" \/>\n<meta property=\"product:retailer_item_id\" content=\"TB06000lj\" \/>\n<meta property=\"product:condition\" content=\"new\" \/>\n<!-- \/ Yoast SEO plugin. -->","yoast_head_json":{"title":"Manta Personalizada - Mantas 100% Biol\u00f3gicas - NaturaPura","description":"Na NaturaPura temos um produto muito especial. A nossa mantinha personalizada \u00e9 feita com o melhor algod\u00e3o biol\u00f3gico certificado.","robots":{"index":"index","follow":"follow","max-snippet":"max-snippet:-1","max-image-preview":"max-image-preview:large","max-video-preview":"max-video-preview:-1"},"canonical":"https:\/\/naturapura.com\/pt-pt\/produto\/manta-personalizada\/","og_locale":"pt_PT","og_type":"article","og_title":"Manta Personalizada - Mantas 100% Biol\u00f3gicas - NaturaPura","og_description":"A nossa mantinha personalizada \u00e9 feita com o melhor algod\u00e3o biol\u00f3gico certificado, na sua cor natural ecru. \u00c9 muito confort\u00e1vel e pode personaliz\u00e1-la com o nome do beb\u00e9.","og_url":"https:\/\/naturapura.com\/pt-pt\/produto\/manta-personalizada\/","og_site_name":"NaturaPura","article_modified_time":"2025-04-21T13:52:05+00:00","og_image":[{"url":"http:\/\/naturapura.com\/wp-content\/uploads\/2019\/07\/Personalized-Blanket.jpg","type":"","width":"","height":""}],"twitter_card":"summary_large_image","twitter_description":"A nossa mantinha personalizada \u00e9 feita com o melhor algod\u00e3o biol\u00f3gico certificado, na sua cor natural ecru. \u00c9 muito confort\u00e1vel e pode personaliz\u00e1-la com o nome do beb\u00e9.","twitter_misc":{"Disponibilidade":"Em stock"},"schema":{"@context":"https:\/\/schema.org","@graph":[{"@type":"WebPage","@id":"https:\/\/naturapura.com\/pt-pt\/produto\/manta-personalizada\/","url":"https:\/\/naturapura.com\/pt-pt\/produto\/manta-personalizada\/","name":"Manta Personalizada - Mantas 100% Biol\u00f3gicas - NaturaPura","isPartOf":{"@id":"https:\/\/naturapura.com\/pt-pt\/#website"},"primaryImageOfPage":{"@id":"https:\/\/naturapura.com\/pt-pt\/produto\/manta-personalizada\/#primaryimage"},"image":{"@id":"https:\/\/naturapura.com\/pt-pt\/produto\/manta-personalizada\/#primaryimage"},"thumbnailUrl":"https:\/\/i0.wp.com\/naturapura.com\/wp-content\/uploads\/2019\/07\/TB06000LJ-scaled.jpg?fit=2560%2C2560&ssl=1","datePublished":"2019-07-08T09:52:57+00:00","dateModified":"2025-04-21T13:52:05+00:00","description":"Na NaturaPura temos um produto muito especial. A nossa mantinha personalizada \u00e9 feita com o melhor algod\u00e3o biol\u00f3gico certificado.","breadcrumb":{"@id":"https:\/\/naturapura.com\/pt-pt\/produto\/manta-personalizada\/#breadcrumb"},"inLanguage":"pt-PT","potentialAction":[{"@type":"ReadAction","target":["https:\/\/naturapura.com\/pt-pt\/produto\/manta-personalizada\/"]}]},{"@type":"ImageObject","inLanguage":"pt-PT","@id":"https:\/\/naturapura.com\/pt-pt\/produto\/manta-personalizada\/#primaryimage","url":"https:\/\/i0.wp.com\/naturapura.com\/wp-content\/uploads\/2019\/07\/TB06000LJ-scaled.jpg?fit=2560%2C2560&ssl=1","contentUrl":"https:\/\/i0.wp.com\/naturapura.com\/wp-content\/uploads\/2019\/07\/TB06000LJ-scaled.jpg?fit=2560%2C2560&ssl=1","width":2560,"height":2560},{"@type":"BreadcrumbList","@id":"https:\/\/naturapura.com\/pt-pt\/produto\/manta-personalizada\/#breadcrumb","itemListElement":[{"@type":"ListItem","position":1,"name":"In\u00edcio","item":"https:\/\/naturapura.com\/pt-pt\/"},{"@type":"ListItem","position":2,"name":"Loja","item":"https:\/\/naturapura.com\/pt-pt\/loja\/"},{"@type":"ListItem","position":3,"name":"Manta Personalizada"}]},{"@type":"WebSite","@id":"https:\/\/naturapura.com\/pt-pt\/#website","url":"https:\/\/naturapura.com\/pt-pt\/","name":"NaturaPura","description":"Roupinha de Beb\u00e9 e Complementos em Org\u00e2nico","publisher":{"@id":"https:\/\/naturapura.com\/pt-pt\/#organization"},"potentialAction":[{"@type":"SearchAction","target":{"@type":"EntryPoint","urlTemplate":"https:\/\/naturapura.com\/pt-pt\/?s={search_term_string}"},"query-input":{"@type":"PropertyValueSpecification","valueRequired":true,"valueName":"search_term_string"}}],"inLanguage":"pt-PT"},{"@type":"Organization","@id":"https:\/\/naturapura.com\/pt-pt\/#organization","name":"NATURAPURA","url":"https:\/\/naturapura.com\/pt-pt\/","logo":{"@type":"ImageObject","inLanguage":"pt-PT","@id":"https:\/\/naturapura.com\/pt-pt\/#\/schema\/logo\/image\/","url":"https:\/\/i0.wp.com\/naturapura.com\/wp-content\/uploads\/2023\/09\/logo-NP-bebe.png?fit=481%2C101&ssl=1","contentUrl":"https:\/\/i0.wp.com\/naturapura.com\/wp-content\/uploads\/2023\/09\/logo-NP-bebe.png?fit=481%2C101&ssl=1","width":481,"height":101,"caption":"NATURAPURA"},"image":{"@id":"https:\/\/naturapura.com\/pt-pt\/#\/schema\/logo\/image\/"}}]},"og_availability":"instock","product_availability":"instock","product_retailer_item_id":"TB06000lj","product_condition":"new"},"jetpack_sharing_enabled":true,"_links":{"self":[{"href":"https:\/\/naturapura.com\/pt-pt\/wp-json\/wp\/v2\/product\/20565","targetHints":{"allow":["GET"]}}],"collection":[{"href":"https:\/\/naturapura.com\/pt-pt\/wp-json\/wp\/v2\/product"}],"about":[{"href":"https:\/\/naturapura.com\/pt-pt\/wp-json\/wp\/v2\/types\/product"}],"wp:featuredmedia":[{"embeddable":true,"href":"https:\/\/naturapura.com\/pt-pt\/wp-json\/wp\/v2\/media\/63225"}],"wp:attachment":[{"href":"https:\/\/naturapura.com\/pt-pt\/wp-json\/wp\/v2\/media?parent=20565"}],"wp:term":[{"taxonomy":"product_brand","embeddable":true,"href":"https:\/\/naturapura.com\/pt-pt\/wp-json\/wp\/v2\/product_brand?post=20565"},{"taxonomy":"product_cat","embeddable":true,"href":"https:\/\/naturapura.com\/pt-pt\/wp-json\/wp\/v2\/product_cat?post=20565"},{"taxonomy":"product_tag","embeddable":true,"href":"https:\/\/naturapura.com\/pt-pt\/wp-json\/wp\/v2\/product_tag?post=20565"},{"taxonomy":"giftcard-category","embeddable":true,"href":"https:\/\/naturapura.com\/pt-pt\/wp-json\/wp\/v2\/giftcard-category?post=20565"}],"curies":[{"name":"wp","href":"https:\/\/api.w.org\/{rel}","templated":true}]}}