{"id":20215,"date":"2019-07-08T09:58:09","date_gmt":"2020-05-07T14:11:13","guid":{"rendered":"https:\/\/naturapura.com\/product\/light-baby-conjunto-1a-roupinha\/"},"modified":"2025-01-20T22:54:59","modified_gmt":"2025-01-20T22:54:59","slug":"light-baby-conjunto-primeira-roupinha","status":"publish","type":"product","link":"https:\/\/naturapura.com\/pt-pt\/produto\/light-baby-conjunto-primeira-roupinha\/","title":{"rendered":"Light Baby &#8211; Conjunto Primeira Roupinha"},"content":{"rendered":"<p style=\"text-align: left;\"><strong>Light Baby &#8211; Conjunto Primeira Roupinha<\/strong><\/p>\n<p style=\"text-align: justify;\">O conjunto ideal para beb\u00e9s rec\u00e9m nascidos, concebido para ser a sua primeira roupinha.<\/p>\n<p style=\"text-align: justify;\">Todas as pe\u00e7as s\u00e3o feitas com algod\u00e3o biol\u00f3gico, e cosidas com linha 100% algod\u00e3o.<\/p>\n<p style=\"text-align: justify;\">\u00c9 muito suave ao toque e testado dermatologicamente para garantir que n\u00e3o agride a pele sens\u00edvel do seu beb\u00e9.<\/p>\n<p style=\"text-align: justify;\">A abertura total do body e do babygrow ajudam na hora de vestir um beb\u00e9 acabado de nascer.<\/p>\n<p style=\"text-align: justify;\">Os detalhes foram cuidadosamente pensados para o conforto do seu beb\u00e9.<\/p>\n<p style=\"text-align: justify;\">As etiquetas est\u00e3o cosidas na parte de fora para n\u00e3o irritar e as cal\u00e7as com p\u00e9 n\u00e3o t\u00eam el\u00e1stico na cintura para n\u00e3o magoar a zona do cord\u00e3o umbilical.<\/p>\n<p style=\"text-align: justify;\">Todo o conjunto cabe num saquinho de tecido, que pode ser levado para a maternidade, com a primeira muda de roupa do beb\u00e9.<\/p>\n","protected":false},"excerpt":{"rendered":"<p>BB04002<\/p>\n","protected":false},"featured_media":16104,"template":"","meta":[],"product_brand":[],"product_cat":[3075,2236,2238],"product_tag":[],"giftcard-category":[],"class_list":{"0":"post-20215","1":"product","2":"type-product","3":"status-publish","4":"has-post-thumbnail","6":"product_cat-ideias-de-presentes","7":"product_cat-kits-de-maternidade","8":"product_cat-prematuros","10":"first","11":"instock","12":"taxable","13":"shipping-taxable","14":"product-type-variable","15":"has-default-attributes"},"exclude_global_add_ons":false,"addons":[{"name":"Nome do Beb\u00e9","type":"custom_text","position":0,"required":true,"title_format":"label","default":"","description_enable":false,"description":"","placeholder_enable":false,"placeholder":"","display":"select","restrictions_type":"any_text","adjust_price":false,"price":"","price_type":"flat_fee","restrictions":true,"min":"2","max":"15","options":[],"id":1676654652},{"name":"Mensagem de presente","type":"custom_textarea","position":0,"required":false,"title_format":"label","default":"","description_enable":true,"description":"Delicie quem recebe, com uma mensagem de carinho...","placeholder_enable":false,"placeholder":"","display":"select","restrictions_type":"any_text","adjust_price":false,"price":"3.00","price_type":"flat_fee","restrictions":true,"min":"0","max":"300","options":[]},{"name":"Notice","type":"heading","position":0,"required":false,"title_format":"label","default":"","description_enable":true,"description":"S\u00f3 conseguiremos garantir a entrega dos itens personalizados encomendados at\u00e9 11 de dezembro a tempo para o Natal.","placeholder_enable":false,"placeholder":"","display":"select","restrictions_type":"any_text","adjust_price":false,"price":"","price_type":"flat_fee","restrictions":false,"min":"0","max":"0","options":[],"id":1704365184},{"name":"Notice","type":"heading","position":0,"required":false,"title_format":"label","default":"","description_enable":true,"description":"Devido ao per\u00edodo de f\u00e9rias, as encomendas de artigos personalizados colocadas a partir de 7 de agosto ser\u00e3o expedidas a partir de 10 de setembro.","placeholder_enable":false,"placeholder":"","display":"select","restrictions_type":"any_text","adjust_price":false,"price":"","price_type":"flat_fee","restrictions":false,"min":"0","max":"0","options":[],"id":1692953567}],"yoast_head":"<!-- This site is optimized with the Yoast SEO plugin v27.4 - https:\/\/yoast.com\/product\/yoast-seo-wordpress\/ -->\n<title>Light Baby - Conjunto Primeira Roupinha - Light Baby - NaturaPura<\/title>\n<meta name=\"description\" content=\"O conjunto ideal para beb\u00e9s rec\u00e9m nascidos, concebido para ser a sua primeira roupinha. Todas as pe\u00e7as s\u00e3o feitas com algod\u00e3o biol\u00f3gico.\" \/>\n<meta name=\"robots\" content=\"index, follow, max-snippet:-1, max-image-preview:large, max-video-preview:-1\" \/>\n<link rel=\"canonical\" href=\"https:\/\/naturapura.com\/pt-pt\/produto\/light-baby-conjunto-primeira-roupinha\/\" \/>\n<meta property=\"og:locale\" content=\"pt_PT\" \/>\n<meta property=\"og:type\" content=\"article\" \/>\n<meta property=\"og:title\" content=\"Light Baby - Conjunto Primeira Roupinha - Light Baby - NaturaPura\" \/>\n<meta property=\"og:description\" content=\"O conjunto ideal para beb\u00e9s rec\u00e9m nascidos, concebido para ser a sua primeira roupinha. Todas as pe\u00e7as s\u00e3o feitas com algod\u00e3o biol\u00f3gico.\" \/>\n<meta property=\"og:url\" content=\"https:\/\/naturapura.com\/pt-pt\/produto\/light-baby-conjunto-primeira-roupinha\/\" \/>\n<meta property=\"og:site_name\" content=\"NaturaPura\" \/>\n<meta property=\"article:modified_time\" content=\"2025-01-20T22:54:59+00:00\" \/>\n<meta property=\"og:image\" content=\"https:\/\/naturapura.com\/wp-content\/uploads\/2019\/07\/1st-Cloth.jpg\" \/>\n\t<meta property=\"og:image:width\" content=\"1709\" \/>\n\t<meta property=\"og:image:height\" content=\"1709\" \/>\n\t<meta property=\"og:image:type\" content=\"image\/jpeg\" \/>\n<meta name=\"twitter:card\" content=\"summary_large_image\" \/>\n<meta name=\"twitter:label1\" content=\"Disponibilidade\" \/>\n\t<meta name=\"twitter:data1\" content=\"Em stock\" \/>\n<script type=\"application\/ld+json\" class=\"yoast-schema-graph\">{\"@context\":\"https:\\\/\\\/schema.org\",\"@graph\":[{\"@type\":\"WebPage\",\"@id\":\"https:\\\/\\\/naturapura.com\\\/pt-pt\\\/produto\\\/light-baby-conjunto-primeira-roupinha\\\/\",\"url\":\"https:\\\/\\\/naturapura.com\\\/pt-pt\\\/produto\\\/light-baby-conjunto-primeira-roupinha\\\/\",\"name\":\"Light Baby - Conjunto Primeira Roupinha - Light Baby - NaturaPura\",\"isPartOf\":{\"@id\":\"https:\\\/\\\/naturapura.com\\\/pt-pt\\\/#website\"},\"primaryImageOfPage\":{\"@id\":\"https:\\\/\\\/naturapura.com\\\/pt-pt\\\/produto\\\/light-baby-conjunto-primeira-roupinha\\\/#primaryimage\"},\"image\":{\"@id\":\"https:\\\/\\\/naturapura.com\\\/pt-pt\\\/produto\\\/light-baby-conjunto-primeira-roupinha\\\/#primaryimage\"},\"thumbnailUrl\":\"https:\\\/\\\/i0.wp.com\\\/naturapura.com\\\/wp-content\\\/uploads\\\/2019\\\/07\\\/1st-Cloth.jpg?fit=1709%2C1709&ssl=1\",\"datePublished\":\"2020-05-07T14:11:13+00:00\",\"dateModified\":\"2025-01-20T22:54:59+00:00\",\"description\":\"O conjunto ideal para beb\u00e9s rec\u00e9m nascidos, concebido para ser a sua primeira roupinha. Todas as pe\u00e7as s\u00e3o feitas com algod\u00e3o biol\u00f3gico.\",\"breadcrumb\":{\"@id\":\"https:\\\/\\\/naturapura.com\\\/pt-pt\\\/produto\\\/light-baby-conjunto-primeira-roupinha\\\/#breadcrumb\"},\"inLanguage\":\"pt-PT\",\"potentialAction\":[{\"@type\":\"ReadAction\",\"target\":[\"https:\\\/\\\/naturapura.com\\\/pt-pt\\\/produto\\\/light-baby-conjunto-primeira-roupinha\\\/\"]}]},{\"@type\":\"ImageObject\",\"inLanguage\":\"pt-PT\",\"@id\":\"https:\\\/\\\/naturapura.com\\\/pt-pt\\\/produto\\\/light-baby-conjunto-primeira-roupinha\\\/#primaryimage\",\"url\":\"https:\\\/\\\/i0.wp.com\\\/naturapura.com\\\/wp-content\\\/uploads\\\/2019\\\/07\\\/1st-Cloth.jpg?fit=1709%2C1709&ssl=1\",\"contentUrl\":\"https:\\\/\\\/i0.wp.com\\\/naturapura.com\\\/wp-content\\\/uploads\\\/2019\\\/07\\\/1st-Cloth.jpg?fit=1709%2C1709&ssl=1\",\"width\":1709,\"height\":1709,\"caption\":\"Light Baby - Conjunto Primeira Roupinha\"},{\"@type\":\"BreadcrumbList\",\"@id\":\"https:\\\/\\\/naturapura.com\\\/pt-pt\\\/produto\\\/light-baby-conjunto-primeira-roupinha\\\/#breadcrumb\",\"itemListElement\":[{\"@type\":\"ListItem\",\"position\":1,\"name\":\"In\u00edcio\",\"item\":\"https:\\\/\\\/naturapura.com\\\/pt-pt\\\/\"},{\"@type\":\"ListItem\",\"position\":2,\"name\":\"Loja\",\"item\":\"https:\\\/\\\/naturapura.com\\\/pt-pt\\\/loja\\\/\"},{\"@type\":\"ListItem\",\"position\":3,\"name\":\"Light Baby &#8211; Conjunto Primeira Roupinha\"}]},{\"@type\":\"WebSite\",\"@id\":\"https:\\\/\\\/naturapura.com\\\/pt-pt\\\/#website\",\"url\":\"https:\\\/\\\/naturapura.com\\\/pt-pt\\\/\",\"name\":\"NaturaPura\",\"description\":\"Roupinha de Beb\u00e9 e Complementos em Org\u00e2nico\",\"publisher\":{\"@id\":\"https:\\\/\\\/naturapura.com\\\/pt-pt\\\/#organization\"},\"potentialAction\":[{\"@type\":\"SearchAction\",\"target\":{\"@type\":\"EntryPoint\",\"urlTemplate\":\"https:\\\/\\\/naturapura.com\\\/pt-pt\\\/?s={search_term_string}\"},\"query-input\":{\"@type\":\"PropertyValueSpecification\",\"valueRequired\":true,\"valueName\":\"search_term_string\"}}],\"inLanguage\":\"pt-PT\"},{\"@type\":\"Organization\",\"@id\":\"https:\\\/\\\/naturapura.com\\\/pt-pt\\\/#organization\",\"name\":\"NATURAPURA\",\"url\":\"https:\\\/\\\/naturapura.com\\\/pt-pt\\\/\",\"logo\":{\"@type\":\"ImageObject\",\"inLanguage\":\"pt-PT\",\"@id\":\"https:\\\/\\\/naturapura.com\\\/pt-pt\\\/#\\\/schema\\\/logo\\\/image\\\/\",\"url\":\"https:\\\/\\\/i0.wp.com\\\/naturapura.com\\\/wp-content\\\/uploads\\\/2023\\\/09\\\/logo-NP-bebe.png?fit=481%2C101&ssl=1\",\"contentUrl\":\"https:\\\/\\\/i0.wp.com\\\/naturapura.com\\\/wp-content\\\/uploads\\\/2023\\\/09\\\/logo-NP-bebe.png?fit=481%2C101&ssl=1\",\"width\":481,\"height\":101,\"caption\":\"NATURAPURA\"},\"image\":{\"@id\":\"https:\\\/\\\/naturapura.com\\\/pt-pt\\\/#\\\/schema\\\/logo\\\/image\\\/\"}}]}<\/script>\n<meta property=\"og:availability\" content=\"instock\" \/>\n<meta property=\"product:availability\" content=\"instock\" \/>\n<meta property=\"product:retailer_item_id\" content=\"BB04002\" \/>\n<meta property=\"product:condition\" content=\"new\" \/>\n<!-- \/ Yoast SEO plugin. -->","yoast_head_json":{"title":"Light Baby - Conjunto Primeira Roupinha - Light Baby - NaturaPura","description":"O conjunto ideal para beb\u00e9s rec\u00e9m nascidos, concebido para ser a sua primeira roupinha. Todas as pe\u00e7as s\u00e3o feitas com algod\u00e3o biol\u00f3gico.","robots":{"index":"index","follow":"follow","max-snippet":"max-snippet:-1","max-image-preview":"max-image-preview:large","max-video-preview":"max-video-preview:-1"},"canonical":"https:\/\/naturapura.com\/pt-pt\/produto\/light-baby-conjunto-primeira-roupinha\/","og_locale":"pt_PT","og_type":"article","og_title":"Light Baby - Conjunto Primeira Roupinha - Light Baby - NaturaPura","og_description":"O conjunto ideal para beb\u00e9s rec\u00e9m nascidos, concebido para ser a sua primeira roupinha. Todas as pe\u00e7as s\u00e3o feitas com algod\u00e3o biol\u00f3gico.","og_url":"https:\/\/naturapura.com\/pt-pt\/produto\/light-baby-conjunto-primeira-roupinha\/","og_site_name":"NaturaPura","article_modified_time":"2025-01-20T22:54:59+00:00","og_image":[{"width":1709,"height":1709,"url":"https:\/\/naturapura.com\/wp-content\/uploads\/2019\/07\/1st-Cloth.jpg","type":"image\/jpeg"}],"twitter_card":"summary_large_image","twitter_misc":{"Disponibilidade":"Em stock"},"schema":{"@context":"https:\/\/schema.org","@graph":[{"@type":"WebPage","@id":"https:\/\/naturapura.com\/pt-pt\/produto\/light-baby-conjunto-primeira-roupinha\/","url":"https:\/\/naturapura.com\/pt-pt\/produto\/light-baby-conjunto-primeira-roupinha\/","name":"Light Baby - Conjunto Primeira Roupinha - Light Baby - NaturaPura","isPartOf":{"@id":"https:\/\/naturapura.com\/pt-pt\/#website"},"primaryImageOfPage":{"@id":"https:\/\/naturapura.com\/pt-pt\/produto\/light-baby-conjunto-primeira-roupinha\/#primaryimage"},"image":{"@id":"https:\/\/naturapura.com\/pt-pt\/produto\/light-baby-conjunto-primeira-roupinha\/#primaryimage"},"thumbnailUrl":"https:\/\/i0.wp.com\/naturapura.com\/wp-content\/uploads\/2019\/07\/1st-Cloth.jpg?fit=1709%2C1709&ssl=1","datePublished":"2020-05-07T14:11:13+00:00","dateModified":"2025-01-20T22:54:59+00:00","description":"O conjunto ideal para beb\u00e9s rec\u00e9m nascidos, concebido para ser a sua primeira roupinha. Todas as pe\u00e7as s\u00e3o feitas com algod\u00e3o biol\u00f3gico.","breadcrumb":{"@id":"https:\/\/naturapura.com\/pt-pt\/produto\/light-baby-conjunto-primeira-roupinha\/#breadcrumb"},"inLanguage":"pt-PT","potentialAction":[{"@type":"ReadAction","target":["https:\/\/naturapura.com\/pt-pt\/produto\/light-baby-conjunto-primeira-roupinha\/"]}]},{"@type":"ImageObject","inLanguage":"pt-PT","@id":"https:\/\/naturapura.com\/pt-pt\/produto\/light-baby-conjunto-primeira-roupinha\/#primaryimage","url":"https:\/\/i0.wp.com\/naturapura.com\/wp-content\/uploads\/2019\/07\/1st-Cloth.jpg?fit=1709%2C1709&ssl=1","contentUrl":"https:\/\/i0.wp.com\/naturapura.com\/wp-content\/uploads\/2019\/07\/1st-Cloth.jpg?fit=1709%2C1709&ssl=1","width":1709,"height":1709,"caption":"Light Baby - Conjunto Primeira Roupinha"},{"@type":"BreadcrumbList","@id":"https:\/\/naturapura.com\/pt-pt\/produto\/light-baby-conjunto-primeira-roupinha\/#breadcrumb","itemListElement":[{"@type":"ListItem","position":1,"name":"In\u00edcio","item":"https:\/\/naturapura.com\/pt-pt\/"},{"@type":"ListItem","position":2,"name":"Loja","item":"https:\/\/naturapura.com\/pt-pt\/loja\/"},{"@type":"ListItem","position":3,"name":"Light Baby &#8211; Conjunto Primeira Roupinha"}]},{"@type":"WebSite","@id":"https:\/\/naturapura.com\/pt-pt\/#website","url":"https:\/\/naturapura.com\/pt-pt\/","name":"NaturaPura","description":"Roupinha de Beb\u00e9 e Complementos em Org\u00e2nico","publisher":{"@id":"https:\/\/naturapura.com\/pt-pt\/#organization"},"potentialAction":[{"@type":"SearchAction","target":{"@type":"EntryPoint","urlTemplate":"https:\/\/naturapura.com\/pt-pt\/?s={search_term_string}"},"query-input":{"@type":"PropertyValueSpecification","valueRequired":true,"valueName":"search_term_string"}}],"inLanguage":"pt-PT"},{"@type":"Organization","@id":"https:\/\/naturapura.com\/pt-pt\/#organization","name":"NATURAPURA","url":"https:\/\/naturapura.com\/pt-pt\/","logo":{"@type":"ImageObject","inLanguage":"pt-PT","@id":"https:\/\/naturapura.com\/pt-pt\/#\/schema\/logo\/image\/","url":"https:\/\/i0.wp.com\/naturapura.com\/wp-content\/uploads\/2023\/09\/logo-NP-bebe.png?fit=481%2C101&ssl=1","contentUrl":"https:\/\/i0.wp.com\/naturapura.com\/wp-content\/uploads\/2023\/09\/logo-NP-bebe.png?fit=481%2C101&ssl=1","width":481,"height":101,"caption":"NATURAPURA"},"image":{"@id":"https:\/\/naturapura.com\/pt-pt\/#\/schema\/logo\/image\/"}}]},"og_availability":"instock","product_availability":"instock","product_retailer_item_id":"BB04002","product_condition":"new"},"jetpack_sharing_enabled":true,"_links":{"self":[{"href":"https:\/\/naturapura.com\/pt-pt\/wp-json\/wp\/v2\/product\/20215","targetHints":{"allow":["GET"]}}],"collection":[{"href":"https:\/\/naturapura.com\/pt-pt\/wp-json\/wp\/v2\/product"}],"about":[{"href":"https:\/\/naturapura.com\/pt-pt\/wp-json\/wp\/v2\/types\/product"}],"wp:featuredmedia":[{"embeddable":true,"href":"https:\/\/naturapura.com\/pt-pt\/wp-json\/wp\/v2\/media\/16104"}],"wp:attachment":[{"href":"https:\/\/naturapura.com\/pt-pt\/wp-json\/wp\/v2\/media?parent=20215"}],"wp:term":[{"taxonomy":"product_brand","embeddable":true,"href":"https:\/\/naturapura.com\/pt-pt\/wp-json\/wp\/v2\/product_brand?post=20215"},{"taxonomy":"product_cat","embeddable":true,"href":"https:\/\/naturapura.com\/pt-pt\/wp-json\/wp\/v2\/product_cat?post=20215"},{"taxonomy":"product_tag","embeddable":true,"href":"https:\/\/naturapura.com\/pt-pt\/wp-json\/wp\/v2\/product_tag?post=20215"},{"taxonomy":"giftcard-category","embeddable":true,"href":"https:\/\/naturapura.com\/pt-pt\/wp-json\/wp\/v2\/giftcard-category?post=20215"}],"curies":[{"name":"wp","href":"https:\/\/api.w.org\/{rel}","templated":true}]}}