{"id":63378,"date":"2026-04-28T19:41:08","date_gmt":"2026-04-28T19:41:08","guid":{"rendered":"https:\/\/naturapura.com\/politica-de-cookies-2\/"},"modified":"2026-04-29T08:41:46","modified_gmt":"2026-04-29T08:41:46","slug":"politica-de-cookies-2","status":"publish","type":"page","link":"https:\/\/naturapura.com\/pt-pt\/politica-de-cookies-2\/","title":{"rendered":"Pol\u00edtica de Cookies"},"content":{"rendered":"\n<p id=\"tw-target-text\" class=\"tw-data-text tw-text-large tw-ta\" dir=\"ltr\" tabindex=\"-1\" role=\"text\" data-placeholder=\"Translation\" data-ved=\"2ahUKEwiqqJjdopGUAxUJg_0HHb0kCPgQ3ewLegQIDBAV\" aria-label=\"Translated text: Data de vig\u00eancia: 28\/04\/2026 O que s\u00e3o cookies? Esta Pol\u00edtica de Cookies explica o que s\u00e3o cookies e como os utilizamos, os tipos de cookies que utilizamos, ou seja, as informa\u00e7\u00f5es que coletamos por meio de cookies e como essas informa\u00e7\u00f5es s\u00e3o utilizadas, e como gerenciar as configura\u00e7\u00f5es de cookies. Cookies s\u00e3o pequenos arquivos de texto usados \u200b\u200bpara armazenar pequenas informa\u00e7\u00f5es. Eles s\u00e3o armazenados no seu dispositivo quando o site \u00e9 carregado no seu navegador. Esses cookies nos ajudam a garantir o funcionamento correto do site, torn\u00e1-lo mais seguro, proporcionar uma melhor experi\u00eancia ao usu\u00e1rio e entender o desempenho do site, analisando o que funciona e onde precisa ser aprimorado. Como utilizamos os cookies? Assim como a maioria dos servi\u00e7os online, nosso site utiliza cookies pr\u00f3prios e de terceiros para diversas finalidades. Os cookies pr\u00f3prios s\u00e3o essenciais para o funcionamento correto do site e n\u00e3o coletam nenhum dado pessoal identific\u00e1vel. Os cookies de terceiros utilizados em nosso site servem principalmente para entender o desempenho do site, como voc\u00ea interage com ele, manter a seguran\u00e7a de nossos servi\u00e7os, exibir an\u00fancios relevantes para voc\u00ea e, de modo geral, proporcionar uma experi\u00eancia de usu\u00e1rio melhor e mais \u00e1gil em suas futuras intera\u00e7\u00f5es com nosso site. [wcc_category_list] Gerenciar prefer\u00eancias de cookies Voc\u00ea pode alterar suas prefer\u00eancias de cookies a qualquer momento clicando no bot\u00e3o [wcc_preference_button]. Isso permitir\u00e1 que voc\u00ea retorne ao banner de consentimento de cookies e altere suas prefer\u00eancias ou retire seu consentimento imediatamente. Al\u00e9m disso, diferentes navegadores oferecem diferentes m\u00e9todos para bloquear e excluir cookies usados \u200b\u200bpor sites. Voc\u00ea pode alterar as configura\u00e7\u00f5es do seu navegador para bloquear\/excluir os cookies. Abaixo, voc\u00ea encontrar\u00e1 os links para os documentos de suporte sobre como gerenciar e excluir cookies nos principais navegadores da web ... Chrome: https:\/\/support.google.com\/accounts\/answer\/32050 Safari: https:\/\/support.apple.com\/en-in\/guide\/safari\/sfri11471\/mac Firefox: https:\/\/support.mozilla.org\/en-US\/kb\/clear-cookies-and-site-data-firefox?redirectslug=delete-cookies-remove-info-websites-stored&amp;redirectlocale=en-US Microsoft Edge: Excluir cookies no Microsoft Edge - Suporte da Microsoft Se voc\u00ea estiver usando outro navegador, consulte a documenta\u00e7\u00e3o oficial de suporte do seu navegador.\"><span class=\"Y2IQFc\" lang=\"pt\">Data de vig\u00eancia: 28\/04\/2026<\/span><\/p><br><br><h2 id=\"tw-target-text\" class=\"tw-data-text tw-text-large tw-ta\" dir=\"ltr\" tabindex=\"-1\" role=\"text\" data-placeholder=\"Translation\" data-ved=\"2ahUKEwiqqJjdopGUAxUJg_0HHb0kCPgQ3ewLegQIDBAV\" aria-label=\"Translated text: Data de vig\u00eancia: 28\/04\/2026 O que s\u00e3o cookies? Esta Pol\u00edtica de Cookies explica o que s\u00e3o cookies e como os utilizamos, os tipos de cookies que utilizamos, ou seja, as informa\u00e7\u00f5es que coletamos por meio de cookies e como essas informa\u00e7\u00f5es s\u00e3o utilizadas, e como gerenciar as configura\u00e7\u00f5es de cookies. Cookies s\u00e3o pequenos arquivos de texto usados \u200b\u200bpara armazenar pequenas informa\u00e7\u00f5es. Eles s\u00e3o armazenados no seu dispositivo quando o site \u00e9 carregado no seu navegador. Esses cookies nos ajudam a garantir o funcionamento correto do site, torn\u00e1-lo mais seguro, proporcionar uma melhor experi\u00eancia ao usu\u00e1rio e entender o desempenho do site, analisando o que funciona e onde precisa ser aprimorado. Como utilizamos os cookies? Assim como a maioria dos servi\u00e7os online, nosso site utiliza cookies pr\u00f3prios e de terceiros para diversas finalidades. Os cookies pr\u00f3prios s\u00e3o essenciais para o funcionamento correto do site e n\u00e3o coletam nenhum dado pessoal identific\u00e1vel. Os cookies de terceiros utilizados em nosso site servem principalmente para entender o desempenho do site, como voc\u00ea interage com ele, manter a seguran\u00e7a de nossos servi\u00e7os, exibir an\u00fancios relevantes para voc\u00ea e, de modo geral, proporcionar uma experi\u00eancia de usu\u00e1rio melhor e mais \u00e1gil em suas futuras intera\u00e7\u00f5es com nosso site. [wcc_category_list] Gerenciar prefer\u00eancias de cookies Voc\u00ea pode alterar suas prefer\u00eancias de cookies a qualquer momento clicando no bot\u00e3o [wcc_preference_button]. Isso permitir\u00e1 que voc\u00ea retorne ao banner de consentimento de cookies e altere suas prefer\u00eancias ou retire seu consentimento imediatamente. Al\u00e9m disso, diferentes navegadores oferecem diferentes m\u00e9todos para bloquear e excluir cookies usados \u200b\u200bpor sites. Voc\u00ea pode alterar as configura\u00e7\u00f5es do seu navegador para bloquear\/excluir os cookies. Abaixo, voc\u00ea encontrar\u00e1 os links para os documentos de suporte sobre como gerenciar e excluir cookies nos principais navegadores da web ... Chrome: https:\/\/support.google.com\/accounts\/answer\/32050 Safari: https:\/\/support.apple.com\/en-in\/guide\/safari\/sfri11471\/mac Firefox: https:\/\/support.mozilla.org\/en-US\/kb\/clear-cookies-and-site-data-firefox?redirectslug=delete-cookies-remove-info-websites-stored&amp;redirectlocale=en-US Microsoft Edge: Excluir cookies no Microsoft Edge - Suporte da Microsoft Se voc\u00ea estiver usando outro navegador, consulte a documenta\u00e7\u00e3o oficial de suporte do seu navegador.\"><strong><span class=\"Y2IQFc\" lang=\"pt\">O que s\u00e3o cookies?<\/span><\/strong><\/h2><br>Esta Pol\u00edtica de Cookies explica o que s\u00e3o cookies e como os utilizamos, os tipos de cookies que utilizamos, ou seja, as informa\u00e7\u00f5es que recolhemos por meio de cookies e como essas informa\u00e7\u00f5es s\u00e3o utilizadas, e como gerenciar as configura\u00e7\u00f5es de cookies.<br><br>Cookies s\u00e3o pequenos arquivos de texto usados \u200b\u200bpara armazenar pequenas informa\u00e7\u00f5es. S\u00e3o armazenados no seu dispositivo quando o site \u00e9 carregado no seu navegador. Esses cookies ajudam-nos a garantir o funcionamento correto do site, torn\u00e1-lo mais seguro, proporcionar uma melhor experi\u00eancia ao utilizador e entender o desempenho do site, analisando o que funciona e onde precisa ser melhorado.<br><h2><\/h2><br><h2><strong>Como utilizamos os cookies?<\/strong><\/h2><br>Assim como a maioria dos servi\u00e7os online, o nosso site utiliza cookies pr\u00f3prios e de terceiros para diversas finalidades. Os cookies pr\u00f3prios s\u00e3o essenciais para o funcionamento correto do site e n\u00e3o guardam qualquer dado pessoal identific\u00e1vel.<br><br>Os cookies de terceiros utilizados no nosso site servem principalmente para entender o desempenho do site, como interage com ele, manter a seguran\u00e7a dos nossos servi\u00e7os, exibir an\u00fancios relevantes para si e, de um modo geral, proporcionar uma melhor experi\u00eancia de utiliza\u00e7\u00e3o, mais \u00e1gil nas suas futuras intera\u00e7\u00f5es com o nosso site.<br><br>[wcc_category_list]<br><h2><\/h2><br><h2><strong>Gest\u00e3o das prefer\u00eancias de cookies<\/strong><\/h2><br>Pode alterar as suas prefer\u00eancias de cookies a qualquer momento clicando no bot\u00e3o [wcc_preference_button]. Isso permitir\u00e1 que retorne ao banner de consentimento de cookies e altere as suas prefer\u00eancias ou retire o seu consentimento de imediato. Al\u00e9m disso, diferentes navegadores oferecem diferentes m\u00e9todos para bloquear e excluir cookies usados \u200b\u200bpor sites. Pode alterar as configura\u00e7\u00f5es do seu navegador para bloquear\/excluir os cookies. Abaixo, encontrar\u00e1 os links para os documentos de suporte sobre como gerenciar e excluir cookies nos principais navegadores da web.<br><br>Chrome: <a href=\"https:\/\/support.google.com\/accounts\/answer\/32050\">https:\/\/support.google.com\/accounts\/answer\/32050<\/a><br><br>Safari: <a href=\"https:\/\/support.apple.com\/en-in\/guide\/safari\/sfri11471\/mac\">https:\/\/support.apple.com\/en-in\/guide\/safari\/sfri11471\/mac<\/a><br><br>Firefox: <a href=\"https:\/\/support.mozilla.org\/en-US\/kb\/clear-cookies-and-site-data-firefox?redirectslug=delete-cookies-remove-info-websites-stored&amp;redirectlocale=en-US\">https:\/\/support.mozilla.org\/en-US\/kb\/clear-cookies-and-site-data-firefox?redirectslug=delete-cookies-remove-info-websites-stored&amp;redirectlocale=en-US<\/a><br><br>Microsoft Edge: <a href=\"https:\/\/support.microsoft.com\/en-us\/microsoft-edge\/delete-cookies-in-microsoft-edge-63947406-40ac-c3b8-57b9-2a946a29ae09\">Excluir cookies no Microsoft Edge &#8211; Suporte da Microsoft<\/a><br><br>Se estiver a usar outro navegador, consulte a documenta\u00e7\u00e3o oficial de suporte do seu navegador.\n","protected":false},"excerpt":{"rendered":"","protected":false},"author":1,"featured_media":0,"parent":0,"menu_order":0,"comment_status":"closed","ping_status":"closed","template":"","meta":{"footnotes":""},"class_list":["post-63378","page","type-page","status-publish","hentry"],"yoast_head":"<!-- This site is optimized with the Yoast SEO plugin v27.5 - https:\/\/yoast.com\/product\/yoast-seo-wordpress\/ -->\n<title>Pol\u00edtica de Cookies - NaturaPura<\/title>\n<meta name=\"robots\" content=\"index, follow, max-snippet:-1, max-image-preview:large, max-video-preview:-1\" \/>\n<link rel=\"canonical\" href=\"https:\/\/naturapura.com\/pt-pt\/politica-de-cookies-2\/\" \/>\n<meta property=\"og:locale\" content=\"pt_PT\" \/>\n<meta property=\"og:type\" content=\"article\" \/>\n<meta property=\"og:title\" content=\"Pol\u00edtica de Cookies - NaturaPura\" \/>\n<meta property=\"og:url\" content=\"https:\/\/naturapura.com\/pt-pt\/politica-de-cookies-2\/\" \/>\n<meta property=\"og:site_name\" content=\"NaturaPura\" \/>\n<meta property=\"article:modified_time\" content=\"2026-04-29T08:41:46+00:00\" \/>\n<meta name=\"twitter:card\" content=\"summary_large_image\" \/>\n<meta name=\"twitter:label1\" content=\"Tempo estimado de leitura\" \/>\n\t<meta name=\"twitter:data1\" content=\"2 minutos\" \/>\n<script type=\"application\/ld+json\" class=\"yoast-schema-graph\">{\"@context\":\"https:\\\/\\\/schema.org\",\"@graph\":[{\"@type\":\"WebPage\",\"@id\":\"https:\\\/\\\/naturapura.com\\\/pt-pt\\\/politica-de-cookies-2\\\/\",\"url\":\"https:\\\/\\\/naturapura.com\\\/pt-pt\\\/politica-de-cookies-2\\\/\",\"name\":\"Pol\u00edtica de Cookies - NaturaPura\",\"isPartOf\":{\"@id\":\"https:\\\/\\\/naturapura.com\\\/pt-pt\\\/#website\"},\"datePublished\":\"2026-04-28T19:41:08+00:00\",\"dateModified\":\"2026-04-29T08:41:46+00:00\",\"breadcrumb\":{\"@id\":\"https:\\\/\\\/naturapura.com\\\/pt-pt\\\/politica-de-cookies-2\\\/#breadcrumb\"},\"inLanguage\":\"pt-PT\",\"potentialAction\":[{\"@type\":\"ReadAction\",\"target\":[\"https:\\\/\\\/naturapura.com\\\/pt-pt\\\/politica-de-cookies-2\\\/\"]}]},{\"@type\":\"BreadcrumbList\",\"@id\":\"https:\\\/\\\/naturapura.com\\\/pt-pt\\\/politica-de-cookies-2\\\/#breadcrumb\",\"itemListElement\":[{\"@type\":\"ListItem\",\"position\":1,\"name\":\"In\u00edcio\",\"item\":\"https:\\\/\\\/naturapura.com\\\/pt-pt\\\/\"},{\"@type\":\"ListItem\",\"position\":2,\"name\":\"Pol\u00edtica de Cookies\"}]},{\"@type\":\"WebSite\",\"@id\":\"https:\\\/\\\/naturapura.com\\\/pt-pt\\\/#website\",\"url\":\"https:\\\/\\\/naturapura.com\\\/pt-pt\\\/\",\"name\":\"NaturaPura\",\"description\":\"Roupinha de Beb\u00e9 e Complementos em Org\u00e2nico\",\"publisher\":{\"@id\":\"https:\\\/\\\/naturapura.com\\\/pt-pt\\\/#organization\"},\"potentialAction\":[{\"@type\":\"SearchAction\",\"target\":{\"@type\":\"EntryPoint\",\"urlTemplate\":\"https:\\\/\\\/naturapura.com\\\/pt-pt\\\/?s={search_term_string}\"},\"query-input\":{\"@type\":\"PropertyValueSpecification\",\"valueRequired\":true,\"valueName\":\"search_term_string\"}}],\"inLanguage\":\"pt-PT\"},{\"@type\":\"Organization\",\"@id\":\"https:\\\/\\\/naturapura.com\\\/pt-pt\\\/#organization\",\"name\":\"NATURAPURA\",\"url\":\"https:\\\/\\\/naturapura.com\\\/pt-pt\\\/\",\"logo\":{\"@type\":\"ImageObject\",\"inLanguage\":\"pt-PT\",\"@id\":\"https:\\\/\\\/naturapura.com\\\/pt-pt\\\/#\\\/schema\\\/logo\\\/image\\\/\",\"url\":\"https:\\\/\\\/i0.wp.com\\\/naturapura.com\\\/wp-content\\\/uploads\\\/2023\\\/09\\\/logo-NP-bebe.png?fit=481%2C101&ssl=1\",\"contentUrl\":\"https:\\\/\\\/i0.wp.com\\\/naturapura.com\\\/wp-content\\\/uploads\\\/2023\\\/09\\\/logo-NP-bebe.png?fit=481%2C101&ssl=1\",\"width\":481,\"height\":101,\"caption\":\"NATURAPURA\"},\"image\":{\"@id\":\"https:\\\/\\\/naturapura.com\\\/pt-pt\\\/#\\\/schema\\\/logo\\\/image\\\/\"}}]}<\/script>\n<!-- \/ Yoast SEO plugin. -->","yoast_head_json":{"title":"Pol\u00edtica de Cookies - NaturaPura","robots":{"index":"index","follow":"follow","max-snippet":"max-snippet:-1","max-image-preview":"max-image-preview:large","max-video-preview":"max-video-preview:-1"},"canonical":"https:\/\/naturapura.com\/pt-pt\/politica-de-cookies-2\/","og_locale":"pt_PT","og_type":"article","og_title":"Pol\u00edtica de Cookies - NaturaPura","og_url":"https:\/\/naturapura.com\/pt-pt\/politica-de-cookies-2\/","og_site_name":"NaturaPura","article_modified_time":"2026-04-29T08:41:46+00:00","twitter_card":"summary_large_image","twitter_misc":{"Tempo estimado de leitura":"2 minutos"},"schema":{"@context":"https:\/\/schema.org","@graph":[{"@type":"WebPage","@id":"https:\/\/naturapura.com\/pt-pt\/politica-de-cookies-2\/","url":"https:\/\/naturapura.com\/pt-pt\/politica-de-cookies-2\/","name":"Pol\u00edtica de Cookies - NaturaPura","isPartOf":{"@id":"https:\/\/naturapura.com\/pt-pt\/#website"},"datePublished":"2026-04-28T19:41:08+00:00","dateModified":"2026-04-29T08:41:46+00:00","breadcrumb":{"@id":"https:\/\/naturapura.com\/pt-pt\/politica-de-cookies-2\/#breadcrumb"},"inLanguage":"pt-PT","potentialAction":[{"@type":"ReadAction","target":["https:\/\/naturapura.com\/pt-pt\/politica-de-cookies-2\/"]}]},{"@type":"BreadcrumbList","@id":"https:\/\/naturapura.com\/pt-pt\/politica-de-cookies-2\/#breadcrumb","itemListElement":[{"@type":"ListItem","position":1,"name":"In\u00edcio","item":"https:\/\/naturapura.com\/pt-pt\/"},{"@type":"ListItem","position":2,"name":"Pol\u00edtica de Cookies"}]},{"@type":"WebSite","@id":"https:\/\/naturapura.com\/pt-pt\/#website","url":"https:\/\/naturapura.com\/pt-pt\/","name":"NaturaPura","description":"Roupinha de Beb\u00e9 e Complementos em Org\u00e2nico","publisher":{"@id":"https:\/\/naturapura.com\/pt-pt\/#organization"},"potentialAction":[{"@type":"SearchAction","target":{"@type":"EntryPoint","urlTemplate":"https:\/\/naturapura.com\/pt-pt\/?s={search_term_string}"},"query-input":{"@type":"PropertyValueSpecification","valueRequired":true,"valueName":"search_term_string"}}],"inLanguage":"pt-PT"},{"@type":"Organization","@id":"https:\/\/naturapura.com\/pt-pt\/#organization","name":"NATURAPURA","url":"https:\/\/naturapura.com\/pt-pt\/","logo":{"@type":"ImageObject","inLanguage":"pt-PT","@id":"https:\/\/naturapura.com\/pt-pt\/#\/schema\/logo\/image\/","url":"https:\/\/i0.wp.com\/naturapura.com\/wp-content\/uploads\/2023\/09\/logo-NP-bebe.png?fit=481%2C101&ssl=1","contentUrl":"https:\/\/i0.wp.com\/naturapura.com\/wp-content\/uploads\/2023\/09\/logo-NP-bebe.png?fit=481%2C101&ssl=1","width":481,"height":101,"caption":"NATURAPURA"},"image":{"@id":"https:\/\/naturapura.com\/pt-pt\/#\/schema\/logo\/image\/"}}]}},"jetpack_sharing_enabled":true,"_links":{"self":[{"href":"https:\/\/naturapura.com\/pt-pt\/wp-json\/wp\/v2\/pages\/63378","targetHints":{"allow":["GET"]}}],"collection":[{"href":"https:\/\/naturapura.com\/pt-pt\/wp-json\/wp\/v2\/pages"}],"about":[{"href":"https:\/\/naturapura.com\/pt-pt\/wp-json\/wp\/v2\/types\/page"}],"author":[{"embeddable":true,"href":"https:\/\/naturapura.com\/pt-pt\/wp-json\/wp\/v2\/users\/1"}],"replies":[{"embeddable":true,"href":"https:\/\/naturapura.com\/pt-pt\/wp-json\/wp\/v2\/comments?post=63378"}],"version-history":[{"count":3,"href":"https:\/\/naturapura.com\/pt-pt\/wp-json\/wp\/v2\/pages\/63378\/revisions"}],"predecessor-version":[{"id":63411,"href":"https:\/\/naturapura.com\/pt-pt\/wp-json\/wp\/v2\/pages\/63378\/revisions\/63411"}],"wp:attachment":[{"href":"https:\/\/naturapura.com\/pt-pt\/wp-json\/wp\/v2\/media?parent=63378"}],"curies":[{"name":"wp","href":"https:\/\/api.w.org\/{rel}","templated":true}]}}