{"id":43937,"date":"2021-12-30T18:39:40","date_gmt":"2021-12-30T18:39:40","guid":{"rendered":"https:\/\/naturapura.com\/politica-de-cookies\/"},"modified":"2022-01-19T16:54:04","modified_gmt":"2022-01-19T16:54:04","slug":"politica-de-cookies","status":"publish","type":"page","link":"https:\/\/naturapura.com\/pt-pt\/politica-de-cookies\/","title":{"rendered":"Pol\u00edtica de Cookies"},"content":{"rendered":"\n<div class=\"cli_pg_page_contaner\">\n<h2 style=\"text-align: center;\"><strong>Pol\u00edtica de Cookies <\/strong><\/h2>\n<h3>\u00a0<\/h3>\n<h3><strong>Sobre a nossa pol\u00edtica de cookies.<\/strong><\/h3>\n<div>\n<p>Esta Pol\u00edtica de Cookies explica o que s\u00e3o cookies e como os utilizamos. Dever\u00e1 l\u00ea-la para compreender o que s\u00e3o cookies, os tipos de cookies que utilizamos e como os utilizamos, ou seja, as informa\u00e7\u00f5es que recolhemos utilizando cookies e como essas informa\u00e7\u00f5es s\u00e3o utilizadas e como controlar as prefer\u00eancias dos cookies. Para mais informa\u00e7\u00f5es sobre como utilizamos, armazenamos e mantemos os seus dados pessoais seguros, consulte a nossa <strong>Pol\u00edtica de Privacidade<\/strong>.<\/p>\n<p>Pode em qualquer altura alterar ou retirar o seu consentimento na Declara\u00e7\u00e3o de Cookies no nosso website.<\/p>\n<p>Saiba mais sobre quem somos, como nos pode contactar e como processamos os dados pessoais na nossa <strong>Pol\u00edtica de Privacidade<\/strong>.<\/p>\n<p>O seu consentimento aplica-se aos seguintes dom\u00ednios: naturapura.com<\/p>\n<div class=\"wt-cli-element cli_user_consent_state\"><\/div>\n<p>\u00a0<\/p>\n<\/div>\n<h3><strong>O que s\u00e3o cookies ?<\/strong><\/h3>\n<div>\n<p>Os cookies s\u00e3o arquivos ou ficheiros de texto que cont\u00eam pequenas quantidades de informa\u00e7\u00f5es que s\u00e3o descarregadas e guardadas no dispositivo do utilizador, atrav\u00e9s do seu browser, quando visita uma p\u00e1gina da Web. Estes cookies ajudam-nos a fazer o website funcionar correctamente, tornar o website mais seguro, proporcionar uma melhor experi\u00eancia ao utilizador, e compreender como o website funciona e analisar o que funciona e onde precisa de ser melhorado.<\/p>\n<p>\u00a0<\/p>\n<p>\u00a0<\/p>\n<\/div>\n<\/div>\n<div class=\"cli_pg_page_contaner\">\n<h3><strong>Como utilizamos os cookies ?<\/strong><\/h3>\n<div>\n<p>Como a maioria dos servi\u00e7os online, o nosso website utiliza cookies de primeira m\u00e3o e cookies de terceiros para uma s\u00e9rie de fins. Os cookies de primeira parte s\u00e3o na sua maioria necess\u00e1rios para que o website funcione correctamente, e n\u00e3o recolhem quaisquer dos seus dados pessoais identific\u00e1veis.<\/p>\n<p>Os cookies de terceiros utilizados no nosso website s\u00e3o utilizados principalmente para compreender o modo como o website funciona, como interage com o nosso website, mantendo os nossos servi\u00e7os seguros, fornecendo an\u00fancios que s\u00e3o relevantes para si; em suma, proporcionando-lhe uma melhor experi\u00eancia de utilizador e ajudando a acelerar as suas futuras interac\u00e7\u00f5es com o nosso website.<\/p>\n<\/div>\n<p>\u00a0<\/p>\n<h3><strong>Que tipos de cookies utilizamos ?<\/strong><\/h3>\n<div>\n<p>Os cookies utilizados no nosso website est\u00e3o agrupados nas seguintes categorias<\/p>\n<div class=\"wt-cli-element cli_cookie_category_single\"><div class=\"cli_cookie_category_single\"><h5 class=\"cli_cookie_category_single_hd\">Necess\u00e1rios<\/h5><div class=\"cli_cookie_category_single_description\"><p>Os cookies necess\u00e1rios s\u00e3o absolutamente essenciais para o correto funcionamento do website. Estes cookies asseguram funcionalidades b\u00e1sicas e caracter\u00edsticas de seguran\u00e7a do website, de forma an\u00f3nima.<\/p><\/div><\/div><div class=\"cli_cookie_category_single\"><h5 class=\"cli_cookie_category_single_hd\">Outros<\/h5><div class=\"cli_cookie_category_single_description\"><p>Outros cookies n\u00e3o classificados s\u00e3o aqueles que est\u00e3o a ser analisados e que ainda n\u00e3o foram classificados numa categoria.<\/p><\/div><\/div><\/div>\n<p>\u00a0<\/p>\n<\/div>\n<div>\n<p>A lista abaixo detalha os cookies utilizados no nosso website.<\/p>\n<table class=\"wt-cli-element cookielawinfo-classic cookielawinfo-row-cat-table\"><thead><tr><th scope=\"col\" class=\"cookielawinfo-column-1\">Cookie<\/th><th scope=\"col\" class=\"cookielawinfo-column-4\">Descri\u00e7\u00e3o<\/th><\/thead><tbody><tr class=\"cookielawinfo-row-cat-title\"><th colspan=\"2\" class=\"cookielawinfo-row-cat-title-head\">Necess\u00e1rios<\/th><\/tr><tr class=\"cookielawinfo-row\"><td class=\"cookielawinfo-column-1\">wc_fragments_*<\/td><td class=\"cookielawinfo-column-4\">WooCommerce- this cookie stores a visitors login information so they do not need keep logging in if browser closed.<\/td><\/tr><tr class=\"cookielawinfo-row\"><td class=\"cookielawinfo-column-1\">wc_cart_hash_*<\/td><td class=\"cookielawinfo-column-4\">WooCommerce: this cookie is used to store items in shopping card.<\/td><\/tr><tr class=\"cookielawinfo-row\"><td class=\"cookielawinfo-column-1\">cookielawinfo-checkbox-advertisement<\/td><td class=\"cookielawinfo-column-4\">Set by the GDPR Cookie Consent plugin, this cookie is used to record the user consent for the cookies in the \"Advertisement\" category .<\/td><\/tr><tr class=\"cookielawinfo-row\"><td class=\"cookielawinfo-column-1\">m<\/td><td class=\"cookielawinfo-column-4\">Determines the device used to access the website. This allows the website to be formatted accordingly (provider: m.stripe.com)<\/td><\/tr><tr class=\"cookielawinfo-row\"><td class=\"cookielawinfo-column-1\">viewed_cookie_policy<\/td><td class=\"cookielawinfo-column-4\">O cookie \u00e9 definido pelo plugin de consentimento de cookies do RGPD e \u00e9 utilizado para armazenar se o utilizador consentiu ou n\u00e3o a utiliza\u00e7\u00e3o de cookies. N\u00e3o armazena quaisquer dados pessoais.<\/td><\/tr><tr class=\"cookielawinfo-row\"><td class=\"cookielawinfo-column-1\">cookielawinfo-checkbox-necessary<\/td><td class=\"cookielawinfo-column-4\">O cookie \u00e9 definido pelo plugin de consentimento de cookies do RGPD para registar o consentimento do utilizador para os cookies na categoria \"Necess\u00e1rios\".<\/td><\/tr><tr class=\"cookielawinfo-row\"><td class=\"cookielawinfo-column-1\">cookielawinfo-checkbox-analytics<\/td><td class=\"cookielawinfo-column-4\">O cookie \u00e9 definido pelo plugin de consentimento de cookies do RGPD para registar o consentimento do utilizador para os cookies na categoria \"Anal\u00edticos\".<\/td><\/tr><tr class=\"cookielawinfo-row\"><td class=\"cookielawinfo-column-1\">cookielawinfo-checkbox-others<\/td><td class=\"cookielawinfo-column-4\">O cookie \u00e9 definido pelo plugin de consentimento de cookies do RGPD para registar o consentimento do utilizador para os cookies na categoria Outros\".<\/td><\/tr><tr class=\"cookielawinfo-row\"><td class=\"cookielawinfo-column-1\">cookielawinfo-checkbox-performance<\/td><td class=\"cookielawinfo-column-4\"><p>Este cookie \u00e9 definido pelo plugin de consentimento do cookie do RGPD. O cookie \u00e9 utilizado para armazenar o consentimento do utilizador para os cookies na categoria \"Desempenho\".<\/p><\/td><\/tr><tr class=\"cookielawinfo-row\"><td class=\"cookielawinfo-column-1\">cookielawinfo-checkbox-functional<\/td><td class=\"cookielawinfo-column-4\">O cookie \u00e9 definido pelo plugin de consentimento de cookies do RGPD para registar o consentimento do utilizador para os cookies na categoria \"Funcional\".<\/td><\/tr><\/tbody><\/table>\n<p>\u00a0<\/p>\n<p>\u00a0<\/p>\n<\/div>\n<h3><strong>Como posso controlar as minhas prefer\u00eancias na gest\u00e3o de cookies ?<\/strong><\/h3>\n<div>\n<p>Pode gerir as suas prefer\u00eancias de cookies clicando no bot\u00e3o &#8220;Defini\u00e7\u00f5es&#8221; e activando ou desactivando as categorias de cookies no popup, de acordo com as suas prefer\u00eancias.<\/p>\n<p>Caso decida alterar as suas prefer\u00eancias mais tarde, pode faz\u00ea-lo atrav\u00e9s da sua sess\u00e3o de navega\u00e7\u00e3o, clicando aqui<strong> <a id=\"wt-cli-settings-btn\" tabindex=\"0\" role='button' style=\"border-bottom:1px solid;\" class=\"wt-cli-element cli_settings_button\"  >Configura\u00e7\u00f5es de cookies<\/a><\/strong>.Isto ir\u00e1 exibir novamente o aviso de consentimento, permitindo-lhe alterar as suas prefer\u00eancias ou retirar totalmente o seu consentimento.<\/p>\n<p>Al\u00e9m disso, diferentes browsers fornecem diferentes m\u00e9todos para bloquear e eliminar cookies utilizados pelos websites. Pode alterar as defini\u00e7\u00f5es do seu browser para bloquear\/eliminar os cookies. Para saber mais sobre como gerir e eliminar cookies, visite\u00a0<a href=\"https:\/\/en.wikipedia.org\/wiki\/HTTP_cookie\">wikipedia.org<\/a>, <a href=\"https:\/\/www.allaboutcookies.org\/\">www.allaboutcookies.org<\/a>.<\/p>\n<\/div>\n<\/div>\n\n","protected":false},"excerpt":{"rendered":"","protected":false},"author":1,"featured_media":0,"parent":0,"menu_order":0,"comment_status":"closed","ping_status":"closed","template":"","meta":{"footnotes":""},"class_list":["post-43937","page","type-page","status-publish","hentry"],"yoast_head":"<!-- This site is optimized with the Yoast SEO plugin v27.4 - https:\/\/yoast.com\/product\/yoast-seo-wordpress\/ -->\n<title>Pol\u00edtica de Cookies - NaturaPura<\/title>\n<meta name=\"robots\" content=\"index, follow, max-snippet:-1, max-image-preview:large, max-video-preview:-1\" \/>\n<link rel=\"canonical\" href=\"https:\/\/naturapura.com\/pt-pt\/politica-de-cookies\/\" \/>\n<meta property=\"og:locale\" content=\"pt_PT\" \/>\n<meta property=\"og:type\" content=\"article\" \/>\n<meta property=\"og:title\" content=\"Pol\u00edtica de Cookies - NaturaPura\" \/>\n<meta property=\"og:url\" content=\"https:\/\/naturapura.com\/pt-pt\/politica-de-cookies\/\" \/>\n<meta property=\"og:site_name\" content=\"NaturaPura\" \/>\n<meta property=\"article:modified_time\" content=\"2022-01-19T16:54:04+00:00\" \/>\n<meta name=\"twitter:card\" content=\"summary_large_image\" \/>\n<meta name=\"twitter:label1\" content=\"Tempo estimado de leitura\" \/>\n\t<meta name=\"twitter:data1\" content=\"3 minutos\" \/>\n<script type=\"application\/ld+json\" class=\"yoast-schema-graph\">{\"@context\":\"https:\\\/\\\/schema.org\",\"@graph\":[{\"@type\":\"WebPage\",\"@id\":\"https:\\\/\\\/naturapura.com\\\/pt-pt\\\/politica-de-cookies\\\/\",\"url\":\"https:\\\/\\\/naturapura.com\\\/pt-pt\\\/politica-de-cookies\\\/\",\"name\":\"Pol\u00edtica de Cookies - NaturaPura\",\"isPartOf\":{\"@id\":\"https:\\\/\\\/naturapura.com\\\/pt-pt\\\/#website\"},\"datePublished\":\"2021-12-30T18:39:40+00:00\",\"dateModified\":\"2022-01-19T16:54:04+00:00\",\"breadcrumb\":{\"@id\":\"https:\\\/\\\/naturapura.com\\\/pt-pt\\\/politica-de-cookies\\\/#breadcrumb\"},\"inLanguage\":\"pt-PT\",\"potentialAction\":[{\"@type\":\"ReadAction\",\"target\":[\"https:\\\/\\\/naturapura.com\\\/pt-pt\\\/politica-de-cookies\\\/\"]}]},{\"@type\":\"BreadcrumbList\",\"@id\":\"https:\\\/\\\/naturapura.com\\\/pt-pt\\\/politica-de-cookies\\\/#breadcrumb\",\"itemListElement\":[{\"@type\":\"ListItem\",\"position\":1,\"name\":\"In\u00edcio\",\"item\":\"https:\\\/\\\/naturapura.com\\\/pt-pt\\\/\"},{\"@type\":\"ListItem\",\"position\":2,\"name\":\"Pol\u00edtica de Cookies\"}]},{\"@type\":\"WebSite\",\"@id\":\"https:\\\/\\\/naturapura.com\\\/pt-pt\\\/#website\",\"url\":\"https:\\\/\\\/naturapura.com\\\/pt-pt\\\/\",\"name\":\"NaturaPura\",\"description\":\"Roupinha de Beb\u00e9 e Complementos em Org\u00e2nico\",\"publisher\":{\"@id\":\"https:\\\/\\\/naturapura.com\\\/pt-pt\\\/#organization\"},\"potentialAction\":[{\"@type\":\"SearchAction\",\"target\":{\"@type\":\"EntryPoint\",\"urlTemplate\":\"https:\\\/\\\/naturapura.com\\\/pt-pt\\\/?s={search_term_string}\"},\"query-input\":{\"@type\":\"PropertyValueSpecification\",\"valueRequired\":true,\"valueName\":\"search_term_string\"}}],\"inLanguage\":\"pt-PT\"},{\"@type\":\"Organization\",\"@id\":\"https:\\\/\\\/naturapura.com\\\/pt-pt\\\/#organization\",\"name\":\"NATURAPURA\",\"url\":\"https:\\\/\\\/naturapura.com\\\/pt-pt\\\/\",\"logo\":{\"@type\":\"ImageObject\",\"inLanguage\":\"pt-PT\",\"@id\":\"https:\\\/\\\/naturapura.com\\\/pt-pt\\\/#\\\/schema\\\/logo\\\/image\\\/\",\"url\":\"https:\\\/\\\/i0.wp.com\\\/naturapura.com\\\/wp-content\\\/uploads\\\/2023\\\/09\\\/logo-NP-bebe.png?fit=481%2C101&ssl=1\",\"contentUrl\":\"https:\\\/\\\/i0.wp.com\\\/naturapura.com\\\/wp-content\\\/uploads\\\/2023\\\/09\\\/logo-NP-bebe.png?fit=481%2C101&ssl=1\",\"width\":481,\"height\":101,\"caption\":\"NATURAPURA\"},\"image\":{\"@id\":\"https:\\\/\\\/naturapura.com\\\/pt-pt\\\/#\\\/schema\\\/logo\\\/image\\\/\"}}]}<\/script>\n<!-- \/ Yoast SEO plugin. -->","yoast_head_json":{"title":"Pol\u00edtica de Cookies - NaturaPura","robots":{"index":"index","follow":"follow","max-snippet":"max-snippet:-1","max-image-preview":"max-image-preview:large","max-video-preview":"max-video-preview:-1"},"canonical":"https:\/\/naturapura.com\/pt-pt\/politica-de-cookies\/","og_locale":"pt_PT","og_type":"article","og_title":"Pol\u00edtica de Cookies - NaturaPura","og_url":"https:\/\/naturapura.com\/pt-pt\/politica-de-cookies\/","og_site_name":"NaturaPura","article_modified_time":"2022-01-19T16:54:04+00:00","twitter_card":"summary_large_image","twitter_misc":{"Tempo estimado de leitura":"3 minutos"},"schema":{"@context":"https:\/\/schema.org","@graph":[{"@type":"WebPage","@id":"https:\/\/naturapura.com\/pt-pt\/politica-de-cookies\/","url":"https:\/\/naturapura.com\/pt-pt\/politica-de-cookies\/","name":"Pol\u00edtica de Cookies - NaturaPura","isPartOf":{"@id":"https:\/\/naturapura.com\/pt-pt\/#website"},"datePublished":"2021-12-30T18:39:40+00:00","dateModified":"2022-01-19T16:54:04+00:00","breadcrumb":{"@id":"https:\/\/naturapura.com\/pt-pt\/politica-de-cookies\/#breadcrumb"},"inLanguage":"pt-PT","potentialAction":[{"@type":"ReadAction","target":["https:\/\/naturapura.com\/pt-pt\/politica-de-cookies\/"]}]},{"@type":"BreadcrumbList","@id":"https:\/\/naturapura.com\/pt-pt\/politica-de-cookies\/#breadcrumb","itemListElement":[{"@type":"ListItem","position":1,"name":"In\u00edcio","item":"https:\/\/naturapura.com\/pt-pt\/"},{"@type":"ListItem","position":2,"name":"Pol\u00edtica de Cookies"}]},{"@type":"WebSite","@id":"https:\/\/naturapura.com\/pt-pt\/#website","url":"https:\/\/naturapura.com\/pt-pt\/","name":"NaturaPura","description":"Roupinha de Beb\u00e9 e Complementos em Org\u00e2nico","publisher":{"@id":"https:\/\/naturapura.com\/pt-pt\/#organization"},"potentialAction":[{"@type":"SearchAction","target":{"@type":"EntryPoint","urlTemplate":"https:\/\/naturapura.com\/pt-pt\/?s={search_term_string}"},"query-input":{"@type":"PropertyValueSpecification","valueRequired":true,"valueName":"search_term_string"}}],"inLanguage":"pt-PT"},{"@type":"Organization","@id":"https:\/\/naturapura.com\/pt-pt\/#organization","name":"NATURAPURA","url":"https:\/\/naturapura.com\/pt-pt\/","logo":{"@type":"ImageObject","inLanguage":"pt-PT","@id":"https:\/\/naturapura.com\/pt-pt\/#\/schema\/logo\/image\/","url":"https:\/\/i0.wp.com\/naturapura.com\/wp-content\/uploads\/2023\/09\/logo-NP-bebe.png?fit=481%2C101&ssl=1","contentUrl":"https:\/\/i0.wp.com\/naturapura.com\/wp-content\/uploads\/2023\/09\/logo-NP-bebe.png?fit=481%2C101&ssl=1","width":481,"height":101,"caption":"NATURAPURA"},"image":{"@id":"https:\/\/naturapura.com\/pt-pt\/#\/schema\/logo\/image\/"}}]}},"jetpack_sharing_enabled":true,"_links":{"self":[{"href":"https:\/\/naturapura.com\/pt-pt\/wp-json\/wp\/v2\/pages\/43937","targetHints":{"allow":["GET"]}}],"collection":[{"href":"https:\/\/naturapura.com\/pt-pt\/wp-json\/wp\/v2\/pages"}],"about":[{"href":"https:\/\/naturapura.com\/pt-pt\/wp-json\/wp\/v2\/types\/page"}],"author":[{"embeddable":true,"href":"https:\/\/naturapura.com\/pt-pt\/wp-json\/wp\/v2\/users\/1"}],"replies":[{"embeddable":true,"href":"https:\/\/naturapura.com\/pt-pt\/wp-json\/wp\/v2\/comments?post=43937"}],"version-history":[{"count":0,"href":"https:\/\/naturapura.com\/pt-pt\/wp-json\/wp\/v2\/pages\/43937\/revisions"}],"wp:attachment":[{"href":"https:\/\/naturapura.com\/pt-pt\/wp-json\/wp\/v2\/media?parent=43937"}],"curies":[{"name":"wp","href":"https:\/\/api.w.org\/{rel}","templated":true}]}}