{"id":37412,"date":"2021-01-18T15:01:24","date_gmt":"2021-01-18T15:01:24","guid":{"rendered":"https:\/\/naturapura.com\/cartao-presente-naturapura\/"},"modified":"2021-01-18T15:01:27","modified_gmt":"2021-01-18T15:01:27","slug":"cartao-presente-naturapura","status":"publish","type":"page","link":"https:\/\/naturapura.com\/pt-pt\/cartao-presente-naturapura\/","title":{"rendered":"CART\u00c3O PRESENTE NATURAPURA"},"content":{"rendered":"\n<div class=\"is-divider divider clearfix\" style=\"background-color:rgb(255, 255, 255);\"><\/div>\n\n<div class=\"row\"  id=\"row-555599110\">\n\n\n\t<div id=\"col-1195271397\" class=\"col medium-1 small-12 large-1\"  >\n\t\t\t\t<div class=\"col-inner\"  >\n\t\t\t\n\t\t\t\n\n\n\t\t<\/div>\n\t\t\t\t\t<\/div>\n\n\t\n\n\t<div id=\"col-239785843\" class=\"col medium-10 small-12 large-10\"  >\n\t\t\t\t<div class=\"col-inner\"  >\n\t\t\t\n\t\t\t\n\n<h2 style=\"text-align: center;\">CART\u00c3O PRESENTE NATURAPURA<\/h2>\r\n<h3 style=\"text-align: center;\">CONDI\u00c7\u00d5ES GERAIS DE UTILIZA\u00c7\u00c3O<\/h3>\r\n<ol style=\"text-align:justify;\">\r\n \t<li>Este Cart\u00e3o Presente \u00e9 v\u00e1lido exclusivamente para a compra de produtos no website www.naturapura.com.<\/li>\r\n \t<li>O Cart\u00e3o Presente\u00a0pode ser adquirido atrav\u00e9s de qualquer meio de pagamento aceite em www.naturapura.com. O Cart\u00e3o Presente n\u00e3o pode ser adquirido atrav\u00e9s de outro Cart\u00e3o Presente.<\/li>\r\n \t<li>Pode adquirir o seu Cart\u00e3o Presente para oferecer em qualquer destino, e dependendo do destino, o mesmo ser\u00e1 enviado em EUR ou GBP ou USD (sendo que 1EUR=1GBP=1USD).<\/li>\r\n \t<li>O saldo do cart\u00e3o n\u00e3o pode ser reembolsado nem devolvido em dinheiro.<\/li>\r\n \t<li>O Cart\u00e3o pode utilizar-se tantas vezes quanto as desejadas at\u00e9 esgotar a import\u00e2ncia total emitida.<\/li>\r\n \t<li>O saldo dispon\u00edvel do Cart\u00e3o pode ser consultado na \u00e1rea de cliente desde que se trate de um cliente registado. Se o valor da compra ultrapassar o saldo dispon\u00edvel no Cart\u00e3o, a diferen\u00e7a pode ser paga atrav\u00e9s de qualquer um dos outros meios de pagamento aceites em www.naturapura.com.<\/li>\r\n \t<li>Os produtos adquiridos com o Cart\u00e3o em www.naturapura.com est\u00e3o sujeitos \u00e0 pol\u00edtica de trocas e devolu\u00e7\u00f5es da referida p\u00e1gina.<\/li>\r\n \t<li>O Cart\u00e3o Presente \u00e9 v\u00e1lido por 24 meses desde a sua data de emiss\u00e3o.<\/li>\r\n<\/ol>\n\n\t\t<\/div>\n\t\t\t\t\t<\/div>\n\n\t\n\n<\/div>\n\n","protected":false},"excerpt":{"rendered":"","protected":false},"author":18,"featured_media":0,"parent":0,"menu_order":0,"comment_status":"closed","ping_status":"closed","template":"","meta":{"footnotes":""},"class_list":["post-37412","page","type-page","status-publish","hentry"],"yoast_head":"<!-- This site is optimized with the Yoast SEO plugin v27.4 - https:\/\/yoast.com\/product\/yoast-seo-wordpress\/ -->\n<title>CART\u00c3O PRESENTE NATURAPURA - NaturaPura<\/title>\n<meta name=\"robots\" content=\"index, follow, max-snippet:-1, max-image-preview:large, max-video-preview:-1\" \/>\n<link rel=\"canonical\" href=\"https:\/\/naturapura.com\/pt-pt\/cartao-presente-naturapura\/\" \/>\n<meta property=\"og:locale\" content=\"pt_PT\" \/>\n<meta property=\"og:type\" content=\"article\" \/>\n<meta property=\"og:title\" content=\"CART\u00c3O PRESENTE NATURAPURA - NaturaPura\" \/>\n<meta property=\"og:url\" content=\"https:\/\/naturapura.com\/pt-pt\/cartao-presente-naturapura\/\" \/>\n<meta property=\"og:site_name\" content=\"NaturaPura\" \/>\n<meta property=\"article:modified_time\" content=\"2021-01-18T15:01:27+00:00\" \/>\n<meta name=\"twitter:card\" content=\"summary_large_image\" \/>\n<meta name=\"twitter:label1\" content=\"Tempo estimado de leitura\" \/>\n\t<meta name=\"twitter:data1\" content=\"1 minuto\" \/>\n<script type=\"application\/ld+json\" class=\"yoast-schema-graph\">{\"@context\":\"https:\\\/\\\/schema.org\",\"@graph\":[{\"@type\":\"WebPage\",\"@id\":\"https:\\\/\\\/naturapura.com\\\/pt-pt\\\/cartao-presente-naturapura\\\/\",\"url\":\"https:\\\/\\\/naturapura.com\\\/pt-pt\\\/cartao-presente-naturapura\\\/\",\"name\":\"CART\u00c3O PRESENTE NATURAPURA - NaturaPura\",\"isPartOf\":{\"@id\":\"https:\\\/\\\/naturapura.com\\\/pt-pt\\\/#website\"},\"datePublished\":\"2021-01-18T15:01:24+00:00\",\"dateModified\":\"2021-01-18T15:01:27+00:00\",\"breadcrumb\":{\"@id\":\"https:\\\/\\\/naturapura.com\\\/pt-pt\\\/cartao-presente-naturapura\\\/#breadcrumb\"},\"inLanguage\":\"pt-PT\",\"potentialAction\":[{\"@type\":\"ReadAction\",\"target\":[\"https:\\\/\\\/naturapura.com\\\/pt-pt\\\/cartao-presente-naturapura\\\/\"]}]},{\"@type\":\"BreadcrumbList\",\"@id\":\"https:\\\/\\\/naturapura.com\\\/pt-pt\\\/cartao-presente-naturapura\\\/#breadcrumb\",\"itemListElement\":[{\"@type\":\"ListItem\",\"position\":1,\"name\":\"In\u00edcio\",\"item\":\"https:\\\/\\\/naturapura.com\\\/pt-pt\\\/\"},{\"@type\":\"ListItem\",\"position\":2,\"name\":\"CART\u00c3O PRESENTE NATURAPURA\"}]},{\"@type\":\"WebSite\",\"@id\":\"https:\\\/\\\/naturapura.com\\\/pt-pt\\\/#website\",\"url\":\"https:\\\/\\\/naturapura.com\\\/pt-pt\\\/\",\"name\":\"NaturaPura\",\"description\":\"Roupinha de Beb\u00e9 e Complementos em Org\u00e2nico\",\"publisher\":{\"@id\":\"https:\\\/\\\/naturapura.com\\\/pt-pt\\\/#organization\"},\"potentialAction\":[{\"@type\":\"SearchAction\",\"target\":{\"@type\":\"EntryPoint\",\"urlTemplate\":\"https:\\\/\\\/naturapura.com\\\/pt-pt\\\/?s={search_term_string}\"},\"query-input\":{\"@type\":\"PropertyValueSpecification\",\"valueRequired\":true,\"valueName\":\"search_term_string\"}}],\"inLanguage\":\"pt-PT\"},{\"@type\":\"Organization\",\"@id\":\"https:\\\/\\\/naturapura.com\\\/pt-pt\\\/#organization\",\"name\":\"NATURAPURA\",\"url\":\"https:\\\/\\\/naturapura.com\\\/pt-pt\\\/\",\"logo\":{\"@type\":\"ImageObject\",\"inLanguage\":\"pt-PT\",\"@id\":\"https:\\\/\\\/naturapura.com\\\/pt-pt\\\/#\\\/schema\\\/logo\\\/image\\\/\",\"url\":\"https:\\\/\\\/i0.wp.com\\\/naturapura.com\\\/wp-content\\\/uploads\\\/2023\\\/09\\\/logo-NP-bebe.png?fit=481%2C101&ssl=1\",\"contentUrl\":\"https:\\\/\\\/i0.wp.com\\\/naturapura.com\\\/wp-content\\\/uploads\\\/2023\\\/09\\\/logo-NP-bebe.png?fit=481%2C101&ssl=1\",\"width\":481,\"height\":101,\"caption\":\"NATURAPURA\"},\"image\":{\"@id\":\"https:\\\/\\\/naturapura.com\\\/pt-pt\\\/#\\\/schema\\\/logo\\\/image\\\/\"}}]}<\/script>\n<!-- \/ Yoast SEO plugin. -->","yoast_head_json":{"title":"CART\u00c3O PRESENTE NATURAPURA - NaturaPura","robots":{"index":"index","follow":"follow","max-snippet":"max-snippet:-1","max-image-preview":"max-image-preview:large","max-video-preview":"max-video-preview:-1"},"canonical":"https:\/\/naturapura.com\/pt-pt\/cartao-presente-naturapura\/","og_locale":"pt_PT","og_type":"article","og_title":"CART\u00c3O PRESENTE NATURAPURA - NaturaPura","og_url":"https:\/\/naturapura.com\/pt-pt\/cartao-presente-naturapura\/","og_site_name":"NaturaPura","article_modified_time":"2021-01-18T15:01:27+00:00","twitter_card":"summary_large_image","twitter_misc":{"Tempo estimado de leitura":"1 minuto"},"schema":{"@context":"https:\/\/schema.org","@graph":[{"@type":"WebPage","@id":"https:\/\/naturapura.com\/pt-pt\/cartao-presente-naturapura\/","url":"https:\/\/naturapura.com\/pt-pt\/cartao-presente-naturapura\/","name":"CART\u00c3O PRESENTE NATURAPURA - NaturaPura","isPartOf":{"@id":"https:\/\/naturapura.com\/pt-pt\/#website"},"datePublished":"2021-01-18T15:01:24+00:00","dateModified":"2021-01-18T15:01:27+00:00","breadcrumb":{"@id":"https:\/\/naturapura.com\/pt-pt\/cartao-presente-naturapura\/#breadcrumb"},"inLanguage":"pt-PT","potentialAction":[{"@type":"ReadAction","target":["https:\/\/naturapura.com\/pt-pt\/cartao-presente-naturapura\/"]}]},{"@type":"BreadcrumbList","@id":"https:\/\/naturapura.com\/pt-pt\/cartao-presente-naturapura\/#breadcrumb","itemListElement":[{"@type":"ListItem","position":1,"name":"In\u00edcio","item":"https:\/\/naturapura.com\/pt-pt\/"},{"@type":"ListItem","position":2,"name":"CART\u00c3O PRESENTE NATURAPURA"}]},{"@type":"WebSite","@id":"https:\/\/naturapura.com\/pt-pt\/#website","url":"https:\/\/naturapura.com\/pt-pt\/","name":"NaturaPura","description":"Roupinha de Beb\u00e9 e Complementos em Org\u00e2nico","publisher":{"@id":"https:\/\/naturapura.com\/pt-pt\/#organization"},"potentialAction":[{"@type":"SearchAction","target":{"@type":"EntryPoint","urlTemplate":"https:\/\/naturapura.com\/pt-pt\/?s={search_term_string}"},"query-input":{"@type":"PropertyValueSpecification","valueRequired":true,"valueName":"search_term_string"}}],"inLanguage":"pt-PT"},{"@type":"Organization","@id":"https:\/\/naturapura.com\/pt-pt\/#organization","name":"NATURAPURA","url":"https:\/\/naturapura.com\/pt-pt\/","logo":{"@type":"ImageObject","inLanguage":"pt-PT","@id":"https:\/\/naturapura.com\/pt-pt\/#\/schema\/logo\/image\/","url":"https:\/\/i0.wp.com\/naturapura.com\/wp-content\/uploads\/2023\/09\/logo-NP-bebe.png?fit=481%2C101&ssl=1","contentUrl":"https:\/\/i0.wp.com\/naturapura.com\/wp-content\/uploads\/2023\/09\/logo-NP-bebe.png?fit=481%2C101&ssl=1","width":481,"height":101,"caption":"NATURAPURA"},"image":{"@id":"https:\/\/naturapura.com\/pt-pt\/#\/schema\/logo\/image\/"}}]}},"jetpack_sharing_enabled":true,"_links":{"self":[{"href":"https:\/\/naturapura.com\/pt-pt\/wp-json\/wp\/v2\/pages\/37412","targetHints":{"allow":["GET"]}}],"collection":[{"href":"https:\/\/naturapura.com\/pt-pt\/wp-json\/wp\/v2\/pages"}],"about":[{"href":"https:\/\/naturapura.com\/pt-pt\/wp-json\/wp\/v2\/types\/page"}],"author":[{"embeddable":true,"href":"https:\/\/naturapura.com\/pt-pt\/wp-json\/wp\/v2\/users\/18"}],"replies":[{"embeddable":true,"href":"https:\/\/naturapura.com\/pt-pt\/wp-json\/wp\/v2\/comments?post=37412"}],"version-history":[{"count":0,"href":"https:\/\/naturapura.com\/pt-pt\/wp-json\/wp\/v2\/pages\/37412\/revisions"}],"wp:attachment":[{"href":"https:\/\/naturapura.com\/pt-pt\/wp-json\/wp\/v2\/media?parent=37412"}],"curies":[{"name":"wp","href":"https:\/\/api.w.org\/{rel}","templated":true}]}}