{"id":34358,"date":"2020-11-11T12:36:29","date_gmt":"2020-11-11T12:36:29","guid":{"rendered":"https:\/\/naturapura.com\/o-nosso-algodao-organico\/"},"modified":"2020-11-11T12:36:31","modified_gmt":"2020-11-11T12:36:31","slug":"o-nosso-algodao-organico","status":"publish","type":"page","link":"https:\/\/naturapura.com\/pt-pt\/o-nosso-algodao-organico\/","title":{"rendered":"O Nosso Algod\u00e3o Org\u00e2nico"},"content":{"rendered":"\n<div class=\"row\"  id=\"row-2112876053\">\n\n\n\t<div id=\"col-678296556\" class=\"col medium-1 small-12 large-1\"  >\n\t\t\t\t<div class=\"col-inner\"  >\n\t\t\t\n\t\t\t\n\n\n\t\t<\/div>\n\t\t\t\t\t<\/div>\n\n\t\n\n\t<div id=\"col-1463723276\" class=\"col medium-10 small-12 large-10\"  >\n\t\t\t\t<div class=\"col-inner\"  >\n\t\t\t\n\t\t\t<h1><strong>5 Raz\u00f5es para Escolher Algod\u00e3o Org\u00e2nico NaturaPura<\/strong><\/h1>\r\n<p style=\"text-align: justify;\">O\u00a0<strong>algod\u00e3o org\u00e2nico<\/strong>, nas suas\u00a0<strong>cores naturais, sem qu\u00edmicos,<\/strong>\u00a0tem sido a mat\u00e9ria prima escolhida pela\u00a0<strong>NaturaPura<\/strong>, uma marca de produtos ecol\u00f3gicos, para desenvolver\u00a0<strong>roupinha de beb\u00e9<\/strong>\u00a0e seus complementos. S\u00e3o exemplos os nossos\u00a0<strong>bodies<\/strong>\u00a0e\u00a0<strong>babygrows<\/strong>, ideais para a\u00a0<strong>pele sens\u00edvel\u00a0<\/strong>dos beb\u00e9s, e os nossos\u00a0<strong>peluches<\/strong>,\u00a0<strong>brinquedos n\u00e3o t\u00f3xicos<\/strong>, seguros, que o beb\u00e9 pode levar \u00e0 boca, sem qualquer problema, e dormir com eles.<\/p>\r\n<p><img data-recalc-dims=\"1\" decoding=\"async\" class=\"size-medium wp-image-15895 aligncenter\" src=\"https:\/\/i0.wp.com\/naturapura.com\/wp-content\/uploads\/2020\/01\/Organic-Cotton.jpg?resize=300%2C233&#038;ssl=1\" alt=\"\" width=\"300\" height=\"233\" srcset=\"https:\/\/i0.wp.com\/naturapura.com\/wp-content\/uploads\/2020\/01\/Organic-Cotton.jpg?resize=300%2C233&amp;ssl=1 300w, https:\/\/i0.wp.com\/naturapura.com\/wp-content\/uploads\/2020\/01\/Organic-Cotton.jpg?resize=510%2C396&amp;ssl=1 510w, https:\/\/i0.wp.com\/naturapura.com\/wp-content\/uploads\/2020\/01\/Organic-Cotton.jpg?w=526&amp;ssl=1 526w\" sizes=\"(max-width: 300px) 100vw, 300px\" \/><\/p>\r\n<p style=\"text-align: center;\">As cores naturais do nosso algod\u00e3o org\u00e2nico.<\/p>\r\n<p>\u00a0<\/p>\r\n<p style=\"text-align: justify;\"><strong>Come\u00e7amos,<\/strong>\u00a0em\u00a0<strong>1999,<\/strong>\u00a0a nossa aventura, com o objetivo de desenvolver\u00a0<strong>roupas de beb\u00e9 saud\u00e1veis, confort\u00e1veis<\/strong>\u00a0e\u00a0<strong>pr\u00e1ticas<\/strong>. A nossa experi\u00eancia como pais e m\u00e3es inspirou-nos na cria\u00e7\u00e3o de cada artigo das nossas cole\u00e7\u00f5es e, tendo em conta:<\/p>\r\n<ol><li>A\u00a0<strong>pele do beb\u00e9<\/strong>, muito\u00a0<strong>sens\u00edvel<\/strong>, facilmente irrit\u00e1vel, sujeita a rea\u00e7\u00f5es al\u00e9rgicas, com dermatite at\u00f3pica, que hoje afetam entre 10-20% das crian\u00e7as no mundo ocidental;<\/li>\r\n<li>A\u00a0<strong>boca e a sa\u00fade\u00a0<\/strong>a longo prazo do beb\u00e9, pois estes levam tudo \u00e0 boca e qu\u00edmicos nocivos, como metais pesados, podem prejudicar muito a sua sa\u00fade;<\/li>\r\n<li>O\u00a0<strong>conforto do beb\u00e9<\/strong>, sabendo que este passa muito tempo deitado;<\/li>\r\n<li>O\u00a0<strong>algod\u00e3o org\u00e2nico\u00a0<\/strong>e as suas caracter\u00edsticas como mat\u00e9ria-prima;<\/li>\r\n<li>O\u00a0<strong>nosso Planeta\u00a0<\/strong>e \u201cn\u00e3o h\u00e1 Planeta B!\u201d,<\/li>\r\n<\/ol><p style=\"text-align: justify;\">Optamos por somente utilizar o\u00a0<strong>ultranatural<\/strong>,\u00a0<strong>sem qu\u00edmicos<\/strong>, que resulta do\u00a0<strong>algod\u00e3o org\u00e2nico<\/strong>, nas suas cores naturais,\u00a0<strong>sem quaisquer tingimentos<\/strong>!<\/p>\r\n<p style=\"text-align: justify;\">Oferecemos, hoje, uma grande variedade de\u00a0<strong>roupinha de beb\u00e9<\/strong>\u00a0e acess\u00f3rios, quer para o\u00a0<strong>prematuro,\u00a0<\/strong>quer para os mais crescidinhos, realizados com um design cuidado, aprimorado com muito carinho.<\/p>\r\n<h2><strong>A Garantia de Qualidade<\/strong><\/h2>\r\n<p style=\"text-align: justify;\">Os nossos produtos s\u00e3o fabricados em Portugal e, como selo de\u00a0<strong>garantia de qualidade<\/strong>, a\u00a0<strong>NaturaPura\u00a0<\/strong>est\u00e1 certificada com o<a href=\"http:\/\/ec.europa.eu\/ecat\/products\/en\/21992\/naturapura-iberica---prod\"><strong>\u00a0R\u00f3tulo Ecol\u00f3gico Europeu<\/strong><\/a><strong>\u00a0(<\/strong><a href=\"https:\/\/naturapura.com\/pt-pt\/ecolabel-e-testes-dermatologicos\/\"><strong>EcoLabel<\/strong><\/a><strong>)<\/strong>, feito alcan\u00e7ado por muito poucas empresas, devido aos crit\u00e9rios utilizados, muito apertados e rigorosos.<\/p>\r\n<p style=\"text-align: justify;\">Por a prioridade da\u00a0<strong>NaturaPura<\/strong>\u00a0ser o\u00a0<strong>bem-estar<\/strong>, o<strong>\u00a0conforto\u00a0<\/strong>e a\u00a0<strong>sa\u00fade\u00a0<\/strong>dos nossos<strong>\u00a0beb\u00e9s,\u00a0<\/strong>os nossos produtos s\u00e3o\u00a0<a href=\"https:\/\/naturapura.com\/pt-pt\/eu-ecolabel-e-testes-dermatologicos\/\"><strong>dermatologicamente testados<\/strong><\/a><strong>.<\/strong><\/p>\r\n<p style=\"text-align: justify;\">Como nota, lembramos que o beb\u00e9, ao nascer, apresenta a derme com uma espessura de 40-60% menor que a do adulto. Isso faz com que seja muito sens\u00edvel, facilitando a absor\u00e7\u00e3o de subst\u00e2ncias e a possibilidade de irrita\u00e7\u00e3o. Por outro lado, os beb\u00e9s n\u00e3o t\u00eam ainda a barreira protetora nem as gl\u00e2ndulas sudor\u00edparas desenvolvidas. Assim, quer as irrita\u00e7\u00f5es de pele, quer as alergias de pele, s\u00e3o muito comuns, provocadas, na maioria das vezes, pelo tipo de tecidos utilizados na roupinha de beb\u00e9, pelos produtos de higiene e, por vezes, por alguns produtos alimentares.<\/p>\r\n<p style=\"text-align: justify;\">Do nosso lado,\u00a0<strong>garantimos<\/strong>\u00a0que os\u00a0<strong>produtos<\/strong>\u00a0<strong>NaturaPura n\u00e3o criam irrita\u00e7\u00e3o na pele do seu beb\u00e9<\/strong>\u00a0e s\u00e3o, por isso, indicados para\u00a0<strong>peles sens\u00edveis<\/strong>, com propens\u00e3o para alergias e peles at\u00f3picas.<\/p>\r\n<h2><strong>Os Nossos Produtos de Vestu\u00e1rio<\/strong><\/h2>\r\n<ul><li><strong>Algod\u00e3o 100% org\u00e2nico\u00a0<\/strong>nas suas\u00a0<strong>cores naturais &#8211; <\/strong><strong>cru<\/strong>,\u00a0<strong>verde<\/strong>\u00a0e\u00a0<strong>castanho;<\/strong><\/li>\r\n<li>Sem tingimentos;<\/li>\r\n<li><strong>Sem produtos qu\u00edmicos;<\/strong><\/li>\r\n<li>Cosidos unicamente com\u00a0<strong>linhas 100% algod\u00e3o<\/strong>, para n\u00e3o irritar a pele do seu beb\u00e9;<\/li>\r\n<li><strong>Cal\u00e7as\u00a0<\/strong>para rec\u00e9m-nascidos\u00a0<strong>sem el\u00e1sticos <\/strong>(para n\u00e3o causar desconforto na \u00e1rea do cord\u00e3o umbilical);<\/li>\r\n<li><strong>Etiquetas\u00a0<\/strong>colocadas na parte\u00a0<strong>exterior <\/strong>das pe\u00e7as, para n\u00e3o arranhar;<\/li>\r\n<li><strong>Bodies\u00a0<\/strong>para rec\u00e9m-nascidos com\u00a0<strong>abertura frontal;<\/strong><\/li>\r\n<li>Artigos adequados \u00e0 idade e\u00a0<strong>f\u00e1ceis\u00a0<\/strong>de\u00a0<strong>vestir;<\/strong><\/li>\r\n<li><strong>Muitos\u00a0<\/strong>dos nossos artigos em malha\u00a0<strong>n\u00e3o t\u00eam costuras<\/strong>;<\/li>\r\n<li><a href=\"https:\/\/naturapura.com\/pt-pt\/eu-ecolabel-e-testes-dermatologicos\/\"><strong>Testados dermatologicamente\u00a0<\/strong><\/a>\u2013 Indicados para\u00a0<strong>peles sens\u00edveis<\/strong>, com alergias, dermatoses, eczemas e peles at\u00f3picas.<\/li>\r\n<\/ul><h2><strong>Os Peluches NaturaPura<\/strong><\/h2>\r\n<p style=\"text-align: justify;\"><strong>O que \u00e9 que o seu beb\u00e9 vai fazer quando pegar num brinquedo pela primeira vez?<\/strong><\/p>\r\n<p style=\"text-align: justify;\">Vai\u00a0<strong>meter<\/strong>\u00a0na\u00a0<strong>boca<\/strong>!<\/p>\r\n<p style=\"text-align: justify;\">N\u00f3s sabemos isso! Por esse motivo, os nossos brinquedos\u00a0<strong>n\u00e3o<\/strong>\u00a0s\u00e3o\u00a0<strong>t\u00f3xicos<\/strong>! S\u00e3o peluches em\u00a0<strong>algod\u00e3o org\u00e2nico n\u00e3o tingido<\/strong>, nas suas cores naturais, e s\u00e3o cuidadosamente desenhados e\u00a0<a href=\"https:\/\/naturapura.com\/pt-pt\/eu-ecolabel-e-testes-dermatologicos\/\"><strong>testados<\/strong><\/a>\u00a0para garantir que s\u00e3o\u00a0<a href=\"https:\/\/naturapura.com\/pt-pt\/eu-ecolabel-e-testes-dermatologicos\/\"><strong>100% seguros\u00a0<\/strong><\/a>para o seu\u00a0<strong>beb\u00e9<\/strong>, para\u00a0<strong>levar \u00e0 boca<\/strong>\u00a0ou\u00a0<strong>dormir<\/strong>\u00a0com o beb\u00e9. S\u00e3o dos \u00fanicos brinquedos no mercado com os quais n\u00e3o tem que se preocupar em deixar o seu beb\u00e9\u00a0<strong>brincar \u00e0 vontade<\/strong>! Eles\u00a0<strong>n\u00e3o t\u00eam\u00a0<\/strong>quaisquer<strong>\u00a0qu\u00edmicos\u00a0<\/strong>ou<strong>\u00a0pigmentos<\/strong>!<\/p>\r\n<h2><strong>O Algod\u00e3o Org\u00e2nico N\u00e3o Tingido e a Sustentabilidade Ambiental<\/strong><\/h2>\r\n<p style=\"text-align: justify;\">O nosso prop\u00f3sito vai al\u00e9m do cuidado com os nossos beb\u00e9s. Levamos a\u00a0<a href=\"http:\/\/www.fabricoftheworld.com\/fabric-dyeing-death-water-bodies-hazardous-effects-of-textile-dyes\/\"><strong>prote\u00e7\u00e3o ambiental<\/strong><\/a>\u00a0e a\u00a0<strong>sustentabilidade<\/strong>\u00a0muito a s\u00e9rio, trabalhando no sentido de criar um\u00a0<strong>Planeta\u00a0melhor,<\/strong>\u00a0mais saud\u00e1vel para as gera\u00e7\u00f5es futuras, para o futuro dos nossos beb\u00e9s.<\/p>\r\n<p style=\"text-align: justify;\">Assim, fazemos quest\u00e3o que o nosso\u00a0<strong>processo de produ\u00e7\u00e3o\u00a0<\/strong>seja\u00a0<strong>certificado<\/strong>\u00a0<strong>ecologicamente\u00a0<\/strong>e que o\u00a0<strong>algod\u00e3o<\/strong>\u00a0utilizado nos nossos produtos\u00a0<strong>n\u00e3o<\/strong>\u00a0tenha a influ\u00eancia de quaisquer\u00a0<strong>qu\u00edmicos<\/strong>\u00a0nocivos ao ambiente, desde o cultivo, \u00e0 colheita, at\u00e9 \u00e0 confe\u00e7\u00e3o.<\/p>\r\n<p style=\"text-align: justify;\">Como nota, um produto\u00a0<strong>NaturaPura<\/strong>, em compara\u00e7\u00e3o com um produto feito em algod\u00e3o convencional e tingido,\u00a0<strong>economiza<\/strong>, em m\u00e9dia:<\/p>\r\n<ul><li><strong>60%\u00a0<\/strong>do consumo de\u00a0<strong>\u00e1gua<\/strong>;<\/li>\r\n<li><strong>30%\u00a0<\/strong>do consumo de\u00a0<strong>energia<\/strong>.<\/li>\r\n<\/ul><p style=\"text-align: justify;\">Sabia que cerca de\u00a0<strong>25%<\/strong>\u00a0dos\u00a0<strong>pesticidas<\/strong>\u00a0de todo o mundo s\u00e3o\u00a0<strong>utilizados<\/strong>\u00a0no cultivo do<strong>\u00a0algod\u00e3o convencional<\/strong>?<\/p>\r\n<p style=\"text-align: justify;\">O algod\u00e3o<strong>\u00a0NaturaPura n\u00e3o utiliza<\/strong>\u00a0<strong>pesticidas\u00a0<\/strong>e\u00a0<strong>herbicidas\u00a0<\/strong>e a<strong>\u00a0NaturaPura n\u00e3o utiliza<\/strong>\u00a0<strong>qu\u00edmicos\u00a0<\/strong>no processo, por n\u00e3o tingir os seus produtos (utiliza as\u00a0<strong>cores naturais\u00a0<\/strong>do<strong>\u00a0algod\u00e3o<\/strong>)<strong>.<\/strong><\/p>\t\t<\/div>\n\t\t\t\t\t<\/div>\n\n\t\n\n<\/div>\n\n","protected":false},"excerpt":{"rendered":"","protected":false},"author":18,"featured_media":0,"parent":0,"menu_order":0,"comment_status":"closed","ping_status":"closed","template":"","meta":{"footnotes":""},"class_list":["post-34358","page","type-page","status-publish","hentry"],"yoast_head":"<!-- This site is optimized with the Yoast SEO plugin v27.3 - https:\/\/yoast.com\/product\/yoast-seo-wordpress\/ -->\n<title>O Nosso Algod\u00e3o Org\u00e2nico - NaturaPura<\/title>\n<meta name=\"description\" content=\"O algod\u00e3o org\u00e2nico, nas suas cores naturais, sem qu\u00edmicos, tem sido a mat\u00e9ria prima escolhida pela NaturaPura, uma marca de produtos ecol\u00f3gicos, para desenvolver roupinha de beb\u00e9 e seus complementos.\" \/>\n<meta name=\"robots\" content=\"index, follow, max-snippet:-1, max-image-preview:large, max-video-preview:-1\" \/>\n<link rel=\"canonical\" href=\"https:\/\/naturapura.com\/pt-pt\/o-nosso-algodao-organico\/\" \/>\n<meta property=\"og:locale\" content=\"pt_PT\" \/>\n<meta property=\"og:type\" content=\"article\" \/>\n<meta property=\"og:title\" content=\"O Nosso Algod\u00e3o Org\u00e2nico - NaturaPura\" \/>\n<meta property=\"og:description\" content=\"O algod\u00e3o org\u00e2nico, nas suas cores naturais, sem qu\u00edmicos, tem sido a mat\u00e9ria prima escolhida pela NaturaPura, uma marca de produtos ecol\u00f3gicos, para desenvolver roupinha de beb\u00e9 e seus complementos.\" \/>\n<meta property=\"og:url\" content=\"https:\/\/naturapura.com\/pt-pt\/o-nosso-algodao-organico\/\" \/>\n<meta property=\"og:site_name\" content=\"NaturaPura\" \/>\n<meta property=\"article:modified_time\" content=\"2020-11-11T12:36:31+00:00\" \/>\n<meta property=\"og:image\" content=\"https:\/\/naturapura.com\/wp-content\/uploads\/2020\/01\/Organic-Cotton-300x233.jpg\" \/>\n<meta name=\"twitter:card\" content=\"summary_large_image\" \/>\n<meta name=\"twitter:label1\" content=\"Tempo estimado de leitura\" \/>\n\t<meta name=\"twitter:data1\" content=\"5 minutos\" \/>\n<script type=\"application\/ld+json\" class=\"yoast-schema-graph\">{\"@context\":\"https:\\\/\\\/schema.org\",\"@graph\":[{\"@type\":\"WebPage\",\"@id\":\"https:\\\/\\\/naturapura.com\\\/pt-pt\\\/o-nosso-algodao-organico\\\/\",\"url\":\"https:\\\/\\\/naturapura.com\\\/pt-pt\\\/o-nosso-algodao-organico\\\/\",\"name\":\"O Nosso Algod\u00e3o Org\u00e2nico - NaturaPura\",\"isPartOf\":{\"@id\":\"https:\\\/\\\/naturapura.com\\\/pt-pt\\\/#website\"},\"primaryImageOfPage\":{\"@id\":\"https:\\\/\\\/naturapura.com\\\/pt-pt\\\/o-nosso-algodao-organico\\\/#primaryimage\"},\"image\":{\"@id\":\"https:\\\/\\\/naturapura.com\\\/pt-pt\\\/o-nosso-algodao-organico\\\/#primaryimage\"},\"thumbnailUrl\":\"https:\\\/\\\/naturapura.com\\\/wp-content\\\/uploads\\\/2020\\\/01\\\/Organic-Cotton-300x233.jpg\",\"datePublished\":\"2020-11-11T12:36:29+00:00\",\"dateModified\":\"2020-11-11T12:36:31+00:00\",\"description\":\"O algod\u00e3o org\u00e2nico, nas suas cores naturais, sem qu\u00edmicos, tem sido a mat\u00e9ria prima escolhida pela NaturaPura, uma marca de produtos ecol\u00f3gicos, para desenvolver roupinha de beb\u00e9 e seus complementos.\",\"breadcrumb\":{\"@id\":\"https:\\\/\\\/naturapura.com\\\/pt-pt\\\/o-nosso-algodao-organico\\\/#breadcrumb\"},\"inLanguage\":\"pt-PT\",\"potentialAction\":[{\"@type\":\"ReadAction\",\"target\":[\"https:\\\/\\\/naturapura.com\\\/pt-pt\\\/o-nosso-algodao-organico\\\/\"]}]},{\"@type\":\"ImageObject\",\"inLanguage\":\"pt-PT\",\"@id\":\"https:\\\/\\\/naturapura.com\\\/pt-pt\\\/o-nosso-algodao-organico\\\/#primaryimage\",\"url\":\"https:\\\/\\\/naturapura.com\\\/wp-content\\\/uploads\\\/2020\\\/01\\\/Organic-Cotton-300x233.jpg\",\"contentUrl\":\"https:\\\/\\\/naturapura.com\\\/wp-content\\\/uploads\\\/2020\\\/01\\\/Organic-Cotton-300x233.jpg\"},{\"@type\":\"BreadcrumbList\",\"@id\":\"https:\\\/\\\/naturapura.com\\\/pt-pt\\\/o-nosso-algodao-organico\\\/#breadcrumb\",\"itemListElement\":[{\"@type\":\"ListItem\",\"position\":1,\"name\":\"In\u00edcio\",\"item\":\"https:\\\/\\\/naturapura.com\\\/pt-pt\\\/\"},{\"@type\":\"ListItem\",\"position\":2,\"name\":\"O Nosso Algod\u00e3o Org\u00e2nico\"}]},{\"@type\":\"WebSite\",\"@id\":\"https:\\\/\\\/naturapura.com\\\/pt-pt\\\/#website\",\"url\":\"https:\\\/\\\/naturapura.com\\\/pt-pt\\\/\",\"name\":\"NaturaPura\",\"description\":\"Roupinha de Beb\u00e9 e Complementos em Org\u00e2nico\",\"publisher\":{\"@id\":\"https:\\\/\\\/naturapura.com\\\/pt-pt\\\/#organization\"},\"potentialAction\":[{\"@type\":\"SearchAction\",\"target\":{\"@type\":\"EntryPoint\",\"urlTemplate\":\"https:\\\/\\\/naturapura.com\\\/pt-pt\\\/?s={search_term_string}\"},\"query-input\":{\"@type\":\"PropertyValueSpecification\",\"valueRequired\":true,\"valueName\":\"search_term_string\"}}],\"inLanguage\":\"pt-PT\"},{\"@type\":\"Organization\",\"@id\":\"https:\\\/\\\/naturapura.com\\\/pt-pt\\\/#organization\",\"name\":\"NATURAPURA\",\"url\":\"https:\\\/\\\/naturapura.com\\\/pt-pt\\\/\",\"logo\":{\"@type\":\"ImageObject\",\"inLanguage\":\"pt-PT\",\"@id\":\"https:\\\/\\\/naturapura.com\\\/pt-pt\\\/#\\\/schema\\\/logo\\\/image\\\/\",\"url\":\"https:\\\/\\\/i0.wp.com\\\/naturapura.com\\\/wp-content\\\/uploads\\\/2023\\\/09\\\/logo-NP-bebe.png?fit=481%2C101&ssl=1\",\"contentUrl\":\"https:\\\/\\\/i0.wp.com\\\/naturapura.com\\\/wp-content\\\/uploads\\\/2023\\\/09\\\/logo-NP-bebe.png?fit=481%2C101&ssl=1\",\"width\":481,\"height\":101,\"caption\":\"NATURAPURA\"},\"image\":{\"@id\":\"https:\\\/\\\/naturapura.com\\\/pt-pt\\\/#\\\/schema\\\/logo\\\/image\\\/\"}}]}<\/script>\n<!-- \/ Yoast SEO plugin. -->","yoast_head_json":{"title":"O Nosso Algod\u00e3o Org\u00e2nico - NaturaPura","description":"O algod\u00e3o org\u00e2nico, nas suas cores naturais, sem qu\u00edmicos, tem sido a mat\u00e9ria prima escolhida pela NaturaPura, uma marca de produtos ecol\u00f3gicos, para desenvolver roupinha de beb\u00e9 e seus complementos.","robots":{"index":"index","follow":"follow","max-snippet":"max-snippet:-1","max-image-preview":"max-image-preview:large","max-video-preview":"max-video-preview:-1"},"canonical":"https:\/\/naturapura.com\/pt-pt\/o-nosso-algodao-organico\/","og_locale":"pt_PT","og_type":"article","og_title":"O Nosso Algod\u00e3o Org\u00e2nico - NaturaPura","og_description":"O algod\u00e3o org\u00e2nico, nas suas cores naturais, sem qu\u00edmicos, tem sido a mat\u00e9ria prima escolhida pela NaturaPura, uma marca de produtos ecol\u00f3gicos, para desenvolver roupinha de beb\u00e9 e seus complementos.","og_url":"https:\/\/naturapura.com\/pt-pt\/o-nosso-algodao-organico\/","og_site_name":"NaturaPura","article_modified_time":"2020-11-11T12:36:31+00:00","og_image":[{"url":"https:\/\/naturapura.com\/wp-content\/uploads\/2020\/01\/Organic-Cotton-300x233.jpg","type":"","width":"","height":""}],"twitter_card":"summary_large_image","twitter_misc":{"Tempo estimado de leitura":"5 minutos"},"schema":{"@context":"https:\/\/schema.org","@graph":[{"@type":"WebPage","@id":"https:\/\/naturapura.com\/pt-pt\/o-nosso-algodao-organico\/","url":"https:\/\/naturapura.com\/pt-pt\/o-nosso-algodao-organico\/","name":"O Nosso Algod\u00e3o Org\u00e2nico - NaturaPura","isPartOf":{"@id":"https:\/\/naturapura.com\/pt-pt\/#website"},"primaryImageOfPage":{"@id":"https:\/\/naturapura.com\/pt-pt\/o-nosso-algodao-organico\/#primaryimage"},"image":{"@id":"https:\/\/naturapura.com\/pt-pt\/o-nosso-algodao-organico\/#primaryimage"},"thumbnailUrl":"https:\/\/naturapura.com\/wp-content\/uploads\/2020\/01\/Organic-Cotton-300x233.jpg","datePublished":"2020-11-11T12:36:29+00:00","dateModified":"2020-11-11T12:36:31+00:00","description":"O algod\u00e3o org\u00e2nico, nas suas cores naturais, sem qu\u00edmicos, tem sido a mat\u00e9ria prima escolhida pela NaturaPura, uma marca de produtos ecol\u00f3gicos, para desenvolver roupinha de beb\u00e9 e seus complementos.","breadcrumb":{"@id":"https:\/\/naturapura.com\/pt-pt\/o-nosso-algodao-organico\/#breadcrumb"},"inLanguage":"pt-PT","potentialAction":[{"@type":"ReadAction","target":["https:\/\/naturapura.com\/pt-pt\/o-nosso-algodao-organico\/"]}]},{"@type":"ImageObject","inLanguage":"pt-PT","@id":"https:\/\/naturapura.com\/pt-pt\/o-nosso-algodao-organico\/#primaryimage","url":"https:\/\/naturapura.com\/wp-content\/uploads\/2020\/01\/Organic-Cotton-300x233.jpg","contentUrl":"https:\/\/naturapura.com\/wp-content\/uploads\/2020\/01\/Organic-Cotton-300x233.jpg"},{"@type":"BreadcrumbList","@id":"https:\/\/naturapura.com\/pt-pt\/o-nosso-algodao-organico\/#breadcrumb","itemListElement":[{"@type":"ListItem","position":1,"name":"In\u00edcio","item":"https:\/\/naturapura.com\/pt-pt\/"},{"@type":"ListItem","position":2,"name":"O Nosso Algod\u00e3o Org\u00e2nico"}]},{"@type":"WebSite","@id":"https:\/\/naturapura.com\/pt-pt\/#website","url":"https:\/\/naturapura.com\/pt-pt\/","name":"NaturaPura","description":"Roupinha de Beb\u00e9 e Complementos em Org\u00e2nico","publisher":{"@id":"https:\/\/naturapura.com\/pt-pt\/#organization"},"potentialAction":[{"@type":"SearchAction","target":{"@type":"EntryPoint","urlTemplate":"https:\/\/naturapura.com\/pt-pt\/?s={search_term_string}"},"query-input":{"@type":"PropertyValueSpecification","valueRequired":true,"valueName":"search_term_string"}}],"inLanguage":"pt-PT"},{"@type":"Organization","@id":"https:\/\/naturapura.com\/pt-pt\/#organization","name":"NATURAPURA","url":"https:\/\/naturapura.com\/pt-pt\/","logo":{"@type":"ImageObject","inLanguage":"pt-PT","@id":"https:\/\/naturapura.com\/pt-pt\/#\/schema\/logo\/image\/","url":"https:\/\/i0.wp.com\/naturapura.com\/wp-content\/uploads\/2023\/09\/logo-NP-bebe.png?fit=481%2C101&ssl=1","contentUrl":"https:\/\/i0.wp.com\/naturapura.com\/wp-content\/uploads\/2023\/09\/logo-NP-bebe.png?fit=481%2C101&ssl=1","width":481,"height":101,"caption":"NATURAPURA"},"image":{"@id":"https:\/\/naturapura.com\/pt-pt\/#\/schema\/logo\/image\/"}}]}},"jetpack_sharing_enabled":true,"_links":{"self":[{"href":"https:\/\/naturapura.com\/pt-pt\/wp-json\/wp\/v2\/pages\/34358","targetHints":{"allow":["GET"]}}],"collection":[{"href":"https:\/\/naturapura.com\/pt-pt\/wp-json\/wp\/v2\/pages"}],"about":[{"href":"https:\/\/naturapura.com\/pt-pt\/wp-json\/wp\/v2\/types\/page"}],"author":[{"embeddable":true,"href":"https:\/\/naturapura.com\/pt-pt\/wp-json\/wp\/v2\/users\/18"}],"replies":[{"embeddable":true,"href":"https:\/\/naturapura.com\/pt-pt\/wp-json\/wp\/v2\/comments?post=34358"}],"version-history":[{"count":0,"href":"https:\/\/naturapura.com\/pt-pt\/wp-json\/wp\/v2\/pages\/34358\/revisions"}],"wp:attachment":[{"href":"https:\/\/naturapura.com\/pt-pt\/wp-json\/wp\/v2\/media?parent=34358"}],"curies":[{"name":"wp","href":"https:\/\/api.w.org\/{rel}","templated":true}]}}