{"id":29149,"date":"2020-06-15T10:02:11","date_gmt":"2020-06-15T10:02:11","guid":{"rendered":"https:\/\/naturapura.com\/como-comprar\/"},"modified":"2021-03-03T09:59:01","modified_gmt":"2021-03-03T09:59:01","slug":"como-comprar","status":"publish","type":"page","link":"https:\/\/naturapura.com\/pt-pt\/como-comprar\/","title":{"rendered":"Como Comprar"},"content":{"rendered":"\n<div class=\"row\"  id=\"row-676554597\">\n\n\n\t<div id=\"col-293674156\" class=\"col medium-1 small-12 large-1\"  >\n\t\t\t\t<div class=\"col-inner\"  >\n\t\t\t\n\t\t\t\n\n\n\t\t<\/div>\n\t\t\t\t\t<\/div>\n\n\t\n\n\t<div id=\"col-939770839\" class=\"col medium-10 small-12 large-10\"  >\n\t\t\t\t<div class=\"col-inner\"  >\n\t\t\t\n\t\t\t<h2><strong>Como Comprar<\/strong><\/h2>\r\n<h3><strong>Iniciar Sess\u00e3o \/ Registar nova Conta<\/strong><\/h3>\r\n<p style=\"text-align: justify;\">Se ainda\u00a0<strong>n\u00e3o est\u00e1 registada<\/strong>\u00a0na nossa loja online, poder\u00e1 criar uma conta no menu superior (<strong>Iniciar sess\u00e3o\/Registar nova conta<\/strong>), podendo realiz\u00e1-lo, tamb\u00e9m, acedendo atrav\u00e9s da sua conta\u00a0<strong>Google<\/strong>\u00a0ou\u00a0<strong>Facebook<\/strong>, utilizando para o efeito a op\u00e7\u00e3o prevista no processo de\u00a0<strong>Iniciar sess\u00e3o<\/strong>.<\/p>\r\n<p style=\"text-align: justify;\">J\u00e1 \u00e9 cliente online da\u00a0<strong>NaturaPura<\/strong>?<\/p>\r\n<p style=\"text-align: justify;\">Se\u00a0<strong>j\u00e1 est\u00e1 registada<\/strong>\u00a0na nossa loja online, basta fazer o login, introduzindo o seu endere\u00e7o de email e a sua senha\/password, no menu superior (<strong>Iniciar sess\u00e3o<\/strong>), ou aceder atrav\u00e9s da sua conta\u00a0<strong>Google<\/strong>\u00a0ou\u00a0<strong>Facebook<\/strong>, utilizando para o efeito a op\u00e7\u00e3o prevista no processo de\u00a0<strong>Iniciar sess\u00e3o\u00a0<\/strong>referido.<\/p>\r\n<p style=\"text-align: justify;\"><strong>Esqueceu-se da senha\/password<\/strong>?<\/p>\r\n<p style=\"text-align: justify;\">N\u00e3o se preocupe. No processo de\u00a0<strong>Iniciar sess\u00e3o<\/strong>\u00a0h\u00e1 uma op\u00e7\u00e3o para esse fim \u2013 \u201c<strong>Perdeu a sua senha<\/strong>?\u201d.<\/p>\r\n<p style=\"text-align: justify;\">Seguindo essa indica\u00e7\u00e3o, ser\u00e1 enviado um email para o endere\u00e7o que indicou no registo, com informa\u00e7\u00f5es sobre como proceder.<\/p>\r\n\r\n<h3><strong>Finalizar o processo de compra sem se registar<\/strong><\/h3>\r\n<p style=\"text-align: justify;\">Se terminar o processo de compra sem se registar, poder\u00e1 ainda faz\u00ea-lo selecionando a op\u00e7\u00e3o de \u201c<strong>Criar uma conta?<\/strong>\u201d logo\u00a0<strong>ap\u00f3s a introdu\u00e7\u00e3o dos dados de fatura\u00e7\u00e3o<\/strong>. Ao selecionar esta op\u00e7\u00e3o, iremos\u00a0<strong>criar automaticamente<\/strong>\u00a0uma\u00a0<strong>conta<\/strong>\u00a0para si com os dados que nos forneceu.<\/p>\r\n<p style=\"text-align: justify;\"><strong>Pode<\/strong>\u00a0optar por\u00a0<strong>realizar a compra sem se registar<\/strong>. Nesse caso, utilizaremos o endere\u00e7o de email que nos forneceu para lhe enviar os emails de acompanhamento do processo, come\u00e7ando logo com o email de confirma\u00e7\u00e3o de encomenda.<\/p>\r\n<p style=\"text-align: justify;\">Para maior comodidade e seguran\u00e7a, recomendamos que introduza sempre todos os dados solicitados, sobretudo o\u00a0<strong>n\u00famero<\/strong>\u00a0de\u00a0<strong>telem\u00f3vel<\/strong>, de forma a podermos entrar em contacto consigo caso seja necess\u00e1rio.<\/p>\r\n\r\n<h3><strong>Comprar<\/strong><\/h3>\r\nFa\u00e7a as suas compras por\u00a0<strong>Categorias<\/strong>.\r\n<p style=\"text-align: justify;\">Na barra de menus do site, procure entre as categorias de produtos (<strong>Kits de Maternidade<\/strong>,\u00a0<strong>Vestu\u00e1rio<\/strong>,\u00a0<strong>T\u00eaxtil Beb\u00e9<\/strong>,\u00a0<strong>Peluches<\/strong>\u2026) aqueles que quer comprar.<\/p>\r\n<p style=\"text-align: justify;\">Selecione um artigo para ver todas as informa\u00e7\u00f5es sobre o mesmo.<\/p>\r\n<p style=\"text-align: justify;\">Adicione artigos ao seu cesto de compras. Lembre-se de\u00a0<strong>escolher<\/strong>\u00a0a\u00a0<strong>quantidade<\/strong>,\u00a0<strong>cor<\/strong>\u00a0e\u00a0<strong>tamanho<\/strong>. No caso dos\u00a0<strong>Artigos Personalizados<\/strong>, ser-lhe-\u00e1 solicitado o\u00a0<strong>nome<\/strong>\u00a0que pretende colocar no artigo selecionado desta Categoria.<\/p>\r\n<p style=\"text-align: justify;\">Pode juntar uma mensagem de presente \u00e0 sua compra. A sua encomenda ser\u00e1 sempre enviada com uma caixa de embrulho, perfeita para oferecer, para o destino que pretender. Neste caso, ser\u00e1 adicionada a mensagem que lhe vai na alma.<\/p>\r\n<p style=\"text-align: justify;\">V\u00e1 para o\u00a0<strong>cesto de compras<\/strong>, clicando no \u00edcone de um saquinho no lado superior direito. Descubra a\u00ed todas as informa\u00e7\u00f5es relativas aos artigos que escolheu.<\/p>\r\n<p style=\"text-align: justify;\">Escolha \u201c<strong>Finalizar compra<\/strong>\u201d para concluir a sua encomenda. Todas as informa\u00e7\u00f5es relativas a pagamentos, portes de envio e quantidade de produtos estar\u00e3o mencionadas neste passo.<\/p>\r\n<p style=\"text-align: justify;\">Os impostos, nomeadamente, o\u00a0<strong>IVA<\/strong>, \u00e9 calculado em fun\u00e7\u00e3o do<strong>\u00a0endere\u00e7o de destino<\/strong>, podendo ser\u00a0<strong>nulo<\/strong>, no caso do destino da encomenda se localizar\u00a0<strong>fora\u00a0<\/strong>da<strong>\u00a0Uni\u00e3o Europeia<\/strong>.<\/p>\r\n<p style=\"text-align: justify;\">Ap\u00f3s o pagamento ir\u00e1 receber um e-mail de confirma\u00e7\u00e3o, no espa\u00e7o de 10 minutos depois de efetuar a compra.<\/p>\r\n\r\n<h3><strong>Formas de Pagamento<\/strong><\/h3>\r\nOs pagamentos \u00e0\u00a0<strong>NaturaPura<\/strong> podem ser efetuados atrav\u00e9s de:\r\n<ul style=\"text-align: justify;\"><li><strong>Cart\u00f5es <\/strong><strong>de<\/strong>\u00a0<strong>cr\u00e9dito<\/strong>\u00a0(via\u00a0<strong>Stripe<\/strong>);<\/li>\r\n \t<li><strong>Conta <\/strong><strong>PayPal;<\/strong><\/li>\r\n \t<li><strong>Mutibanco<\/strong> (A refer\u00eancia para pagamento \u00e9 v\u00e1lida por 72 horas);<\/li>\r\n \t<li><strong>MBWay<\/strong>.<\/li>\r\n<\/ul><h3><strong>Pagar com o seu Cart\u00e3o de Cr\u00e9dito<\/strong><\/h3>\r\n<p style=\"text-align: justify;\">Cart\u00f5es de cr\u00e9dito s\u00e3o um m\u00e9todo de pagamento seguro atrav\u00e9s da internet. S\u00e3o aceites cart\u00f5es de v\u00e1rias redes, nomeadamente,\u00a0<strong>Visa<\/strong>,\u00a0<strong>MasterCard<\/strong>\u00a0e\u00a0<strong>American Express<\/strong>.<\/p>\r\n<p style=\"text-align: justify;\">Se escolher este m\u00e9todo de pagamento preencha o seguinte para completar o pagamento:<\/p>\r\n\r\n<ul style=\"text-align: justify;\"><li><strong>N\u00famero do cart\u00e3o\u00a0<\/strong>de cr\u00e9dito * (16 d\u00edgitos);<\/li>\r\n \t<li><strong>M\u00eas<\/strong>\/<strong>Ano<\/strong>\u00a0de validade (m\u00eas e ano, cada um com 2 d\u00edgitos) \u2013 Por exemplo, se a validade do cart\u00e3o de cr\u00e9dito for at\u00e9 Dezembro de 2020, dever\u00e1 digitar: 12 \/ 20;<\/li>\r\n \t<li><strong>C\u00f3digo <\/strong>de seguran\u00e7a (<strong>CVV<\/strong>\u00a0\u2013 3 d\u00edgitos, localizado na parte anterior do cart\u00e3o).<\/li>\r\n<\/ul><p style=\"text-align: justify;\">As encomendas est\u00e3o sujeitas a verifica\u00e7\u00e3o e aceita\u00e7\u00e3o antes do envio. O d\u00e9bito no cart\u00e3o de cr\u00e9dito \u00e9 feito antes da aceita\u00e7\u00e3o do pedido.<\/p>\r\n<p style=\"text-align: justify;\">A\u00a0<strong>NaturaPura<\/strong>\u00a0n\u00e3o \u00e9 respons\u00e1vel por qualquer erro tipogr\u00e1fico.<\/p>\r\n<p style=\"text-align: justify;\">* Por raz\u00f5es de\u00a0<strong>seguran\u00e7a<\/strong>,\u00a0<strong>n\u00e3o inclua<\/strong>\u00a0o\u00a0<strong>n\u00famero<\/strong>\u00a0do seu\u00a0<strong>cart\u00e3o<\/strong>\u00a0de cr\u00e9dito em comunica\u00e7\u00f5es via\u00a0<strong>e-mail<\/strong>.<\/p>\r\n\r\n<h3><strong>Pagar com a sua Conta PayPal<\/strong><\/h3>\r\n<p style=\"text-align: justify;\">O\u00a0<strong>PayPal<\/strong>\u00a0\u00e9 utilizado exclusivamente para compras online. Com uma conta\u00a0<strong>PayPal<\/strong>\u00a0pode optar por pagar com o seu cart\u00e3o de cr\u00e9dito, conta banc\u00e1ria ou saldo em conta\u00a0<strong>PayPal<\/strong>. Selecione \u201c<strong>PayPal<\/strong>\u201d e clique em \u201c<strong>Confirmar a Encomenda<\/strong>\u201c. Iremos direcion\u00e1-la para a p\u00e1gina do\u00a0<strong>PayPal<\/strong>\u00a0onde dever\u00e1 fazer login e validar o pagamento.<\/p>\t\t<\/div>\n\t\t\t\t\t<\/div>\n\n\t\n\n<\/div>\n","protected":false},"excerpt":{"rendered":"","protected":false},"author":18,"featured_media":0,"parent":0,"menu_order":0,"comment_status":"closed","ping_status":"closed","template":"","meta":{"footnotes":""},"class_list":["post-29149","page","type-page","status-publish","hentry"],"yoast_head":"<!-- This site is optimized with the Yoast SEO plugin v27.3 - https:\/\/yoast.com\/product\/yoast-seo-wordpress\/ -->\n<title>Como Comprar - NaturaPura<\/title>\n<meta name=\"description\" content=\"No menu superior, verifique as categorias de produtos (Conjuntos de Maternidade, Roupas, Ber\u00e7\u00e1rio, Brinquedos ...).\" \/>\n<meta name=\"robots\" content=\"index, follow, max-snippet:-1, max-image-preview:large, max-video-preview:-1\" \/>\n<link rel=\"canonical\" href=\"https:\/\/naturapura.com\/pt-pt\/como-comprar\/\" \/>\n<meta property=\"og:locale\" content=\"pt_PT\" \/>\n<meta property=\"og:type\" content=\"article\" \/>\n<meta property=\"og:title\" content=\"Como Comprar - NaturaPura\" \/>\n<meta property=\"og:description\" content=\"No menu superior, verifique as categorias de produtos (Conjuntos de Maternidade, Roupas, Ber\u00e7\u00e1rio, Brinquedos ...).\" \/>\n<meta property=\"og:url\" content=\"https:\/\/naturapura.com\/pt-pt\/como-comprar\/\" \/>\n<meta property=\"og:site_name\" content=\"NaturaPura\" \/>\n<meta property=\"article:modified_time\" content=\"2021-03-03T09:59:01+00:00\" \/>\n<meta name=\"twitter:card\" content=\"summary_large_image\" \/>\n<meta name=\"twitter:label1\" content=\"Tempo estimado de leitura\" \/>\n\t<meta name=\"twitter:data1\" content=\"4 minutos\" \/>\n<script type=\"application\/ld+json\" class=\"yoast-schema-graph\">{\"@context\":\"https:\\\/\\\/schema.org\",\"@graph\":[{\"@type\":\"WebPage\",\"@id\":\"https:\\\/\\\/naturapura.com\\\/pt-pt\\\/como-comprar\\\/\",\"url\":\"https:\\\/\\\/naturapura.com\\\/pt-pt\\\/como-comprar\\\/\",\"name\":\"Como Comprar - NaturaPura\",\"isPartOf\":{\"@id\":\"https:\\\/\\\/naturapura.com\\\/pt-pt\\\/#website\"},\"datePublished\":\"2020-06-15T10:02:11+00:00\",\"dateModified\":\"2021-03-03T09:59:01+00:00\",\"description\":\"No menu superior, verifique as categorias de produtos (Conjuntos de Maternidade, Roupas, Ber\u00e7\u00e1rio, Brinquedos ...).\",\"breadcrumb\":{\"@id\":\"https:\\\/\\\/naturapura.com\\\/pt-pt\\\/como-comprar\\\/#breadcrumb\"},\"inLanguage\":\"pt-PT\",\"potentialAction\":[{\"@type\":\"ReadAction\",\"target\":[\"https:\\\/\\\/naturapura.com\\\/pt-pt\\\/como-comprar\\\/\"]}]},{\"@type\":\"BreadcrumbList\",\"@id\":\"https:\\\/\\\/naturapura.com\\\/pt-pt\\\/como-comprar\\\/#breadcrumb\",\"itemListElement\":[{\"@type\":\"ListItem\",\"position\":1,\"name\":\"In\u00edcio\",\"item\":\"https:\\\/\\\/naturapura.com\\\/pt-pt\\\/\"},{\"@type\":\"ListItem\",\"position\":2,\"name\":\"Como Comprar\"}]},{\"@type\":\"WebSite\",\"@id\":\"https:\\\/\\\/naturapura.com\\\/pt-pt\\\/#website\",\"url\":\"https:\\\/\\\/naturapura.com\\\/pt-pt\\\/\",\"name\":\"NaturaPura\",\"description\":\"Roupinha de Beb\u00e9 e Complementos em Org\u00e2nico\",\"publisher\":{\"@id\":\"https:\\\/\\\/naturapura.com\\\/pt-pt\\\/#organization\"},\"potentialAction\":[{\"@type\":\"SearchAction\",\"target\":{\"@type\":\"EntryPoint\",\"urlTemplate\":\"https:\\\/\\\/naturapura.com\\\/pt-pt\\\/?s={search_term_string}\"},\"query-input\":{\"@type\":\"PropertyValueSpecification\",\"valueRequired\":true,\"valueName\":\"search_term_string\"}}],\"inLanguage\":\"pt-PT\"},{\"@type\":\"Organization\",\"@id\":\"https:\\\/\\\/naturapura.com\\\/pt-pt\\\/#organization\",\"name\":\"NATURAPURA\",\"url\":\"https:\\\/\\\/naturapura.com\\\/pt-pt\\\/\",\"logo\":{\"@type\":\"ImageObject\",\"inLanguage\":\"pt-PT\",\"@id\":\"https:\\\/\\\/naturapura.com\\\/pt-pt\\\/#\\\/schema\\\/logo\\\/image\\\/\",\"url\":\"https:\\\/\\\/i0.wp.com\\\/naturapura.com\\\/wp-content\\\/uploads\\\/2023\\\/09\\\/logo-NP-bebe.png?fit=481%2C101&ssl=1\",\"contentUrl\":\"https:\\\/\\\/i0.wp.com\\\/naturapura.com\\\/wp-content\\\/uploads\\\/2023\\\/09\\\/logo-NP-bebe.png?fit=481%2C101&ssl=1\",\"width\":481,\"height\":101,\"caption\":\"NATURAPURA\"},\"image\":{\"@id\":\"https:\\\/\\\/naturapura.com\\\/pt-pt\\\/#\\\/schema\\\/logo\\\/image\\\/\"}}]}<\/script>\n<!-- \/ Yoast SEO plugin. -->","yoast_head_json":{"title":"Como Comprar - NaturaPura","description":"No menu superior, verifique as categorias de produtos (Conjuntos de Maternidade, Roupas, Ber\u00e7\u00e1rio, Brinquedos ...).","robots":{"index":"index","follow":"follow","max-snippet":"max-snippet:-1","max-image-preview":"max-image-preview:large","max-video-preview":"max-video-preview:-1"},"canonical":"https:\/\/naturapura.com\/pt-pt\/como-comprar\/","og_locale":"pt_PT","og_type":"article","og_title":"Como Comprar - NaturaPura","og_description":"No menu superior, verifique as categorias de produtos (Conjuntos de Maternidade, Roupas, Ber\u00e7\u00e1rio, Brinquedos ...).","og_url":"https:\/\/naturapura.com\/pt-pt\/como-comprar\/","og_site_name":"NaturaPura","article_modified_time":"2021-03-03T09:59:01+00:00","twitter_card":"summary_large_image","twitter_misc":{"Tempo estimado de leitura":"4 minutos"},"schema":{"@context":"https:\/\/schema.org","@graph":[{"@type":"WebPage","@id":"https:\/\/naturapura.com\/pt-pt\/como-comprar\/","url":"https:\/\/naturapura.com\/pt-pt\/como-comprar\/","name":"Como Comprar - NaturaPura","isPartOf":{"@id":"https:\/\/naturapura.com\/pt-pt\/#website"},"datePublished":"2020-06-15T10:02:11+00:00","dateModified":"2021-03-03T09:59:01+00:00","description":"No menu superior, verifique as categorias de produtos (Conjuntos de Maternidade, Roupas, Ber\u00e7\u00e1rio, Brinquedos ...).","breadcrumb":{"@id":"https:\/\/naturapura.com\/pt-pt\/como-comprar\/#breadcrumb"},"inLanguage":"pt-PT","potentialAction":[{"@type":"ReadAction","target":["https:\/\/naturapura.com\/pt-pt\/como-comprar\/"]}]},{"@type":"BreadcrumbList","@id":"https:\/\/naturapura.com\/pt-pt\/como-comprar\/#breadcrumb","itemListElement":[{"@type":"ListItem","position":1,"name":"In\u00edcio","item":"https:\/\/naturapura.com\/pt-pt\/"},{"@type":"ListItem","position":2,"name":"Como Comprar"}]},{"@type":"WebSite","@id":"https:\/\/naturapura.com\/pt-pt\/#website","url":"https:\/\/naturapura.com\/pt-pt\/","name":"NaturaPura","description":"Roupinha de Beb\u00e9 e Complementos em Org\u00e2nico","publisher":{"@id":"https:\/\/naturapura.com\/pt-pt\/#organization"},"potentialAction":[{"@type":"SearchAction","target":{"@type":"EntryPoint","urlTemplate":"https:\/\/naturapura.com\/pt-pt\/?s={search_term_string}"},"query-input":{"@type":"PropertyValueSpecification","valueRequired":true,"valueName":"search_term_string"}}],"inLanguage":"pt-PT"},{"@type":"Organization","@id":"https:\/\/naturapura.com\/pt-pt\/#organization","name":"NATURAPURA","url":"https:\/\/naturapura.com\/pt-pt\/","logo":{"@type":"ImageObject","inLanguage":"pt-PT","@id":"https:\/\/naturapura.com\/pt-pt\/#\/schema\/logo\/image\/","url":"https:\/\/i0.wp.com\/naturapura.com\/wp-content\/uploads\/2023\/09\/logo-NP-bebe.png?fit=481%2C101&ssl=1","contentUrl":"https:\/\/i0.wp.com\/naturapura.com\/wp-content\/uploads\/2023\/09\/logo-NP-bebe.png?fit=481%2C101&ssl=1","width":481,"height":101,"caption":"NATURAPURA"},"image":{"@id":"https:\/\/naturapura.com\/pt-pt\/#\/schema\/logo\/image\/"}}]}},"jetpack_sharing_enabled":true,"_links":{"self":[{"href":"https:\/\/naturapura.com\/pt-pt\/wp-json\/wp\/v2\/pages\/29149","targetHints":{"allow":["GET"]}}],"collection":[{"href":"https:\/\/naturapura.com\/pt-pt\/wp-json\/wp\/v2\/pages"}],"about":[{"href":"https:\/\/naturapura.com\/pt-pt\/wp-json\/wp\/v2\/types\/page"}],"author":[{"embeddable":true,"href":"https:\/\/naturapura.com\/pt-pt\/wp-json\/wp\/v2\/users\/18"}],"replies":[{"embeddable":true,"href":"https:\/\/naturapura.com\/pt-pt\/wp-json\/wp\/v2\/comments?post=29149"}],"version-history":[{"count":0,"href":"https:\/\/naturapura.com\/pt-pt\/wp-json\/wp\/v2\/pages\/29149\/revisions"}],"wp:attachment":[{"href":"https:\/\/naturapura.com\/pt-pt\/wp-json\/wp\/v2\/media?parent=29149"}],"curies":[{"name":"wp","href":"https:\/\/api.w.org\/{rel}","templated":true}]}}