{"id":29124,"date":"2020-06-15T09:22:02","date_gmt":"2020-06-15T09:22:02","guid":{"rendered":"https:\/\/naturapura.com\/naturapura-babyclub\/"},"modified":"2022-04-14T14:19:57","modified_gmt":"2022-04-14T14:19:57","slug":"naturapura-babyclub","status":"publish","type":"page","link":"https:\/\/naturapura.com\/pt-pt\/naturapura-babyclub\/","title":{"rendered":"NaturaPura BabyClub"},"content":{"rendered":"\n<div class=\"row\"  id=\"row-613657516\">\n\n\n\t<div id=\"col-1468286024\" class=\"col medium-1 small-12 large-1\"  >\n\t\t\t\t<div class=\"col-inner\"  >\n\t\t\t\n\t\t\t\n\n\n\t\t<\/div>\n\t\t\t\t\t<\/div>\n\n\t\n\n\t<div id=\"col-1307279653\" class=\"col medium-10 small-12 large-10\"  >\n\t\t\t\t<div class=\"col-inner\"  >\n\t\t\t\n\t\t\t\n\n\t<div id=\"text-2280351151\" class=\"text\">\n\t\t\n\n<h2 style=\"text-align: center;\"><strong>NaturaPura BabyClub<\/strong><\/h2>\r\n<p style=\"text-align: justify;\">O programa de fideliza\u00e7\u00e3o\u00a0<strong>NaturaPura Baby Club<\/strong>\u00a0\u00e9 exclusivo das Clientes registadas na nossa loja online.<\/p>\r\n<p style=\"text-align: justify;\">Este programa permite-lhe, como nossa Cliente registada, receber pontos (\u201c<strong>NPontos<\/strong>\u201d), na propor\u00e7\u00e3o de\u00a0<strong>um ponto por cada EURO (USD\/GBP)<\/strong>\u00a0de compras, na aquisi\u00e7\u00e3o de artigos que n\u00e3o estejam em promo\u00e7\u00e3o. Mas tenha em conta que os pontos ganhos s\u00f3 poder\u00e3o ser utilizados, como desconto, nas compras seguintes.<\/p>\r\n<p style=\"text-align: justify;\">Em cada compra procuraremos creditar o m\u00e1ximo desconto que os pontos acumulados e o valor da compra, a realizar, permitirem. O valor m\u00ednimo de desconto s\u00e3o\u00a0<strong>10 EURO (USD\/GBP)<\/strong>, correspondente \u00e0 utiliza\u00e7\u00e3o de\u00a0<strong>200 pontos<\/strong>. No entanto, se estiver a usufruir de um desconto pela utiliza\u00e7\u00e3o de pontos, n\u00e3o ser\u00e1 poss\u00edvel acumular esse desconto com outras atividades promocionais.<\/p>\r\n<p style=\"text-align: justify;\">Mas, caso pretenda, poder\u00e1 remover o desconto, continuando a acumular pontos para utiliza\u00e7\u00e3o em compras futuras. Assim, tamb\u00e9m poder\u00e1, com a acumula\u00e7\u00e3o de 500 pontos, adquirir qualquer um dos bonecos da nossa cole\u00e7\u00e3o. Aproveite! Os nossos bonecos peluches s\u00e3o \u00fanicos, seguros, livres de quaisquer qu\u00edmicos, o melhor para o beb\u00e9 (n\u00e3o deixe de ler\u00a0<strong><a href=\"https:\/\/naturapura.com\/pt-pt\/o-nosso-algodao-organico\/\">O Nosso Algod\u00e3o Org\u00e2nico para Beb\u00e9<\/a><\/strong>).<\/p>\r\n<p style=\"text-align: justify;\">Assim, se o desejar, agradecemos que nos informe utilizando o endere\u00e7o de email <strong><a href=\"mailto:customer.service@naturapura.eu\">customer.service@naturapura.eu<\/a><\/strong>. Enviaremos um cup\u00e3o de desconto para ser utilizado, na nossa loja online, na aquisi\u00e7\u00e3o do peluche que mais gostar.<\/p>\r\n<p style=\"text-align: justify;\">N\u00e3o se esque\u00e7a que os pontos expiram ao fim de 360 dias ap\u00f3s a data da sua aquisi\u00e7\u00e3o. N\u00e3o os deixe expirar!<\/p>\n\t\t\n<style>\n#text-2280351151 {\n  text-align: center;\n}\n<\/style>\n\t<\/div>\n\t\n\n\t\t<\/div>\n\t\t\t\t\t<\/div>\n\n\t\n\n<\/div>\n\n","protected":false},"excerpt":{"rendered":"","protected":false},"author":18,"featured_media":0,"parent":0,"menu_order":0,"comment_status":"closed","ping_status":"closed","template":"","meta":{"footnotes":""},"class_list":["post-29124","page","type-page","status-publish","hentry"],"yoast_head":"<!-- This site is optimized with the Yoast SEO plugin v27.3 - https:\/\/yoast.com\/product\/yoast-seo-wordpress\/ -->\n<title>NaturaPura BabyClub - NaturaPura<\/title>\n<meta name=\"description\" content=\"Este programa concede aos nossos clientes registados, um ponto por cada EURO (USD \/ GBP) em compras. .\" \/>\n<meta name=\"robots\" content=\"index, follow, max-snippet:-1, max-image-preview:large, max-video-preview:-1\" \/>\n<link rel=\"canonical\" href=\"https:\/\/naturapura.com\/pt-pt\/naturapura-babyclub\/\" \/>\n<meta property=\"og:locale\" content=\"pt_PT\" \/>\n<meta property=\"og:type\" content=\"article\" \/>\n<meta property=\"og:title\" content=\"NaturaPura BabyClub - NaturaPura\" \/>\n<meta property=\"og:description\" content=\"Este programa concede aos nossos clientes registados, um ponto por cada EURO (USD \/ GBP) em compras. .\" \/>\n<meta property=\"og:url\" content=\"https:\/\/naturapura.com\/pt-pt\/naturapura-babyclub\/\" \/>\n<meta property=\"og:site_name\" content=\"NaturaPura\" \/>\n<meta property=\"article:modified_time\" content=\"2022-04-14T14:19:57+00:00\" \/>\n<meta name=\"twitter:card\" content=\"summary_large_image\" \/>\n<meta name=\"twitter:label1\" content=\"Tempo estimado de leitura\" \/>\n\t<meta name=\"twitter:data1\" content=\"1 minuto\" \/>\n<script type=\"application\/ld+json\" class=\"yoast-schema-graph\">{\"@context\":\"https:\\\/\\\/schema.org\",\"@graph\":[{\"@type\":\"WebPage\",\"@id\":\"https:\\\/\\\/naturapura.com\\\/pt-pt\\\/naturapura-babyclub\\\/\",\"url\":\"https:\\\/\\\/naturapura.com\\\/pt-pt\\\/naturapura-babyclub\\\/\",\"name\":\"NaturaPura BabyClub - NaturaPura\",\"isPartOf\":{\"@id\":\"https:\\\/\\\/naturapura.com\\\/pt-pt\\\/#website\"},\"datePublished\":\"2020-06-15T09:22:02+00:00\",\"dateModified\":\"2022-04-14T14:19:57+00:00\",\"description\":\"Este programa concede aos nossos clientes registados, um ponto por cada EURO (USD \\\/ GBP) em compras. .\",\"breadcrumb\":{\"@id\":\"https:\\\/\\\/naturapura.com\\\/pt-pt\\\/naturapura-babyclub\\\/#breadcrumb\"},\"inLanguage\":\"pt-PT\",\"potentialAction\":[{\"@type\":\"ReadAction\",\"target\":[\"https:\\\/\\\/naturapura.com\\\/pt-pt\\\/naturapura-babyclub\\\/\"]}]},{\"@type\":\"BreadcrumbList\",\"@id\":\"https:\\\/\\\/naturapura.com\\\/pt-pt\\\/naturapura-babyclub\\\/#breadcrumb\",\"itemListElement\":[{\"@type\":\"ListItem\",\"position\":1,\"name\":\"In\u00edcio\",\"item\":\"https:\\\/\\\/naturapura.com\\\/pt-pt\\\/\"},{\"@type\":\"ListItem\",\"position\":2,\"name\":\"NaturaPura BabyClub\"}]},{\"@type\":\"WebSite\",\"@id\":\"https:\\\/\\\/naturapura.com\\\/pt-pt\\\/#website\",\"url\":\"https:\\\/\\\/naturapura.com\\\/pt-pt\\\/\",\"name\":\"NaturaPura\",\"description\":\"Roupinha de Beb\u00e9 e Complementos em Org\u00e2nico\",\"publisher\":{\"@id\":\"https:\\\/\\\/naturapura.com\\\/pt-pt\\\/#organization\"},\"potentialAction\":[{\"@type\":\"SearchAction\",\"target\":{\"@type\":\"EntryPoint\",\"urlTemplate\":\"https:\\\/\\\/naturapura.com\\\/pt-pt\\\/?s={search_term_string}\"},\"query-input\":{\"@type\":\"PropertyValueSpecification\",\"valueRequired\":true,\"valueName\":\"search_term_string\"}}],\"inLanguage\":\"pt-PT\"},{\"@type\":\"Organization\",\"@id\":\"https:\\\/\\\/naturapura.com\\\/pt-pt\\\/#organization\",\"name\":\"NATURAPURA\",\"url\":\"https:\\\/\\\/naturapura.com\\\/pt-pt\\\/\",\"logo\":{\"@type\":\"ImageObject\",\"inLanguage\":\"pt-PT\",\"@id\":\"https:\\\/\\\/naturapura.com\\\/pt-pt\\\/#\\\/schema\\\/logo\\\/image\\\/\",\"url\":\"https:\\\/\\\/i0.wp.com\\\/naturapura.com\\\/wp-content\\\/uploads\\\/2023\\\/09\\\/logo-NP-bebe.png?fit=481%2C101&ssl=1\",\"contentUrl\":\"https:\\\/\\\/i0.wp.com\\\/naturapura.com\\\/wp-content\\\/uploads\\\/2023\\\/09\\\/logo-NP-bebe.png?fit=481%2C101&ssl=1\",\"width\":481,\"height\":101,\"caption\":\"NATURAPURA\"},\"image\":{\"@id\":\"https:\\\/\\\/naturapura.com\\\/pt-pt\\\/#\\\/schema\\\/logo\\\/image\\\/\"}}]}<\/script>\n<!-- \/ Yoast SEO plugin. -->","yoast_head_json":{"title":"NaturaPura BabyClub - NaturaPura","description":"Este programa concede aos nossos clientes registados, um ponto por cada EURO (USD \/ GBP) em compras. .","robots":{"index":"index","follow":"follow","max-snippet":"max-snippet:-1","max-image-preview":"max-image-preview:large","max-video-preview":"max-video-preview:-1"},"canonical":"https:\/\/naturapura.com\/pt-pt\/naturapura-babyclub\/","og_locale":"pt_PT","og_type":"article","og_title":"NaturaPura BabyClub - NaturaPura","og_description":"Este programa concede aos nossos clientes registados, um ponto por cada EURO (USD \/ GBP) em compras. .","og_url":"https:\/\/naturapura.com\/pt-pt\/naturapura-babyclub\/","og_site_name":"NaturaPura","article_modified_time":"2022-04-14T14:19:57+00:00","twitter_card":"summary_large_image","twitter_misc":{"Tempo estimado de leitura":"1 minuto"},"schema":{"@context":"https:\/\/schema.org","@graph":[{"@type":"WebPage","@id":"https:\/\/naturapura.com\/pt-pt\/naturapura-babyclub\/","url":"https:\/\/naturapura.com\/pt-pt\/naturapura-babyclub\/","name":"NaturaPura BabyClub - NaturaPura","isPartOf":{"@id":"https:\/\/naturapura.com\/pt-pt\/#website"},"datePublished":"2020-06-15T09:22:02+00:00","dateModified":"2022-04-14T14:19:57+00:00","description":"Este programa concede aos nossos clientes registados, um ponto por cada EURO (USD \/ GBP) em compras. .","breadcrumb":{"@id":"https:\/\/naturapura.com\/pt-pt\/naturapura-babyclub\/#breadcrumb"},"inLanguage":"pt-PT","potentialAction":[{"@type":"ReadAction","target":["https:\/\/naturapura.com\/pt-pt\/naturapura-babyclub\/"]}]},{"@type":"BreadcrumbList","@id":"https:\/\/naturapura.com\/pt-pt\/naturapura-babyclub\/#breadcrumb","itemListElement":[{"@type":"ListItem","position":1,"name":"In\u00edcio","item":"https:\/\/naturapura.com\/pt-pt\/"},{"@type":"ListItem","position":2,"name":"NaturaPura BabyClub"}]},{"@type":"WebSite","@id":"https:\/\/naturapura.com\/pt-pt\/#website","url":"https:\/\/naturapura.com\/pt-pt\/","name":"NaturaPura","description":"Roupinha de Beb\u00e9 e Complementos em Org\u00e2nico","publisher":{"@id":"https:\/\/naturapura.com\/pt-pt\/#organization"},"potentialAction":[{"@type":"SearchAction","target":{"@type":"EntryPoint","urlTemplate":"https:\/\/naturapura.com\/pt-pt\/?s={search_term_string}"},"query-input":{"@type":"PropertyValueSpecification","valueRequired":true,"valueName":"search_term_string"}}],"inLanguage":"pt-PT"},{"@type":"Organization","@id":"https:\/\/naturapura.com\/pt-pt\/#organization","name":"NATURAPURA","url":"https:\/\/naturapura.com\/pt-pt\/","logo":{"@type":"ImageObject","inLanguage":"pt-PT","@id":"https:\/\/naturapura.com\/pt-pt\/#\/schema\/logo\/image\/","url":"https:\/\/i0.wp.com\/naturapura.com\/wp-content\/uploads\/2023\/09\/logo-NP-bebe.png?fit=481%2C101&ssl=1","contentUrl":"https:\/\/i0.wp.com\/naturapura.com\/wp-content\/uploads\/2023\/09\/logo-NP-bebe.png?fit=481%2C101&ssl=1","width":481,"height":101,"caption":"NATURAPURA"},"image":{"@id":"https:\/\/naturapura.com\/pt-pt\/#\/schema\/logo\/image\/"}}]}},"jetpack_sharing_enabled":true,"_links":{"self":[{"href":"https:\/\/naturapura.com\/pt-pt\/wp-json\/wp\/v2\/pages\/29124","targetHints":{"allow":["GET"]}}],"collection":[{"href":"https:\/\/naturapura.com\/pt-pt\/wp-json\/wp\/v2\/pages"}],"about":[{"href":"https:\/\/naturapura.com\/pt-pt\/wp-json\/wp\/v2\/types\/page"}],"author":[{"embeddable":true,"href":"https:\/\/naturapura.com\/pt-pt\/wp-json\/wp\/v2\/users\/18"}],"replies":[{"embeddable":true,"href":"https:\/\/naturapura.com\/pt-pt\/wp-json\/wp\/v2\/comments?post=29124"}],"version-history":[{"count":0,"href":"https:\/\/naturapura.com\/pt-pt\/wp-json\/wp\/v2\/pages\/29124\/revisions"}],"wp:attachment":[{"href":"https:\/\/naturapura.com\/pt-pt\/wp-json\/wp\/v2\/media?parent=29124"}],"curies":[{"name":"wp","href":"https:\/\/api.w.org\/{rel}","templated":true}]}}