{"id":29111,"date":"2020-06-15T09:10:53","date_gmt":"2020-06-15T09:10:53","guid":{"rendered":"https:\/\/naturapura.com\/eu-ecolabel-e-testes-dermatologicos\/"},"modified":"2020-11-20T18:38:19","modified_gmt":"2020-11-20T18:38:19","slug":"eu-ecolabel-e-testes-dermatologicos","status":"publish","type":"page","link":"https:\/\/naturapura.com\/pt-pt\/eu-ecolabel-e-testes-dermatologicos\/","title":{"rendered":"Eu-EcoLabel e Testes Dermatol\u00f3gicos"},"content":{"rendered":"\n\n\n<div class=\"row\"  id=\"row-730428218\">\n\n\n\t<div id=\"col-1503075243\" class=\"col medium-1 small-12 large-1\"  >\n\t\t\t\t<div class=\"col-inner\"  >\n\t\t\t\n\t\t\t\n\n\n\t\t<\/div>\n\t\t\t\t\t<\/div>\n\n\t\n\n\t<div id=\"col-363672782\" class=\"col medium-10 small-12 large-10\"  >\n\t\t\t\t<div class=\"col-inner\"  >\n\t\t\t\n\t\t\t\n\n<h2><strong>Eu-EcoLabel e Testes Dermatol\u00f3gicos<\/strong><\/h2>\n<p style=\"text-align: justify;\"><strong>A NaturaPura<\/strong>\u00a0<strong>garante,\u00a0<\/strong>atrav\u00e9s da certifica\u00e7\u00e3o EU-EcoLabel e de testes dermatol\u00f3gicos realizados, que os seus produtos:<\/p>\n<ul style=\"text-align: justify;\">\n<li><strong>N\u00e3o t\u00eam produtos qu\u00edmicos prejudiciais\u00a0<\/strong>\u00e0 sa\u00fade do seu beb\u00e9;<\/li>\n<li><strong>N\u00e3o causam alergias\u00a0<\/strong>na sua pele sens\u00edvel.<\/li>\n<\/ul>\n<p style=\"text-align: justify;\"><strong>R\u00f3tulo Ecol\u00f3gico Europeu (EU)<\/strong><\/p>\n<p style=\"text-align: justify;\">A<strong>\u00a0NaturaPura<\/strong>\u00a0tem os seus produtos certificados com o\u00a0<strong>R\u00f3tulo Ecol\u00f3gico Europeu<\/strong>\u00a0\u00a0<u><a href=\"http:\/\/ec.europa.eu\/ecat\/products\/en\/21992\/naturapura-iberica---prod\"><strong>(Licen\u00e7a PT\/016\/001),<\/strong><\/a><\/u>\u00a0que \u00e9 atribu\u00eddo pela Uni\u00e3o Europeia. Este r\u00f3tulo garante que a produ\u00e7\u00e3o cumpre rigorosos crit\u00e9rios ecol\u00f3gicos e de desempenho. O R\u00f3tulo Ecol\u00f3gico Europeu (<strong>EcoLabel<\/strong>) distingue\u00a0<strong>produtos<\/strong>\u00a0e servi\u00e7os\u00a0<strong>amigos\u00a0<\/strong>do\u00a0<strong>ambiente<\/strong>, processos sustent\u00e1veis e ecol\u00f3gicos. Para a\u00a0<strong>NaturaPura<\/strong>\u00a0obter o\u00a0<strong>r\u00f3tulo<\/strong>\u00a0teve que\u00a0<strong>certificar<\/strong>\u00a0a:<\/p>\n<ul style=\"text-align: justify;\">\n<li>Limita\u00e7\u00e3o no uso de subst\u00e2ncias que produzam quaisquer efeitos nocivos no ar e na \u00e1gua durante a produ\u00e7\u00e3o da fibra;<\/li>\n<li><strong>Redu\u00e7\u00e3o efetiva no risco de rea\u00e7\u00f5es al\u00e9rgicas (<\/strong>muito importante na\u00a0<strong>pele sens\u00edvel dos beb\u00e9s)<\/strong>;<\/li>\n<li>Qualidade ex\u00edmia dos seus tecidos;<\/li>\n<li>Resist\u00eancia da cor dos tecidos durante a lavagem, secagem e exposi\u00e7\u00e3o \u00e0 luz.<\/li>\n<\/ul>\n<p style=\"text-align: justify;\">Para a obten\u00e7\u00e3o destes resultados muito contribui a\u00a0<strong>utiliza\u00e7\u00e3o exclusiva de tecidos 100%\u00a0<a href=\"https:\/\/naturapura.com\/pt-pt\/o-nosso-algodao-organico\/\">algod\u00e3o org\u00e2nico<\/a>\u00a0(bio), n\u00e3o tingido, sem quaisquer produtos qu\u00edmicos, utilizado nas suas cores naturais<\/strong>, como cresce na terra, ultra-natural.<\/p>\n<p style=\"text-align: justify;\"><img data-recalc-dims=\"1\" decoding=\"async\" class=\"wp-image-12684 aligncenter\" src=\"https:\/\/i0.wp.com\/naturapura.com\/wp-content\/uploads\/2019\/12\/ECOLABEL_SEM-FUNDO.png?resize=228%2C226&#038;ssl=1\" alt=\"\" width=\"228\" height=\"226\" srcset=\"https:\/\/i0.wp.com\/naturapura.com\/wp-content\/uploads\/2019\/12\/ECOLABEL_SEM-FUNDO.png?resize=300%2C297&amp;ssl=1 300w, https:\/\/i0.wp.com\/naturapura.com\/wp-content\/uploads\/2019\/12\/ECOLABEL_SEM-FUNDO.png?resize=100%2C100&amp;ssl=1 100w, https:\/\/i0.wp.com\/naturapura.com\/wp-content\/uploads\/2019\/12\/ECOLABEL_SEM-FUNDO.png?resize=150%2C150&amp;ssl=1 150w, https:\/\/i0.wp.com\/naturapura.com\/wp-content\/uploads\/2019\/12\/ECOLABEL_SEM-FUNDO.png?w=356&amp;ssl=1 356w\" sizes=\"(max-width: 228px) 100vw, 228px\" \/><\/p>\n<p style=\"text-align: justify;\"><strong>Testes Dermatol\u00f3gicos<\/strong><\/p>\n<p style=\"text-align: justify;\">Os tecidos\u00a0<strong>NaturaPura<\/strong>\u00a0s\u00e3o\u00a0<strong>dermatologicamente testados<\/strong>\u00a0na Alemanha, pelo\u00a0<a href=\"https:\/\/www.itvp-denkendorf.de\/\"><strong>ITV<\/strong><\/a>, e na Finl\u00e2ndia pelo\u00a0<u><a href=\"https:\/\/biositehisto.com\/\"><strong>BioSiteHisto,\u00a0<\/strong><\/a><\/u>comprovando-se que\u00a0<strong>n\u00e3o provocam alergias na pele sens\u00edvel dos beb\u00e9s<\/strong>, sendo o produto ideal para todos os beb\u00e9s e, nomeadamente, quando o\u00a0<strong>beb\u00e9<\/strong>, por outras raz\u00f5es, tem\u00a0<strong>propens\u00e3o<\/strong>\u00a0para contrair\u00a0<strong>alergias<\/strong>\u00a0de\u00a0<strong>pele<\/strong>.<\/p>\n<p style=\"text-align: justify;\"><img data-recalc-dims=\"1\" decoding=\"async\" class=\"wp-image-29113 aligncenter\" src=\"https:\/\/i0.wp.com\/naturapura.com\/wp-content\/uploads\/2020\/06\/222.png?resize=194%2C111&#038;ssl=1\" alt=\"\" width=\"194\" height=\"111\" \/><\/p>\n<p style=\"text-align: justify;\">\u00a0<\/p>\n<p><img data-recalc-dims=\"1\" decoding=\"async\" class=\"size-medium wp-image-29114 aligncenter\" src=\"https:\/\/i0.wp.com\/naturapura.com\/wp-content\/uploads\/2020\/06\/66666.png?resize=300%2C76&#038;ssl=1\" alt=\"\" width=\"300\" height=\"76\" srcset=\"https:\/\/i0.wp.com\/naturapura.com\/wp-content\/uploads\/2020\/06\/66666.png?resize=300%2C76&amp;ssl=1 300w, https:\/\/i0.wp.com\/naturapura.com\/wp-content\/uploads\/2020\/06\/66666.png?w=437&amp;ssl=1 437w\" sizes=\"(max-width: 300px) 100vw, 300px\" \/><\/p>\n<p style=\"text-align: justify;\"><strong>Seguran\u00e7a nos Peluches NaturaPura<\/strong><\/p>\n<p style=\"text-align: justify;\"><strong>Os brinquedos peluches NaturaPura<\/strong>\u00a0t\u00eam todas as vantagens resultantes de serem feitos com\u00a0<a href=\"https:\/\/naturapura.com\/pt-pt\/o-nosso-algodao-organico\/\"><strong>algod\u00e3o org\u00e2nico<\/strong>\u00a0<\/a>nas suas\u00a0<strong>cores naturais<\/strong>, n\u00e3o tingido,\u00a0<strong>sem produtos qu\u00edmicos,\u00a0<\/strong>n\u00e3o existindo qualquer problema para a\u00a0<strong>sa\u00fade do beb\u00e9<\/strong>\u00a0se o\u00a0<strong>levar<\/strong>\u00a0<strong>\u00e0 boca<\/strong>, como certamente o far\u00e1. Al\u00e9m disso, s\u00e3o testados no\u00a0<a href=\"https:\/\/www.catim.pt\/\"><strong>CATIM<\/strong>\u00a0<\/a>, em Portugal, garantindo o cumprimento das normas europeias EN 71-1, EN 71-2 e EN 71-3.<\/p>\n\n\t\t<\/div>\n\t\t\t\t\t<\/div>\n\n\t\n\n<\/div>\n\n","protected":false},"excerpt":{"rendered":"","protected":false},"author":18,"featured_media":0,"parent":0,"menu_order":0,"comment_status":"closed","ping_status":"closed","template":"","meta":{"footnotes":""},"class_list":["post-29111","page","type-page","status-publish","hentry"],"yoast_head":"<!-- This site is optimized with the Yoast SEO plugin v27.4 - https:\/\/yoast.com\/product\/yoast-seo-wordpress\/ -->\n<title>Eu-EcoLabel e Testes Dermatol\u00f3gicos - NaturaPura<\/title>\n<meta name=\"description\" content=\"A NaturaPura\u00a0garante que os seus produtos n\u00e3o t\u00eam produtos qu\u00edmicos prejudiciais \u00e0 sa\u00fade do seu beb\u00e9 nem causam alergias na sua pele sens\u00edvel.\" \/>\n<meta name=\"robots\" content=\"index, follow, max-snippet:-1, max-image-preview:large, max-video-preview:-1\" \/>\n<link rel=\"canonical\" href=\"https:\/\/naturapura.com\/pt-pt\/eu-ecolabel-e-testes-dermatologicos\/\" \/>\n<meta property=\"og:locale\" content=\"pt_PT\" \/>\n<meta property=\"og:type\" content=\"article\" \/>\n<meta property=\"og:title\" content=\"Eu-EcoLabel e Testes Dermatol\u00f3gicos - NaturaPura\" \/>\n<meta property=\"og:description\" content=\"A NaturaPura\u00a0garante que os seus produtos n\u00e3o t\u00eam produtos qu\u00edmicos prejudiciais \u00e0 sa\u00fade do seu beb\u00e9 nem causam alergias na sua pele sens\u00edvel.\" \/>\n<meta property=\"og:url\" content=\"https:\/\/naturapura.com\/pt-pt\/eu-ecolabel-e-testes-dermatologicos\/\" \/>\n<meta property=\"og:site_name\" content=\"NaturaPura\" \/>\n<meta property=\"article:modified_time\" content=\"2020-11-20T18:38:19+00:00\" \/>\n<meta property=\"og:image\" content=\"https:\/\/naturapura.com\/wp-content\/uploads\/2019\/12\/ECOLABEL_SEM-FUNDO-300x297.png\" \/>\n<meta name=\"twitter:card\" content=\"summary_large_image\" \/>\n<meta name=\"twitter:label1\" content=\"Tempo estimado de leitura\" \/>\n\t<meta name=\"twitter:data1\" content=\"2 minutos\" \/>\n<script type=\"application\/ld+json\" class=\"yoast-schema-graph\">{\"@context\":\"https:\\\/\\\/schema.org\",\"@graph\":[{\"@type\":\"WebPage\",\"@id\":\"https:\\\/\\\/naturapura.com\\\/pt-pt\\\/eu-ecolabel-e-testes-dermatologicos\\\/\",\"url\":\"https:\\\/\\\/naturapura.com\\\/pt-pt\\\/eu-ecolabel-e-testes-dermatologicos\\\/\",\"name\":\"Eu-EcoLabel e Testes Dermatol\u00f3gicos - NaturaPura\",\"isPartOf\":{\"@id\":\"https:\\\/\\\/naturapura.com\\\/pt-pt\\\/#website\"},\"primaryImageOfPage\":{\"@id\":\"https:\\\/\\\/naturapura.com\\\/pt-pt\\\/eu-ecolabel-e-testes-dermatologicos\\\/#primaryimage\"},\"image\":{\"@id\":\"https:\\\/\\\/naturapura.com\\\/pt-pt\\\/eu-ecolabel-e-testes-dermatologicos\\\/#primaryimage\"},\"thumbnailUrl\":\"https:\\\/\\\/naturapura.com\\\/wp-content\\\/uploads\\\/2019\\\/12\\\/ECOLABEL_SEM-FUNDO-300x297.png\",\"datePublished\":\"2020-06-15T09:10:53+00:00\",\"dateModified\":\"2020-11-20T18:38:19+00:00\",\"description\":\"A NaturaPura\u00a0garante que os seus produtos n\u00e3o t\u00eam produtos qu\u00edmicos prejudiciais \u00e0 sa\u00fade do seu beb\u00e9 nem causam alergias na sua pele sens\u00edvel.\",\"breadcrumb\":{\"@id\":\"https:\\\/\\\/naturapura.com\\\/pt-pt\\\/eu-ecolabel-e-testes-dermatologicos\\\/#breadcrumb\"},\"inLanguage\":\"pt-PT\",\"potentialAction\":[{\"@type\":\"ReadAction\",\"target\":[\"https:\\\/\\\/naturapura.com\\\/pt-pt\\\/eu-ecolabel-e-testes-dermatologicos\\\/\"]}]},{\"@type\":\"ImageObject\",\"inLanguage\":\"pt-PT\",\"@id\":\"https:\\\/\\\/naturapura.com\\\/pt-pt\\\/eu-ecolabel-e-testes-dermatologicos\\\/#primaryimage\",\"url\":\"https:\\\/\\\/naturapura.com\\\/wp-content\\\/uploads\\\/2019\\\/12\\\/ECOLABEL_SEM-FUNDO-300x297.png\",\"contentUrl\":\"https:\\\/\\\/naturapura.com\\\/wp-content\\\/uploads\\\/2019\\\/12\\\/ECOLABEL_SEM-FUNDO-300x297.png\"},{\"@type\":\"BreadcrumbList\",\"@id\":\"https:\\\/\\\/naturapura.com\\\/pt-pt\\\/eu-ecolabel-e-testes-dermatologicos\\\/#breadcrumb\",\"itemListElement\":[{\"@type\":\"ListItem\",\"position\":1,\"name\":\"In\u00edcio\",\"item\":\"https:\\\/\\\/naturapura.com\\\/pt-pt\\\/\"},{\"@type\":\"ListItem\",\"position\":2,\"name\":\"Eu-EcoLabel e Testes Dermatol\u00f3gicos\"}]},{\"@type\":\"WebSite\",\"@id\":\"https:\\\/\\\/naturapura.com\\\/pt-pt\\\/#website\",\"url\":\"https:\\\/\\\/naturapura.com\\\/pt-pt\\\/\",\"name\":\"NaturaPura\",\"description\":\"Roupinha de Beb\u00e9 e Complementos em Org\u00e2nico\",\"publisher\":{\"@id\":\"https:\\\/\\\/naturapura.com\\\/pt-pt\\\/#organization\"},\"potentialAction\":[{\"@type\":\"SearchAction\",\"target\":{\"@type\":\"EntryPoint\",\"urlTemplate\":\"https:\\\/\\\/naturapura.com\\\/pt-pt\\\/?s={search_term_string}\"},\"query-input\":{\"@type\":\"PropertyValueSpecification\",\"valueRequired\":true,\"valueName\":\"search_term_string\"}}],\"inLanguage\":\"pt-PT\"},{\"@type\":\"Organization\",\"@id\":\"https:\\\/\\\/naturapura.com\\\/pt-pt\\\/#organization\",\"name\":\"NATURAPURA\",\"url\":\"https:\\\/\\\/naturapura.com\\\/pt-pt\\\/\",\"logo\":{\"@type\":\"ImageObject\",\"inLanguage\":\"pt-PT\",\"@id\":\"https:\\\/\\\/naturapura.com\\\/pt-pt\\\/#\\\/schema\\\/logo\\\/image\\\/\",\"url\":\"https:\\\/\\\/i0.wp.com\\\/naturapura.com\\\/wp-content\\\/uploads\\\/2023\\\/09\\\/logo-NP-bebe.png?fit=481%2C101&ssl=1\",\"contentUrl\":\"https:\\\/\\\/i0.wp.com\\\/naturapura.com\\\/wp-content\\\/uploads\\\/2023\\\/09\\\/logo-NP-bebe.png?fit=481%2C101&ssl=1\",\"width\":481,\"height\":101,\"caption\":\"NATURAPURA\"},\"image\":{\"@id\":\"https:\\\/\\\/naturapura.com\\\/pt-pt\\\/#\\\/schema\\\/logo\\\/image\\\/\"}}]}<\/script>\n<!-- \/ Yoast SEO plugin. -->","yoast_head_json":{"title":"Eu-EcoLabel e Testes Dermatol\u00f3gicos - NaturaPura","description":"A NaturaPura\u00a0garante que os seus produtos n\u00e3o t\u00eam produtos qu\u00edmicos prejudiciais \u00e0 sa\u00fade do seu beb\u00e9 nem causam alergias na sua pele sens\u00edvel.","robots":{"index":"index","follow":"follow","max-snippet":"max-snippet:-1","max-image-preview":"max-image-preview:large","max-video-preview":"max-video-preview:-1"},"canonical":"https:\/\/naturapura.com\/pt-pt\/eu-ecolabel-e-testes-dermatologicos\/","og_locale":"pt_PT","og_type":"article","og_title":"Eu-EcoLabel e Testes Dermatol\u00f3gicos - NaturaPura","og_description":"A NaturaPura\u00a0garante que os seus produtos n\u00e3o t\u00eam produtos qu\u00edmicos prejudiciais \u00e0 sa\u00fade do seu beb\u00e9 nem causam alergias na sua pele sens\u00edvel.","og_url":"https:\/\/naturapura.com\/pt-pt\/eu-ecolabel-e-testes-dermatologicos\/","og_site_name":"NaturaPura","article_modified_time":"2020-11-20T18:38:19+00:00","og_image":[{"url":"https:\/\/naturapura.com\/wp-content\/uploads\/2019\/12\/ECOLABEL_SEM-FUNDO-300x297.png","type":"","width":"","height":""}],"twitter_card":"summary_large_image","twitter_misc":{"Tempo estimado de leitura":"2 minutos"},"schema":{"@context":"https:\/\/schema.org","@graph":[{"@type":"WebPage","@id":"https:\/\/naturapura.com\/pt-pt\/eu-ecolabel-e-testes-dermatologicos\/","url":"https:\/\/naturapura.com\/pt-pt\/eu-ecolabel-e-testes-dermatologicos\/","name":"Eu-EcoLabel e Testes Dermatol\u00f3gicos - NaturaPura","isPartOf":{"@id":"https:\/\/naturapura.com\/pt-pt\/#website"},"primaryImageOfPage":{"@id":"https:\/\/naturapura.com\/pt-pt\/eu-ecolabel-e-testes-dermatologicos\/#primaryimage"},"image":{"@id":"https:\/\/naturapura.com\/pt-pt\/eu-ecolabel-e-testes-dermatologicos\/#primaryimage"},"thumbnailUrl":"https:\/\/naturapura.com\/wp-content\/uploads\/2019\/12\/ECOLABEL_SEM-FUNDO-300x297.png","datePublished":"2020-06-15T09:10:53+00:00","dateModified":"2020-11-20T18:38:19+00:00","description":"A NaturaPura\u00a0garante que os seus produtos n\u00e3o t\u00eam produtos qu\u00edmicos prejudiciais \u00e0 sa\u00fade do seu beb\u00e9 nem causam alergias na sua pele sens\u00edvel.","breadcrumb":{"@id":"https:\/\/naturapura.com\/pt-pt\/eu-ecolabel-e-testes-dermatologicos\/#breadcrumb"},"inLanguage":"pt-PT","potentialAction":[{"@type":"ReadAction","target":["https:\/\/naturapura.com\/pt-pt\/eu-ecolabel-e-testes-dermatologicos\/"]}]},{"@type":"ImageObject","inLanguage":"pt-PT","@id":"https:\/\/naturapura.com\/pt-pt\/eu-ecolabel-e-testes-dermatologicos\/#primaryimage","url":"https:\/\/naturapura.com\/wp-content\/uploads\/2019\/12\/ECOLABEL_SEM-FUNDO-300x297.png","contentUrl":"https:\/\/naturapura.com\/wp-content\/uploads\/2019\/12\/ECOLABEL_SEM-FUNDO-300x297.png"},{"@type":"BreadcrumbList","@id":"https:\/\/naturapura.com\/pt-pt\/eu-ecolabel-e-testes-dermatologicos\/#breadcrumb","itemListElement":[{"@type":"ListItem","position":1,"name":"In\u00edcio","item":"https:\/\/naturapura.com\/pt-pt\/"},{"@type":"ListItem","position":2,"name":"Eu-EcoLabel e Testes Dermatol\u00f3gicos"}]},{"@type":"WebSite","@id":"https:\/\/naturapura.com\/pt-pt\/#website","url":"https:\/\/naturapura.com\/pt-pt\/","name":"NaturaPura","description":"Roupinha de Beb\u00e9 e Complementos em Org\u00e2nico","publisher":{"@id":"https:\/\/naturapura.com\/pt-pt\/#organization"},"potentialAction":[{"@type":"SearchAction","target":{"@type":"EntryPoint","urlTemplate":"https:\/\/naturapura.com\/pt-pt\/?s={search_term_string}"},"query-input":{"@type":"PropertyValueSpecification","valueRequired":true,"valueName":"search_term_string"}}],"inLanguage":"pt-PT"},{"@type":"Organization","@id":"https:\/\/naturapura.com\/pt-pt\/#organization","name":"NATURAPURA","url":"https:\/\/naturapura.com\/pt-pt\/","logo":{"@type":"ImageObject","inLanguage":"pt-PT","@id":"https:\/\/naturapura.com\/pt-pt\/#\/schema\/logo\/image\/","url":"https:\/\/i0.wp.com\/naturapura.com\/wp-content\/uploads\/2023\/09\/logo-NP-bebe.png?fit=481%2C101&ssl=1","contentUrl":"https:\/\/i0.wp.com\/naturapura.com\/wp-content\/uploads\/2023\/09\/logo-NP-bebe.png?fit=481%2C101&ssl=1","width":481,"height":101,"caption":"NATURAPURA"},"image":{"@id":"https:\/\/naturapura.com\/pt-pt\/#\/schema\/logo\/image\/"}}]}},"jetpack_sharing_enabled":true,"_links":{"self":[{"href":"https:\/\/naturapura.com\/pt-pt\/wp-json\/wp\/v2\/pages\/29111","targetHints":{"allow":["GET"]}}],"collection":[{"href":"https:\/\/naturapura.com\/pt-pt\/wp-json\/wp\/v2\/pages"}],"about":[{"href":"https:\/\/naturapura.com\/pt-pt\/wp-json\/wp\/v2\/types\/page"}],"author":[{"embeddable":true,"href":"https:\/\/naturapura.com\/pt-pt\/wp-json\/wp\/v2\/users\/18"}],"replies":[{"embeddable":true,"href":"https:\/\/naturapura.com\/pt-pt\/wp-json\/wp\/v2\/comments?post=29111"}],"version-history":[{"count":0,"href":"https:\/\/naturapura.com\/pt-pt\/wp-json\/wp\/v2\/pages\/29111\/revisions"}],"wp:attachment":[{"href":"https:\/\/naturapura.com\/pt-pt\/wp-json\/wp\/v2\/media?parent=29111"}],"curies":[{"name":"wp","href":"https:\/\/api.w.org\/{rel}","templated":true}]}}