{"id":29057,"date":"2020-06-12T18:28:33","date_gmt":"2020-06-12T18:28:33","guid":{"rendered":"https:\/\/naturapura.com\/entregas-e-devolucoes\/"},"modified":"2022-02-11T17:52:45","modified_gmt":"2022-02-11T17:52:45","slug":"entregas-e-devolucoes","status":"publish","type":"page","link":"https:\/\/naturapura.com\/pt-pt\/entregas-e-devolucoes\/","title":{"rendered":"Entregas e Devolu\u00e7\u00f5es"},"content":{"rendered":"\n<div class=\"row\"  id=\"row-1260453752\">\n\n\n\t<div id=\"col-365545404\" class=\"col medium-1 small-12 large-1\"  >\n\t\t\t\t<div class=\"col-inner\"  >\n\t\t\t\n\t\t\t\n\n\n\t\t<\/div>\n\t\t\t\t\t<\/div>\n\n\t\n\n\t<div id=\"col-1871036879\" class=\"col medium-10 small-12 large-10\"  >\n\t\t\t\t<div class=\"col-inner\"  >\n\t\t\t\n\t\t\t\n\n<h2><strong>Entregas e Devolu\u00e7\u00f5es<\/strong><\/h2>\r\n<h3><strong>Entregas<\/strong><\/h3>\r\n<h4><strong>Custos de Envio<\/strong><\/h4>\r\n<p style=\"text-align: justify;\">Os\u00a0<strong>custos do envio<\/strong> t\u00eam um valor fixo independentemente de quantas pe\u00e7as adicionar \u00e0 sua encomenda. Custos sem IVA:<\/p>\r\n\r\n<h5><em><strong>Zona A \u2013 B\u00e9lgica, Fran\u00e7a (exceto C\u00f3rsega), Alemanha, Luxemburgo, Holanda<\/strong><\/em><\/h5>\r\n<ul>\r\n \t<li>6,90 \u20ac<\/li>\r\n<\/ul>\r\n<h5><em><strong>Zona B \u2013 Irlanda, It\u00e1lia<\/strong><\/em><\/h5>\r\n<ul>\r\n \t<li>7,90 \u20ac<\/li>\r\n<\/ul>\r\n<h5><em><strong>Zona C \u2013 Portugal, Espanha (exceto Ilhas)<\/strong><\/em><\/h5>\r\n<ul>\r\n \t<li>3,90 \u20ac<\/li>\r\n<\/ul>\r\n<h5><em><strong>Zona C1 \u2013 C\u00f3rsega, Espanha (Ilhas)<\/strong><\/em><\/h5>\r\n<ul>\r\n \t<li>12,90 \u20ac<\/li>\r\n<\/ul>\r\n<h5><em><strong>Zona D \u2013 \u00c1ustria, Bulg\u00e1ria, Cro\u00e1cia, Rep\u00fablica Checa, Dinamarca, Est\u00f3nia, Finl\u00e2ndia, Gr\u00e9cia, Hungria, Let\u00f3nia, Litu\u00e2nia, Noruega, Pol\u00f3nia, Rom\u00e9nia, Eslov\u00e1quia, Eslov\u00e9nia, Su\u00e9cia<\/strong><\/em><\/h5>\r\n<ul>\r\n \t<li>11,90 \u20ac<\/li>\r\n<\/ul>\r\n<h5><em><strong>Zona E \u2013 Reino Unido<\/strong><\/em><\/h5>\r\n<ul>\r\n \t<li>19,90 \u00a3<\/li>\r\n<\/ul>\r\n<h5><em><strong>Zona F \u2013 Su\u00ed\u00e7a<\/strong><\/em><\/h5>\r\n<ul>\r\n \t<li>19,90 \u20ac<\/li>\r\n<\/ul>\r\n<h5><em><strong>Zona G \u2013 Canad\u00e1, M\u00e9xico, Estados Unidos da Am\u00e9rica<\/strong><\/em><\/h5>\r\n<ul>\r\n \t<li>24,90 \u20ac<\/li>\r\n<\/ul>\r\n<h5><em><strong>Zona H \u2013 Resto do mundo<\/strong><\/em><\/h5>\r\n<ul>\r\n \t<li>29,90 \u20ac<\/li>\r\n<\/ul>\r\n<h5><em><strong>Zona I &#8211; Chipre\u00a0<\/strong><\/em><\/h5>\r\n<ul>\r\n \t<li>49,90 \u20ac<\/li>\r\n<\/ul>\r\n<h4><strong>Prazos de Entrega<\/strong><\/h4>\r\n<ul>\r\n \t<li><strong>Europa<\/strong> &#8211; at\u00e9 3 dias \u00fateis<\/li>\r\n \t<li><strong>Resto do mundo<\/strong> &#8211; at\u00e9 5 dias \u00fateis<\/li>\r\n \t<li><strong>Produtos personalizados<\/strong> &#8211; at\u00e9 20 dias \u00fateis<\/li>\r\n<\/ul>\r\n<strong style=\"color: #555555;\">Nota: <\/strong><span style=\"color: #555555;\">Todos os produtos da sua encomenda ser\u00e3o enviados ao mesmo tempo. Note que se adquirir um produto personalizado juntamente com outros produtos, s\u00f3 receber\u00e1 a sua encomenda dentro de 20 dias \u00fateis.<\/span>\r\n<h3><strong>Devolu\u00e7\u00f5es<\/strong><\/h3>\r\n<p style=\"text-align: justify;\">Queremos que se sinta \u00e0 vontade a comprar nas nossas lojas! Para que tenha a\u00a0<strong>melhor experi\u00eancia poss\u00edvel<\/strong>, queremos assegurar-lhe que encontrar\u00e1 a\u00a0<strong>melhor qualidade<\/strong>\u00a0nos\u00a0<strong>nossos produtos<\/strong>. Se, por qualquer raz\u00e3o, n\u00e3o estiver completamente satisfeita com a sua compra, substituiremos os artigos de acordo com as suas prefer\u00eancias.<\/p>\r\n<p style=\"text-align: justify;\">As\u00a0<strong>devolu\u00e7\u00f5es<\/strong>\u00a0s\u00e3o sempre\u00a0<strong>aceites<\/strong>\u00a0dentro do prazo de\u00a0<strong>14 dias<\/strong>\u00a0ap\u00f3s a recep\u00e7\u00e3o da encomenda, desde que as roupas\u00a0<strong>n\u00e3o tenham sido lavadas ou usadas<\/strong>\u00a0e que contenham as\u00a0<strong>etiquetas originais<\/strong>.<\/p>\r\n<p style=\"text-align: justify;\">Se pretende devolver algum dos produtos adquiridos, por favor contacte-nos atrav\u00e9s do seguinte endere\u00e7o de e-mail: <a href=\"mailto:customer.service@naturapura.eu\">customer.service@naturapura.eu<\/a>. Ser-lhe-\u00e3o dadas indica\u00e7\u00f5es sobre como proceder \u00e0 devolu\u00e7\u00e3o.<\/p>\r\n<p style=\"text-align: justify;\">Os custos associados \u00e0 devolu\u00e7\u00e3o da encomenda \u00e0 NaturaPura s\u00e3o da responsabilidade do cliente.<\/p>\r\n<p style=\"text-align: justify;\"><strong>Nota:<\/strong>\u00a0S\u00f3 aceitamos a devolu\u00e7\u00e3o de produtos personalizados, caso estes apresentem algum defeito de fabrico.<\/p>\n\n\n\t\t<\/div>\n\t\t\t\t\t<\/div>\n\n\t\n\n<\/div>\n\n","protected":false},"excerpt":{"rendered":"","protected":false},"author":18,"featured_media":0,"parent":0,"menu_order":0,"comment_status":"closed","ping_status":"closed","template":"","meta":{"footnotes":""},"class_list":["post-29057","page","type-page","status-publish","hentry"],"yoast_head":"<!-- This site is optimized with the Yoast SEO plugin v27.5 - https:\/\/yoast.com\/product\/yoast-seo-wordpress\/ -->\n<title>Entregas e Devolu\u00e7\u00f5es - NaturaPura<\/title>\n<meta name=\"description\" content=\"Todos os produtos da sua encomenda ser\u00e3o enviados ao mesmo tempo. Se pretender devolver um produto, por favor, contacte-nos.\" \/>\n<meta name=\"robots\" content=\"index, follow, max-snippet:-1, max-image-preview:large, max-video-preview:-1\" \/>\n<link rel=\"canonical\" href=\"https:\/\/naturapura.com\/pt-pt\/entregas-e-devolucoes\/\" \/>\n<meta property=\"og:locale\" content=\"pt_PT\" \/>\n<meta property=\"og:type\" content=\"article\" \/>\n<meta property=\"og:title\" content=\"Entregas e Devolu\u00e7\u00f5es - NaturaPura\" \/>\n<meta property=\"og:description\" content=\"Todos os produtos da sua encomenda ser\u00e3o enviados ao mesmo tempo. Se pretender devolver um produto, por favor, contacte-nos.\" \/>\n<meta property=\"og:url\" content=\"https:\/\/naturapura.com\/pt-pt\/entregas-e-devolucoes\/\" \/>\n<meta property=\"og:site_name\" content=\"NaturaPura\" \/>\n<meta property=\"article:modified_time\" content=\"2022-02-11T17:52:45+00:00\" \/>\n<meta name=\"twitter:card\" content=\"summary_large_image\" \/>\n<meta name=\"twitter:label1\" content=\"Tempo estimado de leitura\" \/>\n\t<meta name=\"twitter:data1\" content=\"2 minutos\" \/>\n<script type=\"application\/ld+json\" class=\"yoast-schema-graph\">{\"@context\":\"https:\\\/\\\/schema.org\",\"@graph\":[{\"@type\":\"WebPage\",\"@id\":\"https:\\\/\\\/naturapura.com\\\/pt-pt\\\/entregas-e-devolucoes\\\/\",\"url\":\"https:\\\/\\\/naturapura.com\\\/pt-pt\\\/entregas-e-devolucoes\\\/\",\"name\":\"Entregas e Devolu\u00e7\u00f5es - NaturaPura\",\"isPartOf\":{\"@id\":\"https:\\\/\\\/naturapura.com\\\/pt-pt\\\/#website\"},\"datePublished\":\"2020-06-12T18:28:33+00:00\",\"dateModified\":\"2022-02-11T17:52:45+00:00\",\"description\":\"Todos os produtos da sua encomenda ser\u00e3o enviados ao mesmo tempo. Se pretender devolver um produto, por favor, contacte-nos.\",\"breadcrumb\":{\"@id\":\"https:\\\/\\\/naturapura.com\\\/pt-pt\\\/entregas-e-devolucoes\\\/#breadcrumb\"},\"inLanguage\":\"pt-PT\",\"potentialAction\":[{\"@type\":\"ReadAction\",\"target\":[\"https:\\\/\\\/naturapura.com\\\/pt-pt\\\/entregas-e-devolucoes\\\/\"]}]},{\"@type\":\"BreadcrumbList\",\"@id\":\"https:\\\/\\\/naturapura.com\\\/pt-pt\\\/entregas-e-devolucoes\\\/#breadcrumb\",\"itemListElement\":[{\"@type\":\"ListItem\",\"position\":1,\"name\":\"In\u00edcio\",\"item\":\"https:\\\/\\\/naturapura.com\\\/pt-pt\\\/\"},{\"@type\":\"ListItem\",\"position\":2,\"name\":\"Entregas e Devolu\u00e7\u00f5es\"}]},{\"@type\":\"WebSite\",\"@id\":\"https:\\\/\\\/naturapura.com\\\/pt-pt\\\/#website\",\"url\":\"https:\\\/\\\/naturapura.com\\\/pt-pt\\\/\",\"name\":\"NaturaPura\",\"description\":\"Roupinha de Beb\u00e9 e Complementos em Org\u00e2nico\",\"publisher\":{\"@id\":\"https:\\\/\\\/naturapura.com\\\/pt-pt\\\/#organization\"},\"potentialAction\":[{\"@type\":\"SearchAction\",\"target\":{\"@type\":\"EntryPoint\",\"urlTemplate\":\"https:\\\/\\\/naturapura.com\\\/pt-pt\\\/?s={search_term_string}\"},\"query-input\":{\"@type\":\"PropertyValueSpecification\",\"valueRequired\":true,\"valueName\":\"search_term_string\"}}],\"inLanguage\":\"pt-PT\"},{\"@type\":\"Organization\",\"@id\":\"https:\\\/\\\/naturapura.com\\\/pt-pt\\\/#organization\",\"name\":\"NATURAPURA\",\"url\":\"https:\\\/\\\/naturapura.com\\\/pt-pt\\\/\",\"logo\":{\"@type\":\"ImageObject\",\"inLanguage\":\"pt-PT\",\"@id\":\"https:\\\/\\\/naturapura.com\\\/pt-pt\\\/#\\\/schema\\\/logo\\\/image\\\/\",\"url\":\"https:\\\/\\\/i0.wp.com\\\/naturapura.com\\\/wp-content\\\/uploads\\\/2023\\\/09\\\/logo-NP-bebe.png?fit=481%2C101&ssl=1\",\"contentUrl\":\"https:\\\/\\\/i0.wp.com\\\/naturapura.com\\\/wp-content\\\/uploads\\\/2023\\\/09\\\/logo-NP-bebe.png?fit=481%2C101&ssl=1\",\"width\":481,\"height\":101,\"caption\":\"NATURAPURA\"},\"image\":{\"@id\":\"https:\\\/\\\/naturapura.com\\\/pt-pt\\\/#\\\/schema\\\/logo\\\/image\\\/\"}}]}<\/script>\n<!-- \/ Yoast SEO plugin. -->","yoast_head_json":{"title":"Entregas e Devolu\u00e7\u00f5es - NaturaPura","description":"Todos os produtos da sua encomenda ser\u00e3o enviados ao mesmo tempo. Se pretender devolver um produto, por favor, contacte-nos.","robots":{"index":"index","follow":"follow","max-snippet":"max-snippet:-1","max-image-preview":"max-image-preview:large","max-video-preview":"max-video-preview:-1"},"canonical":"https:\/\/naturapura.com\/pt-pt\/entregas-e-devolucoes\/","og_locale":"pt_PT","og_type":"article","og_title":"Entregas e Devolu\u00e7\u00f5es - NaturaPura","og_description":"Todos os produtos da sua encomenda ser\u00e3o enviados ao mesmo tempo. Se pretender devolver um produto, por favor, contacte-nos.","og_url":"https:\/\/naturapura.com\/pt-pt\/entregas-e-devolucoes\/","og_site_name":"NaturaPura","article_modified_time":"2022-02-11T17:52:45+00:00","twitter_card":"summary_large_image","twitter_misc":{"Tempo estimado de leitura":"2 minutos"},"schema":{"@context":"https:\/\/schema.org","@graph":[{"@type":"WebPage","@id":"https:\/\/naturapura.com\/pt-pt\/entregas-e-devolucoes\/","url":"https:\/\/naturapura.com\/pt-pt\/entregas-e-devolucoes\/","name":"Entregas e Devolu\u00e7\u00f5es - NaturaPura","isPartOf":{"@id":"https:\/\/naturapura.com\/pt-pt\/#website"},"datePublished":"2020-06-12T18:28:33+00:00","dateModified":"2022-02-11T17:52:45+00:00","description":"Todos os produtos da sua encomenda ser\u00e3o enviados ao mesmo tempo. Se pretender devolver um produto, por favor, contacte-nos.","breadcrumb":{"@id":"https:\/\/naturapura.com\/pt-pt\/entregas-e-devolucoes\/#breadcrumb"},"inLanguage":"pt-PT","potentialAction":[{"@type":"ReadAction","target":["https:\/\/naturapura.com\/pt-pt\/entregas-e-devolucoes\/"]}]},{"@type":"BreadcrumbList","@id":"https:\/\/naturapura.com\/pt-pt\/entregas-e-devolucoes\/#breadcrumb","itemListElement":[{"@type":"ListItem","position":1,"name":"In\u00edcio","item":"https:\/\/naturapura.com\/pt-pt\/"},{"@type":"ListItem","position":2,"name":"Entregas e Devolu\u00e7\u00f5es"}]},{"@type":"WebSite","@id":"https:\/\/naturapura.com\/pt-pt\/#website","url":"https:\/\/naturapura.com\/pt-pt\/","name":"NaturaPura","description":"Roupinha de Beb\u00e9 e Complementos em Org\u00e2nico","publisher":{"@id":"https:\/\/naturapura.com\/pt-pt\/#organization"},"potentialAction":[{"@type":"SearchAction","target":{"@type":"EntryPoint","urlTemplate":"https:\/\/naturapura.com\/pt-pt\/?s={search_term_string}"},"query-input":{"@type":"PropertyValueSpecification","valueRequired":true,"valueName":"search_term_string"}}],"inLanguage":"pt-PT"},{"@type":"Organization","@id":"https:\/\/naturapura.com\/pt-pt\/#organization","name":"NATURAPURA","url":"https:\/\/naturapura.com\/pt-pt\/","logo":{"@type":"ImageObject","inLanguage":"pt-PT","@id":"https:\/\/naturapura.com\/pt-pt\/#\/schema\/logo\/image\/","url":"https:\/\/i0.wp.com\/naturapura.com\/wp-content\/uploads\/2023\/09\/logo-NP-bebe.png?fit=481%2C101&ssl=1","contentUrl":"https:\/\/i0.wp.com\/naturapura.com\/wp-content\/uploads\/2023\/09\/logo-NP-bebe.png?fit=481%2C101&ssl=1","width":481,"height":101,"caption":"NATURAPURA"},"image":{"@id":"https:\/\/naturapura.com\/pt-pt\/#\/schema\/logo\/image\/"}}]}},"jetpack_sharing_enabled":true,"_links":{"self":[{"href":"https:\/\/naturapura.com\/pt-pt\/wp-json\/wp\/v2\/pages\/29057","targetHints":{"allow":["GET"]}}],"collection":[{"href":"https:\/\/naturapura.com\/pt-pt\/wp-json\/wp\/v2\/pages"}],"about":[{"href":"https:\/\/naturapura.com\/pt-pt\/wp-json\/wp\/v2\/types\/page"}],"author":[{"embeddable":true,"href":"https:\/\/naturapura.com\/pt-pt\/wp-json\/wp\/v2\/users\/18"}],"replies":[{"embeddable":true,"href":"https:\/\/naturapura.com\/pt-pt\/wp-json\/wp\/v2\/comments?post=29057"}],"version-history":[{"count":0,"href":"https:\/\/naturapura.com\/pt-pt\/wp-json\/wp\/v2\/pages\/29057\/revisions"}],"wp:attachment":[{"href":"https:\/\/naturapura.com\/pt-pt\/wp-json\/wp\/v2\/media?parent=29057"}],"curies":[{"name":"wp","href":"https:\/\/api.w.org\/{rel}","templated":true}]}}