{"id":28955,"date":"2020-06-12T15:07:35","date_gmt":"2020-06-12T15:07:35","guid":{"rendered":"https:\/\/naturapura.com\/resolucao-de-conflitos-2\/"},"modified":"2021-05-14T09:12:23","modified_gmt":"2021-05-14T09:12:23","slug":"resolucao-de-conflitos-2","status":"publish","type":"page","link":"https:\/\/naturapura.com\/pt-pt\/resolucao-de-conflitos-2\/","title":{"rendered":"Resolu\u00e7\u00e3o de Conflitos"},"content":{"rendered":"\n<div class=\"row\"  id=\"row-1889402850\">\n\n\n\t<div id=\"col-531969417\" class=\"col medium-1 small-12 large-1\"  >\n\t\t\t\t<div class=\"col-inner\"  >\n\t\t\t\n\t\t\t\n\n\n\t\t<\/div>\n\t\t\t\t\t<\/div>\n\n\t\n\n\t<div id=\"col-1118298518\" class=\"col medium-10 small-12 large-10\"  >\n\t\t\t\t<div class=\"col-inner\"  >\n\t\t\t\n\t\t\t\n\n<h2><strong>Resolu\u00e7\u00e3o de Conflitos<\/strong><\/h2>\r\n<h3><b>Disputas<\/b><\/h3>\r\nEm caso de disputa dever-se-\u00e1 procurar uma resolu\u00e7\u00e3o amig\u00e1vel antes de se optar pela via legal.\r\n\r\nPara tal, pedimos que contacte, por favor, o Servi\u00e7o de Apoio ao Cliente do Website, enviando um email para o seguinte endere\u00e7o de email\u00a0 <strong>customer.service@naturapura.eu<\/strong>.\r\n\r\nA\u00a0<strong>NaturaPura<\/strong>\u00a0privilegia o sistema de media\u00e7\u00e3o. O objetivo da media\u00e7\u00e3o \u00e9 procurar e proporcionar uma solu\u00e7\u00e3o amig\u00e1vel entre os Utilizadores e a Empresa, enquanto alternativa ao recurso a longas e custosas a\u00e7\u00f5es legais.\r\n\r\nUm Mediador \u00e9, por defini\u00e7\u00e3o, nem juiz nem \u00e1rbitro; \u00e9 um individuo neutro, imparcial e independente.\r\n<h3><b>Justi\u00e7a R\u00e1pida, Simples e Acess\u00edvel a todos<\/b><\/h3>\r\nEm caso de lit\u00edgio, o consumidor pode recorrer \u00e0 Entidade de Resolu\u00e7\u00e3o Alternativa de Lit\u00edgio de Consumos &#8211; RAL.\r\n\r\n<strong>Centro de Arbitragem de Conflitos de Consumo do Porto<\/strong>\r\n\r\nRua Dami\u00e3o de G\u00f3is 31- Loja 6- 4050-255 Porto\r\n\r\n<strong>Email:<\/strong>\u00a0<a href=\"mailto:cicap@mail.telepac.pt\">cicap@mail.telepac.pt<\/a>\u00a0<strong>Site:<\/strong>\u00a0<a href=\"http:\/\/www.cicap.pt\/\">www.cicap.pt<\/a>\r\n\r\n<strong>CIAB- Tribunal Arbitral de Consumo<\/strong>\r\n\r\nRua D. Afonso Henriques, 1 &#8211; 4700-030 Braga\r\n\r\n<strong>Email:<\/strong>\u00a0<a href=\"mailto:geral@ciab.pt\">geral@ciab.pt<\/a>\u00a0<strong>Site:\u00a0<\/strong><a href=\"http:\/\/www.ciab.pt\/\">www.ciab.pt<\/a>\r\n\r\n<strong>Centro de Arbitragem de Conflitos de Consumo de Lisboa<\/strong>\r\n\r\nRua dos Douradores, n\u00ba 116 &#8211; 2\u00ba 1100 &#8211; 207 Lisboa\r\n\r\n<strong>Email:<\/strong>\u00a0<u>director@centroarbitragemlisboa.pt\u00a0<\/u><strong>Site:<\/strong>\u00a0<a href=\"http:\/\/www.centroarbitragemlisboa.pt\/\">www.centroarbitragemlisboa.pt<\/a>\r\n\r\n<strong>Centro de Arbitragem de Conflitos de Consumo do Distrito de Coimbra<\/strong>\r\nAv. Fern\u00e3o Magalh\u00e3es, N.\u00ba 240, 1\u00ba, 3000-172 &#8211; Coimbra\r\n\r\n<strong>Email:<\/strong>\u00a0<a href=\"mailto:geral@centrodearbitragemdecoimbra.com\">geral@centrodearbitragemdecoimbra.com<\/a>\u00a0<strong>Site:<\/strong>\u00a0<a href=\"http:\/\/www.centroarbitragemdecoimbra.pt\/\">www.centroarbitragemdecoimbra.pt<\/a>\r\n\r\n<strong>Centro de Arbitragem de Consumo do Algarve<\/strong>\r\nEdif\u00edcio Ninho de Empresas, Estrada da Penha, 8005-131 Faro\r\n<strong>Email:\u00a0<\/strong><a href=\"mailto:info@consumoalgarve.pt\">info@consumoalgarve.pt<\/a>\u00a0<strong>Site:<\/strong><u>www.consumoalgarve.pt<\/u>\r\n\r\nMais informa\u00e7\u00f5es no Portal do Consumidor <a href=\"http:\/\/www.consumidor.pt\/\">www.consumidor.pt<\/a>\r\n\r\nLei n\u00ba 144\/2015 de 8 de Setembro de 2015\n\n\t\t<\/div>\n\t\t\t\t\t<\/div>\n\n\t\n\n<\/div>\n\n","protected":false},"excerpt":{"rendered":"","protected":false},"author":18,"featured_media":0,"parent":0,"menu_order":0,"comment_status":"closed","ping_status":"closed","template":"","meta":{"footnotes":""},"class_list":["post-28955","page","type-page","status-publish","hentry"],"yoast_head":"<!-- This site is optimized with the Yoast SEO plugin v27.3 - https:\/\/yoast.com\/product\/yoast-seo-wordpress\/ -->\n<title>Resolu\u00e7\u00e3o de Conflitos - NaturaPura<\/title>\n<meta name=\"description\" content=\"Privilegiamos o sistema de media\u00e7\u00e3o. Em caso de disputa, dever\u00e1 procurar-se uma resolu\u00e7\u00e3o amig\u00e1vel, antes de encetar para a via legal.\" \/>\n<meta name=\"robots\" content=\"index, follow, max-snippet:-1, max-image-preview:large, max-video-preview:-1\" \/>\n<link rel=\"canonical\" href=\"https:\/\/naturapura.com\/pt-pt\/resolucao-de-conflitos-2\/\" \/>\n<meta property=\"og:locale\" content=\"pt_PT\" \/>\n<meta property=\"og:type\" content=\"article\" \/>\n<meta property=\"og:title\" content=\"Resolu\u00e7\u00e3o de Conflitos - NaturaPura\" \/>\n<meta property=\"og:description\" content=\"Privilegiamos o sistema de media\u00e7\u00e3o. Em caso de disputa, dever\u00e1 procurar-se uma resolu\u00e7\u00e3o amig\u00e1vel, antes de encetar para a via legal.\" \/>\n<meta property=\"og:url\" content=\"https:\/\/naturapura.com\/pt-pt\/resolucao-de-conflitos-2\/\" \/>\n<meta property=\"og:site_name\" content=\"NaturaPura\" \/>\n<meta property=\"article:modified_time\" content=\"2021-05-14T09:12:23+00:00\" \/>\n<meta name=\"twitter:card\" content=\"summary_large_image\" \/>\n<meta name=\"twitter:label1\" content=\"Tempo estimado de leitura\" \/>\n\t<meta name=\"twitter:data1\" content=\"1 minuto\" \/>\n<script type=\"application\/ld+json\" class=\"yoast-schema-graph\">{\"@context\":\"https:\\\/\\\/schema.org\",\"@graph\":[{\"@type\":\"WebPage\",\"@id\":\"https:\\\/\\\/naturapura.com\\\/pt-pt\\\/resolucao-de-conflitos-2\\\/\",\"url\":\"https:\\\/\\\/naturapura.com\\\/pt-pt\\\/resolucao-de-conflitos-2\\\/\",\"name\":\"Resolu\u00e7\u00e3o de Conflitos - NaturaPura\",\"isPartOf\":{\"@id\":\"https:\\\/\\\/naturapura.com\\\/pt-pt\\\/#website\"},\"datePublished\":\"2020-06-12T15:07:35+00:00\",\"dateModified\":\"2021-05-14T09:12:23+00:00\",\"description\":\"Privilegiamos o sistema de media\u00e7\u00e3o. Em caso de disputa, dever\u00e1 procurar-se uma resolu\u00e7\u00e3o amig\u00e1vel, antes de encetar para a via legal.\",\"breadcrumb\":{\"@id\":\"https:\\\/\\\/naturapura.com\\\/pt-pt\\\/resolucao-de-conflitos-2\\\/#breadcrumb\"},\"inLanguage\":\"pt-PT\",\"potentialAction\":[{\"@type\":\"ReadAction\",\"target\":[\"https:\\\/\\\/naturapura.com\\\/pt-pt\\\/resolucao-de-conflitos-2\\\/\"]}]},{\"@type\":\"BreadcrumbList\",\"@id\":\"https:\\\/\\\/naturapura.com\\\/pt-pt\\\/resolucao-de-conflitos-2\\\/#breadcrumb\",\"itemListElement\":[{\"@type\":\"ListItem\",\"position\":1,\"name\":\"In\u00edcio\",\"item\":\"https:\\\/\\\/naturapura.com\\\/pt-pt\\\/\"},{\"@type\":\"ListItem\",\"position\":2,\"name\":\"Resolu\u00e7\u00e3o de Conflitos\"}]},{\"@type\":\"WebSite\",\"@id\":\"https:\\\/\\\/naturapura.com\\\/pt-pt\\\/#website\",\"url\":\"https:\\\/\\\/naturapura.com\\\/pt-pt\\\/\",\"name\":\"NaturaPura\",\"description\":\"Roupinha de Beb\u00e9 e Complementos em Org\u00e2nico\",\"publisher\":{\"@id\":\"https:\\\/\\\/naturapura.com\\\/pt-pt\\\/#organization\"},\"potentialAction\":[{\"@type\":\"SearchAction\",\"target\":{\"@type\":\"EntryPoint\",\"urlTemplate\":\"https:\\\/\\\/naturapura.com\\\/pt-pt\\\/?s={search_term_string}\"},\"query-input\":{\"@type\":\"PropertyValueSpecification\",\"valueRequired\":true,\"valueName\":\"search_term_string\"}}],\"inLanguage\":\"pt-PT\"},{\"@type\":\"Organization\",\"@id\":\"https:\\\/\\\/naturapura.com\\\/pt-pt\\\/#organization\",\"name\":\"NATURAPURA\",\"url\":\"https:\\\/\\\/naturapura.com\\\/pt-pt\\\/\",\"logo\":{\"@type\":\"ImageObject\",\"inLanguage\":\"pt-PT\",\"@id\":\"https:\\\/\\\/naturapura.com\\\/pt-pt\\\/#\\\/schema\\\/logo\\\/image\\\/\",\"url\":\"https:\\\/\\\/i0.wp.com\\\/naturapura.com\\\/wp-content\\\/uploads\\\/2023\\\/09\\\/logo-NP-bebe.png?fit=481%2C101&ssl=1\",\"contentUrl\":\"https:\\\/\\\/i0.wp.com\\\/naturapura.com\\\/wp-content\\\/uploads\\\/2023\\\/09\\\/logo-NP-bebe.png?fit=481%2C101&ssl=1\",\"width\":481,\"height\":101,\"caption\":\"NATURAPURA\"},\"image\":{\"@id\":\"https:\\\/\\\/naturapura.com\\\/pt-pt\\\/#\\\/schema\\\/logo\\\/image\\\/\"}}]}<\/script>\n<!-- \/ Yoast SEO plugin. -->","yoast_head_json":{"title":"Resolu\u00e7\u00e3o de Conflitos - NaturaPura","description":"Privilegiamos o sistema de media\u00e7\u00e3o. Em caso de disputa, dever\u00e1 procurar-se uma resolu\u00e7\u00e3o amig\u00e1vel, antes de encetar para a via legal.","robots":{"index":"index","follow":"follow","max-snippet":"max-snippet:-1","max-image-preview":"max-image-preview:large","max-video-preview":"max-video-preview:-1"},"canonical":"https:\/\/naturapura.com\/pt-pt\/resolucao-de-conflitos-2\/","og_locale":"pt_PT","og_type":"article","og_title":"Resolu\u00e7\u00e3o de Conflitos - NaturaPura","og_description":"Privilegiamos o sistema de media\u00e7\u00e3o. Em caso de disputa, dever\u00e1 procurar-se uma resolu\u00e7\u00e3o amig\u00e1vel, antes de encetar para a via legal.","og_url":"https:\/\/naturapura.com\/pt-pt\/resolucao-de-conflitos-2\/","og_site_name":"NaturaPura","article_modified_time":"2021-05-14T09:12:23+00:00","twitter_card":"summary_large_image","twitter_misc":{"Tempo estimado de leitura":"1 minuto"},"schema":{"@context":"https:\/\/schema.org","@graph":[{"@type":"WebPage","@id":"https:\/\/naturapura.com\/pt-pt\/resolucao-de-conflitos-2\/","url":"https:\/\/naturapura.com\/pt-pt\/resolucao-de-conflitos-2\/","name":"Resolu\u00e7\u00e3o de Conflitos - NaturaPura","isPartOf":{"@id":"https:\/\/naturapura.com\/pt-pt\/#website"},"datePublished":"2020-06-12T15:07:35+00:00","dateModified":"2021-05-14T09:12:23+00:00","description":"Privilegiamos o sistema de media\u00e7\u00e3o. Em caso de disputa, dever\u00e1 procurar-se uma resolu\u00e7\u00e3o amig\u00e1vel, antes de encetar para a via legal.","breadcrumb":{"@id":"https:\/\/naturapura.com\/pt-pt\/resolucao-de-conflitos-2\/#breadcrumb"},"inLanguage":"pt-PT","potentialAction":[{"@type":"ReadAction","target":["https:\/\/naturapura.com\/pt-pt\/resolucao-de-conflitos-2\/"]}]},{"@type":"BreadcrumbList","@id":"https:\/\/naturapura.com\/pt-pt\/resolucao-de-conflitos-2\/#breadcrumb","itemListElement":[{"@type":"ListItem","position":1,"name":"In\u00edcio","item":"https:\/\/naturapura.com\/pt-pt\/"},{"@type":"ListItem","position":2,"name":"Resolu\u00e7\u00e3o de Conflitos"}]},{"@type":"WebSite","@id":"https:\/\/naturapura.com\/pt-pt\/#website","url":"https:\/\/naturapura.com\/pt-pt\/","name":"NaturaPura","description":"Roupinha de Beb\u00e9 e Complementos em Org\u00e2nico","publisher":{"@id":"https:\/\/naturapura.com\/pt-pt\/#organization"},"potentialAction":[{"@type":"SearchAction","target":{"@type":"EntryPoint","urlTemplate":"https:\/\/naturapura.com\/pt-pt\/?s={search_term_string}"},"query-input":{"@type":"PropertyValueSpecification","valueRequired":true,"valueName":"search_term_string"}}],"inLanguage":"pt-PT"},{"@type":"Organization","@id":"https:\/\/naturapura.com\/pt-pt\/#organization","name":"NATURAPURA","url":"https:\/\/naturapura.com\/pt-pt\/","logo":{"@type":"ImageObject","inLanguage":"pt-PT","@id":"https:\/\/naturapura.com\/pt-pt\/#\/schema\/logo\/image\/","url":"https:\/\/i0.wp.com\/naturapura.com\/wp-content\/uploads\/2023\/09\/logo-NP-bebe.png?fit=481%2C101&ssl=1","contentUrl":"https:\/\/i0.wp.com\/naturapura.com\/wp-content\/uploads\/2023\/09\/logo-NP-bebe.png?fit=481%2C101&ssl=1","width":481,"height":101,"caption":"NATURAPURA"},"image":{"@id":"https:\/\/naturapura.com\/pt-pt\/#\/schema\/logo\/image\/"}}]}},"jetpack_sharing_enabled":true,"_links":{"self":[{"href":"https:\/\/naturapura.com\/pt-pt\/wp-json\/wp\/v2\/pages\/28955","targetHints":{"allow":["GET"]}}],"collection":[{"href":"https:\/\/naturapura.com\/pt-pt\/wp-json\/wp\/v2\/pages"}],"about":[{"href":"https:\/\/naturapura.com\/pt-pt\/wp-json\/wp\/v2\/types\/page"}],"author":[{"embeddable":true,"href":"https:\/\/naturapura.com\/pt-pt\/wp-json\/wp\/v2\/users\/18"}],"replies":[{"embeddable":true,"href":"https:\/\/naturapura.com\/pt-pt\/wp-json\/wp\/v2\/comments?post=28955"}],"version-history":[{"count":0,"href":"https:\/\/naturapura.com\/pt-pt\/wp-json\/wp\/v2\/pages\/28955\/revisions"}],"wp:attachment":[{"href":"https:\/\/naturapura.com\/pt-pt\/wp-json\/wp\/v2\/media?parent=28955"}],"curies":[{"name":"wp","href":"https:\/\/api.w.org\/{rel}","templated":true}]}}