{"id":36617,"date":"2020-12-11T10:16:18","date_gmt":"2020-12-11T10:16:18","guid":{"rendered":"https:\/\/naturapura.com\/levering-en-retouren\/"},"modified":"2022-02-11T17:56:19","modified_gmt":"2022-02-11T17:56:19","slug":"levering-en-retouren","status":"publish","type":"page","link":"https:\/\/naturapura.com\/nl\/levering-en-retouren\/","title":{"rendered":"Verzending &#038; Retourneren"},"content":{"rendered":"\n<div class=\"row\"  id=\"row-1820193214\">\n\n\n\t<div id=\"col-908857062\" class=\"col medium-1 small-12 large-1\"  >\n\t\t\t\t<div class=\"col-inner\"  >\n\t\t\t\n\t\t\t\n\n\n\t\t<\/div>\n\t\t\t\t\t<\/div>\n\n\t\n\n\t<div id=\"col-2141431107\" class=\"col medium-10 small-12 large-10\"  >\n\t\t\t\t<div class=\"col-inner\"  >\n\t\t\t\n\t\t\t\n\n<h2>Verzending &amp; Retourneren<\/h2>\r\n<h3><strong>Levering<\/strong><\/h3>\r\nVerzendkosten\r\n<p style=\"text-align: justify;\">De verzendkosten zijn een vast bedrag, ongeacht de hoeveelheid items u toevoegt aan uw bestelling. Kosten exclusief BTW:<\/p>\r\n\r\n<h5><em><strong>Zone A \u2013 Belgi\u00eb, Frankrijk (Corsica uitgezonderd), Duitsland, Luxemburg, Nederland<\/strong><\/em><\/h5>\r\n<ul>\r\n \t<li>\u20ac6,90<\/li>\r\n<\/ul>\r\n<h5><em><strong>Zone B \u2013 Ierland, Itali\u00eb<\/strong><\/em><\/h5>\r\n<ul>\r\n \t<li>\u20ac7,90<\/li>\r\n<\/ul>\r\n<h5><em><strong>Zone C \u2013 Portugal, Spanje (eilanden uitgezonderd)<\/strong><\/em><\/h5>\r\n<ul>\r\n \t<li>\u20ac3,90<\/li>\r\n<\/ul>\r\n<h5><em><strong>Zone C1 \u2013 Corsica, Spanje (eilanden)<\/strong><\/em><\/h5>\r\n<ul>\r\n \t<li>\u20ac12,90<\/li>\r\n<\/ul>\r\n<h5><em><strong>Zone D \u2013 Oostenrijk, Bulgarije, Kroati\u00eb, Tsjechi\u00eb, Denemarken, Estland, Finland, Griekenland, Hongarije, Letland, Litouwen, Noorwegen, Polen, Roemeni\u00eb, Slowakije, Sloveni\u00eb, Zweden<\/strong><\/em><\/h5>\r\n<ul>\r\n \t<li>\u20ac11,90<\/li>\r\n<\/ul>\r\n<h5><em><strong>Zone E \u2013 Engeland<\/strong><\/em><\/h5>\r\n<ul>\r\n \t<li>\u00a319,90<\/li>\r\n<\/ul>\r\n<h5><em><strong>Zone F \u2013 Zwitserland<\/strong><\/em><\/h5>\r\n<ul>\r\n \t<li>\u20ac19,90<\/li>\r\n<\/ul>\r\n<h5><em><strong>Zone G \u2013 Overige landen Europa, Canada, Mexico, USA<\/strong><\/em><\/h5>\r\n<ul>\r\n \t<li>\u20ac24,90<\/li>\r\n<\/ul>\r\n<h5><em><strong>Zone H \u2013 Overige landen van de wereld<\/strong><\/em><\/h5>\r\n<ul>\r\n \t<li>\u20ac29,90<\/li>\r\n<\/ul>\r\n<h5><em><strong>Zone I &#8211; Cyprus<\/strong><\/em><\/h5>\r\n<ul>\r\n \t<li>\u20ac49,90<\/li>\r\n<\/ul>\r\nLevertijden\r\n<ul style=\"text-align: justify;\">\r\n \t<li><strong>Europa<\/strong> \u2013 maximaal 3 werkdagen<\/li>\r\n \t<li><strong>Overige landen buiten Europa<\/strong> \u2013 maximaal 5 werkdagen<\/li>\r\n \t<li><strong>Gepersonaliseerde items<\/strong> \u2013 maximaal 20 werkdagen<\/li>\r\n<\/ul>\r\n<p style=\"text-align: justify;\"><strong>Opmerking<\/strong>: alle artikelen in uw bestelling worden tegelijkertijd geleverd. Houd er rekening mee dat als u een gepersonaliseerd artikel samen met andere producten bestelt, u uw bestelling pas binnen 20 werkdagen ontvangt.<\/p>\r\n\r\n<h3><strong>Retouren<\/strong><\/h3>\r\n<p style=\"text-align: justify;\">We willen dat u zich op uw gemak voelt bij het bestellen via onze online winkel! Om u de best mogelijke ervaring te bieden, willen we ervoor zorgen dat u de beste kwaliteit in onze producten vindt, net alsof u in onze fysieke winkels koopt. Als u, om wat voor reden dan ook, niet helemaal tevreden bent met uw aankoop, dan zullen we deze vervangen voor een artikel naar keuze.<\/p>\r\n<p style=\"text-align: justify;\">Retourzendingen worden altijd geaccepteerd, binnen het termijn van 14 dagen na ontvangst van uw bestelling. De producten zijn niet gebruikt of gewassen en zijn tevens voorzien van de originele labels.<\/p>\r\n<p style=\"text-align: justify;\">Als u een van uw gekochte artikelen wilt retourneren, neem dan contact met ons op via <a href=\"mailto:customer.service@naturapura.eu\">customer.service@naturapura.eu<\/a>. We zullen u instructies geven om verder te gaan.<\/p>\r\n<p style=\"text-align: justify;\"><strong>Opmerking:<\/strong> we accepteren geen retourzendingen van gepersonaliseerde artikelen, tenzij er een standaard &#8211; of kwaliteitsprobleem is met het product.<\/p>\n\n\n\t\t<\/div>\n\t\t\t\t\t<\/div>\n\n\t\n\n<\/div>\n\n","protected":false},"excerpt":{"rendered":"","protected":false},"author":18,"featured_media":0,"parent":0,"menu_order":0,"comment_status":"closed","ping_status":"closed","template":"","meta":{"footnotes":""},"class_list":["post-36617","page","type-page","status-publish","hentry"],"yoast_head":"<!-- This site is optimized with the Yoast SEO plugin v27.3 - https:\/\/yoast.com\/product\/yoast-seo-wordpress\/ -->\n<title>Verzending &amp; Retourneren - NaturaPura<\/title>\n<meta name=\"description\" content=\"De verzendkosten zijn een vast bedrag, ongeacht de hoeveelheid items je toevoegt aan je bestelling.\" \/>\n<meta name=\"robots\" content=\"index, follow, max-snippet:-1, max-image-preview:large, max-video-preview:-1\" \/>\n<link rel=\"canonical\" href=\"https:\/\/naturapura.com\/nl\/levering-en-retouren\/\" \/>\n<meta property=\"og:locale\" content=\"nl_NL\" \/>\n<meta property=\"og:type\" content=\"article\" \/>\n<meta property=\"og:title\" content=\"Verzending &amp; Retourneren - NaturaPura\" \/>\n<meta property=\"og:description\" content=\"De verzendkosten zijn een vast bedrag, ongeacht de hoeveelheid items je toevoegt aan je bestelling.\" \/>\n<meta property=\"og:url\" content=\"https:\/\/naturapura.com\/nl\/levering-en-retouren\/\" \/>\n<meta property=\"og:site_name\" content=\"NaturaPura\" \/>\n<meta property=\"article:modified_time\" content=\"2022-02-11T17:56:19+00:00\" \/>\n<meta name=\"twitter:card\" content=\"summary_large_image\" \/>\n<meta name=\"twitter:label1\" content=\"Geschatte leestijd\" \/>\n\t<meta name=\"twitter:data1\" content=\"1 minuut\" \/>\n<script type=\"application\/ld+json\" class=\"yoast-schema-graph\">{\"@context\":\"https:\\\/\\\/schema.org\",\"@graph\":[{\"@type\":\"WebPage\",\"@id\":\"https:\\\/\\\/naturapura.com\\\/nl\\\/levering-en-retouren\\\/\",\"url\":\"https:\\\/\\\/naturapura.com\\\/nl\\\/levering-en-retouren\\\/\",\"name\":\"Verzending & Retourneren - NaturaPura\",\"isPartOf\":{\"@id\":\"https:\\\/\\\/naturapura.com\\\/nl\\\/#website\"},\"datePublished\":\"2020-12-11T10:16:18+00:00\",\"dateModified\":\"2022-02-11T17:56:19+00:00\",\"description\":\"De verzendkosten zijn een vast bedrag, ongeacht de hoeveelheid items je toevoegt aan je bestelling.\",\"breadcrumb\":{\"@id\":\"https:\\\/\\\/naturapura.com\\\/nl\\\/levering-en-retouren\\\/#breadcrumb\"},\"inLanguage\":\"nl-NL\",\"potentialAction\":[{\"@type\":\"ReadAction\",\"target\":[\"https:\\\/\\\/naturapura.com\\\/nl\\\/levering-en-retouren\\\/\"]}]},{\"@type\":\"BreadcrumbList\",\"@id\":\"https:\\\/\\\/naturapura.com\\\/nl\\\/levering-en-retouren\\\/#breadcrumb\",\"itemListElement\":[{\"@type\":\"ListItem\",\"position\":1,\"name\":\"In\u00edcio\",\"item\":\"https:\\\/\\\/naturapura.com\\\/nl\\\/\"},{\"@type\":\"ListItem\",\"position\":2,\"name\":\"Verzending &#038; Retourneren\"}]},{\"@type\":\"WebSite\",\"@id\":\"https:\\\/\\\/naturapura.com\\\/nl\\\/#website\",\"url\":\"https:\\\/\\\/naturapura.com\\\/nl\\\/\",\"name\":\"NaturaPura\",\"description\":\"Biologische babykleding en accessoires\",\"publisher\":{\"@id\":\"https:\\\/\\\/naturapura.com\\\/nl\\\/#organization\"},\"potentialAction\":[{\"@type\":\"SearchAction\",\"target\":{\"@type\":\"EntryPoint\",\"urlTemplate\":\"https:\\\/\\\/naturapura.com\\\/nl\\\/?s={search_term_string}\"},\"query-input\":{\"@type\":\"PropertyValueSpecification\",\"valueRequired\":true,\"valueName\":\"search_term_string\"}}],\"inLanguage\":\"nl-NL\"},{\"@type\":\"Organization\",\"@id\":\"https:\\\/\\\/naturapura.com\\\/nl\\\/#organization\",\"name\":\"NATURAPURA\",\"url\":\"https:\\\/\\\/naturapura.com\\\/nl\\\/\",\"logo\":{\"@type\":\"ImageObject\",\"inLanguage\":\"nl-NL\",\"@id\":\"https:\\\/\\\/naturapura.com\\\/nl\\\/#\\\/schema\\\/logo\\\/image\\\/\",\"url\":\"https:\\\/\\\/i0.wp.com\\\/naturapura.com\\\/wp-content\\\/uploads\\\/2023\\\/09\\\/logo-NP-bebe.png?fit=481%2C101&ssl=1\",\"contentUrl\":\"https:\\\/\\\/i0.wp.com\\\/naturapura.com\\\/wp-content\\\/uploads\\\/2023\\\/09\\\/logo-NP-bebe.png?fit=481%2C101&ssl=1\",\"width\":481,\"height\":101,\"caption\":\"NATURAPURA\"},\"image\":{\"@id\":\"https:\\\/\\\/naturapura.com\\\/nl\\\/#\\\/schema\\\/logo\\\/image\\\/\"}}]}<\/script>\n<!-- \/ Yoast SEO plugin. -->","yoast_head_json":{"title":"Verzending & Retourneren - NaturaPura","description":"De verzendkosten zijn een vast bedrag, ongeacht de hoeveelheid items je toevoegt aan je bestelling.","robots":{"index":"index","follow":"follow","max-snippet":"max-snippet:-1","max-image-preview":"max-image-preview:large","max-video-preview":"max-video-preview:-1"},"canonical":"https:\/\/naturapura.com\/nl\/levering-en-retouren\/","og_locale":"nl_NL","og_type":"article","og_title":"Verzending & Retourneren - NaturaPura","og_description":"De verzendkosten zijn een vast bedrag, ongeacht de hoeveelheid items je toevoegt aan je bestelling.","og_url":"https:\/\/naturapura.com\/nl\/levering-en-retouren\/","og_site_name":"NaturaPura","article_modified_time":"2022-02-11T17:56:19+00:00","twitter_card":"summary_large_image","twitter_misc":{"Geschatte leestijd":"1 minuut"},"schema":{"@context":"https:\/\/schema.org","@graph":[{"@type":"WebPage","@id":"https:\/\/naturapura.com\/nl\/levering-en-retouren\/","url":"https:\/\/naturapura.com\/nl\/levering-en-retouren\/","name":"Verzending & Retourneren - NaturaPura","isPartOf":{"@id":"https:\/\/naturapura.com\/nl\/#website"},"datePublished":"2020-12-11T10:16:18+00:00","dateModified":"2022-02-11T17:56:19+00:00","description":"De verzendkosten zijn een vast bedrag, ongeacht de hoeveelheid items je toevoegt aan je bestelling.","breadcrumb":{"@id":"https:\/\/naturapura.com\/nl\/levering-en-retouren\/#breadcrumb"},"inLanguage":"nl-NL","potentialAction":[{"@type":"ReadAction","target":["https:\/\/naturapura.com\/nl\/levering-en-retouren\/"]}]},{"@type":"BreadcrumbList","@id":"https:\/\/naturapura.com\/nl\/levering-en-retouren\/#breadcrumb","itemListElement":[{"@type":"ListItem","position":1,"name":"In\u00edcio","item":"https:\/\/naturapura.com\/nl\/"},{"@type":"ListItem","position":2,"name":"Verzending &#038; Retourneren"}]},{"@type":"WebSite","@id":"https:\/\/naturapura.com\/nl\/#website","url":"https:\/\/naturapura.com\/nl\/","name":"NaturaPura","description":"Biologische babykleding en accessoires","publisher":{"@id":"https:\/\/naturapura.com\/nl\/#organization"},"potentialAction":[{"@type":"SearchAction","target":{"@type":"EntryPoint","urlTemplate":"https:\/\/naturapura.com\/nl\/?s={search_term_string}"},"query-input":{"@type":"PropertyValueSpecification","valueRequired":true,"valueName":"search_term_string"}}],"inLanguage":"nl-NL"},{"@type":"Organization","@id":"https:\/\/naturapura.com\/nl\/#organization","name":"NATURAPURA","url":"https:\/\/naturapura.com\/nl\/","logo":{"@type":"ImageObject","inLanguage":"nl-NL","@id":"https:\/\/naturapura.com\/nl\/#\/schema\/logo\/image\/","url":"https:\/\/i0.wp.com\/naturapura.com\/wp-content\/uploads\/2023\/09\/logo-NP-bebe.png?fit=481%2C101&ssl=1","contentUrl":"https:\/\/i0.wp.com\/naturapura.com\/wp-content\/uploads\/2023\/09\/logo-NP-bebe.png?fit=481%2C101&ssl=1","width":481,"height":101,"caption":"NATURAPURA"},"image":{"@id":"https:\/\/naturapura.com\/nl\/#\/schema\/logo\/image\/"}}]}},"jetpack_sharing_enabled":true,"_links":{"self":[{"href":"https:\/\/naturapura.com\/nl\/wp-json\/wp\/v2\/pages\/36617","targetHints":{"allow":["GET"]}}],"collection":[{"href":"https:\/\/naturapura.com\/nl\/wp-json\/wp\/v2\/pages"}],"about":[{"href":"https:\/\/naturapura.com\/nl\/wp-json\/wp\/v2\/types\/page"}],"author":[{"embeddable":true,"href":"https:\/\/naturapura.com\/nl\/wp-json\/wp\/v2\/users\/18"}],"replies":[{"embeddable":true,"href":"https:\/\/naturapura.com\/nl\/wp-json\/wp\/v2\/comments?post=36617"}],"version-history":[{"count":0,"href":"https:\/\/naturapura.com\/nl\/wp-json\/wp\/v2\/pages\/36617\/revisions"}],"wp:attachment":[{"href":"https:\/\/naturapura.com\/nl\/wp-json\/wp\/v2\/media?parent=36617"}],"curies":[{"name":"wp","href":"https:\/\/api.w.org\/{rel}","templated":true}]}}