{"id":60072,"date":"2025-10-11T17:16:38","date_gmt":"2025-10-11T17:16:38","guid":{"rendered":"https:\/\/naturapura.com\/product\/corredino-19-pezzi-personalizzato\/"},"modified":"2025-10-14T14:04:45","modified_gmt":"2025-10-14T14:04:45","slug":"corredino-19-pezzi-personalizzato","status":"publish","type":"product","link":"https:\/\/naturapura.com\/it\/prodotto\/corredino-19-pezzi-personalizzato\/","title":{"rendered":"Corredino personalizzato (17 pezzi)"},"content":{"rendered":"<p><strong>Corredino\u00a0<\/strong><strong style=\"font-size: 14.4px;\">personalizzato <\/strong><strong style=\"font-size: 14.4px;\">17 pezzi\u00a0<\/strong><\/p>\n<div>I corredini Naturapura sono gli articoli pi\u00f9 ricercati dalle mamme.<\/div>\n<div><\/div>\n<div>Abbiamo creato i nostri corredini pensando alla pelle delicata dei neonati, consapevoli dell\u2019importanza e delle esigenze dei primi giorni di vita.<\/div>\n<div><\/div>\n<div>Tutti gli articoli inclusi nei nostri corredini sono realizzati in soffice cotone biologico al 100%, la scelta pi\u00f9 sana per il tuo bambino.<\/div>\n<div><\/div>\n<div>Il corredino DIAMOND personalizzato \u00e8 il pi\u00f9 completo di Naturapura!<\/div>\n<div><\/div>\n<div>\u00c8 la scelta pi\u00f9 popolare tra le mamme, che si affidano completamente alla qualit\u00e0 e all\u2019esperienza di NaturaPura.<\/div>\n<div><\/div>\n<div>Il corredino DIAMOND personalizzato \u00e8 composto da 17 pezzi ed \u00e8 l\u2019ideale per te che cerchi non solo il primo guardaroba per il tuo bambino, ma anche gli accessori d\u2019uso quotidiano con il nome del beb\u00e8.<\/div>\n<div><\/div>\n<div>Il corredino comprende 17 pezzi:<\/div>\n<div><\/div>\n<ul>\n<li>copertina personalizzata;<\/li>\n<li>asciugamano con cappuccio;<\/li>\n<li>sonaglino;<\/li>\n<li>un paio di calzini;<\/li>\n<li>un berrettino semplice;<\/li>\n<li>un bavaglino personalizzato;<\/li>\n<li>un completo composto da body con apertura frontale e ghettine senza elastico in vita (per non irritare la zona del cordone ombelicale), perfetto come primo intimo;<\/li>\n<li>una tutina con apertura frontale; una sacca di tessuto in cui riporre i primi vestitini;<\/li>\n<li>un body con colletto a volant;<\/li>\n<li>un berrettino in maglia;<\/li>\n<li>pantaloni a vita alta in maglia (senza cuciture);<\/li>\n<li>un pullover;<\/li>\n<li>un body incrociato e una ghettina a vita alta, in una sacca di tessuto;<\/li>\n<li>2 panni di stoffa.<\/li>\n<\/ul>\n","protected":false},"excerpt":{"rendered":"<p>TB23PER 1<\/p>\n","protected":false},"featured_media":52687,"template":"","meta":[],"product_brand":[],"product_cat":[3006,2998,3080],"product_tag":[],"giftcard-category":[],"class_list":{"0":"post-60072","1":"product","2":"type-product","3":"status-publish","4":"has-post-thumbnail","6":"product_cat-articoli-personalizzati","7":"product_cat-corredini","8":"product_cat-idee-regalo","10":"first","11":"instock","12":"taxable","13":"shipping-taxable","14":"product-type-variable","15":"has-default-attributes"},"exclude_global_add_ons":false,"addons":[{"name":"Nome del bambino","type":"custom_text","position":0,"required":true,"title_format":"label","default":"","description_enable":false,"description":"","placeholder_enable":false,"placeholder":"","display":"select","restrictions_type":"any_text","adjust_price":false,"price":"","price_type":"flat_fee","restrictions":true,"min":"2","max":"15","options":[],"id":1760450686},{"name":"Nome del bambino","type":"custom_text","position":0,"required":true,"title_format":"label","default":"","description_enable":false,"description":"","placeholder_enable":false,"placeholder":"","display":"select","restrictions_type":"any_text","adjust_price":false,"price":"","price_type":"flat_fee","restrictions":true,"min":"2","max":"15","options":[],"id":1676654652},{"name":"Messaggio Regalo","type":"custom_textarea","position":0,"required":false,"title_format":"label","default":"","description_enable":true,"description":"Aggiungi una dedica...","placeholder_enable":false,"placeholder":"","display":"select","restrictions_type":"any_text","adjust_price":false,"price":"3.00","price_type":"flat_fee","restrictions":true,"min":"0","max":"300","options":[]},{"name":"Notice","type":"heading","position":0,"required":false,"title_format":"label","default":"","description_enable":true,"description":"L'elaborazione degli ordini di prodotti personalizzati pu\u00f2 richiedere fino a 12 giorni lavorativi.","placeholder_enable":false,"placeholder":"","display":"select","restrictions_type":"any_text","adjust_price":false,"price":"","price_type":"flat_fee","restrictions":false,"min":"0","max":"0","options":[],"id":1704365216},{"name":"Notice","type":"heading","position":0,"required":false,"title_format":"label","default":"","description_enable":true,"description":"Possiamo consegnare gli articoli personalizzati ordinati solo fino all'11 dicembre in tempo per Natale.","placeholder_enable":false,"placeholder":"","display":"select","restrictions_type":"any_text","adjust_price":false,"price":"","price_type":"flat_fee","restrictions":false,"min":"0","max":"0","options":[],"id":1704365184},{"name":"Notice","type":"heading","position":0,"required":false,"title_format":"label","default":"","description_enable":true,"description":"A causa delle vacanze estive gli ordini di articoli personalizzati effettuati dal 7 agosto, si spediranno a partire dal 10 settembre.","placeholder_enable":false,"placeholder":"","display":"select","restrictions_type":"any_text","adjust_price":false,"price":"","price_type":"flat_fee","restrictions":false,"min":"0","max":"0","options":[],"id":1692953567}],"yoast_head":"<!-- This site is optimized with the Yoast SEO plugin v27.3 - https:\/\/yoast.com\/product\/yoast-seo-wordpress\/ -->\n<title>Corredino personalizzato (17 pezzi) - NaturaPura<\/title>\n<meta name=\"robots\" content=\"index, follow, max-snippet:-1, max-image-preview:large, max-video-preview:-1\" \/>\n<link rel=\"canonical\" href=\"https:\/\/naturapura.com\/it\/prodotto\/corredino-19-pezzi-personalizzato\/\" \/>\n<meta property=\"og:locale\" content=\"it_IT\" \/>\n<meta property=\"og:type\" content=\"article\" \/>\n<meta property=\"og:title\" content=\"Corredino personalizzato (17 pezzi) - NaturaPura\" \/>\n<meta property=\"og:description\" content=\"TB23PER 1\" \/>\n<meta property=\"og:url\" content=\"https:\/\/naturapura.com\/it\/prodotto\/corredino-19-pezzi-personalizzato\/\" \/>\n<meta property=\"og:site_name\" content=\"NaturaPura\" \/>\n<meta property=\"article:modified_time\" content=\"2025-10-14T14:04:45+00:00\" \/>\n<meta property=\"og:image\" content=\"https:\/\/naturapura.com\/wp-content\/uploads\/2024\/04\/TB23PER-1-1.jpg\" \/>\n\t<meta property=\"og:image:width\" content=\"1200\" \/>\n\t<meta property=\"og:image:height\" content=\"1200\" \/>\n\t<meta property=\"og:image:type\" content=\"image\/jpeg\" \/>\n<meta name=\"twitter:card\" content=\"summary_large_image\" \/>\n<meta name=\"twitter:label1\" content=\"Disponibilit\u00e0\" \/>\n\t<meta name=\"twitter:data1\" content=\"In stock\" \/>\n<script type=\"application\/ld+json\" class=\"yoast-schema-graph\">{\"@context\":\"https:\\\/\\\/schema.org\",\"@graph\":[{\"@type\":\"WebPage\",\"@id\":\"https:\\\/\\\/naturapura.com\\\/it\\\/prodotto\\\/corredino-19-pezzi-personalizzato\\\/\",\"url\":\"https:\\\/\\\/naturapura.com\\\/it\\\/prodotto\\\/corredino-19-pezzi-personalizzato\\\/\",\"name\":\"Corredino personalizzato (17 pezzi) - NaturaPura\",\"isPartOf\":{\"@id\":\"https:\\\/\\\/naturapura.com\\\/it\\\/#website\"},\"primaryImageOfPage\":{\"@id\":\"https:\\\/\\\/naturapura.com\\\/it\\\/prodotto\\\/corredino-19-pezzi-personalizzato\\\/#primaryimage\"},\"image\":{\"@id\":\"https:\\\/\\\/naturapura.com\\\/it\\\/prodotto\\\/corredino-19-pezzi-personalizzato\\\/#primaryimage\"},\"thumbnailUrl\":\"https:\\\/\\\/i0.wp.com\\\/naturapura.com\\\/wp-content\\\/uploads\\\/2024\\\/04\\\/TB23PER-1-1.jpg?fit=1200%2C1200&ssl=1\",\"datePublished\":\"2025-10-11T17:16:38+00:00\",\"dateModified\":\"2025-10-14T14:04:45+00:00\",\"breadcrumb\":{\"@id\":\"https:\\\/\\\/naturapura.com\\\/it\\\/prodotto\\\/corredino-19-pezzi-personalizzato\\\/#breadcrumb\"},\"inLanguage\":\"it-IT\",\"potentialAction\":[{\"@type\":\"ReadAction\",\"target\":[\"https:\\\/\\\/naturapura.com\\\/it\\\/prodotto\\\/corredino-19-pezzi-personalizzato\\\/\"]}]},{\"@type\":\"ImageObject\",\"inLanguage\":\"it-IT\",\"@id\":\"https:\\\/\\\/naturapura.com\\\/it\\\/prodotto\\\/corredino-19-pezzi-personalizzato\\\/#primaryimage\",\"url\":\"https:\\\/\\\/i0.wp.com\\\/naturapura.com\\\/wp-content\\\/uploads\\\/2024\\\/04\\\/TB23PER-1-1.jpg?fit=1200%2C1200&ssl=1\",\"contentUrl\":\"https:\\\/\\\/i0.wp.com\\\/naturapura.com\\\/wp-content\\\/uploads\\\/2024\\\/04\\\/TB23PER-1-1.jpg?fit=1200%2C1200&ssl=1\",\"width\":1200,\"height\":1200},{\"@type\":\"BreadcrumbList\",\"@id\":\"https:\\\/\\\/naturapura.com\\\/it\\\/prodotto\\\/corredino-19-pezzi-personalizzato\\\/#breadcrumb\",\"itemListElement\":[{\"@type\":\"ListItem\",\"position\":1,\"name\":\"In\u00edcio\",\"item\":\"https:\\\/\\\/naturapura.com\\\/it\\\/\"},{\"@type\":\"ListItem\",\"position\":2,\"name\":\"Negozio\",\"item\":\"https:\\\/\\\/naturapura.com\\\/it\\\/negozio\\\/\"},{\"@type\":\"ListItem\",\"position\":3,\"name\":\"Corredino personalizzato (17 pezzi)\"}]},{\"@type\":\"WebSite\",\"@id\":\"https:\\\/\\\/naturapura.com\\\/it\\\/#website\",\"url\":\"https:\\\/\\\/naturapura.com\\\/it\\\/\",\"name\":\"NaturaPura\",\"description\":\"Roupinha de Beb\u00e9 e Complementos em Org\u00e2nico\",\"publisher\":{\"@id\":\"https:\\\/\\\/naturapura.com\\\/it\\\/#organization\"},\"potentialAction\":[{\"@type\":\"SearchAction\",\"target\":{\"@type\":\"EntryPoint\",\"urlTemplate\":\"https:\\\/\\\/naturapura.com\\\/it\\\/?s={search_term_string}\"},\"query-input\":{\"@type\":\"PropertyValueSpecification\",\"valueRequired\":true,\"valueName\":\"search_term_string\"}}],\"inLanguage\":\"it-IT\"},{\"@type\":\"Organization\",\"@id\":\"https:\\\/\\\/naturapura.com\\\/it\\\/#organization\",\"name\":\"NATURAPURA\",\"url\":\"https:\\\/\\\/naturapura.com\\\/it\\\/\",\"logo\":{\"@type\":\"ImageObject\",\"inLanguage\":\"it-IT\",\"@id\":\"https:\\\/\\\/naturapura.com\\\/it\\\/#\\\/schema\\\/logo\\\/image\\\/\",\"url\":\"https:\\\/\\\/i0.wp.com\\\/naturapura.com\\\/wp-content\\\/uploads\\\/2023\\\/09\\\/logo-NP-bebe.png?fit=481%2C101&ssl=1\",\"contentUrl\":\"https:\\\/\\\/i0.wp.com\\\/naturapura.com\\\/wp-content\\\/uploads\\\/2023\\\/09\\\/logo-NP-bebe.png?fit=481%2C101&ssl=1\",\"width\":481,\"height\":101,\"caption\":\"NATURAPURA\"},\"image\":{\"@id\":\"https:\\\/\\\/naturapura.com\\\/it\\\/#\\\/schema\\\/logo\\\/image\\\/\"}}]}<\/script>\n<meta property=\"og:availability\" content=\"instock\" \/>\n<meta property=\"product:availability\" content=\"instock\" \/>\n<meta property=\"product:retailer_item_id\" content=\"TB23PER 1\" \/>\n<meta property=\"product:condition\" content=\"new\" \/>\n<!-- \/ Yoast SEO plugin. -->","yoast_head_json":{"title":"Corredino personalizzato (17 pezzi) - NaturaPura","robots":{"index":"index","follow":"follow","max-snippet":"max-snippet:-1","max-image-preview":"max-image-preview:large","max-video-preview":"max-video-preview:-1"},"canonical":"https:\/\/naturapura.com\/it\/prodotto\/corredino-19-pezzi-personalizzato\/","og_locale":"it_IT","og_type":"article","og_title":"Corredino personalizzato (17 pezzi) - NaturaPura","og_description":"TB23PER 1","og_url":"https:\/\/naturapura.com\/it\/prodotto\/corredino-19-pezzi-personalizzato\/","og_site_name":"NaturaPura","article_modified_time":"2025-10-14T14:04:45+00:00","og_image":[{"width":1200,"height":1200,"url":"https:\/\/naturapura.com\/wp-content\/uploads\/2024\/04\/TB23PER-1-1.jpg","type":"image\/jpeg"}],"twitter_card":"summary_large_image","twitter_misc":{"Disponibilit\u00e0":"In stock"},"schema":{"@context":"https:\/\/schema.org","@graph":[{"@type":"WebPage","@id":"https:\/\/naturapura.com\/it\/prodotto\/corredino-19-pezzi-personalizzato\/","url":"https:\/\/naturapura.com\/it\/prodotto\/corredino-19-pezzi-personalizzato\/","name":"Corredino personalizzato (17 pezzi) - NaturaPura","isPartOf":{"@id":"https:\/\/naturapura.com\/it\/#website"},"primaryImageOfPage":{"@id":"https:\/\/naturapura.com\/it\/prodotto\/corredino-19-pezzi-personalizzato\/#primaryimage"},"image":{"@id":"https:\/\/naturapura.com\/it\/prodotto\/corredino-19-pezzi-personalizzato\/#primaryimage"},"thumbnailUrl":"https:\/\/i0.wp.com\/naturapura.com\/wp-content\/uploads\/2024\/04\/TB23PER-1-1.jpg?fit=1200%2C1200&ssl=1","datePublished":"2025-10-11T17:16:38+00:00","dateModified":"2025-10-14T14:04:45+00:00","breadcrumb":{"@id":"https:\/\/naturapura.com\/it\/prodotto\/corredino-19-pezzi-personalizzato\/#breadcrumb"},"inLanguage":"it-IT","potentialAction":[{"@type":"ReadAction","target":["https:\/\/naturapura.com\/it\/prodotto\/corredino-19-pezzi-personalizzato\/"]}]},{"@type":"ImageObject","inLanguage":"it-IT","@id":"https:\/\/naturapura.com\/it\/prodotto\/corredino-19-pezzi-personalizzato\/#primaryimage","url":"https:\/\/i0.wp.com\/naturapura.com\/wp-content\/uploads\/2024\/04\/TB23PER-1-1.jpg?fit=1200%2C1200&ssl=1","contentUrl":"https:\/\/i0.wp.com\/naturapura.com\/wp-content\/uploads\/2024\/04\/TB23PER-1-1.jpg?fit=1200%2C1200&ssl=1","width":1200,"height":1200},{"@type":"BreadcrumbList","@id":"https:\/\/naturapura.com\/it\/prodotto\/corredino-19-pezzi-personalizzato\/#breadcrumb","itemListElement":[{"@type":"ListItem","position":1,"name":"In\u00edcio","item":"https:\/\/naturapura.com\/it\/"},{"@type":"ListItem","position":2,"name":"Negozio","item":"https:\/\/naturapura.com\/it\/negozio\/"},{"@type":"ListItem","position":3,"name":"Corredino personalizzato (17 pezzi)"}]},{"@type":"WebSite","@id":"https:\/\/naturapura.com\/it\/#website","url":"https:\/\/naturapura.com\/it\/","name":"NaturaPura","description":"Roupinha de Beb\u00e9 e Complementos em Org\u00e2nico","publisher":{"@id":"https:\/\/naturapura.com\/it\/#organization"},"potentialAction":[{"@type":"SearchAction","target":{"@type":"EntryPoint","urlTemplate":"https:\/\/naturapura.com\/it\/?s={search_term_string}"},"query-input":{"@type":"PropertyValueSpecification","valueRequired":true,"valueName":"search_term_string"}}],"inLanguage":"it-IT"},{"@type":"Organization","@id":"https:\/\/naturapura.com\/it\/#organization","name":"NATURAPURA","url":"https:\/\/naturapura.com\/it\/","logo":{"@type":"ImageObject","inLanguage":"it-IT","@id":"https:\/\/naturapura.com\/it\/#\/schema\/logo\/image\/","url":"https:\/\/i0.wp.com\/naturapura.com\/wp-content\/uploads\/2023\/09\/logo-NP-bebe.png?fit=481%2C101&ssl=1","contentUrl":"https:\/\/i0.wp.com\/naturapura.com\/wp-content\/uploads\/2023\/09\/logo-NP-bebe.png?fit=481%2C101&ssl=1","width":481,"height":101,"caption":"NATURAPURA"},"image":{"@id":"https:\/\/naturapura.com\/it\/#\/schema\/logo\/image\/"}}]},"og_availability":"instock","product_availability":"instock","product_retailer_item_id":"TB23PER 1","product_condition":"new"},"jetpack_sharing_enabled":true,"_links":{"self":[{"href":"https:\/\/naturapura.com\/it\/wp-json\/wp\/v2\/product\/60072","targetHints":{"allow":["GET"]}}],"collection":[{"href":"https:\/\/naturapura.com\/it\/wp-json\/wp\/v2\/product"}],"about":[{"href":"https:\/\/naturapura.com\/it\/wp-json\/wp\/v2\/types\/product"}],"wp:featuredmedia":[{"embeddable":true,"href":"https:\/\/naturapura.com\/it\/wp-json\/wp\/v2\/media\/52687"}],"wp:attachment":[{"href":"https:\/\/naturapura.com\/it\/wp-json\/wp\/v2\/media?parent=60072"}],"wp:term":[{"taxonomy":"product_brand","embeddable":true,"href":"https:\/\/naturapura.com\/it\/wp-json\/wp\/v2\/product_brand?post=60072"},{"taxonomy":"product_cat","embeddable":true,"href":"https:\/\/naturapura.com\/it\/wp-json\/wp\/v2\/product_cat?post=60072"},{"taxonomy":"product_tag","embeddable":true,"href":"https:\/\/naturapura.com\/it\/wp-json\/wp\/v2\/product_tag?post=60072"},{"taxonomy":"giftcard-category","embeddable":true,"href":"https:\/\/naturapura.com\/it\/wp-json\/wp\/v2\/giftcard-category?post=60072"}],"curies":[{"name":"wp","href":"https:\/\/api.w.org\/{rel}","templated":true}]}}