{"id":26694,"date":"2019-07-08T09:52:57","date_gmt":"2019-07-08T09:52:57","guid":{"rendered":"https:\/\/naturapura.com\/product\/coperta-personalizzata\/"},"modified":"2025-04-21T13:51:02","modified_gmt":"2025-04-21T13:51:02","slug":"coperta-personalizzata","status":"publish","type":"product","link":"https:\/\/naturapura.com\/it\/prodotto\/coperta-personalizzata\/","title":{"rendered":"Coperta personalizzata"},"content":{"rendered":"<p><strong>Coperta personalizzata<\/strong><\/p>\n<p>Da NaturaPura abbiamo un prodotto molto speciale.<\/p>\n<p>La nostra coperta personalizzata realizzata con il miglior cotone biologico certificato nella colorazione naturale \u00e9cru. \u00c8 molto confortevole e pu\u00f2 essere personalizzata con il nome del bambino.<\/p>\n<p>Quale regalo migliore per una creatura speciale?<\/p>\n<p>Avvolgi il tuo bambino nella tenerezza con NaturaPura.<\/p>\n","protected":false},"excerpt":{"rendered":"<p>TB06000lj<\/p>\n","protected":false},"featured_media":34423,"template":"","meta":[],"product_brand":[],"product_cat":[3006,3004],"product_tag":[],"giftcard-category":[],"class_list":{"0":"post-26694","1":"product","2":"type-product","3":"status-publish","4":"has-post-thumbnail","6":"product_cat-articoli-personalizzati","7":"product_cat-copertine","9":"first","10":"instock","11":"taxable","12":"shipping-taxable","13":"product-type-variable","14":"has-default-attributes"},"exclude_global_add_ons":false,"addons":[{"name":"Nome del bambino","type":"custom_text","position":0,"required":true,"title_format":"label","default":"","description_enable":false,"description":"","placeholder_enable":false,"placeholder":"","display":"select","restrictions_type":"any_text","adjust_price":false,"price":"","price_type":"flat_fee","restrictions":true,"min":"2","max":"15","options":[],"id":1670858569},{"name":"Nome del bambino","type":"custom_text","position":0,"required":true,"title_format":"label","default":"","description_enable":false,"description":"","placeholder_enable":false,"placeholder":"","display":"select","restrictions_type":"any_text","adjust_price":false,"price":"","price_type":"flat_fee","restrictions":true,"min":"2","max":"15","options":[],"id":1676654652},{"name":"Messaggio Regalo","type":"custom_textarea","position":0,"required":false,"title_format":"label","default":"","description_enable":true,"description":"Aggiungi una dedica...","placeholder_enable":false,"placeholder":"","display":"select","restrictions_type":"any_text","adjust_price":false,"price":"3.00","price_type":"flat_fee","restrictions":true,"min":"0","max":"300","options":[]},{"name":"Notice","type":"heading","position":0,"required":false,"title_format":"label","default":"","description_enable":true,"description":"L'elaborazione degli ordini di prodotti personalizzati pu\u00f2 richiedere fino a 12 giorni lavorativi.","placeholder_enable":false,"placeholder":"","display":"select","restrictions_type":"any_text","adjust_price":false,"price":"","price_type":"flat_fee","restrictions":false,"min":"0","max":"0","options":[],"id":1704365216},{"name":"Notice","type":"heading","position":0,"required":false,"title_format":"label","default":"","description_enable":true,"description":"Possiamo consegnare gli articoli personalizzati ordinati solo fino all'11 dicembre in tempo per Natale.","placeholder_enable":false,"placeholder":"","display":"select","restrictions_type":"any_text","adjust_price":false,"price":"","price_type":"flat_fee","restrictions":false,"min":"0","max":"0","options":[],"id":1704365184},{"name":"Notice","type":"heading","position":0,"required":false,"title_format":"label","default":"","description_enable":true,"description":"A causa delle vacanze estive gli ordini di articoli personalizzati effettuati dal 7 agosto, si spediranno a partire dal 10 settembre.","placeholder_enable":false,"placeholder":"","display":"select","restrictions_type":"any_text","adjust_price":false,"price":"","price_type":"flat_fee","restrictions":false,"min":"0","max":"0","options":[],"id":1692953567}],"yoast_head":"<!-- This site is optimized with the Yoast SEO plugin v27.3 - https:\/\/yoast.com\/product\/yoast-seo-wordpress\/ -->\n<title>Coperta personalizzata - 100 Organic Blankets - NaturaPura<\/title>\n<meta name=\"description\" content=\"In NaturaPura, abbiamo un prodotto molto speciale. La nostra coperta personalizzata \u00e8 realizzata con il miglior cotone biologico ecologicamente certificato.\" \/>\n<meta name=\"robots\" content=\"index, follow, max-snippet:-1, max-image-preview:large, max-video-preview:-1\" \/>\n<link rel=\"canonical\" href=\"https:\/\/naturapura.com\/it\/prodotto\/coperta-personalizzata\/\" \/>\n<meta property=\"og:locale\" content=\"it_IT\" \/>\n<meta property=\"og:type\" content=\"article\" \/>\n<meta property=\"og:title\" content=\"Coperta personalizzata - 100 Organic Blankets - NaturaPura\" \/>\n<meta property=\"og:description\" content=\"La nostra coperta personalizzata \u00e8 realizzata con il miglior cotone biologico ecologicamente certificato, nella sua ecru di colore naturale. \u00c8 molto comodo e pu\u00f2 essere personalizzato con il nome del bambino.\" \/>\n<meta property=\"og:url\" content=\"https:\/\/naturapura.com\/it\/prodotto\/coperta-personalizzata\/\" \/>\n<meta property=\"og:site_name\" content=\"NaturaPura\" \/>\n<meta property=\"article:modified_time\" content=\"2025-04-21T13:51:02+00:00\" \/>\n<meta property=\"og:image\" content=\"http:\/\/naturapura.com\/wp-content\/uploads\/2019\/07\/Personalized-Blanket.jpg\" \/>\n<meta name=\"twitter:card\" content=\"summary_large_image\" \/>\n<meta name=\"twitter:description\" content=\"La nostra coperta personalizzata \u00e8 realizzata con il miglior cotone biologico ecologicamente certificato, nella sua ecru di colore naturale. \u00c8 molto comodo e pu\u00f2 essere personalizzato con il nome del bambino.\" \/>\n<meta name=\"twitter:label1\" content=\"Disponibilit\u00e0\" \/>\n\t<meta name=\"twitter:data1\" content=\"In stock\" \/>\n<script type=\"application\/ld+json\" class=\"yoast-schema-graph\">{\"@context\":\"https:\\\/\\\/schema.org\",\"@graph\":[{\"@type\":\"WebPage\",\"@id\":\"https:\\\/\\\/naturapura.com\\\/it\\\/prodotto\\\/coperta-personalizzata\\\/\",\"url\":\"https:\\\/\\\/naturapura.com\\\/it\\\/prodotto\\\/coperta-personalizzata\\\/\",\"name\":\"Coperta personalizzata - 100 Organic Blankets - NaturaPura\",\"isPartOf\":{\"@id\":\"https:\\\/\\\/naturapura.com\\\/it\\\/#website\"},\"primaryImageOfPage\":{\"@id\":\"https:\\\/\\\/naturapura.com\\\/it\\\/prodotto\\\/coperta-personalizzata\\\/#primaryimage\"},\"image\":{\"@id\":\"https:\\\/\\\/naturapura.com\\\/it\\\/prodotto\\\/coperta-personalizzata\\\/#primaryimage\"},\"thumbnailUrl\":\"https:\\\/\\\/i0.wp.com\\\/naturapura.com\\\/wp-content\\\/uploads\\\/2019\\\/07\\\/097.jpg?fit=1500%2C1000&ssl=1\",\"datePublished\":\"2019-07-08T09:52:57+00:00\",\"dateModified\":\"2025-04-21T13:51:02+00:00\",\"description\":\"In NaturaPura, abbiamo un prodotto molto speciale. La nostra coperta personalizzata \u00e8 realizzata con il miglior cotone biologico ecologicamente certificato.\",\"breadcrumb\":{\"@id\":\"https:\\\/\\\/naturapura.com\\\/it\\\/prodotto\\\/coperta-personalizzata\\\/#breadcrumb\"},\"inLanguage\":\"it-IT\",\"potentialAction\":[{\"@type\":\"ReadAction\",\"target\":[\"https:\\\/\\\/naturapura.com\\\/it\\\/prodotto\\\/coperta-personalizzata\\\/\"]}]},{\"@type\":\"ImageObject\",\"inLanguage\":\"it-IT\",\"@id\":\"https:\\\/\\\/naturapura.com\\\/it\\\/prodotto\\\/coperta-personalizzata\\\/#primaryimage\",\"url\":\"https:\\\/\\\/i0.wp.com\\\/naturapura.com\\\/wp-content\\\/uploads\\\/2019\\\/07\\\/097.jpg?fit=1500%2C1000&ssl=1\",\"contentUrl\":\"https:\\\/\\\/i0.wp.com\\\/naturapura.com\\\/wp-content\\\/uploads\\\/2019\\\/07\\\/097.jpg?fit=1500%2C1000&ssl=1\",\"width\":1500,\"height\":1000,\"caption\":\"Coperta personalizzata\"},{\"@type\":\"BreadcrumbList\",\"@id\":\"https:\\\/\\\/naturapura.com\\\/it\\\/prodotto\\\/coperta-personalizzata\\\/#breadcrumb\",\"itemListElement\":[{\"@type\":\"ListItem\",\"position\":1,\"name\":\"In\u00edcio\",\"item\":\"https:\\\/\\\/naturapura.com\\\/it\\\/\"},{\"@type\":\"ListItem\",\"position\":2,\"name\":\"Negozio\",\"item\":\"https:\\\/\\\/naturapura.com\\\/it\\\/negozio\\\/\"},{\"@type\":\"ListItem\",\"position\":3,\"name\":\"Coperta personalizzata\"}]},{\"@type\":\"WebSite\",\"@id\":\"https:\\\/\\\/naturapura.com\\\/it\\\/#website\",\"url\":\"https:\\\/\\\/naturapura.com\\\/it\\\/\",\"name\":\"NaturaPura\",\"description\":\"Roupinha de Beb\u00e9 e Complementos em Org\u00e2nico\",\"publisher\":{\"@id\":\"https:\\\/\\\/naturapura.com\\\/it\\\/#organization\"},\"potentialAction\":[{\"@type\":\"SearchAction\",\"target\":{\"@type\":\"EntryPoint\",\"urlTemplate\":\"https:\\\/\\\/naturapura.com\\\/it\\\/?s={search_term_string}\"},\"query-input\":{\"@type\":\"PropertyValueSpecification\",\"valueRequired\":true,\"valueName\":\"search_term_string\"}}],\"inLanguage\":\"it-IT\"},{\"@type\":\"Organization\",\"@id\":\"https:\\\/\\\/naturapura.com\\\/it\\\/#organization\",\"name\":\"NATURAPURA\",\"url\":\"https:\\\/\\\/naturapura.com\\\/it\\\/\",\"logo\":{\"@type\":\"ImageObject\",\"inLanguage\":\"it-IT\",\"@id\":\"https:\\\/\\\/naturapura.com\\\/it\\\/#\\\/schema\\\/logo\\\/image\\\/\",\"url\":\"https:\\\/\\\/i0.wp.com\\\/naturapura.com\\\/wp-content\\\/uploads\\\/2023\\\/09\\\/logo-NP-bebe.png?fit=481%2C101&ssl=1\",\"contentUrl\":\"https:\\\/\\\/i0.wp.com\\\/naturapura.com\\\/wp-content\\\/uploads\\\/2023\\\/09\\\/logo-NP-bebe.png?fit=481%2C101&ssl=1\",\"width\":481,\"height\":101,\"caption\":\"NATURAPURA\"},\"image\":{\"@id\":\"https:\\\/\\\/naturapura.com\\\/it\\\/#\\\/schema\\\/logo\\\/image\\\/\"}}]}<\/script>\n<meta property=\"og:availability\" content=\"instock\" \/>\n<meta property=\"product:availability\" content=\"instock\" \/>\n<meta property=\"product:retailer_item_id\" content=\"TB06000lj\" \/>\n<meta property=\"product:condition\" content=\"new\" \/>\n<!-- \/ Yoast SEO plugin. -->","yoast_head_json":{"title":"Coperta personalizzata - 100 Organic Blankets - NaturaPura","description":"In NaturaPura, abbiamo un prodotto molto speciale. La nostra coperta personalizzata \u00e8 realizzata con il miglior cotone biologico ecologicamente certificato.","robots":{"index":"index","follow":"follow","max-snippet":"max-snippet:-1","max-image-preview":"max-image-preview:large","max-video-preview":"max-video-preview:-1"},"canonical":"https:\/\/naturapura.com\/it\/prodotto\/coperta-personalizzata\/","og_locale":"it_IT","og_type":"article","og_title":"Coperta personalizzata - 100 Organic Blankets - NaturaPura","og_description":"La nostra coperta personalizzata \u00e8 realizzata con il miglior cotone biologico ecologicamente certificato, nella sua ecru di colore naturale. \u00c8 molto comodo e pu\u00f2 essere personalizzato con il nome del bambino.","og_url":"https:\/\/naturapura.com\/it\/prodotto\/coperta-personalizzata\/","og_site_name":"NaturaPura","article_modified_time":"2025-04-21T13:51:02+00:00","og_image":[{"url":"http:\/\/naturapura.com\/wp-content\/uploads\/2019\/07\/Personalized-Blanket.jpg","type":"","width":"","height":""}],"twitter_card":"summary_large_image","twitter_description":"La nostra coperta personalizzata \u00e8 realizzata con il miglior cotone biologico ecologicamente certificato, nella sua ecru di colore naturale. \u00c8 molto comodo e pu\u00f2 essere personalizzato con il nome del bambino.","twitter_misc":{"Disponibilit\u00e0":"In stock"},"schema":{"@context":"https:\/\/schema.org","@graph":[{"@type":"WebPage","@id":"https:\/\/naturapura.com\/it\/prodotto\/coperta-personalizzata\/","url":"https:\/\/naturapura.com\/it\/prodotto\/coperta-personalizzata\/","name":"Coperta personalizzata - 100 Organic Blankets - NaturaPura","isPartOf":{"@id":"https:\/\/naturapura.com\/it\/#website"},"primaryImageOfPage":{"@id":"https:\/\/naturapura.com\/it\/prodotto\/coperta-personalizzata\/#primaryimage"},"image":{"@id":"https:\/\/naturapura.com\/it\/prodotto\/coperta-personalizzata\/#primaryimage"},"thumbnailUrl":"https:\/\/i0.wp.com\/naturapura.com\/wp-content\/uploads\/2019\/07\/097.jpg?fit=1500%2C1000&ssl=1","datePublished":"2019-07-08T09:52:57+00:00","dateModified":"2025-04-21T13:51:02+00:00","description":"In NaturaPura, abbiamo un prodotto molto speciale. La nostra coperta personalizzata \u00e8 realizzata con il miglior cotone biologico ecologicamente certificato.","breadcrumb":{"@id":"https:\/\/naturapura.com\/it\/prodotto\/coperta-personalizzata\/#breadcrumb"},"inLanguage":"it-IT","potentialAction":[{"@type":"ReadAction","target":["https:\/\/naturapura.com\/it\/prodotto\/coperta-personalizzata\/"]}]},{"@type":"ImageObject","inLanguage":"it-IT","@id":"https:\/\/naturapura.com\/it\/prodotto\/coperta-personalizzata\/#primaryimage","url":"https:\/\/i0.wp.com\/naturapura.com\/wp-content\/uploads\/2019\/07\/097.jpg?fit=1500%2C1000&ssl=1","contentUrl":"https:\/\/i0.wp.com\/naturapura.com\/wp-content\/uploads\/2019\/07\/097.jpg?fit=1500%2C1000&ssl=1","width":1500,"height":1000,"caption":"Coperta personalizzata"},{"@type":"BreadcrumbList","@id":"https:\/\/naturapura.com\/it\/prodotto\/coperta-personalizzata\/#breadcrumb","itemListElement":[{"@type":"ListItem","position":1,"name":"In\u00edcio","item":"https:\/\/naturapura.com\/it\/"},{"@type":"ListItem","position":2,"name":"Negozio","item":"https:\/\/naturapura.com\/it\/negozio\/"},{"@type":"ListItem","position":3,"name":"Coperta personalizzata"}]},{"@type":"WebSite","@id":"https:\/\/naturapura.com\/it\/#website","url":"https:\/\/naturapura.com\/it\/","name":"NaturaPura","description":"Roupinha de Beb\u00e9 e Complementos em Org\u00e2nico","publisher":{"@id":"https:\/\/naturapura.com\/it\/#organization"},"potentialAction":[{"@type":"SearchAction","target":{"@type":"EntryPoint","urlTemplate":"https:\/\/naturapura.com\/it\/?s={search_term_string}"},"query-input":{"@type":"PropertyValueSpecification","valueRequired":true,"valueName":"search_term_string"}}],"inLanguage":"it-IT"},{"@type":"Organization","@id":"https:\/\/naturapura.com\/it\/#organization","name":"NATURAPURA","url":"https:\/\/naturapura.com\/it\/","logo":{"@type":"ImageObject","inLanguage":"it-IT","@id":"https:\/\/naturapura.com\/it\/#\/schema\/logo\/image\/","url":"https:\/\/i0.wp.com\/naturapura.com\/wp-content\/uploads\/2023\/09\/logo-NP-bebe.png?fit=481%2C101&ssl=1","contentUrl":"https:\/\/i0.wp.com\/naturapura.com\/wp-content\/uploads\/2023\/09\/logo-NP-bebe.png?fit=481%2C101&ssl=1","width":481,"height":101,"caption":"NATURAPURA"},"image":{"@id":"https:\/\/naturapura.com\/it\/#\/schema\/logo\/image\/"}}]},"og_availability":"instock","product_availability":"instock","product_retailer_item_id":"TB06000lj","product_condition":"new"},"jetpack_sharing_enabled":true,"_links":{"self":[{"href":"https:\/\/naturapura.com\/it\/wp-json\/wp\/v2\/product\/26694","targetHints":{"allow":["GET"]}}],"collection":[{"href":"https:\/\/naturapura.com\/it\/wp-json\/wp\/v2\/product"}],"about":[{"href":"https:\/\/naturapura.com\/it\/wp-json\/wp\/v2\/types\/product"}],"wp:featuredmedia":[{"embeddable":true,"href":"https:\/\/naturapura.com\/it\/wp-json\/wp\/v2\/media\/34423"}],"wp:attachment":[{"href":"https:\/\/naturapura.com\/it\/wp-json\/wp\/v2\/media?parent=26694"}],"wp:term":[{"taxonomy":"product_brand","embeddable":true,"href":"https:\/\/naturapura.com\/it\/wp-json\/wp\/v2\/product_brand?post=26694"},{"taxonomy":"product_cat","embeddable":true,"href":"https:\/\/naturapura.com\/it\/wp-json\/wp\/v2\/product_cat?post=26694"},{"taxonomy":"product_tag","embeddable":true,"href":"https:\/\/naturapura.com\/it\/wp-json\/wp\/v2\/product_tag?post=26694"},{"taxonomy":"giftcard-category","embeddable":true,"href":"https:\/\/naturapura.com\/it\/wp-json\/wp\/v2\/giftcard-category?post=26694"}],"curies":[{"name":"wp","href":"https:\/\/api.w.org\/{rel}","templated":true}]}}