{"id":26440,"date":"2019-07-05T11:51:57","date_gmt":"2020-05-26T18:38:49","guid":{"rendered":"https:\/\/naturapura.com\/product\/bagno-mitten\/"},"modified":"2020-11-16T11:39:20","modified_gmt":"2020-11-16T11:39:20","slug":"guanto-da-bagno","status":"publish","type":"product","link":"https:\/\/naturapura.com\/it\/prodotto\/guanto-da-bagno\/","title":{"rendered":"Guanto da bagno"},"content":{"rendered":"<p><strong>Guanto da bagno<\/strong><\/p>\n<p>L&#8217;ora del bagnetto \u00e8 molto pi\u00f9 divertente con questo simpaticissimo guanto.<\/p>\n<p>Che gioia lasciarsi coccolare da questo piccolo amico dalle grandi orecchie!<\/p>\n<p>Il guanto \u00e8 in cotone biologico certificato, in tonalit\u00e0 naturali, senza sostanze chimiche o tinture.<\/p>\n<p>Ottimo per la pelle delicata del tuo bambino.<\/p>\n","protected":false},"excerpt":{"rendered":"<p>BB07038<\/p>\n","protected":false},"featured_media":26441,"template":"","meta":[],"product_brand":[],"product_cat":[3000],"product_tag":[],"giftcard-category":[],"class_list":{"0":"post-26440","1":"product","2":"type-product","3":"status-publish","4":"has-post-thumbnail","6":"product_cat-bagnetto","8":"first","9":"instock","10":"taxable","11":"shipping-taxable","12":"product-type-variable","13":"has-default-attributes"},"exclude_global_add_ons":false,"addons":[{"name":"Nome del bambino","type":"custom_text","position":0,"required":true,"title_format":"label","default":"","description_enable":false,"description":"","placeholder_enable":false,"placeholder":"","display":"select","restrictions_type":"any_text","adjust_price":false,"price":"","price_type":"flat_fee","restrictions":true,"min":"2","max":"15","options":[],"id":1676654652},{"name":"Messaggio Regalo","type":"custom_textarea","position":0,"required":false,"title_format":"label","default":"","description_enable":true,"description":"Aggiungi una dedica...","placeholder_enable":false,"placeholder":"","display":"select","restrictions_type":"any_text","adjust_price":false,"price":"3.00","price_type":"flat_fee","restrictions":true,"min":"0","max":"300","options":[]},{"name":"Notice","type":"heading","position":0,"required":false,"title_format":"label","default":"","description_enable":true,"description":"Possiamo consegnare gli articoli personalizzati ordinati solo fino all'11 dicembre in tempo per Natale.","placeholder_enable":false,"placeholder":"","display":"select","restrictions_type":"any_text","adjust_price":false,"price":"","price_type":"flat_fee","restrictions":false,"min":"0","max":"0","options":[],"id":1704365184},{"name":"Notice","type":"heading","position":0,"required":false,"title_format":"label","default":"","description_enable":true,"description":"A causa delle vacanze estive gli ordini di articoli personalizzati effettuati dal 7 agosto, si spediranno a partire dal 10 settembre.","placeholder_enable":false,"placeholder":"","display":"select","restrictions_type":"any_text","adjust_price":false,"price":"","price_type":"flat_fee","restrictions":false,"min":"0","max":"0","options":[],"id":1692953567}],"yoast_head":"<!-- This site is optimized with the Yoast SEO plugin v27.3 - https:\/\/yoast.com\/product\/yoast-seo-wordpress\/ -->\n<title>Guanto da bagno del titolo - 100 Organic Bath Mitten - NaturaPura<\/title>\n<meta name=\"description\" content=\"Il tempo di bagno \u00e8 molto pi\u00f9 divertente con questo guanto con le alci. Il tuo bambino \u00e8 sicuro di godere di avere questo piccolo amico con le grandi ere d&#039;orale condividere il suo bagno.\" \/>\n<meta name=\"robots\" content=\"index, follow, max-snippet:-1, max-image-preview:large, max-video-preview:-1\" \/>\n<link rel=\"canonical\" href=\"https:\/\/naturapura.com\/it\/prodotto\/guanto-da-bagno\/\" \/>\n<meta property=\"og:locale\" content=\"it_IT\" \/>\n<meta property=\"og:type\" content=\"article\" \/>\n<meta property=\"og:title\" content=\"Guanto da bagno del titolo - 100 Organic Bath Mitten - NaturaPura\" \/>\n<meta property=\"og:description\" content=\"Il tempo di bagno \u00e8 molto pi\u00f9 divertente con questo guanto con le alci. Il tuo bambino \u00e8 sicuro di godere di avere questo piccolo amico con le grandi ere d&#039;orale condividere il suo bagno.\" \/>\n<meta property=\"og:url\" content=\"https:\/\/naturapura.com\/it\/prodotto\/guanto-da-bagno\/\" \/>\n<meta property=\"og:site_name\" content=\"NaturaPura\" \/>\n<meta property=\"article:modified_time\" content=\"2020-11-16T11:39:20+00:00\" \/>\n<meta property=\"og:image\" content=\"https:\/\/naturapura.com\/wp-content\/uploads\/2019\/07\/Bath-Mitten-scaled.jpg\" \/>\n\t<meta property=\"og:image:width\" content=\"1709\" \/>\n\t<meta property=\"og:image:height\" content=\"2560\" \/>\n\t<meta property=\"og:image:type\" content=\"image\/jpeg\" \/>\n<meta name=\"twitter:card\" content=\"summary_large_image\" \/>\n<meta name=\"twitter:label1\" content=\"Disponibilit\u00e0\" \/>\n\t<meta name=\"twitter:data1\" content=\"In stock\" \/>\n<script type=\"application\/ld+json\" class=\"yoast-schema-graph\">{\"@context\":\"https:\\\/\\\/schema.org\",\"@graph\":[{\"@type\":\"WebPage\",\"@id\":\"https:\\\/\\\/naturapura.com\\\/it\\\/prodotto\\\/guanto-da-bagno\\\/\",\"url\":\"https:\\\/\\\/naturapura.com\\\/it\\\/prodotto\\\/guanto-da-bagno\\\/\",\"name\":\"Guanto da bagno del titolo - 100 Organic Bath Mitten - NaturaPura\",\"isPartOf\":{\"@id\":\"https:\\\/\\\/naturapura.com\\\/it\\\/#website\"},\"primaryImageOfPage\":{\"@id\":\"https:\\\/\\\/naturapura.com\\\/it\\\/prodotto\\\/guanto-da-bagno\\\/#primaryimage\"},\"image\":{\"@id\":\"https:\\\/\\\/naturapura.com\\\/it\\\/prodotto\\\/guanto-da-bagno\\\/#primaryimage\"},\"thumbnailUrl\":\"https:\\\/\\\/i0.wp.com\\\/naturapura.com\\\/wp-content\\\/uploads\\\/2019\\\/07\\\/Bath-Mitten-scaled.jpg?fit=1709%2C2560&ssl=1\",\"datePublished\":\"2020-05-26T18:38:49+00:00\",\"dateModified\":\"2020-11-16T11:39:20+00:00\",\"description\":\"Il tempo di bagno \u00e8 molto pi\u00f9 divertente con questo guanto con le alci. Il tuo bambino \u00e8 sicuro di godere di avere questo piccolo amico con le grandi ere d'orale condividere il suo bagno.\",\"breadcrumb\":{\"@id\":\"https:\\\/\\\/naturapura.com\\\/it\\\/prodotto\\\/guanto-da-bagno\\\/#breadcrumb\"},\"inLanguage\":\"it-IT\",\"potentialAction\":[{\"@type\":\"ReadAction\",\"target\":[\"https:\\\/\\\/naturapura.com\\\/it\\\/prodotto\\\/guanto-da-bagno\\\/\"]}]},{\"@type\":\"ImageObject\",\"inLanguage\":\"it-IT\",\"@id\":\"https:\\\/\\\/naturapura.com\\\/it\\\/prodotto\\\/guanto-da-bagno\\\/#primaryimage\",\"url\":\"https:\\\/\\\/i0.wp.com\\\/naturapura.com\\\/wp-content\\\/uploads\\\/2019\\\/07\\\/Bath-Mitten-scaled.jpg?fit=1709%2C2560&ssl=1\",\"contentUrl\":\"https:\\\/\\\/i0.wp.com\\\/naturapura.com\\\/wp-content\\\/uploads\\\/2019\\\/07\\\/Bath-Mitten-scaled.jpg?fit=1709%2C2560&ssl=1\",\"width\":1709,\"height\":2560,\"caption\":\"Guanto da bagno\"},{\"@type\":\"BreadcrumbList\",\"@id\":\"https:\\\/\\\/naturapura.com\\\/it\\\/prodotto\\\/guanto-da-bagno\\\/#breadcrumb\",\"itemListElement\":[{\"@type\":\"ListItem\",\"position\":1,\"name\":\"In\u00edcio\",\"item\":\"https:\\\/\\\/naturapura.com\\\/it\\\/\"},{\"@type\":\"ListItem\",\"position\":2,\"name\":\"Negozio\",\"item\":\"https:\\\/\\\/naturapura.com\\\/it\\\/negozio\\\/\"},{\"@type\":\"ListItem\",\"position\":3,\"name\":\"Guanto da bagno\"}]},{\"@type\":\"WebSite\",\"@id\":\"https:\\\/\\\/naturapura.com\\\/it\\\/#website\",\"url\":\"https:\\\/\\\/naturapura.com\\\/it\\\/\",\"name\":\"NaturaPura\",\"description\":\"Roupinha de Beb\u00e9 e Complementos em Org\u00e2nico\",\"publisher\":{\"@id\":\"https:\\\/\\\/naturapura.com\\\/it\\\/#organization\"},\"potentialAction\":[{\"@type\":\"SearchAction\",\"target\":{\"@type\":\"EntryPoint\",\"urlTemplate\":\"https:\\\/\\\/naturapura.com\\\/it\\\/?s={search_term_string}\"},\"query-input\":{\"@type\":\"PropertyValueSpecification\",\"valueRequired\":true,\"valueName\":\"search_term_string\"}}],\"inLanguage\":\"it-IT\"},{\"@type\":\"Organization\",\"@id\":\"https:\\\/\\\/naturapura.com\\\/it\\\/#organization\",\"name\":\"NATURAPURA\",\"url\":\"https:\\\/\\\/naturapura.com\\\/it\\\/\",\"logo\":{\"@type\":\"ImageObject\",\"inLanguage\":\"it-IT\",\"@id\":\"https:\\\/\\\/naturapura.com\\\/it\\\/#\\\/schema\\\/logo\\\/image\\\/\",\"url\":\"https:\\\/\\\/i0.wp.com\\\/naturapura.com\\\/wp-content\\\/uploads\\\/2023\\\/09\\\/logo-NP-bebe.png?fit=481%2C101&ssl=1\",\"contentUrl\":\"https:\\\/\\\/i0.wp.com\\\/naturapura.com\\\/wp-content\\\/uploads\\\/2023\\\/09\\\/logo-NP-bebe.png?fit=481%2C101&ssl=1\",\"width\":481,\"height\":101,\"caption\":\"NATURAPURA\"},\"image\":{\"@id\":\"https:\\\/\\\/naturapura.com\\\/it\\\/#\\\/schema\\\/logo\\\/image\\\/\"}}]}<\/script>\n<meta property=\"og:availability\" content=\"instock\" \/>\n<meta property=\"product:availability\" content=\"instock\" \/>\n<meta property=\"product:retailer_item_id\" content=\"BB07038\" \/>\n<meta property=\"product:condition\" content=\"new\" \/>\n<!-- \/ Yoast SEO plugin. -->","yoast_head_json":{"title":"Guanto da bagno del titolo - 100 Organic Bath Mitten - NaturaPura","description":"Il tempo di bagno \u00e8 molto pi\u00f9 divertente con questo guanto con le alci. Il tuo bambino \u00e8 sicuro di godere di avere questo piccolo amico con le grandi ere d'orale condividere il suo bagno.","robots":{"index":"index","follow":"follow","max-snippet":"max-snippet:-1","max-image-preview":"max-image-preview:large","max-video-preview":"max-video-preview:-1"},"canonical":"https:\/\/naturapura.com\/it\/prodotto\/guanto-da-bagno\/","og_locale":"it_IT","og_type":"article","og_title":"Guanto da bagno del titolo - 100 Organic Bath Mitten - NaturaPura","og_description":"Il tempo di bagno \u00e8 molto pi\u00f9 divertente con questo guanto con le alci. Il tuo bambino \u00e8 sicuro di godere di avere questo piccolo amico con le grandi ere d'orale condividere il suo bagno.","og_url":"https:\/\/naturapura.com\/it\/prodotto\/guanto-da-bagno\/","og_site_name":"NaturaPura","article_modified_time":"2020-11-16T11:39:20+00:00","og_image":[{"width":1709,"height":2560,"url":"https:\/\/naturapura.com\/wp-content\/uploads\/2019\/07\/Bath-Mitten-scaled.jpg","type":"image\/jpeg"}],"twitter_card":"summary_large_image","twitter_misc":{"Disponibilit\u00e0":"In stock"},"schema":{"@context":"https:\/\/schema.org","@graph":[{"@type":"WebPage","@id":"https:\/\/naturapura.com\/it\/prodotto\/guanto-da-bagno\/","url":"https:\/\/naturapura.com\/it\/prodotto\/guanto-da-bagno\/","name":"Guanto da bagno del titolo - 100 Organic Bath Mitten - NaturaPura","isPartOf":{"@id":"https:\/\/naturapura.com\/it\/#website"},"primaryImageOfPage":{"@id":"https:\/\/naturapura.com\/it\/prodotto\/guanto-da-bagno\/#primaryimage"},"image":{"@id":"https:\/\/naturapura.com\/it\/prodotto\/guanto-da-bagno\/#primaryimage"},"thumbnailUrl":"https:\/\/i0.wp.com\/naturapura.com\/wp-content\/uploads\/2019\/07\/Bath-Mitten-scaled.jpg?fit=1709%2C2560&ssl=1","datePublished":"2020-05-26T18:38:49+00:00","dateModified":"2020-11-16T11:39:20+00:00","description":"Il tempo di bagno \u00e8 molto pi\u00f9 divertente con questo guanto con le alci. Il tuo bambino \u00e8 sicuro di godere di avere questo piccolo amico con le grandi ere d'orale condividere il suo bagno.","breadcrumb":{"@id":"https:\/\/naturapura.com\/it\/prodotto\/guanto-da-bagno\/#breadcrumb"},"inLanguage":"it-IT","potentialAction":[{"@type":"ReadAction","target":["https:\/\/naturapura.com\/it\/prodotto\/guanto-da-bagno\/"]}]},{"@type":"ImageObject","inLanguage":"it-IT","@id":"https:\/\/naturapura.com\/it\/prodotto\/guanto-da-bagno\/#primaryimage","url":"https:\/\/i0.wp.com\/naturapura.com\/wp-content\/uploads\/2019\/07\/Bath-Mitten-scaled.jpg?fit=1709%2C2560&ssl=1","contentUrl":"https:\/\/i0.wp.com\/naturapura.com\/wp-content\/uploads\/2019\/07\/Bath-Mitten-scaled.jpg?fit=1709%2C2560&ssl=1","width":1709,"height":2560,"caption":"Guanto da bagno"},{"@type":"BreadcrumbList","@id":"https:\/\/naturapura.com\/it\/prodotto\/guanto-da-bagno\/#breadcrumb","itemListElement":[{"@type":"ListItem","position":1,"name":"In\u00edcio","item":"https:\/\/naturapura.com\/it\/"},{"@type":"ListItem","position":2,"name":"Negozio","item":"https:\/\/naturapura.com\/it\/negozio\/"},{"@type":"ListItem","position":3,"name":"Guanto da bagno"}]},{"@type":"WebSite","@id":"https:\/\/naturapura.com\/it\/#website","url":"https:\/\/naturapura.com\/it\/","name":"NaturaPura","description":"Roupinha de Beb\u00e9 e Complementos em Org\u00e2nico","publisher":{"@id":"https:\/\/naturapura.com\/it\/#organization"},"potentialAction":[{"@type":"SearchAction","target":{"@type":"EntryPoint","urlTemplate":"https:\/\/naturapura.com\/it\/?s={search_term_string}"},"query-input":{"@type":"PropertyValueSpecification","valueRequired":true,"valueName":"search_term_string"}}],"inLanguage":"it-IT"},{"@type":"Organization","@id":"https:\/\/naturapura.com\/it\/#organization","name":"NATURAPURA","url":"https:\/\/naturapura.com\/it\/","logo":{"@type":"ImageObject","inLanguage":"it-IT","@id":"https:\/\/naturapura.com\/it\/#\/schema\/logo\/image\/","url":"https:\/\/i0.wp.com\/naturapura.com\/wp-content\/uploads\/2023\/09\/logo-NP-bebe.png?fit=481%2C101&ssl=1","contentUrl":"https:\/\/i0.wp.com\/naturapura.com\/wp-content\/uploads\/2023\/09\/logo-NP-bebe.png?fit=481%2C101&ssl=1","width":481,"height":101,"caption":"NATURAPURA"},"image":{"@id":"https:\/\/naturapura.com\/it\/#\/schema\/logo\/image\/"}}]},"og_availability":"instock","product_availability":"instock","product_retailer_item_id":"BB07038","product_condition":"new"},"jetpack_sharing_enabled":true,"_links":{"self":[{"href":"https:\/\/naturapura.com\/it\/wp-json\/wp\/v2\/product\/26440","targetHints":{"allow":["GET"]}}],"collection":[{"href":"https:\/\/naturapura.com\/it\/wp-json\/wp\/v2\/product"}],"about":[{"href":"https:\/\/naturapura.com\/it\/wp-json\/wp\/v2\/types\/product"}],"wp:featuredmedia":[{"embeddable":true,"href":"https:\/\/naturapura.com\/it\/wp-json\/wp\/v2\/media\/26441"}],"wp:attachment":[{"href":"https:\/\/naturapura.com\/it\/wp-json\/wp\/v2\/media?parent=26440"}],"wp:term":[{"taxonomy":"product_brand","embeddable":true,"href":"https:\/\/naturapura.com\/it\/wp-json\/wp\/v2\/product_brand?post=26440"},{"taxonomy":"product_cat","embeddable":true,"href":"https:\/\/naturapura.com\/it\/wp-json\/wp\/v2\/product_cat?post=26440"},{"taxonomy":"product_tag","embeddable":true,"href":"https:\/\/naturapura.com\/it\/wp-json\/wp\/v2\/product_tag?post=26440"},{"taxonomy":"giftcard-category","embeddable":true,"href":"https:\/\/naturapura.com\/it\/wp-json\/wp\/v2\/giftcard-category?post=26440"}],"curies":[{"name":"wp","href":"https:\/\/api.w.org\/{rel}","templated":true}]}}