{"id":25747,"date":"2019-07-10T10:51:27","date_gmt":"2020-05-26T17:24:23","guid":{"rendered":"https:\/\/naturapura.com\/product\/maglione-a-maglia\/"},"modified":"2021-12-17T09:42:04","modified_gmt":"2021-12-17T09:42:04","slug":"pullover","status":"publish","type":"product","link":"https:\/\/naturapura.com\/it\/prodotto\/pullover\/","title":{"rendered":"Pullover"},"content":{"rendered":"<p><strong>Pullover<\/strong><\/p>\n<p>Uno dei nostri pezzi forti, questo pullover \u00e8 impreziosito da una cinturina che si lega con un fiocco sulla schiena.<\/p>\n<p>\u00c8 realizzato in cotone biologico certificato e senza cuciture, per il massimo comfort del tuo bambino.<\/p>\n<p>\u00c8 disponibile in due tonalit\u00e0 naturali, <strong>senza sostanze chimiche o tinture<\/strong>.<\/p>\n","protected":false},"excerpt":{"rendered":"<p>BB07025<\/p>\n","protected":false},"featured_media":57486,"template":"","meta":[],"product_brand":[],"product_cat":[2994],"product_tag":[],"giftcard-category":[],"class_list":{"0":"post-25747","1":"product","2":"type-product","3":"status-publish","4":"has-post-thumbnail","6":"product_cat-giacche-e-pullover","8":"first","9":"instock","10":"taxable","11":"shipping-taxable","12":"product-type-variable","13":"has-default-attributes"},"exclude_global_add_ons":false,"addons":[{"name":"Nome del bambino","type":"custom_text","position":0,"required":true,"title_format":"label","default":"","description_enable":false,"description":"","placeholder_enable":false,"placeholder":"","display":"select","restrictions_type":"any_text","adjust_price":false,"price":"","price_type":"flat_fee","restrictions":true,"min":"2","max":"15","options":[],"id":1676654652},{"name":"Messaggio Regalo","type":"custom_textarea","position":0,"required":false,"title_format":"label","default":"","description_enable":true,"description":"Aggiungi una dedica...","placeholder_enable":false,"placeholder":"","display":"select","restrictions_type":"any_text","adjust_price":false,"price":"3.00","price_type":"flat_fee","restrictions":true,"min":"0","max":"300","options":[]},{"name":"Notice","type":"heading","position":0,"required":false,"title_format":"label","default":"","description_enable":true,"description":"Possiamo consegnare gli articoli personalizzati ordinati solo fino all'11 dicembre in tempo per Natale.","placeholder_enable":false,"placeholder":"","display":"select","restrictions_type":"any_text","adjust_price":false,"price":"","price_type":"flat_fee","restrictions":false,"min":"0","max":"0","options":[],"id":1704365184},{"name":"Notice","type":"heading","position":0,"required":false,"title_format":"label","default":"","description_enable":true,"description":"A causa delle vacanze estive gli ordini di articoli personalizzati effettuati dal 7 agosto, si spediranno a partire dal 10 settembre.","placeholder_enable":false,"placeholder":"","display":"select","restrictions_type":"any_text","adjust_price":false,"price":"","price_type":"flat_fee","restrictions":false,"min":"0","max":"0","options":[],"id":1692953567}],"yoast_head":"<!-- This site is optimized with the Yoast SEO plugin v27.3 - https:\/\/yoast.com\/product\/yoast-seo-wordpress\/ -->\n<title>Pullover - 100% Pullover Organico - NaturaPura<\/title>\n<meta name=\"description\" content=\"Uno dei nostri pezzi pi\u00f9 speciali, questo maglione a maglia ha un arco ed \u00e8 fissato sul retro. \u00c8 disponibile in due tonalit\u00e0 naturali.\" \/>\n<meta name=\"robots\" content=\"index, follow, max-snippet:-1, max-image-preview:large, max-video-preview:-1\" \/>\n<link rel=\"canonical\" href=\"https:\/\/naturapura.com\/it\/prodotto\/pullover\/\" \/>\n<meta property=\"og:locale\" content=\"it_IT\" \/>\n<meta property=\"og:type\" content=\"article\" \/>\n<meta property=\"og:title\" content=\"Pullover - 100% Pullover Organico - NaturaPura\" \/>\n<meta property=\"og:description\" content=\"Uno dei nostri pezzi pi\u00f9 speciali, questo maglione a maglia ha un arco ed \u00e8 fissato sul retro. \u00c8 disponibile in due tonalit\u00e0 naturali.\" \/>\n<meta property=\"og:url\" content=\"https:\/\/naturapura.com\/it\/prodotto\/pullover\/\" \/>\n<meta property=\"og:site_name\" content=\"NaturaPura\" \/>\n<meta property=\"article:modified_time\" content=\"2021-12-17T09:42:04+00:00\" \/>\n<meta property=\"og:image\" content=\"https:\/\/naturapura.com\/wp-content\/uploads\/2019\/07\/07025.jpg\" \/>\n\t<meta property=\"og:image:width\" content=\"1200\" \/>\n\t<meta property=\"og:image:height\" content=\"1200\" \/>\n\t<meta property=\"og:image:type\" content=\"image\/jpeg\" \/>\n<meta name=\"twitter:card\" content=\"summary_large_image\" \/>\n<meta name=\"twitter:label1\" content=\"Disponibilit\u00e0\" \/>\n\t<meta name=\"twitter:data1\" content=\"In stock\" \/>\n<script type=\"application\/ld+json\" class=\"yoast-schema-graph\">{\"@context\":\"https:\\\/\\\/schema.org\",\"@graph\":[{\"@type\":\"WebPage\",\"@id\":\"https:\\\/\\\/naturapura.com\\\/it\\\/prodotto\\\/pullover\\\/\",\"url\":\"https:\\\/\\\/naturapura.com\\\/it\\\/prodotto\\\/pullover\\\/\",\"name\":\"Pullover - 100% Pullover Organico - NaturaPura\",\"isPartOf\":{\"@id\":\"https:\\\/\\\/naturapura.com\\\/it\\\/#website\"},\"primaryImageOfPage\":{\"@id\":\"https:\\\/\\\/naturapura.com\\\/it\\\/prodotto\\\/pullover\\\/#primaryimage\"},\"image\":{\"@id\":\"https:\\\/\\\/naturapura.com\\\/it\\\/prodotto\\\/pullover\\\/#primaryimage\"},\"thumbnailUrl\":\"https:\\\/\\\/i0.wp.com\\\/naturapura.com\\\/wp-content\\\/uploads\\\/2019\\\/07\\\/BB07025-1.jpg?fit=1200%2C1200&ssl=1\",\"datePublished\":\"2020-05-26T17:24:23+00:00\",\"dateModified\":\"2021-12-17T09:42:04+00:00\",\"description\":\"Uno dei nostri pezzi pi\u00f9 speciali, questo maglione a maglia ha un arco ed \u00e8 fissato sul retro. \u00c8 disponibile in due tonalit\u00e0 naturali.\",\"breadcrumb\":{\"@id\":\"https:\\\/\\\/naturapura.com\\\/it\\\/prodotto\\\/pullover\\\/#breadcrumb\"},\"inLanguage\":\"it-IT\",\"potentialAction\":[{\"@type\":\"ReadAction\",\"target\":[\"https:\\\/\\\/naturapura.com\\\/it\\\/prodotto\\\/pullover\\\/\"]}]},{\"@type\":\"ImageObject\",\"inLanguage\":\"it-IT\",\"@id\":\"https:\\\/\\\/naturapura.com\\\/it\\\/prodotto\\\/pullover\\\/#primaryimage\",\"url\":\"https:\\\/\\\/i0.wp.com\\\/naturapura.com\\\/wp-content\\\/uploads\\\/2019\\\/07\\\/BB07025-1.jpg?fit=1200%2C1200&ssl=1\",\"contentUrl\":\"https:\\\/\\\/i0.wp.com\\\/naturapura.com\\\/wp-content\\\/uploads\\\/2019\\\/07\\\/BB07025-1.jpg?fit=1200%2C1200&ssl=1\",\"width\":1200,\"height\":1200},{\"@type\":\"BreadcrumbList\",\"@id\":\"https:\\\/\\\/naturapura.com\\\/it\\\/prodotto\\\/pullover\\\/#breadcrumb\",\"itemListElement\":[{\"@type\":\"ListItem\",\"position\":1,\"name\":\"In\u00edcio\",\"item\":\"https:\\\/\\\/naturapura.com\\\/it\\\/\"},{\"@type\":\"ListItem\",\"position\":2,\"name\":\"Negozio\",\"item\":\"https:\\\/\\\/naturapura.com\\\/it\\\/negozio\\\/\"},{\"@type\":\"ListItem\",\"position\":3,\"name\":\"Pullover\"}]},{\"@type\":\"WebSite\",\"@id\":\"https:\\\/\\\/naturapura.com\\\/it\\\/#website\",\"url\":\"https:\\\/\\\/naturapura.com\\\/it\\\/\",\"name\":\"NaturaPura\",\"description\":\"Roupinha de Beb\u00e9 e Complementos em Org\u00e2nico\",\"publisher\":{\"@id\":\"https:\\\/\\\/naturapura.com\\\/it\\\/#organization\"},\"potentialAction\":[{\"@type\":\"SearchAction\",\"target\":{\"@type\":\"EntryPoint\",\"urlTemplate\":\"https:\\\/\\\/naturapura.com\\\/it\\\/?s={search_term_string}\"},\"query-input\":{\"@type\":\"PropertyValueSpecification\",\"valueRequired\":true,\"valueName\":\"search_term_string\"}}],\"inLanguage\":\"it-IT\"},{\"@type\":\"Organization\",\"@id\":\"https:\\\/\\\/naturapura.com\\\/it\\\/#organization\",\"name\":\"NATURAPURA\",\"url\":\"https:\\\/\\\/naturapura.com\\\/it\\\/\",\"logo\":{\"@type\":\"ImageObject\",\"inLanguage\":\"it-IT\",\"@id\":\"https:\\\/\\\/naturapura.com\\\/it\\\/#\\\/schema\\\/logo\\\/image\\\/\",\"url\":\"https:\\\/\\\/i0.wp.com\\\/naturapura.com\\\/wp-content\\\/uploads\\\/2023\\\/09\\\/logo-NP-bebe.png?fit=481%2C101&ssl=1\",\"contentUrl\":\"https:\\\/\\\/i0.wp.com\\\/naturapura.com\\\/wp-content\\\/uploads\\\/2023\\\/09\\\/logo-NP-bebe.png?fit=481%2C101&ssl=1\",\"width\":481,\"height\":101,\"caption\":\"NATURAPURA\"},\"image\":{\"@id\":\"https:\\\/\\\/naturapura.com\\\/it\\\/#\\\/schema\\\/logo\\\/image\\\/\"}}]}<\/script>\n<meta property=\"og:availability\" content=\"instock\" \/>\n<meta property=\"product:availability\" content=\"instock\" \/>\n<meta property=\"product:retailer_item_id\" content=\"BB07025\" \/>\n<meta property=\"product:condition\" content=\"new\" \/>\n<!-- \/ Yoast SEO plugin. -->","yoast_head_json":{"title":"Pullover - 100% Pullover Organico - NaturaPura","description":"Uno dei nostri pezzi pi\u00f9 speciali, questo maglione a maglia ha un arco ed \u00e8 fissato sul retro. \u00c8 disponibile in due tonalit\u00e0 naturali.","robots":{"index":"index","follow":"follow","max-snippet":"max-snippet:-1","max-image-preview":"max-image-preview:large","max-video-preview":"max-video-preview:-1"},"canonical":"https:\/\/naturapura.com\/it\/prodotto\/pullover\/","og_locale":"it_IT","og_type":"article","og_title":"Pullover - 100% Pullover Organico - NaturaPura","og_description":"Uno dei nostri pezzi pi\u00f9 speciali, questo maglione a maglia ha un arco ed \u00e8 fissato sul retro. \u00c8 disponibile in due tonalit\u00e0 naturali.","og_url":"https:\/\/naturapura.com\/it\/prodotto\/pullover\/","og_site_name":"NaturaPura","article_modified_time":"2021-12-17T09:42:04+00:00","og_image":[{"width":1200,"height":1200,"url":"https:\/\/naturapura.com\/wp-content\/uploads\/2019\/07\/07025.jpg","type":"image\/jpeg"}],"twitter_card":"summary_large_image","twitter_misc":{"Disponibilit\u00e0":"In stock"},"schema":{"@context":"https:\/\/schema.org","@graph":[{"@type":"WebPage","@id":"https:\/\/naturapura.com\/it\/prodotto\/pullover\/","url":"https:\/\/naturapura.com\/it\/prodotto\/pullover\/","name":"Pullover - 100% Pullover Organico - NaturaPura","isPartOf":{"@id":"https:\/\/naturapura.com\/it\/#website"},"primaryImageOfPage":{"@id":"https:\/\/naturapura.com\/it\/prodotto\/pullover\/#primaryimage"},"image":{"@id":"https:\/\/naturapura.com\/it\/prodotto\/pullover\/#primaryimage"},"thumbnailUrl":"https:\/\/i0.wp.com\/naturapura.com\/wp-content\/uploads\/2019\/07\/BB07025-1.jpg?fit=1200%2C1200&ssl=1","datePublished":"2020-05-26T17:24:23+00:00","dateModified":"2021-12-17T09:42:04+00:00","description":"Uno dei nostri pezzi pi\u00f9 speciali, questo maglione a maglia ha un arco ed \u00e8 fissato sul retro. \u00c8 disponibile in due tonalit\u00e0 naturali.","breadcrumb":{"@id":"https:\/\/naturapura.com\/it\/prodotto\/pullover\/#breadcrumb"},"inLanguage":"it-IT","potentialAction":[{"@type":"ReadAction","target":["https:\/\/naturapura.com\/it\/prodotto\/pullover\/"]}]},{"@type":"ImageObject","inLanguage":"it-IT","@id":"https:\/\/naturapura.com\/it\/prodotto\/pullover\/#primaryimage","url":"https:\/\/i0.wp.com\/naturapura.com\/wp-content\/uploads\/2019\/07\/BB07025-1.jpg?fit=1200%2C1200&ssl=1","contentUrl":"https:\/\/i0.wp.com\/naturapura.com\/wp-content\/uploads\/2019\/07\/BB07025-1.jpg?fit=1200%2C1200&ssl=1","width":1200,"height":1200},{"@type":"BreadcrumbList","@id":"https:\/\/naturapura.com\/it\/prodotto\/pullover\/#breadcrumb","itemListElement":[{"@type":"ListItem","position":1,"name":"In\u00edcio","item":"https:\/\/naturapura.com\/it\/"},{"@type":"ListItem","position":2,"name":"Negozio","item":"https:\/\/naturapura.com\/it\/negozio\/"},{"@type":"ListItem","position":3,"name":"Pullover"}]},{"@type":"WebSite","@id":"https:\/\/naturapura.com\/it\/#website","url":"https:\/\/naturapura.com\/it\/","name":"NaturaPura","description":"Roupinha de Beb\u00e9 e Complementos em Org\u00e2nico","publisher":{"@id":"https:\/\/naturapura.com\/it\/#organization"},"potentialAction":[{"@type":"SearchAction","target":{"@type":"EntryPoint","urlTemplate":"https:\/\/naturapura.com\/it\/?s={search_term_string}"},"query-input":{"@type":"PropertyValueSpecification","valueRequired":true,"valueName":"search_term_string"}}],"inLanguage":"it-IT"},{"@type":"Organization","@id":"https:\/\/naturapura.com\/it\/#organization","name":"NATURAPURA","url":"https:\/\/naturapura.com\/it\/","logo":{"@type":"ImageObject","inLanguage":"it-IT","@id":"https:\/\/naturapura.com\/it\/#\/schema\/logo\/image\/","url":"https:\/\/i0.wp.com\/naturapura.com\/wp-content\/uploads\/2023\/09\/logo-NP-bebe.png?fit=481%2C101&ssl=1","contentUrl":"https:\/\/i0.wp.com\/naturapura.com\/wp-content\/uploads\/2023\/09\/logo-NP-bebe.png?fit=481%2C101&ssl=1","width":481,"height":101,"caption":"NATURAPURA"},"image":{"@id":"https:\/\/naturapura.com\/it\/#\/schema\/logo\/image\/"}}]},"og_availability":"instock","product_availability":"instock","product_retailer_item_id":"BB07025","product_condition":"new"},"jetpack_sharing_enabled":true,"_links":{"self":[{"href":"https:\/\/naturapura.com\/it\/wp-json\/wp\/v2\/product\/25747","targetHints":{"allow":["GET"]}}],"collection":[{"href":"https:\/\/naturapura.com\/it\/wp-json\/wp\/v2\/product"}],"about":[{"href":"https:\/\/naturapura.com\/it\/wp-json\/wp\/v2\/types\/product"}],"wp:featuredmedia":[{"embeddable":true,"href":"https:\/\/naturapura.com\/it\/wp-json\/wp\/v2\/media\/57486"}],"wp:attachment":[{"href":"https:\/\/naturapura.com\/it\/wp-json\/wp\/v2\/media?parent=25747"}],"wp:term":[{"taxonomy":"product_brand","embeddable":true,"href":"https:\/\/naturapura.com\/it\/wp-json\/wp\/v2\/product_brand?post=25747"},{"taxonomy":"product_cat","embeddable":true,"href":"https:\/\/naturapura.com\/it\/wp-json\/wp\/v2\/product_cat?post=25747"},{"taxonomy":"product_tag","embeddable":true,"href":"https:\/\/naturapura.com\/it\/wp-json\/wp\/v2\/product_tag?post=25747"},{"taxonomy":"giftcard-category","embeddable":true,"href":"https:\/\/naturapura.com\/it\/wp-json\/wp\/v2\/giftcard-category?post=25747"}],"curies":[{"name":"wp","href":"https:\/\/api.w.org\/{rel}","templated":true}]}}