{"id":25292,"date":"2019-07-08T09:30:13","date_gmt":"2020-05-26T16:49:28","guid":{"rendered":"https:\/\/naturapura.com\/product\/diamond-confezione-per-laccoglimento-del-bambino-18-pezzi\/"},"modified":"2024-04-08T08:13:06","modified_gmt":"2024-04-08T08:13:06","slug":"corredino-19-pezzi","status":"publish","type":"product","link":"https:\/\/naturapura.com\/it\/prodotto\/corredino-19-pezzi\/","title":{"rendered":"Corredino 17 pezzi"},"content":{"rendered":"<p><strong>Corredino 17 pezzi<\/strong><\/p>\n<p>I corredini NaturaPura sono gli articoli pi\u00f9 ricercati dalle mamme.<\/p>\n<p>Abbiamo creato i nostri corredini pensando alla pelle delicata dei neonati, consapevoli dell&#8217;importanza e delle esigenze dei primi giorni di vita.<\/p>\n<p>Tutti gli articoli inclusi nei nostri corredini sono realizzati in soffice cotone biologico al 100%, la scelta pi\u00f9 sana per il tuo bambino.<\/p>\n<p>Il corredino <strong>DIAMOND<\/strong> \u00e8 il pi\u00f9 completo di NaturaPura!<\/p>\n<p>\u00c8 la scelta pi\u00f9 popolare tra le mamme, che si affidano completamente alla qualit\u00e0 e all&#8217;esperienza di NaturaPura.<\/p>\n<p>Il corredino DIAMOND \u00e8 composto da 17 pezzi ed \u00e8 l&#8217;ideale per te che cerchi non solo il primo guardaroba per il tuo bambino, ma anche gli accessori d&#8217;uso quotidiano e il necessario per i primi giorni di vita.<\/p>\n<p>Il corredino comprende 17 pezzi:<\/p>\n<ul>\n<li>copertina in maglia;<\/li>\n<li>asciugamano con cappuccio;<\/li>\n<li><a href=\"https:\/\/naturapura.com\/product\/rattle\/\">sonaglino<\/a>;<\/li>\n<li><a href=\"https:\/\/naturapura.com\/it\/prodotto\/calzine-basic\/\">paio di calzini;<\/a><\/li>\n<li>un berrettino semplice;<\/li>\n<li>un bavaglino;<\/li>\n<li>un completo composto da body con apertura frontale<u> e ghettine senza elastico in vita<\/u> (per non irritare la zona del cordone ombelicale), perfetto come primo intimo;<\/li>\n<li>una tutina con apertura frontale, una sacca con coulisse in cui riporre i primi vestitini;<\/li>\n<li>un body con colletto a volant;<\/li>\n<li>un berrettino in maglia;<\/li>\n<li>pantaloni a vita alta in maglia (senza cuciture);<\/li>\n<li>un pullover;<\/li>\n<li>un body incrociato;<\/li>\n<li>una ghettina a vita alta, in una sacca con coulisse;<\/li>\n<li>2 panni di stoffa.<\/li>\n<\/ul>\n","protected":false},"excerpt":{"rendered":"<p>TB07SET1<\/p>\n","protected":false},"featured_media":50019,"template":"","meta":[],"product_brand":[],"product_cat":[2998,3080],"product_tag":[],"giftcard-category":[],"class_list":{"0":"post-25292","1":"product","2":"type-product","3":"status-publish","4":"has-post-thumbnail","6":"product_cat-corredini","7":"product_cat-idee-regalo","9":"first","10":"instock","11":"taxable","12":"shipping-taxable","13":"product-type-variable","14":"has-default-attributes"},"exclude_global_add_ons":false,"addons":[{"name":"Nome del bambino","type":"custom_text","position":0,"required":true,"title_format":"label","default":"","description_enable":false,"description":"","placeholder_enable":false,"placeholder":"","display":"select","restrictions_type":"any_text","adjust_price":false,"price":"","price_type":"flat_fee","restrictions":true,"min":"2","max":"15","options":[],"id":1676654652},{"name":"Messaggio Regalo","type":"custom_textarea","position":0,"required":false,"title_format":"label","default":"","description_enable":true,"description":"Aggiungi una dedica...","placeholder_enable":false,"placeholder":"","display":"select","restrictions_type":"any_text","adjust_price":false,"price":"3.00","price_type":"flat_fee","restrictions":true,"min":"0","max":"300","options":[]},{"name":"Notice","type":"heading","position":0,"required":false,"title_format":"label","default":"","description_enable":true,"description":"Possiamo consegnare gli articoli personalizzati ordinati solo fino all'11 dicembre in tempo per Natale.","placeholder_enable":false,"placeholder":"","display":"select","restrictions_type":"any_text","adjust_price":false,"price":"","price_type":"flat_fee","restrictions":false,"min":"0","max":"0","options":[],"id":1704365184},{"name":"Notice","type":"heading","position":0,"required":false,"title_format":"label","default":"","description_enable":true,"description":"A causa delle vacanze estive gli ordini di articoli personalizzati effettuati dal 7 agosto, si spediranno a partire dal 10 settembre.","placeholder_enable":false,"placeholder":"","display":"select","restrictions_type":"any_text","adjust_price":false,"price":"","price_type":"flat_fee","restrictions":false,"min":"0","max":"0","options":[],"id":1692953567}],"yoast_head":"<!-- This site is optimized with the Yoast SEO plugin v27.3 - https:\/\/yoast.com\/product\/yoast-seo-wordpress\/ -->\n<title>Corredino 17 pezzi - NaturaPura<\/title>\n<meta name=\"description\" content=\"I kit di maternit\u00e0 NaturaPura sono gli articoli pi\u00f9 ricercati dalle nostre mamme. Tutti i prodotti dei nostri kit sono realizzati con 100 cotone biologico.\" \/>\n<meta name=\"robots\" content=\"index, follow, max-snippet:-1, max-image-preview:large, max-video-preview:-1\" \/>\n<link rel=\"canonical\" href=\"https:\/\/naturapura.com\/it\/prodotto\/corredino-19-pezzi\/\" \/>\n<meta property=\"og:locale\" content=\"it_IT\" \/>\n<meta property=\"og:type\" content=\"article\" \/>\n<meta property=\"og:title\" content=\"Corredino 17 pezzi - NaturaPura\" \/>\n<meta property=\"og:description\" content=\"I kit di maternit\u00e0 NaturaPura sono gli articoli pi\u00f9 ricercati dalle nostre mamme. Tutti i prodotti dei nostri kit sono realizzati con 100 cotone biologico.\" \/>\n<meta property=\"og:url\" content=\"https:\/\/naturapura.com\/it\/prodotto\/corredino-19-pezzi\/\" \/>\n<meta property=\"og:site_name\" content=\"NaturaPura\" \/>\n<meta property=\"article:modified_time\" content=\"2024-04-08T08:13:06+00:00\" \/>\n<meta property=\"og:image\" content=\"https:\/\/naturapura.com\/wp-content\/uploads\/2019\/07\/TB07SET1-1.jpg\" \/>\n\t<meta property=\"og:image:width\" content=\"1200\" \/>\n\t<meta property=\"og:image:height\" content=\"1200\" \/>\n\t<meta property=\"og:image:type\" content=\"image\/jpeg\" \/>\n<meta name=\"twitter:card\" content=\"summary_large_image\" \/>\n<meta name=\"twitter:label1\" content=\"Disponibilit\u00e0\" \/>\n\t<meta name=\"twitter:data1\" content=\"In stock\" \/>\n<script type=\"application\/ld+json\" class=\"yoast-schema-graph\">{\"@context\":\"https:\\\/\\\/schema.org\",\"@graph\":[{\"@type\":\"WebPage\",\"@id\":\"https:\\\/\\\/naturapura.com\\\/it\\\/prodotto\\\/corredino-19-pezzi\\\/\",\"url\":\"https:\\\/\\\/naturapura.com\\\/it\\\/prodotto\\\/corredino-19-pezzi\\\/\",\"name\":\"Corredino 17 pezzi - NaturaPura\",\"isPartOf\":{\"@id\":\"https:\\\/\\\/naturapura.com\\\/it\\\/#website\"},\"primaryImageOfPage\":{\"@id\":\"https:\\\/\\\/naturapura.com\\\/it\\\/prodotto\\\/corredino-19-pezzi\\\/#primaryimage\"},\"image\":{\"@id\":\"https:\\\/\\\/naturapura.com\\\/it\\\/prodotto\\\/corredino-19-pezzi\\\/#primaryimage\"},\"thumbnailUrl\":\"https:\\\/\\\/i0.wp.com\\\/naturapura.com\\\/wp-content\\\/uploads\\\/2019\\\/07\\\/TB07SET1-1.jpg?fit=1200%2C1200&ssl=1\",\"datePublished\":\"2020-05-26T16:49:28+00:00\",\"dateModified\":\"2024-04-08T08:13:06+00:00\",\"description\":\"I kit di maternit\u00e0 NaturaPura sono gli articoli pi\u00f9 ricercati dalle nostre mamme. Tutti i prodotti dei nostri kit sono realizzati con 100 cotone biologico.\",\"breadcrumb\":{\"@id\":\"https:\\\/\\\/naturapura.com\\\/it\\\/prodotto\\\/corredino-19-pezzi\\\/#breadcrumb\"},\"inLanguage\":\"it-IT\",\"potentialAction\":[{\"@type\":\"ReadAction\",\"target\":[\"https:\\\/\\\/naturapura.com\\\/it\\\/prodotto\\\/corredino-19-pezzi\\\/\"]}]},{\"@type\":\"ImageObject\",\"inLanguage\":\"it-IT\",\"@id\":\"https:\\\/\\\/naturapura.com\\\/it\\\/prodotto\\\/corredino-19-pezzi\\\/#primaryimage\",\"url\":\"https:\\\/\\\/i0.wp.com\\\/naturapura.com\\\/wp-content\\\/uploads\\\/2019\\\/07\\\/TB07SET1-1.jpg?fit=1200%2C1200&ssl=1\",\"contentUrl\":\"https:\\\/\\\/i0.wp.com\\\/naturapura.com\\\/wp-content\\\/uploads\\\/2019\\\/07\\\/TB07SET1-1.jpg?fit=1200%2C1200&ssl=1\",\"width\":1200,\"height\":1200},{\"@type\":\"BreadcrumbList\",\"@id\":\"https:\\\/\\\/naturapura.com\\\/it\\\/prodotto\\\/corredino-19-pezzi\\\/#breadcrumb\",\"itemListElement\":[{\"@type\":\"ListItem\",\"position\":1,\"name\":\"In\u00edcio\",\"item\":\"https:\\\/\\\/naturapura.com\\\/it\\\/\"},{\"@type\":\"ListItem\",\"position\":2,\"name\":\"Negozio\",\"item\":\"https:\\\/\\\/naturapura.com\\\/it\\\/negozio\\\/\"},{\"@type\":\"ListItem\",\"position\":3,\"name\":\"Corredino 17 pezzi\"}]},{\"@type\":\"WebSite\",\"@id\":\"https:\\\/\\\/naturapura.com\\\/it\\\/#website\",\"url\":\"https:\\\/\\\/naturapura.com\\\/it\\\/\",\"name\":\"NaturaPura\",\"description\":\"Roupinha de Beb\u00e9 e Complementos em Org\u00e2nico\",\"publisher\":{\"@id\":\"https:\\\/\\\/naturapura.com\\\/it\\\/#organization\"},\"potentialAction\":[{\"@type\":\"SearchAction\",\"target\":{\"@type\":\"EntryPoint\",\"urlTemplate\":\"https:\\\/\\\/naturapura.com\\\/it\\\/?s={search_term_string}\"},\"query-input\":{\"@type\":\"PropertyValueSpecification\",\"valueRequired\":true,\"valueName\":\"search_term_string\"}}],\"inLanguage\":\"it-IT\"},{\"@type\":\"Organization\",\"@id\":\"https:\\\/\\\/naturapura.com\\\/it\\\/#organization\",\"name\":\"NATURAPURA\",\"url\":\"https:\\\/\\\/naturapura.com\\\/it\\\/\",\"logo\":{\"@type\":\"ImageObject\",\"inLanguage\":\"it-IT\",\"@id\":\"https:\\\/\\\/naturapura.com\\\/it\\\/#\\\/schema\\\/logo\\\/image\\\/\",\"url\":\"https:\\\/\\\/i0.wp.com\\\/naturapura.com\\\/wp-content\\\/uploads\\\/2023\\\/09\\\/logo-NP-bebe.png?fit=481%2C101&ssl=1\",\"contentUrl\":\"https:\\\/\\\/i0.wp.com\\\/naturapura.com\\\/wp-content\\\/uploads\\\/2023\\\/09\\\/logo-NP-bebe.png?fit=481%2C101&ssl=1\",\"width\":481,\"height\":101,\"caption\":\"NATURAPURA\"},\"image\":{\"@id\":\"https:\\\/\\\/naturapura.com\\\/it\\\/#\\\/schema\\\/logo\\\/image\\\/\"}}]}<\/script>\n<meta property=\"og:availability\" content=\"instock\" \/>\n<meta property=\"product:availability\" content=\"instock\" \/>\n<meta property=\"product:retailer_item_id\" content=\"TB07SET1\" \/>\n<meta property=\"product:condition\" content=\"new\" \/>\n<!-- \/ Yoast SEO plugin. -->","yoast_head_json":{"title":"Corredino 17 pezzi - NaturaPura","description":"I kit di maternit\u00e0 NaturaPura sono gli articoli pi\u00f9 ricercati dalle nostre mamme. Tutti i prodotti dei nostri kit sono realizzati con 100 cotone biologico.","robots":{"index":"index","follow":"follow","max-snippet":"max-snippet:-1","max-image-preview":"max-image-preview:large","max-video-preview":"max-video-preview:-1"},"canonical":"https:\/\/naturapura.com\/it\/prodotto\/corredino-19-pezzi\/","og_locale":"it_IT","og_type":"article","og_title":"Corredino 17 pezzi - NaturaPura","og_description":"I kit di maternit\u00e0 NaturaPura sono gli articoli pi\u00f9 ricercati dalle nostre mamme. Tutti i prodotti dei nostri kit sono realizzati con 100 cotone biologico.","og_url":"https:\/\/naturapura.com\/it\/prodotto\/corredino-19-pezzi\/","og_site_name":"NaturaPura","article_modified_time":"2024-04-08T08:13:06+00:00","og_image":[{"width":1200,"height":1200,"url":"https:\/\/naturapura.com\/wp-content\/uploads\/2019\/07\/TB07SET1-1.jpg","type":"image\/jpeg"}],"twitter_card":"summary_large_image","twitter_misc":{"Disponibilit\u00e0":"In stock"},"schema":{"@context":"https:\/\/schema.org","@graph":[{"@type":"WebPage","@id":"https:\/\/naturapura.com\/it\/prodotto\/corredino-19-pezzi\/","url":"https:\/\/naturapura.com\/it\/prodotto\/corredino-19-pezzi\/","name":"Corredino 17 pezzi - NaturaPura","isPartOf":{"@id":"https:\/\/naturapura.com\/it\/#website"},"primaryImageOfPage":{"@id":"https:\/\/naturapura.com\/it\/prodotto\/corredino-19-pezzi\/#primaryimage"},"image":{"@id":"https:\/\/naturapura.com\/it\/prodotto\/corredino-19-pezzi\/#primaryimage"},"thumbnailUrl":"https:\/\/i0.wp.com\/naturapura.com\/wp-content\/uploads\/2019\/07\/TB07SET1-1.jpg?fit=1200%2C1200&ssl=1","datePublished":"2020-05-26T16:49:28+00:00","dateModified":"2024-04-08T08:13:06+00:00","description":"I kit di maternit\u00e0 NaturaPura sono gli articoli pi\u00f9 ricercati dalle nostre mamme. Tutti i prodotti dei nostri kit sono realizzati con 100 cotone biologico.","breadcrumb":{"@id":"https:\/\/naturapura.com\/it\/prodotto\/corredino-19-pezzi\/#breadcrumb"},"inLanguage":"it-IT","potentialAction":[{"@type":"ReadAction","target":["https:\/\/naturapura.com\/it\/prodotto\/corredino-19-pezzi\/"]}]},{"@type":"ImageObject","inLanguage":"it-IT","@id":"https:\/\/naturapura.com\/it\/prodotto\/corredino-19-pezzi\/#primaryimage","url":"https:\/\/i0.wp.com\/naturapura.com\/wp-content\/uploads\/2019\/07\/TB07SET1-1.jpg?fit=1200%2C1200&ssl=1","contentUrl":"https:\/\/i0.wp.com\/naturapura.com\/wp-content\/uploads\/2019\/07\/TB07SET1-1.jpg?fit=1200%2C1200&ssl=1","width":1200,"height":1200},{"@type":"BreadcrumbList","@id":"https:\/\/naturapura.com\/it\/prodotto\/corredino-19-pezzi\/#breadcrumb","itemListElement":[{"@type":"ListItem","position":1,"name":"In\u00edcio","item":"https:\/\/naturapura.com\/it\/"},{"@type":"ListItem","position":2,"name":"Negozio","item":"https:\/\/naturapura.com\/it\/negozio\/"},{"@type":"ListItem","position":3,"name":"Corredino 17 pezzi"}]},{"@type":"WebSite","@id":"https:\/\/naturapura.com\/it\/#website","url":"https:\/\/naturapura.com\/it\/","name":"NaturaPura","description":"Roupinha de Beb\u00e9 e Complementos em Org\u00e2nico","publisher":{"@id":"https:\/\/naturapura.com\/it\/#organization"},"potentialAction":[{"@type":"SearchAction","target":{"@type":"EntryPoint","urlTemplate":"https:\/\/naturapura.com\/it\/?s={search_term_string}"},"query-input":{"@type":"PropertyValueSpecification","valueRequired":true,"valueName":"search_term_string"}}],"inLanguage":"it-IT"},{"@type":"Organization","@id":"https:\/\/naturapura.com\/it\/#organization","name":"NATURAPURA","url":"https:\/\/naturapura.com\/it\/","logo":{"@type":"ImageObject","inLanguage":"it-IT","@id":"https:\/\/naturapura.com\/it\/#\/schema\/logo\/image\/","url":"https:\/\/i0.wp.com\/naturapura.com\/wp-content\/uploads\/2023\/09\/logo-NP-bebe.png?fit=481%2C101&ssl=1","contentUrl":"https:\/\/i0.wp.com\/naturapura.com\/wp-content\/uploads\/2023\/09\/logo-NP-bebe.png?fit=481%2C101&ssl=1","width":481,"height":101,"caption":"NATURAPURA"},"image":{"@id":"https:\/\/naturapura.com\/it\/#\/schema\/logo\/image\/"}}]},"og_availability":"instock","product_availability":"instock","product_retailer_item_id":"TB07SET1","product_condition":"new"},"jetpack_sharing_enabled":true,"_links":{"self":[{"href":"https:\/\/naturapura.com\/it\/wp-json\/wp\/v2\/product\/25292","targetHints":{"allow":["GET"]}}],"collection":[{"href":"https:\/\/naturapura.com\/it\/wp-json\/wp\/v2\/product"}],"about":[{"href":"https:\/\/naturapura.com\/it\/wp-json\/wp\/v2\/types\/product"}],"wp:featuredmedia":[{"embeddable":true,"href":"https:\/\/naturapura.com\/it\/wp-json\/wp\/v2\/media\/50019"}],"wp:attachment":[{"href":"https:\/\/naturapura.com\/it\/wp-json\/wp\/v2\/media?parent=25292"}],"wp:term":[{"taxonomy":"product_brand","embeddable":true,"href":"https:\/\/naturapura.com\/it\/wp-json\/wp\/v2\/product_brand?post=25292"},{"taxonomy":"product_cat","embeddable":true,"href":"https:\/\/naturapura.com\/it\/wp-json\/wp\/v2\/product_cat?post=25292"},{"taxonomy":"product_tag","embeddable":true,"href":"https:\/\/naturapura.com\/it\/wp-json\/wp\/v2\/product_tag?post=25292"},{"taxonomy":"giftcard-category","embeddable":true,"href":"https:\/\/naturapura.com\/it\/wp-json\/wp\/v2\/giftcard-category?post=25292"}],"curies":[{"name":"wp","href":"https:\/\/api.w.org\/{rel}","templated":true}]}}