{"id":60070,"date":"2025-10-11T17:16:38","date_gmt":"2025-10-11T17:16:38","guid":{"rendered":"https:\/\/naturapura.com\/product\/diamant-kit-de-maternite-personnalise-19-pieces\/"},"modified":"2025-10-14T14:01:58","modified_gmt":"2025-10-14T14:01:58","slug":"diamant-kit-de-maternite-personnalise-19-pieces","status":"publish","type":"product","link":"https:\/\/naturapura.com\/fr\/produit\/diamant-kit-de-maternite-personnalise-19-pieces\/","title":{"rendered":"Kit de Maternit\u00e9 Personnalis\u00e9 (17 Pi\u00e8ces)"},"content":{"rendered":"<div><strong>Kit de Maternit\u00e9 Personnalis\u00e9 (17 Pi\u00e8ces) <\/strong><\/div>\n<div><\/div>\n<div>Les kits de maternit\u00e9 Naturapura sont les articles les plus recherch\u00e9s par nos mamans.<\/div>\n<div>Nous avons d\u00e9velopp\u00e9 nos kits en pensant \u00e0 la peau sensible des nouveau-n\u00e9s et \u00e0 l\u2019importance et aux besoins de leurs premiers jours.<\/div>\n<div>Tous les produits de nos kits sont fabriqu\u00e9s avec du coton 100 % biologique qui est le choix le plus sain et le plus doux pour votre b\u00e9b\u00e9.<\/div>\n<div>Le KIT DIAMANT personnalis\u00e9 est le kit Naturapura le plus complet!<\/div>\n<div>C\u2019est le kit pr\u00e9f\u00e9r\u00e9 des mamans qui ont une confiance totale en la qualit\u00e9 et le d\u00e9vouement de Naturapura.<\/div>\n<div><\/div>\n<div>Le KIT DIAMOND contient 17 pi\u00e8ces et est id\u00e9al pour tous ceux qui recherchent non seulement la premi\u00e8re tenue de leur nouveau-n\u00e9, mais aussi des accessoires et des v\u00eatements de tous les jours pour ses premiers jours. Ce kit est compos\u00e9 de:<\/div>\n<div><\/div>\n<div>1 plaid personnalis\u00e9<\/div>\n<div>1 serviette \u00e0 capuche;<\/div>\n<div>1 hochet;<\/div>\n<div>1 paire de chaussettes basiques;<\/div>\n<div>1 bonnet simple en maille;<\/div>\n<div>1 bavoir personnalis\u00e9;<\/div>\n<div>1 body \u00e0 manches longues et 1 pantalon \u00e0 pied taille haute et sans \u00e9lastique (pour ne pas blesser la zone du cordon ombilical) avec son sac de transport;<\/div>\n<div>1 dors-bien \u00e0 pieds et \u00e0 ouverture frontale;<\/div>\n<div>1 body \u00e0 col;<\/div>\n<div>1 bonnet en tricot;<\/div>\n<div>1 pantalon en tricot \u00e0 pieds et taille haute (sans coutures);<\/div>\n<div>1 pull en tricot;<\/div>\n<div>1 body \u00e0 manches longues et 1 pantalon \u00e0 pieds \u00e0 taille haute avec son sac de transport;<\/div>\n<div>2 langes en tissu.<\/div>\n","protected":false},"excerpt":{"rendered":"<p>TB23PER 1<\/p>\n","protected":false},"featured_media":52686,"template":"","meta":[],"product_brand":[],"product_cat":[2742,3072,2745],"product_tag":[],"giftcard-category":[],"class_list":{"0":"post-60070","1":"product","2":"type-product","3":"status-publish","4":"has-post-thumbnail","6":"product_cat-coffrets-naissance","7":"product_cat-idees-cadeaux","8":"product_cat-personnalises","10":"first","11":"instock","12":"taxable","13":"shipping-taxable","14":"product-type-variable","15":"has-default-attributes"},"exclude_global_add_ons":false,"addons":[{"name":"Nom du Beb\u00e9","type":"custom_text","position":0,"required":true,"title_format":"label","default":"","description_enable":false,"description":"","placeholder_enable":false,"placeholder":"","display":"select","restrictions_type":"any_text","adjust_price":false,"price":"","price_type":"flat_fee","restrictions":true,"min":"2","max":"15","options":[],"id":1760450519},{"name":"Nom du Beb\u00e9","type":"custom_text","position":0,"required":true,"title_format":"label","default":"","description_enable":false,"description":"","placeholder_enable":false,"placeholder":"","display":"select","restrictions_type":"any_text","adjust_price":false,"price":"","price_type":"flat_fee","restrictions":true,"min":"2","max":"15","options":[],"id":1676654652},{"name":"Message de cadeau","type":"custom_textarea","position":0,"required":false,"title_format":"label","default":"","description_enable":true,"description":"Vous pouvez inclure un tendre message personnalis\u00e9...","placeholder_enable":false,"placeholder":"","display":"select","restrictions_type":"any_text","adjust_price":false,"price":"3.00","price_type":"flat_fee","restrictions":true,"min":"0","max":"300","options":[]},{"name":"Notice","type":"heading","position":0,"required":false,"title_format":"label","default":"","description_enable":true,"description":"Le traitement des commandes de produits personnalis\u00e9s peut prendre jusqu'\u00e0 12 jours ouvrables.","placeholder_enable":false,"placeholder":"","display":"select","restrictions_type":"any_text","adjust_price":false,"price":"","price_type":"flat_fee","restrictions":false,"min":"0","max":"0","options":[],"id":1704365216},{"name":"Notice","type":"heading","position":0,"required":false,"title_format":"label","default":"","description_enable":true,"description":"Nous ne pouvons livrer les articles personnalis\u00e9s command\u00e9s que jusqu'au 11 d\u00e9cembre, \u00e0 temps pour No\u00ebl.","placeholder_enable":false,"placeholder":"","display":"select","restrictions_type":"any_text","adjust_price":false,"price":"","price_type":"flat_fee","restrictions":false,"min":"0","max":"0","options":[],"id":1704365184},{"name":"Notice","type":"heading","position":0,"required":false,"title_format":"label","default":"","description_enable":true,"description":"En raison des vacances d\u2019\u00e9t\u00e9, les commandes d\u2019articles personnalis\u00e9s pass\u00e9es \u00e0 partir du 7 ao\u00fbt seront envoy\u00e9es \u00e0 partir du 10 septembre.","placeholder_enable":false,"placeholder":"","display":"select","restrictions_type":"any_text","adjust_price":false,"price":"","price_type":"flat_fee","restrictions":false,"min":"0","max":"0","options":[],"id":1692953567}],"yoast_head":"<!-- This site is optimized with the Yoast SEO plugin v27.3 - https:\/\/yoast.com\/product\/yoast-seo-wordpress\/ -->\n<title>Kit de Maternit\u00e9 Personnalis\u00e9 (17 Pi\u00e8ces) - NaturaPura<\/title>\n<meta name=\"robots\" content=\"index, follow, max-snippet:-1, max-image-preview:large, max-video-preview:-1\" \/>\n<link rel=\"canonical\" href=\"https:\/\/naturapura.com\/fr\/produit\/diamant-kit-de-maternite-personnalise-19-pieces\/\" \/>\n<meta property=\"og:locale\" content=\"fr_FR\" \/>\n<meta property=\"og:type\" content=\"article\" \/>\n<meta property=\"og:title\" content=\"Kit de Maternit\u00e9 Personnalis\u00e9 (17 Pi\u00e8ces) - NaturaPura\" \/>\n<meta property=\"og:description\" content=\"TB23PER 1\" \/>\n<meta property=\"og:url\" content=\"https:\/\/naturapura.com\/fr\/produit\/diamant-kit-de-maternite-personnalise-19-pieces\/\" \/>\n<meta property=\"og:site_name\" content=\"NaturaPura\" \/>\n<meta property=\"article:modified_time\" content=\"2025-10-14T14:01:58+00:00\" \/>\n<meta property=\"og:image\" content=\"https:\/\/naturapura.com\/wp-content\/uploads\/2024\/04\/TB23PER-1-1.jpg\" \/>\n\t<meta property=\"og:image:width\" content=\"1200\" \/>\n\t<meta property=\"og:image:height\" content=\"1200\" \/>\n\t<meta property=\"og:image:type\" content=\"image\/jpeg\" \/>\n<meta name=\"twitter:card\" content=\"summary_large_image\" \/>\n<meta name=\"twitter:label1\" content=\"Disponibilit\u00e9\" \/>\n\t<meta name=\"twitter:data1\" content=\"En stock\" \/>\n<script type=\"application\/ld+json\" class=\"yoast-schema-graph\">{\"@context\":\"https:\\\/\\\/schema.org\",\"@graph\":[{\"@type\":\"WebPage\",\"@id\":\"https:\\\/\\\/naturapura.com\\\/fr\\\/produit\\\/diamant-kit-de-maternite-personnalise-19-pieces\\\/\",\"url\":\"https:\\\/\\\/naturapura.com\\\/fr\\\/produit\\\/diamant-kit-de-maternite-personnalise-19-pieces\\\/\",\"name\":\"Kit de Maternit\u00e9 Personnalis\u00e9 (17 Pi\u00e8ces) - NaturaPura\",\"isPartOf\":{\"@id\":\"https:\\\/\\\/naturapura.com\\\/fr\\\/#website\"},\"primaryImageOfPage\":{\"@id\":\"https:\\\/\\\/naturapura.com\\\/fr\\\/produit\\\/diamant-kit-de-maternite-personnalise-19-pieces\\\/#primaryimage\"},\"image\":{\"@id\":\"https:\\\/\\\/naturapura.com\\\/fr\\\/produit\\\/diamant-kit-de-maternite-personnalise-19-pieces\\\/#primaryimage\"},\"thumbnailUrl\":\"https:\\\/\\\/i0.wp.com\\\/naturapura.com\\\/wp-content\\\/uploads\\\/2024\\\/04\\\/TB23PER-1-1.jpg?fit=1200%2C1200&ssl=1\",\"datePublished\":\"2025-10-11T17:16:38+00:00\",\"dateModified\":\"2025-10-14T14:01:58+00:00\",\"breadcrumb\":{\"@id\":\"https:\\\/\\\/naturapura.com\\\/fr\\\/produit\\\/diamant-kit-de-maternite-personnalise-19-pieces\\\/#breadcrumb\"},\"inLanguage\":\"fr-FR\",\"potentialAction\":[{\"@type\":\"ReadAction\",\"target\":[\"https:\\\/\\\/naturapura.com\\\/fr\\\/produit\\\/diamant-kit-de-maternite-personnalise-19-pieces\\\/\"]}]},{\"@type\":\"ImageObject\",\"inLanguage\":\"fr-FR\",\"@id\":\"https:\\\/\\\/naturapura.com\\\/fr\\\/produit\\\/diamant-kit-de-maternite-personnalise-19-pieces\\\/#primaryimage\",\"url\":\"https:\\\/\\\/i0.wp.com\\\/naturapura.com\\\/wp-content\\\/uploads\\\/2024\\\/04\\\/TB23PER-1-1.jpg?fit=1200%2C1200&ssl=1\",\"contentUrl\":\"https:\\\/\\\/i0.wp.com\\\/naturapura.com\\\/wp-content\\\/uploads\\\/2024\\\/04\\\/TB23PER-1-1.jpg?fit=1200%2C1200&ssl=1\",\"width\":1200,\"height\":1200},{\"@type\":\"BreadcrumbList\",\"@id\":\"https:\\\/\\\/naturapura.com\\\/fr\\\/produit\\\/diamant-kit-de-maternite-personnalise-19-pieces\\\/#breadcrumb\",\"itemListElement\":[{\"@type\":\"ListItem\",\"position\":1,\"name\":\"In\u00edcio\",\"item\":\"https:\\\/\\\/naturapura.com\\\/fr\\\/\"},{\"@type\":\"ListItem\",\"position\":2,\"name\":\"Boutique\",\"item\":\"https:\\\/\\\/naturapura.com\\\/fr\\\/boutique\\\/\"},{\"@type\":\"ListItem\",\"position\":3,\"name\":\"Kit de Maternit\u00e9 Personnalis\u00e9 (17 Pi\u00e8ces)\"}]},{\"@type\":\"WebSite\",\"@id\":\"https:\\\/\\\/naturapura.com\\\/fr\\\/#website\",\"url\":\"https:\\\/\\\/naturapura.com\\\/fr\\\/\",\"name\":\"NaturaPura\",\"description\":\"Roupinha de Beb\u00e9 e Complementos em Org\u00e2nico\",\"publisher\":{\"@id\":\"https:\\\/\\\/naturapura.com\\\/fr\\\/#organization\"},\"potentialAction\":[{\"@type\":\"SearchAction\",\"target\":{\"@type\":\"EntryPoint\",\"urlTemplate\":\"https:\\\/\\\/naturapura.com\\\/fr\\\/?s={search_term_string}\"},\"query-input\":{\"@type\":\"PropertyValueSpecification\",\"valueRequired\":true,\"valueName\":\"search_term_string\"}}],\"inLanguage\":\"fr-FR\"},{\"@type\":\"Organization\",\"@id\":\"https:\\\/\\\/naturapura.com\\\/fr\\\/#organization\",\"name\":\"NATURAPURA\",\"url\":\"https:\\\/\\\/naturapura.com\\\/fr\\\/\",\"logo\":{\"@type\":\"ImageObject\",\"inLanguage\":\"fr-FR\",\"@id\":\"https:\\\/\\\/naturapura.com\\\/fr\\\/#\\\/schema\\\/logo\\\/image\\\/\",\"url\":\"https:\\\/\\\/i0.wp.com\\\/naturapura.com\\\/wp-content\\\/uploads\\\/2023\\\/09\\\/logo-NP-bebe.png?fit=481%2C101&ssl=1\",\"contentUrl\":\"https:\\\/\\\/i0.wp.com\\\/naturapura.com\\\/wp-content\\\/uploads\\\/2023\\\/09\\\/logo-NP-bebe.png?fit=481%2C101&ssl=1\",\"width\":481,\"height\":101,\"caption\":\"NATURAPURA\"},\"image\":{\"@id\":\"https:\\\/\\\/naturapura.com\\\/fr\\\/#\\\/schema\\\/logo\\\/image\\\/\"}}]}<\/script>\n<meta property=\"og:availability\" content=\"instock\" \/>\n<meta property=\"product:availability\" content=\"instock\" \/>\n<meta property=\"product:retailer_item_id\" content=\"TB23PER 1\" \/>\n<meta property=\"product:condition\" content=\"new\" \/>\n<!-- \/ Yoast SEO plugin. -->","yoast_head_json":{"title":"Kit de Maternit\u00e9 Personnalis\u00e9 (17 Pi\u00e8ces) - NaturaPura","robots":{"index":"index","follow":"follow","max-snippet":"max-snippet:-1","max-image-preview":"max-image-preview:large","max-video-preview":"max-video-preview:-1"},"canonical":"https:\/\/naturapura.com\/fr\/produit\/diamant-kit-de-maternite-personnalise-19-pieces\/","og_locale":"fr_FR","og_type":"article","og_title":"Kit de Maternit\u00e9 Personnalis\u00e9 (17 Pi\u00e8ces) - NaturaPura","og_description":"TB23PER 1","og_url":"https:\/\/naturapura.com\/fr\/produit\/diamant-kit-de-maternite-personnalise-19-pieces\/","og_site_name":"NaturaPura","article_modified_time":"2025-10-14T14:01:58+00:00","og_image":[{"width":1200,"height":1200,"url":"https:\/\/naturapura.com\/wp-content\/uploads\/2024\/04\/TB23PER-1-1.jpg","type":"image\/jpeg"}],"twitter_card":"summary_large_image","twitter_misc":{"Disponibilit\u00e9":"En stock"},"schema":{"@context":"https:\/\/schema.org","@graph":[{"@type":"WebPage","@id":"https:\/\/naturapura.com\/fr\/produit\/diamant-kit-de-maternite-personnalise-19-pieces\/","url":"https:\/\/naturapura.com\/fr\/produit\/diamant-kit-de-maternite-personnalise-19-pieces\/","name":"Kit de Maternit\u00e9 Personnalis\u00e9 (17 Pi\u00e8ces) - NaturaPura","isPartOf":{"@id":"https:\/\/naturapura.com\/fr\/#website"},"primaryImageOfPage":{"@id":"https:\/\/naturapura.com\/fr\/produit\/diamant-kit-de-maternite-personnalise-19-pieces\/#primaryimage"},"image":{"@id":"https:\/\/naturapura.com\/fr\/produit\/diamant-kit-de-maternite-personnalise-19-pieces\/#primaryimage"},"thumbnailUrl":"https:\/\/i0.wp.com\/naturapura.com\/wp-content\/uploads\/2024\/04\/TB23PER-1-1.jpg?fit=1200%2C1200&ssl=1","datePublished":"2025-10-11T17:16:38+00:00","dateModified":"2025-10-14T14:01:58+00:00","breadcrumb":{"@id":"https:\/\/naturapura.com\/fr\/produit\/diamant-kit-de-maternite-personnalise-19-pieces\/#breadcrumb"},"inLanguage":"fr-FR","potentialAction":[{"@type":"ReadAction","target":["https:\/\/naturapura.com\/fr\/produit\/diamant-kit-de-maternite-personnalise-19-pieces\/"]}]},{"@type":"ImageObject","inLanguage":"fr-FR","@id":"https:\/\/naturapura.com\/fr\/produit\/diamant-kit-de-maternite-personnalise-19-pieces\/#primaryimage","url":"https:\/\/i0.wp.com\/naturapura.com\/wp-content\/uploads\/2024\/04\/TB23PER-1-1.jpg?fit=1200%2C1200&ssl=1","contentUrl":"https:\/\/i0.wp.com\/naturapura.com\/wp-content\/uploads\/2024\/04\/TB23PER-1-1.jpg?fit=1200%2C1200&ssl=1","width":1200,"height":1200},{"@type":"BreadcrumbList","@id":"https:\/\/naturapura.com\/fr\/produit\/diamant-kit-de-maternite-personnalise-19-pieces\/#breadcrumb","itemListElement":[{"@type":"ListItem","position":1,"name":"In\u00edcio","item":"https:\/\/naturapura.com\/fr\/"},{"@type":"ListItem","position":2,"name":"Boutique","item":"https:\/\/naturapura.com\/fr\/boutique\/"},{"@type":"ListItem","position":3,"name":"Kit de Maternit\u00e9 Personnalis\u00e9 (17 Pi\u00e8ces)"}]},{"@type":"WebSite","@id":"https:\/\/naturapura.com\/fr\/#website","url":"https:\/\/naturapura.com\/fr\/","name":"NaturaPura","description":"Roupinha de Beb\u00e9 e Complementos em Org\u00e2nico","publisher":{"@id":"https:\/\/naturapura.com\/fr\/#organization"},"potentialAction":[{"@type":"SearchAction","target":{"@type":"EntryPoint","urlTemplate":"https:\/\/naturapura.com\/fr\/?s={search_term_string}"},"query-input":{"@type":"PropertyValueSpecification","valueRequired":true,"valueName":"search_term_string"}}],"inLanguage":"fr-FR"},{"@type":"Organization","@id":"https:\/\/naturapura.com\/fr\/#organization","name":"NATURAPURA","url":"https:\/\/naturapura.com\/fr\/","logo":{"@type":"ImageObject","inLanguage":"fr-FR","@id":"https:\/\/naturapura.com\/fr\/#\/schema\/logo\/image\/","url":"https:\/\/i0.wp.com\/naturapura.com\/wp-content\/uploads\/2023\/09\/logo-NP-bebe.png?fit=481%2C101&ssl=1","contentUrl":"https:\/\/i0.wp.com\/naturapura.com\/wp-content\/uploads\/2023\/09\/logo-NP-bebe.png?fit=481%2C101&ssl=1","width":481,"height":101,"caption":"NATURAPURA"},"image":{"@id":"https:\/\/naturapura.com\/fr\/#\/schema\/logo\/image\/"}}]},"og_availability":"instock","product_availability":"instock","product_retailer_item_id":"TB23PER 1","product_condition":"new"},"jetpack_sharing_enabled":true,"_links":{"self":[{"href":"https:\/\/naturapura.com\/fr\/wp-json\/wp\/v2\/product\/60070","targetHints":{"allow":["GET"]}}],"collection":[{"href":"https:\/\/naturapura.com\/fr\/wp-json\/wp\/v2\/product"}],"about":[{"href":"https:\/\/naturapura.com\/fr\/wp-json\/wp\/v2\/types\/product"}],"wp:featuredmedia":[{"embeddable":true,"href":"https:\/\/naturapura.com\/fr\/wp-json\/wp\/v2\/media\/52686"}],"wp:attachment":[{"href":"https:\/\/naturapura.com\/fr\/wp-json\/wp\/v2\/media?parent=60070"}],"wp:term":[{"taxonomy":"product_brand","embeddable":true,"href":"https:\/\/naturapura.com\/fr\/wp-json\/wp\/v2\/product_brand?post=60070"},{"taxonomy":"product_cat","embeddable":true,"href":"https:\/\/naturapura.com\/fr\/wp-json\/wp\/v2\/product_cat?post=60070"},{"taxonomy":"product_tag","embeddable":true,"href":"https:\/\/naturapura.com\/fr\/wp-json\/wp\/v2\/product_tag?post=60070"},{"taxonomy":"giftcard-category","embeddable":true,"href":"https:\/\/naturapura.com\/fr\/wp-json\/wp\/v2\/giftcard-category?post=60070"}],"curies":[{"name":"wp","href":"https:\/\/api.w.org\/{rel}","templated":true}]}}