{"id":32701,"date":"2019-07-08T10:34:27","date_gmt":"2019-07-08T10:34:27","guid":{"rendered":"https:\/\/naturapura.com\/product\/couverture-pour-bebe-3-en-1\/"},"modified":"2020-10-12T09:03:01","modified_gmt":"2020-10-12T09:03:01","slug":"couverture-pour-bebe-3-en-1","status":"publish","type":"product","link":"https:\/\/naturapura.com\/fr\/produit\/couverture-pour-bebe-3-en-1\/","title":{"rendered":"Couverture pour b\u00e9b\u00e9 3 en 1"},"content":{"rendered":"<p><strong>Couverture pour b\u00e9b\u00e9 3 en 1<\/strong><\/p>\n<p>Cette couverture multifonctionnelle est l\u2019article indispensable pour tout b\u00e9b\u00e9 n\u00e9 en hiver: elle peut \u00eatre utilis\u00e9e comme couverture pour couvrir votre b\u00e9b\u00e9, pour que vous puissiez le poser dessus pour changer sa couche, \u00eatre transform\u00e9e en gigoteuse chaude et douillette, et m\u00eame devenir un petit oreiller lorsque vous tournez tous les bouts de la couverture vers la poche.<\/p>\n<p>Une excellente id\u00e9e de cadeau.<\/p>\n","protected":false},"excerpt":{"rendered":"<p>TB05002<\/p>\n","protected":false},"featured_media":55274,"template":"","meta":[],"product_brand":[],"product_cat":[2800],"product_tag":[],"giftcard-category":[],"class_list":{"0":"post-32701","1":"product","2":"type-product","3":"status-publish","4":"has-post-thumbnail","6":"product_cat-couvertures","8":"first","9":"instock","10":"taxable","11":"shipping-taxable","12":"purchasable","13":"product-type-variable","14":"has-default-attributes"},"exclude_global_add_ons":false,"addons":[{"name":"Nom du Beb\u00e9","type":"custom_text","position":0,"required":true,"title_format":"label","default":"","description_enable":false,"description":"","placeholder_enable":false,"placeholder":"","display":"select","restrictions_type":"any_text","adjust_price":false,"price":"","price_type":"flat_fee","restrictions":true,"min":"2","max":"15","options":[],"id":1676654652},{"name":"Message de cadeau","type":"custom_textarea","position":0,"required":false,"title_format":"label","default":"","description_enable":true,"description":"Vous pouvez inclure un tendre message personnalis\u00e9...","placeholder_enable":false,"placeholder":"","display":"select","restrictions_type":"any_text","adjust_price":false,"price":"3.00","price_type":"flat_fee","restrictions":true,"min":"0","max":"300","options":[]},{"name":"Notice","type":"heading","position":0,"required":false,"title_format":"label","default":"","description_enable":true,"description":"Nous ne pouvons livrer les articles personnalis\u00e9s command\u00e9s que jusqu'au 11 d\u00e9cembre, \u00e0 temps pour No\u00ebl.","placeholder_enable":false,"placeholder":"","display":"select","restrictions_type":"any_text","adjust_price":false,"price":"","price_type":"flat_fee","restrictions":false,"min":"0","max":"0","options":[],"id":1704365184},{"name":"Notice","type":"heading","position":0,"required":false,"title_format":"label","default":"","description_enable":true,"description":"En raison des vacances d\u2019\u00e9t\u00e9, les commandes d\u2019articles personnalis\u00e9s pass\u00e9es \u00e0 partir du 7 ao\u00fbt seront envoy\u00e9es \u00e0 partir du 10 septembre.","placeholder_enable":false,"placeholder":"","display":"select","restrictions_type":"any_text","adjust_price":false,"price":"","price_type":"flat_fee","restrictions":false,"min":"0","max":"0","options":[],"id":1692953567}],"yoast_head":"<!-- This site is optimized with the Yoast SEO plugin v27.3 - https:\/\/yoast.com\/product\/yoast-seo-wordpress\/ -->\n<title>Couverture pour b\u00e9b\u00e9 3 en 1 - 100% Organic Blanket - NaturaPura<\/title>\n<meta name=\"description\" content=\"For any baby born in the winter months, this multifunctional blanket is a must have. It can be used to cover your baby.\" \/>\n<meta name=\"robots\" content=\"index, follow, max-snippet:-1, max-image-preview:large, max-video-preview:-1\" \/>\n<link rel=\"canonical\" href=\"https:\/\/naturapura.com\/fr\/produit\/couverture-pour-bebe-3-en-1\/\" \/>\n<meta property=\"og:locale\" content=\"fr_FR\" \/>\n<meta property=\"og:type\" content=\"article\" \/>\n<meta property=\"og:title\" content=\"Couverture pour b\u00e9b\u00e9 3 en 1 - 100% Organic Blanket - NaturaPura\" \/>\n<meta property=\"og:description\" content=\"For any baby born in the winter months, this multifunctional blanket is a must have. It can be used to cover your baby.\" \/>\n<meta property=\"og:url\" content=\"https:\/\/naturapura.com\/fr\/produit\/couverture-pour-bebe-3-en-1\/\" \/>\n<meta property=\"og:site_name\" content=\"NaturaPura\" \/>\n<meta property=\"article:modified_time\" content=\"2020-10-12T09:03:01+00:00\" \/>\n<meta property=\"og:image\" content=\"https:\/\/naturapura.com\/wp-content\/uploads\/2019\/07\/TB05002-1-scaled.jpg\" \/>\n\t<meta property=\"og:image:width\" content=\"2560\" \/>\n\t<meta property=\"og:image:height\" content=\"2560\" \/>\n\t<meta property=\"og:image:type\" content=\"image\/jpeg\" \/>\n<meta name=\"twitter:card\" content=\"summary_large_image\" \/>\n<meta name=\"twitter:label1\" content=\"Disponibilit\u00e9\" \/>\n\t<meta name=\"twitter:data1\" content=\"En stock\" \/>\n<script type=\"application\/ld+json\" class=\"yoast-schema-graph\">{\"@context\":\"https:\\\/\\\/schema.org\",\"@graph\":[{\"@type\":\"WebPage\",\"@id\":\"https:\\\/\\\/naturapura.com\\\/fr\\\/produit\\\/couverture-pour-bebe-3-en-1\\\/\",\"url\":\"https:\\\/\\\/naturapura.com\\\/fr\\\/produit\\\/couverture-pour-bebe-3-en-1\\\/\",\"name\":\"Couverture pour b\u00e9b\u00e9 3 en 1 - 100% Organic Blanket - NaturaPura\",\"isPartOf\":{\"@id\":\"https:\\\/\\\/naturapura.com\\\/fr\\\/#website\"},\"primaryImageOfPage\":{\"@id\":\"https:\\\/\\\/naturapura.com\\\/fr\\\/produit\\\/couverture-pour-bebe-3-en-1\\\/#primaryimage\"},\"image\":{\"@id\":\"https:\\\/\\\/naturapura.com\\\/fr\\\/produit\\\/couverture-pour-bebe-3-en-1\\\/#primaryimage\"},\"thumbnailUrl\":\"https:\\\/\\\/i0.wp.com\\\/naturapura.com\\\/wp-content\\\/uploads\\\/2019\\\/07\\\/TB05002-1-scaled.jpg?fit=2560%2C2560&ssl=1\",\"datePublished\":\"2019-07-08T10:34:27+00:00\",\"dateModified\":\"2020-10-12T09:03:01+00:00\",\"description\":\"For any baby born in the winter months, this multifunctional blanket is a must have. It can be used to cover your baby.\",\"breadcrumb\":{\"@id\":\"https:\\\/\\\/naturapura.com\\\/fr\\\/produit\\\/couverture-pour-bebe-3-en-1\\\/#breadcrumb\"},\"inLanguage\":\"fr-FR\",\"potentialAction\":[{\"@type\":\"ReadAction\",\"target\":[\"https:\\\/\\\/naturapura.com\\\/fr\\\/produit\\\/couverture-pour-bebe-3-en-1\\\/\"]}]},{\"@type\":\"ImageObject\",\"inLanguage\":\"fr-FR\",\"@id\":\"https:\\\/\\\/naturapura.com\\\/fr\\\/produit\\\/couverture-pour-bebe-3-en-1\\\/#primaryimage\",\"url\":\"https:\\\/\\\/i0.wp.com\\\/naturapura.com\\\/wp-content\\\/uploads\\\/2019\\\/07\\\/TB05002-1-scaled.jpg?fit=2560%2C2560&ssl=1\",\"contentUrl\":\"https:\\\/\\\/i0.wp.com\\\/naturapura.com\\\/wp-content\\\/uploads\\\/2019\\\/07\\\/TB05002-1-scaled.jpg?fit=2560%2C2560&ssl=1\",\"width\":2560,\"height\":2560},{\"@type\":\"BreadcrumbList\",\"@id\":\"https:\\\/\\\/naturapura.com\\\/fr\\\/produit\\\/couverture-pour-bebe-3-en-1\\\/#breadcrumb\",\"itemListElement\":[{\"@type\":\"ListItem\",\"position\":1,\"name\":\"In\u00edcio\",\"item\":\"https:\\\/\\\/naturapura.com\\\/fr\\\/\"},{\"@type\":\"ListItem\",\"position\":2,\"name\":\"Boutique\",\"item\":\"https:\\\/\\\/naturapura.com\\\/fr\\\/boutique\\\/\"},{\"@type\":\"ListItem\",\"position\":3,\"name\":\"Couverture pour b\u00e9b\u00e9 3 en 1\"}]},{\"@type\":\"WebSite\",\"@id\":\"https:\\\/\\\/naturapura.com\\\/fr\\\/#website\",\"url\":\"https:\\\/\\\/naturapura.com\\\/fr\\\/\",\"name\":\"NaturaPura\",\"description\":\"Roupinha de Beb\u00e9 e Complementos em Org\u00e2nico\",\"publisher\":{\"@id\":\"https:\\\/\\\/naturapura.com\\\/fr\\\/#organization\"},\"potentialAction\":[{\"@type\":\"SearchAction\",\"target\":{\"@type\":\"EntryPoint\",\"urlTemplate\":\"https:\\\/\\\/naturapura.com\\\/fr\\\/?s={search_term_string}\"},\"query-input\":{\"@type\":\"PropertyValueSpecification\",\"valueRequired\":true,\"valueName\":\"search_term_string\"}}],\"inLanguage\":\"fr-FR\"},{\"@type\":\"Organization\",\"@id\":\"https:\\\/\\\/naturapura.com\\\/fr\\\/#organization\",\"name\":\"NATURAPURA\",\"url\":\"https:\\\/\\\/naturapura.com\\\/fr\\\/\",\"logo\":{\"@type\":\"ImageObject\",\"inLanguage\":\"fr-FR\",\"@id\":\"https:\\\/\\\/naturapura.com\\\/fr\\\/#\\\/schema\\\/logo\\\/image\\\/\",\"url\":\"https:\\\/\\\/i0.wp.com\\\/naturapura.com\\\/wp-content\\\/uploads\\\/2023\\\/09\\\/logo-NP-bebe.png?fit=481%2C101&ssl=1\",\"contentUrl\":\"https:\\\/\\\/i0.wp.com\\\/naturapura.com\\\/wp-content\\\/uploads\\\/2023\\\/09\\\/logo-NP-bebe.png?fit=481%2C101&ssl=1\",\"width\":481,\"height\":101,\"caption\":\"NATURAPURA\"},\"image\":{\"@id\":\"https:\\\/\\\/naturapura.com\\\/fr\\\/#\\\/schema\\\/logo\\\/image\\\/\"}}]}<\/script>\n<meta property=\"og:availability\" content=\"instock\" \/>\n<meta property=\"product:availability\" content=\"instock\" \/>\n<meta property=\"product:retailer_item_id\" content=\"TB05002\" \/>\n<meta property=\"product:condition\" content=\"new\" \/>\n<!-- \/ Yoast SEO plugin. -->","yoast_head_json":{"title":"Couverture pour b\u00e9b\u00e9 3 en 1 - 100% Organic Blanket - NaturaPura","description":"For any baby born in the winter months, this multifunctional blanket is a must have. It can be used to cover your baby.","robots":{"index":"index","follow":"follow","max-snippet":"max-snippet:-1","max-image-preview":"max-image-preview:large","max-video-preview":"max-video-preview:-1"},"canonical":"https:\/\/naturapura.com\/fr\/produit\/couverture-pour-bebe-3-en-1\/","og_locale":"fr_FR","og_type":"article","og_title":"Couverture pour b\u00e9b\u00e9 3 en 1 - 100% Organic Blanket - NaturaPura","og_description":"For any baby born in the winter months, this multifunctional blanket is a must have. It can be used to cover your baby.","og_url":"https:\/\/naturapura.com\/fr\/produit\/couverture-pour-bebe-3-en-1\/","og_site_name":"NaturaPura","article_modified_time":"2020-10-12T09:03:01+00:00","og_image":[{"width":2560,"height":2560,"url":"https:\/\/naturapura.com\/wp-content\/uploads\/2019\/07\/TB05002-1-scaled.jpg","type":"image\/jpeg"}],"twitter_card":"summary_large_image","twitter_misc":{"Disponibilit\u00e9":"En stock"},"schema":{"@context":"https:\/\/schema.org","@graph":[{"@type":"WebPage","@id":"https:\/\/naturapura.com\/fr\/produit\/couverture-pour-bebe-3-en-1\/","url":"https:\/\/naturapura.com\/fr\/produit\/couverture-pour-bebe-3-en-1\/","name":"Couverture pour b\u00e9b\u00e9 3 en 1 - 100% Organic Blanket - NaturaPura","isPartOf":{"@id":"https:\/\/naturapura.com\/fr\/#website"},"primaryImageOfPage":{"@id":"https:\/\/naturapura.com\/fr\/produit\/couverture-pour-bebe-3-en-1\/#primaryimage"},"image":{"@id":"https:\/\/naturapura.com\/fr\/produit\/couverture-pour-bebe-3-en-1\/#primaryimage"},"thumbnailUrl":"https:\/\/i0.wp.com\/naturapura.com\/wp-content\/uploads\/2019\/07\/TB05002-1-scaled.jpg?fit=2560%2C2560&ssl=1","datePublished":"2019-07-08T10:34:27+00:00","dateModified":"2020-10-12T09:03:01+00:00","description":"For any baby born in the winter months, this multifunctional blanket is a must have. It can be used to cover your baby.","breadcrumb":{"@id":"https:\/\/naturapura.com\/fr\/produit\/couverture-pour-bebe-3-en-1\/#breadcrumb"},"inLanguage":"fr-FR","potentialAction":[{"@type":"ReadAction","target":["https:\/\/naturapura.com\/fr\/produit\/couverture-pour-bebe-3-en-1\/"]}]},{"@type":"ImageObject","inLanguage":"fr-FR","@id":"https:\/\/naturapura.com\/fr\/produit\/couverture-pour-bebe-3-en-1\/#primaryimage","url":"https:\/\/i0.wp.com\/naturapura.com\/wp-content\/uploads\/2019\/07\/TB05002-1-scaled.jpg?fit=2560%2C2560&ssl=1","contentUrl":"https:\/\/i0.wp.com\/naturapura.com\/wp-content\/uploads\/2019\/07\/TB05002-1-scaled.jpg?fit=2560%2C2560&ssl=1","width":2560,"height":2560},{"@type":"BreadcrumbList","@id":"https:\/\/naturapura.com\/fr\/produit\/couverture-pour-bebe-3-en-1\/#breadcrumb","itemListElement":[{"@type":"ListItem","position":1,"name":"In\u00edcio","item":"https:\/\/naturapura.com\/fr\/"},{"@type":"ListItem","position":2,"name":"Boutique","item":"https:\/\/naturapura.com\/fr\/boutique\/"},{"@type":"ListItem","position":3,"name":"Couverture pour b\u00e9b\u00e9 3 en 1"}]},{"@type":"WebSite","@id":"https:\/\/naturapura.com\/fr\/#website","url":"https:\/\/naturapura.com\/fr\/","name":"NaturaPura","description":"Roupinha de Beb\u00e9 e Complementos em Org\u00e2nico","publisher":{"@id":"https:\/\/naturapura.com\/fr\/#organization"},"potentialAction":[{"@type":"SearchAction","target":{"@type":"EntryPoint","urlTemplate":"https:\/\/naturapura.com\/fr\/?s={search_term_string}"},"query-input":{"@type":"PropertyValueSpecification","valueRequired":true,"valueName":"search_term_string"}}],"inLanguage":"fr-FR"},{"@type":"Organization","@id":"https:\/\/naturapura.com\/fr\/#organization","name":"NATURAPURA","url":"https:\/\/naturapura.com\/fr\/","logo":{"@type":"ImageObject","inLanguage":"fr-FR","@id":"https:\/\/naturapura.com\/fr\/#\/schema\/logo\/image\/","url":"https:\/\/i0.wp.com\/naturapura.com\/wp-content\/uploads\/2023\/09\/logo-NP-bebe.png?fit=481%2C101&ssl=1","contentUrl":"https:\/\/i0.wp.com\/naturapura.com\/wp-content\/uploads\/2023\/09\/logo-NP-bebe.png?fit=481%2C101&ssl=1","width":481,"height":101,"caption":"NATURAPURA"},"image":{"@id":"https:\/\/naturapura.com\/fr\/#\/schema\/logo\/image\/"}}]},"og_availability":"instock","product_availability":"instock","product_retailer_item_id":"TB05002","product_condition":"new"},"jetpack_sharing_enabled":true,"_links":{"self":[{"href":"https:\/\/naturapura.com\/fr\/wp-json\/wp\/v2\/product\/32701","targetHints":{"allow":["GET"]}}],"collection":[{"href":"https:\/\/naturapura.com\/fr\/wp-json\/wp\/v2\/product"}],"about":[{"href":"https:\/\/naturapura.com\/fr\/wp-json\/wp\/v2\/types\/product"}],"wp:featuredmedia":[{"embeddable":true,"href":"https:\/\/naturapura.com\/fr\/wp-json\/wp\/v2\/media\/55274"}],"wp:attachment":[{"href":"https:\/\/naturapura.com\/fr\/wp-json\/wp\/v2\/media?parent=32701"}],"wp:term":[{"taxonomy":"product_brand","embeddable":true,"href":"https:\/\/naturapura.com\/fr\/wp-json\/wp\/v2\/product_brand?post=32701"},{"taxonomy":"product_cat","embeddable":true,"href":"https:\/\/naturapura.com\/fr\/wp-json\/wp\/v2\/product_cat?post=32701"},{"taxonomy":"product_tag","embeddable":true,"href":"https:\/\/naturapura.com\/fr\/wp-json\/wp\/v2\/product_tag?post=32701"},{"taxonomy":"giftcard-category","embeddable":true,"href":"https:\/\/naturapura.com\/fr\/wp-json\/wp\/v2\/giftcard-category?post=32701"}],"curies":[{"name":"wp","href":"https:\/\/api.w.org\/{rel}","templated":true}]}}