{"id":21605,"date":"2019-12-16T12:21:12","date_gmt":"2020-05-18T21:18:13","guid":{"rendered":"https:\/\/naturapura.com\/product\/tapis-de-changement-de-tissu\/"},"modified":"2020-10-12T09:51:20","modified_gmt":"2020-10-12T09:51:20","slug":"tapis-a-langer-en-tissu","status":"publish","type":"product","link":"https:\/\/naturapura.com\/fr\/produit\/tapis-a-langer-en-tissu\/","title":{"rendered":"Tapis \u00e0 langer en tissu"},"content":{"rendered":"<p><strong>Tapis \u00e0 langer en tissu<\/strong><\/p>\n<p>Changez les couches avec style n\u2019importe o\u00f9!<\/p>\n<p>C\u2019est pr\u00e9cis\u00e9ment pour cela que nous avons d\u00e9velopp\u00e9 le tapis \u00e0 langer NaturaPura.<\/p>\n<p>L\u2019ext\u00e9rieur est fait en coton certifi\u00e9 biologique et l\u2019int\u00e9rieur est en PVC, ce qui le rend facile \u00e0 nettoyer.<\/p>\n<p>Super facile \u00e0 utiliser et pratique \u00e0 garder, il suffit de le plier et de placer dans le sac de b\u00e9b\u00e9 ou dans la poussette.<\/p>\n","protected":false},"excerpt":{"rendered":"<p>TB17000<\/p>\n","protected":false},"featured_media":21606,"template":"","meta":[],"product_brand":[],"product_cat":[2575],"product_tag":[],"giftcard-category":[],"class_list":{"0":"post-21605","1":"product","2":"type-product","3":"status-publish","4":"has-post-thumbnail","6":"product_cat-accessoires","8":"first","9":"instock","10":"taxable","11":"shipping-taxable","12":"product-type-variable","13":"has-default-attributes"},"exclude_global_add_ons":false,"addons":[{"name":"Nom du Beb\u00e9","type":"custom_text","position":0,"required":true,"title_format":"label","default":"","description_enable":false,"description":"","placeholder_enable":false,"placeholder":"","display":"select","restrictions_type":"any_text","adjust_price":false,"price":"","price_type":"flat_fee","restrictions":true,"min":"2","max":"15","options":[],"id":1676654652},{"name":"Message de cadeau","type":"custom_textarea","position":0,"required":false,"title_format":"label","default":"","description_enable":true,"description":"Vous pouvez inclure un tendre message personnalis\u00e9...","placeholder_enable":false,"placeholder":"","display":"select","restrictions_type":"any_text","adjust_price":false,"price":"3.00","price_type":"flat_fee","restrictions":true,"min":"0","max":"300","options":[]},{"name":"Notice","type":"heading","position":0,"required":false,"title_format":"label","default":"","description_enable":true,"description":"Nous ne pouvons livrer les articles personnalis\u00e9s command\u00e9s que jusqu'au 11 d\u00e9cembre, \u00e0 temps pour No\u00ebl.","placeholder_enable":false,"placeholder":"","display":"select","restrictions_type":"any_text","adjust_price":false,"price":"","price_type":"flat_fee","restrictions":false,"min":"0","max":"0","options":[],"id":1704365184},{"name":"Notice","type":"heading","position":0,"required":false,"title_format":"label","default":"","description_enable":true,"description":"En raison des vacances d\u2019\u00e9t\u00e9, les commandes d\u2019articles personnalis\u00e9s pass\u00e9es \u00e0 partir du 7 ao\u00fbt seront envoy\u00e9es \u00e0 partir du 10 septembre.","placeholder_enable":false,"placeholder":"","display":"select","restrictions_type":"any_text","adjust_price":false,"price":"","price_type":"flat_fee","restrictions":false,"min":"0","max":"0","options":[],"id":1692953567}],"yoast_head":"<!-- This site is optimized with the Yoast SEO plugin v27.4 - https:\/\/yoast.com\/product\/yoast-seo-wordpress\/ -->\n<title>Tapis \u00e0 langer en tissu titre - 100 Organic Sleep Bag - NaturaPura<\/title>\n<meta name=\"description\" content=\"Changez les couches dans le style n\u2019importe o\u00f9! Fabriqu\u00e9 en coton certifi\u00e9 biologique \u00e0 l\u2019ext\u00e9rieur et en PVC, pour un nettoyage facile \u00e0 l\u2019int\u00e9rieur.\" \/>\n<meta name=\"robots\" content=\"index, follow, max-snippet:-1, max-image-preview:large, max-video-preview:-1\" \/>\n<link rel=\"canonical\" href=\"https:\/\/naturapura.com\/fr\/produit\/tapis-a-langer-en-tissu\/\" \/>\n<meta property=\"og:locale\" content=\"fr_FR\" \/>\n<meta property=\"og:type\" content=\"article\" \/>\n<meta property=\"og:title\" content=\"Tapis \u00e0 langer en tissu titre - 100 Organic Sleep Bag - NaturaPura\" \/>\n<meta property=\"og:description\" content=\"Changez les couches dans le style n\u2019importe o\u00f9! Fabriqu\u00e9 en coton certifi\u00e9 biologique \u00e0 l\u2019ext\u00e9rieur et en PVC, pour un nettoyage facile \u00e0 l\u2019int\u00e9rieur.\" \/>\n<meta property=\"og:url\" content=\"https:\/\/naturapura.com\/fr\/produit\/tapis-a-langer-en-tissu\/\" \/>\n<meta property=\"og:site_name\" content=\"NaturaPura\" \/>\n<meta property=\"article:modified_time\" content=\"2020-10-12T09:51:20+00:00\" \/>\n<meta property=\"og:image\" content=\"https:\/\/naturapura.com\/wp-content\/uploads\/2019\/12\/Changing-Diapers.jpg\" \/>\n\t<meta property=\"og:image:width\" content=\"981\" \/>\n\t<meta property=\"og:image:height\" content=\"1024\" \/>\n\t<meta property=\"og:image:type\" content=\"image\/jpeg\" \/>\n<meta name=\"twitter:card\" content=\"summary_large_image\" \/>\n<meta name=\"twitter:label1\" content=\"Disponibilit\u00e9\" \/>\n\t<meta name=\"twitter:data1\" content=\"En stock\" \/>\n<script type=\"application\/ld+json\" class=\"yoast-schema-graph\">{\"@context\":\"https:\\\/\\\/schema.org\",\"@graph\":[{\"@type\":\"WebPage\",\"@id\":\"https:\\\/\\\/naturapura.com\\\/fr\\\/produit\\\/tapis-a-langer-en-tissu\\\/\",\"url\":\"https:\\\/\\\/naturapura.com\\\/fr\\\/produit\\\/tapis-a-langer-en-tissu\\\/\",\"name\":\"Tapis \u00e0 langer en tissu titre - 100 Organic Sleep Bag - NaturaPura\",\"isPartOf\":{\"@id\":\"https:\\\/\\\/naturapura.com\\\/fr\\\/#website\"},\"primaryImageOfPage\":{\"@id\":\"https:\\\/\\\/naturapura.com\\\/fr\\\/produit\\\/tapis-a-langer-en-tissu\\\/#primaryimage\"},\"image\":{\"@id\":\"https:\\\/\\\/naturapura.com\\\/fr\\\/produit\\\/tapis-a-langer-en-tissu\\\/#primaryimage\"},\"thumbnailUrl\":\"https:\\\/\\\/i0.wp.com\\\/naturapura.com\\\/wp-content\\\/uploads\\\/2019\\\/12\\\/Changing-Diapers.jpg?fit=981%2C1024&ssl=1\",\"datePublished\":\"2020-05-18T21:18:13+00:00\",\"dateModified\":\"2020-10-12T09:51:20+00:00\",\"description\":\"Changez les couches dans le style n\u2019importe o\u00f9! Fabriqu\u00e9 en coton certifi\u00e9 biologique \u00e0 l\u2019ext\u00e9rieur et en PVC, pour un nettoyage facile \u00e0 l\u2019int\u00e9rieur.\",\"breadcrumb\":{\"@id\":\"https:\\\/\\\/naturapura.com\\\/fr\\\/produit\\\/tapis-a-langer-en-tissu\\\/#breadcrumb\"},\"inLanguage\":\"fr-FR\",\"potentialAction\":[{\"@type\":\"ReadAction\",\"target\":[\"https:\\\/\\\/naturapura.com\\\/fr\\\/produit\\\/tapis-a-langer-en-tissu\\\/\"]}]},{\"@type\":\"ImageObject\",\"inLanguage\":\"fr-FR\",\"@id\":\"https:\\\/\\\/naturapura.com\\\/fr\\\/produit\\\/tapis-a-langer-en-tissu\\\/#primaryimage\",\"url\":\"https:\\\/\\\/i0.wp.com\\\/naturapura.com\\\/wp-content\\\/uploads\\\/2019\\\/12\\\/Changing-Diapers.jpg?fit=981%2C1024&ssl=1\",\"contentUrl\":\"https:\\\/\\\/i0.wp.com\\\/naturapura.com\\\/wp-content\\\/uploads\\\/2019\\\/12\\\/Changing-Diapers.jpg?fit=981%2C1024&ssl=1\",\"width\":981,\"height\":1024,\"caption\":\"Tapis \u00e0 langer en tissu\"},{\"@type\":\"BreadcrumbList\",\"@id\":\"https:\\\/\\\/naturapura.com\\\/fr\\\/produit\\\/tapis-a-langer-en-tissu\\\/#breadcrumb\",\"itemListElement\":[{\"@type\":\"ListItem\",\"position\":1,\"name\":\"In\u00edcio\",\"item\":\"https:\\\/\\\/naturapura.com\\\/fr\\\/\"},{\"@type\":\"ListItem\",\"position\":2,\"name\":\"Boutique\",\"item\":\"https:\\\/\\\/naturapura.com\\\/fr\\\/boutique\\\/\"},{\"@type\":\"ListItem\",\"position\":3,\"name\":\"Tapis \u00e0 langer en tissu\"}]},{\"@type\":\"WebSite\",\"@id\":\"https:\\\/\\\/naturapura.com\\\/fr\\\/#website\",\"url\":\"https:\\\/\\\/naturapura.com\\\/fr\\\/\",\"name\":\"NaturaPura\",\"description\":\"Roupinha de Beb\u00e9 e Complementos em Org\u00e2nico\",\"publisher\":{\"@id\":\"https:\\\/\\\/naturapura.com\\\/fr\\\/#organization\"},\"potentialAction\":[{\"@type\":\"SearchAction\",\"target\":{\"@type\":\"EntryPoint\",\"urlTemplate\":\"https:\\\/\\\/naturapura.com\\\/fr\\\/?s={search_term_string}\"},\"query-input\":{\"@type\":\"PropertyValueSpecification\",\"valueRequired\":true,\"valueName\":\"search_term_string\"}}],\"inLanguage\":\"fr-FR\"},{\"@type\":\"Organization\",\"@id\":\"https:\\\/\\\/naturapura.com\\\/fr\\\/#organization\",\"name\":\"NATURAPURA\",\"url\":\"https:\\\/\\\/naturapura.com\\\/fr\\\/\",\"logo\":{\"@type\":\"ImageObject\",\"inLanguage\":\"fr-FR\",\"@id\":\"https:\\\/\\\/naturapura.com\\\/fr\\\/#\\\/schema\\\/logo\\\/image\\\/\",\"url\":\"https:\\\/\\\/i0.wp.com\\\/naturapura.com\\\/wp-content\\\/uploads\\\/2023\\\/09\\\/logo-NP-bebe.png?fit=481%2C101&ssl=1\",\"contentUrl\":\"https:\\\/\\\/i0.wp.com\\\/naturapura.com\\\/wp-content\\\/uploads\\\/2023\\\/09\\\/logo-NP-bebe.png?fit=481%2C101&ssl=1\",\"width\":481,\"height\":101,\"caption\":\"NATURAPURA\"},\"image\":{\"@id\":\"https:\\\/\\\/naturapura.com\\\/fr\\\/#\\\/schema\\\/logo\\\/image\\\/\"}}]}<\/script>\n<meta property=\"og:availability\" content=\"instock\" \/>\n<meta property=\"product:availability\" content=\"instock\" \/>\n<meta property=\"product:retailer_item_id\" content=\"TB17000\" \/>\n<meta property=\"product:condition\" content=\"new\" \/>\n<!-- \/ Yoast SEO plugin. -->","yoast_head_json":{"title":"Tapis \u00e0 langer en tissu titre - 100 Organic Sleep Bag - NaturaPura","description":"Changez les couches dans le style n\u2019importe o\u00f9! Fabriqu\u00e9 en coton certifi\u00e9 biologique \u00e0 l\u2019ext\u00e9rieur et en PVC, pour un nettoyage facile \u00e0 l\u2019int\u00e9rieur.","robots":{"index":"index","follow":"follow","max-snippet":"max-snippet:-1","max-image-preview":"max-image-preview:large","max-video-preview":"max-video-preview:-1"},"canonical":"https:\/\/naturapura.com\/fr\/produit\/tapis-a-langer-en-tissu\/","og_locale":"fr_FR","og_type":"article","og_title":"Tapis \u00e0 langer en tissu titre - 100 Organic Sleep Bag - NaturaPura","og_description":"Changez les couches dans le style n\u2019importe o\u00f9! Fabriqu\u00e9 en coton certifi\u00e9 biologique \u00e0 l\u2019ext\u00e9rieur et en PVC, pour un nettoyage facile \u00e0 l\u2019int\u00e9rieur.","og_url":"https:\/\/naturapura.com\/fr\/produit\/tapis-a-langer-en-tissu\/","og_site_name":"NaturaPura","article_modified_time":"2020-10-12T09:51:20+00:00","og_image":[{"width":981,"height":1024,"url":"https:\/\/naturapura.com\/wp-content\/uploads\/2019\/12\/Changing-Diapers.jpg","type":"image\/jpeg"}],"twitter_card":"summary_large_image","twitter_misc":{"Disponibilit\u00e9":"En stock"},"schema":{"@context":"https:\/\/schema.org","@graph":[{"@type":"WebPage","@id":"https:\/\/naturapura.com\/fr\/produit\/tapis-a-langer-en-tissu\/","url":"https:\/\/naturapura.com\/fr\/produit\/tapis-a-langer-en-tissu\/","name":"Tapis \u00e0 langer en tissu titre - 100 Organic Sleep Bag - NaturaPura","isPartOf":{"@id":"https:\/\/naturapura.com\/fr\/#website"},"primaryImageOfPage":{"@id":"https:\/\/naturapura.com\/fr\/produit\/tapis-a-langer-en-tissu\/#primaryimage"},"image":{"@id":"https:\/\/naturapura.com\/fr\/produit\/tapis-a-langer-en-tissu\/#primaryimage"},"thumbnailUrl":"https:\/\/i0.wp.com\/naturapura.com\/wp-content\/uploads\/2019\/12\/Changing-Diapers.jpg?fit=981%2C1024&ssl=1","datePublished":"2020-05-18T21:18:13+00:00","dateModified":"2020-10-12T09:51:20+00:00","description":"Changez les couches dans le style n\u2019importe o\u00f9! Fabriqu\u00e9 en coton certifi\u00e9 biologique \u00e0 l\u2019ext\u00e9rieur et en PVC, pour un nettoyage facile \u00e0 l\u2019int\u00e9rieur.","breadcrumb":{"@id":"https:\/\/naturapura.com\/fr\/produit\/tapis-a-langer-en-tissu\/#breadcrumb"},"inLanguage":"fr-FR","potentialAction":[{"@type":"ReadAction","target":["https:\/\/naturapura.com\/fr\/produit\/tapis-a-langer-en-tissu\/"]}]},{"@type":"ImageObject","inLanguage":"fr-FR","@id":"https:\/\/naturapura.com\/fr\/produit\/tapis-a-langer-en-tissu\/#primaryimage","url":"https:\/\/i0.wp.com\/naturapura.com\/wp-content\/uploads\/2019\/12\/Changing-Diapers.jpg?fit=981%2C1024&ssl=1","contentUrl":"https:\/\/i0.wp.com\/naturapura.com\/wp-content\/uploads\/2019\/12\/Changing-Diapers.jpg?fit=981%2C1024&ssl=1","width":981,"height":1024,"caption":"Tapis \u00e0 langer en tissu"},{"@type":"BreadcrumbList","@id":"https:\/\/naturapura.com\/fr\/produit\/tapis-a-langer-en-tissu\/#breadcrumb","itemListElement":[{"@type":"ListItem","position":1,"name":"In\u00edcio","item":"https:\/\/naturapura.com\/fr\/"},{"@type":"ListItem","position":2,"name":"Boutique","item":"https:\/\/naturapura.com\/fr\/boutique\/"},{"@type":"ListItem","position":3,"name":"Tapis \u00e0 langer en tissu"}]},{"@type":"WebSite","@id":"https:\/\/naturapura.com\/fr\/#website","url":"https:\/\/naturapura.com\/fr\/","name":"NaturaPura","description":"Roupinha de Beb\u00e9 e Complementos em Org\u00e2nico","publisher":{"@id":"https:\/\/naturapura.com\/fr\/#organization"},"potentialAction":[{"@type":"SearchAction","target":{"@type":"EntryPoint","urlTemplate":"https:\/\/naturapura.com\/fr\/?s={search_term_string}"},"query-input":{"@type":"PropertyValueSpecification","valueRequired":true,"valueName":"search_term_string"}}],"inLanguage":"fr-FR"},{"@type":"Organization","@id":"https:\/\/naturapura.com\/fr\/#organization","name":"NATURAPURA","url":"https:\/\/naturapura.com\/fr\/","logo":{"@type":"ImageObject","inLanguage":"fr-FR","@id":"https:\/\/naturapura.com\/fr\/#\/schema\/logo\/image\/","url":"https:\/\/i0.wp.com\/naturapura.com\/wp-content\/uploads\/2023\/09\/logo-NP-bebe.png?fit=481%2C101&ssl=1","contentUrl":"https:\/\/i0.wp.com\/naturapura.com\/wp-content\/uploads\/2023\/09\/logo-NP-bebe.png?fit=481%2C101&ssl=1","width":481,"height":101,"caption":"NATURAPURA"},"image":{"@id":"https:\/\/naturapura.com\/fr\/#\/schema\/logo\/image\/"}}]},"og_availability":"instock","product_availability":"instock","product_retailer_item_id":"TB17000","product_condition":"new"},"jetpack_sharing_enabled":true,"_links":{"self":[{"href":"https:\/\/naturapura.com\/fr\/wp-json\/wp\/v2\/product\/21605","targetHints":{"allow":["GET"]}}],"collection":[{"href":"https:\/\/naturapura.com\/fr\/wp-json\/wp\/v2\/product"}],"about":[{"href":"https:\/\/naturapura.com\/fr\/wp-json\/wp\/v2\/types\/product"}],"wp:featuredmedia":[{"embeddable":true,"href":"https:\/\/naturapura.com\/fr\/wp-json\/wp\/v2\/media\/21606"}],"wp:attachment":[{"href":"https:\/\/naturapura.com\/fr\/wp-json\/wp\/v2\/media?parent=21605"}],"wp:term":[{"taxonomy":"product_brand","embeddable":true,"href":"https:\/\/naturapura.com\/fr\/wp-json\/wp\/v2\/product_brand?post=21605"},{"taxonomy":"product_cat","embeddable":true,"href":"https:\/\/naturapura.com\/fr\/wp-json\/wp\/v2\/product_cat?post=21605"},{"taxonomy":"product_tag","embeddable":true,"href":"https:\/\/naturapura.com\/fr\/wp-json\/wp\/v2\/product_tag?post=21605"},{"taxonomy":"giftcard-category","embeddable":true,"href":"https:\/\/naturapura.com\/fr\/wp-json\/wp\/v2\/giftcard-category?post=21605"}],"curies":[{"name":"wp","href":"https:\/\/api.w.org\/{rel}","templated":true}]}}