{"id":21546,"date":"2019-07-05T10:03:33","date_gmt":"2019-07-05T10:03:33","guid":{"rendered":"https:\/\/naturapura.com\/product\/nounours\/"},"modified":"2021-12-10T10:32:53","modified_gmt":"2021-12-10T10:32:53","slug":"nounours","status":"publish","type":"product","link":"https:\/\/naturapura.com\/fr\/produit\/nounours\/","title":{"rendered":"Nounours"},"content":{"rendered":"<p><strong>Nounours<\/strong><\/p>\n<p>Nos peluches sont soigneusement con\u00e7ues et test\u00e9es pour garantir qu\u2019elles sont\u00a0<strong>100 % sans<\/strong>\u00a0danger pour votre b\u00e9b\u00e9.<\/p>\n<p>Nous concevons des peluches avec du coton 100% biologique dans ses teintes naturelles, <strong>sans colorants, produits chimiques ou pigments.<\/strong><\/p>\n<p>Ce sont les seuls jouets sur le march\u00e9 avec lesquels vous pouvez laisser votre b\u00e9b\u00e9 jouer \u00e0 volont\u00e9 sans vous pr\u00e9occuper.<\/p>\n","protected":false},"excerpt":{"rendered":"<p>5006003<\/p>\n","protected":false},"featured_media":41631,"template":"","meta":[],"product_brand":[],"product_cat":[2754],"product_tag":[],"giftcard-category":[],"class_list":{"0":"post-21546","1":"product","2":"type-product","3":"status-publish","4":"has-post-thumbnail","6":"product_cat-doudous","8":"first","9":"instock","10":"taxable","11":"shipping-taxable","12":"product-type-variable","13":"has-default-attributes"},"exclude_global_add_ons":false,"addons":[{"name":"Nom du Beb\u00e9","type":"custom_text","position":0,"required":true,"title_format":"label","default":"","description_enable":false,"description":"","placeholder_enable":false,"placeholder":"","display":"select","restrictions_type":"any_text","adjust_price":false,"price":"","price_type":"flat_fee","restrictions":true,"min":"2","max":"15","options":[],"id":1676654652},{"name":"Message de cadeau","type":"custom_textarea","position":0,"required":false,"title_format":"label","default":"","description_enable":true,"description":"Vous pouvez inclure un tendre message personnalis\u00e9...","placeholder_enable":false,"placeholder":"","display":"select","restrictions_type":"any_text","adjust_price":false,"price":"3.00","price_type":"flat_fee","restrictions":true,"min":"0","max":"300","options":[]},{"name":"Notice","type":"heading","position":0,"required":false,"title_format":"label","default":"","description_enable":true,"description":"Nous ne pouvons livrer les articles personnalis\u00e9s command\u00e9s que jusqu'au 11 d\u00e9cembre, \u00e0 temps pour No\u00ebl.","placeholder_enable":false,"placeholder":"","display":"select","restrictions_type":"any_text","adjust_price":false,"price":"","price_type":"flat_fee","restrictions":false,"min":"0","max":"0","options":[],"id":1704365184},{"name":"Notice","type":"heading","position":0,"required":false,"title_format":"label","default":"","description_enable":true,"description":"En raison des vacances d\u2019\u00e9t\u00e9, les commandes d\u2019articles personnalis\u00e9s pass\u00e9es \u00e0 partir du 7 ao\u00fbt seront envoy\u00e9es \u00e0 partir du 10 septembre.","placeholder_enable":false,"placeholder":"","display":"select","restrictions_type":"any_text","adjust_price":false,"price":"","price_type":"flat_fee","restrictions":false,"min":"0","max":"0","options":[],"id":1692953567}],"yoast_head":"<!-- This site is optimized with the Yoast SEO plugin v27.4 - https:\/\/yoast.com\/product\/yoast-seo-wordpress\/ -->\n<title>Nounours de titre - Toy 100 Organic - nom NaturaPura<\/title>\n<meta name=\"description\" content=\"Nos jouets sont soigneusement con\u00e7us et test\u00e9s pour s\u2019assurer qu\u2019ils sont 100 sans danger pour votre b\u00e9b\u00e9.\" \/>\n<meta name=\"robots\" content=\"index, follow, max-snippet:-1, max-image-preview:large, max-video-preview:-1\" \/>\n<link rel=\"canonical\" href=\"https:\/\/naturapura.com\/fr\/produit\/nounours\/\" \/>\n<meta property=\"og:locale\" content=\"fr_FR\" \/>\n<meta property=\"og:type\" content=\"article\" \/>\n<meta property=\"og:title\" content=\"Nounours de titre - Toy 100 Organic - nom NaturaPura\" \/>\n<meta property=\"og:description\" content=\"Nos jouets sont soigneusement con\u00e7us et test\u00e9s pour s\u2019assurer qu\u2019ils sont 100 sans danger pour votre b\u00e9b\u00e9. Nous d\u00e9veloppons des jouets avec 100 cotons biologiques dans ses couleurs naturelles - pas de colorants, pas de blanchiment, pas de produits chimiques ou de pigments. Nous d\u00e9veloppons des jouets avec 100 cotons biologiques dans des teintes naturelles, sans colorants, produits chimiques ou pigments. Ce sont les seuls jouets sur le march\u00e9 que vous n\u2019avez pas \u00e0 vous soucier de laisser votre b\u00e9b\u00e9 jouer avec \u00e0 volont\u00e9.\" \/>\n<meta property=\"og:url\" content=\"https:\/\/naturapura.com\/fr\/produit\/nounours\/\" \/>\n<meta property=\"og:site_name\" content=\"NaturaPura\" \/>\n<meta property=\"article:modified_time\" content=\"2021-12-10T10:32:53+00:00\" \/>\n<meta property=\"og:image\" content=\"http:\/\/naturapura.com\/wp-content\/uploads\/2019\/03\/NaturaPura-ourson-cru-20-cm-5006003.jpg\" \/>\n<meta name=\"twitter:card\" content=\"summary_large_image\" \/>\n<meta name=\"twitter:label1\" content=\"Disponibilit\u00e9\" \/>\n\t<meta name=\"twitter:data1\" content=\"En stock\" \/>\n<script type=\"application\/ld+json\" class=\"yoast-schema-graph\">{\"@context\":\"https:\\\/\\\/schema.org\",\"@graph\":[{\"@type\":\"WebPage\",\"@id\":\"https:\\\/\\\/naturapura.com\\\/fr\\\/produit\\\/nounours\\\/\",\"url\":\"https:\\\/\\\/naturapura.com\\\/fr\\\/produit\\\/nounours\\\/\",\"name\":\"Nounours de titre - Toy 100 Organic - nom NaturaPura\",\"isPartOf\":{\"@id\":\"https:\\\/\\\/naturapura.com\\\/fr\\\/#website\"},\"primaryImageOfPage\":{\"@id\":\"https:\\\/\\\/naturapura.com\\\/fr\\\/produit\\\/nounours\\\/#primaryimage\"},\"image\":{\"@id\":\"https:\\\/\\\/naturapura.com\\\/fr\\\/produit\\\/nounours\\\/#primaryimage\"},\"thumbnailUrl\":\"https:\\\/\\\/i0.wp.com\\\/naturapura.com\\\/wp-content\\\/uploads\\\/2019\\\/07\\\/5006003-1-1.jpg?fit=1200%2C1200&ssl=1\",\"datePublished\":\"2019-07-05T10:03:33+00:00\",\"dateModified\":\"2021-12-10T10:32:53+00:00\",\"description\":\"Nos jouets sont soigneusement con\u00e7us et test\u00e9s pour s\u2019assurer qu\u2019ils sont 100 sans danger pour votre b\u00e9b\u00e9.\",\"breadcrumb\":{\"@id\":\"https:\\\/\\\/naturapura.com\\\/fr\\\/produit\\\/nounours\\\/#breadcrumb\"},\"inLanguage\":\"fr-FR\",\"potentialAction\":[{\"@type\":\"ReadAction\",\"target\":[\"https:\\\/\\\/naturapura.com\\\/fr\\\/produit\\\/nounours\\\/\"]}]},{\"@type\":\"ImageObject\",\"inLanguage\":\"fr-FR\",\"@id\":\"https:\\\/\\\/naturapura.com\\\/fr\\\/produit\\\/nounours\\\/#primaryimage\",\"url\":\"https:\\\/\\\/i0.wp.com\\\/naturapura.com\\\/wp-content\\\/uploads\\\/2019\\\/07\\\/5006003-1-1.jpg?fit=1200%2C1200&ssl=1\",\"contentUrl\":\"https:\\\/\\\/i0.wp.com\\\/naturapura.com\\\/wp-content\\\/uploads\\\/2019\\\/07\\\/5006003-1-1.jpg?fit=1200%2C1200&ssl=1\",\"width\":1200,\"height\":1200},{\"@type\":\"BreadcrumbList\",\"@id\":\"https:\\\/\\\/naturapura.com\\\/fr\\\/produit\\\/nounours\\\/#breadcrumb\",\"itemListElement\":[{\"@type\":\"ListItem\",\"position\":1,\"name\":\"In\u00edcio\",\"item\":\"https:\\\/\\\/naturapura.com\\\/fr\\\/\"},{\"@type\":\"ListItem\",\"position\":2,\"name\":\"Boutique\",\"item\":\"https:\\\/\\\/naturapura.com\\\/fr\\\/boutique\\\/\"},{\"@type\":\"ListItem\",\"position\":3,\"name\":\"Nounours\"}]},{\"@type\":\"WebSite\",\"@id\":\"https:\\\/\\\/naturapura.com\\\/fr\\\/#website\",\"url\":\"https:\\\/\\\/naturapura.com\\\/fr\\\/\",\"name\":\"NaturaPura\",\"description\":\"Roupinha de Beb\u00e9 e Complementos em Org\u00e2nico\",\"publisher\":{\"@id\":\"https:\\\/\\\/naturapura.com\\\/fr\\\/#organization\"},\"potentialAction\":[{\"@type\":\"SearchAction\",\"target\":{\"@type\":\"EntryPoint\",\"urlTemplate\":\"https:\\\/\\\/naturapura.com\\\/fr\\\/?s={search_term_string}\"},\"query-input\":{\"@type\":\"PropertyValueSpecification\",\"valueRequired\":true,\"valueName\":\"search_term_string\"}}],\"inLanguage\":\"fr-FR\"},{\"@type\":\"Organization\",\"@id\":\"https:\\\/\\\/naturapura.com\\\/fr\\\/#organization\",\"name\":\"NATURAPURA\",\"url\":\"https:\\\/\\\/naturapura.com\\\/fr\\\/\",\"logo\":{\"@type\":\"ImageObject\",\"inLanguage\":\"fr-FR\",\"@id\":\"https:\\\/\\\/naturapura.com\\\/fr\\\/#\\\/schema\\\/logo\\\/image\\\/\",\"url\":\"https:\\\/\\\/i0.wp.com\\\/naturapura.com\\\/wp-content\\\/uploads\\\/2023\\\/09\\\/logo-NP-bebe.png?fit=481%2C101&ssl=1\",\"contentUrl\":\"https:\\\/\\\/i0.wp.com\\\/naturapura.com\\\/wp-content\\\/uploads\\\/2023\\\/09\\\/logo-NP-bebe.png?fit=481%2C101&ssl=1\",\"width\":481,\"height\":101,\"caption\":\"NATURAPURA\"},\"image\":{\"@id\":\"https:\\\/\\\/naturapura.com\\\/fr\\\/#\\\/schema\\\/logo\\\/image\\\/\"}}]}<\/script>\n<meta property=\"og:availability\" content=\"instock\" \/>\n<meta property=\"product:availability\" content=\"instock\" \/>\n<meta property=\"product:retailer_item_id\" content=\"5006003\" \/>\n<meta property=\"product:condition\" content=\"new\" \/>\n<!-- \/ Yoast SEO plugin. -->","yoast_head_json":{"title":"Nounours de titre - Toy 100 Organic - nom NaturaPura","description":"Nos jouets sont soigneusement con\u00e7us et test\u00e9s pour s\u2019assurer qu\u2019ils sont 100 sans danger pour votre b\u00e9b\u00e9.","robots":{"index":"index","follow":"follow","max-snippet":"max-snippet:-1","max-image-preview":"max-image-preview:large","max-video-preview":"max-video-preview:-1"},"canonical":"https:\/\/naturapura.com\/fr\/produit\/nounours\/","og_locale":"fr_FR","og_type":"article","og_title":"Nounours de titre - Toy 100 Organic - nom NaturaPura","og_description":"Nos jouets sont soigneusement con\u00e7us et test\u00e9s pour s\u2019assurer qu\u2019ils sont 100 sans danger pour votre b\u00e9b\u00e9. Nous d\u00e9veloppons des jouets avec 100 cotons biologiques dans ses couleurs naturelles - pas de colorants, pas de blanchiment, pas de produits chimiques ou de pigments. Nous d\u00e9veloppons des jouets avec 100 cotons biologiques dans des teintes naturelles, sans colorants, produits chimiques ou pigments. Ce sont les seuls jouets sur le march\u00e9 que vous n\u2019avez pas \u00e0 vous soucier de laisser votre b\u00e9b\u00e9 jouer avec \u00e0 volont\u00e9.","og_url":"https:\/\/naturapura.com\/fr\/produit\/nounours\/","og_site_name":"NaturaPura","article_modified_time":"2021-12-10T10:32:53+00:00","og_image":[{"url":"http:\/\/naturapura.com\/wp-content\/uploads\/2019\/03\/NaturaPura-ourson-cru-20-cm-5006003.jpg","type":"","width":"","height":""}],"twitter_card":"summary_large_image","twitter_misc":{"Disponibilit\u00e9":"En stock"},"schema":{"@context":"https:\/\/schema.org","@graph":[{"@type":"WebPage","@id":"https:\/\/naturapura.com\/fr\/produit\/nounours\/","url":"https:\/\/naturapura.com\/fr\/produit\/nounours\/","name":"Nounours de titre - Toy 100 Organic - nom NaturaPura","isPartOf":{"@id":"https:\/\/naturapura.com\/fr\/#website"},"primaryImageOfPage":{"@id":"https:\/\/naturapura.com\/fr\/produit\/nounours\/#primaryimage"},"image":{"@id":"https:\/\/naturapura.com\/fr\/produit\/nounours\/#primaryimage"},"thumbnailUrl":"https:\/\/i0.wp.com\/naturapura.com\/wp-content\/uploads\/2019\/07\/5006003-1-1.jpg?fit=1200%2C1200&ssl=1","datePublished":"2019-07-05T10:03:33+00:00","dateModified":"2021-12-10T10:32:53+00:00","description":"Nos jouets sont soigneusement con\u00e7us et test\u00e9s pour s\u2019assurer qu\u2019ils sont 100 sans danger pour votre b\u00e9b\u00e9.","breadcrumb":{"@id":"https:\/\/naturapura.com\/fr\/produit\/nounours\/#breadcrumb"},"inLanguage":"fr-FR","potentialAction":[{"@type":"ReadAction","target":["https:\/\/naturapura.com\/fr\/produit\/nounours\/"]}]},{"@type":"ImageObject","inLanguage":"fr-FR","@id":"https:\/\/naturapura.com\/fr\/produit\/nounours\/#primaryimage","url":"https:\/\/i0.wp.com\/naturapura.com\/wp-content\/uploads\/2019\/07\/5006003-1-1.jpg?fit=1200%2C1200&ssl=1","contentUrl":"https:\/\/i0.wp.com\/naturapura.com\/wp-content\/uploads\/2019\/07\/5006003-1-1.jpg?fit=1200%2C1200&ssl=1","width":1200,"height":1200},{"@type":"BreadcrumbList","@id":"https:\/\/naturapura.com\/fr\/produit\/nounours\/#breadcrumb","itemListElement":[{"@type":"ListItem","position":1,"name":"In\u00edcio","item":"https:\/\/naturapura.com\/fr\/"},{"@type":"ListItem","position":2,"name":"Boutique","item":"https:\/\/naturapura.com\/fr\/boutique\/"},{"@type":"ListItem","position":3,"name":"Nounours"}]},{"@type":"WebSite","@id":"https:\/\/naturapura.com\/fr\/#website","url":"https:\/\/naturapura.com\/fr\/","name":"NaturaPura","description":"Roupinha de Beb\u00e9 e Complementos em Org\u00e2nico","publisher":{"@id":"https:\/\/naturapura.com\/fr\/#organization"},"potentialAction":[{"@type":"SearchAction","target":{"@type":"EntryPoint","urlTemplate":"https:\/\/naturapura.com\/fr\/?s={search_term_string}"},"query-input":{"@type":"PropertyValueSpecification","valueRequired":true,"valueName":"search_term_string"}}],"inLanguage":"fr-FR"},{"@type":"Organization","@id":"https:\/\/naturapura.com\/fr\/#organization","name":"NATURAPURA","url":"https:\/\/naturapura.com\/fr\/","logo":{"@type":"ImageObject","inLanguage":"fr-FR","@id":"https:\/\/naturapura.com\/fr\/#\/schema\/logo\/image\/","url":"https:\/\/i0.wp.com\/naturapura.com\/wp-content\/uploads\/2023\/09\/logo-NP-bebe.png?fit=481%2C101&ssl=1","contentUrl":"https:\/\/i0.wp.com\/naturapura.com\/wp-content\/uploads\/2023\/09\/logo-NP-bebe.png?fit=481%2C101&ssl=1","width":481,"height":101,"caption":"NATURAPURA"},"image":{"@id":"https:\/\/naturapura.com\/fr\/#\/schema\/logo\/image\/"}}]},"og_availability":"instock","product_availability":"instock","product_retailer_item_id":"5006003","product_condition":"new"},"jetpack_sharing_enabled":true,"_links":{"self":[{"href":"https:\/\/naturapura.com\/fr\/wp-json\/wp\/v2\/product\/21546","targetHints":{"allow":["GET"]}}],"collection":[{"href":"https:\/\/naturapura.com\/fr\/wp-json\/wp\/v2\/product"}],"about":[{"href":"https:\/\/naturapura.com\/fr\/wp-json\/wp\/v2\/types\/product"}],"wp:featuredmedia":[{"embeddable":true,"href":"https:\/\/naturapura.com\/fr\/wp-json\/wp\/v2\/media\/41631"}],"wp:attachment":[{"href":"https:\/\/naturapura.com\/fr\/wp-json\/wp\/v2\/media?parent=21546"}],"wp:term":[{"taxonomy":"product_brand","embeddable":true,"href":"https:\/\/naturapura.com\/fr\/wp-json\/wp\/v2\/product_brand?post=21546"},{"taxonomy":"product_cat","embeddable":true,"href":"https:\/\/naturapura.com\/fr\/wp-json\/wp\/v2\/product_cat?post=21546"},{"taxonomy":"product_tag","embeddable":true,"href":"https:\/\/naturapura.com\/fr\/wp-json\/wp\/v2\/product_tag?post=21546"},{"taxonomy":"giftcard-category","embeddable":true,"href":"https:\/\/naturapura.com\/fr\/wp-json\/wp\/v2\/giftcard-category?post=21546"}],"curies":[{"name":"wp","href":"https:\/\/api.w.org\/{rel}","templated":true}]}}