{"id":21380,"date":"2019-07-08T09:30:13","date_gmt":"2020-05-18T20:37:53","guid":{"rendered":"https:\/\/naturapura.com\/product\/diamond-baby-welcoming-pack-18-pieces-2\/"},"modified":"2024-04-08T08:11:19","modified_gmt":"2024-04-08T08:11:19","slug":"diamant-kit-de-maternite-19-pieces","status":"publish","type":"product","link":"https:\/\/naturapura.com\/fr\/produit\/diamant-kit-de-maternite-19-pieces\/","title":{"rendered":"Diamant \u2013 Kit de Maternit\u00e9 (17 Pi\u00e8ces)"},"content":{"rendered":"<p><strong>Diamant \u2013 Kit de Maternit\u00e9 (17 Pi\u00e8ces)<\/strong><\/p>\n<p>Les kits de maternit\u00e9 NaturaPura sont les articles les plus recherch\u00e9s par nos mamans.<\/p>\n<p>Nous avons d\u00e9velopp\u00e9 nos kits en pensant \u00e0 la peau sensible des nouveau-n\u00e9s et \u00e0 l\u2019importance et aux besoins de leurs premiers jours.<\/p>\n<p>Tous les produits de nos kits sont fabriqu\u00e9s avec du coton 100 % biologique qui est le choix le plus sain et le plus doux pour votre b\u00e9b\u00e9.<\/p>\n<p>Le KIT <strong>DIAMANT<\/strong> est le kit NaturaPura le plus complet!<\/p>\n<p>C\u2019est le kit pr\u00e9f\u00e9r\u00e9 des mamans qui ont une confiance totale en la qualit\u00e9 et le d\u00e9vouement de NaturaPura.<\/p>\n<p>Le KIT DIAMOND contient 17 pi\u00e8ces et est id\u00e9al pour tous ceux qui recherchent non seulement la premi\u00e8re tenue de leur nouveau-n\u00e9, mais aussi des accessoires et des v\u00eatements de tous les jours pour ses premiers jours. Ce kit est compos\u00e9 de:<\/p>\n<ul>\n<li><a href=\"https:\/\/naturapura.com\/fr\/produit\/plaid-en-tricot-2\/\">1 plaid en tricot;<\/a><\/li>\n<li><a href=\"https:\/\/naturapura.com\/fr\/produit\/serviette-avec-des-petits-moutons\/\">1 serviette \u00e0 capuche;<\/a><\/li>\n<li><a href=\"https:\/\/naturapura.com\/fr\/produit\/hochet\/\">1 hochet;<\/a><\/li>\n<li><a href=\"https:\/\/naturapura.com\/fr\/produit\/chaussettes-bebe\/\">1 paire de chaussettes basiques<\/a><\/li>\n<li><a href=\"https:\/\/naturapura.com\/fr\/produit\/bonnet-en-velours\/\">1 bonnet simple en maille;<\/a><\/li>\n<li><a href=\"https:\/\/naturapura.com\/fr\/produit\/bavoir-4\/\">1 bavoir simple;<\/a><\/li>\n<li><a href=\"https:\/\/naturapura.com\/fr\/produit\/ensemble-body-pantalon\/\">1 body \u00e0 manches et 1 pantalon \u00e0 pied taille haute et sans \u00e9lastique<\/a> (pour ne pas blesser la zone du cordon ombilical);<\/li>\n<li><a href=\"https:\/\/naturapura.com\/fr\/produit\/light-baby-ensemble-premier-trousseau\/\">1 dors-bien \u00e0 pieds et \u00e0 ouverture frontale;<\/a><\/li>\n<li><a href=\"https:\/\/naturapura.com\/fr\/produit\/body-a-col-froufrou\/\">1 body \u00e0 col;<\/a><\/li>\n<li><a href=\"https:\/\/naturapura.com\/fr\/produit\/bonnet-tricote\/\">1 bonnet en tricot;<\/a><\/li>\n<li><a href=\"https:\/\/naturapura.com\/fr\/produit\/pantalon-en-tricot-a-pieds\/\">1 pantalon en tricot \u00e0 pieds et taille haute<\/a> (sans coutures);<\/li>\n<li><a href=\"https:\/\/naturapura.com\/fr\/produit\/pull-en-tricot\/\">1 pull \u00e0 ouverture crois\u00e9e en tricot;<\/a><\/li>\n<li><a href=\"https:\/\/naturapura.com\/fr\/produit\/light-baby-ensemble-premier-trousseau\/\">1 body \u00e0 manches;<\/a><\/li>\n<li><a href=\"https:\/\/naturapura.com\/fr\/produit\/light-baby-ensemble-premier-trousseau\/\">1 pantalon \u00e0 pieds \u00e0 taille haute avec son sac de transport;<\/a><\/li>\n<li><a href=\"https:\/\/naturapura.com\/fr\/produit\/ensemble-de-2-langes-en-tissu\/\">2 langes en tissu.<\/a><\/li>\n<\/ul>\n","protected":false},"excerpt":{"rendered":"<p>TB07SET1<\/p>\n","protected":false},"featured_media":50017,"template":"","meta":[],"product_brand":[],"product_cat":[2742,3072],"product_tag":[],"giftcard-category":[],"class_list":{"0":"post-21380","1":"product","2":"type-product","3":"status-publish","4":"has-post-thumbnail","6":"product_cat-coffrets-naissance","7":"product_cat-idees-cadeaux","8":"product_shipping_class-large-2","10":"first","11":"instock","12":"taxable","13":"shipping-taxable","14":"product-type-variable","15":"has-default-attributes"},"exclude_global_add_ons":false,"addons":[{"name":"Nom du Beb\u00e9","type":"custom_text","position":0,"required":true,"title_format":"label","default":"","description_enable":false,"description":"","placeholder_enable":false,"placeholder":"","display":"select","restrictions_type":"any_text","adjust_price":false,"price":"","price_type":"flat_fee","restrictions":true,"min":"2","max":"15","options":[],"id":1676654652},{"name":"Message de cadeau","type":"custom_textarea","position":0,"required":false,"title_format":"label","default":"","description_enable":true,"description":"Vous pouvez inclure un tendre message personnalis\u00e9...","placeholder_enable":false,"placeholder":"","display":"select","restrictions_type":"any_text","adjust_price":false,"price":"3.00","price_type":"flat_fee","restrictions":true,"min":"0","max":"300","options":[]},{"name":"Notice","type":"heading","position":0,"required":false,"title_format":"label","default":"","description_enable":true,"description":"Nous ne pouvons livrer les articles personnalis\u00e9s command\u00e9s que jusqu'au 11 d\u00e9cembre, \u00e0 temps pour No\u00ebl.","placeholder_enable":false,"placeholder":"","display":"select","restrictions_type":"any_text","adjust_price":false,"price":"","price_type":"flat_fee","restrictions":false,"min":"0","max":"0","options":[],"id":1704365184},{"name":"Notice","type":"heading","position":0,"required":false,"title_format":"label","default":"","description_enable":true,"description":"En raison des vacances d\u2019\u00e9t\u00e9, les commandes d\u2019articles personnalis\u00e9s pass\u00e9es \u00e0 partir du 7 ao\u00fbt seront envoy\u00e9es \u00e0 partir du 10 septembre.","placeholder_enable":false,"placeholder":"","display":"select","restrictions_type":"any_text","adjust_price":false,"price":"","price_type":"flat_fee","restrictions":false,"min":"0","max":"0","options":[],"id":1692953567}],"yoast_head":"<!-- This site is optimized with the Yoast SEO plugin v27.3 - https:\/\/yoast.com\/product\/yoast-seo-wordpress\/ -->\n<title>Diamant \u2013 Kit de Maternit\u00e9 (17 Pi\u00e8ces) - NaturaPura<\/title>\n<meta name=\"description\" content=\"Les trousses de maternit\u00e9 NaturaPura sont les articles les plus recherch\u00e9s par nos mamans. Tous les produits de nos kits sont fabriqu\u00e9s avec 100 coton biologique.\" \/>\n<meta name=\"robots\" content=\"index, follow, max-snippet:-1, max-image-preview:large, max-video-preview:-1\" \/>\n<link rel=\"canonical\" href=\"https:\/\/naturapura.com\/fr\/produit\/diamant-kit-de-maternite-19-pieces\/\" \/>\n<meta property=\"og:locale\" content=\"fr_FR\" \/>\n<meta property=\"og:type\" content=\"article\" \/>\n<meta property=\"og:title\" content=\"Diamant \u2013 Kit de Maternit\u00e9 (17 Pi\u00e8ces) - NaturaPura\" \/>\n<meta property=\"og:description\" content=\"Les trousses de maternit\u00e9 NaturaPura sont les articles les plus recherch\u00e9s par nos mamans. Tous les produits de nos kits sont fabriqu\u00e9s avec 100 coton biologique.\" \/>\n<meta property=\"og:url\" content=\"https:\/\/naturapura.com\/fr\/produit\/diamant-kit-de-maternite-19-pieces\/\" \/>\n<meta property=\"og:site_name\" content=\"NaturaPura\" \/>\n<meta property=\"article:modified_time\" content=\"2024-04-08T08:11:19+00:00\" \/>\n<meta property=\"og:image\" content=\"https:\/\/naturapura.com\/wp-content\/uploads\/2019\/07\/TB07SET1-1.jpg\" \/>\n\t<meta property=\"og:image:width\" content=\"1200\" \/>\n\t<meta property=\"og:image:height\" content=\"1200\" \/>\n\t<meta property=\"og:image:type\" content=\"image\/jpeg\" \/>\n<meta name=\"twitter:card\" content=\"summary_large_image\" \/>\n<meta name=\"twitter:label1\" content=\"Disponibilit\u00e9\" \/>\n\t<meta name=\"twitter:data1\" content=\"En stock\" \/>\n<script type=\"application\/ld+json\" class=\"yoast-schema-graph\">{\"@context\":\"https:\\\/\\\/schema.org\",\"@graph\":[{\"@type\":\"WebPage\",\"@id\":\"https:\\\/\\\/naturapura.com\\\/fr\\\/produit\\\/diamant-kit-de-maternite-19-pieces\\\/\",\"url\":\"https:\\\/\\\/naturapura.com\\\/fr\\\/produit\\\/diamant-kit-de-maternite-19-pieces\\\/\",\"name\":\"Diamant \u2013 Kit de Maternit\u00e9 (17 Pi\u00e8ces) - NaturaPura\",\"isPartOf\":{\"@id\":\"https:\\\/\\\/naturapura.com\\\/fr\\\/#website\"},\"primaryImageOfPage\":{\"@id\":\"https:\\\/\\\/naturapura.com\\\/fr\\\/produit\\\/diamant-kit-de-maternite-19-pieces\\\/#primaryimage\"},\"image\":{\"@id\":\"https:\\\/\\\/naturapura.com\\\/fr\\\/produit\\\/diamant-kit-de-maternite-19-pieces\\\/#primaryimage\"},\"thumbnailUrl\":\"https:\\\/\\\/i0.wp.com\\\/naturapura.com\\\/wp-content\\\/uploads\\\/2019\\\/07\\\/TB07SET1-1.jpg?fit=1200%2C1200&ssl=1\",\"datePublished\":\"2020-05-18T20:37:53+00:00\",\"dateModified\":\"2024-04-08T08:11:19+00:00\",\"description\":\"Les trousses de maternit\u00e9 NaturaPura sont les articles les plus recherch\u00e9s par nos mamans. Tous les produits de nos kits sont fabriqu\u00e9s avec 100 coton biologique.\",\"breadcrumb\":{\"@id\":\"https:\\\/\\\/naturapura.com\\\/fr\\\/produit\\\/diamant-kit-de-maternite-19-pieces\\\/#breadcrumb\"},\"inLanguage\":\"fr-FR\",\"potentialAction\":[{\"@type\":\"ReadAction\",\"target\":[\"https:\\\/\\\/naturapura.com\\\/fr\\\/produit\\\/diamant-kit-de-maternite-19-pieces\\\/\"]}]},{\"@type\":\"ImageObject\",\"inLanguage\":\"fr-FR\",\"@id\":\"https:\\\/\\\/naturapura.com\\\/fr\\\/produit\\\/diamant-kit-de-maternite-19-pieces\\\/#primaryimage\",\"url\":\"https:\\\/\\\/i0.wp.com\\\/naturapura.com\\\/wp-content\\\/uploads\\\/2019\\\/07\\\/TB07SET1-1.jpg?fit=1200%2C1200&ssl=1\",\"contentUrl\":\"https:\\\/\\\/i0.wp.com\\\/naturapura.com\\\/wp-content\\\/uploads\\\/2019\\\/07\\\/TB07SET1-1.jpg?fit=1200%2C1200&ssl=1\",\"width\":1200,\"height\":1200},{\"@type\":\"BreadcrumbList\",\"@id\":\"https:\\\/\\\/naturapura.com\\\/fr\\\/produit\\\/diamant-kit-de-maternite-19-pieces\\\/#breadcrumb\",\"itemListElement\":[{\"@type\":\"ListItem\",\"position\":1,\"name\":\"In\u00edcio\",\"item\":\"https:\\\/\\\/naturapura.com\\\/fr\\\/\"},{\"@type\":\"ListItem\",\"position\":2,\"name\":\"Boutique\",\"item\":\"https:\\\/\\\/naturapura.com\\\/fr\\\/boutique\\\/\"},{\"@type\":\"ListItem\",\"position\":3,\"name\":\"Diamant \u2013 Kit de Maternit\u00e9 (17 Pi\u00e8ces)\"}]},{\"@type\":\"WebSite\",\"@id\":\"https:\\\/\\\/naturapura.com\\\/fr\\\/#website\",\"url\":\"https:\\\/\\\/naturapura.com\\\/fr\\\/\",\"name\":\"NaturaPura\",\"description\":\"Roupinha de Beb\u00e9 e Complementos em Org\u00e2nico\",\"publisher\":{\"@id\":\"https:\\\/\\\/naturapura.com\\\/fr\\\/#organization\"},\"potentialAction\":[{\"@type\":\"SearchAction\",\"target\":{\"@type\":\"EntryPoint\",\"urlTemplate\":\"https:\\\/\\\/naturapura.com\\\/fr\\\/?s={search_term_string}\"},\"query-input\":{\"@type\":\"PropertyValueSpecification\",\"valueRequired\":true,\"valueName\":\"search_term_string\"}}],\"inLanguage\":\"fr-FR\"},{\"@type\":\"Organization\",\"@id\":\"https:\\\/\\\/naturapura.com\\\/fr\\\/#organization\",\"name\":\"NATURAPURA\",\"url\":\"https:\\\/\\\/naturapura.com\\\/fr\\\/\",\"logo\":{\"@type\":\"ImageObject\",\"inLanguage\":\"fr-FR\",\"@id\":\"https:\\\/\\\/naturapura.com\\\/fr\\\/#\\\/schema\\\/logo\\\/image\\\/\",\"url\":\"https:\\\/\\\/i0.wp.com\\\/naturapura.com\\\/wp-content\\\/uploads\\\/2023\\\/09\\\/logo-NP-bebe.png?fit=481%2C101&ssl=1\",\"contentUrl\":\"https:\\\/\\\/i0.wp.com\\\/naturapura.com\\\/wp-content\\\/uploads\\\/2023\\\/09\\\/logo-NP-bebe.png?fit=481%2C101&ssl=1\",\"width\":481,\"height\":101,\"caption\":\"NATURAPURA\"},\"image\":{\"@id\":\"https:\\\/\\\/naturapura.com\\\/fr\\\/#\\\/schema\\\/logo\\\/image\\\/\"}}]}<\/script>\n<meta property=\"og:availability\" content=\"instock\" \/>\n<meta property=\"product:availability\" content=\"instock\" \/>\n<meta property=\"product:retailer_item_id\" content=\"TB07SET1\" \/>\n<meta property=\"product:condition\" content=\"new\" \/>\n<!-- \/ Yoast SEO plugin. -->","yoast_head_json":{"title":"Diamant \u2013 Kit de Maternit\u00e9 (17 Pi\u00e8ces) - NaturaPura","description":"Les trousses de maternit\u00e9 NaturaPura sont les articles les plus recherch\u00e9s par nos mamans. Tous les produits de nos kits sont fabriqu\u00e9s avec 100 coton biologique.","robots":{"index":"index","follow":"follow","max-snippet":"max-snippet:-1","max-image-preview":"max-image-preview:large","max-video-preview":"max-video-preview:-1"},"canonical":"https:\/\/naturapura.com\/fr\/produit\/diamant-kit-de-maternite-19-pieces\/","og_locale":"fr_FR","og_type":"article","og_title":"Diamant \u2013 Kit de Maternit\u00e9 (17 Pi\u00e8ces) - NaturaPura","og_description":"Les trousses de maternit\u00e9 NaturaPura sont les articles les plus recherch\u00e9s par nos mamans. Tous les produits de nos kits sont fabriqu\u00e9s avec 100 coton biologique.","og_url":"https:\/\/naturapura.com\/fr\/produit\/diamant-kit-de-maternite-19-pieces\/","og_site_name":"NaturaPura","article_modified_time":"2024-04-08T08:11:19+00:00","og_image":[{"width":1200,"height":1200,"url":"https:\/\/naturapura.com\/wp-content\/uploads\/2019\/07\/TB07SET1-1.jpg","type":"image\/jpeg"}],"twitter_card":"summary_large_image","twitter_misc":{"Disponibilit\u00e9":"En stock"},"schema":{"@context":"https:\/\/schema.org","@graph":[{"@type":"WebPage","@id":"https:\/\/naturapura.com\/fr\/produit\/diamant-kit-de-maternite-19-pieces\/","url":"https:\/\/naturapura.com\/fr\/produit\/diamant-kit-de-maternite-19-pieces\/","name":"Diamant \u2013 Kit de Maternit\u00e9 (17 Pi\u00e8ces) - NaturaPura","isPartOf":{"@id":"https:\/\/naturapura.com\/fr\/#website"},"primaryImageOfPage":{"@id":"https:\/\/naturapura.com\/fr\/produit\/diamant-kit-de-maternite-19-pieces\/#primaryimage"},"image":{"@id":"https:\/\/naturapura.com\/fr\/produit\/diamant-kit-de-maternite-19-pieces\/#primaryimage"},"thumbnailUrl":"https:\/\/i0.wp.com\/naturapura.com\/wp-content\/uploads\/2019\/07\/TB07SET1-1.jpg?fit=1200%2C1200&ssl=1","datePublished":"2020-05-18T20:37:53+00:00","dateModified":"2024-04-08T08:11:19+00:00","description":"Les trousses de maternit\u00e9 NaturaPura sont les articles les plus recherch\u00e9s par nos mamans. Tous les produits de nos kits sont fabriqu\u00e9s avec 100 coton biologique.","breadcrumb":{"@id":"https:\/\/naturapura.com\/fr\/produit\/diamant-kit-de-maternite-19-pieces\/#breadcrumb"},"inLanguage":"fr-FR","potentialAction":[{"@type":"ReadAction","target":["https:\/\/naturapura.com\/fr\/produit\/diamant-kit-de-maternite-19-pieces\/"]}]},{"@type":"ImageObject","inLanguage":"fr-FR","@id":"https:\/\/naturapura.com\/fr\/produit\/diamant-kit-de-maternite-19-pieces\/#primaryimage","url":"https:\/\/i0.wp.com\/naturapura.com\/wp-content\/uploads\/2019\/07\/TB07SET1-1.jpg?fit=1200%2C1200&ssl=1","contentUrl":"https:\/\/i0.wp.com\/naturapura.com\/wp-content\/uploads\/2019\/07\/TB07SET1-1.jpg?fit=1200%2C1200&ssl=1","width":1200,"height":1200},{"@type":"BreadcrumbList","@id":"https:\/\/naturapura.com\/fr\/produit\/diamant-kit-de-maternite-19-pieces\/#breadcrumb","itemListElement":[{"@type":"ListItem","position":1,"name":"In\u00edcio","item":"https:\/\/naturapura.com\/fr\/"},{"@type":"ListItem","position":2,"name":"Boutique","item":"https:\/\/naturapura.com\/fr\/boutique\/"},{"@type":"ListItem","position":3,"name":"Diamant \u2013 Kit de Maternit\u00e9 (17 Pi\u00e8ces)"}]},{"@type":"WebSite","@id":"https:\/\/naturapura.com\/fr\/#website","url":"https:\/\/naturapura.com\/fr\/","name":"NaturaPura","description":"Roupinha de Beb\u00e9 e Complementos em Org\u00e2nico","publisher":{"@id":"https:\/\/naturapura.com\/fr\/#organization"},"potentialAction":[{"@type":"SearchAction","target":{"@type":"EntryPoint","urlTemplate":"https:\/\/naturapura.com\/fr\/?s={search_term_string}"},"query-input":{"@type":"PropertyValueSpecification","valueRequired":true,"valueName":"search_term_string"}}],"inLanguage":"fr-FR"},{"@type":"Organization","@id":"https:\/\/naturapura.com\/fr\/#organization","name":"NATURAPURA","url":"https:\/\/naturapura.com\/fr\/","logo":{"@type":"ImageObject","inLanguage":"fr-FR","@id":"https:\/\/naturapura.com\/fr\/#\/schema\/logo\/image\/","url":"https:\/\/i0.wp.com\/naturapura.com\/wp-content\/uploads\/2023\/09\/logo-NP-bebe.png?fit=481%2C101&ssl=1","contentUrl":"https:\/\/i0.wp.com\/naturapura.com\/wp-content\/uploads\/2023\/09\/logo-NP-bebe.png?fit=481%2C101&ssl=1","width":481,"height":101,"caption":"NATURAPURA"},"image":{"@id":"https:\/\/naturapura.com\/fr\/#\/schema\/logo\/image\/"}}]},"og_availability":"instock","product_availability":"instock","product_retailer_item_id":"TB07SET1","product_condition":"new"},"jetpack_sharing_enabled":true,"_links":{"self":[{"href":"https:\/\/naturapura.com\/fr\/wp-json\/wp\/v2\/product\/21380","targetHints":{"allow":["GET"]}}],"collection":[{"href":"https:\/\/naturapura.com\/fr\/wp-json\/wp\/v2\/product"}],"about":[{"href":"https:\/\/naturapura.com\/fr\/wp-json\/wp\/v2\/types\/product"}],"wp:featuredmedia":[{"embeddable":true,"href":"https:\/\/naturapura.com\/fr\/wp-json\/wp\/v2\/media\/50017"}],"wp:attachment":[{"href":"https:\/\/naturapura.com\/fr\/wp-json\/wp\/v2\/media?parent=21380"}],"wp:term":[{"taxonomy":"product_brand","embeddable":true,"href":"https:\/\/naturapura.com\/fr\/wp-json\/wp\/v2\/product_brand?post=21380"},{"taxonomy":"product_cat","embeddable":true,"href":"https:\/\/naturapura.com\/fr\/wp-json\/wp\/v2\/product_cat?post=21380"},{"taxonomy":"product_tag","embeddable":true,"href":"https:\/\/naturapura.com\/fr\/wp-json\/wp\/v2\/product_tag?post=21380"},{"taxonomy":"giftcard-category","embeddable":true,"href":"https:\/\/naturapura.com\/fr\/wp-json\/wp\/v2\/giftcard-category?post=21380"}],"curies":[{"name":"wp","href":"https:\/\/api.w.org\/{rel}","templated":true}]}}