{"id":20482,"date":"2019-07-08T09:58:09","date_gmt":"2020-05-12T16:25:05","guid":{"rendered":"https:\/\/naturapura.com\/product\/light-baby-set-1ere-tenue\/"},"modified":"2020-11-15T23:20:12","modified_gmt":"2020-11-15T23:20:12","slug":"light-baby-ensemble-premier-trousseau","status":"publish","type":"product","link":"https:\/\/naturapura.com\/fr\/produit\/light-baby-ensemble-premier-trousseau\/","title":{"rendered":"Light Baby &#8211; Ensemble Premier trousseau"},"content":{"rendered":"<p><strong>Light Baby &#8211; Ensemble Premier trousseau<\/strong><\/p>\n<p>L\u2019ensemble id\u00e9al pour les nouveau-n\u00e9s, con\u00e7u pour \u00eatre leurs premiers v\u00eatements.<\/p>\n<p>Toutes les pi\u00e8ces sont faites avec du coton biologique, et cousues avec du fil 100 % coton.<\/p>\n<p>Il est tr\u00e8s doux au toucher et test\u00e9 dermatologiquement pour s\u2019assurer qu\u2019il n\u2019irrite pas la peau sensible de votre b\u00e9b\u00e9.<\/p>\n<p>L\u2019ouverture compl\u00e8te du body et du dors-bien aident lorsqu\u2019il faut habiller un nouveau-n\u00e9.<\/p>\n<p>Les d\u00e9tails ont \u00e9t\u00e9 soigneusement pens\u00e9s pour le confort de votre b\u00e9b\u00e9.<\/p>\n<p>Les \u00e9tiquettes sont cousues \u00e0 l\u2019ext\u00e9rieur afin de ne pas irriter et le pantalon \u00e0 pieds n\u2019a pas d\u2019\u00e9lastique \u00e0 la taille pour ne pas blesser la zone du cordon ombilical.<\/p>\n<p>L\u2019ensemble tient dans un petit sac en tissu que vous pouvez emmener \u00e0 la maternit\u00e9 avec les premiers v\u00eatements de b\u00e9b\u00e9.<\/p>\n","protected":false},"excerpt":{"rendered":"<p>BB04002<\/p>\n","protected":false},"featured_media":20483,"template":"","meta":[],"product_brand":[],"product_cat":[2742,3072,2585],"product_tag":[],"giftcard-category":[],"class_list":{"0":"post-20482","1":"product","2":"type-product","3":"status-publish","4":"has-post-thumbnail","6":"product_cat-coffrets-naissance","7":"product_cat-idees-cadeaux","8":"product_cat-premature","10":"first","11":"instock","12":"taxable","13":"shipping-taxable","14":"product-type-variable","15":"has-default-attributes"},"exclude_global_add_ons":false,"addons":[{"name":"Nom du Beb\u00e9","type":"custom_text","position":0,"required":true,"title_format":"label","default":"","description_enable":false,"description":"","placeholder_enable":false,"placeholder":"","display":"select","restrictions_type":"any_text","adjust_price":false,"price":"","price_type":"flat_fee","restrictions":true,"min":"2","max":"15","options":[],"id":1676654652},{"name":"Message de cadeau","type":"custom_textarea","position":0,"required":false,"title_format":"label","default":"","description_enable":true,"description":"Vous pouvez inclure un tendre message personnalis\u00e9...","placeholder_enable":false,"placeholder":"","display":"select","restrictions_type":"any_text","adjust_price":false,"price":"3.00","price_type":"flat_fee","restrictions":true,"min":"0","max":"300","options":[]},{"name":"Notice","type":"heading","position":0,"required":false,"title_format":"label","default":"","description_enable":true,"description":"Nous ne pouvons livrer les articles personnalis\u00e9s command\u00e9s que jusqu'au 11 d\u00e9cembre, \u00e0 temps pour No\u00ebl.","placeholder_enable":false,"placeholder":"","display":"select","restrictions_type":"any_text","adjust_price":false,"price":"","price_type":"flat_fee","restrictions":false,"min":"0","max":"0","options":[],"id":1704365184},{"name":"Notice","type":"heading","position":0,"required":false,"title_format":"label","default":"","description_enable":true,"description":"En raison des vacances d\u2019\u00e9t\u00e9, les commandes d\u2019articles personnalis\u00e9s pass\u00e9es \u00e0 partir du 7 ao\u00fbt seront envoy\u00e9es \u00e0 partir du 10 septembre.","placeholder_enable":false,"placeholder":"","display":"select","restrictions_type":"any_text","adjust_price":false,"price":"","price_type":"flat_fee","restrictions":false,"min":"0","max":"0","options":[],"id":1692953567}],"yoast_head":"<!-- This site is optimized with the Yoast SEO plugin v27.3 - https:\/\/yoast.com\/product\/yoast-seo-wordpress\/ -->\n<title>Light Baby - Ensemble Premier trousseau titre - Light Baby - NaturaPura<\/title>\n<meta name=\"description\" content=\"L\u2019ensemble id\u00e9al pour les nouveau-n\u00e9s, con\u00e7u pour \u00eatre votre premier peignoir b\u00e9b\u00e9. Les pi\u00e8ces sont faites de coton biologique.\" \/>\n<meta name=\"robots\" content=\"index, follow, max-snippet:-1, max-image-preview:large, max-video-preview:-1\" \/>\n<link rel=\"canonical\" href=\"https:\/\/naturapura.com\/fr\/produit\/light-baby-ensemble-premier-trousseau\/\" \/>\n<meta property=\"og:locale\" content=\"fr_FR\" \/>\n<meta property=\"og:type\" content=\"article\" \/>\n<meta property=\"og:title\" content=\"Light Baby - Ensemble Premier trousseau titre - Light Baby - NaturaPura\" \/>\n<meta property=\"og:description\" content=\"L\u2019ensemble id\u00e9al pour les nouveau-n\u00e9s, con\u00e7u pour \u00eatre votre premier peignoir b\u00e9b\u00e9. Les pi\u00e8ces sont faites de coton biologique.\" \/>\n<meta property=\"og:url\" content=\"https:\/\/naturapura.com\/fr\/produit\/light-baby-ensemble-premier-trousseau\/\" \/>\n<meta property=\"og:site_name\" content=\"NaturaPura\" \/>\n<meta property=\"article:modified_time\" content=\"2020-11-15T23:20:12+00:00\" \/>\n<meta property=\"og:image\" content=\"https:\/\/naturapura.com\/wp-content\/uploads\/2019\/07\/1st-Cloth.jpg\" \/>\n\t<meta property=\"og:image:width\" content=\"1709\" \/>\n\t<meta property=\"og:image:height\" content=\"1709\" \/>\n\t<meta property=\"og:image:type\" content=\"image\/jpeg\" \/>\n<meta name=\"twitter:card\" content=\"summary_large_image\" \/>\n<meta name=\"twitter:label1\" content=\"Disponibilit\u00e9\" \/>\n\t<meta name=\"twitter:data1\" content=\"En stock\" \/>\n<script type=\"application\/ld+json\" class=\"yoast-schema-graph\">{\"@context\":\"https:\\\/\\\/schema.org\",\"@graph\":[{\"@type\":\"WebPage\",\"@id\":\"https:\\\/\\\/naturapura.com\\\/fr\\\/produit\\\/light-baby-ensemble-premier-trousseau\\\/\",\"url\":\"https:\\\/\\\/naturapura.com\\\/fr\\\/produit\\\/light-baby-ensemble-premier-trousseau\\\/\",\"name\":\"Light Baby - Ensemble Premier trousseau titre - Light Baby - NaturaPura\",\"isPartOf\":{\"@id\":\"https:\\\/\\\/naturapura.com\\\/fr\\\/#website\"},\"primaryImageOfPage\":{\"@id\":\"https:\\\/\\\/naturapura.com\\\/fr\\\/produit\\\/light-baby-ensemble-premier-trousseau\\\/#primaryimage\"},\"image\":{\"@id\":\"https:\\\/\\\/naturapura.com\\\/fr\\\/produit\\\/light-baby-ensemble-premier-trousseau\\\/#primaryimage\"},\"thumbnailUrl\":\"https:\\\/\\\/i0.wp.com\\\/naturapura.com\\\/wp-content\\\/uploads\\\/2019\\\/07\\\/1st-Cloth.jpg?fit=1709%2C1709&ssl=1\",\"datePublished\":\"2020-05-12T16:25:05+00:00\",\"dateModified\":\"2020-11-15T23:20:12+00:00\",\"description\":\"L\u2019ensemble id\u00e9al pour les nouveau-n\u00e9s, con\u00e7u pour \u00eatre votre premier peignoir b\u00e9b\u00e9. Les pi\u00e8ces sont faites de coton biologique.\",\"breadcrumb\":{\"@id\":\"https:\\\/\\\/naturapura.com\\\/fr\\\/produit\\\/light-baby-ensemble-premier-trousseau\\\/#breadcrumb\"},\"inLanguage\":\"fr-FR\",\"potentialAction\":[{\"@type\":\"ReadAction\",\"target\":[\"https:\\\/\\\/naturapura.com\\\/fr\\\/produit\\\/light-baby-ensemble-premier-trousseau\\\/\"]}]},{\"@type\":\"ImageObject\",\"inLanguage\":\"fr-FR\",\"@id\":\"https:\\\/\\\/naturapura.com\\\/fr\\\/produit\\\/light-baby-ensemble-premier-trousseau\\\/#primaryimage\",\"url\":\"https:\\\/\\\/i0.wp.com\\\/naturapura.com\\\/wp-content\\\/uploads\\\/2019\\\/07\\\/1st-Cloth.jpg?fit=1709%2C1709&ssl=1\",\"contentUrl\":\"https:\\\/\\\/i0.wp.com\\\/naturapura.com\\\/wp-content\\\/uploads\\\/2019\\\/07\\\/1st-Cloth.jpg?fit=1709%2C1709&ssl=1\",\"width\":1709,\"height\":1709,\"caption\":\"Light Baby - Ensemble Premier trousseau\"},{\"@type\":\"BreadcrumbList\",\"@id\":\"https:\\\/\\\/naturapura.com\\\/fr\\\/produit\\\/light-baby-ensemble-premier-trousseau\\\/#breadcrumb\",\"itemListElement\":[{\"@type\":\"ListItem\",\"position\":1,\"name\":\"In\u00edcio\",\"item\":\"https:\\\/\\\/naturapura.com\\\/fr\\\/\"},{\"@type\":\"ListItem\",\"position\":2,\"name\":\"Boutique\",\"item\":\"https:\\\/\\\/naturapura.com\\\/fr\\\/boutique\\\/\"},{\"@type\":\"ListItem\",\"position\":3,\"name\":\"Light Baby &#8211; Ensemble Premier trousseau\"}]},{\"@type\":\"WebSite\",\"@id\":\"https:\\\/\\\/naturapura.com\\\/fr\\\/#website\",\"url\":\"https:\\\/\\\/naturapura.com\\\/fr\\\/\",\"name\":\"NaturaPura\",\"description\":\"Roupinha de Beb\u00e9 e Complementos em Org\u00e2nico\",\"publisher\":{\"@id\":\"https:\\\/\\\/naturapura.com\\\/fr\\\/#organization\"},\"potentialAction\":[{\"@type\":\"SearchAction\",\"target\":{\"@type\":\"EntryPoint\",\"urlTemplate\":\"https:\\\/\\\/naturapura.com\\\/fr\\\/?s={search_term_string}\"},\"query-input\":{\"@type\":\"PropertyValueSpecification\",\"valueRequired\":true,\"valueName\":\"search_term_string\"}}],\"inLanguage\":\"fr-FR\"},{\"@type\":\"Organization\",\"@id\":\"https:\\\/\\\/naturapura.com\\\/fr\\\/#organization\",\"name\":\"NATURAPURA\",\"url\":\"https:\\\/\\\/naturapura.com\\\/fr\\\/\",\"logo\":{\"@type\":\"ImageObject\",\"inLanguage\":\"fr-FR\",\"@id\":\"https:\\\/\\\/naturapura.com\\\/fr\\\/#\\\/schema\\\/logo\\\/image\\\/\",\"url\":\"https:\\\/\\\/i0.wp.com\\\/naturapura.com\\\/wp-content\\\/uploads\\\/2023\\\/09\\\/logo-NP-bebe.png?fit=481%2C101&ssl=1\",\"contentUrl\":\"https:\\\/\\\/i0.wp.com\\\/naturapura.com\\\/wp-content\\\/uploads\\\/2023\\\/09\\\/logo-NP-bebe.png?fit=481%2C101&ssl=1\",\"width\":481,\"height\":101,\"caption\":\"NATURAPURA\"},\"image\":{\"@id\":\"https:\\\/\\\/naturapura.com\\\/fr\\\/#\\\/schema\\\/logo\\\/image\\\/\"}}]}<\/script>\n<meta property=\"og:availability\" content=\"instock\" \/>\n<meta property=\"product:availability\" content=\"instock\" \/>\n<meta property=\"product:retailer_item_id\" content=\"BB04002\" \/>\n<meta property=\"product:condition\" content=\"new\" \/>\n<!-- \/ Yoast SEO plugin. -->","yoast_head_json":{"title":"Light Baby - Ensemble Premier trousseau titre - Light Baby - NaturaPura","description":"L\u2019ensemble id\u00e9al pour les nouveau-n\u00e9s, con\u00e7u pour \u00eatre votre premier peignoir b\u00e9b\u00e9. Les pi\u00e8ces sont faites de coton biologique.","robots":{"index":"index","follow":"follow","max-snippet":"max-snippet:-1","max-image-preview":"max-image-preview:large","max-video-preview":"max-video-preview:-1"},"canonical":"https:\/\/naturapura.com\/fr\/produit\/light-baby-ensemble-premier-trousseau\/","og_locale":"fr_FR","og_type":"article","og_title":"Light Baby - Ensemble Premier trousseau titre - Light Baby - NaturaPura","og_description":"L\u2019ensemble id\u00e9al pour les nouveau-n\u00e9s, con\u00e7u pour \u00eatre votre premier peignoir b\u00e9b\u00e9. Les pi\u00e8ces sont faites de coton biologique.","og_url":"https:\/\/naturapura.com\/fr\/produit\/light-baby-ensemble-premier-trousseau\/","og_site_name":"NaturaPura","article_modified_time":"2020-11-15T23:20:12+00:00","og_image":[{"width":1709,"height":1709,"url":"https:\/\/naturapura.com\/wp-content\/uploads\/2019\/07\/1st-Cloth.jpg","type":"image\/jpeg"}],"twitter_card":"summary_large_image","twitter_misc":{"Disponibilit\u00e9":"En stock"},"schema":{"@context":"https:\/\/schema.org","@graph":[{"@type":"WebPage","@id":"https:\/\/naturapura.com\/fr\/produit\/light-baby-ensemble-premier-trousseau\/","url":"https:\/\/naturapura.com\/fr\/produit\/light-baby-ensemble-premier-trousseau\/","name":"Light Baby - Ensemble Premier trousseau titre - Light Baby - NaturaPura","isPartOf":{"@id":"https:\/\/naturapura.com\/fr\/#website"},"primaryImageOfPage":{"@id":"https:\/\/naturapura.com\/fr\/produit\/light-baby-ensemble-premier-trousseau\/#primaryimage"},"image":{"@id":"https:\/\/naturapura.com\/fr\/produit\/light-baby-ensemble-premier-trousseau\/#primaryimage"},"thumbnailUrl":"https:\/\/i0.wp.com\/naturapura.com\/wp-content\/uploads\/2019\/07\/1st-Cloth.jpg?fit=1709%2C1709&ssl=1","datePublished":"2020-05-12T16:25:05+00:00","dateModified":"2020-11-15T23:20:12+00:00","description":"L\u2019ensemble id\u00e9al pour les nouveau-n\u00e9s, con\u00e7u pour \u00eatre votre premier peignoir b\u00e9b\u00e9. Les pi\u00e8ces sont faites de coton biologique.","breadcrumb":{"@id":"https:\/\/naturapura.com\/fr\/produit\/light-baby-ensemble-premier-trousseau\/#breadcrumb"},"inLanguage":"fr-FR","potentialAction":[{"@type":"ReadAction","target":["https:\/\/naturapura.com\/fr\/produit\/light-baby-ensemble-premier-trousseau\/"]}]},{"@type":"ImageObject","inLanguage":"fr-FR","@id":"https:\/\/naturapura.com\/fr\/produit\/light-baby-ensemble-premier-trousseau\/#primaryimage","url":"https:\/\/i0.wp.com\/naturapura.com\/wp-content\/uploads\/2019\/07\/1st-Cloth.jpg?fit=1709%2C1709&ssl=1","contentUrl":"https:\/\/i0.wp.com\/naturapura.com\/wp-content\/uploads\/2019\/07\/1st-Cloth.jpg?fit=1709%2C1709&ssl=1","width":1709,"height":1709,"caption":"Light Baby - Ensemble Premier trousseau"},{"@type":"BreadcrumbList","@id":"https:\/\/naturapura.com\/fr\/produit\/light-baby-ensemble-premier-trousseau\/#breadcrumb","itemListElement":[{"@type":"ListItem","position":1,"name":"In\u00edcio","item":"https:\/\/naturapura.com\/fr\/"},{"@type":"ListItem","position":2,"name":"Boutique","item":"https:\/\/naturapura.com\/fr\/boutique\/"},{"@type":"ListItem","position":3,"name":"Light Baby &#8211; Ensemble Premier trousseau"}]},{"@type":"WebSite","@id":"https:\/\/naturapura.com\/fr\/#website","url":"https:\/\/naturapura.com\/fr\/","name":"NaturaPura","description":"Roupinha de Beb\u00e9 e Complementos em Org\u00e2nico","publisher":{"@id":"https:\/\/naturapura.com\/fr\/#organization"},"potentialAction":[{"@type":"SearchAction","target":{"@type":"EntryPoint","urlTemplate":"https:\/\/naturapura.com\/fr\/?s={search_term_string}"},"query-input":{"@type":"PropertyValueSpecification","valueRequired":true,"valueName":"search_term_string"}}],"inLanguage":"fr-FR"},{"@type":"Organization","@id":"https:\/\/naturapura.com\/fr\/#organization","name":"NATURAPURA","url":"https:\/\/naturapura.com\/fr\/","logo":{"@type":"ImageObject","inLanguage":"fr-FR","@id":"https:\/\/naturapura.com\/fr\/#\/schema\/logo\/image\/","url":"https:\/\/i0.wp.com\/naturapura.com\/wp-content\/uploads\/2023\/09\/logo-NP-bebe.png?fit=481%2C101&ssl=1","contentUrl":"https:\/\/i0.wp.com\/naturapura.com\/wp-content\/uploads\/2023\/09\/logo-NP-bebe.png?fit=481%2C101&ssl=1","width":481,"height":101,"caption":"NATURAPURA"},"image":{"@id":"https:\/\/naturapura.com\/fr\/#\/schema\/logo\/image\/"}}]},"og_availability":"instock","product_availability":"instock","product_retailer_item_id":"BB04002","product_condition":"new"},"jetpack_sharing_enabled":true,"_links":{"self":[{"href":"https:\/\/naturapura.com\/fr\/wp-json\/wp\/v2\/product\/20482","targetHints":{"allow":["GET"]}}],"collection":[{"href":"https:\/\/naturapura.com\/fr\/wp-json\/wp\/v2\/product"}],"about":[{"href":"https:\/\/naturapura.com\/fr\/wp-json\/wp\/v2\/types\/product"}],"wp:featuredmedia":[{"embeddable":true,"href":"https:\/\/naturapura.com\/fr\/wp-json\/wp\/v2\/media\/20483"}],"wp:attachment":[{"href":"https:\/\/naturapura.com\/fr\/wp-json\/wp\/v2\/media?parent=20482"}],"wp:term":[{"taxonomy":"product_brand","embeddable":true,"href":"https:\/\/naturapura.com\/fr\/wp-json\/wp\/v2\/product_brand?post=20482"},{"taxonomy":"product_cat","embeddable":true,"href":"https:\/\/naturapura.com\/fr\/wp-json\/wp\/v2\/product_cat?post=20482"},{"taxonomy":"product_tag","embeddable":true,"href":"https:\/\/naturapura.com\/fr\/wp-json\/wp\/v2\/product_tag?post=20482"},{"taxonomy":"giftcard-category","embeddable":true,"href":"https:\/\/naturapura.com\/fr\/wp-json\/wp\/v2\/giftcard-category?post=20482"}],"curies":[{"name":"wp","href":"https:\/\/api.w.org\/{rel}","templated":true}]}}