{"id":37483,"date":"2021-01-21T17:28:23","date_gmt":"2021-01-21T17:28:23","guid":{"rendered":"https:\/\/naturapura.com\/carte-cadeau-naturapura\/"},"modified":"2021-01-21T17:28:27","modified_gmt":"2021-01-21T17:28:27","slug":"carte-cadeau-naturapura","status":"publish","type":"page","link":"https:\/\/naturapura.com\/fr\/carte-cadeau-naturapura\/","title":{"rendered":"CARTE-CADEAU NATURAPURA"},"content":{"rendered":"\n<div class=\"is-divider divider clearfix\" style=\"background-color:rgb(255, 255, 255);\"><\/div>\n\n<div class=\"row\"  id=\"row-2127017598\">\n\n\n\t<div id=\"col-1499237257\" class=\"col medium-1 small-12 large-1\"  >\n\t\t\t\t<div class=\"col-inner\"  >\n\t\t\t\n\t\t\t\n\n\n\t\t<\/div>\n\t\t\t\t\t<\/div>\n\n\t\n\n\t<div id=\"col-236959042\" class=\"col medium-10 small-12 large-10\"  >\n\t\t\t\t<div class=\"col-inner\"  >\n\t\t\t\n\t\t\t\n\n<h2 style=\"text-align: center;\">CARTE-CADEAU NATURAPURA<\/h2>\r\n<h3 style=\"text-align: center;\">CONDITIONS G\u00c9N\u00c9RALES D&#8217;UTILISATION<\/h3>\r\n<ol style=\"text-align: justify;\">\r\n \t<li>La carte-cadeau est valable exclusivement pour l&#8217;achat de produits sur website www.naturapura.com.<\/li>\r\n \t<li>La carte-cadeau peut \u00eatre acquise par l&#8217;un des moyens de paiement accept\u00e9s sur notre site www.naturapura.com. La carte-cadeau ne peut pas \u00eatre acquise par le biais d&#8217;une autre carte cadeau.<\/li>\r\n \t<li>Vous pouvez acheter votre carte-cadeau pour l&#8217;offrir \u00e0 n&#8217;importe quelle destination, et elle sera envoy\u00e9e en EUR , GBP ou USD (1EUR=1GBP=1USD) selon la destination.<\/li>\r\n \t<li>Le solde de la carte-cadeau ne peut \u00eatre rembours\u00e9 ou retourn\u00e9 en esp\u00e8ces.<\/li>\r\n \t<li>La carte-cadeau peut \u00eatre utilis\u00e9e autant de fois que vous le souhaitez jusqu&#8217;\u00e0 ce que le montant total soit d\u00e9pens\u00e9.<\/li>\r\n \t<li>Le solde disponible de la carte-cadeau peut \u00eatre v\u00e9rifi\u00e9 dans l&#8217;espace client \u00e0 condition qu\u00b4il s\u00b4agisse d\u00b4un client enregistr\u00e9. Si le montant de l&#8217;achat est sup\u00e9rieur au solde disponible de la carte-cadeau, la diff\u00e9rence peut \u00eatre pay\u00e9e par l&#8217;un des autres moyens de paiement accept\u00e9s sur notre website www.naturapura.com.<\/li>\r\n \t<li>Les produits achet\u00e9s avec la carte-cadeau sur notre website www.naturapura.com sont soumis \u00e0 sa politique d&#8217;\u00e9change et de retour de notre page.<\/li>\r\n \t<li>La carte-cadeau est valable pendant 24 mois apr\u00e8s sa date d&#8217;\u00e9mission.<\/li>\r\n<\/ol>\n\n\t\t<\/div>\n\t\t\t\t\t<\/div>\n\n\t\n\n<\/div>\n\n","protected":false},"excerpt":{"rendered":"","protected":false},"author":18,"featured_media":0,"parent":0,"menu_order":0,"comment_status":"closed","ping_status":"closed","template":"","meta":{"footnotes":""},"class_list":["post-37483","page","type-page","status-publish","hentry"],"yoast_head":"<!-- This site is optimized with the Yoast SEO plugin v27.5 - https:\/\/yoast.com\/product\/yoast-seo-wordpress\/ -->\n<title>CARTE-CADEAU NATURAPURA - NaturaPura<\/title>\n<meta name=\"robots\" content=\"index, follow, max-snippet:-1, max-image-preview:large, max-video-preview:-1\" \/>\n<link rel=\"canonical\" href=\"https:\/\/naturapura.com\/fr\/carte-cadeau-naturapura\/\" \/>\n<meta property=\"og:locale\" content=\"fr_FR\" \/>\n<meta property=\"og:type\" content=\"article\" \/>\n<meta property=\"og:title\" content=\"CARTE-CADEAU NATURAPURA - NaturaPura\" \/>\n<meta property=\"og:url\" content=\"https:\/\/naturapura.com\/fr\/carte-cadeau-naturapura\/\" \/>\n<meta property=\"og:site_name\" content=\"NaturaPura\" \/>\n<meta property=\"article:modified_time\" content=\"2021-01-21T17:28:27+00:00\" \/>\n<meta name=\"twitter:card\" content=\"summary_large_image\" \/>\n<meta name=\"twitter:label1\" content=\"Dur\u00e9e de lecture estim\u00e9e\" \/>\n\t<meta name=\"twitter:data1\" content=\"1 minute\" \/>\n<script type=\"application\/ld+json\" class=\"yoast-schema-graph\">{\"@context\":\"https:\\\/\\\/schema.org\",\"@graph\":[{\"@type\":\"WebPage\",\"@id\":\"https:\\\/\\\/naturapura.com\\\/fr\\\/carte-cadeau-naturapura\\\/\",\"url\":\"https:\\\/\\\/naturapura.com\\\/fr\\\/carte-cadeau-naturapura\\\/\",\"name\":\"CARTE-CADEAU NATURAPURA - NaturaPura\",\"isPartOf\":{\"@id\":\"https:\\\/\\\/naturapura.com\\\/fr\\\/#website\"},\"datePublished\":\"2021-01-21T17:28:23+00:00\",\"dateModified\":\"2021-01-21T17:28:27+00:00\",\"breadcrumb\":{\"@id\":\"https:\\\/\\\/naturapura.com\\\/fr\\\/carte-cadeau-naturapura\\\/#breadcrumb\"},\"inLanguage\":\"fr-FR\",\"potentialAction\":[{\"@type\":\"ReadAction\",\"target\":[\"https:\\\/\\\/naturapura.com\\\/fr\\\/carte-cadeau-naturapura\\\/\"]}]},{\"@type\":\"BreadcrumbList\",\"@id\":\"https:\\\/\\\/naturapura.com\\\/fr\\\/carte-cadeau-naturapura\\\/#breadcrumb\",\"itemListElement\":[{\"@type\":\"ListItem\",\"position\":1,\"name\":\"In\u00edcio\",\"item\":\"https:\\\/\\\/naturapura.com\\\/fr\\\/\"},{\"@type\":\"ListItem\",\"position\":2,\"name\":\"CARTE-CADEAU NATURAPURA\"}]},{\"@type\":\"WebSite\",\"@id\":\"https:\\\/\\\/naturapura.com\\\/fr\\\/#website\",\"url\":\"https:\\\/\\\/naturapura.com\\\/fr\\\/\",\"name\":\"NaturaPura\",\"description\":\"Roupinha de Beb\u00e9 e Complementos em Org\u00e2nico\",\"publisher\":{\"@id\":\"https:\\\/\\\/naturapura.com\\\/fr\\\/#organization\"},\"potentialAction\":[{\"@type\":\"SearchAction\",\"target\":{\"@type\":\"EntryPoint\",\"urlTemplate\":\"https:\\\/\\\/naturapura.com\\\/fr\\\/?s={search_term_string}\"},\"query-input\":{\"@type\":\"PropertyValueSpecification\",\"valueRequired\":true,\"valueName\":\"search_term_string\"}}],\"inLanguage\":\"fr-FR\"},{\"@type\":\"Organization\",\"@id\":\"https:\\\/\\\/naturapura.com\\\/fr\\\/#organization\",\"name\":\"NATURAPURA\",\"url\":\"https:\\\/\\\/naturapura.com\\\/fr\\\/\",\"logo\":{\"@type\":\"ImageObject\",\"inLanguage\":\"fr-FR\",\"@id\":\"https:\\\/\\\/naturapura.com\\\/fr\\\/#\\\/schema\\\/logo\\\/image\\\/\",\"url\":\"https:\\\/\\\/i0.wp.com\\\/naturapura.com\\\/wp-content\\\/uploads\\\/2023\\\/09\\\/logo-NP-bebe.png?fit=481%2C101&ssl=1\",\"contentUrl\":\"https:\\\/\\\/i0.wp.com\\\/naturapura.com\\\/wp-content\\\/uploads\\\/2023\\\/09\\\/logo-NP-bebe.png?fit=481%2C101&ssl=1\",\"width\":481,\"height\":101,\"caption\":\"NATURAPURA\"},\"image\":{\"@id\":\"https:\\\/\\\/naturapura.com\\\/fr\\\/#\\\/schema\\\/logo\\\/image\\\/\"}}]}<\/script>\n<!-- \/ Yoast SEO plugin. -->","yoast_head_json":{"title":"CARTE-CADEAU NATURAPURA - NaturaPura","robots":{"index":"index","follow":"follow","max-snippet":"max-snippet:-1","max-image-preview":"max-image-preview:large","max-video-preview":"max-video-preview:-1"},"canonical":"https:\/\/naturapura.com\/fr\/carte-cadeau-naturapura\/","og_locale":"fr_FR","og_type":"article","og_title":"CARTE-CADEAU NATURAPURA - NaturaPura","og_url":"https:\/\/naturapura.com\/fr\/carte-cadeau-naturapura\/","og_site_name":"NaturaPura","article_modified_time":"2021-01-21T17:28:27+00:00","twitter_card":"summary_large_image","twitter_misc":{"Dur\u00e9e de lecture estim\u00e9e":"1 minute"},"schema":{"@context":"https:\/\/schema.org","@graph":[{"@type":"WebPage","@id":"https:\/\/naturapura.com\/fr\/carte-cadeau-naturapura\/","url":"https:\/\/naturapura.com\/fr\/carte-cadeau-naturapura\/","name":"CARTE-CADEAU NATURAPURA - NaturaPura","isPartOf":{"@id":"https:\/\/naturapura.com\/fr\/#website"},"datePublished":"2021-01-21T17:28:23+00:00","dateModified":"2021-01-21T17:28:27+00:00","breadcrumb":{"@id":"https:\/\/naturapura.com\/fr\/carte-cadeau-naturapura\/#breadcrumb"},"inLanguage":"fr-FR","potentialAction":[{"@type":"ReadAction","target":["https:\/\/naturapura.com\/fr\/carte-cadeau-naturapura\/"]}]},{"@type":"BreadcrumbList","@id":"https:\/\/naturapura.com\/fr\/carte-cadeau-naturapura\/#breadcrumb","itemListElement":[{"@type":"ListItem","position":1,"name":"In\u00edcio","item":"https:\/\/naturapura.com\/fr\/"},{"@type":"ListItem","position":2,"name":"CARTE-CADEAU NATURAPURA"}]},{"@type":"WebSite","@id":"https:\/\/naturapura.com\/fr\/#website","url":"https:\/\/naturapura.com\/fr\/","name":"NaturaPura","description":"Roupinha de Beb\u00e9 e Complementos em Org\u00e2nico","publisher":{"@id":"https:\/\/naturapura.com\/fr\/#organization"},"potentialAction":[{"@type":"SearchAction","target":{"@type":"EntryPoint","urlTemplate":"https:\/\/naturapura.com\/fr\/?s={search_term_string}"},"query-input":{"@type":"PropertyValueSpecification","valueRequired":true,"valueName":"search_term_string"}}],"inLanguage":"fr-FR"},{"@type":"Organization","@id":"https:\/\/naturapura.com\/fr\/#organization","name":"NATURAPURA","url":"https:\/\/naturapura.com\/fr\/","logo":{"@type":"ImageObject","inLanguage":"fr-FR","@id":"https:\/\/naturapura.com\/fr\/#\/schema\/logo\/image\/","url":"https:\/\/i0.wp.com\/naturapura.com\/wp-content\/uploads\/2023\/09\/logo-NP-bebe.png?fit=481%2C101&ssl=1","contentUrl":"https:\/\/i0.wp.com\/naturapura.com\/wp-content\/uploads\/2023\/09\/logo-NP-bebe.png?fit=481%2C101&ssl=1","width":481,"height":101,"caption":"NATURAPURA"},"image":{"@id":"https:\/\/naturapura.com\/fr\/#\/schema\/logo\/image\/"}}]}},"jetpack_sharing_enabled":true,"_links":{"self":[{"href":"https:\/\/naturapura.com\/fr\/wp-json\/wp\/v2\/pages\/37483","targetHints":{"allow":["GET"]}}],"collection":[{"href":"https:\/\/naturapura.com\/fr\/wp-json\/wp\/v2\/pages"}],"about":[{"href":"https:\/\/naturapura.com\/fr\/wp-json\/wp\/v2\/types\/page"}],"author":[{"embeddable":true,"href":"https:\/\/naturapura.com\/fr\/wp-json\/wp\/v2\/users\/18"}],"replies":[{"embeddable":true,"href":"https:\/\/naturapura.com\/fr\/wp-json\/wp\/v2\/comments?post=37483"}],"version-history":[{"count":0,"href":"https:\/\/naturapura.com\/fr\/wp-json\/wp\/v2\/pages\/37483\/revisions"}],"wp:attachment":[{"href":"https:\/\/naturapura.com\/fr\/wp-json\/wp\/v2\/media?parent=37483"}],"curies":[{"name":"wp","href":"https:\/\/api.w.org\/{rel}","templated":true}]}}