{"id":32261,"date":"2020-07-02T10:50:05","date_gmt":"2020-07-02T10:50:05","guid":{"rendered":"https:\/\/naturapura.com\/etapes-a-suivre-pour-commander\/"},"modified":"2020-11-18T10:51:58","modified_gmt":"2020-11-18T10:51:58","slug":"etapes-a-suivre-pour-commander","status":"publish","type":"page","link":"https:\/\/naturapura.com\/fr\/etapes-a-suivre-pour-commander\/","title":{"rendered":"\u00c9tapes \u00e0 suivre pour commander"},"content":{"rendered":"\n<div class=\"row\"  id=\"row-90928188\">\n\n\n\t<div id=\"col-1932636117\" class=\"col medium-1 small-12 large-1\"  >\n\t\t\t\t<div class=\"col-inner\"  >\n\t\t\t\n\t\t\t\n\n\n\t\t<\/div>\n\t\t\t\t\t<\/div>\n\n\t\n\n\t<div id=\"col-634160692\" class=\"col medium-10 small-12 large-10\"  >\n\t\t\t\t<div class=\"col-inner\"  >\n\t\t\t\n\t\t\t<h2><strong>Comment acheter<\/strong><\/h2>\r\n<h3><strong>Connexion \/ Cr\u00e9ation d\u2019un nouveau compte<\/strong><\/h3>\r\n<p style=\"text-align: justify;\">Si\u00a0<strong>vous n\u2019\u00eates pas<\/strong>\u00a0encore\u00a0<strong>enregistr\u00e9\u00a0<\/strong><strong>sur<\/strong>\u00a0notre boutique en ligne, vous pouvez soit cr\u00e9er un compte dans le menu sup\u00e9rieur (<strong>Connexion\/Cr\u00e9ation d\u2019un nouveau compte<\/strong>) soit le faire en vous connectant via votre compte\u00a0<strong>Google<\/strong>\u00a0ou\u00a0<strong>Facebook,\u00a0<\/strong><strong>en<\/strong>\u00a0utilisant pour cela l\u2019option fournie lors de la proc\u00e9dure de\u00a0<strong>Connexion<\/strong>.<\/p>\r\n<p style=\"text-align: justify;\">Vous \u00eates d\u00e9j\u00e0 client en ligne de\u00a0<strong>NaturaPura<\/strong>?<\/p>\r\n<p style=\"text-align: justify;\">Si\u00a0<strong>vous \u00eates d\u00e9j\u00e0 inscrit\u00a0<\/strong><strong>dans<\/strong>\u00a0notre boutique en ligne, il vous suffit de vous connecter en saisissant votre adresse \u00e9lectronique et votre mot de passe dans le menu du haut (<strong>Login<\/strong>), ou d\u2019y acc\u00e9der via votre compte\u00a0<strong>Google<\/strong>\u00a0ou\u00a0<strong>Facebook en<\/strong>\u00a0utilisant l\u2019option pr\u00e9vue lors de la proc\u00e9dure de\u00a0<strong>Connexion\u00a0<\/strong>mentionn\u00e9e.<\/p>\r\n<p style=\"text-align: justify;\"><strong>Vous avez oubli\u00e9 votre mot de passe<\/strong>?<\/p>\r\n<p style=\"text-align: justify;\">Ne vous inqui\u00e9tez pas. Lors de la proc\u00e9dure de\u00a0<strong>connexion,<\/strong> il existe une option pour cela \u2013 \u00ab<strong>Vous avez oubli\u00e9 votre mot de passe<\/strong>?\u00bb<\/p>\r\n<p style=\"text-align: justify;\">Suite \u00e0 cette indication, un courriel sera envoy\u00e9 \u00e0 l\u2019adresse \u00e9lectronique que vous avez indiqu\u00e9e lors de votre inscription, avec des informations sur la mani\u00e8re de proc\u00e9der.<\/p>\r\n<h3><strong>Finaliser la proc\u00e9dure d\u2019achat sans s\u2019enregistrer<\/strong><\/h3>\r\n<p style=\"text-align: justify;\">Si vous terminez la proc\u00e9dure d\u2019achat sans vous inscrire, vous pourrez toujours le faire en s\u00e9lectionnant l\u2019option \u00ab\u00a0<strong>Cr\u00e9er un compte ?<\/strong>\u00a0\u00bb juste\u00a0<strong>apr\u00e8s avoir saisi les donn\u00e9es de facturation<\/strong>. En s\u00e9lectionnant cette option, nous vous\u00a0<strong>cr\u00e9erons automatiquement<\/strong>\u00a0un\u00a0<strong>compte\u00a0<\/strong><strong>avec les<\/strong>\u00a0donn\u00e9es que vous nous avez fournies.<\/p>\r\n<p style=\"text-align: justify;\"><strong>Vous pouvez<\/strong>\u00a0choisir d\u2019<strong>effectuer l\u2019achat sans vous inscrire<\/strong>. Dans ce cas, nous utiliserons l\u2019adresse \u00e9lectronique que vous avez fournie pour vous envoyer les courriels de suivi de votre dossier, en commen\u00e7ant tout de suite par le courriel de confirmation de la commande.<\/p>\r\n<p style=\"text-align: justify;\">Pour votre confort et votre s\u00e9curit\u00e9, nous vous recommandons de toujours saisir toutes les donn\u00e9es demand\u00e9es, en particulier votre\u00a0<strong>num\u00e9ro de t\u00e9l\u00e9phone portable<\/strong>\u00a0afin que nous puissions vous contacter si n\u00e9cessaire.<\/p>\r\n<h3><strong>Acheter<\/strong><\/h3>\r\n<p>Faites vos achats par\u00a0<strong>Cat\u00e9gories<\/strong>.<\/p>\r\n<p style=\"text-align: justify;\">Dans la barre de menu du site, recherchez parmi les cat\u00e9gories de produits (<strong>Kits de maternit\u00e9<\/strong>,\u00a0<strong>V\u00eatements<\/strong>,\u00a0<strong>Textile B\u00e9b\u00e9s<\/strong>,\u00a0<strong>Peluches\u2026<\/strong>) ceux que vous souhaitez acheter.<\/p>\r\n<p style=\"text-align: justify;\">S\u00e9lectionnez un article pour voir toutes les informations \u00e0 son sujet.<\/p>\r\n<p style=\"text-align: justify;\">Ajoutez des articles \u00e0 votre panier. N\u2019oubliez pas de\u00a0<strong>choisir<\/strong>\u00a0la\u00a0<strong>quantit\u00e9<\/strong>, la\u00a0<strong>couleur<\/strong>\u00a0et la\u00a0<strong>taille<\/strong>. Dans le cas des\u00a0<strong>Articles personnalis\u00e9s,\u00a0<\/strong><strong>vous devrez indiquer<\/strong>\u00a0le\u00a0<strong>pr\u00e9nom\u00a0<\/strong><strong>que vous<\/strong>\u00a0souhaitez inscrire sur l\u2019article s\u00e9lectionn\u00e9 dans cette Cat\u00e9gorie.<\/p>\r\n<p style=\"text-align: justify;\">La possibilit\u00e9 d\u2019introduire un\u00a0<strong>message cadeau<\/strong>\u00a0lors des commandes d\u2019<strong>Articles personnalis\u00e9s<\/strong>, de<strong>\u00a0Kits de maternit\u00e9<\/strong>\u00a0et de\u00a0<strong>Peluches<\/strong>\u00a0est pr\u00e9vue. Votre commande sera toujours envoy\u00e9e avec un\u00a0<strong>paquet cadeau\u00a0<\/strong>\u00e0 l\u2019<strong>adresse<\/strong>\u00a0<strong>que<\/strong>\u00a0vous\u00a0<strong>souhaitez.\u00a0<\/strong>Dans ce cas, le\u00a0<strong>message\u00a0<\/strong>que vous avez id\u00e9alis\u00e9 sera ajout\u00e9.<\/p>\r\n<p style=\"text-align: justify;\">Acc\u00e9dez au\u00a0<strong>panier d\u2019achats en<\/strong>\u00a0cliquant sur l\u2019ic\u00f4ne d\u2019un petit sac en haut \u00e0 droite. Vous y trouverez toutes les informations concernant les articles que vous avez choisis.<\/p>\r\n<p style=\"text-align: justify;\">Choisissez \u00ab\u00a0<strong>Je finalise ma commande\u00a0\u00bb<\/strong>\u00a0pour valider votre commande. Toutes les informations concernant les paiements, les frais de ports et la quantit\u00e9 de produits seront mentionn\u00e9es \u00e0 cette \u00e9tape.<\/p>\r\n<p style=\"text-align: justify;\">Les taxes, notamment la\u00a0<strong>TVA,<\/strong>\u00a0sont calcul\u00e9es sur la base de l\u2019<strong>adresse de destination<\/strong>\u00a0et peuvent \u00eatre\u00a0<strong>nulles<\/strong>\u00a0si la commande n\u2019est pas \u00e0 destination<strong>\u00a0de\u00a0<\/strong>l\u2019<strong>Union europ\u00e9enne<\/strong>.<\/p>\r\n<p style=\"text-align: justify;\">Apr\u00e8s le paiement, vous recevrez un courriel de confirmation dans les 10 minutes qui suivent l\u2019achat.<\/p>\r\n<h3><strong>Modes de paiement<\/strong><\/h3>\r\n<p>Les paiements \u00e0\u00a0<strong>NaturaPura<\/strong>\u00a0peuvent \u00eatre effectu\u00e9s que par:<\/p>\r\n<ul style=\"text-align: justify;\"><li><strong>Cartes de cr\u00e9dit<\/strong>\u00a0(via\u00a0<strong>Stripe<\/strong>\u00a0;<\/li>\r\n<li><strong>Compte PayPal<\/strong>.<\/li>\r\n<\/ul><h3><strong>Payez avec votre carte de cr\u00e9dit<\/strong><\/h3>\r\n<p style=\"text-align: justify;\">Les cartes de cr\u00e9dit sont un moyen de paiement s\u00e9curis\u00e9 sur Internet. Les cartes de plusieurs r\u00e9seaux sont accept\u00e9es, notamment\u00a0<strong>Visa<\/strong>,\u00a0<strong>MasterCard<\/strong>\u00a0et\u00a0<strong>American Express<\/strong>.<\/p>\r\n<p style=\"text-align: justify;\">Si vous choisissez ce mode de paiement, veuillez remplir les champs suivants pour effectuer le paiement:<\/p>\r\n<ul style=\"text-align: justify;\"><li><strong>Num\u00e9ro de la carte de<\/strong> cr\u00e9dit * (16 chiffres);<\/li>\r\n<li><strong>Mois<\/strong>\u00a0\/\u00a0<strong>ann\u00e9e<\/strong>\u00a0de validit\u00e9 (mois et ann\u00e9e, chacun avec 2 chiffres) \u2013 Par exemple, si la carte de cr\u00e9dit est valable jusqu\u2019en d\u00e9cembre 2020, vous devrez saisir : 12 \/ 20 ;<\/li>\r\n<li><strong>Code de<\/strong>\u00a0s\u00e9curit\u00e9 (<strong>CVV<\/strong>\u00a0\u2013 3 chiffres, situ\u00e9 au recto de la carte).<\/li>\r\n<\/ul><p style=\"text-align: justify;\">Les commandes sont soumises \u00e0 une v\u00e9rification et \u00e0 une acceptation avant l\u2019exp\u00e9dition. Votre carte bancaire est d\u00e9bit\u00e9e avant l\u2019acceptation de la demande.<\/p>\r\n<p style=\"text-align: justify;\"><strong>NaturaPura<\/strong>\u00a0n\u2019est pas responsable des erreurs typographiques.<\/p>\r\n<p style=\"text-align: justify;\">* Pour des raisons de <strong>s\u00e9curit\u00e9<\/strong>,\u00a0<strong>n\u2019indiquez pas<\/strong>\u00a0votre\u00a0<strong>num\u00e9ro de carte de<\/strong>\u00a0cr\u00e9dit dans les communications par\u00a0<strong>courriel<\/strong>.<\/p>\r\n<h3><strong>Payez avec votre compte PayPal<\/strong><\/h3>\r\n<p style=\"text-align: justify;\"><strong>PayPal<\/strong>\u00a0est utilis\u00e9 exclusivement pour les achats en ligne. Avec un compte\u00a0<strong>PayPal,<\/strong>\u00a0vous pouvez choisir de payer avec votre carte de cr\u00e9dit, votre compte bancaire ou le solde de votre compte\u00a0<strong>PayPal<\/strong>. S\u00e9lectionnez \u00ab\u00a0<strong>PayPal<\/strong>\u00a0\u00bb et cliquez sur \u00ab\u00a0<strong>Confirmer la commande<\/strong>\u00a0\u00bb. Nous vous dirigerons vers la page\u00a0<strong>PayPal<\/strong>\u00a0o\u00f9 vous devrez vous connecter et valider le paiement.<\/p>\t\t<\/div>\n\t\t\t\t\t<\/div>\n\n\t\n\n<\/div>\n","protected":false},"excerpt":{"rendered":"","protected":false},"author":18,"featured_media":0,"parent":0,"menu_order":0,"comment_status":"closed","ping_status":"closed","template":"","meta":{"footnotes":""},"class_list":["post-32261","page","type-page","status-publish","hentry"],"yoast_head":"<!-- This site is optimized with the Yoast SEO plugin v27.4 - https:\/\/yoast.com\/product\/yoast-seo-wordpress\/ -->\n<title>\u00c9tapes \u00e0 suivre pour commander - NaturaPura<\/title>\n<meta name=\"description\" content=\"Dans le menu du haut, parcourez toutes nos cat\u00e9gories de produits (Ensembles de maternit\u00e9, v\u00eatements, cr\u00e8che, jouets\u2026) pour ceux que vous souhaitez acheter.\" \/>\n<meta name=\"robots\" content=\"index, follow, max-snippet:-1, max-image-preview:large, max-video-preview:-1\" \/>\n<link rel=\"canonical\" href=\"https:\/\/naturapura.com\/fr\/etapes-a-suivre-pour-commander\/\" \/>\n<meta property=\"og:locale\" content=\"fr_FR\" \/>\n<meta property=\"og:type\" content=\"article\" \/>\n<meta property=\"og:title\" content=\"\u00c9tapes \u00e0 suivre pour commander - NaturaPura\" \/>\n<meta property=\"og:description\" content=\"Dans le menu du haut, parcourez toutes nos cat\u00e9gories de produits (Ensembles de maternit\u00e9, v\u00eatements, cr\u00e8che, jouets\u2026) pour ceux que vous souhaitez acheter.\" \/>\n<meta property=\"og:url\" content=\"https:\/\/naturapura.com\/fr\/etapes-a-suivre-pour-commander\/\" \/>\n<meta property=\"og:site_name\" content=\"NaturaPura\" \/>\n<meta property=\"article:modified_time\" content=\"2020-11-18T10:51:58+00:00\" \/>\n<meta name=\"twitter:card\" content=\"summary_large_image\" \/>\n<meta name=\"twitter:label1\" content=\"Dur\u00e9e de lecture estim\u00e9e\" \/>\n\t<meta name=\"twitter:data1\" content=\"4 minutes\" \/>\n<script type=\"application\/ld+json\" class=\"yoast-schema-graph\">{\"@context\":\"https:\\\/\\\/schema.org\",\"@graph\":[{\"@type\":\"WebPage\",\"@id\":\"https:\\\/\\\/naturapura.com\\\/fr\\\/etapes-a-suivre-pour-commander\\\/\",\"url\":\"https:\\\/\\\/naturapura.com\\\/fr\\\/etapes-a-suivre-pour-commander\\\/\",\"name\":\"\u00c9tapes \u00e0 suivre pour commander - NaturaPura\",\"isPartOf\":{\"@id\":\"https:\\\/\\\/naturapura.com\\\/fr\\\/#website\"},\"datePublished\":\"2020-07-02T10:50:05+00:00\",\"dateModified\":\"2020-11-18T10:51:58+00:00\",\"description\":\"Dans le menu du haut, parcourez toutes nos cat\u00e9gories de produits (Ensembles de maternit\u00e9, v\u00eatements, cr\u00e8che, jouets\u2026) pour ceux que vous souhaitez acheter.\",\"breadcrumb\":{\"@id\":\"https:\\\/\\\/naturapura.com\\\/fr\\\/etapes-a-suivre-pour-commander\\\/#breadcrumb\"},\"inLanguage\":\"fr-FR\",\"potentialAction\":[{\"@type\":\"ReadAction\",\"target\":[\"https:\\\/\\\/naturapura.com\\\/fr\\\/etapes-a-suivre-pour-commander\\\/\"]}]},{\"@type\":\"BreadcrumbList\",\"@id\":\"https:\\\/\\\/naturapura.com\\\/fr\\\/etapes-a-suivre-pour-commander\\\/#breadcrumb\",\"itemListElement\":[{\"@type\":\"ListItem\",\"position\":1,\"name\":\"In\u00edcio\",\"item\":\"https:\\\/\\\/naturapura.com\\\/fr\\\/\"},{\"@type\":\"ListItem\",\"position\":2,\"name\":\"\u00c9tapes \u00e0 suivre pour commander\"}]},{\"@type\":\"WebSite\",\"@id\":\"https:\\\/\\\/naturapura.com\\\/fr\\\/#website\",\"url\":\"https:\\\/\\\/naturapura.com\\\/fr\\\/\",\"name\":\"NaturaPura\",\"description\":\"Roupinha de Beb\u00e9 e Complementos em Org\u00e2nico\",\"publisher\":{\"@id\":\"https:\\\/\\\/naturapura.com\\\/fr\\\/#organization\"},\"potentialAction\":[{\"@type\":\"SearchAction\",\"target\":{\"@type\":\"EntryPoint\",\"urlTemplate\":\"https:\\\/\\\/naturapura.com\\\/fr\\\/?s={search_term_string}\"},\"query-input\":{\"@type\":\"PropertyValueSpecification\",\"valueRequired\":true,\"valueName\":\"search_term_string\"}}],\"inLanguage\":\"fr-FR\"},{\"@type\":\"Organization\",\"@id\":\"https:\\\/\\\/naturapura.com\\\/fr\\\/#organization\",\"name\":\"NATURAPURA\",\"url\":\"https:\\\/\\\/naturapura.com\\\/fr\\\/\",\"logo\":{\"@type\":\"ImageObject\",\"inLanguage\":\"fr-FR\",\"@id\":\"https:\\\/\\\/naturapura.com\\\/fr\\\/#\\\/schema\\\/logo\\\/image\\\/\",\"url\":\"https:\\\/\\\/i0.wp.com\\\/naturapura.com\\\/wp-content\\\/uploads\\\/2023\\\/09\\\/logo-NP-bebe.png?fit=481%2C101&ssl=1\",\"contentUrl\":\"https:\\\/\\\/i0.wp.com\\\/naturapura.com\\\/wp-content\\\/uploads\\\/2023\\\/09\\\/logo-NP-bebe.png?fit=481%2C101&ssl=1\",\"width\":481,\"height\":101,\"caption\":\"NATURAPURA\"},\"image\":{\"@id\":\"https:\\\/\\\/naturapura.com\\\/fr\\\/#\\\/schema\\\/logo\\\/image\\\/\"}}]}<\/script>\n<!-- \/ Yoast SEO plugin. -->","yoast_head_json":{"title":"\u00c9tapes \u00e0 suivre pour commander - NaturaPura","description":"Dans le menu du haut, parcourez toutes nos cat\u00e9gories de produits (Ensembles de maternit\u00e9, v\u00eatements, cr\u00e8che, jouets\u2026) pour ceux que vous souhaitez acheter.","robots":{"index":"index","follow":"follow","max-snippet":"max-snippet:-1","max-image-preview":"max-image-preview:large","max-video-preview":"max-video-preview:-1"},"canonical":"https:\/\/naturapura.com\/fr\/etapes-a-suivre-pour-commander\/","og_locale":"fr_FR","og_type":"article","og_title":"\u00c9tapes \u00e0 suivre pour commander - NaturaPura","og_description":"Dans le menu du haut, parcourez toutes nos cat\u00e9gories de produits (Ensembles de maternit\u00e9, v\u00eatements, cr\u00e8che, jouets\u2026) pour ceux que vous souhaitez acheter.","og_url":"https:\/\/naturapura.com\/fr\/etapes-a-suivre-pour-commander\/","og_site_name":"NaturaPura","article_modified_time":"2020-11-18T10:51:58+00:00","twitter_card":"summary_large_image","twitter_misc":{"Dur\u00e9e de lecture estim\u00e9e":"4 minutes"},"schema":{"@context":"https:\/\/schema.org","@graph":[{"@type":"WebPage","@id":"https:\/\/naturapura.com\/fr\/etapes-a-suivre-pour-commander\/","url":"https:\/\/naturapura.com\/fr\/etapes-a-suivre-pour-commander\/","name":"\u00c9tapes \u00e0 suivre pour commander - NaturaPura","isPartOf":{"@id":"https:\/\/naturapura.com\/fr\/#website"},"datePublished":"2020-07-02T10:50:05+00:00","dateModified":"2020-11-18T10:51:58+00:00","description":"Dans le menu du haut, parcourez toutes nos cat\u00e9gories de produits (Ensembles de maternit\u00e9, v\u00eatements, cr\u00e8che, jouets\u2026) pour ceux que vous souhaitez acheter.","breadcrumb":{"@id":"https:\/\/naturapura.com\/fr\/etapes-a-suivre-pour-commander\/#breadcrumb"},"inLanguage":"fr-FR","potentialAction":[{"@type":"ReadAction","target":["https:\/\/naturapura.com\/fr\/etapes-a-suivre-pour-commander\/"]}]},{"@type":"BreadcrumbList","@id":"https:\/\/naturapura.com\/fr\/etapes-a-suivre-pour-commander\/#breadcrumb","itemListElement":[{"@type":"ListItem","position":1,"name":"In\u00edcio","item":"https:\/\/naturapura.com\/fr\/"},{"@type":"ListItem","position":2,"name":"\u00c9tapes \u00e0 suivre pour commander"}]},{"@type":"WebSite","@id":"https:\/\/naturapura.com\/fr\/#website","url":"https:\/\/naturapura.com\/fr\/","name":"NaturaPura","description":"Roupinha de Beb\u00e9 e Complementos em Org\u00e2nico","publisher":{"@id":"https:\/\/naturapura.com\/fr\/#organization"},"potentialAction":[{"@type":"SearchAction","target":{"@type":"EntryPoint","urlTemplate":"https:\/\/naturapura.com\/fr\/?s={search_term_string}"},"query-input":{"@type":"PropertyValueSpecification","valueRequired":true,"valueName":"search_term_string"}}],"inLanguage":"fr-FR"},{"@type":"Organization","@id":"https:\/\/naturapura.com\/fr\/#organization","name":"NATURAPURA","url":"https:\/\/naturapura.com\/fr\/","logo":{"@type":"ImageObject","inLanguage":"fr-FR","@id":"https:\/\/naturapura.com\/fr\/#\/schema\/logo\/image\/","url":"https:\/\/i0.wp.com\/naturapura.com\/wp-content\/uploads\/2023\/09\/logo-NP-bebe.png?fit=481%2C101&ssl=1","contentUrl":"https:\/\/i0.wp.com\/naturapura.com\/wp-content\/uploads\/2023\/09\/logo-NP-bebe.png?fit=481%2C101&ssl=1","width":481,"height":101,"caption":"NATURAPURA"},"image":{"@id":"https:\/\/naturapura.com\/fr\/#\/schema\/logo\/image\/"}}]}},"jetpack_sharing_enabled":true,"_links":{"self":[{"href":"https:\/\/naturapura.com\/fr\/wp-json\/wp\/v2\/pages\/32261","targetHints":{"allow":["GET"]}}],"collection":[{"href":"https:\/\/naturapura.com\/fr\/wp-json\/wp\/v2\/pages"}],"about":[{"href":"https:\/\/naturapura.com\/fr\/wp-json\/wp\/v2\/types\/page"}],"author":[{"embeddable":true,"href":"https:\/\/naturapura.com\/fr\/wp-json\/wp\/v2\/users\/18"}],"replies":[{"embeddable":true,"href":"https:\/\/naturapura.com\/fr\/wp-json\/wp\/v2\/comments?post=32261"}],"version-history":[{"count":0,"href":"https:\/\/naturapura.com\/fr\/wp-json\/wp\/v2\/pages\/32261\/revisions"}],"wp:attachment":[{"href":"https:\/\/naturapura.com\/fr\/wp-json\/wp\/v2\/media?parent=32261"}],"curies":[{"name":"wp","href":"https:\/\/api.w.org\/{rel}","templated":true}]}}