{"id":32259,"date":"2020-07-02T10:47:38","date_gmt":"2020-07-02T10:47:38","guid":{"rendered":"https:\/\/naturapura.com\/naturapura-babyclub\/"},"modified":"2022-04-14T14:31:21","modified_gmt":"2022-04-14T14:31:21","slug":"naturapura-babyclub","status":"publish","type":"page","link":"https:\/\/naturapura.com\/fr\/naturapura-babyclub\/","title":{"rendered":"NaturaPura BabyClub"},"content":{"rendered":"\n<div class=\"row\"  id=\"row-1406051025\">\n\n\n\t<div id=\"col-1893620711\" class=\"col medium-1 small-12 large-1\"  >\n\t\t\t\t<div class=\"col-inner\"  >\n\t\t\t\n\t\t\t\n\n\n\t\t<\/div>\n\t\t\t\t\t<\/div>\n\n\t\n\n\t<div id=\"col-1949496907\" class=\"col medium-10 small-12 large-10\"  >\n\t\t\t\t<div class=\"col-inner\"  >\n\t\t\t\n\t\t\t\n\n\t<div id=\"text-122708950\" class=\"text\">\n\t\t\n\n<h2 style=\"text-align: center;\"><strong>NaturaPura BabyClub<\/strong><\/h2>\r\n<p style=\"text-align: justify;\">Notre programme de fid\u00e9lit\u00e9\u00a0<strong>NaturaPura Baby Club<\/strong>\u00a0est destin\u00e9 exclusivement aux clients enregistr\u00e9s dans notre boutique en ligne.<\/p>\r\n<p style=\"text-align: justify;\">Ce programme vous permet, en tant que client enregistr\u00e9, de recevoir des points (\u00ab<strong>NPoints<\/strong>\u00bb), \u00e0 raison <strong>d\u2019un point pour chaque EURO (USD\/GBP) d\u2019achat<\/strong>, pour l\u2019achat d\u2019articles qui ne sont pas en promotion. Veuillez noter cependant que les points gagn\u00e9s ne peuvent \u00eatre utilis\u00e9s, sous forme de remise, que lors des achats suivants.<\/p>\r\n<p style=\"text-align: justify;\">Pour chaque achat, nous essaierons de cr\u00e9diter la remise maximale que permettent les points accumul\u00e9s et la valeur de l\u2019achat \u00e0 r\u00e9aliser. La remise minimale est de <strong>10 EURO (USD\/GBP)<\/strong>, correspondant \u00e0 l\u2019utilisation de <strong>200 points<\/strong>. Toutefois, si vous b\u00e9n\u00e9ficiez d\u2019une r\u00e9duction pour l\u2019utilisation de points, il ne sera pas possible de cumuler cette r\u00e9duction avec d\u2019autres activit\u00e9s promotionnelles.<\/p>\r\n<p style=\"text-align: justify;\">Mais, si vous le souhaitez, vous pouvez supprimer la r\u00e9duction en continuant \u00e0 accumuler des points \u00e0 utiliser lors de vos futurs achats. Ainsi, vous pouvez \u00e9galement, avec l\u2019accumulation de 500 points, acqu\u00e9rir n\u2019importe quelle peluche de notre collection. Profitez-en ! Nos jouets en peluche sont uniques, s\u00fbrs, sans produits chimiques, le meilleur pour le b\u00e9b\u00e9 (n\u2019oubliez pas de lire\u00a0<strong><a href=\"https:\/\/naturapura.com\/fr\/notre-coton-biologique-pour-bebe\/\">Notre coton biologique pour b\u00e9b\u00e9<\/a><\/strong>).<\/p>\r\n<p style=\"text-align: justify;\">Alors, si vous le souhaitez, veuillez nous en informer en utilisant l\u2019adresse \u00e9lectronique <a href=\"mailto:customer.service@naturapura.eu\"><strong>customer.service@naturapura.eu<\/strong>.<\/a>\u00a0Nous vous enverrons un bon de r\u00e9duction \u00e0 utiliser, dans notre boutique en ligne, pour l\u2019achat de la peluche qui vous pla\u00eet le plus.<\/p>\r\n<p style=\"text-align: justify;\">N\u2019oubliez pas que les points expirent apr\u00e8s 360 jours \u00e0 compter de la date de votre achat. Ne les laissez pas expirer!<\/p>\r\n<p style=\"text-align: justify;\">Si vous \u00eates situ\u00e9 en dehors de l\u2019Union europ\u00e9enne, les prix seront en dollars am\u00e9ricains, les m\u00eames r\u00e8gles que celles mentionn\u00e9es pour les ventes en euros s\u2019appliquant.<\/p>\n\t\t\n<style>\n#text-122708950 {\n  text-align: center;\n}\n<\/style>\n\t<\/div>\n\t\n\n\t\t<\/div>\n\t\t\t\t\t<\/div>\n\n\t\n\n<\/div>\n\n","protected":false},"excerpt":{"rendered":"","protected":false},"author":18,"featured_media":0,"parent":0,"menu_order":0,"comment_status":"closed","ping_status":"closed","template":"","meta":{"footnotes":""},"class_list":["post-32259","page","type-page","status-publish","hentry"],"yoast_head":"<!-- This site is optimized with the Yoast SEO plugin v27.3 - https:\/\/yoast.com\/product\/yoast-seo-wordpress\/ -->\n<title>NaturaPura BabyClub - NaturaPura<\/title>\n<meta name=\"description\" content=\"Ce programme accorde \u00e0 nos clients enregistr\u00e9s, un point par EURO (USD \/ GBP) d&#039;achats, pour l&#039;achat d&#039;articles qui ne sont pas en solde.\" \/>\n<meta name=\"robots\" content=\"index, follow, max-snippet:-1, max-image-preview:large, max-video-preview:-1\" \/>\n<link rel=\"canonical\" href=\"https:\/\/naturapura.com\/fr\/naturapura-babyclub\/\" \/>\n<meta property=\"og:locale\" content=\"fr_FR\" \/>\n<meta property=\"og:type\" content=\"article\" \/>\n<meta property=\"og:title\" content=\"NaturaPura BabyClub - NaturaPura\" \/>\n<meta property=\"og:description\" content=\"Ce programme accorde \u00e0 nos clients enregistr\u00e9s, un point par EURO (USD \/ GBP) d&#039;achats, pour l&#039;achat d&#039;articles qui ne sont pas en solde.\" \/>\n<meta property=\"og:url\" content=\"https:\/\/naturapura.com\/fr\/naturapura-babyclub\/\" \/>\n<meta property=\"og:site_name\" content=\"NaturaPura\" \/>\n<meta property=\"article:modified_time\" content=\"2022-04-14T14:31:21+00:00\" \/>\n<meta name=\"twitter:card\" content=\"summary_large_image\" \/>\n<meta name=\"twitter:label1\" content=\"Dur\u00e9e de lecture estim\u00e9e\" \/>\n\t<meta name=\"twitter:data1\" content=\"2 minutes\" \/>\n<script type=\"application\/ld+json\" class=\"yoast-schema-graph\">{\"@context\":\"https:\\\/\\\/schema.org\",\"@graph\":[{\"@type\":\"WebPage\",\"@id\":\"https:\\\/\\\/naturapura.com\\\/fr\\\/naturapura-babyclub\\\/\",\"url\":\"https:\\\/\\\/naturapura.com\\\/fr\\\/naturapura-babyclub\\\/\",\"name\":\"NaturaPura BabyClub - NaturaPura\",\"isPartOf\":{\"@id\":\"https:\\\/\\\/naturapura.com\\\/fr\\\/#website\"},\"datePublished\":\"2020-07-02T10:47:38+00:00\",\"dateModified\":\"2022-04-14T14:31:21+00:00\",\"description\":\"Ce programme accorde \u00e0 nos clients enregistr\u00e9s, un point par EURO (USD \\\/ GBP) d'achats, pour l'achat d'articles qui ne sont pas en solde.\",\"breadcrumb\":{\"@id\":\"https:\\\/\\\/naturapura.com\\\/fr\\\/naturapura-babyclub\\\/#breadcrumb\"},\"inLanguage\":\"fr-FR\",\"potentialAction\":[{\"@type\":\"ReadAction\",\"target\":[\"https:\\\/\\\/naturapura.com\\\/fr\\\/naturapura-babyclub\\\/\"]}]},{\"@type\":\"BreadcrumbList\",\"@id\":\"https:\\\/\\\/naturapura.com\\\/fr\\\/naturapura-babyclub\\\/#breadcrumb\",\"itemListElement\":[{\"@type\":\"ListItem\",\"position\":1,\"name\":\"In\u00edcio\",\"item\":\"https:\\\/\\\/naturapura.com\\\/fr\\\/\"},{\"@type\":\"ListItem\",\"position\":2,\"name\":\"NaturaPura BabyClub\"}]},{\"@type\":\"WebSite\",\"@id\":\"https:\\\/\\\/naturapura.com\\\/fr\\\/#website\",\"url\":\"https:\\\/\\\/naturapura.com\\\/fr\\\/\",\"name\":\"NaturaPura\",\"description\":\"Roupinha de Beb\u00e9 e Complementos em Org\u00e2nico\",\"publisher\":{\"@id\":\"https:\\\/\\\/naturapura.com\\\/fr\\\/#organization\"},\"potentialAction\":[{\"@type\":\"SearchAction\",\"target\":{\"@type\":\"EntryPoint\",\"urlTemplate\":\"https:\\\/\\\/naturapura.com\\\/fr\\\/?s={search_term_string}\"},\"query-input\":{\"@type\":\"PropertyValueSpecification\",\"valueRequired\":true,\"valueName\":\"search_term_string\"}}],\"inLanguage\":\"fr-FR\"},{\"@type\":\"Organization\",\"@id\":\"https:\\\/\\\/naturapura.com\\\/fr\\\/#organization\",\"name\":\"NATURAPURA\",\"url\":\"https:\\\/\\\/naturapura.com\\\/fr\\\/\",\"logo\":{\"@type\":\"ImageObject\",\"inLanguage\":\"fr-FR\",\"@id\":\"https:\\\/\\\/naturapura.com\\\/fr\\\/#\\\/schema\\\/logo\\\/image\\\/\",\"url\":\"https:\\\/\\\/i0.wp.com\\\/naturapura.com\\\/wp-content\\\/uploads\\\/2023\\\/09\\\/logo-NP-bebe.png?fit=481%2C101&ssl=1\",\"contentUrl\":\"https:\\\/\\\/i0.wp.com\\\/naturapura.com\\\/wp-content\\\/uploads\\\/2023\\\/09\\\/logo-NP-bebe.png?fit=481%2C101&ssl=1\",\"width\":481,\"height\":101,\"caption\":\"NATURAPURA\"},\"image\":{\"@id\":\"https:\\\/\\\/naturapura.com\\\/fr\\\/#\\\/schema\\\/logo\\\/image\\\/\"}}]}<\/script>\n<!-- \/ Yoast SEO plugin. -->","yoast_head_json":{"title":"NaturaPura BabyClub - NaturaPura","description":"Ce programme accorde \u00e0 nos clients enregistr\u00e9s, un point par EURO (USD \/ GBP) d'achats, pour l'achat d'articles qui ne sont pas en solde.","robots":{"index":"index","follow":"follow","max-snippet":"max-snippet:-1","max-image-preview":"max-image-preview:large","max-video-preview":"max-video-preview:-1"},"canonical":"https:\/\/naturapura.com\/fr\/naturapura-babyclub\/","og_locale":"fr_FR","og_type":"article","og_title":"NaturaPura BabyClub - NaturaPura","og_description":"Ce programme accorde \u00e0 nos clients enregistr\u00e9s, un point par EURO (USD \/ GBP) d'achats, pour l'achat d'articles qui ne sont pas en solde.","og_url":"https:\/\/naturapura.com\/fr\/naturapura-babyclub\/","og_site_name":"NaturaPura","article_modified_time":"2022-04-14T14:31:21+00:00","twitter_card":"summary_large_image","twitter_misc":{"Dur\u00e9e de lecture estim\u00e9e":"2 minutes"},"schema":{"@context":"https:\/\/schema.org","@graph":[{"@type":"WebPage","@id":"https:\/\/naturapura.com\/fr\/naturapura-babyclub\/","url":"https:\/\/naturapura.com\/fr\/naturapura-babyclub\/","name":"NaturaPura BabyClub - NaturaPura","isPartOf":{"@id":"https:\/\/naturapura.com\/fr\/#website"},"datePublished":"2020-07-02T10:47:38+00:00","dateModified":"2022-04-14T14:31:21+00:00","description":"Ce programme accorde \u00e0 nos clients enregistr\u00e9s, un point par EURO (USD \/ GBP) d'achats, pour l'achat d'articles qui ne sont pas en solde.","breadcrumb":{"@id":"https:\/\/naturapura.com\/fr\/naturapura-babyclub\/#breadcrumb"},"inLanguage":"fr-FR","potentialAction":[{"@type":"ReadAction","target":["https:\/\/naturapura.com\/fr\/naturapura-babyclub\/"]}]},{"@type":"BreadcrumbList","@id":"https:\/\/naturapura.com\/fr\/naturapura-babyclub\/#breadcrumb","itemListElement":[{"@type":"ListItem","position":1,"name":"In\u00edcio","item":"https:\/\/naturapura.com\/fr\/"},{"@type":"ListItem","position":2,"name":"NaturaPura BabyClub"}]},{"@type":"WebSite","@id":"https:\/\/naturapura.com\/fr\/#website","url":"https:\/\/naturapura.com\/fr\/","name":"NaturaPura","description":"Roupinha de Beb\u00e9 e Complementos em Org\u00e2nico","publisher":{"@id":"https:\/\/naturapura.com\/fr\/#organization"},"potentialAction":[{"@type":"SearchAction","target":{"@type":"EntryPoint","urlTemplate":"https:\/\/naturapura.com\/fr\/?s={search_term_string}"},"query-input":{"@type":"PropertyValueSpecification","valueRequired":true,"valueName":"search_term_string"}}],"inLanguage":"fr-FR"},{"@type":"Organization","@id":"https:\/\/naturapura.com\/fr\/#organization","name":"NATURAPURA","url":"https:\/\/naturapura.com\/fr\/","logo":{"@type":"ImageObject","inLanguage":"fr-FR","@id":"https:\/\/naturapura.com\/fr\/#\/schema\/logo\/image\/","url":"https:\/\/i0.wp.com\/naturapura.com\/wp-content\/uploads\/2023\/09\/logo-NP-bebe.png?fit=481%2C101&ssl=1","contentUrl":"https:\/\/i0.wp.com\/naturapura.com\/wp-content\/uploads\/2023\/09\/logo-NP-bebe.png?fit=481%2C101&ssl=1","width":481,"height":101,"caption":"NATURAPURA"},"image":{"@id":"https:\/\/naturapura.com\/fr\/#\/schema\/logo\/image\/"}}]}},"jetpack_sharing_enabled":true,"_links":{"self":[{"href":"https:\/\/naturapura.com\/fr\/wp-json\/wp\/v2\/pages\/32259","targetHints":{"allow":["GET"]}}],"collection":[{"href":"https:\/\/naturapura.com\/fr\/wp-json\/wp\/v2\/pages"}],"about":[{"href":"https:\/\/naturapura.com\/fr\/wp-json\/wp\/v2\/types\/page"}],"author":[{"embeddable":true,"href":"https:\/\/naturapura.com\/fr\/wp-json\/wp\/v2\/users\/18"}],"replies":[{"embeddable":true,"href":"https:\/\/naturapura.com\/fr\/wp-json\/wp\/v2\/comments?post=32259"}],"version-history":[{"count":0,"href":"https:\/\/naturapura.com\/fr\/wp-json\/wp\/v2\/pages\/32259\/revisions"}],"wp:attachment":[{"href":"https:\/\/naturapura.com\/fr\/wp-json\/wp\/v2\/media?parent=32259"}],"curies":[{"name":"wp","href":"https:\/\/api.w.org\/{rel}","templated":true}]}}