{"id":32257,"date":"2020-07-02T10:46:11","date_gmt":"2020-07-02T10:46:11","guid":{"rendered":"https:\/\/naturapura.com\/notre-coton-biologique-pour-bebe\/"},"modified":"2021-12-23T10:51:26","modified_gmt":"2021-12-23T10:51:26","slug":"notre-coton-biologique-pour-bebe","status":"publish","type":"page","link":"https:\/\/naturapura.com\/fr\/notre-coton-biologique-pour-bebe\/","title":{"rendered":"Notre coton organique"},"content":{"rendered":"\n<div class=\"row\"  id=\"row-1446413382\">\n\n\n\t<div id=\"col-1306407880\" class=\"col medium-1 small-12 large-1\"  >\n\t\t\t\t<div class=\"col-inner\"  >\n\t\t\t\n\t\t\t\n\n\n\t\t<\/div>\n\t\t\t\t\t<\/div>\n\n\t\n\n\t<div id=\"col-114890817\" class=\"col medium-10 small-12 large-10\"  >\n\t\t\t\t<div class=\"col-inner\"  >\n\t\t\t\n\t\t\t<h1><strong>5 Raisons de Choisir le Coton Biologique NaturaPura<\/strong><\/h1>\r\n<p style=\"text-align: justify;\"><strong>Le coton biologique<\/strong>, dans ses <strong>couleurs naturelles, sans produits chimiques,<\/strong> est la mati\u00e8re premi\u00e8re choisie par <strong>NaturaPura,<\/strong> une marque de produits \u00e9cologiques, pour d\u00e9velopper des <strong>v\u00eatements pour b\u00e9b\u00e9s<\/strong> et leurs compl\u00e9ments. Citons par exemple nos <strong>bodies<\/strong> et nos <strong>dors-biens<\/strong>, id\u00e9aux pour la <strong>peau sensible des b\u00e9b\u00e9s<\/strong>, et nos <strong>peluches, non toxiques,<\/strong> s\u00fbres, que le b\u00e9b\u00e9 peut porter \u00e0 sa bouche, sans probl\u00e8me, et avec lesquelles il peut dormir.<\/p>\r\n<img data-recalc-dims=\"1\" decoding=\"async\" class=\"wp-image-19849 aligncenter\" src=\"https:\/\/i0.wp.com\/naturapura.com\/wp-content\/uploads\/2020\/01\/Organic-Cotton.jpg?resize=246%2C191&#038;ssl=1\" alt=\"\" width=\"246\" height=\"191\" srcset=\"https:\/\/i0.wp.com\/naturapura.com\/wp-content\/uploads\/2020\/01\/Organic-Cotton.jpg?resize=300%2C233&amp;ssl=1 300w, https:\/\/i0.wp.com\/naturapura.com\/wp-content\/uploads\/2020\/01\/Organic-Cotton.jpg?resize=510%2C396&amp;ssl=1 510w, https:\/\/i0.wp.com\/naturapura.com\/wp-content\/uploads\/2020\/01\/Organic-Cotton.jpg?w=526&amp;ssl=1 526w\" sizes=\"(max-width: 246px) 100vw, 246px\" \/>\r\n<p style=\"text-align: center;\">Les couleurs naturelles de notre coton biologique.<\/p>\r\n<p style=\"text-align: justify;\"><strong>Nous avons commenc\u00e9<\/strong> notre aventure en <strong>1999,<\/strong> avec l&#8217;objectif de d\u00e9velopper des <strong>v\u00eatements de b\u00e9b\u00e9 sains, confortables<\/strong> et <strong>pratiques<\/strong>. Notre exp\u00e9rience de p\u00e8res et de m\u00e8res nous a inspir\u00e9s lors de la cr\u00e9ation de chaque article de nos collections, en tenant compte:<\/p>\r\n\r\n<ol style=\"text-align: justify;\">\r\n \t<li><strong>De la peau du b\u00e9b\u00e9<\/strong>, tr\u00e8s <strong>sensible,<\/strong> facilement irritable, sujette \u00e0 des r\u00e9actions allergiques, avec la dermatite atopique, qui touchent aujourd&#8217;hui entre 10 et 20 % des enfants dans le monde occidental;<\/li>\r\n \t<li><strong>De la bouche<\/strong> du b\u00e9b\u00e9<strong> et de sa sant\u00e9 \u00e0<\/strong> long terme, car il porte tout \u00e0 sa bouche et des produits chimiques nocifs, tels que les m\u00e9taux lourds, peuvent nuire consid\u00e9rablement \u00e0 sa sant\u00e9;<\/li>\r\n \t<li>Du <strong>confort du b\u00e9b\u00e9<\/strong>, sachant qu&#8217;il passe beaucoup de temps allong\u00e9;<\/li>\r\n \t<li><strong>Du coton biologique<\/strong> et de ses caract\u00e9ristiques en tant que mati\u00e8re premi\u00e8re;<\/li>\r\n \t<li><strong>De notre plan\u00e8te<\/strong>, car \u00abil n&#8217;y a pas de plan\u00e8te B !\u00bb.<\/li>\r\n<\/ol>\r\n<p style=\"text-align: justify;\">Nous avons choisi d&#8217;utiliser uniquement l&#8217;<strong>ultra naturel<\/strong>, <strong>sans produits chimiques,<\/strong> qui r\u00e9sulte du <strong>coton biologique,<\/strong> dans ses couleurs naturelles, <strong>sans aucun colorant<\/strong>!<\/p>\r\n<p style=\"text-align: justify;\">Aujourd&#8217;hui, nous proposons une grande vari\u00e9t\u00e9 de <strong>v\u00eatements<\/strong> et d&#8217;accessoires pour <strong>b\u00e9b\u00e9s,<\/strong> aussi bien pour les <strong>pr\u00e9matur\u00e9s que pour les <\/strong>b\u00e9b\u00e9s plus \u00e2g\u00e9s, con\u00e7us avec un design soign\u00e9, am\u00e9lior\u00e9 avec beaucoup de tendresse.<\/p>\r\n\r\n<h2><strong>La Garantie de qualit\u00e9<\/strong><\/h2>\r\n<p style=\"text-align: justify;\">Nos produits sont fabriqu\u00e9s au Portugal et, en tant que <a href=\"http:\/\/ec.europa.eu\/ecat\/products\/en\/21992\/naturapura-iberica---prod\">label de<\/a><strong> garantie de qualit\u00e9<\/strong>, <strong>NaturaPura <\/strong>est certifi\u00e9e par le<a href=\"http:\/\/ec.europa.eu\/ecat\/products\/en\/21992\/naturapura-iberica---prod\"> label \u00e9cologique europ\u00e9en<\/a><strong> (<\/strong><a href=\"https:\/\/naturapura.com\/fr\/ecolabel-europeen-et-tests-dermatologiques\/\">\u00c9coLabel<\/a><strong>)<\/strong>, d\u00e9tenu par tr\u00e8s peu d&#8217;entreprises, en raison des crit\u00e8res utilis\u00e9s, tr\u00e8s stricts et rigoureux.<\/p>\r\n<p style=\"text-align: justify;\">Parce que la priorit\u00e9 de <strong>NaturaPura<\/strong> est le <strong>bien-\u00eatre<\/strong>, le<strong> confort <\/strong>et la <strong>sant\u00e9 de <\/strong>nos<strong> b\u00e9b\u00e9s, <\/strong>nos produits sont <a href=\"https:\/\/naturapura.com\/fr\/ecolabel-europeen-et-tests-dermatologiques\/\">test\u00e9s dermatologiquement<\/a><strong>.<\/strong><\/p>\r\n<p style=\"text-align: justify;\">\u00c0 titre indicatif, nous vous rappelons qu&#8217;\u00e0 sa naissance, le b\u00e9b\u00e9 a un derme 40 \u00e0 60 % moins \u00e9pais que celui de l&#8217;adulte. Cela le rend tr\u00e8s sensible, facilitant l&#8217;absorption de substances et la possibilit\u00e9 d&#8217;irritation. D&#8217;autre part, les b\u00e9b\u00e9s n&#8217;ont pas encore de barri\u00e8re protectrice ni de glandes sudoripares d\u00e9velopp\u00e9es. Ainsi, les irritations de la peau et les allergies cutan\u00e9es sont tr\u00e8s courantes, le plus souvent caus\u00e9es par le type de tissus utilis\u00e9s dans les v\u00eatements pour b\u00e9b\u00e9, les produits d&#8217;hygi\u00e8ne et parfois par certains produits alimentaires.<\/p>\r\n<p style=\"text-align: justify;\">De notre c\u00f4t\u00e9, nous <strong>garantissons<\/strong> que les <strong>produits NaturaPura ne cr\u00e9ent pas d&#8217;irritation de la peau de votre b\u00e9b\u00e9<\/strong> et conviennent donc aux peaux<strong> sensibles<\/strong>, allergiques et atopiques.<\/p>\r\n\r\n<h2><strong>Nos V\u00eatements<\/strong><\/h2>\r\n<ul style=\"text-align: justify;\">\r\n \t<li><strong>Coton 100% biologique<\/strong> dans ses <strong>couleurs naturelles<\/strong> &#8211; <strong>\u00e9cru<\/strong>, <strong>vert<\/strong> et <strong>brun;<\/strong><\/li>\r\n \t<li>Sans colorants;<\/li>\r\n \t<li><strong>Sans produits chimiques;<\/strong><\/li>\r\n \t<li>Cousus uniquement avec du <strong>fil 100 % coton<\/strong>, afin de ne pas irriter la peau de votre b\u00e9b\u00e9;<\/li>\r\n \t<li><strong>Pantalon<\/strong> pour nouveau-n\u00e9 <strong>sans \u00e9lastiques<\/strong> (pour ne pas causer d&#8217;inconfort dans la zone du cordon ombilical);<\/li>\r\n \t<li><strong>\u00c9tiquettes<\/strong> plac\u00e9es sur l&#8217;<strong>ext\u00e9rieur des<\/strong> v\u00eatements pour ne pas gratter;<\/li>\r\n \t<li><strong>Bodies pour<\/strong> nouveau-n\u00e9s avec <strong>ouverture frontale;<\/strong><\/li>\r\n \t<li>Articles adapt\u00e9s \u00e0 l&#8217;\u00e2ge et <strong>faciles <\/strong>\u00e0<strong> mettre;<\/strong><\/li>\r\n \t<li><strong>Beaucoup<\/strong> de nos articles <strong>n&#8217;ont pas de coutures<\/strong>;<\/li>\r\n \t<li><a href=\"https:\/\/naturapura.com\/fr\/ecolabel-europeen-et-tests-dermatologiques\/\"><strong>Test\u00e9s dermatologiquement<\/strong><\/a> &#8211; Indiqu\u00e9 pour les <strong>peaux sensibles,<\/strong> avec des allergies, des dermatoses, des ecz\u00e9mas et pour les peaux atopiques.<\/li>\r\n<\/ul>\r\n<h2><strong>Les Peluches NaturaPura<\/strong><\/h2>\r\n<p style=\"text-align: justify;\"><strong>Que va faire votre b\u00e9b\u00e9 lorsqu&#8217;il prendra un jouet pour la premi\u00e8re fois?<\/strong><\/p>\r\n<p style=\"text-align: justify;\">Il va le <strong>porter \u00e0 la<\/strong> <strong>bouche<\/strong>!<\/p>\r\n<p style=\"text-align: justify;\">Nous le savons ! C&#8217;est pourquoi nos jouets <strong>ne<\/strong> sont <strong>pas toxiques<\/strong> ! Ce sont des peluches en <strong>coton biologique non color\u00e9, aux<\/strong> couleurs naturelles, con\u00e7ues et <a href=\"https:\/\/naturapura.com\/fr\/ecolabel-europeen-et-tests-dermatologiques\/\"><strong>test\u00e9es<\/strong><\/a> avec soin pour garantir qu&#8217;ils sont <a href=\"https:\/\/naturapura.com\/fr\/ecolabel-europeen-et-tests-dermatologiques\/\"><strong>s\u00fbrs \u00e0 100 % pour<\/strong><\/a> votre <strong>b\u00e9b\u00e9, qu&#8217;il les porte \u00e0 la bouche<\/strong> ou qu&#8217;il <strong>dorme avec. Ils font partie<\/strong> des seuls jouets sur le march\u00e9 avec lequel vous n&#8217;avez pas \u00e0 vous soucier de laisser votre b\u00e9b\u00e9 <strong>jouer<\/strong>! Ils n&#8217;<strong>ont ni produits chimiques <\/strong>ni<strong> pigments<\/strong>!<\/p>\r\n\r\n<h2><strong>Le Coton biologique non teint et la Durabilit\u00e9 environnementale<\/strong><\/h2>\r\n<p style=\"text-align: justify;\">Notre objectif va bien au-del\u00e0 des soins \u00e0 apporter \u00e0 nos b\u00e9b\u00e9s. Nous prenons tr\u00e8s au s\u00e9rieux la <a href=\"http:\/\/www.fabricoftheworld.com\/fabric-dyeing-death-water-bodies-hazardous-effects-of-textile-dyes\/\"><strong>protection de l&#8217;environnement<\/strong><\/a> et la <strong>durabilit\u00e9 et<\/strong> travaillons pour cr\u00e9er une <strong>plan\u00e8te meilleure et<\/strong> plus saine pour les g\u00e9n\u00e9rations futures, pour l&#8217;avenir de nos b\u00e9b\u00e9s.<\/p>\r\n<p style=\"text-align: justify;\">Nous insistons donc pour que notre <strong>processus de production <\/strong>soit <strong>certifi\u00e9 \u00e9cologique <\/strong>et que le <strong>coton<\/strong> utilis\u00e9 dans nos produits ne soit pas influenc\u00e9 par des produits <strong>chimiques<\/strong> nocifs pour l&#8217;environnement, de la culture \u00e0 la r\u00e9colte, en passant par la confection.<\/p>\r\n<p style=\"text-align: justify;\">Il est \u00e0 noter que par rapport \u00e0 un produit en coton conventionnel et teint, un produit <strong>NaturaPura<\/strong> permet d&#8217;<strong>\u00e9conomiser en<\/strong> moyenne:<\/p>\r\n\r\n<ul style=\"text-align: justify;\">\r\n \t<li><strong>60%<\/strong> de la consommation d&#8217;<strong>eau<\/strong>;<\/li>\r\n \t<li><strong>30%<\/strong> de la consommation d&#8217;<strong>\u00e9nergie<\/strong>.<\/li>\r\n<\/ul>\r\n<p style=\"text-align: justify;\">Saviez-vous qu&#8217;environ <strong>25%<\/strong> des <strong>pesticides dans le<\/strong> monde sont <strong>utilis\u00e9s dans la<\/strong> culture<strong> du coton<\/strong> <strong>conventionnel<\/strong>?<\/p>\r\nLe coton <strong>NaturaPura<\/strong> n&#8217;<strong>utilise ni pesticides <\/strong>ni <strong>herbicides <\/strong>et<strong> NaturaPura n&#8217;utilise pas de produits chimiques dans <\/strong>le processus, car elle ne teint pas ses produits (elle utilise les <strong>couleurs naturelles <\/strong>du<strong> coton<\/strong>)<strong>.<\/strong>\t\t<\/div>\n\t\t\t\t\t<\/div>\n\n\t\n\n<\/div>\n\n","protected":false},"excerpt":{"rendered":"","protected":false},"author":18,"featured_media":0,"parent":0,"menu_order":0,"comment_status":"closed","ping_status":"closed","template":"","meta":{"footnotes":""},"class_list":["post-32257","page","type-page","status-publish","hentry"],"yoast_head":"<!-- This site is optimized with the Yoast SEO plugin v27.3 - https:\/\/yoast.com\/product\/yoast-seo-wordpress\/ -->\n<title>Notre coton organique - NaturaPura<\/title>\n<meta name=\"description\" content=\"Le coton biologique, dans ses couleurs naturelles, sans produits chimiques, le meilleur pour la sant\u00e9 des b\u00e9b\u00e9s, est la mati\u00e8re premi\u00e8re choisie par NaturaPura.\" \/>\n<meta name=\"robots\" content=\"index, follow, max-snippet:-1, max-image-preview:large, max-video-preview:-1\" \/>\n<link rel=\"canonical\" href=\"https:\/\/naturapura.com\/fr\/notre-coton-biologique-pour-bebe\/\" \/>\n<meta property=\"og:locale\" content=\"fr_FR\" \/>\n<meta property=\"og:type\" content=\"article\" \/>\n<meta property=\"og:title\" content=\"Notre coton organique - NaturaPura\" \/>\n<meta property=\"og:description\" content=\"Le coton biologique, dans ses couleurs naturelles, sans produits chimiques, le meilleur pour la sant\u00e9 des b\u00e9b\u00e9s, est la mati\u00e8re premi\u00e8re choisie par NaturaPura.\" \/>\n<meta property=\"og:url\" content=\"https:\/\/naturapura.com\/fr\/notre-coton-biologique-pour-bebe\/\" \/>\n<meta property=\"og:site_name\" content=\"NaturaPura\" \/>\n<meta property=\"article:modified_time\" content=\"2021-12-23T10:51:26+00:00\" \/>\n<meta property=\"og:image\" content=\"https:\/\/naturapura.com\/wp-content\/uploads\/2020\/01\/Organic-Cotton-300x233.jpg\" \/>\n<meta name=\"twitter:card\" content=\"summary_large_image\" \/>\n<meta name=\"twitter:label1\" content=\"Dur\u00e9e de lecture estim\u00e9e\" \/>\n\t<meta name=\"twitter:data1\" content=\"5 minutes\" \/>\n<script type=\"application\/ld+json\" class=\"yoast-schema-graph\">{\"@context\":\"https:\\\/\\\/schema.org\",\"@graph\":[{\"@type\":\"WebPage\",\"@id\":\"https:\\\/\\\/naturapura.com\\\/fr\\\/notre-coton-biologique-pour-bebe\\\/\",\"url\":\"https:\\\/\\\/naturapura.com\\\/fr\\\/notre-coton-biologique-pour-bebe\\\/\",\"name\":\"Notre coton organique - NaturaPura\",\"isPartOf\":{\"@id\":\"https:\\\/\\\/naturapura.com\\\/fr\\\/#website\"},\"primaryImageOfPage\":{\"@id\":\"https:\\\/\\\/naturapura.com\\\/fr\\\/notre-coton-biologique-pour-bebe\\\/#primaryimage\"},\"image\":{\"@id\":\"https:\\\/\\\/naturapura.com\\\/fr\\\/notre-coton-biologique-pour-bebe\\\/#primaryimage\"},\"thumbnailUrl\":\"https:\\\/\\\/naturapura.com\\\/wp-content\\\/uploads\\\/2020\\\/01\\\/Organic-Cotton-300x233.jpg\",\"datePublished\":\"2020-07-02T10:46:11+00:00\",\"dateModified\":\"2021-12-23T10:51:26+00:00\",\"description\":\"Le coton biologique, dans ses couleurs naturelles, sans produits chimiques, le meilleur pour la sant\u00e9 des b\u00e9b\u00e9s, est la mati\u00e8re premi\u00e8re choisie par NaturaPura.\",\"breadcrumb\":{\"@id\":\"https:\\\/\\\/naturapura.com\\\/fr\\\/notre-coton-biologique-pour-bebe\\\/#breadcrumb\"},\"inLanguage\":\"fr-FR\",\"potentialAction\":[{\"@type\":\"ReadAction\",\"target\":[\"https:\\\/\\\/naturapura.com\\\/fr\\\/notre-coton-biologique-pour-bebe\\\/\"]}]},{\"@type\":\"ImageObject\",\"inLanguage\":\"fr-FR\",\"@id\":\"https:\\\/\\\/naturapura.com\\\/fr\\\/notre-coton-biologique-pour-bebe\\\/#primaryimage\",\"url\":\"https:\\\/\\\/naturapura.com\\\/wp-content\\\/uploads\\\/2020\\\/01\\\/Organic-Cotton-300x233.jpg\",\"contentUrl\":\"https:\\\/\\\/naturapura.com\\\/wp-content\\\/uploads\\\/2020\\\/01\\\/Organic-Cotton-300x233.jpg\"},{\"@type\":\"BreadcrumbList\",\"@id\":\"https:\\\/\\\/naturapura.com\\\/fr\\\/notre-coton-biologique-pour-bebe\\\/#breadcrumb\",\"itemListElement\":[{\"@type\":\"ListItem\",\"position\":1,\"name\":\"In\u00edcio\",\"item\":\"https:\\\/\\\/naturapura.com\\\/fr\\\/\"},{\"@type\":\"ListItem\",\"position\":2,\"name\":\"Notre coton organique\"}]},{\"@type\":\"WebSite\",\"@id\":\"https:\\\/\\\/naturapura.com\\\/fr\\\/#website\",\"url\":\"https:\\\/\\\/naturapura.com\\\/fr\\\/\",\"name\":\"NaturaPura\",\"description\":\"Roupinha de Beb\u00e9 e Complementos em Org\u00e2nico\",\"publisher\":{\"@id\":\"https:\\\/\\\/naturapura.com\\\/fr\\\/#organization\"},\"potentialAction\":[{\"@type\":\"SearchAction\",\"target\":{\"@type\":\"EntryPoint\",\"urlTemplate\":\"https:\\\/\\\/naturapura.com\\\/fr\\\/?s={search_term_string}\"},\"query-input\":{\"@type\":\"PropertyValueSpecification\",\"valueRequired\":true,\"valueName\":\"search_term_string\"}}],\"inLanguage\":\"fr-FR\"},{\"@type\":\"Organization\",\"@id\":\"https:\\\/\\\/naturapura.com\\\/fr\\\/#organization\",\"name\":\"NATURAPURA\",\"url\":\"https:\\\/\\\/naturapura.com\\\/fr\\\/\",\"logo\":{\"@type\":\"ImageObject\",\"inLanguage\":\"fr-FR\",\"@id\":\"https:\\\/\\\/naturapura.com\\\/fr\\\/#\\\/schema\\\/logo\\\/image\\\/\",\"url\":\"https:\\\/\\\/i0.wp.com\\\/naturapura.com\\\/wp-content\\\/uploads\\\/2023\\\/09\\\/logo-NP-bebe.png?fit=481%2C101&ssl=1\",\"contentUrl\":\"https:\\\/\\\/i0.wp.com\\\/naturapura.com\\\/wp-content\\\/uploads\\\/2023\\\/09\\\/logo-NP-bebe.png?fit=481%2C101&ssl=1\",\"width\":481,\"height\":101,\"caption\":\"NATURAPURA\"},\"image\":{\"@id\":\"https:\\\/\\\/naturapura.com\\\/fr\\\/#\\\/schema\\\/logo\\\/image\\\/\"}}]}<\/script>\n<!-- \/ Yoast SEO plugin. -->","yoast_head_json":{"title":"Notre coton organique - NaturaPura","description":"Le coton biologique, dans ses couleurs naturelles, sans produits chimiques, le meilleur pour la sant\u00e9 des b\u00e9b\u00e9s, est la mati\u00e8re premi\u00e8re choisie par NaturaPura.","robots":{"index":"index","follow":"follow","max-snippet":"max-snippet:-1","max-image-preview":"max-image-preview:large","max-video-preview":"max-video-preview:-1"},"canonical":"https:\/\/naturapura.com\/fr\/notre-coton-biologique-pour-bebe\/","og_locale":"fr_FR","og_type":"article","og_title":"Notre coton organique - NaturaPura","og_description":"Le coton biologique, dans ses couleurs naturelles, sans produits chimiques, le meilleur pour la sant\u00e9 des b\u00e9b\u00e9s, est la mati\u00e8re premi\u00e8re choisie par NaturaPura.","og_url":"https:\/\/naturapura.com\/fr\/notre-coton-biologique-pour-bebe\/","og_site_name":"NaturaPura","article_modified_time":"2021-12-23T10:51:26+00:00","og_image":[{"url":"https:\/\/naturapura.com\/wp-content\/uploads\/2020\/01\/Organic-Cotton-300x233.jpg","type":"","width":"","height":""}],"twitter_card":"summary_large_image","twitter_misc":{"Dur\u00e9e de lecture estim\u00e9e":"5 minutes"},"schema":{"@context":"https:\/\/schema.org","@graph":[{"@type":"WebPage","@id":"https:\/\/naturapura.com\/fr\/notre-coton-biologique-pour-bebe\/","url":"https:\/\/naturapura.com\/fr\/notre-coton-biologique-pour-bebe\/","name":"Notre coton organique - NaturaPura","isPartOf":{"@id":"https:\/\/naturapura.com\/fr\/#website"},"primaryImageOfPage":{"@id":"https:\/\/naturapura.com\/fr\/notre-coton-biologique-pour-bebe\/#primaryimage"},"image":{"@id":"https:\/\/naturapura.com\/fr\/notre-coton-biologique-pour-bebe\/#primaryimage"},"thumbnailUrl":"https:\/\/naturapura.com\/wp-content\/uploads\/2020\/01\/Organic-Cotton-300x233.jpg","datePublished":"2020-07-02T10:46:11+00:00","dateModified":"2021-12-23T10:51:26+00:00","description":"Le coton biologique, dans ses couleurs naturelles, sans produits chimiques, le meilleur pour la sant\u00e9 des b\u00e9b\u00e9s, est la mati\u00e8re premi\u00e8re choisie par NaturaPura.","breadcrumb":{"@id":"https:\/\/naturapura.com\/fr\/notre-coton-biologique-pour-bebe\/#breadcrumb"},"inLanguage":"fr-FR","potentialAction":[{"@type":"ReadAction","target":["https:\/\/naturapura.com\/fr\/notre-coton-biologique-pour-bebe\/"]}]},{"@type":"ImageObject","inLanguage":"fr-FR","@id":"https:\/\/naturapura.com\/fr\/notre-coton-biologique-pour-bebe\/#primaryimage","url":"https:\/\/naturapura.com\/wp-content\/uploads\/2020\/01\/Organic-Cotton-300x233.jpg","contentUrl":"https:\/\/naturapura.com\/wp-content\/uploads\/2020\/01\/Organic-Cotton-300x233.jpg"},{"@type":"BreadcrumbList","@id":"https:\/\/naturapura.com\/fr\/notre-coton-biologique-pour-bebe\/#breadcrumb","itemListElement":[{"@type":"ListItem","position":1,"name":"In\u00edcio","item":"https:\/\/naturapura.com\/fr\/"},{"@type":"ListItem","position":2,"name":"Notre coton organique"}]},{"@type":"WebSite","@id":"https:\/\/naturapura.com\/fr\/#website","url":"https:\/\/naturapura.com\/fr\/","name":"NaturaPura","description":"Roupinha de Beb\u00e9 e Complementos em Org\u00e2nico","publisher":{"@id":"https:\/\/naturapura.com\/fr\/#organization"},"potentialAction":[{"@type":"SearchAction","target":{"@type":"EntryPoint","urlTemplate":"https:\/\/naturapura.com\/fr\/?s={search_term_string}"},"query-input":{"@type":"PropertyValueSpecification","valueRequired":true,"valueName":"search_term_string"}}],"inLanguage":"fr-FR"},{"@type":"Organization","@id":"https:\/\/naturapura.com\/fr\/#organization","name":"NATURAPURA","url":"https:\/\/naturapura.com\/fr\/","logo":{"@type":"ImageObject","inLanguage":"fr-FR","@id":"https:\/\/naturapura.com\/fr\/#\/schema\/logo\/image\/","url":"https:\/\/i0.wp.com\/naturapura.com\/wp-content\/uploads\/2023\/09\/logo-NP-bebe.png?fit=481%2C101&ssl=1","contentUrl":"https:\/\/i0.wp.com\/naturapura.com\/wp-content\/uploads\/2023\/09\/logo-NP-bebe.png?fit=481%2C101&ssl=1","width":481,"height":101,"caption":"NATURAPURA"},"image":{"@id":"https:\/\/naturapura.com\/fr\/#\/schema\/logo\/image\/"}}]}},"jetpack_sharing_enabled":true,"_links":{"self":[{"href":"https:\/\/naturapura.com\/fr\/wp-json\/wp\/v2\/pages\/32257","targetHints":{"allow":["GET"]}}],"collection":[{"href":"https:\/\/naturapura.com\/fr\/wp-json\/wp\/v2\/pages"}],"about":[{"href":"https:\/\/naturapura.com\/fr\/wp-json\/wp\/v2\/types\/page"}],"author":[{"embeddable":true,"href":"https:\/\/naturapura.com\/fr\/wp-json\/wp\/v2\/users\/18"}],"replies":[{"embeddable":true,"href":"https:\/\/naturapura.com\/fr\/wp-json\/wp\/v2\/comments?post=32257"}],"version-history":[{"count":0,"href":"https:\/\/naturapura.com\/fr\/wp-json\/wp\/v2\/pages\/32257\/revisions"}],"wp:attachment":[{"href":"https:\/\/naturapura.com\/fr\/wp-json\/wp\/v2\/media?parent=32257"}],"curies":[{"name":"wp","href":"https:\/\/api.w.org\/{rel}","templated":true}]}}