{"id":32251,"date":"2020-07-02T10:38:28","date_gmt":"2020-07-02T10:38:28","guid":{"rendered":"https:\/\/naturapura.com\/livraisons-et-retours\/"},"modified":"2022-02-11T17:57:42","modified_gmt":"2022-02-11T17:57:42","slug":"livraisons-et-retours","status":"publish","type":"page","link":"https:\/\/naturapura.com\/fr\/livraisons-et-retours\/","title":{"rendered":"Livraisons et retours"},"content":{"rendered":"\n<div class=\"row\"  id=\"row-49780967\">\n\n\n\t<div id=\"col-1298173996\" class=\"col medium-1 small-12 large-1\"  >\n\t\t\t\t<div class=\"col-inner\"  >\n\t\t\t\n\t\t\t\n\n\n\t\t<\/div>\n\t\t\t\t\t<\/div>\n\n\t\n\n\t<div id=\"col-454112149\" class=\"col medium-10 small-12 large-10\"  >\n\t\t\t\t<div class=\"col-inner\"  >\n\t\t\t\n\t\t\t\n\n<h2>Livraisons et retours<\/h2>\r\n<h3><strong>Livraisons<\/strong><\/h3>\r\n<h4>Frais de port<\/h4>\r\n<p style=\"text-align: justify;\"><strong>Les frais de port<\/strong> sont fixes, quel que soit le nombre de pi\u00e8ces que vous ajoutez \u00e0 votre commande (frais hors TVA):<\/p>\r\n\r\n<h5><em><strong>Zone A \u2013 Belgique, France (hors Corsega), Allemagne, Luxembourg, Pays-Bas<\/strong><\/em><\/h5>\r\n<ul>\r\n \t<li>6,90 \u20ac<\/li>\r\n<\/ul>\r\n<h5><em><strong>Zone B \u2013 Irlande, Italie<\/strong><\/em><\/h5>\r\n<ul>\r\n \t<li>7,90 \u20ac<\/li>\r\n<\/ul>\r\n<h5><em><strong>Zone C \u2013 Portugal, Espagne (hors les Iles)<\/strong><\/em><\/h5>\r\n<ul>\r\n \t<li>3,90 \u20ac<\/li>\r\n<\/ul>\r\n<h5><em><strong>Zone C1 \u2013 Corsega, Espagne (Iles)<\/strong><\/em><\/h5>\r\n<ul>\r\n \t<li>12,90 \u20ac<\/li>\r\n<\/ul>\r\n<h5><em><strong>Zone D \u2013 Autriche, Bulgarie, Croatie, R\u00e9publique tch\u00e8que, Danemark, Estonie, Finlande, Gr\u00e8ce, Hongrie, Lettonie, Lituanie, Norv\u00e8ge, Pologne, Roumanie, Slovaquie, Slov\u00e9nie, Su\u00e8de<\/strong><\/em><\/h5>\r\n<ul>\r\n \t<li>11,90 \u20ac<\/li>\r\n<\/ul>\r\n<h5><em><strong>Zone E \u2013 Royaume-Uni<\/strong><\/em><\/h5>\r\n<ul>\r\n \t<li>19,90\u00a3<\/li>\r\n<\/ul>\r\n<h5><em><strong>Zone F \u2013 Suisse<\/strong><\/em><\/h5>\r\n<ul>\r\n \t<li>19,90 \u20ac<\/li>\r\n<\/ul>\r\n<h5><em><strong>Zone F \u2013 Canada, Mexique, \u00c9tats-Unis d\u2019Am\u00e9rique<\/strong><\/em><\/h5>\r\n<ul>\r\n \t<li>24,90 \u20ac<\/li>\r\n<\/ul>\r\n<h5><em><strong>Zone G \u2013 Reste du monde<\/strong><\/em><\/h5>\r\n<ul>\r\n \t<li>29,90 \u20ac<\/li>\r\n<\/ul>\r\n<h5><em><strong>Zone I &#8211; Chypre<\/strong><\/em><\/h5>\r\n<ul>\r\n \t<li id=\"tw-target-text\" class=\"tw-data-text tw-text-large XcVN5d tw-ta\" dir=\"ltr\" data-placeholder=\"Tradu\u00e7\u00e3o\">49,90 \u20ac<\/li>\r\n<\/ul>\r\n<h4><strong>D\u00e9lais de livraison<\/strong><\/h4>\r\n<ul>\r\n \t<li><strong>Europe<\/strong> \u2013 3 jours ouvrables<\/li>\r\n \t<li><strong>Reste du monde<\/strong> \u2013 5 jours ouvrables<\/li>\r\n \t<li><strong>Articles personnalis\u00e9s<\/strong> \u2013 20 jours ouvrables<\/li>\r\n<\/ul>\r\n<p style=\"text-align: justify;\"><strong>Remarque: <\/strong>tous les produits de votre commande seront exp\u00e9di\u00e9s en m\u00eame temps. Veuillez noter que si vous achetez un produit personnalis\u00e9 en m\u00eame temps que d\u2019autres produits, vous ne recevrez votre commande que dans un d\u00e9lai de 20 jours ouvrables (Portugal).<\/p>\r\n\r\n<h3><strong>Retours<\/strong><\/h3>\r\n<p style=\"text-align: justify;\">Nous voulons que vous vous sentiez \u00e0 l\u2019aise dans nos magasins ! Afin de vous offrir la\u00a0<strong>meilleure exp\u00e9rience possible<\/strong>, nous voulons vous garantir que vous trouverez la\u00a0<strong>meilleure qualit\u00e9<\/strong>\u00a0dans\u00a0<strong>nos produits<\/strong>. Si, pour une raison quelconque, vous n\u2019\u00eates pas enti\u00e8rement satisfait de votre achat, nous remplacerons les articles selon vos pr\u00e9f\u00e9rences.<\/p>\r\n<p style=\"text-align: justify;\"><strong>Les retours<\/strong>\u00a0sont toujours\u00a0<strong>accept\u00e9s<\/strong>\u00a0dans les\u00a0<strong>14 jours<\/strong>\u00a0suivant la r\u00e9ception de la commande, d\u00e8s lors que les v\u00eatements\u00a0<strong>n\u2019ont pas \u00e9t\u00e9 lav\u00e9s ou utilis\u00e9s<\/strong>\u00a0et qu\u2019ils contiennent les\u00a0<strong>\u00e9tiquettes originales<\/strong><u>.<\/u><\/p>\r\n<p style=\"text-align: justify;\">Si vous souhaitez retourner l\u2019un des produits achet\u00e9s, veuillez nous contacter \u00e0 l\u2019adresse \u00e9lectronique suivante :\u00a0<a href=\"mailto:customer.service@naturapura.eu\">customer.service@naturapura.eu<\/a>.\u00a0Vous recevrez des instructions sur la mani\u00e8re de proc\u00e9der au retour.<\/p>\r\n<p style=\"text-align: justify;\">Les frais li\u00e9s au retour de la commande \u00e0 NaturaPura sont \u00e0 la charge du client.<\/p>\r\n<p style=\"text-align: justify;\"><strong>Remarque:<\/strong>\u00a0nous n\u2019acceptons le retour des produits personnalis\u00e9s que s\u2019ils pr\u00e9sentent un d\u00e9faut de fabrication.<\/p>\n\n\n\t\t<\/div>\n\t\t\t\t\t<\/div>\n\n\t\n\n<\/div>\n\n","protected":false},"excerpt":{"rendered":"","protected":false},"author":18,"featured_media":0,"parent":0,"menu_order":0,"comment_status":"closed","ping_status":"closed","template":"","meta":{"footnotes":""},"class_list":["post-32251","page","type-page","status-publish","hentry"],"yoast_head":"<!-- This site is optimized with the Yoast SEO plugin v27.4 - https:\/\/yoast.com\/product\/yoast-seo-wordpress\/ -->\n<title>Livraisons et retours - NaturaPura<\/title>\n<meta name=\"description\" content=\"Tous les articles de votre commande seront livr\u00e9s en m\u00eame temps. Si vous souhaitez retourner un article achet\u00e9, veuillez nous contacter.\" \/>\n<meta name=\"robots\" content=\"index, follow, max-snippet:-1, max-image-preview:large, max-video-preview:-1\" \/>\n<link rel=\"canonical\" href=\"https:\/\/naturapura.com\/fr\/livraisons-et-retours\/\" \/>\n<meta property=\"og:locale\" content=\"fr_FR\" \/>\n<meta property=\"og:type\" content=\"article\" \/>\n<meta property=\"og:title\" content=\"Livraisons et retours - NaturaPura\" \/>\n<meta property=\"og:description\" content=\"Tous les articles de votre commande seront livr\u00e9s en m\u00eame temps. Si vous souhaitez retourner un article achet\u00e9, veuillez nous contacter.\" \/>\n<meta property=\"og:url\" content=\"https:\/\/naturapura.com\/fr\/livraisons-et-retours\/\" \/>\n<meta property=\"og:site_name\" content=\"NaturaPura\" \/>\n<meta property=\"article:modified_time\" content=\"2022-02-11T17:57:42+00:00\" \/>\n<meta name=\"twitter:card\" content=\"summary_large_image\" \/>\n<meta name=\"twitter:label1\" content=\"Dur\u00e9e de lecture estim\u00e9e\" \/>\n\t<meta name=\"twitter:data1\" content=\"2 minutes\" \/>\n<script type=\"application\/ld+json\" class=\"yoast-schema-graph\">{\"@context\":\"https:\\\/\\\/schema.org\",\"@graph\":[{\"@type\":\"WebPage\",\"@id\":\"https:\\\/\\\/naturapura.com\\\/fr\\\/livraisons-et-retours\\\/\",\"url\":\"https:\\\/\\\/naturapura.com\\\/fr\\\/livraisons-et-retours\\\/\",\"name\":\"Livraisons et retours - NaturaPura\",\"isPartOf\":{\"@id\":\"https:\\\/\\\/naturapura.com\\\/fr\\\/#website\"},\"datePublished\":\"2020-07-02T10:38:28+00:00\",\"dateModified\":\"2022-02-11T17:57:42+00:00\",\"description\":\"Tous les articles de votre commande seront livr\u00e9s en m\u00eame temps. Si vous souhaitez retourner un article achet\u00e9, veuillez nous contacter.\",\"breadcrumb\":{\"@id\":\"https:\\\/\\\/naturapura.com\\\/fr\\\/livraisons-et-retours\\\/#breadcrumb\"},\"inLanguage\":\"fr-FR\",\"potentialAction\":[{\"@type\":\"ReadAction\",\"target\":[\"https:\\\/\\\/naturapura.com\\\/fr\\\/livraisons-et-retours\\\/\"]}]},{\"@type\":\"BreadcrumbList\",\"@id\":\"https:\\\/\\\/naturapura.com\\\/fr\\\/livraisons-et-retours\\\/#breadcrumb\",\"itemListElement\":[{\"@type\":\"ListItem\",\"position\":1,\"name\":\"In\u00edcio\",\"item\":\"https:\\\/\\\/naturapura.com\\\/fr\\\/\"},{\"@type\":\"ListItem\",\"position\":2,\"name\":\"Livraisons et retours\"}]},{\"@type\":\"WebSite\",\"@id\":\"https:\\\/\\\/naturapura.com\\\/fr\\\/#website\",\"url\":\"https:\\\/\\\/naturapura.com\\\/fr\\\/\",\"name\":\"NaturaPura\",\"description\":\"Roupinha de Beb\u00e9 e Complementos em Org\u00e2nico\",\"publisher\":{\"@id\":\"https:\\\/\\\/naturapura.com\\\/fr\\\/#organization\"},\"potentialAction\":[{\"@type\":\"SearchAction\",\"target\":{\"@type\":\"EntryPoint\",\"urlTemplate\":\"https:\\\/\\\/naturapura.com\\\/fr\\\/?s={search_term_string}\"},\"query-input\":{\"@type\":\"PropertyValueSpecification\",\"valueRequired\":true,\"valueName\":\"search_term_string\"}}],\"inLanguage\":\"fr-FR\"},{\"@type\":\"Organization\",\"@id\":\"https:\\\/\\\/naturapura.com\\\/fr\\\/#organization\",\"name\":\"NATURAPURA\",\"url\":\"https:\\\/\\\/naturapura.com\\\/fr\\\/\",\"logo\":{\"@type\":\"ImageObject\",\"inLanguage\":\"fr-FR\",\"@id\":\"https:\\\/\\\/naturapura.com\\\/fr\\\/#\\\/schema\\\/logo\\\/image\\\/\",\"url\":\"https:\\\/\\\/i0.wp.com\\\/naturapura.com\\\/wp-content\\\/uploads\\\/2023\\\/09\\\/logo-NP-bebe.png?fit=481%2C101&ssl=1\",\"contentUrl\":\"https:\\\/\\\/i0.wp.com\\\/naturapura.com\\\/wp-content\\\/uploads\\\/2023\\\/09\\\/logo-NP-bebe.png?fit=481%2C101&ssl=1\",\"width\":481,\"height\":101,\"caption\":\"NATURAPURA\"},\"image\":{\"@id\":\"https:\\\/\\\/naturapura.com\\\/fr\\\/#\\\/schema\\\/logo\\\/image\\\/\"}}]}<\/script>\n<!-- \/ Yoast SEO plugin. -->","yoast_head_json":{"title":"Livraisons et retours - NaturaPura","description":"Tous les articles de votre commande seront livr\u00e9s en m\u00eame temps. Si vous souhaitez retourner un article achet\u00e9, veuillez nous contacter.","robots":{"index":"index","follow":"follow","max-snippet":"max-snippet:-1","max-image-preview":"max-image-preview:large","max-video-preview":"max-video-preview:-1"},"canonical":"https:\/\/naturapura.com\/fr\/livraisons-et-retours\/","og_locale":"fr_FR","og_type":"article","og_title":"Livraisons et retours - NaturaPura","og_description":"Tous les articles de votre commande seront livr\u00e9s en m\u00eame temps. Si vous souhaitez retourner un article achet\u00e9, veuillez nous contacter.","og_url":"https:\/\/naturapura.com\/fr\/livraisons-et-retours\/","og_site_name":"NaturaPura","article_modified_time":"2022-02-11T17:57:42+00:00","twitter_card":"summary_large_image","twitter_misc":{"Dur\u00e9e de lecture estim\u00e9e":"2 minutes"},"schema":{"@context":"https:\/\/schema.org","@graph":[{"@type":"WebPage","@id":"https:\/\/naturapura.com\/fr\/livraisons-et-retours\/","url":"https:\/\/naturapura.com\/fr\/livraisons-et-retours\/","name":"Livraisons et retours - NaturaPura","isPartOf":{"@id":"https:\/\/naturapura.com\/fr\/#website"},"datePublished":"2020-07-02T10:38:28+00:00","dateModified":"2022-02-11T17:57:42+00:00","description":"Tous les articles de votre commande seront livr\u00e9s en m\u00eame temps. Si vous souhaitez retourner un article achet\u00e9, veuillez nous contacter.","breadcrumb":{"@id":"https:\/\/naturapura.com\/fr\/livraisons-et-retours\/#breadcrumb"},"inLanguage":"fr-FR","potentialAction":[{"@type":"ReadAction","target":["https:\/\/naturapura.com\/fr\/livraisons-et-retours\/"]}]},{"@type":"BreadcrumbList","@id":"https:\/\/naturapura.com\/fr\/livraisons-et-retours\/#breadcrumb","itemListElement":[{"@type":"ListItem","position":1,"name":"In\u00edcio","item":"https:\/\/naturapura.com\/fr\/"},{"@type":"ListItem","position":2,"name":"Livraisons et retours"}]},{"@type":"WebSite","@id":"https:\/\/naturapura.com\/fr\/#website","url":"https:\/\/naturapura.com\/fr\/","name":"NaturaPura","description":"Roupinha de Beb\u00e9 e Complementos em Org\u00e2nico","publisher":{"@id":"https:\/\/naturapura.com\/fr\/#organization"},"potentialAction":[{"@type":"SearchAction","target":{"@type":"EntryPoint","urlTemplate":"https:\/\/naturapura.com\/fr\/?s={search_term_string}"},"query-input":{"@type":"PropertyValueSpecification","valueRequired":true,"valueName":"search_term_string"}}],"inLanguage":"fr-FR"},{"@type":"Organization","@id":"https:\/\/naturapura.com\/fr\/#organization","name":"NATURAPURA","url":"https:\/\/naturapura.com\/fr\/","logo":{"@type":"ImageObject","inLanguage":"fr-FR","@id":"https:\/\/naturapura.com\/fr\/#\/schema\/logo\/image\/","url":"https:\/\/i0.wp.com\/naturapura.com\/wp-content\/uploads\/2023\/09\/logo-NP-bebe.png?fit=481%2C101&ssl=1","contentUrl":"https:\/\/i0.wp.com\/naturapura.com\/wp-content\/uploads\/2023\/09\/logo-NP-bebe.png?fit=481%2C101&ssl=1","width":481,"height":101,"caption":"NATURAPURA"},"image":{"@id":"https:\/\/naturapura.com\/fr\/#\/schema\/logo\/image\/"}}]}},"jetpack_sharing_enabled":true,"_links":{"self":[{"href":"https:\/\/naturapura.com\/fr\/wp-json\/wp\/v2\/pages\/32251","targetHints":{"allow":["GET"]}}],"collection":[{"href":"https:\/\/naturapura.com\/fr\/wp-json\/wp\/v2\/pages"}],"about":[{"href":"https:\/\/naturapura.com\/fr\/wp-json\/wp\/v2\/types\/page"}],"author":[{"embeddable":true,"href":"https:\/\/naturapura.com\/fr\/wp-json\/wp\/v2\/users\/18"}],"replies":[{"embeddable":true,"href":"https:\/\/naturapura.com\/fr\/wp-json\/wp\/v2\/comments?post=32251"}],"version-history":[{"count":0,"href":"https:\/\/naturapura.com\/fr\/wp-json\/wp\/v2\/pages\/32251\/revisions"}],"wp:attachment":[{"href":"https:\/\/naturapura.com\/fr\/wp-json\/wp\/v2\/media?parent=32251"}],"curies":[{"name":"wp","href":"https:\/\/api.w.org\/{rel}","templated":true}]}}