{"id":60396,"date":"2025-10-11T17:23:16","date_gmt":"2025-10-11T17:23:16","guid":{"rendered":"https:\/\/naturapura.com\/product\/pantalon-depijama\/"},"modified":"2025-10-11T17:31:12","modified_gmt":"2025-10-11T17:31:12","slug":"pantalon-depijama","status":"publish","type":"product","link":"https:\/\/naturapura.com\/es\/producto\/pantalon-depijama\/","title":{"rendered":"Pantal\u00f3n de pijama"},"content":{"rendered":"<p>Envuelve a tu beb\u00e9 en suavidad con este pantal\u00f3n de pijama, confeccionado en algod\u00f3n 100% org\u00e1nico sin te\u00f1ir. Perfecto para pieles sensibles y recomendado incluso para reci\u00e9n nacidos, este pantal\u00f3n ofrece la m\u00e1xima comodidad y libertad de movimientos. Se puede combinar con la camisa y la camiseta a juego.<\/p>\n","protected":false},"excerpt":{"rendered":"<p>BB21001<\/p>\n","protected":false},"featured_media":57903,"template":"","meta":[],"product_brand":[],"product_cat":[3222],"product_tag":[],"giftcard-category":[],"class_list":{"0":"post-60396","1":"product","2":"type-product","3":"status-publish","4":"has-post-thumbnail","6":"product_cat-pijamas-es","8":"first","9":"instock","10":"taxable","11":"shipping-taxable","12":"product-type-variable","13":"has-default-attributes"},"exclude_global_add_ons":false,"addons":[{"name":"Nombre del Beb\u00e9","type":"custom_text","position":0,"required":true,"title_format":"label","default":"","description_enable":false,"description":"","placeholder_enable":false,"placeholder":"","display":"select","restrictions_type":"any_text","adjust_price":false,"price":"","price_type":"flat_fee","restrictions":true,"min":"2","max":"15","options":[],"id":1676654652},{"name":"Mensaje de regalo","type":"custom_textarea","position":0,"required":false,"title_format":"label","default":"","description_enable":true,"description":"Env\u00eda un mensaje de amor...","placeholder_enable":false,"placeholder":"","display":"select","restrictions_type":"any_text","adjust_price":false,"price":"3.00","price_type":"flat_fee","restrictions":true,"min":"0","max":"300","options":[]},{"name":"Notice","type":"heading","position":0,"required":false,"title_format":"label","default":"","description_enable":true,"description":"S\u00f3lo podremos entregar a tiempo para Navidad los art\u00edculos personalizados pedidos antes del 11 de diciembre.","placeholder_enable":false,"placeholder":"","display":"select","restrictions_type":"any_text","adjust_price":false,"price":"","price_type":"flat_fee","restrictions":false,"min":"0","max":"0","options":[],"id":1704365184},{"name":"Notice","type":"heading","position":0,"required":false,"title_format":"label","default":"","description_enable":true,"description":"Debido a las vacaciones de verano, los pedidos de art\u00edculos personalizados realizados desde el 7 de agosto, se enviar\u00e1n a partir del 10 de septiembre.","placeholder_enable":false,"placeholder":"","display":"select","restrictions_type":"any_text","adjust_price":false,"price":"","price_type":"flat_fee","restrictions":false,"min":"0","max":"0","options":[],"id":1692953567}],"yoast_head":"<!-- This site is optimized with the Yoast SEO plugin v27.3 - https:\/\/yoast.com\/product\/yoast-seo-wordpress\/ -->\n<title>Pantal\u00f3n de pijama - NaturaPura<\/title>\n<meta name=\"robots\" content=\"index, follow, max-snippet:-1, max-image-preview:large, max-video-preview:-1\" \/>\n<link rel=\"canonical\" href=\"https:\/\/naturapura.com\/es\/producto\/pantalon-depijama\/\" \/>\n<meta property=\"og:locale\" content=\"es_ES\" \/>\n<meta property=\"og:type\" content=\"article\" \/>\n<meta property=\"og:title\" content=\"Pantal\u00f3n de pijama - NaturaPura\" \/>\n<meta property=\"og:description\" content=\"BB21001\" \/>\n<meta property=\"og:url\" content=\"https:\/\/naturapura.com\/es\/producto\/pantalon-depijama\/\" \/>\n<meta property=\"og:site_name\" content=\"NaturaPura\" \/>\n<meta property=\"article:modified_time\" content=\"2025-10-11T17:31:12+00:00\" \/>\n<meta property=\"og:image\" content=\"https:\/\/naturapura.com\/wp-content\/uploads\/2025\/05\/BB21001-1.jpg\" \/>\n\t<meta property=\"og:image:width\" content=\"1200\" \/>\n\t<meta property=\"og:image:height\" content=\"1200\" \/>\n\t<meta property=\"og:image:type\" content=\"image\/jpeg\" \/>\n<meta name=\"twitter:card\" content=\"summary_large_image\" \/>\n<meta name=\"twitter:label1\" content=\"Disponibilidad\" \/>\n\t<meta name=\"twitter:data1\" content=\"Disponible\" \/>\n<script type=\"application\/ld+json\" class=\"yoast-schema-graph\">{\"@context\":\"https:\\\/\\\/schema.org\",\"@graph\":[{\"@type\":\"WebPage\",\"@id\":\"https:\\\/\\\/naturapura.com\\\/es\\\/producto\\\/pantalon-depijama\\\/\",\"url\":\"https:\\\/\\\/naturapura.com\\\/es\\\/producto\\\/pantalon-depijama\\\/\",\"name\":\"Pantal\u00f3n de pijama - NaturaPura\",\"isPartOf\":{\"@id\":\"https:\\\/\\\/naturapura.com\\\/es\\\/#website\"},\"primaryImageOfPage\":{\"@id\":\"https:\\\/\\\/naturapura.com\\\/es\\\/producto\\\/pantalon-depijama\\\/#primaryimage\"},\"image\":{\"@id\":\"https:\\\/\\\/naturapura.com\\\/es\\\/producto\\\/pantalon-depijama\\\/#primaryimage\"},\"thumbnailUrl\":\"https:\\\/\\\/i0.wp.com\\\/naturapura.com\\\/wp-content\\\/uploads\\\/2025\\\/05\\\/BB21001-1.jpg?fit=1200%2C1200&ssl=1\",\"datePublished\":\"2025-10-11T17:23:16+00:00\",\"dateModified\":\"2025-10-11T17:31:12+00:00\",\"breadcrumb\":{\"@id\":\"https:\\\/\\\/naturapura.com\\\/es\\\/producto\\\/pantalon-depijama\\\/#breadcrumb\"},\"inLanguage\":\"es\",\"potentialAction\":[{\"@type\":\"ReadAction\",\"target\":[\"https:\\\/\\\/naturapura.com\\\/es\\\/producto\\\/pantalon-depijama\\\/\"]}]},{\"@type\":\"ImageObject\",\"inLanguage\":\"es\",\"@id\":\"https:\\\/\\\/naturapura.com\\\/es\\\/producto\\\/pantalon-depijama\\\/#primaryimage\",\"url\":\"https:\\\/\\\/i0.wp.com\\\/naturapura.com\\\/wp-content\\\/uploads\\\/2025\\\/05\\\/BB21001-1.jpg?fit=1200%2C1200&ssl=1\",\"contentUrl\":\"https:\\\/\\\/i0.wp.com\\\/naturapura.com\\\/wp-content\\\/uploads\\\/2025\\\/05\\\/BB21001-1.jpg?fit=1200%2C1200&ssl=1\",\"width\":1200,\"height\":1200},{\"@type\":\"BreadcrumbList\",\"@id\":\"https:\\\/\\\/naturapura.com\\\/es\\\/producto\\\/pantalon-depijama\\\/#breadcrumb\",\"itemListElement\":[{\"@type\":\"ListItem\",\"position\":1,\"name\":\"In\u00edcio\",\"item\":\"https:\\\/\\\/naturapura.com\\\/es\\\/\"},{\"@type\":\"ListItem\",\"position\":2,\"name\":\"Tienda\",\"item\":\"https:\\\/\\\/naturapura.com\\\/es\\\/tienda\\\/\"},{\"@type\":\"ListItem\",\"position\":3,\"name\":\"Pantal\u00f3n de pijama\"}]},{\"@type\":\"WebSite\",\"@id\":\"https:\\\/\\\/naturapura.com\\\/es\\\/#website\",\"url\":\"https:\\\/\\\/naturapura.com\\\/es\\\/\",\"name\":\"NaturaPura\",\"description\":\"Roupinha de Beb\u00e9 e Complementos em Org\u00e2nico\",\"publisher\":{\"@id\":\"https:\\\/\\\/naturapura.com\\\/es\\\/#organization\"},\"potentialAction\":[{\"@type\":\"SearchAction\",\"target\":{\"@type\":\"EntryPoint\",\"urlTemplate\":\"https:\\\/\\\/naturapura.com\\\/es\\\/?s={search_term_string}\"},\"query-input\":{\"@type\":\"PropertyValueSpecification\",\"valueRequired\":true,\"valueName\":\"search_term_string\"}}],\"inLanguage\":\"es\"},{\"@type\":\"Organization\",\"@id\":\"https:\\\/\\\/naturapura.com\\\/es\\\/#organization\",\"name\":\"NATURAPURA\",\"url\":\"https:\\\/\\\/naturapura.com\\\/es\\\/\",\"logo\":{\"@type\":\"ImageObject\",\"inLanguage\":\"es\",\"@id\":\"https:\\\/\\\/naturapura.com\\\/es\\\/#\\\/schema\\\/logo\\\/image\\\/\",\"url\":\"https:\\\/\\\/i0.wp.com\\\/naturapura.com\\\/wp-content\\\/uploads\\\/2023\\\/09\\\/logo-NP-bebe.png?fit=481%2C101&ssl=1\",\"contentUrl\":\"https:\\\/\\\/i0.wp.com\\\/naturapura.com\\\/wp-content\\\/uploads\\\/2023\\\/09\\\/logo-NP-bebe.png?fit=481%2C101&ssl=1\",\"width\":481,\"height\":101,\"caption\":\"NATURAPURA\"},\"image\":{\"@id\":\"https:\\\/\\\/naturapura.com\\\/es\\\/#\\\/schema\\\/logo\\\/image\\\/\"}}]}<\/script>\n<meta property=\"og:availability\" content=\"instock\" \/>\n<meta property=\"product:availability\" content=\"instock\" \/>\n<meta property=\"product:retailer_item_id\" content=\"BB21001\" \/>\n<meta property=\"product:condition\" content=\"new\" \/>\n<!-- \/ Yoast SEO plugin. -->","yoast_head_json":{"title":"Pantal\u00f3n de pijama - NaturaPura","robots":{"index":"index","follow":"follow","max-snippet":"max-snippet:-1","max-image-preview":"max-image-preview:large","max-video-preview":"max-video-preview:-1"},"canonical":"https:\/\/naturapura.com\/es\/producto\/pantalon-depijama\/","og_locale":"es_ES","og_type":"article","og_title":"Pantal\u00f3n de pijama - NaturaPura","og_description":"BB21001","og_url":"https:\/\/naturapura.com\/es\/producto\/pantalon-depijama\/","og_site_name":"NaturaPura","article_modified_time":"2025-10-11T17:31:12+00:00","og_image":[{"width":1200,"height":1200,"url":"https:\/\/naturapura.com\/wp-content\/uploads\/2025\/05\/BB21001-1.jpg","type":"image\/jpeg"}],"twitter_card":"summary_large_image","twitter_misc":{"Disponibilidad":"Disponible"},"schema":{"@context":"https:\/\/schema.org","@graph":[{"@type":"WebPage","@id":"https:\/\/naturapura.com\/es\/producto\/pantalon-depijama\/","url":"https:\/\/naturapura.com\/es\/producto\/pantalon-depijama\/","name":"Pantal\u00f3n de pijama - NaturaPura","isPartOf":{"@id":"https:\/\/naturapura.com\/es\/#website"},"primaryImageOfPage":{"@id":"https:\/\/naturapura.com\/es\/producto\/pantalon-depijama\/#primaryimage"},"image":{"@id":"https:\/\/naturapura.com\/es\/producto\/pantalon-depijama\/#primaryimage"},"thumbnailUrl":"https:\/\/i0.wp.com\/naturapura.com\/wp-content\/uploads\/2025\/05\/BB21001-1.jpg?fit=1200%2C1200&ssl=1","datePublished":"2025-10-11T17:23:16+00:00","dateModified":"2025-10-11T17:31:12+00:00","breadcrumb":{"@id":"https:\/\/naturapura.com\/es\/producto\/pantalon-depijama\/#breadcrumb"},"inLanguage":"es","potentialAction":[{"@type":"ReadAction","target":["https:\/\/naturapura.com\/es\/producto\/pantalon-depijama\/"]}]},{"@type":"ImageObject","inLanguage":"es","@id":"https:\/\/naturapura.com\/es\/producto\/pantalon-depijama\/#primaryimage","url":"https:\/\/i0.wp.com\/naturapura.com\/wp-content\/uploads\/2025\/05\/BB21001-1.jpg?fit=1200%2C1200&ssl=1","contentUrl":"https:\/\/i0.wp.com\/naturapura.com\/wp-content\/uploads\/2025\/05\/BB21001-1.jpg?fit=1200%2C1200&ssl=1","width":1200,"height":1200},{"@type":"BreadcrumbList","@id":"https:\/\/naturapura.com\/es\/producto\/pantalon-depijama\/#breadcrumb","itemListElement":[{"@type":"ListItem","position":1,"name":"In\u00edcio","item":"https:\/\/naturapura.com\/es\/"},{"@type":"ListItem","position":2,"name":"Tienda","item":"https:\/\/naturapura.com\/es\/tienda\/"},{"@type":"ListItem","position":3,"name":"Pantal\u00f3n de pijama"}]},{"@type":"WebSite","@id":"https:\/\/naturapura.com\/es\/#website","url":"https:\/\/naturapura.com\/es\/","name":"NaturaPura","description":"Roupinha de Beb\u00e9 e Complementos em Org\u00e2nico","publisher":{"@id":"https:\/\/naturapura.com\/es\/#organization"},"potentialAction":[{"@type":"SearchAction","target":{"@type":"EntryPoint","urlTemplate":"https:\/\/naturapura.com\/es\/?s={search_term_string}"},"query-input":{"@type":"PropertyValueSpecification","valueRequired":true,"valueName":"search_term_string"}}],"inLanguage":"es"},{"@type":"Organization","@id":"https:\/\/naturapura.com\/es\/#organization","name":"NATURAPURA","url":"https:\/\/naturapura.com\/es\/","logo":{"@type":"ImageObject","inLanguage":"es","@id":"https:\/\/naturapura.com\/es\/#\/schema\/logo\/image\/","url":"https:\/\/i0.wp.com\/naturapura.com\/wp-content\/uploads\/2023\/09\/logo-NP-bebe.png?fit=481%2C101&ssl=1","contentUrl":"https:\/\/i0.wp.com\/naturapura.com\/wp-content\/uploads\/2023\/09\/logo-NP-bebe.png?fit=481%2C101&ssl=1","width":481,"height":101,"caption":"NATURAPURA"},"image":{"@id":"https:\/\/naturapura.com\/es\/#\/schema\/logo\/image\/"}}]},"og_availability":"instock","product_availability":"instock","product_retailer_item_id":"BB21001","product_condition":"new"},"jetpack_sharing_enabled":true,"_links":{"self":[{"href":"https:\/\/naturapura.com\/es\/wp-json\/wp\/v2\/product\/60396","targetHints":{"allow":["GET"]}}],"collection":[{"href":"https:\/\/naturapura.com\/es\/wp-json\/wp\/v2\/product"}],"about":[{"href":"https:\/\/naturapura.com\/es\/wp-json\/wp\/v2\/types\/product"}],"wp:featuredmedia":[{"embeddable":true,"href":"https:\/\/naturapura.com\/es\/wp-json\/wp\/v2\/media\/57903"}],"wp:attachment":[{"href":"https:\/\/naturapura.com\/es\/wp-json\/wp\/v2\/media?parent=60396"}],"wp:term":[{"taxonomy":"product_brand","embeddable":true,"href":"https:\/\/naturapura.com\/es\/wp-json\/wp\/v2\/product_brand?post=60396"},{"taxonomy":"product_cat","embeddable":true,"href":"https:\/\/naturapura.com\/es\/wp-json\/wp\/v2\/product_cat?post=60396"},{"taxonomy":"product_tag","embeddable":true,"href":"https:\/\/naturapura.com\/es\/wp-json\/wp\/v2\/product_tag?post=60396"},{"taxonomy":"giftcard-category","embeddable":true,"href":"https:\/\/naturapura.com\/es\/wp-json\/wp\/v2\/giftcard-category?post=60396"}],"curies":[{"name":"wp","href":"https:\/\/api.w.org\/{rel}","templated":true}]}}