{"id":60105,"date":"2025-10-11T17:17:14","date_gmt":"2025-10-11T17:17:14","guid":{"rendered":"https:\/\/naturapura.com\/product\/set-de-maternidad-personalizado-de-11-piezas\/"},"modified":"2025-10-14T11:41:37","modified_gmt":"2025-10-14T11:41:37","slug":"set-de-maternidad-personalizado-de-11-piezas","status":"publish","type":"product","link":"https:\/\/naturapura.com\/es\/producto\/set-de-maternidad-personalizado-de-11-piezas\/","title":{"rendered":"Canastilla ORO PERSONALIZADA"},"content":{"rendered":"<p><strong>Canastilla PERSONALIZADA de bienvenida<\/strong><\/p>\n<p>Las Canastillas de maternidad son los art\u00edculos m\u00e1s buscados por nuestras mam\u00e1s.<\/p>\n<p>Dise\u00f1amos nuestras Canastillas pensando en la piel sensible de los reci\u00e9n nacidos y en la importancia y necesidades de sus primeros d\u00edas.<\/p>\n<p>Todos los productos de nuestras Canastillas est\u00e1n confeccionados con algod\u00f3n 100% org\u00e1nico que es la opci\u00f3n m\u00e1s sana y suave para tu beb\u00e9.<\/p>\n<p>La Canastilla PERSONALIZADA es perfecta para todos aquellos que, adem\u00e1s de la primera puesta, tambi\u00e9n buscan algunos accesorios con el nombre del beb\u00e9 para su uso diario.<\/p>\n<p>Todo esto hace que la Canastilla PERSONALIZADA sea el regalo perfecto para las mam\u00e1s.<\/p>\n<p>Esta Canastilla se consta de:<\/p>\n<ul>\n<li>Toquilla de punto personalizada,<\/li>\n<li>Toalla con capucha;<\/li>\n<li>Calcetines b\u00e1sicos;<\/li>\n<li>Gorrito B\u00e1sico;<\/li>\n<li>Babero personalizado;<\/li>\n<li>Body con abertura frontal completa;<\/li>\n<li>Pijama con manguita larga;<\/li>\n<li>Pantal\u00f3n de cintura alta (no da\u00f1a la zona del ombligo);<\/li>\n<li>Bolsa para guardar las prendas;<\/li>\n<li>2 pa\u00f1os de aseo para \u00e9l bebe.<\/li>\n<\/ul>\n","protected":false},"excerpt":{"rendered":"<p>TB23PER 2<\/p>\n","protected":false},"featured_media":62323,"template":"","meta":[],"product_brand":[],"product_cat":[2267,3077,2242],"product_tag":[],"giftcard-category":[],"class_list":{"0":"post-60105","1":"product","2":"type-product","3":"status-publish","4":"has-post-thumbnail","6":"product_cat-canastillas","7":"product_cat-ideas-para-regalar","8":"product_cat-articulos-personalizados","10":"first","11":"instock","12":"taxable","13":"shipping-taxable","14":"purchasable","15":"product-type-variable","16":"has-default-attributes"},"exclude_global_add_ons":false,"addons":[{"name":"Nombre del Beb\u00e9","type":"custom_text","position":0,"required":true,"title_format":"label","default":"","description_enable":false,"description":"","placeholder_enable":false,"placeholder":"","display":"select","restrictions_type":"any_text","adjust_price":false,"price":"","price_type":"flat_fee","restrictions":true,"min":"2","max":"15","options":[],"id":1760442098},{"name":"Nombre del Beb\u00e9","type":"custom_text","position":0,"required":true,"title_format":"label","default":"","description_enable":false,"description":"","placeholder_enable":false,"placeholder":"","display":"select","restrictions_type":"any_text","adjust_price":false,"price":"","price_type":"flat_fee","restrictions":true,"min":"2","max":"15","options":[],"id":1676654652},{"name":"Mensaje de regalo","type":"custom_textarea","position":0,"required":false,"title_format":"label","default":"","description_enable":true,"description":"Env\u00eda un mensaje de amor...","placeholder_enable":false,"placeholder":"","display":"select","restrictions_type":"any_text","adjust_price":false,"price":"3.00","price_type":"flat_fee","restrictions":true,"min":"0","max":"300","options":[]},{"name":"Notice","type":"heading","position":0,"required":false,"title_format":"label","default":"","description_enable":true,"description":"El procesamiento de pedidos de productos personalizados puede tardar hasta 12 d\u00edas h\u00e1biles. ","placeholder_enable":false,"placeholder":"","display":"select","restrictions_type":"any_text","adjust_price":false,"price":"","price_type":"flat_fee","restrictions":false,"min":"0","max":"0","options":[],"id":1704365216},{"name":"Notice","type":"heading","position":0,"required":false,"title_format":"label","default":"","description_enable":true,"description":"S\u00f3lo podremos entregar a tiempo para Navidad los art\u00edculos personalizados pedidos antes del 11 de diciembre.","placeholder_enable":false,"placeholder":"","display":"select","restrictions_type":"any_text","adjust_price":false,"price":"","price_type":"flat_fee","restrictions":false,"min":"0","max":"0","options":[],"id":1704365184},{"name":"Notice","type":"heading","position":0,"required":false,"title_format":"label","default":"","description_enable":true,"description":"Debido a las vacaciones de verano, los pedidos de art\u00edculos personalizados realizados desde el 7 de agosto, se enviar\u00e1n a partir del 10 de septiembre.","placeholder_enable":false,"placeholder":"","display":"select","restrictions_type":"any_text","adjust_price":false,"price":"","price_type":"flat_fee","restrictions":false,"min":"0","max":"0","options":[],"id":1692953567}],"yoast_head":"<!-- This site is optimized with the Yoast SEO plugin v27.4 - https:\/\/yoast.com\/product\/yoast-seo-wordpress\/ -->\n<title>Canastilla ORO PERSONALIZADA - NaturaPura<\/title>\n<meta name=\"robots\" content=\"index, follow, max-snippet:-1, max-image-preview:large, max-video-preview:-1\" \/>\n<link rel=\"canonical\" href=\"https:\/\/naturapura.com\/es\/producto\/set-de-maternidad-personalizado-de-11-piezas\/\" \/>\n<meta property=\"og:locale\" content=\"es_ES\" \/>\n<meta property=\"og:type\" content=\"article\" \/>\n<meta property=\"og:title\" content=\"Canastilla ORO PERSONALIZADA - NaturaPura\" \/>\n<meta property=\"og:description\" content=\"TB23PER 2\" \/>\n<meta property=\"og:url\" content=\"https:\/\/naturapura.com\/es\/producto\/set-de-maternidad-personalizado-de-11-piezas\/\" \/>\n<meta property=\"og:site_name\" content=\"NaturaPura\" \/>\n<meta property=\"article:modified_time\" content=\"2025-10-14T11:41:37+00:00\" \/>\n<meta property=\"og:image\" content=\"https:\/\/naturapura.com\/wp-content\/uploads\/2024\/04\/TB23PER-2-1.jpg\" \/>\n\t<meta property=\"og:image:width\" content=\"1200\" \/>\n\t<meta property=\"og:image:height\" content=\"1200\" \/>\n\t<meta property=\"og:image:type\" content=\"image\/jpeg\" \/>\n<meta name=\"twitter:card\" content=\"summary_large_image\" \/>\n<meta name=\"twitter:label1\" content=\"Disponibilidad\" \/>\n\t<meta name=\"twitter:data1\" content=\"Disponible\" \/>\n<script type=\"application\/ld+json\" class=\"yoast-schema-graph\">{\"@context\":\"https:\\\/\\\/schema.org\",\"@graph\":[{\"@type\":\"WebPage\",\"@id\":\"https:\\\/\\\/naturapura.com\\\/es\\\/producto\\\/set-de-maternidad-personalizado-de-11-piezas\\\/\",\"url\":\"https:\\\/\\\/naturapura.com\\\/es\\\/producto\\\/set-de-maternidad-personalizado-de-11-piezas\\\/\",\"name\":\"Canastilla ORO PERSONALIZADA - NaturaPura\",\"isPartOf\":{\"@id\":\"https:\\\/\\\/naturapura.com\\\/es\\\/#website\"},\"primaryImageOfPage\":{\"@id\":\"https:\\\/\\\/naturapura.com\\\/es\\\/producto\\\/set-de-maternidad-personalizado-de-11-piezas\\\/#primaryimage\"},\"image\":{\"@id\":\"https:\\\/\\\/naturapura.com\\\/es\\\/producto\\\/set-de-maternidad-personalizado-de-11-piezas\\\/#primaryimage\"},\"thumbnailUrl\":\"https:\\\/\\\/i0.wp.com\\\/naturapura.com\\\/wp-content\\\/uploads\\\/2025\\\/10\\\/TB23PER2_1-1-scaled.jpg?fit=2560%2C2560&ssl=1\",\"datePublished\":\"2025-10-11T17:17:14+00:00\",\"dateModified\":\"2025-10-14T11:41:37+00:00\",\"breadcrumb\":{\"@id\":\"https:\\\/\\\/naturapura.com\\\/es\\\/producto\\\/set-de-maternidad-personalizado-de-11-piezas\\\/#breadcrumb\"},\"inLanguage\":\"es\",\"potentialAction\":[{\"@type\":\"ReadAction\",\"target\":[\"https:\\\/\\\/naturapura.com\\\/es\\\/producto\\\/set-de-maternidad-personalizado-de-11-piezas\\\/\"]}]},{\"@type\":\"ImageObject\",\"inLanguage\":\"es\",\"@id\":\"https:\\\/\\\/naturapura.com\\\/es\\\/producto\\\/set-de-maternidad-personalizado-de-11-piezas\\\/#primaryimage\",\"url\":\"https:\\\/\\\/i0.wp.com\\\/naturapura.com\\\/wp-content\\\/uploads\\\/2025\\\/10\\\/TB23PER2_1-1-scaled.jpg?fit=2560%2C2560&ssl=1\",\"contentUrl\":\"https:\\\/\\\/i0.wp.com\\\/naturapura.com\\\/wp-content\\\/uploads\\\/2025\\\/10\\\/TB23PER2_1-1-scaled.jpg?fit=2560%2C2560&ssl=1\",\"width\":2560,\"height\":2560},{\"@type\":\"BreadcrumbList\",\"@id\":\"https:\\\/\\\/naturapura.com\\\/es\\\/producto\\\/set-de-maternidad-personalizado-de-11-piezas\\\/#breadcrumb\",\"itemListElement\":[{\"@type\":\"ListItem\",\"position\":1,\"name\":\"In\u00edcio\",\"item\":\"https:\\\/\\\/naturapura.com\\\/es\\\/\"},{\"@type\":\"ListItem\",\"position\":2,\"name\":\"Tienda\",\"item\":\"https:\\\/\\\/naturapura.com\\\/es\\\/tienda\\\/\"},{\"@type\":\"ListItem\",\"position\":3,\"name\":\"Canastilla ORO PERSONALIZADA\"}]},{\"@type\":\"WebSite\",\"@id\":\"https:\\\/\\\/naturapura.com\\\/es\\\/#website\",\"url\":\"https:\\\/\\\/naturapura.com\\\/es\\\/\",\"name\":\"NaturaPura\",\"description\":\"Roupinha de Beb\u00e9 e Complementos em Org\u00e2nico\",\"publisher\":{\"@id\":\"https:\\\/\\\/naturapura.com\\\/es\\\/#organization\"},\"potentialAction\":[{\"@type\":\"SearchAction\",\"target\":{\"@type\":\"EntryPoint\",\"urlTemplate\":\"https:\\\/\\\/naturapura.com\\\/es\\\/?s={search_term_string}\"},\"query-input\":{\"@type\":\"PropertyValueSpecification\",\"valueRequired\":true,\"valueName\":\"search_term_string\"}}],\"inLanguage\":\"es\"},{\"@type\":\"Organization\",\"@id\":\"https:\\\/\\\/naturapura.com\\\/es\\\/#organization\",\"name\":\"NATURAPURA\",\"url\":\"https:\\\/\\\/naturapura.com\\\/es\\\/\",\"logo\":{\"@type\":\"ImageObject\",\"inLanguage\":\"es\",\"@id\":\"https:\\\/\\\/naturapura.com\\\/es\\\/#\\\/schema\\\/logo\\\/image\\\/\",\"url\":\"https:\\\/\\\/i0.wp.com\\\/naturapura.com\\\/wp-content\\\/uploads\\\/2023\\\/09\\\/logo-NP-bebe.png?fit=481%2C101&ssl=1\",\"contentUrl\":\"https:\\\/\\\/i0.wp.com\\\/naturapura.com\\\/wp-content\\\/uploads\\\/2023\\\/09\\\/logo-NP-bebe.png?fit=481%2C101&ssl=1\",\"width\":481,\"height\":101,\"caption\":\"NATURAPURA\"},\"image\":{\"@id\":\"https:\\\/\\\/naturapura.com\\\/es\\\/#\\\/schema\\\/logo\\\/image\\\/\"}}]}<\/script>\n<meta property=\"og:availability\" content=\"instock\" \/>\n<meta property=\"product:availability\" content=\"instock\" \/>\n<meta property=\"product:retailer_item_id\" content=\"TB23PER 2\" \/>\n<meta property=\"product:condition\" content=\"new\" \/>\n<!-- \/ Yoast SEO plugin. -->","yoast_head_json":{"title":"Canastilla ORO PERSONALIZADA - NaturaPura","robots":{"index":"index","follow":"follow","max-snippet":"max-snippet:-1","max-image-preview":"max-image-preview:large","max-video-preview":"max-video-preview:-1"},"canonical":"https:\/\/naturapura.com\/es\/producto\/set-de-maternidad-personalizado-de-11-piezas\/","og_locale":"es_ES","og_type":"article","og_title":"Canastilla ORO PERSONALIZADA - NaturaPura","og_description":"TB23PER 2","og_url":"https:\/\/naturapura.com\/es\/producto\/set-de-maternidad-personalizado-de-11-piezas\/","og_site_name":"NaturaPura","article_modified_time":"2025-10-14T11:41:37+00:00","og_image":[{"width":1200,"height":1200,"url":"https:\/\/naturapura.com\/wp-content\/uploads\/2024\/04\/TB23PER-2-1.jpg","type":"image\/jpeg"}],"twitter_card":"summary_large_image","twitter_misc":{"Disponibilidad":"Disponible"},"schema":{"@context":"https:\/\/schema.org","@graph":[{"@type":"WebPage","@id":"https:\/\/naturapura.com\/es\/producto\/set-de-maternidad-personalizado-de-11-piezas\/","url":"https:\/\/naturapura.com\/es\/producto\/set-de-maternidad-personalizado-de-11-piezas\/","name":"Canastilla ORO PERSONALIZADA - NaturaPura","isPartOf":{"@id":"https:\/\/naturapura.com\/es\/#website"},"primaryImageOfPage":{"@id":"https:\/\/naturapura.com\/es\/producto\/set-de-maternidad-personalizado-de-11-piezas\/#primaryimage"},"image":{"@id":"https:\/\/naturapura.com\/es\/producto\/set-de-maternidad-personalizado-de-11-piezas\/#primaryimage"},"thumbnailUrl":"https:\/\/i0.wp.com\/naturapura.com\/wp-content\/uploads\/2025\/10\/TB23PER2_1-1-scaled.jpg?fit=2560%2C2560&ssl=1","datePublished":"2025-10-11T17:17:14+00:00","dateModified":"2025-10-14T11:41:37+00:00","breadcrumb":{"@id":"https:\/\/naturapura.com\/es\/producto\/set-de-maternidad-personalizado-de-11-piezas\/#breadcrumb"},"inLanguage":"es","potentialAction":[{"@type":"ReadAction","target":["https:\/\/naturapura.com\/es\/producto\/set-de-maternidad-personalizado-de-11-piezas\/"]}]},{"@type":"ImageObject","inLanguage":"es","@id":"https:\/\/naturapura.com\/es\/producto\/set-de-maternidad-personalizado-de-11-piezas\/#primaryimage","url":"https:\/\/i0.wp.com\/naturapura.com\/wp-content\/uploads\/2025\/10\/TB23PER2_1-1-scaled.jpg?fit=2560%2C2560&ssl=1","contentUrl":"https:\/\/i0.wp.com\/naturapura.com\/wp-content\/uploads\/2025\/10\/TB23PER2_1-1-scaled.jpg?fit=2560%2C2560&ssl=1","width":2560,"height":2560},{"@type":"BreadcrumbList","@id":"https:\/\/naturapura.com\/es\/producto\/set-de-maternidad-personalizado-de-11-piezas\/#breadcrumb","itemListElement":[{"@type":"ListItem","position":1,"name":"In\u00edcio","item":"https:\/\/naturapura.com\/es\/"},{"@type":"ListItem","position":2,"name":"Tienda","item":"https:\/\/naturapura.com\/es\/tienda\/"},{"@type":"ListItem","position":3,"name":"Canastilla ORO PERSONALIZADA"}]},{"@type":"WebSite","@id":"https:\/\/naturapura.com\/es\/#website","url":"https:\/\/naturapura.com\/es\/","name":"NaturaPura","description":"Roupinha de Beb\u00e9 e Complementos em Org\u00e2nico","publisher":{"@id":"https:\/\/naturapura.com\/es\/#organization"},"potentialAction":[{"@type":"SearchAction","target":{"@type":"EntryPoint","urlTemplate":"https:\/\/naturapura.com\/es\/?s={search_term_string}"},"query-input":{"@type":"PropertyValueSpecification","valueRequired":true,"valueName":"search_term_string"}}],"inLanguage":"es"},{"@type":"Organization","@id":"https:\/\/naturapura.com\/es\/#organization","name":"NATURAPURA","url":"https:\/\/naturapura.com\/es\/","logo":{"@type":"ImageObject","inLanguage":"es","@id":"https:\/\/naturapura.com\/es\/#\/schema\/logo\/image\/","url":"https:\/\/i0.wp.com\/naturapura.com\/wp-content\/uploads\/2023\/09\/logo-NP-bebe.png?fit=481%2C101&ssl=1","contentUrl":"https:\/\/i0.wp.com\/naturapura.com\/wp-content\/uploads\/2023\/09\/logo-NP-bebe.png?fit=481%2C101&ssl=1","width":481,"height":101,"caption":"NATURAPURA"},"image":{"@id":"https:\/\/naturapura.com\/es\/#\/schema\/logo\/image\/"}}]},"og_availability":"instock","product_availability":"instock","product_retailer_item_id":"TB23PER 2","product_condition":"new"},"jetpack_sharing_enabled":true,"_links":{"self":[{"href":"https:\/\/naturapura.com\/es\/wp-json\/wp\/v2\/product\/60105","targetHints":{"allow":["GET"]}}],"collection":[{"href":"https:\/\/naturapura.com\/es\/wp-json\/wp\/v2\/product"}],"about":[{"href":"https:\/\/naturapura.com\/es\/wp-json\/wp\/v2\/types\/product"}],"wp:featuredmedia":[{"embeddable":true,"href":"https:\/\/naturapura.com\/es\/wp-json\/wp\/v2\/media\/62323"}],"wp:attachment":[{"href":"https:\/\/naturapura.com\/es\/wp-json\/wp\/v2\/media?parent=60105"}],"wp:term":[{"taxonomy":"product_brand","embeddable":true,"href":"https:\/\/naturapura.com\/es\/wp-json\/wp\/v2\/product_brand?post=60105"},{"taxonomy":"product_cat","embeddable":true,"href":"https:\/\/naturapura.com\/es\/wp-json\/wp\/v2\/product_cat?post=60105"},{"taxonomy":"product_tag","embeddable":true,"href":"https:\/\/naturapura.com\/es\/wp-json\/wp\/v2\/product_tag?post=60105"},{"taxonomy":"giftcard-category","embeddable":true,"href":"https:\/\/naturapura.com\/es\/wp-json\/wp\/v2\/giftcard-category?post=60105"}],"curies":[{"name":"wp","href":"https:\/\/api.w.org\/{rel}","templated":true}]}}