{"id":37433,"date":"2021-01-18T17:29:19","date_gmt":"2021-01-18T17:29:19","guid":{"rendered":"https:\/\/naturapura.com\/product\/tarjeta-regalo-2\/"},"modified":"2021-01-20T12:58:44","modified_gmt":"2021-01-20T12:58:44","slug":"tarjeta-regalo-2","status":"publish","type":"product","link":"https:\/\/naturapura.com\/es\/producto\/tarjeta-regalo-2\/","title":{"rendered":"Tarjeta Regalo"},"content":{"rendered":"<p><strong>Tarjeta Regalo<\/strong><\/p>\n<p>\u00bfNo est\u00e1s segura de la talla del beb\u00e9?<\/p>\n<p>\u00bfDudas entre elegir un Body o un Peluche?<\/p>\n<p>La Tarjeta Regalo es el regalo ideal para quien tiene dudas sobre qu\u00e9 comprar.<\/p>\n<p>Es la forma m\u00e1s sencilla de dar un regalo a alguien y permitir que elija lo que m\u00e1s necesita su beb\u00e9.<\/p>\n<p>Esta tarjeta solo se puede cobrar en www.naturapura.com y su validez es de 24 meses desde la \u00a0\u00a0fecha de emisi\u00f3n.<\/p>\n<p>Puede elegir el importe que desee, todo con un solo clic.<\/p>\n<p>Puede comprar su Tarjeta\u00a0 Regalo para usar en cualquier destino, se enviar\u00e1 en EUR o GBP o USD (1EUR = 1GBP = 1USD) seg\u00fan el destino.<\/p>\n<p style=\"text-decoration: underline; font-weight: bold; color: #757575;\"><strong><a href=\"https:\/\/naturapura.com\/es\/tarjeta-regalo-naturapura\/\">Condiciones Generales de Uso<\/a><\/strong><\/p>\n","protected":false},"excerpt":{"rendered":"<p>Tarjeta Regalo \u00bfNo est\u00e1s segura de la talla del beb\u00e9? \u00bfDudas entre elegir un Body o un Peluche? La Tarjeta Regalo es el regalo ideal para quien tiene dudas sobre qu\u00e9 comprar. Es la forma m\u00e1s sencilla de dar un regalo a alguien y permitir que elija lo que m\u00e1s necesita su beb\u00e9. Esta tarjeta [&#8230;]\n","protected":false},"featured_media":37388,"template":"","meta":[],"product_brand":[],"product_cat":[3077,3078],"product_tag":[],"giftcard-category":[],"class_list":{"0":"post-37433","1":"product","2":"type-product","3":"status-publish","4":"has-post-thumbnail","6":"product_cat-ideas-para-regalar","7":"product_cat-tarjeta-regalo","9":"first","10":"instock","11":"virtual","12":"purchasable","13":"product-type-gift-card"},"exclude_global_add_ons":false,"addons":[{"name":"Nombre del Beb\u00e9","type":"custom_text","position":0,"required":true,"title_format":"label","default":"","description_enable":false,"description":"","placeholder_enable":false,"placeholder":"","display":"select","restrictions_type":"any_text","adjust_price":false,"price":"","price_type":"flat_fee","restrictions":true,"min":"2","max":"15","options":[],"id":1676654652},{"name":"Mensaje de regalo","type":"custom_textarea","position":0,"required":false,"title_format":"label","default":"","description_enable":true,"description":"Env\u00eda un mensaje de amor...","placeholder_enable":false,"placeholder":"","display":"select","restrictions_type":"any_text","adjust_price":false,"price":"3.00","price_type":"flat_fee","restrictions":true,"min":"0","max":"300","options":[]},{"name":"Notice","type":"heading","position":0,"required":false,"title_format":"label","default":"","description_enable":true,"description":"S\u00f3lo podremos entregar a tiempo para Navidad los art\u00edculos personalizados pedidos antes del 11 de diciembre.","placeholder_enable":false,"placeholder":"","display":"select","restrictions_type":"any_text","adjust_price":false,"price":"","price_type":"flat_fee","restrictions":false,"min":"0","max":"0","options":[],"id":1704365184},{"name":"Notice","type":"heading","position":0,"required":false,"title_format":"label","default":"","description_enable":true,"description":"Debido a las vacaciones de verano, los pedidos de art\u00edculos personalizados realizados desde el 7 de agosto, se enviar\u00e1n a partir del 10 de septiembre.","placeholder_enable":false,"placeholder":"","display":"select","restrictions_type":"any_text","adjust_price":false,"price":"","price_type":"flat_fee","restrictions":false,"min":"0","max":"0","options":[],"id":1692953567}],"yoast_head":"<!-- This site is optimized with the Yoast SEO plugin v27.4 - https:\/\/yoast.com\/product\/yoast-seo-wordpress\/ -->\n<title>Tarjeta Regalo - NaturaPura<\/title>\n<meta name=\"robots\" content=\"index, follow, max-snippet:-1, max-image-preview:large, max-video-preview:-1\" \/>\n<link rel=\"canonical\" href=\"https:\/\/naturapura.com\/es\/producto\/tarjeta-regalo-2\/\" \/>\n<meta property=\"og:locale\" content=\"es_ES\" \/>\n<meta property=\"og:type\" content=\"article\" \/>\n<meta property=\"og:title\" content=\"Tarjeta Regalo - NaturaPura\" \/>\n<meta property=\"og:description\" content=\"Tarjeta Regalo \u00bfNo est\u00e1s segura de la talla del beb\u00e9? \u00bfDudas entre elegir un Body o un Peluche? La Tarjeta Regalo es el regalo ideal para quien tiene dudas sobre qu\u00e9 comprar. Es la forma m\u00e1s sencilla de dar un regalo a alguien y permitir que elija lo que m\u00e1s necesita su beb\u00e9. Esta tarjeta [...]\" \/>\n<meta property=\"og:url\" content=\"https:\/\/naturapura.com\/es\/producto\/tarjeta-regalo-2\/\" \/>\n<meta property=\"og:site_name\" content=\"NaturaPura\" \/>\n<meta property=\"article:modified_time\" content=\"2021-01-20T12:58:44+00:00\" \/>\n<meta property=\"og:image\" content=\"https:\/\/naturapura.com\/wp-content\/uploads\/2021\/01\/Gift_Card.png\" \/>\n\t<meta property=\"og:image:width\" content=\"1300\" \/>\n\t<meta property=\"og:image:height\" content=\"1100\" \/>\n\t<meta property=\"og:image:type\" content=\"image\/png\" \/>\n<meta name=\"twitter:card\" content=\"summary_large_image\" \/>\n<meta name=\"twitter:label1\" content=\"Precio\" \/>\n\t<meta name=\"twitter:data1\" content=\"\" \/>\n\t<meta name=\"twitter:label2\" content=\"Disponibilidad\" \/>\n\t<meta name=\"twitter:data2\" content=\"Disponible\" \/>\n<script type=\"application\/ld+json\" class=\"yoast-schema-graph\">{\"@context\":\"https:\\\/\\\/schema.org\",\"@graph\":[{\"@type\":\"WebPage\",\"@id\":\"https:\\\/\\\/naturapura.com\\\/es\\\/producto\\\/tarjeta-regalo-2\\\/\",\"url\":\"https:\\\/\\\/naturapura.com\\\/es\\\/producto\\\/tarjeta-regalo-2\\\/\",\"name\":\"Tarjeta Regalo - NaturaPura\",\"isPartOf\":{\"@id\":\"https:\\\/\\\/naturapura.com\\\/es\\\/#website\"},\"primaryImageOfPage\":{\"@id\":\"https:\\\/\\\/naturapura.com\\\/es\\\/producto\\\/tarjeta-regalo-2\\\/#primaryimage\"},\"image\":{\"@id\":\"https:\\\/\\\/naturapura.com\\\/es\\\/producto\\\/tarjeta-regalo-2\\\/#primaryimage\"},\"thumbnailUrl\":\"https:\\\/\\\/i0.wp.com\\\/naturapura.com\\\/wp-content\\\/uploads\\\/2021\\\/01\\\/Gift_Card.png?fit=1300%2C1100&ssl=1\",\"datePublished\":\"2021-01-18T17:29:19+00:00\",\"dateModified\":\"2021-01-20T12:58:44+00:00\",\"breadcrumb\":{\"@id\":\"https:\\\/\\\/naturapura.com\\\/es\\\/producto\\\/tarjeta-regalo-2\\\/#breadcrumb\"},\"inLanguage\":\"es\",\"potentialAction\":[{\"@type\":\"ReadAction\",\"target\":[\"https:\\\/\\\/naturapura.com\\\/es\\\/producto\\\/tarjeta-regalo-2\\\/\"]}]},{\"@type\":\"ImageObject\",\"inLanguage\":\"es\",\"@id\":\"https:\\\/\\\/naturapura.com\\\/es\\\/producto\\\/tarjeta-regalo-2\\\/#primaryimage\",\"url\":\"https:\\\/\\\/i0.wp.com\\\/naturapura.com\\\/wp-content\\\/uploads\\\/2021\\\/01\\\/Gift_Card.png?fit=1300%2C1100&ssl=1\",\"contentUrl\":\"https:\\\/\\\/i0.wp.com\\\/naturapura.com\\\/wp-content\\\/uploads\\\/2021\\\/01\\\/Gift_Card.png?fit=1300%2C1100&ssl=1\",\"width\":1300,\"height\":1100,\"caption\":\"Tarjeta Regalo\"},{\"@type\":\"BreadcrumbList\",\"@id\":\"https:\\\/\\\/naturapura.com\\\/es\\\/producto\\\/tarjeta-regalo-2\\\/#breadcrumb\",\"itemListElement\":[{\"@type\":\"ListItem\",\"position\":1,\"name\":\"In\u00edcio\",\"item\":\"https:\\\/\\\/naturapura.com\\\/es\\\/\"},{\"@type\":\"ListItem\",\"position\":2,\"name\":\"Tienda\",\"item\":\"https:\\\/\\\/naturapura.com\\\/es\\\/tienda\\\/\"},{\"@type\":\"ListItem\",\"position\":3,\"name\":\"Tarjeta Regalo\"}]},{\"@type\":\"WebSite\",\"@id\":\"https:\\\/\\\/naturapura.com\\\/es\\\/#website\",\"url\":\"https:\\\/\\\/naturapura.com\\\/es\\\/\",\"name\":\"NaturaPura\",\"description\":\"Roupinha de Beb\u00e9 e Complementos em Org\u00e2nico\",\"publisher\":{\"@id\":\"https:\\\/\\\/naturapura.com\\\/es\\\/#organization\"},\"potentialAction\":[{\"@type\":\"SearchAction\",\"target\":{\"@type\":\"EntryPoint\",\"urlTemplate\":\"https:\\\/\\\/naturapura.com\\\/es\\\/?s={search_term_string}\"},\"query-input\":{\"@type\":\"PropertyValueSpecification\",\"valueRequired\":true,\"valueName\":\"search_term_string\"}}],\"inLanguage\":\"es\"},{\"@type\":\"Organization\",\"@id\":\"https:\\\/\\\/naturapura.com\\\/es\\\/#organization\",\"name\":\"NATURAPURA\",\"url\":\"https:\\\/\\\/naturapura.com\\\/es\\\/\",\"logo\":{\"@type\":\"ImageObject\",\"inLanguage\":\"es\",\"@id\":\"https:\\\/\\\/naturapura.com\\\/es\\\/#\\\/schema\\\/logo\\\/image\\\/\",\"url\":\"https:\\\/\\\/i0.wp.com\\\/naturapura.com\\\/wp-content\\\/uploads\\\/2023\\\/09\\\/logo-NP-bebe.png?fit=481%2C101&ssl=1\",\"contentUrl\":\"https:\\\/\\\/i0.wp.com\\\/naturapura.com\\\/wp-content\\\/uploads\\\/2023\\\/09\\\/logo-NP-bebe.png?fit=481%2C101&ssl=1\",\"width\":481,\"height\":101,\"caption\":\"NATURAPURA\"},\"image\":{\"@id\":\"https:\\\/\\\/naturapura.com\\\/es\\\/#\\\/schema\\\/logo\\\/image\\\/\"}}]}<\/script>\n<meta property=\"product:price:currency\" content=\"USD\" \/>\n<meta property=\"og:availability\" content=\"instock\" \/>\n<meta property=\"product:availability\" content=\"instock\" \/>\n<meta property=\"product:condition\" content=\"new\" \/>\n<!-- \/ Yoast SEO plugin. -->","yoast_head_json":{"title":"Tarjeta Regalo - NaturaPura","robots":{"index":"index","follow":"follow","max-snippet":"max-snippet:-1","max-image-preview":"max-image-preview:large","max-video-preview":"max-video-preview:-1"},"canonical":"https:\/\/naturapura.com\/es\/producto\/tarjeta-regalo-2\/","og_locale":"es_ES","og_type":"article","og_title":"Tarjeta Regalo - NaturaPura","og_description":"Tarjeta Regalo \u00bfNo est\u00e1s segura de la talla del beb\u00e9? \u00bfDudas entre elegir un Body o un Peluche? La Tarjeta Regalo es el regalo ideal para quien tiene dudas sobre qu\u00e9 comprar. Es la forma m\u00e1s sencilla de dar un regalo a alguien y permitir que elija lo que m\u00e1s necesita su beb\u00e9. Esta tarjeta [...]","og_url":"https:\/\/naturapura.com\/es\/producto\/tarjeta-regalo-2\/","og_site_name":"NaturaPura","article_modified_time":"2021-01-20T12:58:44+00:00","og_image":[{"width":1300,"height":1100,"url":"https:\/\/naturapura.com\/wp-content\/uploads\/2021\/01\/Gift_Card.png","type":"image\/png"}],"twitter_card":"summary_large_image","twitter_misc":{"Precio":"","Disponibilidad":"Disponible"},"schema":{"@context":"https:\/\/schema.org","@graph":[{"@type":"WebPage","@id":"https:\/\/naturapura.com\/es\/producto\/tarjeta-regalo-2\/","url":"https:\/\/naturapura.com\/es\/producto\/tarjeta-regalo-2\/","name":"Tarjeta Regalo - NaturaPura","isPartOf":{"@id":"https:\/\/naturapura.com\/es\/#website"},"primaryImageOfPage":{"@id":"https:\/\/naturapura.com\/es\/producto\/tarjeta-regalo-2\/#primaryimage"},"image":{"@id":"https:\/\/naturapura.com\/es\/producto\/tarjeta-regalo-2\/#primaryimage"},"thumbnailUrl":"https:\/\/i0.wp.com\/naturapura.com\/wp-content\/uploads\/2021\/01\/Gift_Card.png?fit=1300%2C1100&ssl=1","datePublished":"2021-01-18T17:29:19+00:00","dateModified":"2021-01-20T12:58:44+00:00","breadcrumb":{"@id":"https:\/\/naturapura.com\/es\/producto\/tarjeta-regalo-2\/#breadcrumb"},"inLanguage":"es","potentialAction":[{"@type":"ReadAction","target":["https:\/\/naturapura.com\/es\/producto\/tarjeta-regalo-2\/"]}]},{"@type":"ImageObject","inLanguage":"es","@id":"https:\/\/naturapura.com\/es\/producto\/tarjeta-regalo-2\/#primaryimage","url":"https:\/\/i0.wp.com\/naturapura.com\/wp-content\/uploads\/2021\/01\/Gift_Card.png?fit=1300%2C1100&ssl=1","contentUrl":"https:\/\/i0.wp.com\/naturapura.com\/wp-content\/uploads\/2021\/01\/Gift_Card.png?fit=1300%2C1100&ssl=1","width":1300,"height":1100,"caption":"Tarjeta Regalo"},{"@type":"BreadcrumbList","@id":"https:\/\/naturapura.com\/es\/producto\/tarjeta-regalo-2\/#breadcrumb","itemListElement":[{"@type":"ListItem","position":1,"name":"In\u00edcio","item":"https:\/\/naturapura.com\/es\/"},{"@type":"ListItem","position":2,"name":"Tienda","item":"https:\/\/naturapura.com\/es\/tienda\/"},{"@type":"ListItem","position":3,"name":"Tarjeta Regalo"}]},{"@type":"WebSite","@id":"https:\/\/naturapura.com\/es\/#website","url":"https:\/\/naturapura.com\/es\/","name":"NaturaPura","description":"Roupinha de Beb\u00e9 e Complementos em Org\u00e2nico","publisher":{"@id":"https:\/\/naturapura.com\/es\/#organization"},"potentialAction":[{"@type":"SearchAction","target":{"@type":"EntryPoint","urlTemplate":"https:\/\/naturapura.com\/es\/?s={search_term_string}"},"query-input":{"@type":"PropertyValueSpecification","valueRequired":true,"valueName":"search_term_string"}}],"inLanguage":"es"},{"@type":"Organization","@id":"https:\/\/naturapura.com\/es\/#organization","name":"NATURAPURA","url":"https:\/\/naturapura.com\/es\/","logo":{"@type":"ImageObject","inLanguage":"es","@id":"https:\/\/naturapura.com\/es\/#\/schema\/logo\/image\/","url":"https:\/\/i0.wp.com\/naturapura.com\/wp-content\/uploads\/2023\/09\/logo-NP-bebe.png?fit=481%2C101&ssl=1","contentUrl":"https:\/\/i0.wp.com\/naturapura.com\/wp-content\/uploads\/2023\/09\/logo-NP-bebe.png?fit=481%2C101&ssl=1","width":481,"height":101,"caption":"NATURAPURA"},"image":{"@id":"https:\/\/naturapura.com\/es\/#\/schema\/logo\/image\/"}}]},"product_price_currency":"USD","og_availability":"instock","product_availability":"instock","product_condition":"new"},"jetpack_sharing_enabled":true,"_links":{"self":[{"href":"https:\/\/naturapura.com\/es\/wp-json\/wp\/v2\/product\/37433","targetHints":{"allow":["GET"]}}],"collection":[{"href":"https:\/\/naturapura.com\/es\/wp-json\/wp\/v2\/product"}],"about":[{"href":"https:\/\/naturapura.com\/es\/wp-json\/wp\/v2\/types\/product"}],"wp:featuredmedia":[{"embeddable":true,"href":"https:\/\/naturapura.com\/es\/wp-json\/wp\/v2\/media\/37388"}],"wp:attachment":[{"href":"https:\/\/naturapura.com\/es\/wp-json\/wp\/v2\/media?parent=37433"}],"wp:term":[{"taxonomy":"product_brand","embeddable":true,"href":"https:\/\/naturapura.com\/es\/wp-json\/wp\/v2\/product_brand?post=37433"},{"taxonomy":"product_cat","embeddable":true,"href":"https:\/\/naturapura.com\/es\/wp-json\/wp\/v2\/product_cat?post=37433"},{"taxonomy":"product_tag","embeddable":true,"href":"https:\/\/naturapura.com\/es\/wp-json\/wp\/v2\/product_tag?post=37433"},{"taxonomy":"giftcard-category","embeddable":true,"href":"https:\/\/naturapura.com\/es\/wp-json\/wp\/v2\/giftcard-category?post=37433"}],"curies":[{"name":"wp","href":"https:\/\/api.w.org\/{rel}","templated":true}]}}