{"id":32095,"date":"2019-07-08T10:12:29","date_gmt":"2019-07-08T10:12:29","guid":{"rendered":"https:\/\/naturapura.com\/product\/set-recien-nacido\/"},"modified":"2020-11-16T09:25:43","modified_gmt":"2020-11-16T09:25:43","slug":"canastilla-recien-nacido","status":"publish","type":"product","link":"https:\/\/naturapura.com\/es\/producto\/canastilla-recien-nacido\/","title":{"rendered":"Canastilla RECIEN NACIDO"},"content":{"rendered":"<p><strong>Canastilla RECIEN NACIDO<\/strong><\/p>\n<p>Este Conjunto es ideal para su reci\u00e9n nacido.<\/p>\n<p>Est\u00e1 dise\u00f1ado con el mejor y m\u00e1s suave Algod\u00f3n Org\u00e1nico y ha sido dermatol\u00f3gicamente testado para garantizar la comodidad y el bienestar de su beb\u00e9.<\/p>\n<p>Este juego de beb\u00e9 reci\u00e9n nacido tiene un body con dise\u00f1o cruzado, que facilita el pon\u00e9rselo al bebe que a\u00fan no puede sostener la cabeza.<\/p>\n<p>El body est\u00e1 bordado lo que hace que sea un conjunto especial, sin embargo eta dise\u00f1ado con un cuidado especial para evitar el contacto directo con la delicada piel de su beb\u00e9.<\/p>\n<p>Se incluye una bolsa de algod\u00f3n para que pueda guardar las prendas y llevarlas f\u00e1cilmente a todas partes.<\/p>\n<ul>\n<li>Body manga larga bordado<\/li>\n<li>Pantalones bordados<\/li>\n<\/ul>\n","protected":false},"excerpt":{"rendered":"<p>BB07036<\/p>\n","protected":false},"featured_media":54107,"template":"","meta":[],"product_brand":[],"product_cat":[2267],"product_tag":[],"giftcard-category":[],"class_list":{"0":"post-32095","1":"product","2":"type-product","3":"status-publish","4":"has-post-thumbnail","6":"product_cat-canastilhas","8":"first","9":"instock","10":"taxable","11":"shipping-taxable","12":"product-type-variable","13":"has-default-attributes"},"exclude_global_add_ons":false,"addons":[{"name":"Nombre del Beb\u00e9","type":"custom_text","position":0,"required":true,"title_format":"label","default":"","description_enable":false,"description":"","placeholder_enable":false,"placeholder":"","display":"select","restrictions_type":"any_text","adjust_price":false,"price":"","price_type":"flat_fee","restrictions":true,"min":"2","max":"15","options":[],"id":1676654652},{"name":"Mensaje de regalo","type":"custom_textarea","position":0,"required":false,"title_format":"label","default":"","description_enable":true,"description":"Env\u00eda un mensaje de amor...","placeholder_enable":false,"placeholder":"","display":"select","restrictions_type":"any_text","adjust_price":false,"price":"3.00","price_type":"flat_fee","restrictions":true,"min":"0","max":"300","options":[]},{"name":"Notice","type":"heading","position":0,"required":false,"title_format":"label","default":"","description_enable":true,"description":"S\u00f3lo podremos entregar a tiempo para Navidad los art\u00edculos personalizados pedidos antes del 11 de diciembre.","placeholder_enable":false,"placeholder":"","display":"select","restrictions_type":"any_text","adjust_price":false,"price":"","price_type":"flat_fee","restrictions":false,"min":"0","max":"0","options":[],"id":1704365184},{"name":"Notice","type":"heading","position":0,"required":false,"title_format":"label","default":"","description_enable":true,"description":"Debido a las vacaciones de verano, los pedidos de art\u00edculos personalizados realizados desde el 7 de agosto, se enviar\u00e1n a partir del 10 de septiembre.","placeholder_enable":false,"placeholder":"","display":"select","restrictions_type":"any_text","adjust_price":false,"price":"","price_type":"flat_fee","restrictions":false,"min":"0","max":"0","options":[],"id":1692953567}],"yoast_head":"<!-- This site is optimized with the Yoast SEO plugin v27.3 - https:\/\/yoast.com\/product\/yoast-seo-wordpress\/ -->\n<title>Canastilla RECIEN NACIDO - NaturaPura<\/title>\n<meta name=\"robots\" content=\"index, follow, max-snippet:-1, max-image-preview:large, max-video-preview:-1\" \/>\n<link rel=\"canonical\" href=\"https:\/\/naturapura.com\/es\/producto\/canastilla-recien-nacido\/\" \/>\n<meta property=\"og:locale\" content=\"es_ES\" \/>\n<meta property=\"og:type\" content=\"article\" \/>\n<meta property=\"og:title\" content=\"Canastilla RECIEN NACIDO - NaturaPura\" \/>\n<meta property=\"og:description\" content=\"BB07036\" \/>\n<meta property=\"og:url\" content=\"https:\/\/naturapura.com\/es\/producto\/canastilla-recien-nacido\/\" \/>\n<meta property=\"og:site_name\" content=\"NaturaPura\" \/>\n<meta property=\"article:modified_time\" content=\"2020-11-16T09:25:43+00:00\" \/>\n<meta property=\"og:image\" content=\"https:\/\/naturapura.com\/wp-content\/uploads\/2019\/07\/BB07036-1.jpg\" \/>\n\t<meta property=\"og:image:width\" content=\"1200\" \/>\n\t<meta property=\"og:image:height\" content=\"1200\" \/>\n\t<meta property=\"og:image:type\" content=\"image\/jpeg\" \/>\n<meta name=\"twitter:card\" content=\"summary_large_image\" \/>\n<meta name=\"twitter:label1\" content=\"Disponibilidad\" \/>\n\t<meta name=\"twitter:data1\" content=\"Disponible\" \/>\n<script type=\"application\/ld+json\" class=\"yoast-schema-graph\">{\"@context\":\"https:\\\/\\\/schema.org\",\"@graph\":[{\"@type\":\"WebPage\",\"@id\":\"https:\\\/\\\/naturapura.com\\\/es\\\/producto\\\/canastilla-recien-nacido\\\/\",\"url\":\"https:\\\/\\\/naturapura.com\\\/es\\\/producto\\\/canastilla-recien-nacido\\\/\",\"name\":\"Canastilla RECIEN NACIDO - NaturaPura\",\"isPartOf\":{\"@id\":\"https:\\\/\\\/naturapura.com\\\/es\\\/#website\"},\"primaryImageOfPage\":{\"@id\":\"https:\\\/\\\/naturapura.com\\\/es\\\/producto\\\/canastilla-recien-nacido\\\/#primaryimage\"},\"image\":{\"@id\":\"https:\\\/\\\/naturapura.com\\\/es\\\/producto\\\/canastilla-recien-nacido\\\/#primaryimage\"},\"thumbnailUrl\":\"https:\\\/\\\/i0.wp.com\\\/naturapura.com\\\/wp-content\\\/uploads\\\/2019\\\/07\\\/BB07036-1.jpg?fit=1200%2C1200&ssl=1\",\"datePublished\":\"2019-07-08T10:12:29+00:00\",\"dateModified\":\"2020-11-16T09:25:43+00:00\",\"breadcrumb\":{\"@id\":\"https:\\\/\\\/naturapura.com\\\/es\\\/producto\\\/canastilla-recien-nacido\\\/#breadcrumb\"},\"inLanguage\":\"es\",\"potentialAction\":[{\"@type\":\"ReadAction\",\"target\":[\"https:\\\/\\\/naturapura.com\\\/es\\\/producto\\\/canastilla-recien-nacido\\\/\"]}]},{\"@type\":\"ImageObject\",\"inLanguage\":\"es\",\"@id\":\"https:\\\/\\\/naturapura.com\\\/es\\\/producto\\\/canastilla-recien-nacido\\\/#primaryimage\",\"url\":\"https:\\\/\\\/i0.wp.com\\\/naturapura.com\\\/wp-content\\\/uploads\\\/2019\\\/07\\\/BB07036-1.jpg?fit=1200%2C1200&ssl=1\",\"contentUrl\":\"https:\\\/\\\/i0.wp.com\\\/naturapura.com\\\/wp-content\\\/uploads\\\/2019\\\/07\\\/BB07036-1.jpg?fit=1200%2C1200&ssl=1\",\"width\":1200,\"height\":1200},{\"@type\":\"BreadcrumbList\",\"@id\":\"https:\\\/\\\/naturapura.com\\\/es\\\/producto\\\/canastilla-recien-nacido\\\/#breadcrumb\",\"itemListElement\":[{\"@type\":\"ListItem\",\"position\":1,\"name\":\"In\u00edcio\",\"item\":\"https:\\\/\\\/naturapura.com\\\/es\\\/\"},{\"@type\":\"ListItem\",\"position\":2,\"name\":\"Tienda\",\"item\":\"https:\\\/\\\/naturapura.com\\\/es\\\/tienda\\\/\"},{\"@type\":\"ListItem\",\"position\":3,\"name\":\"Canastilla RECIEN NACIDO\"}]},{\"@type\":\"WebSite\",\"@id\":\"https:\\\/\\\/naturapura.com\\\/es\\\/#website\",\"url\":\"https:\\\/\\\/naturapura.com\\\/es\\\/\",\"name\":\"NaturaPura\",\"description\":\"Roupinha de Beb\u00e9 e Complementos em Org\u00e2nico\",\"publisher\":{\"@id\":\"https:\\\/\\\/naturapura.com\\\/es\\\/#organization\"},\"potentialAction\":[{\"@type\":\"SearchAction\",\"target\":{\"@type\":\"EntryPoint\",\"urlTemplate\":\"https:\\\/\\\/naturapura.com\\\/es\\\/?s={search_term_string}\"},\"query-input\":{\"@type\":\"PropertyValueSpecification\",\"valueRequired\":true,\"valueName\":\"search_term_string\"}}],\"inLanguage\":\"es\"},{\"@type\":\"Organization\",\"@id\":\"https:\\\/\\\/naturapura.com\\\/es\\\/#organization\",\"name\":\"NATURAPURA\",\"url\":\"https:\\\/\\\/naturapura.com\\\/es\\\/\",\"logo\":{\"@type\":\"ImageObject\",\"inLanguage\":\"es\",\"@id\":\"https:\\\/\\\/naturapura.com\\\/es\\\/#\\\/schema\\\/logo\\\/image\\\/\",\"url\":\"https:\\\/\\\/i0.wp.com\\\/naturapura.com\\\/wp-content\\\/uploads\\\/2023\\\/09\\\/logo-NP-bebe.png?fit=481%2C101&ssl=1\",\"contentUrl\":\"https:\\\/\\\/i0.wp.com\\\/naturapura.com\\\/wp-content\\\/uploads\\\/2023\\\/09\\\/logo-NP-bebe.png?fit=481%2C101&ssl=1\",\"width\":481,\"height\":101,\"caption\":\"NATURAPURA\"},\"image\":{\"@id\":\"https:\\\/\\\/naturapura.com\\\/es\\\/#\\\/schema\\\/logo\\\/image\\\/\"}}]}<\/script>\n<meta property=\"og:availability\" content=\"instock\" \/>\n<meta property=\"product:availability\" content=\"instock\" \/>\n<meta property=\"product:retailer_item_id\" content=\"BB07036\" \/>\n<meta property=\"product:condition\" content=\"new\" \/>\n<!-- \/ Yoast SEO plugin. -->","yoast_head_json":{"title":"Canastilla RECIEN NACIDO - NaturaPura","robots":{"index":"index","follow":"follow","max-snippet":"max-snippet:-1","max-image-preview":"max-image-preview:large","max-video-preview":"max-video-preview:-1"},"canonical":"https:\/\/naturapura.com\/es\/producto\/canastilla-recien-nacido\/","og_locale":"es_ES","og_type":"article","og_title":"Canastilla RECIEN NACIDO - NaturaPura","og_description":"BB07036","og_url":"https:\/\/naturapura.com\/es\/producto\/canastilla-recien-nacido\/","og_site_name":"NaturaPura","article_modified_time":"2020-11-16T09:25:43+00:00","og_image":[{"width":1200,"height":1200,"url":"https:\/\/naturapura.com\/wp-content\/uploads\/2019\/07\/BB07036-1.jpg","type":"image\/jpeg"}],"twitter_card":"summary_large_image","twitter_misc":{"Disponibilidad":"Disponible"},"schema":{"@context":"https:\/\/schema.org","@graph":[{"@type":"WebPage","@id":"https:\/\/naturapura.com\/es\/producto\/canastilla-recien-nacido\/","url":"https:\/\/naturapura.com\/es\/producto\/canastilla-recien-nacido\/","name":"Canastilla RECIEN NACIDO - NaturaPura","isPartOf":{"@id":"https:\/\/naturapura.com\/es\/#website"},"primaryImageOfPage":{"@id":"https:\/\/naturapura.com\/es\/producto\/canastilla-recien-nacido\/#primaryimage"},"image":{"@id":"https:\/\/naturapura.com\/es\/producto\/canastilla-recien-nacido\/#primaryimage"},"thumbnailUrl":"https:\/\/i0.wp.com\/naturapura.com\/wp-content\/uploads\/2019\/07\/BB07036-1.jpg?fit=1200%2C1200&ssl=1","datePublished":"2019-07-08T10:12:29+00:00","dateModified":"2020-11-16T09:25:43+00:00","breadcrumb":{"@id":"https:\/\/naturapura.com\/es\/producto\/canastilla-recien-nacido\/#breadcrumb"},"inLanguage":"es","potentialAction":[{"@type":"ReadAction","target":["https:\/\/naturapura.com\/es\/producto\/canastilla-recien-nacido\/"]}]},{"@type":"ImageObject","inLanguage":"es","@id":"https:\/\/naturapura.com\/es\/producto\/canastilla-recien-nacido\/#primaryimage","url":"https:\/\/i0.wp.com\/naturapura.com\/wp-content\/uploads\/2019\/07\/BB07036-1.jpg?fit=1200%2C1200&ssl=1","contentUrl":"https:\/\/i0.wp.com\/naturapura.com\/wp-content\/uploads\/2019\/07\/BB07036-1.jpg?fit=1200%2C1200&ssl=1","width":1200,"height":1200},{"@type":"BreadcrumbList","@id":"https:\/\/naturapura.com\/es\/producto\/canastilla-recien-nacido\/#breadcrumb","itemListElement":[{"@type":"ListItem","position":1,"name":"In\u00edcio","item":"https:\/\/naturapura.com\/es\/"},{"@type":"ListItem","position":2,"name":"Tienda","item":"https:\/\/naturapura.com\/es\/tienda\/"},{"@type":"ListItem","position":3,"name":"Canastilla RECIEN NACIDO"}]},{"@type":"WebSite","@id":"https:\/\/naturapura.com\/es\/#website","url":"https:\/\/naturapura.com\/es\/","name":"NaturaPura","description":"Roupinha de Beb\u00e9 e Complementos em Org\u00e2nico","publisher":{"@id":"https:\/\/naturapura.com\/es\/#organization"},"potentialAction":[{"@type":"SearchAction","target":{"@type":"EntryPoint","urlTemplate":"https:\/\/naturapura.com\/es\/?s={search_term_string}"},"query-input":{"@type":"PropertyValueSpecification","valueRequired":true,"valueName":"search_term_string"}}],"inLanguage":"es"},{"@type":"Organization","@id":"https:\/\/naturapura.com\/es\/#organization","name":"NATURAPURA","url":"https:\/\/naturapura.com\/es\/","logo":{"@type":"ImageObject","inLanguage":"es","@id":"https:\/\/naturapura.com\/es\/#\/schema\/logo\/image\/","url":"https:\/\/i0.wp.com\/naturapura.com\/wp-content\/uploads\/2023\/09\/logo-NP-bebe.png?fit=481%2C101&ssl=1","contentUrl":"https:\/\/i0.wp.com\/naturapura.com\/wp-content\/uploads\/2023\/09\/logo-NP-bebe.png?fit=481%2C101&ssl=1","width":481,"height":101,"caption":"NATURAPURA"},"image":{"@id":"https:\/\/naturapura.com\/es\/#\/schema\/logo\/image\/"}}]},"og_availability":"instock","product_availability":"instock","product_retailer_item_id":"BB07036","product_condition":"new"},"jetpack_sharing_enabled":true,"_links":{"self":[{"href":"https:\/\/naturapura.com\/es\/wp-json\/wp\/v2\/product\/32095","targetHints":{"allow":["GET"]}}],"collection":[{"href":"https:\/\/naturapura.com\/es\/wp-json\/wp\/v2\/product"}],"about":[{"href":"https:\/\/naturapura.com\/es\/wp-json\/wp\/v2\/types\/product"}],"wp:featuredmedia":[{"embeddable":true,"href":"https:\/\/naturapura.com\/es\/wp-json\/wp\/v2\/media\/54107"}],"wp:attachment":[{"href":"https:\/\/naturapura.com\/es\/wp-json\/wp\/v2\/media?parent=32095"}],"wp:term":[{"taxonomy":"product_brand","embeddable":true,"href":"https:\/\/naturapura.com\/es\/wp-json\/wp\/v2\/product_brand?post=32095"},{"taxonomy":"product_cat","embeddable":true,"href":"https:\/\/naturapura.com\/es\/wp-json\/wp\/v2\/product_cat?post=32095"},{"taxonomy":"product_tag","embeddable":true,"href":"https:\/\/naturapura.com\/es\/wp-json\/wp\/v2\/product_tag?post=32095"},{"taxonomy":"giftcard-category","embeddable":true,"href":"https:\/\/naturapura.com\/es\/wp-json\/wp\/v2\/giftcard-category?post=32095"}],"curies":[{"name":"wp","href":"https:\/\/api.w.org\/{rel}","templated":true}]}}