{"id":28908,"date":"2019-07-08T09:52:57","date_gmt":"2019-07-08T09:52:57","guid":{"rendered":"https:\/\/naturapura.com\/product\/manta-personalizada\/"},"modified":"2025-04-21T13:53:07","modified_gmt":"2025-04-21T13:53:07","slug":"toquilla-personalizada","status":"publish","type":"product","link":"https:\/\/naturapura.com\/es\/producto\/toquilla-personalizada\/","title":{"rendered":"Toquilla PERSONALIZADA"},"content":{"rendered":"<p><strong>Toquilla PERSONALIZADA<\/strong><\/p>\n<p>En NaturaPura tenemos un producto muy especial.<\/p>\n<p>Nuestra Toquilla personalizada est\u00e1 elaborada con el mejor Algod\u00f3n Org\u00e1nico certificado ecol\u00f3gicamente, en su color natural ecru.<\/p>\n<p>Es muy c\u00f3moda y se puede personalizar con el nombre del beb\u00e9.<\/p>\n<p>\u00bfPodr\u00eda haber un mejor regalo para un beb\u00e9 tan especial?<\/p>\n<p>Arropa a tu beb\u00e9 con ternura con NaturaPura.<\/p>\n","protected":false},"excerpt":{"rendered":"<p>TB06000lj<\/p>\n","protected":false},"featured_media":63221,"template":"","meta":[],"product_brand":[],"product_cat":[2242,2248],"product_tag":[],"giftcard-category":[],"class_list":{"0":"post-28908","1":"product","2":"type-product","3":"status-publish","4":"has-post-thumbnail","6":"product_cat-articulos-personalizados","7":"product_cat-toquillas","9":"first","10":"instock","11":"taxable","12":"shipping-taxable","13":"purchasable","14":"product-type-variable","15":"has-default-attributes"},"exclude_global_add_ons":false,"addons":[{"name":"Nombre del Beb\u00e9","type":"custom_text","position":0,"required":true,"title_format":"label","default":"","description_enable":false,"description":"","placeholder_enable":false,"placeholder":"","display":"select","restrictions_type":"any_text","adjust_price":false,"price":"","price_type":"flat_fee","restrictions":true,"min":"2","max":"15","options":[],"id":1670858402},{"name":"Nombre del Beb\u00e9","type":"custom_text","position":0,"required":true,"title_format":"label","default":"","description_enable":false,"description":"","placeholder_enable":false,"placeholder":"","display":"select","restrictions_type":"any_text","adjust_price":false,"price":"","price_type":"flat_fee","restrictions":true,"min":"2","max":"15","options":[],"id":1676654652},{"name":"Mensaje de regalo","type":"custom_textarea","position":0,"required":false,"title_format":"label","default":"","description_enable":true,"description":"Env\u00eda un mensaje de amor...","placeholder_enable":false,"placeholder":"","display":"select","restrictions_type":"any_text","adjust_price":false,"price":"3.00","price_type":"flat_fee","restrictions":true,"min":"0","max":"300","options":[]},{"name":"Notice","type":"heading","position":0,"required":false,"title_format":"label","default":"","description_enable":true,"description":"El procesamiento de pedidos de productos personalizados puede tardar hasta 12 d\u00edas h\u00e1biles. ","placeholder_enable":false,"placeholder":"","display":"select","restrictions_type":"any_text","adjust_price":false,"price":"","price_type":"flat_fee","restrictions":false,"min":"0","max":"0","options":[],"id":1704365216},{"name":"Notice","type":"heading","position":0,"required":false,"title_format":"label","default":"","description_enable":true,"description":"S\u00f3lo podremos entregar a tiempo para Navidad los art\u00edculos personalizados pedidos antes del 11 de diciembre.","placeholder_enable":false,"placeholder":"","display":"select","restrictions_type":"any_text","adjust_price":false,"price":"","price_type":"flat_fee","restrictions":false,"min":"0","max":"0","options":[],"id":1704365184},{"name":"Notice","type":"heading","position":0,"required":false,"title_format":"label","default":"","description_enable":true,"description":"Debido a las vacaciones de verano, los pedidos de art\u00edculos personalizados realizados desde el 7 de agosto, se enviar\u00e1n a partir del 10 de septiembre.","placeholder_enable":false,"placeholder":"","display":"select","restrictions_type":"any_text","adjust_price":false,"price":"","price_type":"flat_fee","restrictions":false,"min":"0","max":"0","options":[],"id":1692953567}],"yoast_head":"<!-- This site is optimized with the Yoast SEO plugin v27.4 - https:\/\/yoast.com\/product\/yoast-seo-wordpress\/ -->\n<title>Toquilla PERSONALIZADA - 100 Mantas Org\u00e1nicas - NaturaPura<\/title>\n<meta name=\"description\" content=\"En NaturaPura tenemos un producto muy especial. Nuestra manta personalizada est\u00e1 hecha del mejor algod\u00f3n org\u00e1nico certificado ecol\u00f3gicamente.\" \/>\n<meta name=\"robots\" content=\"index, follow, max-snippet:-1, max-image-preview:large, max-video-preview:-1\" \/>\n<link rel=\"canonical\" href=\"https:\/\/naturapura.com\/es\/producto\/toquilla-personalizada\/\" \/>\n<meta property=\"og:locale\" content=\"es_ES\" \/>\n<meta property=\"og:type\" content=\"article\" \/>\n<meta property=\"og:title\" content=\"Toquilla PERSONALIZADA - 100 Mantas Org\u00e1nicas - NaturaPura\" \/>\n<meta property=\"og:description\" content=\"Nuestra manta personalizada est\u00e1 hecha de la mejor algod\u00f3n org\u00e1nico certificado ecol\u00f3gicamente, en su color natural ecru. Es muy c\u00f3modo y se puede personalizar con el nombre del beb\u00e9.\" \/>\n<meta property=\"og:url\" content=\"https:\/\/naturapura.com\/es\/producto\/toquilla-personalizada\/\" \/>\n<meta property=\"og:site_name\" content=\"NaturaPura\" \/>\n<meta property=\"article:modified_time\" content=\"2025-04-21T13:53:07+00:00\" \/>\n<meta property=\"og:image\" content=\"http:\/\/naturapura.com\/wp-content\/uploads\/2019\/07\/Personalized-Blanket.jpg\" \/>\n<meta name=\"twitter:card\" content=\"summary_large_image\" \/>\n<meta name=\"twitter:description\" content=\"Nuestra manta personalizada est\u00e1 hecha de la mejor algod\u00f3n org\u00e1nico certificado ecol\u00f3gicamente, en su color natural ecru. Es muy c\u00f3modo y se puede personalizar con el nombre del beb\u00e9.\" \/>\n<meta name=\"twitter:label1\" content=\"Disponibilidad\" \/>\n\t<meta name=\"twitter:data1\" content=\"Disponible\" \/>\n<script type=\"application\/ld+json\" class=\"yoast-schema-graph\">{\"@context\":\"https:\\\/\\\/schema.org\",\"@graph\":[{\"@type\":\"WebPage\",\"@id\":\"https:\\\/\\\/naturapura.com\\\/es\\\/producto\\\/toquilla-personalizada\\\/\",\"url\":\"https:\\\/\\\/naturapura.com\\\/es\\\/producto\\\/toquilla-personalizada\\\/\",\"name\":\"Toquilla PERSONALIZADA - 100 Mantas Org\u00e1nicas - NaturaPura\",\"isPartOf\":{\"@id\":\"https:\\\/\\\/naturapura.com\\\/es\\\/#website\"},\"primaryImageOfPage\":{\"@id\":\"https:\\\/\\\/naturapura.com\\\/es\\\/producto\\\/toquilla-personalizada\\\/#primaryimage\"},\"image\":{\"@id\":\"https:\\\/\\\/naturapura.com\\\/es\\\/producto\\\/toquilla-personalizada\\\/#primaryimage\"},\"thumbnailUrl\":\"https:\\\/\\\/i0.wp.com\\\/naturapura.com\\\/wp-content\\\/uploads\\\/2019\\\/07\\\/TB06000LJ-scaled.jpg?fit=2560%2C2560&ssl=1\",\"datePublished\":\"2019-07-08T09:52:57+00:00\",\"dateModified\":\"2025-04-21T13:53:07+00:00\",\"description\":\"En NaturaPura tenemos un producto muy especial. Nuestra manta personalizada est\u00e1 hecha del mejor algod\u00f3n org\u00e1nico certificado ecol\u00f3gicamente.\",\"breadcrumb\":{\"@id\":\"https:\\\/\\\/naturapura.com\\\/es\\\/producto\\\/toquilla-personalizada\\\/#breadcrumb\"},\"inLanguage\":\"es\",\"potentialAction\":[{\"@type\":\"ReadAction\",\"target\":[\"https:\\\/\\\/naturapura.com\\\/es\\\/producto\\\/toquilla-personalizada\\\/\"]}]},{\"@type\":\"ImageObject\",\"inLanguage\":\"es\",\"@id\":\"https:\\\/\\\/naturapura.com\\\/es\\\/producto\\\/toquilla-personalizada\\\/#primaryimage\",\"url\":\"https:\\\/\\\/i0.wp.com\\\/naturapura.com\\\/wp-content\\\/uploads\\\/2019\\\/07\\\/TB06000LJ-scaled.jpg?fit=2560%2C2560&ssl=1\",\"contentUrl\":\"https:\\\/\\\/i0.wp.com\\\/naturapura.com\\\/wp-content\\\/uploads\\\/2019\\\/07\\\/TB06000LJ-scaled.jpg?fit=2560%2C2560&ssl=1\",\"width\":2560,\"height\":2560},{\"@type\":\"BreadcrumbList\",\"@id\":\"https:\\\/\\\/naturapura.com\\\/es\\\/producto\\\/toquilla-personalizada\\\/#breadcrumb\",\"itemListElement\":[{\"@type\":\"ListItem\",\"position\":1,\"name\":\"In\u00edcio\",\"item\":\"https:\\\/\\\/naturapura.com\\\/es\\\/\"},{\"@type\":\"ListItem\",\"position\":2,\"name\":\"Tienda\",\"item\":\"https:\\\/\\\/naturapura.com\\\/es\\\/tienda\\\/\"},{\"@type\":\"ListItem\",\"position\":3,\"name\":\"Toquilla PERSONALIZADA\"}]},{\"@type\":\"WebSite\",\"@id\":\"https:\\\/\\\/naturapura.com\\\/es\\\/#website\",\"url\":\"https:\\\/\\\/naturapura.com\\\/es\\\/\",\"name\":\"NaturaPura\",\"description\":\"Roupinha de Beb\u00e9 e Complementos em Org\u00e2nico\",\"publisher\":{\"@id\":\"https:\\\/\\\/naturapura.com\\\/es\\\/#organization\"},\"potentialAction\":[{\"@type\":\"SearchAction\",\"target\":{\"@type\":\"EntryPoint\",\"urlTemplate\":\"https:\\\/\\\/naturapura.com\\\/es\\\/?s={search_term_string}\"},\"query-input\":{\"@type\":\"PropertyValueSpecification\",\"valueRequired\":true,\"valueName\":\"search_term_string\"}}],\"inLanguage\":\"es\"},{\"@type\":\"Organization\",\"@id\":\"https:\\\/\\\/naturapura.com\\\/es\\\/#organization\",\"name\":\"NATURAPURA\",\"url\":\"https:\\\/\\\/naturapura.com\\\/es\\\/\",\"logo\":{\"@type\":\"ImageObject\",\"inLanguage\":\"es\",\"@id\":\"https:\\\/\\\/naturapura.com\\\/es\\\/#\\\/schema\\\/logo\\\/image\\\/\",\"url\":\"https:\\\/\\\/i0.wp.com\\\/naturapura.com\\\/wp-content\\\/uploads\\\/2023\\\/09\\\/logo-NP-bebe.png?fit=481%2C101&ssl=1\",\"contentUrl\":\"https:\\\/\\\/i0.wp.com\\\/naturapura.com\\\/wp-content\\\/uploads\\\/2023\\\/09\\\/logo-NP-bebe.png?fit=481%2C101&ssl=1\",\"width\":481,\"height\":101,\"caption\":\"NATURAPURA\"},\"image\":{\"@id\":\"https:\\\/\\\/naturapura.com\\\/es\\\/#\\\/schema\\\/logo\\\/image\\\/\"}}]}<\/script>\n<meta property=\"og:availability\" content=\"instock\" \/>\n<meta property=\"product:availability\" content=\"instock\" \/>\n<meta property=\"product:retailer_item_id\" content=\"TB06000lj\" \/>\n<meta property=\"product:condition\" content=\"new\" \/>\n<!-- \/ Yoast SEO plugin. -->","yoast_head_json":{"title":"Toquilla PERSONALIZADA - 100 Mantas Org\u00e1nicas - NaturaPura","description":"En NaturaPura tenemos un producto muy especial. Nuestra manta personalizada est\u00e1 hecha del mejor algod\u00f3n org\u00e1nico certificado ecol\u00f3gicamente.","robots":{"index":"index","follow":"follow","max-snippet":"max-snippet:-1","max-image-preview":"max-image-preview:large","max-video-preview":"max-video-preview:-1"},"canonical":"https:\/\/naturapura.com\/es\/producto\/toquilla-personalizada\/","og_locale":"es_ES","og_type":"article","og_title":"Toquilla PERSONALIZADA - 100 Mantas Org\u00e1nicas - NaturaPura","og_description":"Nuestra manta personalizada est\u00e1 hecha de la mejor algod\u00f3n org\u00e1nico certificado ecol\u00f3gicamente, en su color natural ecru. Es muy c\u00f3modo y se puede personalizar con el nombre del beb\u00e9.","og_url":"https:\/\/naturapura.com\/es\/producto\/toquilla-personalizada\/","og_site_name":"NaturaPura","article_modified_time":"2025-04-21T13:53:07+00:00","og_image":[{"url":"http:\/\/naturapura.com\/wp-content\/uploads\/2019\/07\/Personalized-Blanket.jpg","type":"","width":"","height":""}],"twitter_card":"summary_large_image","twitter_description":"Nuestra manta personalizada est\u00e1 hecha de la mejor algod\u00f3n org\u00e1nico certificado ecol\u00f3gicamente, en su color natural ecru. Es muy c\u00f3modo y se puede personalizar con el nombre del beb\u00e9.","twitter_misc":{"Disponibilidad":"Disponible"},"schema":{"@context":"https:\/\/schema.org","@graph":[{"@type":"WebPage","@id":"https:\/\/naturapura.com\/es\/producto\/toquilla-personalizada\/","url":"https:\/\/naturapura.com\/es\/producto\/toquilla-personalizada\/","name":"Toquilla PERSONALIZADA - 100 Mantas Org\u00e1nicas - NaturaPura","isPartOf":{"@id":"https:\/\/naturapura.com\/es\/#website"},"primaryImageOfPage":{"@id":"https:\/\/naturapura.com\/es\/producto\/toquilla-personalizada\/#primaryimage"},"image":{"@id":"https:\/\/naturapura.com\/es\/producto\/toquilla-personalizada\/#primaryimage"},"thumbnailUrl":"https:\/\/i0.wp.com\/naturapura.com\/wp-content\/uploads\/2019\/07\/TB06000LJ-scaled.jpg?fit=2560%2C2560&ssl=1","datePublished":"2019-07-08T09:52:57+00:00","dateModified":"2025-04-21T13:53:07+00:00","description":"En NaturaPura tenemos un producto muy especial. Nuestra manta personalizada est\u00e1 hecha del mejor algod\u00f3n org\u00e1nico certificado ecol\u00f3gicamente.","breadcrumb":{"@id":"https:\/\/naturapura.com\/es\/producto\/toquilla-personalizada\/#breadcrumb"},"inLanguage":"es","potentialAction":[{"@type":"ReadAction","target":["https:\/\/naturapura.com\/es\/producto\/toquilla-personalizada\/"]}]},{"@type":"ImageObject","inLanguage":"es","@id":"https:\/\/naturapura.com\/es\/producto\/toquilla-personalizada\/#primaryimage","url":"https:\/\/i0.wp.com\/naturapura.com\/wp-content\/uploads\/2019\/07\/TB06000LJ-scaled.jpg?fit=2560%2C2560&ssl=1","contentUrl":"https:\/\/i0.wp.com\/naturapura.com\/wp-content\/uploads\/2019\/07\/TB06000LJ-scaled.jpg?fit=2560%2C2560&ssl=1","width":2560,"height":2560},{"@type":"BreadcrumbList","@id":"https:\/\/naturapura.com\/es\/producto\/toquilla-personalizada\/#breadcrumb","itemListElement":[{"@type":"ListItem","position":1,"name":"In\u00edcio","item":"https:\/\/naturapura.com\/es\/"},{"@type":"ListItem","position":2,"name":"Tienda","item":"https:\/\/naturapura.com\/es\/tienda\/"},{"@type":"ListItem","position":3,"name":"Toquilla PERSONALIZADA"}]},{"@type":"WebSite","@id":"https:\/\/naturapura.com\/es\/#website","url":"https:\/\/naturapura.com\/es\/","name":"NaturaPura","description":"Roupinha de Beb\u00e9 e Complementos em Org\u00e2nico","publisher":{"@id":"https:\/\/naturapura.com\/es\/#organization"},"potentialAction":[{"@type":"SearchAction","target":{"@type":"EntryPoint","urlTemplate":"https:\/\/naturapura.com\/es\/?s={search_term_string}"},"query-input":{"@type":"PropertyValueSpecification","valueRequired":true,"valueName":"search_term_string"}}],"inLanguage":"es"},{"@type":"Organization","@id":"https:\/\/naturapura.com\/es\/#organization","name":"NATURAPURA","url":"https:\/\/naturapura.com\/es\/","logo":{"@type":"ImageObject","inLanguage":"es","@id":"https:\/\/naturapura.com\/es\/#\/schema\/logo\/image\/","url":"https:\/\/i0.wp.com\/naturapura.com\/wp-content\/uploads\/2023\/09\/logo-NP-bebe.png?fit=481%2C101&ssl=1","contentUrl":"https:\/\/i0.wp.com\/naturapura.com\/wp-content\/uploads\/2023\/09\/logo-NP-bebe.png?fit=481%2C101&ssl=1","width":481,"height":101,"caption":"NATURAPURA"},"image":{"@id":"https:\/\/naturapura.com\/es\/#\/schema\/logo\/image\/"}}]},"og_availability":"instock","product_availability":"instock","product_retailer_item_id":"TB06000lj","product_condition":"new"},"jetpack_sharing_enabled":true,"_links":{"self":[{"href":"https:\/\/naturapura.com\/es\/wp-json\/wp\/v2\/product\/28908","targetHints":{"allow":["GET"]}}],"collection":[{"href":"https:\/\/naturapura.com\/es\/wp-json\/wp\/v2\/product"}],"about":[{"href":"https:\/\/naturapura.com\/es\/wp-json\/wp\/v2\/types\/product"}],"wp:featuredmedia":[{"embeddable":true,"href":"https:\/\/naturapura.com\/es\/wp-json\/wp\/v2\/media\/63221"}],"wp:attachment":[{"href":"https:\/\/naturapura.com\/es\/wp-json\/wp\/v2\/media?parent=28908"}],"wp:term":[{"taxonomy":"product_brand","embeddable":true,"href":"https:\/\/naturapura.com\/es\/wp-json\/wp\/v2\/product_brand?post=28908"},{"taxonomy":"product_cat","embeddable":true,"href":"https:\/\/naturapura.com\/es\/wp-json\/wp\/v2\/product_cat?post=28908"},{"taxonomy":"product_tag","embeddable":true,"href":"https:\/\/naturapura.com\/es\/wp-json\/wp\/v2\/product_tag?post=28908"},{"taxonomy":"giftcard-category","embeddable":true,"href":"https:\/\/naturapura.com\/es\/wp-json\/wp\/v2\/giftcard-category?post=28908"}],"curies":[{"name":"wp","href":"https:\/\/api.w.org\/{rel}","templated":true}]}}