{"id":28886,"date":"2019-07-05T10:03:33","date_gmt":"2019-07-05T10:03:33","guid":{"rendered":"https:\/\/naturapura.com\/product\/osito-de-peluche\/"},"modified":"2021-12-10T10:34:03","modified_gmt":"2021-12-10T10:34:03","slug":"peluche-de-osito","status":"publish","type":"product","link":"https:\/\/naturapura.com\/es\/producto\/peluche-de-osito\/","title":{"rendered":"Peluche de OSITO"},"content":{"rendered":"<p><strong>Peluche de OSITO<\/strong><\/p>\n<p>Nuestros juguetes suaves est\u00e1n cuidadosamente dise\u00f1ados y probados para garantizar que sean\u00a0<strong>100 seguros<\/strong>\u00a0para su beb\u00e9.<\/p>\n<p>Desarrollamos juguetes con\u00a0<strong>100% algod\u00f3n org\u00e1nico<\/strong>\u00a0en tonos naturales,\u00a0<strong>sin colorantes, qu\u00edmicos ni pigmentos.<\/strong><\/p>\n<p>Estos son los \u00fanicos juguetes en el mercado que no tienes que preocuparte por dejar que tu beb\u00e9 juegue a voluntad.<\/p>\n","protected":false},"excerpt":{"rendered":"<p>5006003<\/p>\n","protected":false},"featured_media":41648,"template":"","meta":[],"product_brand":[],"product_cat":[2240],"product_tag":[],"giftcard-category":[],"class_list":{"0":"post-28886","1":"product","2":"type-product","3":"status-publish","4":"has-post-thumbnail","6":"product_cat-juguetes","8":"first","9":"instock","10":"taxable","11":"shipping-taxable","12":"product-type-variable","13":"has-default-attributes"},"exclude_global_add_ons":false,"addons":[{"name":"Nombre del Beb\u00e9","type":"custom_text","position":0,"required":true,"title_format":"label","default":"","description_enable":false,"description":"","placeholder_enable":false,"placeholder":"","display":"select","restrictions_type":"any_text","adjust_price":false,"price":"","price_type":"flat_fee","restrictions":true,"min":"2","max":"15","options":[],"id":1676654652},{"name":"Mensaje de regalo","type":"custom_textarea","position":0,"required":false,"title_format":"label","default":"","description_enable":true,"description":"Env\u00eda un mensaje de amor...","placeholder_enable":false,"placeholder":"","display":"select","restrictions_type":"any_text","adjust_price":false,"price":"3.00","price_type":"flat_fee","restrictions":true,"min":"0","max":"300","options":[]},{"name":"Notice","type":"heading","position":0,"required":false,"title_format":"label","default":"","description_enable":true,"description":"S\u00f3lo podremos entregar a tiempo para Navidad los art\u00edculos personalizados pedidos antes del 11 de diciembre.","placeholder_enable":false,"placeholder":"","display":"select","restrictions_type":"any_text","adjust_price":false,"price":"","price_type":"flat_fee","restrictions":false,"min":"0","max":"0","options":[],"id":1704365184},{"name":"Notice","type":"heading","position":0,"required":false,"title_format":"label","default":"","description_enable":true,"description":"Debido a las vacaciones de verano, los pedidos de art\u00edculos personalizados realizados desde el 7 de agosto, se enviar\u00e1n a partir del 10 de septiembre.","placeholder_enable":false,"placeholder":"","display":"select","restrictions_type":"any_text","adjust_price":false,"price":"","price_type":"flat_fee","restrictions":false,"min":"0","max":"0","options":[],"id":1692953567}],"yoast_head":"<!-- This site is optimized with the Yoast SEO plugin v27.5 - https:\/\/yoast.com\/product\/yoast-seo-wordpress\/ -->\n<title>Peluche de OSITO - Juguete 100 Org\u00e1nico - NaturaPura<\/title>\n<meta name=\"description\" content=\"Nuestros juguetes est\u00e1n cuidadosamente dise\u00f1ados y probados para garantizar que sean 100 seguros para su beb\u00e9.\" \/>\n<meta name=\"robots\" content=\"index, follow, max-snippet:-1, max-image-preview:large, max-video-preview:-1\" \/>\n<link rel=\"canonical\" href=\"https:\/\/naturapura.com\/es\/producto\/peluche-de-osito\/\" \/>\n<meta property=\"og:locale\" content=\"es_ES\" \/>\n<meta property=\"og:type\" content=\"article\" \/>\n<meta property=\"og:title\" content=\"Peluche de OSITO - Juguete 100 Org\u00e1nico - NaturaPura\" \/>\n<meta property=\"og:description\" content=\"Nuestros juguetes est\u00e1n cuidadosamente dise\u00f1ados y probados para garantizar que sean 100 seguros para su beb\u00e9. Desarrollamos juguetes con 100 algod\u00f3n org\u00e1nico en sus colores naturales - sin tintes, sin blanqueo, sin productos qu\u00edmicos o pigmentos. Desarrollamos juguetes con 100 algod\u00f3n org\u00e1nico en tonos naturales, sin colorantes, qu\u00edmicos ni pigmentos. Estos son los \u00fanicos juguetes en el mercado que no tienes que preocuparte por dejar que tu beb\u00e9 juegue a voluntad.\" \/>\n<meta property=\"og:url\" content=\"https:\/\/naturapura.com\/es\/producto\/peluche-de-osito\/\" \/>\n<meta property=\"og:site_name\" content=\"NaturaPura\" \/>\n<meta property=\"article:modified_time\" content=\"2021-12-10T10:34:03+00:00\" \/>\n<meta property=\"og:image\" content=\"http:\/\/naturapura.com\/wp-content\/uploads\/2019\/03\/NaturaPura-ourson-cru-20-cm-5006003.jpg\" \/>\n<meta name=\"twitter:card\" content=\"summary_large_image\" \/>\n<meta name=\"twitter:label1\" content=\"Disponibilidad\" \/>\n\t<meta name=\"twitter:data1\" content=\"Disponible\" \/>\n<script type=\"application\/ld+json\" class=\"yoast-schema-graph\">{\"@context\":\"https:\\\/\\\/schema.org\",\"@graph\":[{\"@type\":\"WebPage\",\"@id\":\"https:\\\/\\\/naturapura.com\\\/es\\\/producto\\\/peluche-de-osito\\\/\",\"url\":\"https:\\\/\\\/naturapura.com\\\/es\\\/producto\\\/peluche-de-osito\\\/\",\"name\":\"Peluche de OSITO - Juguete 100 Org\u00e1nico - NaturaPura\",\"isPartOf\":{\"@id\":\"https:\\\/\\\/naturapura.com\\\/es\\\/#website\"},\"primaryImageOfPage\":{\"@id\":\"https:\\\/\\\/naturapura.com\\\/es\\\/producto\\\/peluche-de-osito\\\/#primaryimage\"},\"image\":{\"@id\":\"https:\\\/\\\/naturapura.com\\\/es\\\/producto\\\/peluche-de-osito\\\/#primaryimage\"},\"thumbnailUrl\":\"https:\\\/\\\/i0.wp.com\\\/naturapura.com\\\/wp-content\\\/uploads\\\/2019\\\/07\\\/5006003-1-1.jpg?fit=1200%2C1200&ssl=1\",\"datePublished\":\"2019-07-05T10:03:33+00:00\",\"dateModified\":\"2021-12-10T10:34:03+00:00\",\"description\":\"Nuestros juguetes est\u00e1n cuidadosamente dise\u00f1ados y probados para garantizar que sean 100 seguros para su beb\u00e9.\",\"breadcrumb\":{\"@id\":\"https:\\\/\\\/naturapura.com\\\/es\\\/producto\\\/peluche-de-osito\\\/#breadcrumb\"},\"inLanguage\":\"es\",\"potentialAction\":[{\"@type\":\"ReadAction\",\"target\":[\"https:\\\/\\\/naturapura.com\\\/es\\\/producto\\\/peluche-de-osito\\\/\"]}]},{\"@type\":\"ImageObject\",\"inLanguage\":\"es\",\"@id\":\"https:\\\/\\\/naturapura.com\\\/es\\\/producto\\\/peluche-de-osito\\\/#primaryimage\",\"url\":\"https:\\\/\\\/i0.wp.com\\\/naturapura.com\\\/wp-content\\\/uploads\\\/2019\\\/07\\\/5006003-1-1.jpg?fit=1200%2C1200&ssl=1\",\"contentUrl\":\"https:\\\/\\\/i0.wp.com\\\/naturapura.com\\\/wp-content\\\/uploads\\\/2019\\\/07\\\/5006003-1-1.jpg?fit=1200%2C1200&ssl=1\",\"width\":1200,\"height\":1200},{\"@type\":\"BreadcrumbList\",\"@id\":\"https:\\\/\\\/naturapura.com\\\/es\\\/producto\\\/peluche-de-osito\\\/#breadcrumb\",\"itemListElement\":[{\"@type\":\"ListItem\",\"position\":1,\"name\":\"In\u00edcio\",\"item\":\"https:\\\/\\\/naturapura.com\\\/es\\\/\"},{\"@type\":\"ListItem\",\"position\":2,\"name\":\"Tienda\",\"item\":\"https:\\\/\\\/naturapura.com\\\/es\\\/tienda\\\/\"},{\"@type\":\"ListItem\",\"position\":3,\"name\":\"Peluche de OSITO\"}]},{\"@type\":\"WebSite\",\"@id\":\"https:\\\/\\\/naturapura.com\\\/es\\\/#website\",\"url\":\"https:\\\/\\\/naturapura.com\\\/es\\\/\",\"name\":\"NaturaPura\",\"description\":\"Roupinha de Beb\u00e9 e Complementos em Org\u00e2nico\",\"publisher\":{\"@id\":\"https:\\\/\\\/naturapura.com\\\/es\\\/#organization\"},\"potentialAction\":[{\"@type\":\"SearchAction\",\"target\":{\"@type\":\"EntryPoint\",\"urlTemplate\":\"https:\\\/\\\/naturapura.com\\\/es\\\/?s={search_term_string}\"},\"query-input\":{\"@type\":\"PropertyValueSpecification\",\"valueRequired\":true,\"valueName\":\"search_term_string\"}}],\"inLanguage\":\"es\"},{\"@type\":\"Organization\",\"@id\":\"https:\\\/\\\/naturapura.com\\\/es\\\/#organization\",\"name\":\"NATURAPURA\",\"url\":\"https:\\\/\\\/naturapura.com\\\/es\\\/\",\"logo\":{\"@type\":\"ImageObject\",\"inLanguage\":\"es\",\"@id\":\"https:\\\/\\\/naturapura.com\\\/es\\\/#\\\/schema\\\/logo\\\/image\\\/\",\"url\":\"https:\\\/\\\/i0.wp.com\\\/naturapura.com\\\/wp-content\\\/uploads\\\/2023\\\/09\\\/logo-NP-bebe.png?fit=481%2C101&ssl=1\",\"contentUrl\":\"https:\\\/\\\/i0.wp.com\\\/naturapura.com\\\/wp-content\\\/uploads\\\/2023\\\/09\\\/logo-NP-bebe.png?fit=481%2C101&ssl=1\",\"width\":481,\"height\":101,\"caption\":\"NATURAPURA\"},\"image\":{\"@id\":\"https:\\\/\\\/naturapura.com\\\/es\\\/#\\\/schema\\\/logo\\\/image\\\/\"}}]}<\/script>\n<meta property=\"og:availability\" content=\"instock\" \/>\n<meta property=\"product:availability\" content=\"instock\" \/>\n<meta property=\"product:retailer_item_id\" content=\"5006003\" \/>\n<meta property=\"product:condition\" content=\"new\" \/>\n<!-- \/ Yoast SEO plugin. -->","yoast_head_json":{"title":"Peluche de OSITO - Juguete 100 Org\u00e1nico - NaturaPura","description":"Nuestros juguetes est\u00e1n cuidadosamente dise\u00f1ados y probados para garantizar que sean 100 seguros para su beb\u00e9.","robots":{"index":"index","follow":"follow","max-snippet":"max-snippet:-1","max-image-preview":"max-image-preview:large","max-video-preview":"max-video-preview:-1"},"canonical":"https:\/\/naturapura.com\/es\/producto\/peluche-de-osito\/","og_locale":"es_ES","og_type":"article","og_title":"Peluche de OSITO - Juguete 100 Org\u00e1nico - NaturaPura","og_description":"Nuestros juguetes est\u00e1n cuidadosamente dise\u00f1ados y probados para garantizar que sean 100 seguros para su beb\u00e9. Desarrollamos juguetes con 100 algod\u00f3n org\u00e1nico en sus colores naturales - sin tintes, sin blanqueo, sin productos qu\u00edmicos o pigmentos. Desarrollamos juguetes con 100 algod\u00f3n org\u00e1nico en tonos naturales, sin colorantes, qu\u00edmicos ni pigmentos. Estos son los \u00fanicos juguetes en el mercado que no tienes que preocuparte por dejar que tu beb\u00e9 juegue a voluntad.","og_url":"https:\/\/naturapura.com\/es\/producto\/peluche-de-osito\/","og_site_name":"NaturaPura","article_modified_time":"2021-12-10T10:34:03+00:00","og_image":[{"url":"http:\/\/naturapura.com\/wp-content\/uploads\/2019\/03\/NaturaPura-ourson-cru-20-cm-5006003.jpg","type":"","width":"","height":""}],"twitter_card":"summary_large_image","twitter_misc":{"Disponibilidad":"Disponible"},"schema":{"@context":"https:\/\/schema.org","@graph":[{"@type":"WebPage","@id":"https:\/\/naturapura.com\/es\/producto\/peluche-de-osito\/","url":"https:\/\/naturapura.com\/es\/producto\/peluche-de-osito\/","name":"Peluche de OSITO - Juguete 100 Org\u00e1nico - NaturaPura","isPartOf":{"@id":"https:\/\/naturapura.com\/es\/#website"},"primaryImageOfPage":{"@id":"https:\/\/naturapura.com\/es\/producto\/peluche-de-osito\/#primaryimage"},"image":{"@id":"https:\/\/naturapura.com\/es\/producto\/peluche-de-osito\/#primaryimage"},"thumbnailUrl":"https:\/\/i0.wp.com\/naturapura.com\/wp-content\/uploads\/2019\/07\/5006003-1-1.jpg?fit=1200%2C1200&ssl=1","datePublished":"2019-07-05T10:03:33+00:00","dateModified":"2021-12-10T10:34:03+00:00","description":"Nuestros juguetes est\u00e1n cuidadosamente dise\u00f1ados y probados para garantizar que sean 100 seguros para su beb\u00e9.","breadcrumb":{"@id":"https:\/\/naturapura.com\/es\/producto\/peluche-de-osito\/#breadcrumb"},"inLanguage":"es","potentialAction":[{"@type":"ReadAction","target":["https:\/\/naturapura.com\/es\/producto\/peluche-de-osito\/"]}]},{"@type":"ImageObject","inLanguage":"es","@id":"https:\/\/naturapura.com\/es\/producto\/peluche-de-osito\/#primaryimage","url":"https:\/\/i0.wp.com\/naturapura.com\/wp-content\/uploads\/2019\/07\/5006003-1-1.jpg?fit=1200%2C1200&ssl=1","contentUrl":"https:\/\/i0.wp.com\/naturapura.com\/wp-content\/uploads\/2019\/07\/5006003-1-1.jpg?fit=1200%2C1200&ssl=1","width":1200,"height":1200},{"@type":"BreadcrumbList","@id":"https:\/\/naturapura.com\/es\/producto\/peluche-de-osito\/#breadcrumb","itemListElement":[{"@type":"ListItem","position":1,"name":"In\u00edcio","item":"https:\/\/naturapura.com\/es\/"},{"@type":"ListItem","position":2,"name":"Tienda","item":"https:\/\/naturapura.com\/es\/tienda\/"},{"@type":"ListItem","position":3,"name":"Peluche de OSITO"}]},{"@type":"WebSite","@id":"https:\/\/naturapura.com\/es\/#website","url":"https:\/\/naturapura.com\/es\/","name":"NaturaPura","description":"Roupinha de Beb\u00e9 e Complementos em Org\u00e2nico","publisher":{"@id":"https:\/\/naturapura.com\/es\/#organization"},"potentialAction":[{"@type":"SearchAction","target":{"@type":"EntryPoint","urlTemplate":"https:\/\/naturapura.com\/es\/?s={search_term_string}"},"query-input":{"@type":"PropertyValueSpecification","valueRequired":true,"valueName":"search_term_string"}}],"inLanguage":"es"},{"@type":"Organization","@id":"https:\/\/naturapura.com\/es\/#organization","name":"NATURAPURA","url":"https:\/\/naturapura.com\/es\/","logo":{"@type":"ImageObject","inLanguage":"es","@id":"https:\/\/naturapura.com\/es\/#\/schema\/logo\/image\/","url":"https:\/\/i0.wp.com\/naturapura.com\/wp-content\/uploads\/2023\/09\/logo-NP-bebe.png?fit=481%2C101&ssl=1","contentUrl":"https:\/\/i0.wp.com\/naturapura.com\/wp-content\/uploads\/2023\/09\/logo-NP-bebe.png?fit=481%2C101&ssl=1","width":481,"height":101,"caption":"NATURAPURA"},"image":{"@id":"https:\/\/naturapura.com\/es\/#\/schema\/logo\/image\/"}}]},"og_availability":"instock","product_availability":"instock","product_retailer_item_id":"5006003","product_condition":"new"},"jetpack_sharing_enabled":true,"_links":{"self":[{"href":"https:\/\/naturapura.com\/es\/wp-json\/wp\/v2\/product\/28886","targetHints":{"allow":["GET"]}}],"collection":[{"href":"https:\/\/naturapura.com\/es\/wp-json\/wp\/v2\/product"}],"about":[{"href":"https:\/\/naturapura.com\/es\/wp-json\/wp\/v2\/types\/product"}],"wp:featuredmedia":[{"embeddable":true,"href":"https:\/\/naturapura.com\/es\/wp-json\/wp\/v2\/media\/41648"}],"wp:attachment":[{"href":"https:\/\/naturapura.com\/es\/wp-json\/wp\/v2\/media?parent=28886"}],"wp:term":[{"taxonomy":"product_brand","embeddable":true,"href":"https:\/\/naturapura.com\/es\/wp-json\/wp\/v2\/product_brand?post=28886"},{"taxonomy":"product_cat","embeddable":true,"href":"https:\/\/naturapura.com\/es\/wp-json\/wp\/v2\/product_cat?post=28886"},{"taxonomy":"product_tag","embeddable":true,"href":"https:\/\/naturapura.com\/es\/wp-json\/wp\/v2\/product_tag?post=28886"},{"taxonomy":"giftcard-category","embeddable":true,"href":"https:\/\/naturapura.com\/es\/wp-json\/wp\/v2\/giftcard-category?post=28886"}],"curies":[{"name":"wp","href":"https:\/\/api.w.org\/{rel}","templated":true}]}}