{"id":28494,"date":"2019-07-09T10:05:07","date_gmt":"2020-06-12T10:40:13","guid":{"rendered":"https:\/\/naturapura.com\/product\/vestido-de-punto-superior\/"},"modified":"2020-10-14T10:06:21","modified_gmt":"2020-10-14T10:06:21","slug":"vestido-pique-pechera-punto","status":"publish","type":"product","link":"https:\/\/naturapura.com\/es\/producto\/vestido-pique-pechera-punto\/","title":{"rendered":"Vestido \u00a0PIQUE PECHERA PUNTO"},"content":{"rendered":"<p><strong>Vestido PIQUE PECHERA PUNTO <\/strong><\/p>\n<p>Un peque\u00f1o vestido muy c\u00f3modo, elaborado con Algod\u00f3n Org\u00e1nico certificado ecol\u00f3gicamente, \u00a1Har\u00e1 que su beb\u00e9 se sienta como una peque\u00f1a princesa!<\/p>\n<p>Se puede usar a diario, pero tambi\u00e9n es adecuado para esas ocasiones especiales, dado que cuenta con un hermoso dibujo en la pechera.<\/p>\n<p>Dise\u00f1ado para la comodidad y el bienestar de su beb\u00e9.<\/p>\n","protected":false},"excerpt":{"rendered":"<p>BB13202<\/p>\n","protected":false},"featured_media":53761,"template":"","meta":[],"product_brand":[],"product_cat":[2272],"product_tag":[],"giftcard-category":[],"class_list":{"0":"post-28494","1":"product","2":"type-product","3":"status-publish","4":"has-post-thumbnail","6":"product_cat-vestidos-y-petos","8":"first","9":"instock","10":"taxable","11":"shipping-taxable","12":"product-type-variable","13":"has-default-attributes"},"exclude_global_add_ons":false,"addons":[{"name":"Nombre del Beb\u00e9","type":"custom_text","position":0,"required":true,"title_format":"label","default":"","description_enable":false,"description":"","placeholder_enable":false,"placeholder":"","display":"select","restrictions_type":"any_text","adjust_price":false,"price":"","price_type":"flat_fee","restrictions":true,"min":"2","max":"15","options":[],"id":1676654652},{"name":"Mensaje de regalo","type":"custom_textarea","position":0,"required":false,"title_format":"label","default":"","description_enable":true,"description":"Env\u00eda un mensaje de amor...","placeholder_enable":false,"placeholder":"","display":"select","restrictions_type":"any_text","adjust_price":false,"price":"3.00","price_type":"flat_fee","restrictions":true,"min":"0","max":"300","options":[]},{"name":"Notice","type":"heading","position":0,"required":false,"title_format":"label","default":"","description_enable":true,"description":"S\u00f3lo podremos entregar a tiempo para Navidad los art\u00edculos personalizados pedidos antes del 11 de diciembre.","placeholder_enable":false,"placeholder":"","display":"select","restrictions_type":"any_text","adjust_price":false,"price":"","price_type":"flat_fee","restrictions":false,"min":"0","max":"0","options":[],"id":1704365184},{"name":"Notice","type":"heading","position":0,"required":false,"title_format":"label","default":"","description_enable":true,"description":"Debido a las vacaciones de verano, los pedidos de art\u00edculos personalizados realizados desde el 7 de agosto, se enviar\u00e1n a partir del 10 de septiembre.","placeholder_enable":false,"placeholder":"","display":"select","restrictions_type":"any_text","adjust_price":false,"price":"","price_type":"flat_fee","restrictions":false,"min":"0","max":"0","options":[],"id":1692953567}],"yoast_head":"<!-- This site is optimized with the Yoast SEO plugin v27.4 - https:\/\/yoast.com\/product\/yoast-seo-wordpress\/ -->\n<title>Vestido \u00a0PIQUE PECHERA PUNTO - 100 Vestido Org\u00e1nico - NaturaPura<\/title>\n<meta name=\"description\" content=\"Un peque\u00f1o vestido s\u00faper c\u00f3modo, hecho de algod\u00f3n org\u00e1nico certificado ecol\u00f3gicamente, que dejar\u00e1 a su beb\u00e9 sinti\u00e9ndose como una peque\u00f1a princesa!\" \/>\n<meta name=\"robots\" content=\"index, follow, max-snippet:-1, max-image-preview:large, max-video-preview:-1\" \/>\n<link rel=\"canonical\" href=\"https:\/\/naturapura.com\/es\/producto\/vestido-pique-pechera-punto\/\" \/>\n<meta property=\"og:locale\" content=\"es_ES\" \/>\n<meta property=\"og:type\" content=\"article\" \/>\n<meta property=\"og:title\" content=\"Vestido \u00a0PIQUE PECHERA PUNTO - 100 Vestido Org\u00e1nico - NaturaPura\" \/>\n<meta property=\"og:description\" content=\"Un peque\u00f1o vestido s\u00faper c\u00f3modo, hecho de algod\u00f3n org\u00e1nico certificado ecol\u00f3gicamente, que dejar\u00e1 a su beb\u00e9 sinti\u00e9ndose como una peque\u00f1a princesa!\" \/>\n<meta property=\"og:url\" content=\"https:\/\/naturapura.com\/es\/producto\/vestido-pique-pechera-punto\/\" \/>\n<meta property=\"og:site_name\" content=\"NaturaPura\" \/>\n<meta property=\"article:modified_time\" content=\"2020-10-14T10:06:21+00:00\" \/>\n<meta property=\"og:image\" content=\"https:\/\/naturapura.com\/wp-content\/uploads\/2019\/07\/Ecru-Knitted-Dress.jpg\" \/>\n\t<meta property=\"og:image:width\" content=\"1024\" \/>\n\t<meta property=\"og:image:height\" content=\"1534\" \/>\n\t<meta property=\"og:image:type\" content=\"image\/jpeg\" \/>\n<meta name=\"twitter:card\" content=\"summary_large_image\" \/>\n<meta name=\"twitter:label1\" content=\"Disponibilidad\" \/>\n\t<meta name=\"twitter:data1\" content=\"Disponible\" \/>\n<script type=\"application\/ld+json\" class=\"yoast-schema-graph\">{\"@context\":\"https:\\\/\\\/schema.org\",\"@graph\":[{\"@type\":\"WebPage\",\"@id\":\"https:\\\/\\\/naturapura.com\\\/es\\\/producto\\\/vestido-pique-pechera-punto\\\/\",\"url\":\"https:\\\/\\\/naturapura.com\\\/es\\\/producto\\\/vestido-pique-pechera-punto\\\/\",\"name\":\"Vestido \u00a0PIQUE PECHERA PUNTO - 100 Vestido Org\u00e1nico - NaturaPura\",\"isPartOf\":{\"@id\":\"https:\\\/\\\/naturapura.com\\\/es\\\/#website\"},\"primaryImageOfPage\":{\"@id\":\"https:\\\/\\\/naturapura.com\\\/es\\\/producto\\\/vestido-pique-pechera-punto\\\/#primaryimage\"},\"image\":{\"@id\":\"https:\\\/\\\/naturapura.com\\\/es\\\/producto\\\/vestido-pique-pechera-punto\\\/#primaryimage\"},\"thumbnailUrl\":\"https:\\\/\\\/i0.wp.com\\\/naturapura.com\\\/wp-content\\\/uploads\\\/2019\\\/07\\\/BB13202-1-scaled.jpg?fit=2560%2C2560&ssl=1\",\"datePublished\":\"2020-06-12T10:40:13+00:00\",\"dateModified\":\"2020-10-14T10:06:21+00:00\",\"description\":\"Un peque\u00f1o vestido s\u00faper c\u00f3modo, hecho de algod\u00f3n org\u00e1nico certificado ecol\u00f3gicamente, que dejar\u00e1 a su beb\u00e9 sinti\u00e9ndose como una peque\u00f1a princesa!\",\"breadcrumb\":{\"@id\":\"https:\\\/\\\/naturapura.com\\\/es\\\/producto\\\/vestido-pique-pechera-punto\\\/#breadcrumb\"},\"inLanguage\":\"es\",\"potentialAction\":[{\"@type\":\"ReadAction\",\"target\":[\"https:\\\/\\\/naturapura.com\\\/es\\\/producto\\\/vestido-pique-pechera-punto\\\/\"]}]},{\"@type\":\"ImageObject\",\"inLanguage\":\"es\",\"@id\":\"https:\\\/\\\/naturapura.com\\\/es\\\/producto\\\/vestido-pique-pechera-punto\\\/#primaryimage\",\"url\":\"https:\\\/\\\/i0.wp.com\\\/naturapura.com\\\/wp-content\\\/uploads\\\/2019\\\/07\\\/BB13202-1-scaled.jpg?fit=2560%2C2560&ssl=1\",\"contentUrl\":\"https:\\\/\\\/i0.wp.com\\\/naturapura.com\\\/wp-content\\\/uploads\\\/2019\\\/07\\\/BB13202-1-scaled.jpg?fit=2560%2C2560&ssl=1\",\"width\":2560,\"height\":2560},{\"@type\":\"BreadcrumbList\",\"@id\":\"https:\\\/\\\/naturapura.com\\\/es\\\/producto\\\/vestido-pique-pechera-punto\\\/#breadcrumb\",\"itemListElement\":[{\"@type\":\"ListItem\",\"position\":1,\"name\":\"In\u00edcio\",\"item\":\"https:\\\/\\\/naturapura.com\\\/es\\\/\"},{\"@type\":\"ListItem\",\"position\":2,\"name\":\"Tienda\",\"item\":\"https:\\\/\\\/naturapura.com\\\/es\\\/tienda\\\/\"},{\"@type\":\"ListItem\",\"position\":3,\"name\":\"Vestido \u00a0PIQUE PECHERA PUNTO\"}]},{\"@type\":\"WebSite\",\"@id\":\"https:\\\/\\\/naturapura.com\\\/es\\\/#website\",\"url\":\"https:\\\/\\\/naturapura.com\\\/es\\\/\",\"name\":\"NaturaPura\",\"description\":\"Roupinha de Beb\u00e9 e Complementos em Org\u00e2nico\",\"publisher\":{\"@id\":\"https:\\\/\\\/naturapura.com\\\/es\\\/#organization\"},\"potentialAction\":[{\"@type\":\"SearchAction\",\"target\":{\"@type\":\"EntryPoint\",\"urlTemplate\":\"https:\\\/\\\/naturapura.com\\\/es\\\/?s={search_term_string}\"},\"query-input\":{\"@type\":\"PropertyValueSpecification\",\"valueRequired\":true,\"valueName\":\"search_term_string\"}}],\"inLanguage\":\"es\"},{\"@type\":\"Organization\",\"@id\":\"https:\\\/\\\/naturapura.com\\\/es\\\/#organization\",\"name\":\"NATURAPURA\",\"url\":\"https:\\\/\\\/naturapura.com\\\/es\\\/\",\"logo\":{\"@type\":\"ImageObject\",\"inLanguage\":\"es\",\"@id\":\"https:\\\/\\\/naturapura.com\\\/es\\\/#\\\/schema\\\/logo\\\/image\\\/\",\"url\":\"https:\\\/\\\/i0.wp.com\\\/naturapura.com\\\/wp-content\\\/uploads\\\/2023\\\/09\\\/logo-NP-bebe.png?fit=481%2C101&ssl=1\",\"contentUrl\":\"https:\\\/\\\/i0.wp.com\\\/naturapura.com\\\/wp-content\\\/uploads\\\/2023\\\/09\\\/logo-NP-bebe.png?fit=481%2C101&ssl=1\",\"width\":481,\"height\":101,\"caption\":\"NATURAPURA\"},\"image\":{\"@id\":\"https:\\\/\\\/naturapura.com\\\/es\\\/#\\\/schema\\\/logo\\\/image\\\/\"}}]}<\/script>\n<meta property=\"og:availability\" content=\"instock\" \/>\n<meta property=\"product:availability\" content=\"instock\" \/>\n<meta property=\"product:retailer_item_id\" content=\"BB13202\" \/>\n<meta property=\"product:condition\" content=\"new\" \/>\n<!-- \/ Yoast SEO plugin. -->","yoast_head_json":{"title":"Vestido \u00a0PIQUE PECHERA PUNTO - 100 Vestido Org\u00e1nico - NaturaPura","description":"Un peque\u00f1o vestido s\u00faper c\u00f3modo, hecho de algod\u00f3n org\u00e1nico certificado ecol\u00f3gicamente, que dejar\u00e1 a su beb\u00e9 sinti\u00e9ndose como una peque\u00f1a princesa!","robots":{"index":"index","follow":"follow","max-snippet":"max-snippet:-1","max-image-preview":"max-image-preview:large","max-video-preview":"max-video-preview:-1"},"canonical":"https:\/\/naturapura.com\/es\/producto\/vestido-pique-pechera-punto\/","og_locale":"es_ES","og_type":"article","og_title":"Vestido \u00a0PIQUE PECHERA PUNTO - 100 Vestido Org\u00e1nico - NaturaPura","og_description":"Un peque\u00f1o vestido s\u00faper c\u00f3modo, hecho de algod\u00f3n org\u00e1nico certificado ecol\u00f3gicamente, que dejar\u00e1 a su beb\u00e9 sinti\u00e9ndose como una peque\u00f1a princesa!","og_url":"https:\/\/naturapura.com\/es\/producto\/vestido-pique-pechera-punto\/","og_site_name":"NaturaPura","article_modified_time":"2020-10-14T10:06:21+00:00","og_image":[{"width":1024,"height":1534,"url":"https:\/\/naturapura.com\/wp-content\/uploads\/2019\/07\/Ecru-Knitted-Dress.jpg","type":"image\/jpeg"}],"twitter_card":"summary_large_image","twitter_misc":{"Disponibilidad":"Disponible"},"schema":{"@context":"https:\/\/schema.org","@graph":[{"@type":"WebPage","@id":"https:\/\/naturapura.com\/es\/producto\/vestido-pique-pechera-punto\/","url":"https:\/\/naturapura.com\/es\/producto\/vestido-pique-pechera-punto\/","name":"Vestido \u00a0PIQUE PECHERA PUNTO - 100 Vestido Org\u00e1nico - NaturaPura","isPartOf":{"@id":"https:\/\/naturapura.com\/es\/#website"},"primaryImageOfPage":{"@id":"https:\/\/naturapura.com\/es\/producto\/vestido-pique-pechera-punto\/#primaryimage"},"image":{"@id":"https:\/\/naturapura.com\/es\/producto\/vestido-pique-pechera-punto\/#primaryimage"},"thumbnailUrl":"https:\/\/i0.wp.com\/naturapura.com\/wp-content\/uploads\/2019\/07\/BB13202-1-scaled.jpg?fit=2560%2C2560&ssl=1","datePublished":"2020-06-12T10:40:13+00:00","dateModified":"2020-10-14T10:06:21+00:00","description":"Un peque\u00f1o vestido s\u00faper c\u00f3modo, hecho de algod\u00f3n org\u00e1nico certificado ecol\u00f3gicamente, que dejar\u00e1 a su beb\u00e9 sinti\u00e9ndose como una peque\u00f1a princesa!","breadcrumb":{"@id":"https:\/\/naturapura.com\/es\/producto\/vestido-pique-pechera-punto\/#breadcrumb"},"inLanguage":"es","potentialAction":[{"@type":"ReadAction","target":["https:\/\/naturapura.com\/es\/producto\/vestido-pique-pechera-punto\/"]}]},{"@type":"ImageObject","inLanguage":"es","@id":"https:\/\/naturapura.com\/es\/producto\/vestido-pique-pechera-punto\/#primaryimage","url":"https:\/\/i0.wp.com\/naturapura.com\/wp-content\/uploads\/2019\/07\/BB13202-1-scaled.jpg?fit=2560%2C2560&ssl=1","contentUrl":"https:\/\/i0.wp.com\/naturapura.com\/wp-content\/uploads\/2019\/07\/BB13202-1-scaled.jpg?fit=2560%2C2560&ssl=1","width":2560,"height":2560},{"@type":"BreadcrumbList","@id":"https:\/\/naturapura.com\/es\/producto\/vestido-pique-pechera-punto\/#breadcrumb","itemListElement":[{"@type":"ListItem","position":1,"name":"In\u00edcio","item":"https:\/\/naturapura.com\/es\/"},{"@type":"ListItem","position":2,"name":"Tienda","item":"https:\/\/naturapura.com\/es\/tienda\/"},{"@type":"ListItem","position":3,"name":"Vestido \u00a0PIQUE PECHERA PUNTO"}]},{"@type":"WebSite","@id":"https:\/\/naturapura.com\/es\/#website","url":"https:\/\/naturapura.com\/es\/","name":"NaturaPura","description":"Roupinha de Beb\u00e9 e Complementos em Org\u00e2nico","publisher":{"@id":"https:\/\/naturapura.com\/es\/#organization"},"potentialAction":[{"@type":"SearchAction","target":{"@type":"EntryPoint","urlTemplate":"https:\/\/naturapura.com\/es\/?s={search_term_string}"},"query-input":{"@type":"PropertyValueSpecification","valueRequired":true,"valueName":"search_term_string"}}],"inLanguage":"es"},{"@type":"Organization","@id":"https:\/\/naturapura.com\/es\/#organization","name":"NATURAPURA","url":"https:\/\/naturapura.com\/es\/","logo":{"@type":"ImageObject","inLanguage":"es","@id":"https:\/\/naturapura.com\/es\/#\/schema\/logo\/image\/","url":"https:\/\/i0.wp.com\/naturapura.com\/wp-content\/uploads\/2023\/09\/logo-NP-bebe.png?fit=481%2C101&ssl=1","contentUrl":"https:\/\/i0.wp.com\/naturapura.com\/wp-content\/uploads\/2023\/09\/logo-NP-bebe.png?fit=481%2C101&ssl=1","width":481,"height":101,"caption":"NATURAPURA"},"image":{"@id":"https:\/\/naturapura.com\/es\/#\/schema\/logo\/image\/"}}]},"og_availability":"instock","product_availability":"instock","product_retailer_item_id":"BB13202","product_condition":"new"},"jetpack_sharing_enabled":true,"_links":{"self":[{"href":"https:\/\/naturapura.com\/es\/wp-json\/wp\/v2\/product\/28494","targetHints":{"allow":["GET"]}}],"collection":[{"href":"https:\/\/naturapura.com\/es\/wp-json\/wp\/v2\/product"}],"about":[{"href":"https:\/\/naturapura.com\/es\/wp-json\/wp\/v2\/types\/product"}],"wp:featuredmedia":[{"embeddable":true,"href":"https:\/\/naturapura.com\/es\/wp-json\/wp\/v2\/media\/53761"}],"wp:attachment":[{"href":"https:\/\/naturapura.com\/es\/wp-json\/wp\/v2\/media?parent=28494"}],"wp:term":[{"taxonomy":"product_brand","embeddable":true,"href":"https:\/\/naturapura.com\/es\/wp-json\/wp\/v2\/product_brand?post=28494"},{"taxonomy":"product_cat","embeddable":true,"href":"https:\/\/naturapura.com\/es\/wp-json\/wp\/v2\/product_cat?post=28494"},{"taxonomy":"product_tag","embeddable":true,"href":"https:\/\/naturapura.com\/es\/wp-json\/wp\/v2\/product_tag?post=28494"},{"taxonomy":"giftcard-category","embeddable":true,"href":"https:\/\/naturapura.com\/es\/wp-json\/wp\/v2\/giftcard-category?post=28494"}],"curies":[{"name":"wp","href":"https:\/\/api.w.org\/{rel}","templated":true}]}}