{"id":28402,"date":"2019-07-22T10:07:17","date_gmt":"2019-07-22T10:07:17","guid":{"rendered":"https:\/\/naturapura.com\/product\/conjunto-de-bodysuit-de-cuello-de-sobre\/"},"modified":"2020-10-14T08:30:45","modified_gmt":"2020-10-14T08:30:45","slug":"set-2-bodies-cuello-americano","status":"publish","type":"product","link":"https:\/\/naturapura.com\/es\/producto\/set-2-bodies-cuello-americano\/","title":{"rendered":"Set 2 BODIES CUELLO AMERICANO"},"content":{"rendered":"<p><strong>Set 2 BODIES CUELLO AMERICANO<\/strong><\/p>\n<p>Este set de bodies de algod\u00f3n org\u00e1nico certificado, no contiene productos qu\u00edmicos o tintes.<\/p>\n<p>Son muy suaves y aterciopelados al tacto. <\/p>\n<p>Los bodies tienen un escote cruzado ideal para beb\u00e9s mayores.<\/p>\n","protected":false},"excerpt":{"rendered":"<p>BB05009<\/p>\n","protected":false},"featured_media":28403,"template":"","meta":[],"product_brand":[],"product_cat":[2274],"product_tag":[],"giftcard-category":[],"class_list":{"0":"post-28402","1":"product","2":"type-product","3":"status-publish","4":"has-post-thumbnail","6":"product_cat-bodies-es","8":"first","9":"instock","10":"taxable","11":"shipping-taxable","12":"product-type-variable","13":"has-default-attributes"},"exclude_global_add_ons":false,"addons":[{"name":"Nombre del Beb\u00e9","type":"custom_text","position":0,"required":true,"title_format":"label","default":"","description_enable":false,"description":"","placeholder_enable":false,"placeholder":"","display":"select","restrictions_type":"any_text","adjust_price":false,"price":"","price_type":"flat_fee","restrictions":true,"min":"2","max":"15","options":[],"id":1676654652},{"name":"Mensaje de regalo","type":"custom_textarea","position":0,"required":false,"title_format":"label","default":"","description_enable":true,"description":"Env\u00eda un mensaje de amor...","placeholder_enable":false,"placeholder":"","display":"select","restrictions_type":"any_text","adjust_price":false,"price":"3.00","price_type":"flat_fee","restrictions":true,"min":"0","max":"300","options":[]},{"name":"Notice","type":"heading","position":0,"required":false,"title_format":"label","default":"","description_enable":true,"description":"S\u00f3lo podremos entregar a tiempo para Navidad los art\u00edculos personalizados pedidos antes del 11 de diciembre.","placeholder_enable":false,"placeholder":"","display":"select","restrictions_type":"any_text","adjust_price":false,"price":"","price_type":"flat_fee","restrictions":false,"min":"0","max":"0","options":[],"id":1704365184},{"name":"Notice","type":"heading","position":0,"required":false,"title_format":"label","default":"","description_enable":true,"description":"Debido a las vacaciones de verano, los pedidos de art\u00edculos personalizados realizados desde el 7 de agosto, se enviar\u00e1n a partir del 10 de septiembre.","placeholder_enable":false,"placeholder":"","display":"select","restrictions_type":"any_text","adjust_price":false,"price":"","price_type":"flat_fee","restrictions":false,"min":"0","max":"0","options":[],"id":1692953567}],"yoast_head":"<!-- This site is optimized with the Yoast SEO plugin v27.3 - https:\/\/yoast.com\/product\/yoast-seo-wordpress\/ -->\n<title>Set 2 BODIES CUELLO AMERICANO - 100 Bodysuits org\u00e1nicos - NaturaPura<\/title>\n<meta name=\"description\" content=\"Bodys en algod\u00f3n org\u00e1nico certificado, sin productos qu\u00edmicos ni tinte. Hechos de terciopelo muy suave, tienen un escote envolvente, ideal para beb\u00e9s mayores.\" \/>\n<meta name=\"robots\" content=\"index, follow, max-snippet:-1, max-image-preview:large, max-video-preview:-1\" \/>\n<link rel=\"canonical\" href=\"https:\/\/naturapura.com\/es\/producto\/set-2-bodies-cuello-americano\/\" \/>\n<meta property=\"og:locale\" content=\"es_ES\" \/>\n<meta property=\"og:type\" content=\"article\" \/>\n<meta property=\"og:title\" content=\"Set 2 BODIES CUELLO AMERICANO - 100 Bodysuits org\u00e1nicos - NaturaPura\" \/>\n<meta property=\"og:description\" content=\"Body en algod\u00f3n org\u00e1nico certificado, sin productos qu\u00edmicos ni colorantes. Hechos de terciopelo muy suave, tienen un escote envolvente, ideal para beb\u00e9s mayores.\" \/>\n<meta property=\"og:url\" content=\"https:\/\/naturapura.com\/es\/producto\/set-2-bodies-cuello-americano\/\" \/>\n<meta property=\"og:site_name\" content=\"NaturaPura\" \/>\n<meta property=\"article:modified_time\" content=\"2020-10-14T08:30:45+00:00\" \/>\n<meta property=\"og:image\" content=\"https:\/\/naturapura.com\/wp-content\/uploads\/2019\/07\/Set-2-Bodysuits-3.jpg\" \/>\n\t<meta property=\"og:image:width\" content=\"684\" \/>\n\t<meta property=\"og:image:height\" content=\"684\" \/>\n\t<meta property=\"og:image:type\" content=\"image\/jpeg\" \/>\n<meta name=\"twitter:card\" content=\"summary_large_image\" \/>\n<meta name=\"twitter:label1\" content=\"Disponibilidad\" \/>\n\t<meta name=\"twitter:data1\" content=\"Disponible\" \/>\n<script type=\"application\/ld+json\" class=\"yoast-schema-graph\">{\"@context\":\"https:\\\/\\\/schema.org\",\"@graph\":[{\"@type\":\"WebPage\",\"@id\":\"https:\\\/\\\/naturapura.com\\\/es\\\/producto\\\/set-2-bodies-cuello-americano\\\/\",\"url\":\"https:\\\/\\\/naturapura.com\\\/es\\\/producto\\\/set-2-bodies-cuello-americano\\\/\",\"name\":\"Set 2 BODIES CUELLO AMERICANO - 100 Bodysuits org\u00e1nicos - NaturaPura\",\"isPartOf\":{\"@id\":\"https:\\\/\\\/naturapura.com\\\/es\\\/#website\"},\"primaryImageOfPage\":{\"@id\":\"https:\\\/\\\/naturapura.com\\\/es\\\/producto\\\/set-2-bodies-cuello-americano\\\/#primaryimage\"},\"image\":{\"@id\":\"https:\\\/\\\/naturapura.com\\\/es\\\/producto\\\/set-2-bodies-cuello-americano\\\/#primaryimage\"},\"thumbnailUrl\":\"https:\\\/\\\/i0.wp.com\\\/naturapura.com\\\/wp-content\\\/uploads\\\/2019\\\/07\\\/Set-2-Bodysuits-3.jpg?fit=684%2C684&ssl=1\",\"datePublished\":\"2019-07-22T10:07:17+00:00\",\"dateModified\":\"2020-10-14T08:30:45+00:00\",\"description\":\"Bodys en algod\u00f3n org\u00e1nico certificado, sin productos qu\u00edmicos ni tinte. Hechos de terciopelo muy suave, tienen un escote envolvente, ideal para beb\u00e9s mayores.\",\"breadcrumb\":{\"@id\":\"https:\\\/\\\/naturapura.com\\\/es\\\/producto\\\/set-2-bodies-cuello-americano\\\/#breadcrumb\"},\"inLanguage\":\"es\",\"potentialAction\":[{\"@type\":\"ReadAction\",\"target\":[\"https:\\\/\\\/naturapura.com\\\/es\\\/producto\\\/set-2-bodies-cuello-americano\\\/\"]}]},{\"@type\":\"ImageObject\",\"inLanguage\":\"es\",\"@id\":\"https:\\\/\\\/naturapura.com\\\/es\\\/producto\\\/set-2-bodies-cuello-americano\\\/#primaryimage\",\"url\":\"https:\\\/\\\/i0.wp.com\\\/naturapura.com\\\/wp-content\\\/uploads\\\/2019\\\/07\\\/Set-2-Bodysuits-3.jpg?fit=684%2C684&ssl=1\",\"contentUrl\":\"https:\\\/\\\/i0.wp.com\\\/naturapura.com\\\/wp-content\\\/uploads\\\/2019\\\/07\\\/Set-2-Bodysuits-3.jpg?fit=684%2C684&ssl=1\",\"width\":684,\"height\":684,\"caption\":\"Set 2 BODIES CUELLO AMERICANO\"},{\"@type\":\"BreadcrumbList\",\"@id\":\"https:\\\/\\\/naturapura.com\\\/es\\\/producto\\\/set-2-bodies-cuello-americano\\\/#breadcrumb\",\"itemListElement\":[{\"@type\":\"ListItem\",\"position\":1,\"name\":\"In\u00edcio\",\"item\":\"https:\\\/\\\/naturapura.com\\\/es\\\/\"},{\"@type\":\"ListItem\",\"position\":2,\"name\":\"Tienda\",\"item\":\"https:\\\/\\\/naturapura.com\\\/es\\\/tienda\\\/\"},{\"@type\":\"ListItem\",\"position\":3,\"name\":\"Set 2 BODIES CUELLO AMERICANO\"}]},{\"@type\":\"WebSite\",\"@id\":\"https:\\\/\\\/naturapura.com\\\/es\\\/#website\",\"url\":\"https:\\\/\\\/naturapura.com\\\/es\\\/\",\"name\":\"NaturaPura\",\"description\":\"Roupinha de Beb\u00e9 e Complementos em Org\u00e2nico\",\"publisher\":{\"@id\":\"https:\\\/\\\/naturapura.com\\\/es\\\/#organization\"},\"potentialAction\":[{\"@type\":\"SearchAction\",\"target\":{\"@type\":\"EntryPoint\",\"urlTemplate\":\"https:\\\/\\\/naturapura.com\\\/es\\\/?s={search_term_string}\"},\"query-input\":{\"@type\":\"PropertyValueSpecification\",\"valueRequired\":true,\"valueName\":\"search_term_string\"}}],\"inLanguage\":\"es\"},{\"@type\":\"Organization\",\"@id\":\"https:\\\/\\\/naturapura.com\\\/es\\\/#organization\",\"name\":\"NATURAPURA\",\"url\":\"https:\\\/\\\/naturapura.com\\\/es\\\/\",\"logo\":{\"@type\":\"ImageObject\",\"inLanguage\":\"es\",\"@id\":\"https:\\\/\\\/naturapura.com\\\/es\\\/#\\\/schema\\\/logo\\\/image\\\/\",\"url\":\"https:\\\/\\\/i0.wp.com\\\/naturapura.com\\\/wp-content\\\/uploads\\\/2023\\\/09\\\/logo-NP-bebe.png?fit=481%2C101&ssl=1\",\"contentUrl\":\"https:\\\/\\\/i0.wp.com\\\/naturapura.com\\\/wp-content\\\/uploads\\\/2023\\\/09\\\/logo-NP-bebe.png?fit=481%2C101&ssl=1\",\"width\":481,\"height\":101,\"caption\":\"NATURAPURA\"},\"image\":{\"@id\":\"https:\\\/\\\/naturapura.com\\\/es\\\/#\\\/schema\\\/logo\\\/image\\\/\"}}]}<\/script>\n<meta property=\"og:availability\" content=\"instock\" \/>\n<meta property=\"product:availability\" content=\"instock\" \/>\n<meta property=\"product:retailer_item_id\" content=\"BB05009\" \/>\n<meta property=\"product:condition\" content=\"new\" \/>\n<!-- \/ Yoast SEO plugin. -->","yoast_head_json":{"title":"Set 2 BODIES CUELLO AMERICANO - 100 Bodysuits org\u00e1nicos - NaturaPura","description":"Bodys en algod\u00f3n org\u00e1nico certificado, sin productos qu\u00edmicos ni tinte. Hechos de terciopelo muy suave, tienen un escote envolvente, ideal para beb\u00e9s mayores.","robots":{"index":"index","follow":"follow","max-snippet":"max-snippet:-1","max-image-preview":"max-image-preview:large","max-video-preview":"max-video-preview:-1"},"canonical":"https:\/\/naturapura.com\/es\/producto\/set-2-bodies-cuello-americano\/","og_locale":"es_ES","og_type":"article","og_title":"Set 2 BODIES CUELLO AMERICANO - 100 Bodysuits org\u00e1nicos - NaturaPura","og_description":"Body en algod\u00f3n org\u00e1nico certificado, sin productos qu\u00edmicos ni colorantes. Hechos de terciopelo muy suave, tienen un escote envolvente, ideal para beb\u00e9s mayores.","og_url":"https:\/\/naturapura.com\/es\/producto\/set-2-bodies-cuello-americano\/","og_site_name":"NaturaPura","article_modified_time":"2020-10-14T08:30:45+00:00","og_image":[{"width":684,"height":684,"url":"https:\/\/naturapura.com\/wp-content\/uploads\/2019\/07\/Set-2-Bodysuits-3.jpg","type":"image\/jpeg"}],"twitter_card":"summary_large_image","twitter_misc":{"Disponibilidad":"Disponible"},"schema":{"@context":"https:\/\/schema.org","@graph":[{"@type":"WebPage","@id":"https:\/\/naturapura.com\/es\/producto\/set-2-bodies-cuello-americano\/","url":"https:\/\/naturapura.com\/es\/producto\/set-2-bodies-cuello-americano\/","name":"Set 2 BODIES CUELLO AMERICANO - 100 Bodysuits org\u00e1nicos - NaturaPura","isPartOf":{"@id":"https:\/\/naturapura.com\/es\/#website"},"primaryImageOfPage":{"@id":"https:\/\/naturapura.com\/es\/producto\/set-2-bodies-cuello-americano\/#primaryimage"},"image":{"@id":"https:\/\/naturapura.com\/es\/producto\/set-2-bodies-cuello-americano\/#primaryimage"},"thumbnailUrl":"https:\/\/i0.wp.com\/naturapura.com\/wp-content\/uploads\/2019\/07\/Set-2-Bodysuits-3.jpg?fit=684%2C684&ssl=1","datePublished":"2019-07-22T10:07:17+00:00","dateModified":"2020-10-14T08:30:45+00:00","description":"Bodys en algod\u00f3n org\u00e1nico certificado, sin productos qu\u00edmicos ni tinte. Hechos de terciopelo muy suave, tienen un escote envolvente, ideal para beb\u00e9s mayores.","breadcrumb":{"@id":"https:\/\/naturapura.com\/es\/producto\/set-2-bodies-cuello-americano\/#breadcrumb"},"inLanguage":"es","potentialAction":[{"@type":"ReadAction","target":["https:\/\/naturapura.com\/es\/producto\/set-2-bodies-cuello-americano\/"]}]},{"@type":"ImageObject","inLanguage":"es","@id":"https:\/\/naturapura.com\/es\/producto\/set-2-bodies-cuello-americano\/#primaryimage","url":"https:\/\/i0.wp.com\/naturapura.com\/wp-content\/uploads\/2019\/07\/Set-2-Bodysuits-3.jpg?fit=684%2C684&ssl=1","contentUrl":"https:\/\/i0.wp.com\/naturapura.com\/wp-content\/uploads\/2019\/07\/Set-2-Bodysuits-3.jpg?fit=684%2C684&ssl=1","width":684,"height":684,"caption":"Set 2 BODIES CUELLO AMERICANO"},{"@type":"BreadcrumbList","@id":"https:\/\/naturapura.com\/es\/producto\/set-2-bodies-cuello-americano\/#breadcrumb","itemListElement":[{"@type":"ListItem","position":1,"name":"In\u00edcio","item":"https:\/\/naturapura.com\/es\/"},{"@type":"ListItem","position":2,"name":"Tienda","item":"https:\/\/naturapura.com\/es\/tienda\/"},{"@type":"ListItem","position":3,"name":"Set 2 BODIES CUELLO AMERICANO"}]},{"@type":"WebSite","@id":"https:\/\/naturapura.com\/es\/#website","url":"https:\/\/naturapura.com\/es\/","name":"NaturaPura","description":"Roupinha de Beb\u00e9 e Complementos em Org\u00e2nico","publisher":{"@id":"https:\/\/naturapura.com\/es\/#organization"},"potentialAction":[{"@type":"SearchAction","target":{"@type":"EntryPoint","urlTemplate":"https:\/\/naturapura.com\/es\/?s={search_term_string}"},"query-input":{"@type":"PropertyValueSpecification","valueRequired":true,"valueName":"search_term_string"}}],"inLanguage":"es"},{"@type":"Organization","@id":"https:\/\/naturapura.com\/es\/#organization","name":"NATURAPURA","url":"https:\/\/naturapura.com\/es\/","logo":{"@type":"ImageObject","inLanguage":"es","@id":"https:\/\/naturapura.com\/es\/#\/schema\/logo\/image\/","url":"https:\/\/i0.wp.com\/naturapura.com\/wp-content\/uploads\/2023\/09\/logo-NP-bebe.png?fit=481%2C101&ssl=1","contentUrl":"https:\/\/i0.wp.com\/naturapura.com\/wp-content\/uploads\/2023\/09\/logo-NP-bebe.png?fit=481%2C101&ssl=1","width":481,"height":101,"caption":"NATURAPURA"},"image":{"@id":"https:\/\/naturapura.com\/es\/#\/schema\/logo\/image\/"}}]},"og_availability":"instock","product_availability":"instock","product_retailer_item_id":"BB05009","product_condition":"new"},"jetpack_sharing_enabled":true,"_links":{"self":[{"href":"https:\/\/naturapura.com\/es\/wp-json\/wp\/v2\/product\/28402","targetHints":{"allow":["GET"]}}],"collection":[{"href":"https:\/\/naturapura.com\/es\/wp-json\/wp\/v2\/product"}],"about":[{"href":"https:\/\/naturapura.com\/es\/wp-json\/wp\/v2\/types\/product"}],"wp:featuredmedia":[{"embeddable":true,"href":"https:\/\/naturapura.com\/es\/wp-json\/wp\/v2\/media\/28403"}],"wp:attachment":[{"href":"https:\/\/naturapura.com\/es\/wp-json\/wp\/v2\/media?parent=28402"}],"wp:term":[{"taxonomy":"product_brand","embeddable":true,"href":"https:\/\/naturapura.com\/es\/wp-json\/wp\/v2\/product_brand?post=28402"},{"taxonomy":"product_cat","embeddable":true,"href":"https:\/\/naturapura.com\/es\/wp-json\/wp\/v2\/product_cat?post=28402"},{"taxonomy":"product_tag","embeddable":true,"href":"https:\/\/naturapura.com\/es\/wp-json\/wp\/v2\/product_tag?post=28402"},{"taxonomy":"giftcard-category","embeddable":true,"href":"https:\/\/naturapura.com\/es\/wp-json\/wp\/v2\/giftcard-category?post=28402"}],"curies":[{"name":"wp","href":"https:\/\/api.w.org\/{rel}","templated":true}]}}