{"id":37416,"date":"2021-01-18T15:23:44","date_gmt":"2021-01-18T15:23:44","guid":{"rendered":"https:\/\/naturapura.com\/tarjeta-regalo-naturapura\/"},"modified":"2021-01-18T15:23:46","modified_gmt":"2021-01-18T15:23:46","slug":"tarjeta-regalo-naturapura","status":"publish","type":"page","link":"https:\/\/naturapura.com\/es\/tarjeta-regalo-naturapura\/","title":{"rendered":"TARJETA REGALO NATURAPURA"},"content":{"rendered":"\n<div class=\"is-divider divider clearfix\" style=\"background-color:rgb(255, 255, 255);\"><\/div>\n\n<div class=\"row\"  id=\"row-1202844580\">\n\n\n\t<div id=\"col-436272611\" class=\"col medium-1 small-12 large-1\"  >\n\t\t\t\t<div class=\"col-inner\"  >\n\t\t\t\n\t\t\t\n\n\n\t\t<\/div>\n\t\t\t\t\t<\/div>\n\n\t\n\n\t<div id=\"col-125866210\" class=\"col medium-10 small-12 large-10\"  >\n\t\t\t\t<div class=\"col-inner\"  >\n\t\t\t\n\t\t\t\n\n<h2 style=\"text-align: center;\">TARJETA REGALO NATURAPURA<\/h2>\r\n<h3 style=\"text-align: center;\">CONDICIONES GENERALES DE USO<\/h3>\r\n<ol style=\"text-align: justify;\">\r\n \t<li>Esta tarjeta es v\u00e1lida exclusivamente para la compra de productos en <a href=\"http:\/\/www.naturapura.com\">naturapura.com<\/a>.<\/li>\r\n \t<li>La Tarjeta se puede adquirir a trav\u00e9s de cualquiera de los medios de pago aceptados en <a href=\"http:\/\/www.naturapura.com\">www.naturapura.com<\/a><span style=\"color: #555555;\">. La Tarjeta Regalo no se puede adquirir a trav\u00e9s de otra Tarjeta Regalo.<\/span><\/li>\r\n \t<li>Puede comprar su Tarjeta de regalo para ofrecer en cualquier destino y se enviar\u00e1 en EUR o GBP o USD (1EUR = 1GBP = 1USD) seg\u00fan el destino.<\/li>\r\n \t<li>El saldo de la tarjeta no se puede reembolsar ni ser devuelto en efectivo.<\/li>\r\n \t<li>La Tarjeta se puede utilizar tantas veces como se desee hasta que se gaste la cantidad total.<\/li>\r\n \t<li>El saldo disponible de la Tarjeta se puede consultar en el \u00e1rea de clientes si el cliente est\u00e1 registrado. Si el total de la compra excede el saldo disponible en la Tarjeta, la diferencia se podr\u00e1 pagar a trav\u00e9s de cualquiera de los otros medios de pago aceptados en <a href=\"http:\/\/www.naturapura.com\">www.naturapura.com<\/a>.<\/li>\r\n \t<li>Los productos adquiridos a trav\u00e9s de la Tarjeta en <a href=\"http:\/\/www.naturapura.com\">www.naturapura.com<\/a> est\u00e1n sujetos a su pol\u00edtica de cambio y devoluci\u00f3n.<\/li>\r\n \t<li>La tarjeta regalo tiene una validez de 24 meses a partir de la fecha de emisi\u00f3n.<\/li>\r\n<\/ol>\n\n\t\t<\/div>\n\t\t\t\t\t<\/div>\n\n\t\n\n<\/div>\n\n","protected":false},"excerpt":{"rendered":"","protected":false},"author":18,"featured_media":0,"parent":0,"menu_order":0,"comment_status":"closed","ping_status":"closed","template":"","meta":{"footnotes":""},"class_list":["post-37416","page","type-page","status-publish","hentry"],"yoast_head":"<!-- This site is optimized with the Yoast SEO plugin v27.4 - https:\/\/yoast.com\/product\/yoast-seo-wordpress\/ -->\n<title>TARJETA REGALO NATURAPURA - NaturaPura<\/title>\n<meta name=\"robots\" content=\"index, follow, max-snippet:-1, max-image-preview:large, max-video-preview:-1\" \/>\n<link rel=\"canonical\" href=\"https:\/\/naturapura.com\/es\/tarjeta-regalo-naturapura\/\" \/>\n<meta property=\"og:locale\" content=\"es_ES\" \/>\n<meta property=\"og:type\" content=\"article\" \/>\n<meta property=\"og:title\" content=\"TARJETA REGALO NATURAPURA - NaturaPura\" \/>\n<meta property=\"og:url\" content=\"https:\/\/naturapura.com\/es\/tarjeta-regalo-naturapura\/\" \/>\n<meta property=\"og:site_name\" content=\"NaturaPura\" \/>\n<meta property=\"article:modified_time\" content=\"2021-01-18T15:23:46+00:00\" \/>\n<meta name=\"twitter:card\" content=\"summary_large_image\" \/>\n<meta name=\"twitter:label1\" content=\"Tiempo de lectura\" \/>\n\t<meta name=\"twitter:data1\" content=\"1 minuto\" \/>\n<script type=\"application\/ld+json\" class=\"yoast-schema-graph\">{\"@context\":\"https:\\\/\\\/schema.org\",\"@graph\":[{\"@type\":\"WebPage\",\"@id\":\"https:\\\/\\\/naturapura.com\\\/es\\\/tarjeta-regalo-naturapura\\\/\",\"url\":\"https:\\\/\\\/naturapura.com\\\/es\\\/tarjeta-regalo-naturapura\\\/\",\"name\":\"TARJETA REGALO NATURAPURA - NaturaPura\",\"isPartOf\":{\"@id\":\"https:\\\/\\\/naturapura.com\\\/es\\\/#website\"},\"datePublished\":\"2021-01-18T15:23:44+00:00\",\"dateModified\":\"2021-01-18T15:23:46+00:00\",\"breadcrumb\":{\"@id\":\"https:\\\/\\\/naturapura.com\\\/es\\\/tarjeta-regalo-naturapura\\\/#breadcrumb\"},\"inLanguage\":\"es\",\"potentialAction\":[{\"@type\":\"ReadAction\",\"target\":[\"https:\\\/\\\/naturapura.com\\\/es\\\/tarjeta-regalo-naturapura\\\/\"]}]},{\"@type\":\"BreadcrumbList\",\"@id\":\"https:\\\/\\\/naturapura.com\\\/es\\\/tarjeta-regalo-naturapura\\\/#breadcrumb\",\"itemListElement\":[{\"@type\":\"ListItem\",\"position\":1,\"name\":\"In\u00edcio\",\"item\":\"https:\\\/\\\/naturapura.com\\\/es\\\/\"},{\"@type\":\"ListItem\",\"position\":2,\"name\":\"TARJETA REGALO NATURAPURA\"}]},{\"@type\":\"WebSite\",\"@id\":\"https:\\\/\\\/naturapura.com\\\/es\\\/#website\",\"url\":\"https:\\\/\\\/naturapura.com\\\/es\\\/\",\"name\":\"NaturaPura\",\"description\":\"Roupinha de Beb\u00e9 e Complementos em Org\u00e2nico\",\"publisher\":{\"@id\":\"https:\\\/\\\/naturapura.com\\\/es\\\/#organization\"},\"potentialAction\":[{\"@type\":\"SearchAction\",\"target\":{\"@type\":\"EntryPoint\",\"urlTemplate\":\"https:\\\/\\\/naturapura.com\\\/es\\\/?s={search_term_string}\"},\"query-input\":{\"@type\":\"PropertyValueSpecification\",\"valueRequired\":true,\"valueName\":\"search_term_string\"}}],\"inLanguage\":\"es\"},{\"@type\":\"Organization\",\"@id\":\"https:\\\/\\\/naturapura.com\\\/es\\\/#organization\",\"name\":\"NATURAPURA\",\"url\":\"https:\\\/\\\/naturapura.com\\\/es\\\/\",\"logo\":{\"@type\":\"ImageObject\",\"inLanguage\":\"es\",\"@id\":\"https:\\\/\\\/naturapura.com\\\/es\\\/#\\\/schema\\\/logo\\\/image\\\/\",\"url\":\"https:\\\/\\\/i0.wp.com\\\/naturapura.com\\\/wp-content\\\/uploads\\\/2023\\\/09\\\/logo-NP-bebe.png?fit=481%2C101&ssl=1\",\"contentUrl\":\"https:\\\/\\\/i0.wp.com\\\/naturapura.com\\\/wp-content\\\/uploads\\\/2023\\\/09\\\/logo-NP-bebe.png?fit=481%2C101&ssl=1\",\"width\":481,\"height\":101,\"caption\":\"NATURAPURA\"},\"image\":{\"@id\":\"https:\\\/\\\/naturapura.com\\\/es\\\/#\\\/schema\\\/logo\\\/image\\\/\"}}]}<\/script>\n<!-- \/ Yoast SEO plugin. -->","yoast_head_json":{"title":"TARJETA REGALO NATURAPURA - NaturaPura","robots":{"index":"index","follow":"follow","max-snippet":"max-snippet:-1","max-image-preview":"max-image-preview:large","max-video-preview":"max-video-preview:-1"},"canonical":"https:\/\/naturapura.com\/es\/tarjeta-regalo-naturapura\/","og_locale":"es_ES","og_type":"article","og_title":"TARJETA REGALO NATURAPURA - NaturaPura","og_url":"https:\/\/naturapura.com\/es\/tarjeta-regalo-naturapura\/","og_site_name":"NaturaPura","article_modified_time":"2021-01-18T15:23:46+00:00","twitter_card":"summary_large_image","twitter_misc":{"Tiempo de lectura":"1 minuto"},"schema":{"@context":"https:\/\/schema.org","@graph":[{"@type":"WebPage","@id":"https:\/\/naturapura.com\/es\/tarjeta-regalo-naturapura\/","url":"https:\/\/naturapura.com\/es\/tarjeta-regalo-naturapura\/","name":"TARJETA REGALO NATURAPURA - NaturaPura","isPartOf":{"@id":"https:\/\/naturapura.com\/es\/#website"},"datePublished":"2021-01-18T15:23:44+00:00","dateModified":"2021-01-18T15:23:46+00:00","breadcrumb":{"@id":"https:\/\/naturapura.com\/es\/tarjeta-regalo-naturapura\/#breadcrumb"},"inLanguage":"es","potentialAction":[{"@type":"ReadAction","target":["https:\/\/naturapura.com\/es\/tarjeta-regalo-naturapura\/"]}]},{"@type":"BreadcrumbList","@id":"https:\/\/naturapura.com\/es\/tarjeta-regalo-naturapura\/#breadcrumb","itemListElement":[{"@type":"ListItem","position":1,"name":"In\u00edcio","item":"https:\/\/naturapura.com\/es\/"},{"@type":"ListItem","position":2,"name":"TARJETA REGALO NATURAPURA"}]},{"@type":"WebSite","@id":"https:\/\/naturapura.com\/es\/#website","url":"https:\/\/naturapura.com\/es\/","name":"NaturaPura","description":"Roupinha de Beb\u00e9 e Complementos em Org\u00e2nico","publisher":{"@id":"https:\/\/naturapura.com\/es\/#organization"},"potentialAction":[{"@type":"SearchAction","target":{"@type":"EntryPoint","urlTemplate":"https:\/\/naturapura.com\/es\/?s={search_term_string}"},"query-input":{"@type":"PropertyValueSpecification","valueRequired":true,"valueName":"search_term_string"}}],"inLanguage":"es"},{"@type":"Organization","@id":"https:\/\/naturapura.com\/es\/#organization","name":"NATURAPURA","url":"https:\/\/naturapura.com\/es\/","logo":{"@type":"ImageObject","inLanguage":"es","@id":"https:\/\/naturapura.com\/es\/#\/schema\/logo\/image\/","url":"https:\/\/i0.wp.com\/naturapura.com\/wp-content\/uploads\/2023\/09\/logo-NP-bebe.png?fit=481%2C101&ssl=1","contentUrl":"https:\/\/i0.wp.com\/naturapura.com\/wp-content\/uploads\/2023\/09\/logo-NP-bebe.png?fit=481%2C101&ssl=1","width":481,"height":101,"caption":"NATURAPURA"},"image":{"@id":"https:\/\/naturapura.com\/es\/#\/schema\/logo\/image\/"}}]}},"jetpack_sharing_enabled":true,"_links":{"self":[{"href":"https:\/\/naturapura.com\/es\/wp-json\/wp\/v2\/pages\/37416","targetHints":{"allow":["GET"]}}],"collection":[{"href":"https:\/\/naturapura.com\/es\/wp-json\/wp\/v2\/pages"}],"about":[{"href":"https:\/\/naturapura.com\/es\/wp-json\/wp\/v2\/types\/page"}],"author":[{"embeddable":true,"href":"https:\/\/naturapura.com\/es\/wp-json\/wp\/v2\/users\/18"}],"replies":[{"embeddable":true,"href":"https:\/\/naturapura.com\/es\/wp-json\/wp\/v2\/comments?post=37416"}],"version-history":[{"count":0,"href":"https:\/\/naturapura.com\/es\/wp-json\/wp\/v2\/pages\/37416\/revisions"}],"wp:attachment":[{"href":"https:\/\/naturapura.com\/es\/wp-json\/wp\/v2\/media?parent=37416"}],"curies":[{"name":"wp","href":"https:\/\/api.w.org\/{rel}","templated":true}]}}