{"id":29151,"date":"2020-06-15T10:07:49","date_gmt":"2020-06-15T10:07:49","guid":{"rendered":"https:\/\/naturapura.com\/como-comprar\/"},"modified":"2020-11-18T10:48:30","modified_gmt":"2020-11-18T10:48:30","slug":"como-comprar","status":"publish","type":"page","link":"https:\/\/naturapura.com\/es\/como-comprar\/","title":{"rendered":"\u00bfC\u00f3mo Comprar?"},"content":{"rendered":"\n<div class=\"row\"  id=\"row-274795232\">\n\n\n\t<div id=\"col-1869081802\" class=\"col medium-1 small-12 large-1\"  >\n\t\t\t\t<div class=\"col-inner\"  >\n\t\t\t\n\t\t\t\n\n\n\t\t<\/div>\n\t\t\t\t\t<\/div>\n\n\t\n\n\t<div id=\"col-1275158689\" class=\"col medium-10 small-12 large-10\"  >\n\t\t\t\t<div class=\"col-inner\"  >\n\t\t\t\n\t\t\t<h2><strong>\u00bfC\u00f3mo Comprar?<\/strong><\/h2>\r\n<h3><strong>Acceder \/ Registrarse<\/strong><\/h3>\r\n<p style=\"text-align: justify;\">Si todav\u00eda\u00a0<strong>no est\u00e1 registrada<\/strong>\u00a0en nuestra tienda, puede crear una cuenta en el men\u00fa superior (<strong>Acceder \/ Registrarse<\/strong>). Tambi\u00e9n puede hacerlo iniciando sesi\u00f3n a trav\u00e9s de su cuenta de\u00a0<strong>Google<\/strong>\u00a0o\u00a0<strong>Facebook<\/strong>\u00a0utilizando la opci\u00f3n\u00a0<strong>Acceder<\/strong>.<\/p>\r\n<p style=\"text-align: justify;\">\u00bfYa es cliente online de\u00a0<strong>NaturaPura<\/strong>?<\/p>\r\n<p style=\"text-align: justify;\">Si ya se\u00a0<strong>ha registrado<\/strong>\u00a0en nuestra tienda online, introduzca su email y una contrase\u00f1a en el men\u00fa superior (<strong>Acceder \/ Registrarse<\/strong>). Tambi\u00e9n puede hacerlo iniciando sesi\u00f3n a trav\u00e9s de su cuenta de\u00a0<strong>Google<\/strong>\u00a0o\u00a0<strong>Facebook<\/strong>\u00a0utilizando la opci\u00f3n\u00a0<strong>Acceder<\/strong>.<\/p>\r\n<p style=\"text-align: justify;\"><strong>\u00bfQu\u00e9 ocurre si olvido mi contrase\u00f1a?<\/strong><\/p>\r\n<p style=\"text-align: justify;\">\u00a1No se preocupe! En el proceso de\u00a0<strong>Acceder \/ Registrarse<\/strong>\u00a0hay un bot\u00f3n para tal fin \u2013 \u00ab\u00bf<strong>Olvid\u00f3 su contrase\u00f1a<\/strong>?\u00bb.<\/p>\r\n<p style=\"text-align: justify;\">Despu\u00e9s de esta acci\u00f3n, se le enviar\u00e1 un email a la direcci\u00f3n de correo electr\u00f3nico indicada al registrarse con informaci\u00f3n de c\u00f3mo proceder.<\/p>\r\n<p style=\"text-align: justify;\"><strong>Tramitar un pedido sin registrarse<\/strong><\/p>\r\n<p style=\"text-align: justify;\">Si tramita un pedido sin registrarse, todav\u00eda puede hacerlo seleccionando \u00ab\u00bf<strong>Crear una cuenta<\/strong>?\u00bb justo\u00a0<strong>despu\u00e9s de ingresar sus datos de facturaci\u00f3n<\/strong>. Al seleccionar esta opci\u00f3n,\u00a0<strong>crearemos autom\u00e1ticamente<\/strong>\u00a0una\u00a0<strong>cuenta<\/strong>\u00a0para usted con los datos que nos proporcion\u00f3.<\/p>\r\n<p style=\"text-align: justify;\"><strong>Puede<\/strong>\u00a0elegir\u00a0<strong>realizar la compra sin registrarse<\/strong>. En ese caso, utilizaremos la direcci\u00f3n de correo electr\u00f3nico que nos proporcion\u00f3 para enviarle los emails de seguimiento del proceso, comenzando con el email de confirmaci\u00f3n del pedido.<\/p>\r\n<p style=\"text-align: justify;\">Para mayor comodidad y seguridad, le recomendamos que introduzca siempre todos los datos solicitados, especialmente el n\u00famero de\u00a0<strong>tel\u00e9fono m\u00f3vil<\/strong><strong>,<\/strong>\u00a0<strong>de forma<\/strong>\u00a0que podamos ponernos en contacto con usted si fuera necesario.<\/p>\r\n<h3><strong>Compre Ahora<\/strong><\/h3>\r\n<p style=\"text-align: justify;\">Haga sus compras por\u00a0<strong>Categor\u00edas<\/strong>.<\/p>\r\n<p style=\"text-align: justify;\">En la barra de men\u00fa busque entre las categor\u00edas de productos (<strong>Canastilla Beb\u00e9<\/strong>,\u00a0<strong>Ropa<\/strong>,\u00a0<strong>Cama y Ba\u00f1o<\/strong>,\u00a0<strong>Peluches<\/strong>\u00a0\u2026) aquellos que desee comprar.<\/p>\r\n<p style=\"text-align: justify;\">Seleccione un art\u00edculo para ver toda la informaci\u00f3n sobre el mismo.<\/p>\r\n<p style=\"text-align: justify;\">Agregue los art\u00edculos deseados a su cesta. \u00a1Recuerde\u00a0<strong>elegir<\/strong>\u00a0la\u00a0<strong>cantidad<\/strong>, el\u00a0<strong>color<\/strong>\u00a0y la\u00a0<strong>talla<\/strong>\u00a0que quiere! Para los\u00a0<strong>art\u00edculos personalizados<\/strong>, se le solicitar\u00e1 el\u00a0<strong>nombre<\/strong>\u00a0que desea poner en el art\u00edculo seleccionado en esta Categor\u00eda.<\/p>\r\n<p style=\"text-align: justify;\">Todos nuestros pedidos online se entregan en el <strong>destino<\/strong>\u00a0<strong>elegido<\/strong>, en un\u00a0<strong>paquete exclusivo<\/strong>\u00a0y\u00a0<strong>muy elegante<\/strong>,\u00a0<strong>perfecto<\/strong>\u00a0para\u00a0<strong>regalo<\/strong>. En este caso, se podr\u00e1 a\u00f1adir un\u00a0<strong>mensaje<\/strong>\u00a0personalizado con\u00a0<strong>amor<\/strong>.<\/p>\r\n<p style=\"text-align: justify;\">Vaya a su\u00a0<strong>carrito de compras<\/strong>\u00a0haciendo clic en el icono \u00abSu cesta\u00bb en la parte superior derecha. Encuentr\u00e9 all\u00ed toda la informaci\u00f3n relacionada con los art\u00edculos que ha elegido.<\/p>\r\n<p style=\"text-align: justify;\">Elija la opci\u00f3n \u00abconfirmar\u00bb para finalizar su pedido. El importe total de los art\u00edculos, gastos de env\u00edo y cantidad se mencionar\u00e1n claramente en este paso.<\/p>\r\n<p style=\"text-align: justify;\">Los impuestos, concretamente, el IVA, se calculan de acuerdo con la direcci\u00f3n de destino y pueden ser nulos si el destino del pedido se encuentra fuera de la Uni\u00f3n Europea.<\/p>\r\n<p style=\"text-align: justify;\">Despu\u00e9s de realizado el pago de su pedido, le enviaremos un email de la confirmaci\u00f3n en los 10 minutos siguientes a la realizaci\u00f3n de su compra.<\/p>\r\n<h3><strong>M\u00e9todos de pago<\/strong><\/h3>\r\n<p style=\"text-align: justify;\">Los pagos a\u00a0<strong>NaturaPura <\/strong>pueden realizarse mediante:<\/p>\r\n<ul style=\"text-align: justify;\"><li><strong>Tarjetas de cr\u00e9dito<\/strong><strong>(a trav\u00e9s<\/strong>\u00a0<strong>de Stripe);<\/strong><\/li>\r\n<li><strong>Cuenta\u00a0<\/strong><strong>PayPal<\/strong>.<\/li>\r\n<\/ul><h3><strong>Pague con su tarjeta de cr\u00e9dito<\/strong><\/h3>\r\n<p style=\"text-align: justify;\">Las tarjetas de cr\u00e9dito son un m\u00e9todo de pago seguro a trav\u00e9s de Internet. Se aceptan tarjetas de varias redes<strong>,<\/strong><strong>\u00a0concretamente<\/strong><strong>, Visa,<\/strong>\u00a0<strong>MasterCard<\/strong>\u00a0y\u00a0<strong>American Express.<\/strong><\/p>\r\n<p style=\"text-align: justify;\">Si elige este m\u00e9todo de pago, complete lo siguiente para completar el pago:<\/p>\r\n<ul style=\"text-align: justify;\"><li><strong>N\u00famero de tarjeta\u00a0<\/strong>de cr\u00e9dito * (16 d\u00edgitos);<\/li>\r\n<li>\r\n<p style=\"text-align: justify;\"><strong>Mes<\/strong>\/\u00a0<strong>A\u00f1o<\/strong>\u00a0de validez (mes y a\u00f1o, cada uno con 2 d\u00edgitos) \u2013 Por ejemplo, si la validez de la tarjeta de cr\u00e9dito es hasta diciembre de 2020, debe escribir: 12 \/ 20;<\/p>\r\n<\/li>\r\n<li><strong>C\u00f3digo <\/strong>de seguridad\u00a0<strong>CVV<\/strong> \u2013 3 d\u00edgitos, situado en la parte delantera de la tarjeta.<\/li>\r\n<\/ul><p style=\"text-align: justify;\">Los pedidos est\u00e1n sujetos a verificaci\u00f3n y aceptaci\u00f3n antes del env\u00edo. El cobro en la tarjeta de cr\u00e9dito se efect\u00faa antes de que se acepte el pedido.<\/p>\r\n<p style=\"text-align: justify;\"><strong>NaturaPura<\/strong>\u00a0no se hace responsable de ning\u00fan error tipogr\u00e1fico.<\/p>\r\n<p style=\"text-align: justify;\">* Por razones de\u00a0<strong>seguridad,<\/strong>\u00a0<strong>no incluya<\/strong>\u00a0su\u00a0<strong>n\u00famero<\/strong>\u00a0de tarjeta de\u00a0<strong>cr\u00e9dito<\/strong>\u00a0en las comunicaciones por\u00a0<strong>correo electr\u00f3nico.<\/strong><\/p>\r\n<h3><strong>Pague con su cuenta PayPal<\/strong><\/h3>\r\n<p style=\"text-align: justify;\"><strong>PayPal<\/strong>\u00a0se utiliza exclusivamente para compras en l\u00ednea. Con una cuenta\u00a0<strong>PayPal<\/strong>\u00a0puede optar por pagar con su tarjeta de cr\u00e9dito, cuenta bancaria o saldo de cuenta\u00a0<strong>PayPal.<\/strong>\u00a0Seleccione \u00ab<strong>PayPal<\/strong>\u00bb y clique en \u00ab<strong>Confirmar pedido<\/strong>\u00ab. Le dirigiremos a la p\u00e1gina de\u00a0<strong>PayPal<\/strong>\u00a0donde debe iniciar sesi\u00f3n y validar su pago.<\/p>\t\t<\/div>\n\t\t\t\t\t<\/div>\n\n\t\n\n<\/div>\n","protected":false},"excerpt":{"rendered":"","protected":false},"author":18,"featured_media":0,"parent":0,"menu_order":0,"comment_status":"closed","ping_status":"closed","template":"","meta":{"footnotes":""},"class_list":["post-29151","page","type-page","status-publish","hentry"],"yoast_head":"<!-- This site is optimized with the Yoast SEO plugin v27.4 - https:\/\/yoast.com\/product\/yoast-seo-wordpress\/ -->\n<title>\u00bfC\u00f3mo Comprar? - NaturaPura<\/title>\n<meta name=\"description\" content=\"En el men\u00fa superior, busque en todas nuestras categor\u00edas de productos (Conjuntos premam\u00e1, Ropa, Guarder\u00eda, Juguetes\u2026) los que desea comprar.\" \/>\n<meta name=\"robots\" content=\"index, follow, max-snippet:-1, max-image-preview:large, max-video-preview:-1\" \/>\n<link rel=\"canonical\" href=\"https:\/\/naturapura.com\/es\/como-comprar\/\" \/>\n<meta property=\"og:locale\" content=\"es_ES\" \/>\n<meta property=\"og:type\" content=\"article\" \/>\n<meta property=\"og:title\" content=\"\u00bfC\u00f3mo Comprar? - NaturaPura\" \/>\n<meta property=\"og:description\" content=\"En el men\u00fa superior, busque en todas nuestras categor\u00edas de productos (Conjuntos premam\u00e1, Ropa, Guarder\u00eda, Juguetes\u2026) los que desea comprar.\" \/>\n<meta property=\"og:url\" content=\"https:\/\/naturapura.com\/es\/como-comprar\/\" \/>\n<meta property=\"og:site_name\" content=\"NaturaPura\" \/>\n<meta property=\"article:modified_time\" content=\"2020-11-18T10:48:30+00:00\" \/>\n<meta name=\"twitter:card\" content=\"summary_large_image\" \/>\n<meta name=\"twitter:label1\" content=\"Tiempo de lectura\" \/>\n\t<meta name=\"twitter:data1\" content=\"4 minutos\" \/>\n<script type=\"application\/ld+json\" class=\"yoast-schema-graph\">{\"@context\":\"https:\\\/\\\/schema.org\",\"@graph\":[{\"@type\":\"WebPage\",\"@id\":\"https:\\\/\\\/naturapura.com\\\/es\\\/como-comprar\\\/\",\"url\":\"https:\\\/\\\/naturapura.com\\\/es\\\/como-comprar\\\/\",\"name\":\"\u00bfC\u00f3mo Comprar? - NaturaPura\",\"isPartOf\":{\"@id\":\"https:\\\/\\\/naturapura.com\\\/es\\\/#website\"},\"datePublished\":\"2020-06-15T10:07:49+00:00\",\"dateModified\":\"2020-11-18T10:48:30+00:00\",\"description\":\"En el men\u00fa superior, busque en todas nuestras categor\u00edas de productos (Conjuntos premam\u00e1, Ropa, Guarder\u00eda, Juguetes\u2026) los que desea comprar.\",\"breadcrumb\":{\"@id\":\"https:\\\/\\\/naturapura.com\\\/es\\\/como-comprar\\\/#breadcrumb\"},\"inLanguage\":\"es\",\"potentialAction\":[{\"@type\":\"ReadAction\",\"target\":[\"https:\\\/\\\/naturapura.com\\\/es\\\/como-comprar\\\/\"]}]},{\"@type\":\"BreadcrumbList\",\"@id\":\"https:\\\/\\\/naturapura.com\\\/es\\\/como-comprar\\\/#breadcrumb\",\"itemListElement\":[{\"@type\":\"ListItem\",\"position\":1,\"name\":\"In\u00edcio\",\"item\":\"https:\\\/\\\/naturapura.com\\\/es\\\/\"},{\"@type\":\"ListItem\",\"position\":2,\"name\":\"\u00bfC\u00f3mo Comprar?\"}]},{\"@type\":\"WebSite\",\"@id\":\"https:\\\/\\\/naturapura.com\\\/es\\\/#website\",\"url\":\"https:\\\/\\\/naturapura.com\\\/es\\\/\",\"name\":\"NaturaPura\",\"description\":\"Roupinha de Beb\u00e9 e Complementos em Org\u00e2nico\",\"publisher\":{\"@id\":\"https:\\\/\\\/naturapura.com\\\/es\\\/#organization\"},\"potentialAction\":[{\"@type\":\"SearchAction\",\"target\":{\"@type\":\"EntryPoint\",\"urlTemplate\":\"https:\\\/\\\/naturapura.com\\\/es\\\/?s={search_term_string}\"},\"query-input\":{\"@type\":\"PropertyValueSpecification\",\"valueRequired\":true,\"valueName\":\"search_term_string\"}}],\"inLanguage\":\"es\"},{\"@type\":\"Organization\",\"@id\":\"https:\\\/\\\/naturapura.com\\\/es\\\/#organization\",\"name\":\"NATURAPURA\",\"url\":\"https:\\\/\\\/naturapura.com\\\/es\\\/\",\"logo\":{\"@type\":\"ImageObject\",\"inLanguage\":\"es\",\"@id\":\"https:\\\/\\\/naturapura.com\\\/es\\\/#\\\/schema\\\/logo\\\/image\\\/\",\"url\":\"https:\\\/\\\/i0.wp.com\\\/naturapura.com\\\/wp-content\\\/uploads\\\/2023\\\/09\\\/logo-NP-bebe.png?fit=481%2C101&ssl=1\",\"contentUrl\":\"https:\\\/\\\/i0.wp.com\\\/naturapura.com\\\/wp-content\\\/uploads\\\/2023\\\/09\\\/logo-NP-bebe.png?fit=481%2C101&ssl=1\",\"width\":481,\"height\":101,\"caption\":\"NATURAPURA\"},\"image\":{\"@id\":\"https:\\\/\\\/naturapura.com\\\/es\\\/#\\\/schema\\\/logo\\\/image\\\/\"}}]}<\/script>\n<!-- \/ Yoast SEO plugin. -->","yoast_head_json":{"title":"\u00bfC\u00f3mo Comprar? - NaturaPura","description":"En el men\u00fa superior, busque en todas nuestras categor\u00edas de productos (Conjuntos premam\u00e1, Ropa, Guarder\u00eda, Juguetes\u2026) los que desea comprar.","robots":{"index":"index","follow":"follow","max-snippet":"max-snippet:-1","max-image-preview":"max-image-preview:large","max-video-preview":"max-video-preview:-1"},"canonical":"https:\/\/naturapura.com\/es\/como-comprar\/","og_locale":"es_ES","og_type":"article","og_title":"\u00bfC\u00f3mo Comprar? - NaturaPura","og_description":"En el men\u00fa superior, busque en todas nuestras categor\u00edas de productos (Conjuntos premam\u00e1, Ropa, Guarder\u00eda, Juguetes\u2026) los que desea comprar.","og_url":"https:\/\/naturapura.com\/es\/como-comprar\/","og_site_name":"NaturaPura","article_modified_time":"2020-11-18T10:48:30+00:00","twitter_card":"summary_large_image","twitter_misc":{"Tiempo de lectura":"4 minutos"},"schema":{"@context":"https:\/\/schema.org","@graph":[{"@type":"WebPage","@id":"https:\/\/naturapura.com\/es\/como-comprar\/","url":"https:\/\/naturapura.com\/es\/como-comprar\/","name":"\u00bfC\u00f3mo Comprar? - NaturaPura","isPartOf":{"@id":"https:\/\/naturapura.com\/es\/#website"},"datePublished":"2020-06-15T10:07:49+00:00","dateModified":"2020-11-18T10:48:30+00:00","description":"En el men\u00fa superior, busque en todas nuestras categor\u00edas de productos (Conjuntos premam\u00e1, Ropa, Guarder\u00eda, Juguetes\u2026) los que desea comprar.","breadcrumb":{"@id":"https:\/\/naturapura.com\/es\/como-comprar\/#breadcrumb"},"inLanguage":"es","potentialAction":[{"@type":"ReadAction","target":["https:\/\/naturapura.com\/es\/como-comprar\/"]}]},{"@type":"BreadcrumbList","@id":"https:\/\/naturapura.com\/es\/como-comprar\/#breadcrumb","itemListElement":[{"@type":"ListItem","position":1,"name":"In\u00edcio","item":"https:\/\/naturapura.com\/es\/"},{"@type":"ListItem","position":2,"name":"\u00bfC\u00f3mo Comprar?"}]},{"@type":"WebSite","@id":"https:\/\/naturapura.com\/es\/#website","url":"https:\/\/naturapura.com\/es\/","name":"NaturaPura","description":"Roupinha de Beb\u00e9 e Complementos em Org\u00e2nico","publisher":{"@id":"https:\/\/naturapura.com\/es\/#organization"},"potentialAction":[{"@type":"SearchAction","target":{"@type":"EntryPoint","urlTemplate":"https:\/\/naturapura.com\/es\/?s={search_term_string}"},"query-input":{"@type":"PropertyValueSpecification","valueRequired":true,"valueName":"search_term_string"}}],"inLanguage":"es"},{"@type":"Organization","@id":"https:\/\/naturapura.com\/es\/#organization","name":"NATURAPURA","url":"https:\/\/naturapura.com\/es\/","logo":{"@type":"ImageObject","inLanguage":"es","@id":"https:\/\/naturapura.com\/es\/#\/schema\/logo\/image\/","url":"https:\/\/i0.wp.com\/naturapura.com\/wp-content\/uploads\/2023\/09\/logo-NP-bebe.png?fit=481%2C101&ssl=1","contentUrl":"https:\/\/i0.wp.com\/naturapura.com\/wp-content\/uploads\/2023\/09\/logo-NP-bebe.png?fit=481%2C101&ssl=1","width":481,"height":101,"caption":"NATURAPURA"},"image":{"@id":"https:\/\/naturapura.com\/es\/#\/schema\/logo\/image\/"}}]}},"jetpack_sharing_enabled":true,"_links":{"self":[{"href":"https:\/\/naturapura.com\/es\/wp-json\/wp\/v2\/pages\/29151","targetHints":{"allow":["GET"]}}],"collection":[{"href":"https:\/\/naturapura.com\/es\/wp-json\/wp\/v2\/pages"}],"about":[{"href":"https:\/\/naturapura.com\/es\/wp-json\/wp\/v2\/types\/page"}],"author":[{"embeddable":true,"href":"https:\/\/naturapura.com\/es\/wp-json\/wp\/v2\/users\/18"}],"replies":[{"embeddable":true,"href":"https:\/\/naturapura.com\/es\/wp-json\/wp\/v2\/comments?post=29151"}],"version-history":[{"count":0,"href":"https:\/\/naturapura.com\/es\/wp-json\/wp\/v2\/pages\/29151\/revisions"}],"wp:attachment":[{"href":"https:\/\/naturapura.com\/es\/wp-json\/wp\/v2\/media?parent=29151"}],"curies":[{"name":"wp","href":"https:\/\/api.w.org\/{rel}","templated":true}]}}