{"id":29144,"date":"2020-06-15T09:38:26","date_gmt":"2020-06-15T09:38:26","guid":{"rendered":"https:\/\/naturapura.com\/nuestro-algodon-organico-para-bebe\/"},"modified":"2020-11-11T12:27:36","modified_gmt":"2020-11-11T12:27:36","slug":"nuestro-algodon-organico-para-bebe","status":"publish","type":"page","link":"https:\/\/naturapura.com\/es\/nuestro-algodon-organico-para-bebe\/","title":{"rendered":"Nuestro algod\u00f3n org\u00e1nico para beb\u00e9"},"content":{"rendered":"\n<div class=\"row\"  id=\"row-1712710858\">\n\n\n\t<div id=\"col-1872895256\" class=\"col medium-1 small-12 large-1\"  >\n\t\t\t\t<div class=\"col-inner\"  >\n\t\t\t\n\t\t\t\n\n\n\t\t<\/div>\n\t\t\t\t\t<\/div>\n\n\t\n\n\t<div id=\"col-967986852\" class=\"col medium-10 small-12 large-10\"  >\n\t\t\t\t<div class=\"col-inner\"  >\n\t\t\t\n\t\t\t<h1><strong>5 motivos para elegir el algod\u00f3n org\u00e1nico NaturaPura<\/strong><\/h1>\r\n<p style=\"text-align: justify;\"><strong>El algod\u00f3n org\u00e1nico,\u00a0<\/strong>en sus\u00a0<strong>colores naturales, sin qu\u00edmicos,<\/strong>\u00a0ha sido la materia prima elegida por\u00a0<strong>NaturaPura,\u00a0<\/strong>una marca de productos ecol\u00f3gicos, para desarrollar\u00a0<strong>ropita de beb\u00e9<\/strong>\u00a0y sus complementos. Ejemplos son\u00a0<strong>nuestros bodies<\/strong>,\u00a0<strong>pijamas y peleles,\u00a0<\/strong>ideales para la\u00a0<strong>piel sensible\u00a0<\/strong>de los beb\u00e9s, y\u00a0<strong>nuestros peluches, juguetes no t\u00f3xicos,\u00a0<\/strong>seguros, que el beb\u00e9 puede llevar a la boca, sin ning\u00fan problema, y dormir con ellos.<\/p>\r\n<p><img data-recalc-dims=\"1\" decoding=\"async\" class=\"wp-image-20137 aligncenter\" src=\"https:\/\/i0.wp.com\/naturapura.com\/wp-content\/uploads\/2020\/01\/Organic-Cotton.jpg?resize=246%2C191&#038;ssl=1\" alt=\"\" width=\"246\" height=\"191\" srcset=\"https:\/\/i0.wp.com\/naturapura.com\/wp-content\/uploads\/2020\/01\/Organic-Cotton.jpg?resize=300%2C233&amp;ssl=1 300w, https:\/\/i0.wp.com\/naturapura.com\/wp-content\/uploads\/2020\/01\/Organic-Cotton.jpg?resize=510%2C396&amp;ssl=1 510w, https:\/\/i0.wp.com\/naturapura.com\/wp-content\/uploads\/2020\/01\/Organic-Cotton.jpg?w=526&amp;ssl=1 526w\" sizes=\"(max-width: 246px) 100vw, 246px\" \/><\/p>\r\n<p style=\"text-align: justify;\"><strong>Comenzamos,<\/strong>\u00a0en\u00a0<strong>1999,<\/strong>\u00a0nuestra aventura, con el objetivo de desarrollar ropa de beb\u00e9\u00a0<strong>saludable, c\u00f3moda<\/strong>\u00a0y\u00a0<strong>pr\u00e1ctica.<\/strong>\u00a0Nuestra experiencia como padres y madres nos inspir\u00f3 a crear cada art\u00edculo en nuestras colecciones y, teniendo en cuenta:<\/p>\r\n<ol style=\"text-align: justify;\"><li>La\u00a0<strong>piel del beb\u00e9,\u00a0<\/strong>muy\u00a0<strong>sensible,\u00a0<\/strong>f\u00e1cilmente irritable, sujeta a reacciones al\u00e9rgicas, con dermatitis at\u00f3pica, que hoy afectan entre 10-20% de los ni\u00f1os en el mundo occidental;<\/li>\r\n<li>La\u00a0<strong>boca<\/strong>\u00a0del beb\u00e9 y la salud a largo\u00a0<strong>plazo,<\/strong>ya que llevan todo a la boca, productos qu\u00edmicos nocivos como metales pesados pueden perjudicar en gran medida su salud;<\/li>\r\n<li>La\u00a0<strong>comodidad del beb\u00e9,\u00a0<\/strong>sabiendo que pasa mucho tiempo acostado;<\/li>\r\n<li><strong>Algod\u00f3n org\u00e1nico\u00a0<\/strong>y sus caracter\u00edsticas como materia prima;<\/li>\r\n<li><strong>Nuestro planeta\u00a0<\/strong>y \u00ab\u00a1No hay planeta B!\u00bb,<\/li>\r\n<\/ol><p>\u00a0<\/p>\r\n<p style=\"text-align: justify;\">Optamos por utilizar solo lo\u00a0<strong>ultra natural,<\/strong>\u00a0<strong>libre de qu\u00edmicos,\u00a0<\/strong>que resulta del\u00a0<strong>algod\u00f3n org\u00e1nico,\u00a0<\/strong>en sus colores naturales,\u00a0\u00a1sin ning\u00fan\u00a0<strong>tinte!<\/strong><\/p>\r\n<p style=\"text-align: justify;\">Hoy en d\u00eda, ofrecemos una amplia variedad de ropita y accesorios para\u00a0<strong>beb\u00e9s,<\/strong>\u00a0tanto para los\u00a0<strong>prematuros como\u00a0<\/strong>para los m\u00e1s creciditos, realizados con un dise\u00f1o cuidadoso y un toque de cari\u00f1o.<\/p>\r\n<h2><strong>Garant\u00eda de calidad<\/strong><\/h2>\r\n<p style=\"text-align: justify;\">Nuestros productos se fabrican en Portugal y, como sello de garant\u00eda de\u00a0<strong>calidad,<\/strong>\u00a0<strong>NaturaPura\u00a0<\/strong>est\u00e1 certificada con el\u00a0<a href=\"http:\/\/ec.europa.eu\/ecat\/products\/en\/21992\/naturapura-iberica---prod\"><strong>EcoLabel Europeo,<\/strong><\/a><strong>\u00a0<\/strong>una haza\u00f1a lograda por muy pocas empresas, debido a los criterios utilizados, muy ajustados y estrictos.<\/p>\r\n<p style=\"text-align: justify;\">Debido a que la prioridad\u00a0<strong>de NaturaPura<\/strong>\u00a0es el\u00a0<strong>bienestar,<\/strong>\u00a0<strong>la comodidad\u00a0<\/strong>y la\u00a0<strong>salud\u00a0<\/strong>de<strong>\u00a0nuestros beb\u00e9s,\u00a0<\/strong>nuestros productos se\u00a0<a href=\"https:\/\/e.ate.wpml.org\/?page_id=211\"><strong>prueban dermatol\u00f3gicamente.<\/strong><\/a><\/p>\r\n<p style=\"text-align: justify;\">Como nota, recordamos que el beb\u00e9, al nacer, presenta la dermis con un grosor de 40-60% inferior al del adulto. Esto lo hace muy sensible, facilitando la absorci\u00f3n de sustancias y la posibilidad de irritaci\u00f3n. Por otro lado, los beb\u00e9s todav\u00eda no tienen la barrera protectora ni las gl\u00e1ndulas sudor\u00edparas desarrolladas. Por lo tanto, tanto las irritaciones de la piel como las alergias de piel son muy comunes, la mayor\u00eda de las veces causadas por el tipo de tejidos utilizados en la ropa de beb\u00e9, productos de higiene y a veces por algunos productos alimenticios.<\/p>\r\n<p style=\"text-align: justify;\">Por nuestro lado,\u00a0<strong>nos aseguramos<\/strong>\u00a0de que los\u00a0<strong>productos<\/strong>\u00a0NaturaPura no creen irritaci\u00f3n en la\u00a0<strong>piel de su beb\u00e9<\/strong>\u00a0y por lo tanto son adecuados para pieles sensibles, propensas a alergias y pieles at\u00f3picas.<\/p>\r\n<h2><strong>Nuestros productos de Vestuario<\/strong><\/h2>\r\n<ul style=\"text-align: justify;\"><li><strong>Algod\u00f3n 100% org\u00e1nico<\/strong>en sus\u00a0<strong>colores naturales<\/strong>\u00a0\u2013\u00a0<strong>crudo,<\/strong>\u00a0<strong>verde<\/strong>\u00a0y\u00a0<strong>marr\u00f3n;<\/strong><\/li>\r\n<li>Sin te\u00f1idos;<\/li>\r\n<li><strong>Sin productos qu\u00edmicos;<\/strong><\/li>\r\n<li>Cosido con\u00a0<strong>hilo 100% algod\u00f3n<\/strong>, por lo que no irritar\u00e1 la piel de su beb\u00e9;<\/li>\r\n<li>Los\u00a0<strong>pantalones\u00a0<\/strong>de reci\u00e9n nacidos\u00a0<strong>no llevan el\u00e1stico<\/strong>, por lo que ser\u00e1 c\u00f3modo en el \u00e1rea del cord\u00f3n umbilical;<\/li>\r\n<li>Todas las\u00a0<strong>etiquetas\u00a0<\/strong>est\u00e1n en el\u00a0<strong>exterior<\/strong>\u00a0de cada pieza, por lo que no rozar\u00e1;<\/li>\r\n<li>Los\u00a0<strong>bodies\u00a0<\/strong>de reci\u00e9n nacido tienen una\u00a0<strong>abertura frontal<\/strong>;<\/li>\r\n<li>Art\u00edculos apropiados para la edad y\u00a0f\u00e1ciles de<strong>\u00a0vestir;<\/strong><\/li>\r\n<li><strong>Muchos\u00a0<\/strong>de nuestros art\u00edculos de punto\u00a0<strong>no tienen costuras;<\/strong><\/li>\r\n<li><a href=\"https:\/\/e.ate.wpml.org\/?page_id=211\"><strong>Probado dermatol\u00f3gicamente\u00a0<\/strong><\/a>\u2013 Adecuado para\u00a0<strong>pieles sensibles,\u00a0<\/strong>con alergias, dermatosis, eczema y pieles at\u00f3picas.<\/li>\r\n<\/ul><h2><strong>Peluches NaturaPura<\/strong><\/h2>\r\n<p style=\"text-align: justify;\"><strong>\u00bfQu\u00e9 va a hacer su beb\u00e9 cuando coja un juguete por primera vez?<\/strong><\/p>\r\n<p style=\"text-align: justify;\">\u00a1Va a\u00a0<strong>llev\u00e1rselo a la<\/strong>\u00a0<strong>boca<\/strong>!<\/p>\r\n<p style=\"text-align: justify;\">\u00a1Lo sabemos! \u00a1Por esta raz\u00f3n, nuestros juguetes\u00a0no\u00a0son\u00a0t\u00f3xicos! Son peluches en\u00a0<strong>algod\u00f3n org\u00e1nico sin te\u00f1ir,\u00a0<\/strong>en sus colores naturales, y est\u00e1n cuidadosamente dise\u00f1ados y\u00a0<a href=\"https:\/\/e.ate.wpml.org\/?page_id=211\"><strong>probados<\/strong><\/a>\u00a0para asegurar que son\u00a0<a href=\"https:\/\/e.ate.wpml.org\/?page_id=211\"><strong>100% \u00a0seguros<\/strong><\/a>\u00a0para su\u00a0<strong>beb\u00e9,<\/strong>\u00a0<strong>para llev\u00e1rselo a la boca<\/strong>\u00a0o\u00a0<strong>dormir<\/strong>\u00a0con el beb\u00e9.<\/p>\r\n<p style=\"text-align: justify;\">\u00a1Son uno de los \u00fanicos juguetes en el mercado que usted no tiene que preocuparse por dejar que su beb\u00e9\u00a0juegue a su antojo!<\/p>\r\n<p style=\"text-align: justify;\">\u00a1No\u00a0<strong>tienen\u00a0productos qu\u00edmicos\u00a0<\/strong>ni<strong>\u00a0pigmentos!<\/strong><\/p>\r\n<p style=\"text-align: justify;\"><strong>Algod\u00f3n org\u00e1nico sin te\u00f1ir y sostenibilidad ambiental<\/strong><\/p>\r\n<p style=\"text-align: justify;\">Nuestro prop\u00f3sito va m\u00e1s all\u00e1 del cuidado de nuestros beb\u00e9s. Nos tomamos muy en serio la\u00a0<a href=\"http:\/\/www.fabricoftheworld.com\/fabric-dyeing-death-water-bodies-hazardous-effects-of-textile-dyes\/\"><strong>protecci\u00f3n del medio ambiente<\/strong><\/a>\u00a0y\u00a0<strong>la sostenibilidad,<\/strong>\u00a0trabajando para crear un planeta\u00a0<strong>mejor y<\/strong>\u00a0m\u00e1s saludable para las generaciones futuras, para el futuro de nuestros beb\u00e9s.<\/p>\r\n<p style=\"text-align: justify;\">Por lo tanto, nos aseguramos de que nuestro proceso de\u00a0<strong>producci\u00f3n\u00a0<\/strong>est\u00e9\u00a0<strong>certificado<\/strong>\u00a0<strong>ecol\u00f3gicamente<\/strong>\u00a0y que el\u00a0<strong>algod\u00f3n<\/strong>\u00a0utilizado en nuestros productos\u00a0<strong>no<\/strong>\u00a0tenga la influencia de ning\u00fan\u00a0<strong>producto qu\u00edmico<\/strong>\u00a0nocivo para el medio ambiente, desde el cultivo, la cosecha, hasta la confecci\u00f3n.<\/p>\r\n<p style=\"text-align: justify;\">Como nota, un producto\u00a0<strong>NaturaPura,\u00a0<\/strong>en comparaci\u00f3n con un producto hecho de algod\u00f3n convencional y te\u00f1ido, ahorra, de\u00a0<strong>promedio:<\/strong><\/p>\r\n<ul style=\"text-align: justify;\"><li><strong>60%\u00a0<\/strong>en consumo de\u00a0<strong>agua<\/strong>;<\/li>\r\n<li><strong>30%\u00a0<\/strong>en consumo de\u00a0<strong>energ\u00eda<\/strong>.<\/li>\r\n<\/ul><p>\u00a0<\/p>\r\n<p style=\"text-align: justify;\">\u00bfSab\u00eda que cerca del\u00a0<strong>25%<\/strong>\u00a0de los\u00a0<strong>pesticidas\u00a0<\/strong>en\u00a0<strong>todo el mundo<\/strong>\u00a0se usan en\u00a0<strong>la producci\u00f3n\u00a0<\/strong>de algod\u00f3n convencional?<\/p>\r\n<p style=\"text-align: justify;\">El algod\u00f3n\u00a0<strong>NaturaPura<\/strong>\u00a0no utiliza\u00a0<strong>pesticidas<\/strong>\u00a0ni\u00a0<strong>herbicidas\u00a0<\/strong>y<strong>\u00a0NaturaPura no utiliza<\/strong>\u00a0productos\u00a0<strong>qu\u00edmicos\u00a0<\/strong>en el proceso porque no ti\u00f1e sus productos (utiliza los\u00a0<strong>colores naturales\u00a0<\/strong>del<strong>\u00a0algod\u00f3n).<\/strong><\/p>\t\t<\/div>\n\t\t\t\t\t<\/div>\n\n\t\n\n<\/div>\n\n","protected":false},"excerpt":{"rendered":"","protected":false},"author":18,"featured_media":0,"parent":0,"menu_order":0,"comment_status":"closed","ping_status":"closed","template":"","meta":{"footnotes":""},"class_list":["post-29144","page","type-page","status-publish","hentry"],"yoast_head":"<!-- This site is optimized with the Yoast SEO plugin v27.3 - https:\/\/yoast.com\/product\/yoast-seo-wordpress\/ -->\n<title>Nuestro algod\u00f3n org\u00e1nico para beb\u00e9 - NaturaPura<\/title>\n<meta name=\"description\" content=\"El algod\u00f3n org\u00e1nico,\u00a0en sus\u00a0colores naturales, sin qu\u00edmicos,\u00a0lo mejor para la salud de los beb\u00e9s, ha sido la materia prima elegida por\u00a0NaturaPura.\" \/>\n<meta name=\"robots\" content=\"index, follow, max-snippet:-1, max-image-preview:large, max-video-preview:-1\" \/>\n<link rel=\"canonical\" href=\"https:\/\/naturapura.com\/es\/nuestro-algodon-organico-para-bebe\/\" \/>\n<meta property=\"og:locale\" content=\"es_ES\" \/>\n<meta property=\"og:type\" content=\"article\" \/>\n<meta property=\"og:title\" content=\"Nuestro algod\u00f3n org\u00e1nico para beb\u00e9 - NaturaPura\" \/>\n<meta property=\"og:description\" content=\"El algod\u00f3n org\u00e1nico,\u00a0en sus\u00a0colores naturales, sin qu\u00edmicos,\u00a0lo mejor para la salud de los beb\u00e9s, ha sido la materia prima elegida por\u00a0NaturaPura.\" \/>\n<meta property=\"og:url\" content=\"https:\/\/naturapura.com\/es\/nuestro-algodon-organico-para-bebe\/\" \/>\n<meta property=\"og:site_name\" content=\"NaturaPura\" \/>\n<meta property=\"article:modified_time\" content=\"2020-11-11T12:27:36+00:00\" \/>\n<meta property=\"og:image\" content=\"https:\/\/naturapura.com\/wp-content\/uploads\/2020\/01\/Organic-Cotton-300x233.jpg\" \/>\n<meta name=\"twitter:card\" content=\"summary_large_image\" \/>\n<meta name=\"twitter:label1\" content=\"Tiempo de lectura\" \/>\n\t<meta name=\"twitter:data1\" content=\"5 minutos\" \/>\n<script type=\"application\/ld+json\" class=\"yoast-schema-graph\">{\"@context\":\"https:\\\/\\\/schema.org\",\"@graph\":[{\"@type\":\"WebPage\",\"@id\":\"https:\\\/\\\/naturapura.com\\\/es\\\/nuestro-algodon-organico-para-bebe\\\/\",\"url\":\"https:\\\/\\\/naturapura.com\\\/es\\\/nuestro-algodon-organico-para-bebe\\\/\",\"name\":\"Nuestro algod\u00f3n org\u00e1nico para beb\u00e9 - NaturaPura\",\"isPartOf\":{\"@id\":\"https:\\\/\\\/naturapura.com\\\/es\\\/#website\"},\"primaryImageOfPage\":{\"@id\":\"https:\\\/\\\/naturapura.com\\\/es\\\/nuestro-algodon-organico-para-bebe\\\/#primaryimage\"},\"image\":{\"@id\":\"https:\\\/\\\/naturapura.com\\\/es\\\/nuestro-algodon-organico-para-bebe\\\/#primaryimage\"},\"thumbnailUrl\":\"https:\\\/\\\/naturapura.com\\\/wp-content\\\/uploads\\\/2020\\\/01\\\/Organic-Cotton-300x233.jpg\",\"datePublished\":\"2020-06-15T09:38:26+00:00\",\"dateModified\":\"2020-11-11T12:27:36+00:00\",\"description\":\"El algod\u00f3n org\u00e1nico,\u00a0en sus\u00a0colores naturales, sin qu\u00edmicos,\u00a0lo mejor para la salud de los beb\u00e9s, ha sido la materia prima elegida por\u00a0NaturaPura.\",\"breadcrumb\":{\"@id\":\"https:\\\/\\\/naturapura.com\\\/es\\\/nuestro-algodon-organico-para-bebe\\\/#breadcrumb\"},\"inLanguage\":\"es\",\"potentialAction\":[{\"@type\":\"ReadAction\",\"target\":[\"https:\\\/\\\/naturapura.com\\\/es\\\/nuestro-algodon-organico-para-bebe\\\/\"]}]},{\"@type\":\"ImageObject\",\"inLanguage\":\"es\",\"@id\":\"https:\\\/\\\/naturapura.com\\\/es\\\/nuestro-algodon-organico-para-bebe\\\/#primaryimage\",\"url\":\"https:\\\/\\\/naturapura.com\\\/wp-content\\\/uploads\\\/2020\\\/01\\\/Organic-Cotton-300x233.jpg\",\"contentUrl\":\"https:\\\/\\\/naturapura.com\\\/wp-content\\\/uploads\\\/2020\\\/01\\\/Organic-Cotton-300x233.jpg\"},{\"@type\":\"BreadcrumbList\",\"@id\":\"https:\\\/\\\/naturapura.com\\\/es\\\/nuestro-algodon-organico-para-bebe\\\/#breadcrumb\",\"itemListElement\":[{\"@type\":\"ListItem\",\"position\":1,\"name\":\"In\u00edcio\",\"item\":\"https:\\\/\\\/naturapura.com\\\/es\\\/\"},{\"@type\":\"ListItem\",\"position\":2,\"name\":\"Nuestro algod\u00f3n org\u00e1nico para beb\u00e9\"}]},{\"@type\":\"WebSite\",\"@id\":\"https:\\\/\\\/naturapura.com\\\/es\\\/#website\",\"url\":\"https:\\\/\\\/naturapura.com\\\/es\\\/\",\"name\":\"NaturaPura\",\"description\":\"Roupinha de Beb\u00e9 e Complementos em Org\u00e2nico\",\"publisher\":{\"@id\":\"https:\\\/\\\/naturapura.com\\\/es\\\/#organization\"},\"potentialAction\":[{\"@type\":\"SearchAction\",\"target\":{\"@type\":\"EntryPoint\",\"urlTemplate\":\"https:\\\/\\\/naturapura.com\\\/es\\\/?s={search_term_string}\"},\"query-input\":{\"@type\":\"PropertyValueSpecification\",\"valueRequired\":true,\"valueName\":\"search_term_string\"}}],\"inLanguage\":\"es\"},{\"@type\":\"Organization\",\"@id\":\"https:\\\/\\\/naturapura.com\\\/es\\\/#organization\",\"name\":\"NATURAPURA\",\"url\":\"https:\\\/\\\/naturapura.com\\\/es\\\/\",\"logo\":{\"@type\":\"ImageObject\",\"inLanguage\":\"es\",\"@id\":\"https:\\\/\\\/naturapura.com\\\/es\\\/#\\\/schema\\\/logo\\\/image\\\/\",\"url\":\"https:\\\/\\\/i0.wp.com\\\/naturapura.com\\\/wp-content\\\/uploads\\\/2023\\\/09\\\/logo-NP-bebe.png?fit=481%2C101&ssl=1\",\"contentUrl\":\"https:\\\/\\\/i0.wp.com\\\/naturapura.com\\\/wp-content\\\/uploads\\\/2023\\\/09\\\/logo-NP-bebe.png?fit=481%2C101&ssl=1\",\"width\":481,\"height\":101,\"caption\":\"NATURAPURA\"},\"image\":{\"@id\":\"https:\\\/\\\/naturapura.com\\\/es\\\/#\\\/schema\\\/logo\\\/image\\\/\"}}]}<\/script>\n<!-- \/ Yoast SEO plugin. -->","yoast_head_json":{"title":"Nuestro algod\u00f3n org\u00e1nico para beb\u00e9 - NaturaPura","description":"El algod\u00f3n org\u00e1nico,\u00a0en sus\u00a0colores naturales, sin qu\u00edmicos,\u00a0lo mejor para la salud de los beb\u00e9s, ha sido la materia prima elegida por\u00a0NaturaPura.","robots":{"index":"index","follow":"follow","max-snippet":"max-snippet:-1","max-image-preview":"max-image-preview:large","max-video-preview":"max-video-preview:-1"},"canonical":"https:\/\/naturapura.com\/es\/nuestro-algodon-organico-para-bebe\/","og_locale":"es_ES","og_type":"article","og_title":"Nuestro algod\u00f3n org\u00e1nico para beb\u00e9 - NaturaPura","og_description":"El algod\u00f3n org\u00e1nico,\u00a0en sus\u00a0colores naturales, sin qu\u00edmicos,\u00a0lo mejor para la salud de los beb\u00e9s, ha sido la materia prima elegida por\u00a0NaturaPura.","og_url":"https:\/\/naturapura.com\/es\/nuestro-algodon-organico-para-bebe\/","og_site_name":"NaturaPura","article_modified_time":"2020-11-11T12:27:36+00:00","og_image":[{"url":"https:\/\/naturapura.com\/wp-content\/uploads\/2020\/01\/Organic-Cotton-300x233.jpg","type":"","width":"","height":""}],"twitter_card":"summary_large_image","twitter_misc":{"Tiempo de lectura":"5 minutos"},"schema":{"@context":"https:\/\/schema.org","@graph":[{"@type":"WebPage","@id":"https:\/\/naturapura.com\/es\/nuestro-algodon-organico-para-bebe\/","url":"https:\/\/naturapura.com\/es\/nuestro-algodon-organico-para-bebe\/","name":"Nuestro algod\u00f3n org\u00e1nico para beb\u00e9 - NaturaPura","isPartOf":{"@id":"https:\/\/naturapura.com\/es\/#website"},"primaryImageOfPage":{"@id":"https:\/\/naturapura.com\/es\/nuestro-algodon-organico-para-bebe\/#primaryimage"},"image":{"@id":"https:\/\/naturapura.com\/es\/nuestro-algodon-organico-para-bebe\/#primaryimage"},"thumbnailUrl":"https:\/\/naturapura.com\/wp-content\/uploads\/2020\/01\/Organic-Cotton-300x233.jpg","datePublished":"2020-06-15T09:38:26+00:00","dateModified":"2020-11-11T12:27:36+00:00","description":"El algod\u00f3n org\u00e1nico,\u00a0en sus\u00a0colores naturales, sin qu\u00edmicos,\u00a0lo mejor para la salud de los beb\u00e9s, ha sido la materia prima elegida por\u00a0NaturaPura.","breadcrumb":{"@id":"https:\/\/naturapura.com\/es\/nuestro-algodon-organico-para-bebe\/#breadcrumb"},"inLanguage":"es","potentialAction":[{"@type":"ReadAction","target":["https:\/\/naturapura.com\/es\/nuestro-algodon-organico-para-bebe\/"]}]},{"@type":"ImageObject","inLanguage":"es","@id":"https:\/\/naturapura.com\/es\/nuestro-algodon-organico-para-bebe\/#primaryimage","url":"https:\/\/naturapura.com\/wp-content\/uploads\/2020\/01\/Organic-Cotton-300x233.jpg","contentUrl":"https:\/\/naturapura.com\/wp-content\/uploads\/2020\/01\/Organic-Cotton-300x233.jpg"},{"@type":"BreadcrumbList","@id":"https:\/\/naturapura.com\/es\/nuestro-algodon-organico-para-bebe\/#breadcrumb","itemListElement":[{"@type":"ListItem","position":1,"name":"In\u00edcio","item":"https:\/\/naturapura.com\/es\/"},{"@type":"ListItem","position":2,"name":"Nuestro algod\u00f3n org\u00e1nico para beb\u00e9"}]},{"@type":"WebSite","@id":"https:\/\/naturapura.com\/es\/#website","url":"https:\/\/naturapura.com\/es\/","name":"NaturaPura","description":"Roupinha de Beb\u00e9 e Complementos em Org\u00e2nico","publisher":{"@id":"https:\/\/naturapura.com\/es\/#organization"},"potentialAction":[{"@type":"SearchAction","target":{"@type":"EntryPoint","urlTemplate":"https:\/\/naturapura.com\/es\/?s={search_term_string}"},"query-input":{"@type":"PropertyValueSpecification","valueRequired":true,"valueName":"search_term_string"}}],"inLanguage":"es"},{"@type":"Organization","@id":"https:\/\/naturapura.com\/es\/#organization","name":"NATURAPURA","url":"https:\/\/naturapura.com\/es\/","logo":{"@type":"ImageObject","inLanguage":"es","@id":"https:\/\/naturapura.com\/es\/#\/schema\/logo\/image\/","url":"https:\/\/i0.wp.com\/naturapura.com\/wp-content\/uploads\/2023\/09\/logo-NP-bebe.png?fit=481%2C101&ssl=1","contentUrl":"https:\/\/i0.wp.com\/naturapura.com\/wp-content\/uploads\/2023\/09\/logo-NP-bebe.png?fit=481%2C101&ssl=1","width":481,"height":101,"caption":"NATURAPURA"},"image":{"@id":"https:\/\/naturapura.com\/es\/#\/schema\/logo\/image\/"}}]}},"jetpack_sharing_enabled":true,"_links":{"self":[{"href":"https:\/\/naturapura.com\/es\/wp-json\/wp\/v2\/pages\/29144","targetHints":{"allow":["GET"]}}],"collection":[{"href":"https:\/\/naturapura.com\/es\/wp-json\/wp\/v2\/pages"}],"about":[{"href":"https:\/\/naturapura.com\/es\/wp-json\/wp\/v2\/types\/page"}],"author":[{"embeddable":true,"href":"https:\/\/naturapura.com\/es\/wp-json\/wp\/v2\/users\/18"}],"replies":[{"embeddable":true,"href":"https:\/\/naturapura.com\/es\/wp-json\/wp\/v2\/comments?post=29144"}],"version-history":[{"count":0,"href":"https:\/\/naturapura.com\/es\/wp-json\/wp\/v2\/pages\/29144\/revisions"}],"wp:attachment":[{"href":"https:\/\/naturapura.com\/es\/wp-json\/wp\/v2\/media?parent=29144"}],"curies":[{"name":"wp","href":"https:\/\/api.w.org\/{rel}","templated":true}]}}