{"id":29126,"date":"2020-06-15T09:24:27","date_gmt":"2020-06-15T09:24:27","guid":{"rendered":"https:\/\/naturapura.com\/naturapura-babyclub\/"},"modified":"2022-04-14T14:20:20","modified_gmt":"2022-04-14T14:20:20","slug":"naturapura-babyclub","status":"publish","type":"page","link":"https:\/\/naturapura.com\/es\/naturapura-babyclub\/","title":{"rendered":"NaturaPura BabyClub"},"content":{"rendered":"\n<div class=\"row\"  id=\"row-44872594\">\n\n\n\t<div id=\"col-152105490\" class=\"col medium-1 small-12 large-1\"  >\n\t\t\t\t<div class=\"col-inner\"  >\n\t\t\t\n\t\t\t\n\n\n\t\t<\/div>\n\t\t\t\t\t<\/div>\n\n\t\n\n\t<div id=\"col-1368438303\" class=\"col medium-10 small-12 large-10\"  >\n\t\t\t\t<div class=\"col-inner\"  >\n\t\t\t\n\t\t\t\n\n\t<div id=\"text-1836522955\" class=\"text\">\n\t\t\n\n<h2 style=\"text-align: center;\"><strong>NaturaPura BabyClub<\/strong><\/h2>\r\n<p style=\"text-align: justify;\">El programa de fidelizaci\u00f3n\u00a0<strong>NaturaPura Baby Club<\/strong>\u00a0es exclusivo para clientes registrados en nuestra tienda online.<\/p>\r\n<p style=\"text-align: justify;\">Este programa le permite, como nuestra Cliente registrada, recibir puntos (\u00ab<strong>NPuntos<\/strong>\u00ab), en la proporci\u00f3n de un punto por euro de compras, en la compra de art\u00edculos que no est\u00e9n con promociones. Pero tenga en cuenta que los puntos ganados solo se pueden utilizar, como descuento, en compras posteriores.<\/p>\r\n<p style=\"text-align: justify;\">En cada compra intentaremos acreditar el m\u00e1ximo descuento que los puntos acumulados y el valor de la compra a realizar permitan. El importe m\u00ednimo de descuento es de\u00a0<strong>10 euros<\/strong>, correspondiente al uso de\u00a0<strong>200 puntos<\/strong>. Sin embargo, si usted est\u00e1 disfrutando de un descuento por el uso de puntos, no podr\u00e1 acumular este descuento con otras actividades promocionales.<\/p>\r\n<p style=\"text-align: justify;\">Pero si lo desea, puede eliminar el descuento, continuando a acumular puntos para su uso en futuras compras. As\u00ed, tambi\u00e9n podr\u00e1, con la acumulaci\u00f3n de 500 puntos, adquirir cualquiera de los peluches de nuestra colecci\u00f3n. \u00a1Disfrutad! Nuestros peluches son \u00fanicos, seguros, libres de cualquier producto qu\u00edmico, los mejores para el beb\u00e9 (no deje de leer\u00a0<a href=\"https:\/\/naturapura.com\/es\/nuestro-algodon-organico-para-bebe\/\"><strong>nuestro algod\u00f3n org\u00e1nico para beb\u00e9<\/strong>).<\/a><\/p>\r\n<p style=\"text-align: justify;\">Por lo tanto, si lo desea, por favor h\u00e1ganoslo saber utilizando la direcci\u00f3n de correo electr\u00f3nico <a href=\"mailto:customer.service@naturapura.eu\"><strong>customer.service@naturapura.eu<\/strong>.<\/a>\u00a0Le enviaremos un cup\u00f3n de descuento para que lo utilice, en nuestra tienda en l\u00ednea, en la compra del peluche que m\u00e1s le guste.<\/p>\r\n<p style=\"text-align: justify;\">No olvide que los puntos caducan despu\u00e9s de 360 d\u00edas despu\u00e9s de la fecha de su compra. \u00a1No deje que caduquen!<\/p>\n\t\t\n<style>\n#text-1836522955 {\n  text-align: center;\n}\n<\/style>\n\t<\/div>\n\t\n\n\t\t<\/div>\n\t\t\t\t\t<\/div>\n\n\t\n\n<\/div>\n\n","protected":false},"excerpt":{"rendered":"","protected":false},"author":18,"featured_media":0,"parent":0,"menu_order":0,"comment_status":"closed","ping_status":"closed","template":"","meta":{"footnotes":""},"class_list":["post-29126","page","type-page","status-publish","hentry"],"yoast_head":"<!-- This site is optimized with the Yoast SEO plugin v27.3 - https:\/\/yoast.com\/product\/yoast-seo-wordpress\/ -->\n<title>NaturaPura BabyClub - NaturaPura<\/title>\n<meta name=\"description\" content=\"Este programa otorga a nuestros Clientes registrados, un punto por EURO (USD \/ GBP) de compras, en la compra de art\u00edculos que no est\u00e1n en oferta.\" \/>\n<meta name=\"robots\" content=\"index, follow, max-snippet:-1, max-image-preview:large, max-video-preview:-1\" \/>\n<link rel=\"canonical\" href=\"https:\/\/naturapura.com\/es\/naturapura-babyclub\/\" \/>\n<meta property=\"og:locale\" content=\"es_ES\" \/>\n<meta property=\"og:type\" content=\"article\" \/>\n<meta property=\"og:title\" content=\"NaturaPura BabyClub - NaturaPura\" \/>\n<meta property=\"og:description\" content=\"Este programa otorga a nuestros Clientes registrados, un punto por EURO (USD \/ GBP) de compras, en la compra de art\u00edculos que no est\u00e1n en oferta.\" \/>\n<meta property=\"og:url\" content=\"https:\/\/naturapura.com\/es\/naturapura-babyclub\/\" \/>\n<meta property=\"og:site_name\" content=\"NaturaPura\" \/>\n<meta property=\"article:modified_time\" content=\"2022-04-14T14:20:20+00:00\" \/>\n<meta name=\"twitter:card\" content=\"summary_large_image\" \/>\n<meta name=\"twitter:label1\" content=\"Tiempo de lectura\" \/>\n\t<meta name=\"twitter:data1\" content=\"1 minuto\" \/>\n<script type=\"application\/ld+json\" class=\"yoast-schema-graph\">{\"@context\":\"https:\\\/\\\/schema.org\",\"@graph\":[{\"@type\":\"WebPage\",\"@id\":\"https:\\\/\\\/naturapura.com\\\/es\\\/naturapura-babyclub\\\/\",\"url\":\"https:\\\/\\\/naturapura.com\\\/es\\\/naturapura-babyclub\\\/\",\"name\":\"NaturaPura BabyClub - NaturaPura\",\"isPartOf\":{\"@id\":\"https:\\\/\\\/naturapura.com\\\/es\\\/#website\"},\"datePublished\":\"2020-06-15T09:24:27+00:00\",\"dateModified\":\"2022-04-14T14:20:20+00:00\",\"description\":\"Este programa otorga a nuestros Clientes registrados, un punto por EURO (USD \\\/ GBP) de compras, en la compra de art\u00edculos que no est\u00e1n en oferta.\",\"breadcrumb\":{\"@id\":\"https:\\\/\\\/naturapura.com\\\/es\\\/naturapura-babyclub\\\/#breadcrumb\"},\"inLanguage\":\"es\",\"potentialAction\":[{\"@type\":\"ReadAction\",\"target\":[\"https:\\\/\\\/naturapura.com\\\/es\\\/naturapura-babyclub\\\/\"]}]},{\"@type\":\"BreadcrumbList\",\"@id\":\"https:\\\/\\\/naturapura.com\\\/es\\\/naturapura-babyclub\\\/#breadcrumb\",\"itemListElement\":[{\"@type\":\"ListItem\",\"position\":1,\"name\":\"In\u00edcio\",\"item\":\"https:\\\/\\\/naturapura.com\\\/es\\\/\"},{\"@type\":\"ListItem\",\"position\":2,\"name\":\"NaturaPura BabyClub\"}]},{\"@type\":\"WebSite\",\"@id\":\"https:\\\/\\\/naturapura.com\\\/es\\\/#website\",\"url\":\"https:\\\/\\\/naturapura.com\\\/es\\\/\",\"name\":\"NaturaPura\",\"description\":\"Roupinha de Beb\u00e9 e Complementos em Org\u00e2nico\",\"publisher\":{\"@id\":\"https:\\\/\\\/naturapura.com\\\/es\\\/#organization\"},\"potentialAction\":[{\"@type\":\"SearchAction\",\"target\":{\"@type\":\"EntryPoint\",\"urlTemplate\":\"https:\\\/\\\/naturapura.com\\\/es\\\/?s={search_term_string}\"},\"query-input\":{\"@type\":\"PropertyValueSpecification\",\"valueRequired\":true,\"valueName\":\"search_term_string\"}}],\"inLanguage\":\"es\"},{\"@type\":\"Organization\",\"@id\":\"https:\\\/\\\/naturapura.com\\\/es\\\/#organization\",\"name\":\"NATURAPURA\",\"url\":\"https:\\\/\\\/naturapura.com\\\/es\\\/\",\"logo\":{\"@type\":\"ImageObject\",\"inLanguage\":\"es\",\"@id\":\"https:\\\/\\\/naturapura.com\\\/es\\\/#\\\/schema\\\/logo\\\/image\\\/\",\"url\":\"https:\\\/\\\/i0.wp.com\\\/naturapura.com\\\/wp-content\\\/uploads\\\/2023\\\/09\\\/logo-NP-bebe.png?fit=481%2C101&ssl=1\",\"contentUrl\":\"https:\\\/\\\/i0.wp.com\\\/naturapura.com\\\/wp-content\\\/uploads\\\/2023\\\/09\\\/logo-NP-bebe.png?fit=481%2C101&ssl=1\",\"width\":481,\"height\":101,\"caption\":\"NATURAPURA\"},\"image\":{\"@id\":\"https:\\\/\\\/naturapura.com\\\/es\\\/#\\\/schema\\\/logo\\\/image\\\/\"}}]}<\/script>\n<!-- \/ Yoast SEO plugin. -->","yoast_head_json":{"title":"NaturaPura BabyClub - NaturaPura","description":"Este programa otorga a nuestros Clientes registrados, un punto por EURO (USD \/ GBP) de compras, en la compra de art\u00edculos que no est\u00e1n en oferta.","robots":{"index":"index","follow":"follow","max-snippet":"max-snippet:-1","max-image-preview":"max-image-preview:large","max-video-preview":"max-video-preview:-1"},"canonical":"https:\/\/naturapura.com\/es\/naturapura-babyclub\/","og_locale":"es_ES","og_type":"article","og_title":"NaturaPura BabyClub - NaturaPura","og_description":"Este programa otorga a nuestros Clientes registrados, un punto por EURO (USD \/ GBP) de compras, en la compra de art\u00edculos que no est\u00e1n en oferta.","og_url":"https:\/\/naturapura.com\/es\/naturapura-babyclub\/","og_site_name":"NaturaPura","article_modified_time":"2022-04-14T14:20:20+00:00","twitter_card":"summary_large_image","twitter_misc":{"Tiempo de lectura":"1 minuto"},"schema":{"@context":"https:\/\/schema.org","@graph":[{"@type":"WebPage","@id":"https:\/\/naturapura.com\/es\/naturapura-babyclub\/","url":"https:\/\/naturapura.com\/es\/naturapura-babyclub\/","name":"NaturaPura BabyClub - NaturaPura","isPartOf":{"@id":"https:\/\/naturapura.com\/es\/#website"},"datePublished":"2020-06-15T09:24:27+00:00","dateModified":"2022-04-14T14:20:20+00:00","description":"Este programa otorga a nuestros Clientes registrados, un punto por EURO (USD \/ GBP) de compras, en la compra de art\u00edculos que no est\u00e1n en oferta.","breadcrumb":{"@id":"https:\/\/naturapura.com\/es\/naturapura-babyclub\/#breadcrumb"},"inLanguage":"es","potentialAction":[{"@type":"ReadAction","target":["https:\/\/naturapura.com\/es\/naturapura-babyclub\/"]}]},{"@type":"BreadcrumbList","@id":"https:\/\/naturapura.com\/es\/naturapura-babyclub\/#breadcrumb","itemListElement":[{"@type":"ListItem","position":1,"name":"In\u00edcio","item":"https:\/\/naturapura.com\/es\/"},{"@type":"ListItem","position":2,"name":"NaturaPura BabyClub"}]},{"@type":"WebSite","@id":"https:\/\/naturapura.com\/es\/#website","url":"https:\/\/naturapura.com\/es\/","name":"NaturaPura","description":"Roupinha de Beb\u00e9 e Complementos em Org\u00e2nico","publisher":{"@id":"https:\/\/naturapura.com\/es\/#organization"},"potentialAction":[{"@type":"SearchAction","target":{"@type":"EntryPoint","urlTemplate":"https:\/\/naturapura.com\/es\/?s={search_term_string}"},"query-input":{"@type":"PropertyValueSpecification","valueRequired":true,"valueName":"search_term_string"}}],"inLanguage":"es"},{"@type":"Organization","@id":"https:\/\/naturapura.com\/es\/#organization","name":"NATURAPURA","url":"https:\/\/naturapura.com\/es\/","logo":{"@type":"ImageObject","inLanguage":"es","@id":"https:\/\/naturapura.com\/es\/#\/schema\/logo\/image\/","url":"https:\/\/i0.wp.com\/naturapura.com\/wp-content\/uploads\/2023\/09\/logo-NP-bebe.png?fit=481%2C101&ssl=1","contentUrl":"https:\/\/i0.wp.com\/naturapura.com\/wp-content\/uploads\/2023\/09\/logo-NP-bebe.png?fit=481%2C101&ssl=1","width":481,"height":101,"caption":"NATURAPURA"},"image":{"@id":"https:\/\/naturapura.com\/es\/#\/schema\/logo\/image\/"}}]}},"jetpack_sharing_enabled":true,"_links":{"self":[{"href":"https:\/\/naturapura.com\/es\/wp-json\/wp\/v2\/pages\/29126","targetHints":{"allow":["GET"]}}],"collection":[{"href":"https:\/\/naturapura.com\/es\/wp-json\/wp\/v2\/pages"}],"about":[{"href":"https:\/\/naturapura.com\/es\/wp-json\/wp\/v2\/types\/page"}],"author":[{"embeddable":true,"href":"https:\/\/naturapura.com\/es\/wp-json\/wp\/v2\/users\/18"}],"replies":[{"embeddable":true,"href":"https:\/\/naturapura.com\/es\/wp-json\/wp\/v2\/comments?post=29126"}],"version-history":[{"count":0,"href":"https:\/\/naturapura.com\/es\/wp-json\/wp\/v2\/pages\/29126\/revisions"}],"wp:attachment":[{"href":"https:\/\/naturapura.com\/es\/wp-json\/wp\/v2\/media?parent=29126"}],"curies":[{"name":"wp","href":"https:\/\/api.w.org\/{rel}","templated":true}]}}