{"id":29115,"date":"2020-06-15T09:14:14","date_gmt":"2020-06-15T09:14:14","guid":{"rendered":"https:\/\/naturapura.com\/eu-ecolabel-y-pruebas-dermatologicas\/"},"modified":"2020-11-20T18:36:33","modified_gmt":"2020-11-20T18:36:33","slug":"eu-ecolabel-y-pruebas-dermatologicas","status":"publish","type":"page","link":"https:\/\/naturapura.com\/es\/eu-ecolabel-y-pruebas-dermatologicas\/","title":{"rendered":"EU-EcoLabel y Pruebas Dermatol\u00f3gicas"},"content":{"rendered":"\n\n\n<div class=\"row\"  id=\"row-2027314476\">\n\n\n\t<div id=\"col-605885946\" class=\"col medium-1 small-12 large-1\"  >\n\t\t\t\t<div class=\"col-inner\"  >\n\t\t\t\n\t\t\t\n\n\n\t\t<\/div>\n\t\t\t\t\t<\/div>\n\n\t\n\n\t<div id=\"col-798147370\" class=\"col medium-10 small-12 large-10\"  >\n\t\t\t\t<div class=\"col-inner\"  >\n\t\t\t\n\t\t\t\n\n<h2><strong>EU-EcoLabel y Pruebas Dermatol\u00f3gicas<\/strong><\/h2>\n<p style=\"text-align: justify;\"><strong>NaturaPura<\/strong>\u00a0<strong>garantiza,\u00a0<\/strong>a trav\u00e9s de la certificaci\u00f3n EU-EcoLabel y las pruebas dermatol\u00f3gicas, que sus productos:<\/p>\n<ul style=\"text-align: justify;\">\n<li><strong>No tienen productos qu\u00edmicos perjudiciales\u00a0<\/strong>para la salud de su beb\u00e9;<\/li>\n<li><strong>No causan alergias\u00a0<\/strong>en su piel sensible.<\/li>\n<\/ul>\n<p style=\"text-align: justify;\"><strong>EU-EcoLabel (etiqueta ecol\u00f3gica europea)<\/strong><\/p>\n<p style=\"text-align: justify;\">A<strong>\u00a0NaturaPura<\/strong>\u00a0cuenta con sus productos certificados con la\u00a0<strong>EU-EcoLabel<\/strong>, European Ecolabel (<a href=\"http:\/\/ec.europa.eu\/ecat\/products\/en\/21992\/naturapura-iberica---prod\"><strong>License PT\/016\/001<\/strong><\/a>), que otorga la Uni\u00f3n Europea. La etiqueta ecol\u00f3gica garantiza que la producci\u00f3n cumple con estrictos criterios ecol\u00f3gicos y rendimiento. La etiqueta ecol\u00f3gica europea\u00a0<strong>(EU-EcoLabel)\u00a0<\/strong>distingue los productos y servicios respetuosos con el\u00a0<strong>medio ambiente,<\/strong>\u00a0los procesos sostenibles y respetuosos con el medio ambiente.\u00a0<strong>NaturaPura<\/strong>\u00a0para obtener la\u00a0<strong>etiqueta<\/strong>\u00a0tuvo que\u00a0<strong>certificar:<\/strong><\/p>\n<ul style=\"text-align: justify;\">\n<li>Limitar el uso de sustancias que tengan efectos nocivos sobre el aire y el agua, durante la producci\u00f3n de fibras;<\/li>\n<li>Reducci\u00f3n efectiva del riesgo de reacciones al\u00e9rgicas (muy importante en la\u00a0<strong>piel sensible\u00a0<\/strong>de los\u00a0<strong>beb\u00e9s);<\/strong><\/li>\n<li>Garantizar la excelente calidad de nuestras fibras;<\/li>\n<li>Demostrar la resistencia de nuestros colores durante el lavado, el secado y la exposici\u00f3n al sol.<\/li>\n<\/ul>\n<p style=\"text-align: justify;\">Para estos resultados contribuye\u00a0en gran medida\u00a0<strong>al uso exclusivo de tejidos 100%\u00a0<\/strong><a href=\"https:\/\/naturapura.com\/es\/nuestro-algodon-organico-para-bebe\/\"><strong>algod\u00f3n org\u00e1nico<\/strong><\/a>\u00a0<strong>sin te\u00f1ir, sin cualquier producto qu\u00edmico, utilizado en sus colores naturales,\u00a0<\/strong>tal como crece en la tierra, ultra natural.<\/p>\n<p><img data-recalc-dims=\"1\" decoding=\"async\" class=\"wp-image-18297 aligncenter\" src=\"https:\/\/i0.wp.com\/naturapura.com\/wp-content\/uploads\/2019\/12\/ECOLABEL_SEM-FUNDO.png?resize=208%2C206&#038;ssl=1\" alt=\"\" width=\"208\" height=\"206\" srcset=\"https:\/\/i0.wp.com\/naturapura.com\/wp-content\/uploads\/2019\/12\/ECOLABEL_SEM-FUNDO.png?resize=300%2C297&amp;ssl=1 300w, https:\/\/i0.wp.com\/naturapura.com\/wp-content\/uploads\/2019\/12\/ECOLABEL_SEM-FUNDO.png?resize=100%2C100&amp;ssl=1 100w, https:\/\/i0.wp.com\/naturapura.com\/wp-content\/uploads\/2019\/12\/ECOLABEL_SEM-FUNDO.png?resize=150%2C150&amp;ssl=1 150w, https:\/\/i0.wp.com\/naturapura.com\/wp-content\/uploads\/2019\/12\/ECOLABEL_SEM-FUNDO.png?w=356&amp;ssl=1 356w\" sizes=\"(max-width: 208px) 100vw, 208px\" \/><\/p>\n<h3 style=\"text-align: justify;\"><strong>Pruebas Dermatol\u00f3gicas<\/strong><\/h3>\n<p style=\"text-align: justify;\">Los tejidos\u00a0<strong>NaturaPura<\/strong>\u00a0est\u00e1n\u00a0<strong>probados dermatol\u00f3gicamente<\/strong>\u00a0en Alemania por\u00a0<a href=\"https:\/\/www.itvp-denkendorf.de\/\"><strong>ITV,<\/strong><\/a>\u00a0y en Finlandia por\u00a0<a href=\"https:\/\/biositehisto.com\/\"><strong>BioSiteHisto,<\/strong><\/a>\u00a0demostrando que\u00a0<strong>no causan alergias a la piel sensible de los beb\u00e9s,\u00a0<\/strong>siendo el producto ideal para todos los beb\u00e9s.<\/p>\n<p style=\"text-align: justify;\"><img data-recalc-dims=\"1\" decoding=\"async\" class=\"wp-image-29117 aligncenter\" src=\"https:\/\/i0.wp.com\/naturapura.com\/wp-content\/uploads\/2020\/06\/222.png?resize=194%2C111&#038;ssl=1\" alt=\"\" width=\"194\" height=\"111\" \/><img data-recalc-dims=\"1\" decoding=\"async\" class=\"size-medium wp-image-29118 aligncenter\" src=\"https:\/\/i0.wp.com\/naturapura.com\/wp-content\/uploads\/2020\/06\/66666.png?resize=300%2C76&#038;ssl=1\" alt=\"\" width=\"300\" height=\"76\" srcset=\"https:\/\/i0.wp.com\/naturapura.com\/wp-content\/uploads\/2020\/06\/66666.png?resize=300%2C76&amp;ssl=1 300w, https:\/\/i0.wp.com\/naturapura.com\/wp-content\/uploads\/2020\/06\/66666.png?w=437&amp;ssl=1 437w\" sizes=\"(max-width: 300px) 100vw, 300px\" \/><\/p>\n<h3 style=\"text-align: justify;\"><strong>Seguridad en Peluches NaturaPura<\/strong><\/h3>\n<p style=\"text-align: justify;\">Los\u00a0<strong>juguetes peluches NaturaPura<\/strong>\u00a0tienen todas las ventajas resultantes de estar confeccionados con\u00a0<a href=\"https:\/\/naturapura.com\/es\/nuestro-algodon-organico-para-bebe\/\"><strong>algod\u00f3n org\u00e1nico<\/strong><\/a>\u00a0en sus\u00a0<strong>colores naturales,\u00a0<\/strong>sin te\u00f1ir,\u00a0<strong>sin productos qu\u00edmicos.<\/strong>\u00a0As\u00ed que no habr\u00e1 ning\u00fan problema para la\u00a0<strong>salud del beb\u00e9<\/strong>\u00a0si lo lleva a la boca, como seguramente lo har\u00e1. Adem\u00e1s, se prueban en\u00a0<a href=\"https:\/\/www.catim.pt\/\"><strong>CATIM,<\/strong><\/a>\u00a0en Portugal, garantizando el cumplimiento de las normas europeas EN 71-1, EN 71-2 y EN 71-3.<\/p>\n\n\t\t<\/div>\n\t\t\t\t\t<\/div>\n\n\t\n\n<\/div>\n\n","protected":false},"excerpt":{"rendered":"","protected":false},"author":18,"featured_media":0,"parent":0,"menu_order":0,"comment_status":"closed","ping_status":"closed","template":"","meta":{"footnotes":""},"class_list":["post-29115","page","type-page","status-publish","hentry"],"yoast_head":"<!-- This site is optimized with the Yoast SEO plugin v27.3 - https:\/\/yoast.com\/product\/yoast-seo-wordpress\/ -->\n<title>EU-EcoLabel y Pruebas Dermatol\u00f3gicas - NaturaPura<\/title>\n<meta name=\"description\" content=\"NaturaPura\u00a0garantiza que sus productos no tienen productos qu\u00edmicos perjudiciales para la salud de su beb\u00e9 y no causan alergias en su piel sensible.\" \/>\n<meta name=\"robots\" content=\"index, follow, max-snippet:-1, max-image-preview:large, max-video-preview:-1\" \/>\n<link rel=\"canonical\" href=\"https:\/\/naturapura.com\/es\/eu-ecolabel-y-pruebas-dermatologicas\/\" \/>\n<meta property=\"og:locale\" content=\"es_ES\" \/>\n<meta property=\"og:type\" content=\"article\" \/>\n<meta property=\"og:title\" content=\"EU-EcoLabel y Pruebas Dermatol\u00f3gicas - NaturaPura\" \/>\n<meta property=\"og:description\" content=\"NaturaPura\u00a0garantiza que sus productos no tienen productos qu\u00edmicos perjudiciales para la salud de su beb\u00e9 y no causan alergias en su piel sensible.\" \/>\n<meta property=\"og:url\" content=\"https:\/\/naturapura.com\/es\/eu-ecolabel-y-pruebas-dermatologicas\/\" \/>\n<meta property=\"og:site_name\" content=\"NaturaPura\" \/>\n<meta property=\"article:modified_time\" content=\"2020-11-20T18:36:33+00:00\" \/>\n<meta property=\"og:image\" content=\"https:\/\/naturapura.com\/wp-content\/uploads\/2019\/12\/ECOLABEL_SEM-FUNDO-300x297.png\" \/>\n<meta name=\"twitter:card\" content=\"summary_large_image\" \/>\n<meta name=\"twitter:label1\" content=\"Tiempo de lectura\" \/>\n\t<meta name=\"twitter:data1\" content=\"2 minutos\" \/>\n<script type=\"application\/ld+json\" class=\"yoast-schema-graph\">{\"@context\":\"https:\\\/\\\/schema.org\",\"@graph\":[{\"@type\":\"WebPage\",\"@id\":\"https:\\\/\\\/naturapura.com\\\/es\\\/eu-ecolabel-y-pruebas-dermatologicas\\\/\",\"url\":\"https:\\\/\\\/naturapura.com\\\/es\\\/eu-ecolabel-y-pruebas-dermatologicas\\\/\",\"name\":\"EU-EcoLabel y Pruebas Dermatol\u00f3gicas - NaturaPura\",\"isPartOf\":{\"@id\":\"https:\\\/\\\/naturapura.com\\\/es\\\/#website\"},\"primaryImageOfPage\":{\"@id\":\"https:\\\/\\\/naturapura.com\\\/es\\\/eu-ecolabel-y-pruebas-dermatologicas\\\/#primaryimage\"},\"image\":{\"@id\":\"https:\\\/\\\/naturapura.com\\\/es\\\/eu-ecolabel-y-pruebas-dermatologicas\\\/#primaryimage\"},\"thumbnailUrl\":\"https:\\\/\\\/naturapura.com\\\/wp-content\\\/uploads\\\/2019\\\/12\\\/ECOLABEL_SEM-FUNDO-300x297.png\",\"datePublished\":\"2020-06-15T09:14:14+00:00\",\"dateModified\":\"2020-11-20T18:36:33+00:00\",\"description\":\"NaturaPura\u00a0garantiza que sus productos no tienen productos qu\u00edmicos perjudiciales para la salud de su beb\u00e9 y no causan alergias en su piel sensible.\",\"breadcrumb\":{\"@id\":\"https:\\\/\\\/naturapura.com\\\/es\\\/eu-ecolabel-y-pruebas-dermatologicas\\\/#breadcrumb\"},\"inLanguage\":\"es\",\"potentialAction\":[{\"@type\":\"ReadAction\",\"target\":[\"https:\\\/\\\/naturapura.com\\\/es\\\/eu-ecolabel-y-pruebas-dermatologicas\\\/\"]}]},{\"@type\":\"ImageObject\",\"inLanguage\":\"es\",\"@id\":\"https:\\\/\\\/naturapura.com\\\/es\\\/eu-ecolabel-y-pruebas-dermatologicas\\\/#primaryimage\",\"url\":\"https:\\\/\\\/naturapura.com\\\/wp-content\\\/uploads\\\/2019\\\/12\\\/ECOLABEL_SEM-FUNDO-300x297.png\",\"contentUrl\":\"https:\\\/\\\/naturapura.com\\\/wp-content\\\/uploads\\\/2019\\\/12\\\/ECOLABEL_SEM-FUNDO-300x297.png\"},{\"@type\":\"BreadcrumbList\",\"@id\":\"https:\\\/\\\/naturapura.com\\\/es\\\/eu-ecolabel-y-pruebas-dermatologicas\\\/#breadcrumb\",\"itemListElement\":[{\"@type\":\"ListItem\",\"position\":1,\"name\":\"In\u00edcio\",\"item\":\"https:\\\/\\\/naturapura.com\\\/es\\\/\"},{\"@type\":\"ListItem\",\"position\":2,\"name\":\"EU-EcoLabel y Pruebas Dermatol\u00f3gicas\"}]},{\"@type\":\"WebSite\",\"@id\":\"https:\\\/\\\/naturapura.com\\\/es\\\/#website\",\"url\":\"https:\\\/\\\/naturapura.com\\\/es\\\/\",\"name\":\"NaturaPura\",\"description\":\"Roupinha de Beb\u00e9 e Complementos em Org\u00e2nico\",\"publisher\":{\"@id\":\"https:\\\/\\\/naturapura.com\\\/es\\\/#organization\"},\"potentialAction\":[{\"@type\":\"SearchAction\",\"target\":{\"@type\":\"EntryPoint\",\"urlTemplate\":\"https:\\\/\\\/naturapura.com\\\/es\\\/?s={search_term_string}\"},\"query-input\":{\"@type\":\"PropertyValueSpecification\",\"valueRequired\":true,\"valueName\":\"search_term_string\"}}],\"inLanguage\":\"es\"},{\"@type\":\"Organization\",\"@id\":\"https:\\\/\\\/naturapura.com\\\/es\\\/#organization\",\"name\":\"NATURAPURA\",\"url\":\"https:\\\/\\\/naturapura.com\\\/es\\\/\",\"logo\":{\"@type\":\"ImageObject\",\"inLanguage\":\"es\",\"@id\":\"https:\\\/\\\/naturapura.com\\\/es\\\/#\\\/schema\\\/logo\\\/image\\\/\",\"url\":\"https:\\\/\\\/i0.wp.com\\\/naturapura.com\\\/wp-content\\\/uploads\\\/2023\\\/09\\\/logo-NP-bebe.png?fit=481%2C101&ssl=1\",\"contentUrl\":\"https:\\\/\\\/i0.wp.com\\\/naturapura.com\\\/wp-content\\\/uploads\\\/2023\\\/09\\\/logo-NP-bebe.png?fit=481%2C101&ssl=1\",\"width\":481,\"height\":101,\"caption\":\"NATURAPURA\"},\"image\":{\"@id\":\"https:\\\/\\\/naturapura.com\\\/es\\\/#\\\/schema\\\/logo\\\/image\\\/\"}}]}<\/script>\n<!-- \/ Yoast SEO plugin. -->","yoast_head_json":{"title":"EU-EcoLabel y Pruebas Dermatol\u00f3gicas - NaturaPura","description":"NaturaPura\u00a0garantiza que sus productos no tienen productos qu\u00edmicos perjudiciales para la salud de su beb\u00e9 y no causan alergias en su piel sensible.","robots":{"index":"index","follow":"follow","max-snippet":"max-snippet:-1","max-image-preview":"max-image-preview:large","max-video-preview":"max-video-preview:-1"},"canonical":"https:\/\/naturapura.com\/es\/eu-ecolabel-y-pruebas-dermatologicas\/","og_locale":"es_ES","og_type":"article","og_title":"EU-EcoLabel y Pruebas Dermatol\u00f3gicas - NaturaPura","og_description":"NaturaPura\u00a0garantiza que sus productos no tienen productos qu\u00edmicos perjudiciales para la salud de su beb\u00e9 y no causan alergias en su piel sensible.","og_url":"https:\/\/naturapura.com\/es\/eu-ecolabel-y-pruebas-dermatologicas\/","og_site_name":"NaturaPura","article_modified_time":"2020-11-20T18:36:33+00:00","og_image":[{"url":"https:\/\/naturapura.com\/wp-content\/uploads\/2019\/12\/ECOLABEL_SEM-FUNDO-300x297.png","type":"","width":"","height":""}],"twitter_card":"summary_large_image","twitter_misc":{"Tiempo de lectura":"2 minutos"},"schema":{"@context":"https:\/\/schema.org","@graph":[{"@type":"WebPage","@id":"https:\/\/naturapura.com\/es\/eu-ecolabel-y-pruebas-dermatologicas\/","url":"https:\/\/naturapura.com\/es\/eu-ecolabel-y-pruebas-dermatologicas\/","name":"EU-EcoLabel y Pruebas Dermatol\u00f3gicas - NaturaPura","isPartOf":{"@id":"https:\/\/naturapura.com\/es\/#website"},"primaryImageOfPage":{"@id":"https:\/\/naturapura.com\/es\/eu-ecolabel-y-pruebas-dermatologicas\/#primaryimage"},"image":{"@id":"https:\/\/naturapura.com\/es\/eu-ecolabel-y-pruebas-dermatologicas\/#primaryimage"},"thumbnailUrl":"https:\/\/naturapura.com\/wp-content\/uploads\/2019\/12\/ECOLABEL_SEM-FUNDO-300x297.png","datePublished":"2020-06-15T09:14:14+00:00","dateModified":"2020-11-20T18:36:33+00:00","description":"NaturaPura\u00a0garantiza que sus productos no tienen productos qu\u00edmicos perjudiciales para la salud de su beb\u00e9 y no causan alergias en su piel sensible.","breadcrumb":{"@id":"https:\/\/naturapura.com\/es\/eu-ecolabel-y-pruebas-dermatologicas\/#breadcrumb"},"inLanguage":"es","potentialAction":[{"@type":"ReadAction","target":["https:\/\/naturapura.com\/es\/eu-ecolabel-y-pruebas-dermatologicas\/"]}]},{"@type":"ImageObject","inLanguage":"es","@id":"https:\/\/naturapura.com\/es\/eu-ecolabel-y-pruebas-dermatologicas\/#primaryimage","url":"https:\/\/naturapura.com\/wp-content\/uploads\/2019\/12\/ECOLABEL_SEM-FUNDO-300x297.png","contentUrl":"https:\/\/naturapura.com\/wp-content\/uploads\/2019\/12\/ECOLABEL_SEM-FUNDO-300x297.png"},{"@type":"BreadcrumbList","@id":"https:\/\/naturapura.com\/es\/eu-ecolabel-y-pruebas-dermatologicas\/#breadcrumb","itemListElement":[{"@type":"ListItem","position":1,"name":"In\u00edcio","item":"https:\/\/naturapura.com\/es\/"},{"@type":"ListItem","position":2,"name":"EU-EcoLabel y Pruebas Dermatol\u00f3gicas"}]},{"@type":"WebSite","@id":"https:\/\/naturapura.com\/es\/#website","url":"https:\/\/naturapura.com\/es\/","name":"NaturaPura","description":"Roupinha de Beb\u00e9 e Complementos em Org\u00e2nico","publisher":{"@id":"https:\/\/naturapura.com\/es\/#organization"},"potentialAction":[{"@type":"SearchAction","target":{"@type":"EntryPoint","urlTemplate":"https:\/\/naturapura.com\/es\/?s={search_term_string}"},"query-input":{"@type":"PropertyValueSpecification","valueRequired":true,"valueName":"search_term_string"}}],"inLanguage":"es"},{"@type":"Organization","@id":"https:\/\/naturapura.com\/es\/#organization","name":"NATURAPURA","url":"https:\/\/naturapura.com\/es\/","logo":{"@type":"ImageObject","inLanguage":"es","@id":"https:\/\/naturapura.com\/es\/#\/schema\/logo\/image\/","url":"https:\/\/i0.wp.com\/naturapura.com\/wp-content\/uploads\/2023\/09\/logo-NP-bebe.png?fit=481%2C101&ssl=1","contentUrl":"https:\/\/i0.wp.com\/naturapura.com\/wp-content\/uploads\/2023\/09\/logo-NP-bebe.png?fit=481%2C101&ssl=1","width":481,"height":101,"caption":"NATURAPURA"},"image":{"@id":"https:\/\/naturapura.com\/es\/#\/schema\/logo\/image\/"}}]}},"jetpack_sharing_enabled":true,"_links":{"self":[{"href":"https:\/\/naturapura.com\/es\/wp-json\/wp\/v2\/pages\/29115","targetHints":{"allow":["GET"]}}],"collection":[{"href":"https:\/\/naturapura.com\/es\/wp-json\/wp\/v2\/pages"}],"about":[{"href":"https:\/\/naturapura.com\/es\/wp-json\/wp\/v2\/types\/page"}],"author":[{"embeddable":true,"href":"https:\/\/naturapura.com\/es\/wp-json\/wp\/v2\/users\/18"}],"replies":[{"embeddable":true,"href":"https:\/\/naturapura.com\/es\/wp-json\/wp\/v2\/comments?post=29115"}],"version-history":[{"count":0,"href":"https:\/\/naturapura.com\/es\/wp-json\/wp\/v2\/pages\/29115\/revisions"}],"wp:attachment":[{"href":"https:\/\/naturapura.com\/es\/wp-json\/wp\/v2\/media?parent=29115"}],"curies":[{"name":"wp","href":"https:\/\/api.w.org\/{rel}","templated":true}]}}