{"id":29059,"date":"2020-06-12T18:30:10","date_gmt":"2020-06-12T18:30:10","guid":{"rendered":"https:\/\/naturapura.com\/entregas-y-devoluciones\/"},"modified":"2022-02-11T18:00:54","modified_gmt":"2022-02-11T18:00:54","slug":"entregas-y-devoluciones","status":"publish","type":"page","link":"https:\/\/naturapura.com\/es\/entregas-y-devoluciones\/","title":{"rendered":"Entregas y Devoluciones"},"content":{"rendered":"\n<div class=\"row\"  id=\"row-1451488228\">\n\n\n\t<div id=\"col-961598310\" class=\"col medium-1 small-12 large-1\"  >\n\t\t\t\t<div class=\"col-inner\"  >\n\t\t\t\n\t\t\t\n\n\n\t\t<\/div>\n\t\t\t\t\t<\/div>\n\n\t\n\n\t<div id=\"col-258944369\" class=\"col medium-10 small-12 large-10\"  >\n\t\t\t\t<div class=\"col-inner\"  >\n\t\t\t\n\t\t\t\n\n<h2><strong>Entregas y Devoluciones<\/strong><\/h2>\r\n<h3><strong>Entregas<\/strong><\/h3>\r\n<h4><strong>Gastos de env\u00edo<\/strong><\/h4>\r\n<p style=\"text-align: justify;\">Los\u00a0<strong>gastos<\/strong> de env\u00edo tienen un valor fijo independientemente de cu\u00e1ntas piezas a\u00f1ada a su pedido. Costos sin IVA:<\/p>\r\n\r\n<h5><em><strong>Zona A \u2013 B\u00e9lgica, Francia (excluida Corsega), Alemania, Luxemburgo, Pa\u00edses Bajos<\/strong><\/em><\/h5>\r\n<ul>\r\n \t<li>6,90 \u20ac<\/li>\r\n<\/ul>\r\n<h5><em><strong>Zona B \u2013 Irlanda, Italia<\/strong><\/em><\/h5>\r\n<ul>\r\n \t<li>7,90 \u20ac<\/li>\r\n<\/ul>\r\n<h5><em><strong>Zona C \u2013 Portugal, Espa\u00f1a (excluidas Islas)<\/strong><\/em><\/h5>\r\n<ul>\r\n \t<li>3,90 \u20ac<\/li>\r\n<\/ul>\r\n<h5><em><strong>Zona C1 \u2013 Corsega, Espa\u00f1a (Islas)<\/strong><\/em><\/h5>\r\n<ul>\r\n \t<li>12,90 \u20ac<\/li>\r\n<\/ul>\r\n<h5><em><strong>Zona D \u2013 Austria, Bulgaria, Croacia, Rep\u00fablica Checa, Dinamarca, Estonia, Finlandia, Grecia, Hungr\u00eda, Letonia, Lituania, Noruega, Polonia, Rumania, Eslovaquia, Eslovenia, Suecia<\/strong><\/em><\/h5>\r\n<ul>\r\n \t<li>11,90 \u20ac<\/li>\r\n<\/ul>\r\n<h5><em><strong>Zona E \u2013 Reino Unido<\/strong><\/em><\/h5>\r\n<ul>\r\n \t<li>19,90\u00a3<\/li>\r\n<\/ul>\r\n<h5><em><strong>Zona F \u2013 Suiza<\/strong><\/em><\/h5>\r\n<ul>\r\n \t<li>19,90\u20ac<\/li>\r\n<\/ul>\r\n<h5><em><strong>Zona G \u2013 Canad\u00e1, M\u00e9xico, Estados Unidos de Am\u00e9rica<\/strong><\/em><\/h5>\r\n<ul>\r\n \t<li>24,90 \u20ac<\/li>\r\n<\/ul>\r\n<h5><em><strong>Zona H \u2013 Resto del mundo<\/strong><\/em><\/h5>\r\n<ul>\r\n \t<li>29,90 \u20ac<\/li>\r\n<\/ul>\r\n<h5><em><strong>Zona I &#8211; Chipre<\/strong><\/em><\/h5>\r\n<ul>\r\n \t<li>49,90 \u20ac<\/li>\r\n<\/ul>\r\n<h4><strong>Plazos de entrega<\/strong><\/h4>\r\n<ul>\r\n \t<li><strong>Europa<\/strong> &#8211; hasta 3 d\u00edas laborales<\/li>\r\n \t<li><strong>Resto del mundo<\/strong> &#8211; hasta 5 d\u00edas laborales<\/li>\r\n \t<li><strong>Art\u00edculos personalizados<\/strong> &#8211; hasta 20 d\u00edas laborales<\/li>\r\n<\/ul>\r\n<p style=\"text-align: justify;\"><strong>Nota:\u00a0<\/strong>Todos los productos de su pedido ser\u00e1n enviados al mismo tiempo. Tenga en cuenta que si compra un producto personalizado junto con otros productos, solo recibir\u00e1 su pedido en un plazo de 20 d\u00edas laborales.<\/p>\r\n\r\n<h3><strong>Devoluciones<\/strong><\/h3>\r\n<p style=\"text-align: justify;\">\u00a1Queremos que se sientan c\u00f3modas al comprar en nuestras tiendas! Para darle la\u00a0<strong>mejor experiencia posible,\u00a0<\/strong>queremos asegurarles que encontrar\u00e1n la\u00a0<strong>mejor calidad<\/strong>\u00a0en\u00a0<strong>nuestros productos.<\/strong>\u00a0Si, por alg\u00fan motivo, no est\u00e1n completamente satisfechas con su compra, reemplazaremos los art\u00edculos seg\u00fan sus preferencias.<\/p>\r\n<p style=\"text-align: justify;\"><strong>Las devoluciones<\/strong>\u00a0siempre se\u00a0<strong>aceptan<\/strong>\u00a0dentro de los\u00a0<strong>14 d\u00edas<\/strong>\u00a0posteriores a la recepci\u00f3n del pedido, siempre que la ropa\u00a0<strong>no haya sido lavada o utilizada<\/strong>\u00a0y contenga las etiquetas\u00a0<strong>originales.<\/strong><\/p>\r\n<p style=\"text-align: justify;\">Si desea devolver alguno de los productos comprados, cont\u00e1ctenos a trav\u00e9s de la siguiente direcci\u00f3n de correo electr\u00f3nico: <a href=\"mailto:customer.service@naturapura.eu\">customer.service@naturapura.eu<\/a>. Se le dar\u00e1n instrucciones sobre c\u00f3mo proceder con la devoluci\u00f3n.<\/p>\r\n<p style=\"text-align: justify;\">El cliente ser\u00e1 responsable de los costes de env\u00edo de la devoluci\u00f3n.<\/p>\r\n<p style=\"text-align: justify;\"><strong>Nota:<\/strong>\u00a0Solo aceptamos la devoluci\u00f3n de productos personalizados, si tienen alg\u00fan defecto de fabricaci\u00f3n.<\/p>\n\n\n\t\t<\/div>\n\t\t\t\t\t<\/div>\n\n\t\n\n<\/div>\n\n","protected":false},"excerpt":{"rendered":"","protected":false},"author":18,"featured_media":0,"parent":0,"menu_order":0,"comment_status":"closed","ping_status":"closed","template":"","meta":{"footnotes":""},"class_list":["post-29059","page","type-page","status-publish","hentry"],"yoast_head":"<!-- This site is optimized with the Yoast SEO plugin v27.3 - https:\/\/yoast.com\/product\/yoast-seo-wordpress\/ -->\n<title>Entregas y Devoluciones - NaturaPura<\/title>\n<meta name=\"description\" content=\"Todos los productos de su pedido ser\u00e1n enviados al mismo tiempo.\" \/>\n<meta name=\"robots\" content=\"index, follow, max-snippet:-1, max-image-preview:large, max-video-preview:-1\" \/>\n<link rel=\"canonical\" href=\"https:\/\/naturapura.com\/es\/entregas-y-devoluciones\/\" \/>\n<meta property=\"og:locale\" content=\"es_ES\" \/>\n<meta property=\"og:type\" content=\"article\" \/>\n<meta property=\"og:title\" content=\"Entregas y Devoluciones - NaturaPura\" \/>\n<meta property=\"og:description\" content=\"Todos los productos de su pedido ser\u00e1n enviados al mismo tiempo.\" \/>\n<meta property=\"og:url\" content=\"https:\/\/naturapura.com\/es\/entregas-y-devoluciones\/\" \/>\n<meta property=\"og:site_name\" content=\"NaturaPura\" \/>\n<meta property=\"article:modified_time\" content=\"2022-02-11T18:00:54+00:00\" \/>\n<meta name=\"twitter:card\" content=\"summary_large_image\" \/>\n<meta name=\"twitter:label1\" content=\"Tiempo de lectura\" \/>\n\t<meta name=\"twitter:data1\" content=\"2 minutos\" \/>\n<script type=\"application\/ld+json\" class=\"yoast-schema-graph\">{\"@context\":\"https:\\\/\\\/schema.org\",\"@graph\":[{\"@type\":\"WebPage\",\"@id\":\"https:\\\/\\\/naturapura.com\\\/es\\\/entregas-y-devoluciones\\\/\",\"url\":\"https:\\\/\\\/naturapura.com\\\/es\\\/entregas-y-devoluciones\\\/\",\"name\":\"Entregas y Devoluciones - NaturaPura\",\"isPartOf\":{\"@id\":\"https:\\\/\\\/naturapura.com\\\/es\\\/#website\"},\"datePublished\":\"2020-06-12T18:30:10+00:00\",\"dateModified\":\"2022-02-11T18:00:54+00:00\",\"description\":\"Todos los productos de su pedido ser\u00e1n enviados al mismo tiempo.\",\"breadcrumb\":{\"@id\":\"https:\\\/\\\/naturapura.com\\\/es\\\/entregas-y-devoluciones\\\/#breadcrumb\"},\"inLanguage\":\"es\",\"potentialAction\":[{\"@type\":\"ReadAction\",\"target\":[\"https:\\\/\\\/naturapura.com\\\/es\\\/entregas-y-devoluciones\\\/\"]}]},{\"@type\":\"BreadcrumbList\",\"@id\":\"https:\\\/\\\/naturapura.com\\\/es\\\/entregas-y-devoluciones\\\/#breadcrumb\",\"itemListElement\":[{\"@type\":\"ListItem\",\"position\":1,\"name\":\"In\u00edcio\",\"item\":\"https:\\\/\\\/naturapura.com\\\/es\\\/\"},{\"@type\":\"ListItem\",\"position\":2,\"name\":\"Entregas y Devoluciones\"}]},{\"@type\":\"WebSite\",\"@id\":\"https:\\\/\\\/naturapura.com\\\/es\\\/#website\",\"url\":\"https:\\\/\\\/naturapura.com\\\/es\\\/\",\"name\":\"NaturaPura\",\"description\":\"Roupinha de Beb\u00e9 e Complementos em Org\u00e2nico\",\"publisher\":{\"@id\":\"https:\\\/\\\/naturapura.com\\\/es\\\/#organization\"},\"potentialAction\":[{\"@type\":\"SearchAction\",\"target\":{\"@type\":\"EntryPoint\",\"urlTemplate\":\"https:\\\/\\\/naturapura.com\\\/es\\\/?s={search_term_string}\"},\"query-input\":{\"@type\":\"PropertyValueSpecification\",\"valueRequired\":true,\"valueName\":\"search_term_string\"}}],\"inLanguage\":\"es\"},{\"@type\":\"Organization\",\"@id\":\"https:\\\/\\\/naturapura.com\\\/es\\\/#organization\",\"name\":\"NATURAPURA\",\"url\":\"https:\\\/\\\/naturapura.com\\\/es\\\/\",\"logo\":{\"@type\":\"ImageObject\",\"inLanguage\":\"es\",\"@id\":\"https:\\\/\\\/naturapura.com\\\/es\\\/#\\\/schema\\\/logo\\\/image\\\/\",\"url\":\"https:\\\/\\\/i0.wp.com\\\/naturapura.com\\\/wp-content\\\/uploads\\\/2023\\\/09\\\/logo-NP-bebe.png?fit=481%2C101&ssl=1\",\"contentUrl\":\"https:\\\/\\\/i0.wp.com\\\/naturapura.com\\\/wp-content\\\/uploads\\\/2023\\\/09\\\/logo-NP-bebe.png?fit=481%2C101&ssl=1\",\"width\":481,\"height\":101,\"caption\":\"NATURAPURA\"},\"image\":{\"@id\":\"https:\\\/\\\/naturapura.com\\\/es\\\/#\\\/schema\\\/logo\\\/image\\\/\"}}]}<\/script>\n<!-- \/ Yoast SEO plugin. -->","yoast_head_json":{"title":"Entregas y Devoluciones - NaturaPura","description":"Todos los productos de su pedido ser\u00e1n enviados al mismo tiempo.","robots":{"index":"index","follow":"follow","max-snippet":"max-snippet:-1","max-image-preview":"max-image-preview:large","max-video-preview":"max-video-preview:-1"},"canonical":"https:\/\/naturapura.com\/es\/entregas-y-devoluciones\/","og_locale":"es_ES","og_type":"article","og_title":"Entregas y Devoluciones - NaturaPura","og_description":"Todos los productos de su pedido ser\u00e1n enviados al mismo tiempo.","og_url":"https:\/\/naturapura.com\/es\/entregas-y-devoluciones\/","og_site_name":"NaturaPura","article_modified_time":"2022-02-11T18:00:54+00:00","twitter_card":"summary_large_image","twitter_misc":{"Tiempo de lectura":"2 minutos"},"schema":{"@context":"https:\/\/schema.org","@graph":[{"@type":"WebPage","@id":"https:\/\/naturapura.com\/es\/entregas-y-devoluciones\/","url":"https:\/\/naturapura.com\/es\/entregas-y-devoluciones\/","name":"Entregas y Devoluciones - NaturaPura","isPartOf":{"@id":"https:\/\/naturapura.com\/es\/#website"},"datePublished":"2020-06-12T18:30:10+00:00","dateModified":"2022-02-11T18:00:54+00:00","description":"Todos los productos de su pedido ser\u00e1n enviados al mismo tiempo.","breadcrumb":{"@id":"https:\/\/naturapura.com\/es\/entregas-y-devoluciones\/#breadcrumb"},"inLanguage":"es","potentialAction":[{"@type":"ReadAction","target":["https:\/\/naturapura.com\/es\/entregas-y-devoluciones\/"]}]},{"@type":"BreadcrumbList","@id":"https:\/\/naturapura.com\/es\/entregas-y-devoluciones\/#breadcrumb","itemListElement":[{"@type":"ListItem","position":1,"name":"In\u00edcio","item":"https:\/\/naturapura.com\/es\/"},{"@type":"ListItem","position":2,"name":"Entregas y Devoluciones"}]},{"@type":"WebSite","@id":"https:\/\/naturapura.com\/es\/#website","url":"https:\/\/naturapura.com\/es\/","name":"NaturaPura","description":"Roupinha de Beb\u00e9 e Complementos em Org\u00e2nico","publisher":{"@id":"https:\/\/naturapura.com\/es\/#organization"},"potentialAction":[{"@type":"SearchAction","target":{"@type":"EntryPoint","urlTemplate":"https:\/\/naturapura.com\/es\/?s={search_term_string}"},"query-input":{"@type":"PropertyValueSpecification","valueRequired":true,"valueName":"search_term_string"}}],"inLanguage":"es"},{"@type":"Organization","@id":"https:\/\/naturapura.com\/es\/#organization","name":"NATURAPURA","url":"https:\/\/naturapura.com\/es\/","logo":{"@type":"ImageObject","inLanguage":"es","@id":"https:\/\/naturapura.com\/es\/#\/schema\/logo\/image\/","url":"https:\/\/i0.wp.com\/naturapura.com\/wp-content\/uploads\/2023\/09\/logo-NP-bebe.png?fit=481%2C101&ssl=1","contentUrl":"https:\/\/i0.wp.com\/naturapura.com\/wp-content\/uploads\/2023\/09\/logo-NP-bebe.png?fit=481%2C101&ssl=1","width":481,"height":101,"caption":"NATURAPURA"},"image":{"@id":"https:\/\/naturapura.com\/es\/#\/schema\/logo\/image\/"}}]}},"jetpack_sharing_enabled":true,"_links":{"self":[{"href":"https:\/\/naturapura.com\/es\/wp-json\/wp\/v2\/pages\/29059","targetHints":{"allow":["GET"]}}],"collection":[{"href":"https:\/\/naturapura.com\/es\/wp-json\/wp\/v2\/pages"}],"about":[{"href":"https:\/\/naturapura.com\/es\/wp-json\/wp\/v2\/types\/page"}],"author":[{"embeddable":true,"href":"https:\/\/naturapura.com\/es\/wp-json\/wp\/v2\/users\/18"}],"replies":[{"embeddable":true,"href":"https:\/\/naturapura.com\/es\/wp-json\/wp\/v2\/comments?post=29059"}],"version-history":[{"count":0,"href":"https:\/\/naturapura.com\/es\/wp-json\/wp\/v2\/pages\/29059\/revisions"}],"wp:attachment":[{"href":"https:\/\/naturapura.com\/es\/wp-json\/wp\/v2\/media?parent=29059"}],"curies":[{"name":"wp","href":"https:\/\/api.w.org\/{rel}","templated":true}]}}