{"id":60074,"date":"2025-10-11T17:16:38","date_gmt":"2025-10-11T17:16:38","guid":{"rendered":"https:\/\/naturapura.com\/product\/diamant-19-teilig-personalisertes-babystarterset\/"},"modified":"2025-10-14T14:03:20","modified_gmt":"2025-10-14T14:03:20","slug":"diamant-19-teilig-personalisertes-babystarterset","status":"publish","type":"product","link":"https:\/\/naturapura.com\/de\/produkt\/diamant-19-teilig-personalisertes-babystarterset\/","title":{"rendered":"17-teilig personalisertes Babystarterset"},"content":{"rendered":"<p><strong>17-teilig personalisertes Babystarterset<\/strong><\/p>\n<div>Das Naturapura Babystarterset ist der begehrteste Artikel unter unseren M\u00fcttern.<\/div>\n<div><\/div>\n<div>Unsere Sets wurden unter Ber\u00fccksichtigung der empfindlichen Haut von Neugeborenen sowie ihrer Bed\u00fcrfnisse in den fr\u00fchen Tagen entwickelt.<\/div>\n<div><\/div>\n<div>Alle Artikel in unseren Sets bestehen aus 100% Bio-Baumwolle. Dies ist die ges\u00fcndeste und weichste Option f\u00fcr Ihr Baby.<\/div>\n<div><\/div>\n<div>Das personalisierte DIAMANT Babystarterset ist das vollst\u00e4ndigste NaturaPura Set, das speziell mit dem Namen Ihres Babys kommt!<\/div>\n<div><\/div>\n<div>Es ist die bevorzugte Wahl von M\u00fcttern, die der Qualit\u00e4t und dem Engagement von NaturaPura voll und ganz vertrauen.<\/div>\n<div><\/div>\n<div>Das Set besteht aus:<\/div>\n<div><\/div>\n<ul>\n<li>einer personalisierten Strickdecke;<\/li>\n<li>einem Babybadetuch mit Kapuze;<\/li>\n<li>einem Pl\u00fcsch Rasseltier;<\/li>\n<li>basic Babysocken;<\/li>\n<li>einer Basic Baby-M\u00fctze aus Jersey;<\/li>\n<li>einem personalisierten Baby-L\u00e4tzchen;<\/li>\n<li>einem lang\u00e4rmeligen Body und einer hoch taillierten Babyhose mit F\u00fc\u00dfen (frei von Gummib\u00e4ndern, um den Nabelschnurbereich nicht zu sch\u00e4digen),in einem Beutel f\u00fcr das erste Babyoutfit;<\/li>\n<li>einem Strampler mit Frontverschluss;<\/li>\n<li>einem Body mit Kragen;<\/li>\n<li>einer gestrickten Baby-M\u00fctze;<\/li>\n<li>einer hoch taillierten gestrickten Babyhose mit F\u00fc\u00dfen (nahtlos);<\/li>\n<li>einem gestricktem Pullover;<\/li>\n<li>einem lang\u00e4rmeligen Body, und eine\u00a0hoch taillierten Babyhose mit Tragetasche;<\/li>\n<li>2 Stoffwindeln.<\/li>\n<\/ul>\n","protected":false},"excerpt":{"rendered":"<p>TB23PER 1<\/p>\n","protected":false},"featured_media":52688,"template":"","meta":[],"product_brand":[],"product_cat":[2890,3074,2884],"product_tag":[],"giftcard-category":[],"class_list":{"0":"post-60074","1":"product","2":"type-product","3":"status-publish","4":"has-post-thumbnail","6":"product_cat-babystartersets","7":"product_cat-geschenkideen","8":"product_cat-personalisierte-artikel","10":"first","11":"instock","12":"taxable","13":"shipping-taxable","14":"product-type-variable","15":"has-default-attributes"},"exclude_global_add_ons":false,"addons":[{"name":"Name des Babys","type":"custom_text","position":0,"required":true,"title_format":"label","default":"","description_enable":false,"description":"","placeholder_enable":false,"placeholder":"","display":"select","restrictions_type":"any_text","adjust_price":false,"price":"","price_type":"flat_fee","restrictions":true,"min":"2","max":"15","options":[],"id":1760450601},{"name":"Name des Babys","type":"custom_text","position":0,"required":true,"title_format":"label","default":"","description_enable":false,"description":"","placeholder_enable":false,"placeholder":"","display":"select","restrictions_type":"any_text","adjust_price":false,"price":"","price_type":"flat_fee","restrictions":true,"min":"2","max":"15","options":[],"id":1676654652},{"name":"Geschenk Botschaft","type":"custom_textarea","position":0,"required":false,"title_format":"label","default":"","description_enable":true,"description":"Erfreuen Sie diejenigen, den Sie verschenken mit einer liebevollen Botschaft...","placeholder_enable":false,"placeholder":"","display":"select","restrictions_type":"any_text","adjust_price":false,"price":"3.00","price_type":"flat_fee","restrictions":true,"min":"0","max":"300","options":[]},{"name":"Notice","type":"heading","position":0,"required":false,"title_format":"label","default":"","description_enable":true,"description":"Die Bearbeitung von kundenspezifischen Produktbestellungen kann bis zu 12 Werktage dauern.","placeholder_enable":false,"placeholder":"","display":"select","restrictions_type":"any_text","adjust_price":false,"price":"","price_type":"flat_fee","restrictions":false,"min":"0","max":"0","options":[],"id":1704365216},{"name":"Notice","type":"heading","position":0,"required":false,"title_format":"label","default":"","description_enable":true,"description":"Wir k\u00f6nnen die personalisierten Artikel, die bis zum 11. Dezember bestellt werden, nur rechtzeitig vor Weihnachten liefern.","placeholder_enable":false,"placeholder":"","display":"select","restrictions_type":"any_text","adjust_price":false,"price":"","price_type":"flat_fee","restrictions":false,"min":"0","max":"0","options":[],"id":1704365184},{"name":"Notice","type":"heading","position":0,"required":false,"title_format":"label","default":"","description_enable":true,"description":"Aufgrund der Sommerferien werden die Bestellungen von personalisierten Artikeln, die ab dem 7. August aufgegeben werden, erst ab dem 10. September versandt.","placeholder_enable":false,"placeholder":"","display":"select","restrictions_type":"any_text","adjust_price":false,"price":"","price_type":"flat_fee","restrictions":false,"min":"0","max":"0","options":[],"id":1692953567}],"yoast_head":"<!-- This site is optimized with the Yoast SEO plugin v27.3 - https:\/\/yoast.com\/product\/yoast-seo-wordpress\/ -->\n<title>17-teilig personalisertes Babystarterset - NaturaPura<\/title>\n<meta name=\"robots\" content=\"index, follow, max-snippet:-1, max-image-preview:large, max-video-preview:-1\" \/>\n<link rel=\"canonical\" href=\"https:\/\/naturapura.com\/de\/produkt\/diamant-19-teilig-personalisertes-babystarterset\/\" \/>\n<meta property=\"og:locale\" content=\"de_DE\" \/>\n<meta property=\"og:type\" content=\"article\" \/>\n<meta property=\"og:title\" content=\"17-teilig personalisertes Babystarterset - NaturaPura\" \/>\n<meta property=\"og:description\" content=\"TB23PER 1\" \/>\n<meta property=\"og:url\" content=\"https:\/\/naturapura.com\/de\/produkt\/diamant-19-teilig-personalisertes-babystarterset\/\" \/>\n<meta property=\"og:site_name\" content=\"NaturaPura\" \/>\n<meta property=\"article:modified_time\" content=\"2025-10-14T14:03:20+00:00\" \/>\n<meta property=\"og:image\" content=\"https:\/\/naturapura.com\/wp-content\/uploads\/2024\/04\/TB23PER-1-1.jpg\" \/>\n\t<meta property=\"og:image:width\" content=\"1200\" \/>\n\t<meta property=\"og:image:height\" content=\"1200\" \/>\n\t<meta property=\"og:image:type\" content=\"image\/jpeg\" \/>\n<meta name=\"twitter:card\" content=\"summary_large_image\" \/>\n<meta name=\"twitter:label1\" content=\"Verf\u00fcgbarkeit\" \/>\n\t<meta name=\"twitter:data1\" content=\"Auf Lager\" \/>\n<script type=\"application\/ld+json\" class=\"yoast-schema-graph\">{\"@context\":\"https:\\\/\\\/schema.org\",\"@graph\":[{\"@type\":\"WebPage\",\"@id\":\"https:\\\/\\\/naturapura.com\\\/de\\\/produkt\\\/diamant-19-teilig-personalisertes-babystarterset\\\/\",\"url\":\"https:\\\/\\\/naturapura.com\\\/de\\\/produkt\\\/diamant-19-teilig-personalisertes-babystarterset\\\/\",\"name\":\"17-teilig personalisertes Babystarterset - NaturaPura\",\"isPartOf\":{\"@id\":\"https:\\\/\\\/naturapura.com\\\/de\\\/#website\"},\"primaryImageOfPage\":{\"@id\":\"https:\\\/\\\/naturapura.com\\\/de\\\/produkt\\\/diamant-19-teilig-personalisertes-babystarterset\\\/#primaryimage\"},\"image\":{\"@id\":\"https:\\\/\\\/naturapura.com\\\/de\\\/produkt\\\/diamant-19-teilig-personalisertes-babystarterset\\\/#primaryimage\"},\"thumbnailUrl\":\"https:\\\/\\\/i0.wp.com\\\/naturapura.com\\\/wp-content\\\/uploads\\\/2024\\\/04\\\/TB23PER-1-1.jpg?fit=1200%2C1200&ssl=1\",\"datePublished\":\"2025-10-11T17:16:38+00:00\",\"dateModified\":\"2025-10-14T14:03:20+00:00\",\"breadcrumb\":{\"@id\":\"https:\\\/\\\/naturapura.com\\\/de\\\/produkt\\\/diamant-19-teilig-personalisertes-babystarterset\\\/#breadcrumb\"},\"inLanguage\":\"de\",\"potentialAction\":[{\"@type\":\"ReadAction\",\"target\":[\"https:\\\/\\\/naturapura.com\\\/de\\\/produkt\\\/diamant-19-teilig-personalisertes-babystarterset\\\/\"]}]},{\"@type\":\"ImageObject\",\"inLanguage\":\"de\",\"@id\":\"https:\\\/\\\/naturapura.com\\\/de\\\/produkt\\\/diamant-19-teilig-personalisertes-babystarterset\\\/#primaryimage\",\"url\":\"https:\\\/\\\/i0.wp.com\\\/naturapura.com\\\/wp-content\\\/uploads\\\/2024\\\/04\\\/TB23PER-1-1.jpg?fit=1200%2C1200&ssl=1\",\"contentUrl\":\"https:\\\/\\\/i0.wp.com\\\/naturapura.com\\\/wp-content\\\/uploads\\\/2024\\\/04\\\/TB23PER-1-1.jpg?fit=1200%2C1200&ssl=1\",\"width\":1200,\"height\":1200},{\"@type\":\"BreadcrumbList\",\"@id\":\"https:\\\/\\\/naturapura.com\\\/de\\\/produkt\\\/diamant-19-teilig-personalisertes-babystarterset\\\/#breadcrumb\",\"itemListElement\":[{\"@type\":\"ListItem\",\"position\":1,\"name\":\"In\u00edcio\",\"item\":\"https:\\\/\\\/naturapura.com\\\/de\\\/\"},{\"@type\":\"ListItem\",\"position\":2,\"name\":\"Gesch\u00e4ft\",\"item\":\"https:\\\/\\\/naturapura.com\\\/de\\\/shop\\\/\"},{\"@type\":\"ListItem\",\"position\":3,\"name\":\"17-teilig personalisertes Babystarterset\"}]},{\"@type\":\"WebSite\",\"@id\":\"https:\\\/\\\/naturapura.com\\\/de\\\/#website\",\"url\":\"https:\\\/\\\/naturapura.com\\\/de\\\/\",\"name\":\"NaturaPura\",\"description\":\"Roupinha de Beb\u00e9 e Complementos em Org\u00e2nico\",\"publisher\":{\"@id\":\"https:\\\/\\\/naturapura.com\\\/de\\\/#organization\"},\"potentialAction\":[{\"@type\":\"SearchAction\",\"target\":{\"@type\":\"EntryPoint\",\"urlTemplate\":\"https:\\\/\\\/naturapura.com\\\/de\\\/?s={search_term_string}\"},\"query-input\":{\"@type\":\"PropertyValueSpecification\",\"valueRequired\":true,\"valueName\":\"search_term_string\"}}],\"inLanguage\":\"de\"},{\"@type\":\"Organization\",\"@id\":\"https:\\\/\\\/naturapura.com\\\/de\\\/#organization\",\"name\":\"NATURAPURA\",\"url\":\"https:\\\/\\\/naturapura.com\\\/de\\\/\",\"logo\":{\"@type\":\"ImageObject\",\"inLanguage\":\"de\",\"@id\":\"https:\\\/\\\/naturapura.com\\\/de\\\/#\\\/schema\\\/logo\\\/image\\\/\",\"url\":\"https:\\\/\\\/i0.wp.com\\\/naturapura.com\\\/wp-content\\\/uploads\\\/2023\\\/09\\\/logo-NP-bebe.png?fit=481%2C101&ssl=1\",\"contentUrl\":\"https:\\\/\\\/i0.wp.com\\\/naturapura.com\\\/wp-content\\\/uploads\\\/2023\\\/09\\\/logo-NP-bebe.png?fit=481%2C101&ssl=1\",\"width\":481,\"height\":101,\"caption\":\"NATURAPURA\"},\"image\":{\"@id\":\"https:\\\/\\\/naturapura.com\\\/de\\\/#\\\/schema\\\/logo\\\/image\\\/\"}}]}<\/script>\n<meta property=\"og:availability\" content=\"instock\" \/>\n<meta property=\"product:availability\" content=\"instock\" \/>\n<meta property=\"product:retailer_item_id\" content=\"TB23PER 1\" \/>\n<meta property=\"product:condition\" content=\"new\" \/>\n<!-- \/ Yoast SEO plugin. -->","yoast_head_json":{"title":"17-teilig personalisertes Babystarterset - NaturaPura","robots":{"index":"index","follow":"follow","max-snippet":"max-snippet:-1","max-image-preview":"max-image-preview:large","max-video-preview":"max-video-preview:-1"},"canonical":"https:\/\/naturapura.com\/de\/produkt\/diamant-19-teilig-personalisertes-babystarterset\/","og_locale":"de_DE","og_type":"article","og_title":"17-teilig personalisertes Babystarterset - NaturaPura","og_description":"TB23PER 1","og_url":"https:\/\/naturapura.com\/de\/produkt\/diamant-19-teilig-personalisertes-babystarterset\/","og_site_name":"NaturaPura","article_modified_time":"2025-10-14T14:03:20+00:00","og_image":[{"width":1200,"height":1200,"url":"https:\/\/naturapura.com\/wp-content\/uploads\/2024\/04\/TB23PER-1-1.jpg","type":"image\/jpeg"}],"twitter_card":"summary_large_image","twitter_misc":{"Verf\u00fcgbarkeit":"Auf Lager"},"schema":{"@context":"https:\/\/schema.org","@graph":[{"@type":"WebPage","@id":"https:\/\/naturapura.com\/de\/produkt\/diamant-19-teilig-personalisertes-babystarterset\/","url":"https:\/\/naturapura.com\/de\/produkt\/diamant-19-teilig-personalisertes-babystarterset\/","name":"17-teilig personalisertes Babystarterset - NaturaPura","isPartOf":{"@id":"https:\/\/naturapura.com\/de\/#website"},"primaryImageOfPage":{"@id":"https:\/\/naturapura.com\/de\/produkt\/diamant-19-teilig-personalisertes-babystarterset\/#primaryimage"},"image":{"@id":"https:\/\/naturapura.com\/de\/produkt\/diamant-19-teilig-personalisertes-babystarterset\/#primaryimage"},"thumbnailUrl":"https:\/\/i0.wp.com\/naturapura.com\/wp-content\/uploads\/2024\/04\/TB23PER-1-1.jpg?fit=1200%2C1200&ssl=1","datePublished":"2025-10-11T17:16:38+00:00","dateModified":"2025-10-14T14:03:20+00:00","breadcrumb":{"@id":"https:\/\/naturapura.com\/de\/produkt\/diamant-19-teilig-personalisertes-babystarterset\/#breadcrumb"},"inLanguage":"de","potentialAction":[{"@type":"ReadAction","target":["https:\/\/naturapura.com\/de\/produkt\/diamant-19-teilig-personalisertes-babystarterset\/"]}]},{"@type":"ImageObject","inLanguage":"de","@id":"https:\/\/naturapura.com\/de\/produkt\/diamant-19-teilig-personalisertes-babystarterset\/#primaryimage","url":"https:\/\/i0.wp.com\/naturapura.com\/wp-content\/uploads\/2024\/04\/TB23PER-1-1.jpg?fit=1200%2C1200&ssl=1","contentUrl":"https:\/\/i0.wp.com\/naturapura.com\/wp-content\/uploads\/2024\/04\/TB23PER-1-1.jpg?fit=1200%2C1200&ssl=1","width":1200,"height":1200},{"@type":"BreadcrumbList","@id":"https:\/\/naturapura.com\/de\/produkt\/diamant-19-teilig-personalisertes-babystarterset\/#breadcrumb","itemListElement":[{"@type":"ListItem","position":1,"name":"In\u00edcio","item":"https:\/\/naturapura.com\/de\/"},{"@type":"ListItem","position":2,"name":"Gesch\u00e4ft","item":"https:\/\/naturapura.com\/de\/shop\/"},{"@type":"ListItem","position":3,"name":"17-teilig personalisertes Babystarterset"}]},{"@type":"WebSite","@id":"https:\/\/naturapura.com\/de\/#website","url":"https:\/\/naturapura.com\/de\/","name":"NaturaPura","description":"Roupinha de Beb\u00e9 e Complementos em Org\u00e2nico","publisher":{"@id":"https:\/\/naturapura.com\/de\/#organization"},"potentialAction":[{"@type":"SearchAction","target":{"@type":"EntryPoint","urlTemplate":"https:\/\/naturapura.com\/de\/?s={search_term_string}"},"query-input":{"@type":"PropertyValueSpecification","valueRequired":true,"valueName":"search_term_string"}}],"inLanguage":"de"},{"@type":"Organization","@id":"https:\/\/naturapura.com\/de\/#organization","name":"NATURAPURA","url":"https:\/\/naturapura.com\/de\/","logo":{"@type":"ImageObject","inLanguage":"de","@id":"https:\/\/naturapura.com\/de\/#\/schema\/logo\/image\/","url":"https:\/\/i0.wp.com\/naturapura.com\/wp-content\/uploads\/2023\/09\/logo-NP-bebe.png?fit=481%2C101&ssl=1","contentUrl":"https:\/\/i0.wp.com\/naturapura.com\/wp-content\/uploads\/2023\/09\/logo-NP-bebe.png?fit=481%2C101&ssl=1","width":481,"height":101,"caption":"NATURAPURA"},"image":{"@id":"https:\/\/naturapura.com\/de\/#\/schema\/logo\/image\/"}}]},"og_availability":"instock","product_availability":"instock","product_retailer_item_id":"TB23PER 1","product_condition":"new"},"jetpack_sharing_enabled":true,"_links":{"self":[{"href":"https:\/\/naturapura.com\/de\/wp-json\/wp\/v2\/product\/60074","targetHints":{"allow":["GET"]}}],"collection":[{"href":"https:\/\/naturapura.com\/de\/wp-json\/wp\/v2\/product"}],"about":[{"href":"https:\/\/naturapura.com\/de\/wp-json\/wp\/v2\/types\/product"}],"wp:featuredmedia":[{"embeddable":true,"href":"https:\/\/naturapura.com\/de\/wp-json\/wp\/v2\/media\/52688"}],"wp:attachment":[{"href":"https:\/\/naturapura.com\/de\/wp-json\/wp\/v2\/media?parent=60074"}],"wp:term":[{"taxonomy":"product_brand","embeddable":true,"href":"https:\/\/naturapura.com\/de\/wp-json\/wp\/v2\/product_brand?post=60074"},{"taxonomy":"product_cat","embeddable":true,"href":"https:\/\/naturapura.com\/de\/wp-json\/wp\/v2\/product_cat?post=60074"},{"taxonomy":"product_tag","embeddable":true,"href":"https:\/\/naturapura.com\/de\/wp-json\/wp\/v2\/product_tag?post=60074"},{"taxonomy":"giftcard-category","embeddable":true,"href":"https:\/\/naturapura.com\/de\/wp-json\/wp\/v2\/giftcard-category?post=60074"}],"curies":[{"name":"wp","href":"https:\/\/api.w.org\/{rel}","templated":true}]}}