{"id":50212,"date":"2024-04-05T10:05:05","date_gmt":"2024-04-05T10:05:05","guid":{"rendered":"https:\/\/naturapura.com\/product\/laemmchen-schmusetuch\/"},"modified":"2024-04-24T13:49:13","modified_gmt":"2024-04-24T13:49:13","slug":"laemmchen-schmusetuch","status":"publish","type":"product","link":"https:\/\/naturapura.com\/de\/produkt\/laemmchen-schmusetuch\/","title":{"rendered":"L\u00e4mmchen Schmusetuch"},"content":{"rendered":"<p><strong>L\u00e4mmchen Schmusetuch<\/strong><\/p>\n<div>Unsere Stofftiere wurden sorgf\u00e4ltig entworfen und getestet, um sicherzustellen, dass sie f\u00fcr Ihr Baby 100% sicher sind.<\/div>\n<div><\/div>\n<div>Wir entwickeln L\u00e4mmchen Schmusetuch mit 100% Bio-Baumwolle in nat\u00fcrlichen Farbt\u00f6nen, ohne Farbstoffe, Chemikalien oder Pigmente.<\/div>\n<div><\/div>\n<div>Dies sind die einzigen Spielzeuge auf dem Markt, mit denen Sie sich keine Sorgen machen m\u00fcssen, wenn Sie Ihr Baby nach Belieben spielen lassen m\u00f6chten.<\/div>\n","protected":false},"excerpt":{"rendered":"<p>5022001<\/p>\n","protected":false},"featured_media":50214,"template":"","meta":[],"product_brand":[],"product_cat":[2881],"product_tag":[],"giftcard-category":[],"class_list":{"0":"post-50212","1":"product","2":"type-product","3":"status-publish","4":"has-post-thumbnail","6":"product_cat-spielzeuge","8":"first","9":"instock","10":"taxable","11":"shipping-taxable","12":"product-type-variable","13":"has-default-attributes"},"exclude_global_add_ons":false,"addons":[{"name":"Name des Babys","type":"custom_text","position":0,"required":true,"title_format":"label","default":"","description_enable":false,"description":"","placeholder_enable":false,"placeholder":"","display":"select","restrictions_type":"any_text","adjust_price":false,"price":"","price_type":"flat_fee","restrictions":true,"min":"2","max":"15","options":[],"id":1676654652},{"name":"Geschenk Botschaft","type":"custom_textarea","position":0,"required":false,"title_format":"label","default":"","description_enable":true,"description":"Erfreuen Sie diejenigen, den Sie verschenken mit einer liebevollen Botschaft...","placeholder_enable":false,"placeholder":"","display":"select","restrictions_type":"any_text","adjust_price":false,"price":"3.00","price_type":"flat_fee","restrictions":true,"min":"0","max":"300","options":[]},{"name":"Notice","type":"heading","position":0,"required":false,"title_format":"label","default":"","description_enable":true,"description":"Wir k\u00f6nnen die personalisierten Artikel, die bis zum 11. Dezember bestellt werden, nur rechtzeitig vor Weihnachten liefern.","placeholder_enable":false,"placeholder":"","display":"select","restrictions_type":"any_text","adjust_price":false,"price":"","price_type":"flat_fee","restrictions":false,"min":"0","max":"0","options":[],"id":1704365184},{"name":"Notice","type":"heading","position":0,"required":false,"title_format":"label","default":"","description_enable":true,"description":"Aufgrund der Sommerferien werden die Bestellungen von personalisierten Artikeln, die ab dem 7. August aufgegeben werden, erst ab dem 10. September versandt.","placeholder_enable":false,"placeholder":"","display":"select","restrictions_type":"any_text","adjust_price":false,"price":"","price_type":"flat_fee","restrictions":false,"min":"0","max":"0","options":[],"id":1692953567}],"yoast_head":"<!-- This site is optimized with the Yoast SEO plugin v27.3 - https:\/\/yoast.com\/product\/yoast-seo-wordpress\/ -->\n<title>L\u00e4mmchen Schmusetuch - NaturaPura<\/title>\n<meta name=\"robots\" content=\"index, follow, max-snippet:-1, max-image-preview:large, max-video-preview:-1\" \/>\n<link rel=\"canonical\" href=\"https:\/\/naturapura.com\/de\/produkt\/laemmchen-schmusetuch\/\" \/>\n<meta property=\"og:locale\" content=\"de_DE\" \/>\n<meta property=\"og:type\" content=\"article\" \/>\n<meta property=\"og:title\" content=\"L\u00e4mmchen Schmusetuch - NaturaPura\" \/>\n<meta property=\"og:description\" content=\"5022001\" \/>\n<meta property=\"og:url\" content=\"https:\/\/naturapura.com\/de\/produkt\/laemmchen-schmusetuch\/\" \/>\n<meta property=\"og:site_name\" content=\"NaturaPura\" \/>\n<meta property=\"article:modified_time\" content=\"2024-04-24T13:49:13+00:00\" \/>\n<meta property=\"og:image\" content=\"https:\/\/naturapura.com\/wp-content\/uploads\/2024\/04\/5022001-2.jpg\" \/>\n\t<meta property=\"og:image:width\" content=\"1200\" \/>\n\t<meta property=\"og:image:height\" content=\"1200\" \/>\n\t<meta property=\"og:image:type\" content=\"image\/jpeg\" \/>\n<meta name=\"twitter:card\" content=\"summary_large_image\" \/>\n<meta name=\"twitter:label1\" content=\"Verf\u00fcgbarkeit\" \/>\n\t<meta name=\"twitter:data1\" content=\"Auf Lager\" \/>\n<script type=\"application\/ld+json\" class=\"yoast-schema-graph\">{\"@context\":\"https:\\\/\\\/schema.org\",\"@graph\":[{\"@type\":\"WebPage\",\"@id\":\"https:\\\/\\\/naturapura.com\\\/de\\\/produkt\\\/laemmchen-schmusetuch\\\/\",\"url\":\"https:\\\/\\\/naturapura.com\\\/de\\\/produkt\\\/laemmchen-schmusetuch\\\/\",\"name\":\"L\u00e4mmchen Schmusetuch - NaturaPura\",\"isPartOf\":{\"@id\":\"https:\\\/\\\/naturapura.com\\\/de\\\/#website\"},\"primaryImageOfPage\":{\"@id\":\"https:\\\/\\\/naturapura.com\\\/de\\\/produkt\\\/laemmchen-schmusetuch\\\/#primaryimage\"},\"image\":{\"@id\":\"https:\\\/\\\/naturapura.com\\\/de\\\/produkt\\\/laemmchen-schmusetuch\\\/#primaryimage\"},\"thumbnailUrl\":\"https:\\\/\\\/i0.wp.com\\\/naturapura.com\\\/wp-content\\\/uploads\\\/2024\\\/04\\\/5022001-2.jpg?fit=1200%2C1200&ssl=1\",\"datePublished\":\"2024-04-05T10:05:05+00:00\",\"dateModified\":\"2024-04-24T13:49:13+00:00\",\"breadcrumb\":{\"@id\":\"https:\\\/\\\/naturapura.com\\\/de\\\/produkt\\\/laemmchen-schmusetuch\\\/#breadcrumb\"},\"inLanguage\":\"de\",\"potentialAction\":[{\"@type\":\"ReadAction\",\"target\":[\"https:\\\/\\\/naturapura.com\\\/de\\\/produkt\\\/laemmchen-schmusetuch\\\/\"]}]},{\"@type\":\"ImageObject\",\"inLanguage\":\"de\",\"@id\":\"https:\\\/\\\/naturapura.com\\\/de\\\/produkt\\\/laemmchen-schmusetuch\\\/#primaryimage\",\"url\":\"https:\\\/\\\/i0.wp.com\\\/naturapura.com\\\/wp-content\\\/uploads\\\/2024\\\/04\\\/5022001-2.jpg?fit=1200%2C1200&ssl=1\",\"contentUrl\":\"https:\\\/\\\/i0.wp.com\\\/naturapura.com\\\/wp-content\\\/uploads\\\/2024\\\/04\\\/5022001-2.jpg?fit=1200%2C1200&ssl=1\",\"width\":1200,\"height\":1200},{\"@type\":\"BreadcrumbList\",\"@id\":\"https:\\\/\\\/naturapura.com\\\/de\\\/produkt\\\/laemmchen-schmusetuch\\\/#breadcrumb\",\"itemListElement\":[{\"@type\":\"ListItem\",\"position\":1,\"name\":\"In\u00edcio\",\"item\":\"https:\\\/\\\/naturapura.com\\\/de\\\/\"},{\"@type\":\"ListItem\",\"position\":2,\"name\":\"Gesch\u00e4ft\",\"item\":\"https:\\\/\\\/naturapura.com\\\/de\\\/shop\\\/\"},{\"@type\":\"ListItem\",\"position\":3,\"name\":\"L\u00e4mmchen Schmusetuch\"}]},{\"@type\":\"WebSite\",\"@id\":\"https:\\\/\\\/naturapura.com\\\/de\\\/#website\",\"url\":\"https:\\\/\\\/naturapura.com\\\/de\\\/\",\"name\":\"NaturaPura\",\"description\":\"Roupinha de Beb\u00e9 e Complementos em Org\u00e2nico\",\"publisher\":{\"@id\":\"https:\\\/\\\/naturapura.com\\\/de\\\/#organization\"},\"potentialAction\":[{\"@type\":\"SearchAction\",\"target\":{\"@type\":\"EntryPoint\",\"urlTemplate\":\"https:\\\/\\\/naturapura.com\\\/de\\\/?s={search_term_string}\"},\"query-input\":{\"@type\":\"PropertyValueSpecification\",\"valueRequired\":true,\"valueName\":\"search_term_string\"}}],\"inLanguage\":\"de\"},{\"@type\":\"Organization\",\"@id\":\"https:\\\/\\\/naturapura.com\\\/de\\\/#organization\",\"name\":\"NATURAPURA\",\"url\":\"https:\\\/\\\/naturapura.com\\\/de\\\/\",\"logo\":{\"@type\":\"ImageObject\",\"inLanguage\":\"de\",\"@id\":\"https:\\\/\\\/naturapura.com\\\/de\\\/#\\\/schema\\\/logo\\\/image\\\/\",\"url\":\"https:\\\/\\\/i0.wp.com\\\/naturapura.com\\\/wp-content\\\/uploads\\\/2023\\\/09\\\/logo-NP-bebe.png?fit=481%2C101&ssl=1\",\"contentUrl\":\"https:\\\/\\\/i0.wp.com\\\/naturapura.com\\\/wp-content\\\/uploads\\\/2023\\\/09\\\/logo-NP-bebe.png?fit=481%2C101&ssl=1\",\"width\":481,\"height\":101,\"caption\":\"NATURAPURA\"},\"image\":{\"@id\":\"https:\\\/\\\/naturapura.com\\\/de\\\/#\\\/schema\\\/logo\\\/image\\\/\"}}]}<\/script>\n<meta property=\"og:availability\" content=\"instock\" \/>\n<meta property=\"product:availability\" content=\"instock\" \/>\n<meta property=\"product:retailer_item_id\" content=\"5022001\" \/>\n<meta property=\"product:condition\" content=\"new\" \/>\n<!-- \/ Yoast SEO plugin. -->","yoast_head_json":{"title":"L\u00e4mmchen Schmusetuch - NaturaPura","robots":{"index":"index","follow":"follow","max-snippet":"max-snippet:-1","max-image-preview":"max-image-preview:large","max-video-preview":"max-video-preview:-1"},"canonical":"https:\/\/naturapura.com\/de\/produkt\/laemmchen-schmusetuch\/","og_locale":"de_DE","og_type":"article","og_title":"L\u00e4mmchen Schmusetuch - NaturaPura","og_description":"5022001","og_url":"https:\/\/naturapura.com\/de\/produkt\/laemmchen-schmusetuch\/","og_site_name":"NaturaPura","article_modified_time":"2024-04-24T13:49:13+00:00","og_image":[{"width":1200,"height":1200,"url":"https:\/\/naturapura.com\/wp-content\/uploads\/2024\/04\/5022001-2.jpg","type":"image\/jpeg"}],"twitter_card":"summary_large_image","twitter_misc":{"Verf\u00fcgbarkeit":"Auf Lager"},"schema":{"@context":"https:\/\/schema.org","@graph":[{"@type":"WebPage","@id":"https:\/\/naturapura.com\/de\/produkt\/laemmchen-schmusetuch\/","url":"https:\/\/naturapura.com\/de\/produkt\/laemmchen-schmusetuch\/","name":"L\u00e4mmchen Schmusetuch - NaturaPura","isPartOf":{"@id":"https:\/\/naturapura.com\/de\/#website"},"primaryImageOfPage":{"@id":"https:\/\/naturapura.com\/de\/produkt\/laemmchen-schmusetuch\/#primaryimage"},"image":{"@id":"https:\/\/naturapura.com\/de\/produkt\/laemmchen-schmusetuch\/#primaryimage"},"thumbnailUrl":"https:\/\/i0.wp.com\/naturapura.com\/wp-content\/uploads\/2024\/04\/5022001-2.jpg?fit=1200%2C1200&ssl=1","datePublished":"2024-04-05T10:05:05+00:00","dateModified":"2024-04-24T13:49:13+00:00","breadcrumb":{"@id":"https:\/\/naturapura.com\/de\/produkt\/laemmchen-schmusetuch\/#breadcrumb"},"inLanguage":"de","potentialAction":[{"@type":"ReadAction","target":["https:\/\/naturapura.com\/de\/produkt\/laemmchen-schmusetuch\/"]}]},{"@type":"ImageObject","inLanguage":"de","@id":"https:\/\/naturapura.com\/de\/produkt\/laemmchen-schmusetuch\/#primaryimage","url":"https:\/\/i0.wp.com\/naturapura.com\/wp-content\/uploads\/2024\/04\/5022001-2.jpg?fit=1200%2C1200&ssl=1","contentUrl":"https:\/\/i0.wp.com\/naturapura.com\/wp-content\/uploads\/2024\/04\/5022001-2.jpg?fit=1200%2C1200&ssl=1","width":1200,"height":1200},{"@type":"BreadcrumbList","@id":"https:\/\/naturapura.com\/de\/produkt\/laemmchen-schmusetuch\/#breadcrumb","itemListElement":[{"@type":"ListItem","position":1,"name":"In\u00edcio","item":"https:\/\/naturapura.com\/de\/"},{"@type":"ListItem","position":2,"name":"Gesch\u00e4ft","item":"https:\/\/naturapura.com\/de\/shop\/"},{"@type":"ListItem","position":3,"name":"L\u00e4mmchen Schmusetuch"}]},{"@type":"WebSite","@id":"https:\/\/naturapura.com\/de\/#website","url":"https:\/\/naturapura.com\/de\/","name":"NaturaPura","description":"Roupinha de Beb\u00e9 e Complementos em Org\u00e2nico","publisher":{"@id":"https:\/\/naturapura.com\/de\/#organization"},"potentialAction":[{"@type":"SearchAction","target":{"@type":"EntryPoint","urlTemplate":"https:\/\/naturapura.com\/de\/?s={search_term_string}"},"query-input":{"@type":"PropertyValueSpecification","valueRequired":true,"valueName":"search_term_string"}}],"inLanguage":"de"},{"@type":"Organization","@id":"https:\/\/naturapura.com\/de\/#organization","name":"NATURAPURA","url":"https:\/\/naturapura.com\/de\/","logo":{"@type":"ImageObject","inLanguage":"de","@id":"https:\/\/naturapura.com\/de\/#\/schema\/logo\/image\/","url":"https:\/\/i0.wp.com\/naturapura.com\/wp-content\/uploads\/2023\/09\/logo-NP-bebe.png?fit=481%2C101&ssl=1","contentUrl":"https:\/\/i0.wp.com\/naturapura.com\/wp-content\/uploads\/2023\/09\/logo-NP-bebe.png?fit=481%2C101&ssl=1","width":481,"height":101,"caption":"NATURAPURA"},"image":{"@id":"https:\/\/naturapura.com\/de\/#\/schema\/logo\/image\/"}}]},"og_availability":"instock","product_availability":"instock","product_retailer_item_id":"5022001","product_condition":"new"},"jetpack_sharing_enabled":true,"_links":{"self":[{"href":"https:\/\/naturapura.com\/de\/wp-json\/wp\/v2\/product\/50212","targetHints":{"allow":["GET"]}}],"collection":[{"href":"https:\/\/naturapura.com\/de\/wp-json\/wp\/v2\/product"}],"about":[{"href":"https:\/\/naturapura.com\/de\/wp-json\/wp\/v2\/types\/product"}],"wp:featuredmedia":[{"embeddable":true,"href":"https:\/\/naturapura.com\/de\/wp-json\/wp\/v2\/media\/50214"}],"wp:attachment":[{"href":"https:\/\/naturapura.com\/de\/wp-json\/wp\/v2\/media?parent=50212"}],"wp:term":[{"taxonomy":"product_brand","embeddable":true,"href":"https:\/\/naturapura.com\/de\/wp-json\/wp\/v2\/product_brand?post=50212"},{"taxonomy":"product_cat","embeddable":true,"href":"https:\/\/naturapura.com\/de\/wp-json\/wp\/v2\/product_cat?post=50212"},{"taxonomy":"product_tag","embeddable":true,"href":"https:\/\/naturapura.com\/de\/wp-json\/wp\/v2\/product_tag?post=50212"},{"taxonomy":"giftcard-category","embeddable":true,"href":"https:\/\/naturapura.com\/de\/wp-json\/wp\/v2\/giftcard-category?post=50212"}],"curies":[{"name":"wp","href":"https:\/\/api.w.org\/{rel}","templated":true}]}}