{"id":37435,"date":"2021-01-18T17:29:19","date_gmt":"2021-01-18T17:29:19","guid":{"rendered":"https:\/\/naturapura.com\/product\/geschenkkarte-2\/"},"modified":"2021-01-20T12:56:10","modified_gmt":"2021-01-20T12:56:10","slug":"geschenkkarte-2","status":"publish","type":"product","link":"https:\/\/naturapura.com\/de\/produkt\/geschenkkarte-2\/","title":{"rendered":"GESCHENKKARTE"},"content":{"rendered":"<p><strong>GESCHENKKARTE<\/strong><\/p>\n<p>Nicht sicher \u00fcber die Gr\u00f6\u00dfe des Babys?<\/p>\n<p>Nicht in der Lage, zwischen einem Bodysuit und einem Stofftier zu w\u00e4hlen?<\/p>\n<p>Die Geschenkkarte ist das ideale Geschenk f\u00fcr jemanden, der sich nicht sicher ist, was er schenken soll.<\/p>\n<p>Es ist die einfachste Art, jemandem ein Geschenk zu machen und ihr die Wahl zu lassen, was ihr Baby am meisten braucht.<\/p>\n<p>Diese Karte kann nur unter www.naturapura.com eingel\u00f6st werden, und ist ab Ausstellungsdatum 24 Monate lang g\u00fcltig.<\/p>\n<p>Sie k\u00f6nnen den gew\u00fcnschten Betrag ausw\u00e4hlen, alles mit einem Klick.<\/p>\n<p>Sie k\u00f6nnen Ihre Geschenkkarte kaufen, um sie an einem beliebigen Ort anzubieten, und sie wird je nach Zielort in EUR, GBP oder USD (1EUR=1GBP=1USD) verschickt.<\/p>\n<p style=\"text-decoration: underline; font-weight: bold; color: #757575;\"><strong><a href=\"https:\/\/naturapura.com\/de\/naturapura-geschenkkarte\/\">Allgemeine Nutzungsngenbedingu<\/a><\/strong><\/p>\n","protected":false},"excerpt":{"rendered":"<p>GESCHENKKARTE Nicht sicher \u00fcber die Gr\u00f6\u00dfe des Babys? Nicht in der Lage, zwischen einem Bodysuit und einem Stofftier zu w\u00e4hlen? Die Geschenkkarte ist das ideale Geschenk f\u00fcr jemanden, der sich nicht sicher ist, was er schenken soll. Es ist die einfachste Art, jemandem ein Geschenk zu machen und ihr die Wahl zu lassen, was ihr [&#8230;]\n","protected":false},"featured_media":37421,"template":"","meta":[],"product_brand":[],"product_cat":[3074,3073],"product_tag":[],"giftcard-category":[],"class_list":{"0":"post-37435","1":"product","2":"type-product","3":"status-publish","4":"has-post-thumbnail","6":"product_cat-geschenkideen","7":"product_cat-geschenkkarte","9":"first","10":"instock","11":"virtual","12":"purchasable","13":"product-type-gift-card"},"exclude_global_add_ons":false,"addons":[{"name":"Name des Babys","type":"custom_text","position":0,"required":true,"title_format":"label","default":"","description_enable":false,"description":"","placeholder_enable":false,"placeholder":"","display":"select","restrictions_type":"any_text","adjust_price":false,"price":"","price_type":"flat_fee","restrictions":true,"min":"2","max":"15","options":[],"id":1676654652},{"name":"Geschenk Botschaft","type":"custom_textarea","position":0,"required":false,"title_format":"label","default":"","description_enable":true,"description":"Erfreuen Sie diejenigen, den Sie verschenken mit einer liebevollen Botschaft...","placeholder_enable":false,"placeholder":"","display":"select","restrictions_type":"any_text","adjust_price":false,"price":"3.00","price_type":"flat_fee","restrictions":true,"min":"0","max":"300","options":[]},{"name":"Notice","type":"heading","position":0,"required":false,"title_format":"label","default":"","description_enable":true,"description":"Wir k\u00f6nnen die personalisierten Artikel, die bis zum 11. Dezember bestellt werden, nur rechtzeitig vor Weihnachten liefern.","placeholder_enable":false,"placeholder":"","display":"select","restrictions_type":"any_text","adjust_price":false,"price":"","price_type":"flat_fee","restrictions":false,"min":"0","max":"0","options":[],"id":1704365184},{"name":"Notice","type":"heading","position":0,"required":false,"title_format":"label","default":"","description_enable":true,"description":"Aufgrund der Sommerferien werden die Bestellungen von personalisierten Artikeln, die ab dem 7. August aufgegeben werden, erst ab dem 10. September versandt.","placeholder_enable":false,"placeholder":"","display":"select","restrictions_type":"any_text","adjust_price":false,"price":"","price_type":"flat_fee","restrictions":false,"min":"0","max":"0","options":[],"id":1692953567}],"yoast_head":"<!-- This site is optimized with the Yoast SEO plugin v27.4 - https:\/\/yoast.com\/product\/yoast-seo-wordpress\/ -->\n<title>GESCHENKKARTE - NaturaPura<\/title>\n<meta name=\"robots\" content=\"index, follow, max-snippet:-1, max-image-preview:large, max-video-preview:-1\" \/>\n<link rel=\"canonical\" href=\"https:\/\/naturapura.com\/de\/produkt\/geschenkkarte-2\/\" \/>\n<meta property=\"og:locale\" content=\"de_DE\" \/>\n<meta property=\"og:type\" content=\"article\" \/>\n<meta property=\"og:title\" content=\"GESCHENKKARTE - NaturaPura\" \/>\n<meta property=\"og:description\" content=\"GESCHENKKARTE Nicht sicher \u00fcber die Gr\u00f6\u00dfe des Babys? Nicht in der Lage, zwischen einem Bodysuit und einem Stofftier zu w\u00e4hlen? Die Geschenkkarte ist das ideale Geschenk f\u00fcr jemanden, der sich nicht sicher ist, was er schenken soll. Es ist die einfachste Art, jemandem ein Geschenk zu machen und ihr die Wahl zu lassen, was ihr [...]\" \/>\n<meta property=\"og:url\" content=\"https:\/\/naturapura.com\/de\/produkt\/geschenkkarte-2\/\" \/>\n<meta property=\"og:site_name\" content=\"NaturaPura\" \/>\n<meta property=\"article:modified_time\" content=\"2021-01-20T12:56:10+00:00\" \/>\n<meta property=\"og:image\" content=\"https:\/\/naturapura.com\/wp-content\/uploads\/2021\/01\/Gift_Card.png\" \/>\n\t<meta property=\"og:image:width\" content=\"1300\" \/>\n\t<meta property=\"og:image:height\" content=\"1100\" \/>\n\t<meta property=\"og:image:type\" content=\"image\/png\" \/>\n<meta name=\"twitter:card\" content=\"summary_large_image\" \/>\n<meta name=\"twitter:label1\" content=\"Preis\" \/>\n\t<meta name=\"twitter:data1\" content=\"\" \/>\n\t<meta name=\"twitter:label2\" content=\"Verf\u00fcgbarkeit\" \/>\n\t<meta name=\"twitter:data2\" content=\"Auf Lager\" \/>\n<script type=\"application\/ld+json\" class=\"yoast-schema-graph\">{\"@context\":\"https:\\\/\\\/schema.org\",\"@graph\":[{\"@type\":\"WebPage\",\"@id\":\"https:\\\/\\\/naturapura.com\\\/de\\\/produkt\\\/geschenkkarte-2\\\/\",\"url\":\"https:\\\/\\\/naturapura.com\\\/de\\\/produkt\\\/geschenkkarte-2\\\/\",\"name\":\"GESCHENKKARTE - NaturaPura\",\"isPartOf\":{\"@id\":\"https:\\\/\\\/naturapura.com\\\/de\\\/#website\"},\"primaryImageOfPage\":{\"@id\":\"https:\\\/\\\/naturapura.com\\\/de\\\/produkt\\\/geschenkkarte-2\\\/#primaryimage\"},\"image\":{\"@id\":\"https:\\\/\\\/naturapura.com\\\/de\\\/produkt\\\/geschenkkarte-2\\\/#primaryimage\"},\"thumbnailUrl\":\"https:\\\/\\\/i0.wp.com\\\/naturapura.com\\\/wp-content\\\/uploads\\\/2021\\\/01\\\/Gift_Card.png?fit=1300%2C1100&ssl=1\",\"datePublished\":\"2021-01-18T17:29:19+00:00\",\"dateModified\":\"2021-01-20T12:56:10+00:00\",\"breadcrumb\":{\"@id\":\"https:\\\/\\\/naturapura.com\\\/de\\\/produkt\\\/geschenkkarte-2\\\/#breadcrumb\"},\"inLanguage\":\"de\",\"potentialAction\":[{\"@type\":\"ReadAction\",\"target\":[\"https:\\\/\\\/naturapura.com\\\/de\\\/produkt\\\/geschenkkarte-2\\\/\"]}]},{\"@type\":\"ImageObject\",\"inLanguage\":\"de\",\"@id\":\"https:\\\/\\\/naturapura.com\\\/de\\\/produkt\\\/geschenkkarte-2\\\/#primaryimage\",\"url\":\"https:\\\/\\\/i0.wp.com\\\/naturapura.com\\\/wp-content\\\/uploads\\\/2021\\\/01\\\/Gift_Card.png?fit=1300%2C1100&ssl=1\",\"contentUrl\":\"https:\\\/\\\/i0.wp.com\\\/naturapura.com\\\/wp-content\\\/uploads\\\/2021\\\/01\\\/Gift_Card.png?fit=1300%2C1100&ssl=1\",\"width\":1300,\"height\":1100,\"caption\":\"GESCHENKKARTE\"},{\"@type\":\"BreadcrumbList\",\"@id\":\"https:\\\/\\\/naturapura.com\\\/de\\\/produkt\\\/geschenkkarte-2\\\/#breadcrumb\",\"itemListElement\":[{\"@type\":\"ListItem\",\"position\":1,\"name\":\"In\u00edcio\",\"item\":\"https:\\\/\\\/naturapura.com\\\/de\\\/\"},{\"@type\":\"ListItem\",\"position\":2,\"name\":\"Gesch\u00e4ft\",\"item\":\"https:\\\/\\\/naturapura.com\\\/de\\\/shop\\\/\"},{\"@type\":\"ListItem\",\"position\":3,\"name\":\"GESCHENKKARTE\"}]},{\"@type\":\"WebSite\",\"@id\":\"https:\\\/\\\/naturapura.com\\\/de\\\/#website\",\"url\":\"https:\\\/\\\/naturapura.com\\\/de\\\/\",\"name\":\"NaturaPura\",\"description\":\"Roupinha de Beb\u00e9 e Complementos em Org\u00e2nico\",\"publisher\":{\"@id\":\"https:\\\/\\\/naturapura.com\\\/de\\\/#organization\"},\"potentialAction\":[{\"@type\":\"SearchAction\",\"target\":{\"@type\":\"EntryPoint\",\"urlTemplate\":\"https:\\\/\\\/naturapura.com\\\/de\\\/?s={search_term_string}\"},\"query-input\":{\"@type\":\"PropertyValueSpecification\",\"valueRequired\":true,\"valueName\":\"search_term_string\"}}],\"inLanguage\":\"de\"},{\"@type\":\"Organization\",\"@id\":\"https:\\\/\\\/naturapura.com\\\/de\\\/#organization\",\"name\":\"NATURAPURA\",\"url\":\"https:\\\/\\\/naturapura.com\\\/de\\\/\",\"logo\":{\"@type\":\"ImageObject\",\"inLanguage\":\"de\",\"@id\":\"https:\\\/\\\/naturapura.com\\\/de\\\/#\\\/schema\\\/logo\\\/image\\\/\",\"url\":\"https:\\\/\\\/i0.wp.com\\\/naturapura.com\\\/wp-content\\\/uploads\\\/2023\\\/09\\\/logo-NP-bebe.png?fit=481%2C101&ssl=1\",\"contentUrl\":\"https:\\\/\\\/i0.wp.com\\\/naturapura.com\\\/wp-content\\\/uploads\\\/2023\\\/09\\\/logo-NP-bebe.png?fit=481%2C101&ssl=1\",\"width\":481,\"height\":101,\"caption\":\"NATURAPURA\"},\"image\":{\"@id\":\"https:\\\/\\\/naturapura.com\\\/de\\\/#\\\/schema\\\/logo\\\/image\\\/\"}}]}<\/script>\n<meta property=\"product:price:currency\" content=\"USD\" \/>\n<meta property=\"og:availability\" content=\"instock\" \/>\n<meta property=\"product:availability\" content=\"instock\" \/>\n<meta property=\"product:condition\" content=\"new\" \/>\n<!-- \/ Yoast SEO plugin. -->","yoast_head_json":{"title":"GESCHENKKARTE - NaturaPura","robots":{"index":"index","follow":"follow","max-snippet":"max-snippet:-1","max-image-preview":"max-image-preview:large","max-video-preview":"max-video-preview:-1"},"canonical":"https:\/\/naturapura.com\/de\/produkt\/geschenkkarte-2\/","og_locale":"de_DE","og_type":"article","og_title":"GESCHENKKARTE - NaturaPura","og_description":"GESCHENKKARTE Nicht sicher \u00fcber die Gr\u00f6\u00dfe des Babys? Nicht in der Lage, zwischen einem Bodysuit und einem Stofftier zu w\u00e4hlen? Die Geschenkkarte ist das ideale Geschenk f\u00fcr jemanden, der sich nicht sicher ist, was er schenken soll. Es ist die einfachste Art, jemandem ein Geschenk zu machen und ihr die Wahl zu lassen, was ihr [...]","og_url":"https:\/\/naturapura.com\/de\/produkt\/geschenkkarte-2\/","og_site_name":"NaturaPura","article_modified_time":"2021-01-20T12:56:10+00:00","og_image":[{"width":1300,"height":1100,"url":"https:\/\/naturapura.com\/wp-content\/uploads\/2021\/01\/Gift_Card.png","type":"image\/png"}],"twitter_card":"summary_large_image","twitter_misc":{"Preis":"","Verf\u00fcgbarkeit":"Auf Lager"},"schema":{"@context":"https:\/\/schema.org","@graph":[{"@type":"WebPage","@id":"https:\/\/naturapura.com\/de\/produkt\/geschenkkarte-2\/","url":"https:\/\/naturapura.com\/de\/produkt\/geschenkkarte-2\/","name":"GESCHENKKARTE - NaturaPura","isPartOf":{"@id":"https:\/\/naturapura.com\/de\/#website"},"primaryImageOfPage":{"@id":"https:\/\/naturapura.com\/de\/produkt\/geschenkkarte-2\/#primaryimage"},"image":{"@id":"https:\/\/naturapura.com\/de\/produkt\/geschenkkarte-2\/#primaryimage"},"thumbnailUrl":"https:\/\/i0.wp.com\/naturapura.com\/wp-content\/uploads\/2021\/01\/Gift_Card.png?fit=1300%2C1100&ssl=1","datePublished":"2021-01-18T17:29:19+00:00","dateModified":"2021-01-20T12:56:10+00:00","breadcrumb":{"@id":"https:\/\/naturapura.com\/de\/produkt\/geschenkkarte-2\/#breadcrumb"},"inLanguage":"de","potentialAction":[{"@type":"ReadAction","target":["https:\/\/naturapura.com\/de\/produkt\/geschenkkarte-2\/"]}]},{"@type":"ImageObject","inLanguage":"de","@id":"https:\/\/naturapura.com\/de\/produkt\/geschenkkarte-2\/#primaryimage","url":"https:\/\/i0.wp.com\/naturapura.com\/wp-content\/uploads\/2021\/01\/Gift_Card.png?fit=1300%2C1100&ssl=1","contentUrl":"https:\/\/i0.wp.com\/naturapura.com\/wp-content\/uploads\/2021\/01\/Gift_Card.png?fit=1300%2C1100&ssl=1","width":1300,"height":1100,"caption":"GESCHENKKARTE"},{"@type":"BreadcrumbList","@id":"https:\/\/naturapura.com\/de\/produkt\/geschenkkarte-2\/#breadcrumb","itemListElement":[{"@type":"ListItem","position":1,"name":"In\u00edcio","item":"https:\/\/naturapura.com\/de\/"},{"@type":"ListItem","position":2,"name":"Gesch\u00e4ft","item":"https:\/\/naturapura.com\/de\/shop\/"},{"@type":"ListItem","position":3,"name":"GESCHENKKARTE"}]},{"@type":"WebSite","@id":"https:\/\/naturapura.com\/de\/#website","url":"https:\/\/naturapura.com\/de\/","name":"NaturaPura","description":"Roupinha de Beb\u00e9 e Complementos em Org\u00e2nico","publisher":{"@id":"https:\/\/naturapura.com\/de\/#organization"},"potentialAction":[{"@type":"SearchAction","target":{"@type":"EntryPoint","urlTemplate":"https:\/\/naturapura.com\/de\/?s={search_term_string}"},"query-input":{"@type":"PropertyValueSpecification","valueRequired":true,"valueName":"search_term_string"}}],"inLanguage":"de"},{"@type":"Organization","@id":"https:\/\/naturapura.com\/de\/#organization","name":"NATURAPURA","url":"https:\/\/naturapura.com\/de\/","logo":{"@type":"ImageObject","inLanguage":"de","@id":"https:\/\/naturapura.com\/de\/#\/schema\/logo\/image\/","url":"https:\/\/i0.wp.com\/naturapura.com\/wp-content\/uploads\/2023\/09\/logo-NP-bebe.png?fit=481%2C101&ssl=1","contentUrl":"https:\/\/i0.wp.com\/naturapura.com\/wp-content\/uploads\/2023\/09\/logo-NP-bebe.png?fit=481%2C101&ssl=1","width":481,"height":101,"caption":"NATURAPURA"},"image":{"@id":"https:\/\/naturapura.com\/de\/#\/schema\/logo\/image\/"}}]},"product_price_currency":"USD","og_availability":"instock","product_availability":"instock","product_condition":"new"},"jetpack_sharing_enabled":true,"_links":{"self":[{"href":"https:\/\/naturapura.com\/de\/wp-json\/wp\/v2\/product\/37435","targetHints":{"allow":["GET"]}}],"collection":[{"href":"https:\/\/naturapura.com\/de\/wp-json\/wp\/v2\/product"}],"about":[{"href":"https:\/\/naturapura.com\/de\/wp-json\/wp\/v2\/types\/product"}],"wp:featuredmedia":[{"embeddable":true,"href":"https:\/\/naturapura.com\/de\/wp-json\/wp\/v2\/media\/37421"}],"wp:attachment":[{"href":"https:\/\/naturapura.com\/de\/wp-json\/wp\/v2\/media?parent=37435"}],"wp:term":[{"taxonomy":"product_brand","embeddable":true,"href":"https:\/\/naturapura.com\/de\/wp-json\/wp\/v2\/product_brand?post=37435"},{"taxonomy":"product_cat","embeddable":true,"href":"https:\/\/naturapura.com\/de\/wp-json\/wp\/v2\/product_cat?post=37435"},{"taxonomy":"product_tag","embeddable":true,"href":"https:\/\/naturapura.com\/de\/wp-json\/wp\/v2\/product_tag?post=37435"},{"taxonomy":"giftcard-category","embeddable":true,"href":"https:\/\/naturapura.com\/de\/wp-json\/wp\/v2\/giftcard-category?post=37435"}],"curies":[{"name":"wp","href":"https:\/\/api.w.org\/{rel}","templated":true}]}}