{"id":20494,"date":"2019-07-08T09:58:09","date_gmt":"2020-05-12T16:26:43","guid":{"rendered":"https:\/\/naturapura.com\/product\/leichtes-baby-set-1-outfit\/"},"modified":"2020-11-13T09:45:50","modified_gmt":"2020-11-13T09:45:50","slug":"light-baby-babys-erstes-outfit-set","status":"publish","type":"product","link":"https:\/\/naturapura.com\/de\/produkt\/light-baby-babys-erstes-outfit-set\/","title":{"rendered":"Light Baby &#8211; Babys erstes Outfit-Set"},"content":{"rendered":"<p style=\"text-align: left;\"><strong>Light Baby &#8211; Babys erstes Outfit-Set <\/strong><\/p>\n<p style=\"text-align: justify;\">Das ideale Outfit-Set f\u00fcr das neugeborene Baby, sein erstes kleines Outfit.<\/p>\n<p style=\"text-align: justify;\">Alle Teile sind aus Bio-Baumwolle gefertigt und mit 100% Baumwollfaden gen\u00e4ht.<\/p>\n<p style=\"text-align: justify;\">Es f\u00fchlt sich sehr weich an und wurde dermatologisch getestet, um sicherzustellen, dass es die empfindliche Haut Ihres Babys nicht sch\u00e4digt.<\/p>\n<p style=\"text-align: justify;\">Die Ganzk\u00f6rper\u00f6ffnung von Body und Strampler ist sehr benutzerfreundlich. Alle Einzelheiten wurden vollst\u00e4ndig durchdacht, z. B.<\/p>\n<p style=\"text-align: justify;\">Etiketten werden an der Au\u00dfenseite angebracht, um Hautreizungen zu vermeiden, und die Babyhose mit F\u00fc\u00dfen hat kein Gummiband in der Taille, um den Nabelschnurbereich zu schonen.<\/p>\n<p style=\"text-align: justify;\">Das ganze Set kommt in einem Stoffsack, der mit dem ersten Outfit Ihres Babys zur Entbindungsstation genommen werden kann.<\/p>\n","protected":false},"excerpt":{"rendered":"<p>BB04002<\/p>\n","protected":false},"featured_media":20495,"template":"","meta":[],"product_brand":[],"product_cat":[2890,2892,3074],"product_tag":[],"giftcard-category":[],"class_list":{"0":"post-20494","1":"product","2":"type-product","3":"status-publish","4":"has-post-thumbnail","6":"product_cat-babystartersets","7":"product_cat-fruhchen-de","8":"product_cat-geschenkideen","10":"first","11":"instock","12":"taxable","13":"shipping-taxable","14":"product-type-variable","15":"has-default-attributes"},"exclude_global_add_ons":false,"addons":[{"name":"Name des Babys","type":"custom_text","position":0,"required":true,"title_format":"label","default":"","description_enable":false,"description":"","placeholder_enable":false,"placeholder":"","display":"select","restrictions_type":"any_text","adjust_price":false,"price":"","price_type":"flat_fee","restrictions":true,"min":"2","max":"15","options":[],"id":1676654652},{"name":"Geschenk Botschaft","type":"custom_textarea","position":0,"required":false,"title_format":"label","default":"","description_enable":true,"description":"Erfreuen Sie diejenigen, den Sie verschenken mit einer liebevollen Botschaft...","placeholder_enable":false,"placeholder":"","display":"select","restrictions_type":"any_text","adjust_price":false,"price":"3.00","price_type":"flat_fee","restrictions":true,"min":"0","max":"300","options":[]},{"name":"Notice","type":"heading","position":0,"required":false,"title_format":"label","default":"","description_enable":true,"description":"Wir k\u00f6nnen die personalisierten Artikel, die bis zum 11. Dezember bestellt werden, nur rechtzeitig vor Weihnachten liefern.","placeholder_enable":false,"placeholder":"","display":"select","restrictions_type":"any_text","adjust_price":false,"price":"","price_type":"flat_fee","restrictions":false,"min":"0","max":"0","options":[],"id":1704365184},{"name":"Notice","type":"heading","position":0,"required":false,"title_format":"label","default":"","description_enable":true,"description":"Aufgrund der Sommerferien werden die Bestellungen von personalisierten Artikeln, die ab dem 7. August aufgegeben werden, erst ab dem 10. September versandt.","placeholder_enable":false,"placeholder":"","display":"select","restrictions_type":"any_text","adjust_price":false,"price":"","price_type":"flat_fee","restrictions":false,"min":"0","max":"0","options":[],"id":1692953567}],"yoast_head":"<!-- This site is optimized with the Yoast SEO plugin v27.4 - https:\/\/yoast.com\/product\/yoast-seo-wordpress\/ -->\n<title>Light Baby - Babys erstes Outfit-Set - Light Baby - NaturaPura<\/title>\n<meta name=\"description\" content=\"Das ideale Set f\u00fcr Neugeborene, entworfen, um Ihr erstes Baby-Bademantel zu sein. Die St\u00fccke werden aus Bio-Baumwolle hergestellt.\" \/>\n<meta name=\"robots\" content=\"index, follow, max-snippet:-1, max-image-preview:large, max-video-preview:-1\" \/>\n<link rel=\"canonical\" href=\"https:\/\/naturapura.com\/de\/produkt\/light-baby-babys-erstes-outfit-set\/\" \/>\n<meta property=\"og:locale\" content=\"de_DE\" \/>\n<meta property=\"og:type\" content=\"article\" \/>\n<meta property=\"og:title\" content=\"Light Baby - Babys erstes Outfit-Set - Light Baby - NaturaPura\" \/>\n<meta property=\"og:description\" content=\"Das ideale Set f\u00fcr Neugeborene, entworfen, um Ihr erstes Baby-Bademantel zu sein. Die St\u00fccke werden aus Bio-Baumwolle hergestellt.\" \/>\n<meta property=\"og:url\" content=\"https:\/\/naturapura.com\/de\/produkt\/light-baby-babys-erstes-outfit-set\/\" \/>\n<meta property=\"og:site_name\" content=\"NaturaPura\" \/>\n<meta property=\"article:modified_time\" content=\"2020-11-13T09:45:50+00:00\" \/>\n<meta property=\"og:image\" content=\"https:\/\/naturapura.com\/wp-content\/uploads\/2019\/07\/1st-Cloth.jpg\" \/>\n\t<meta property=\"og:image:width\" content=\"1709\" \/>\n\t<meta property=\"og:image:height\" content=\"1709\" \/>\n\t<meta property=\"og:image:type\" content=\"image\/jpeg\" \/>\n<meta name=\"twitter:card\" content=\"summary_large_image\" \/>\n<meta name=\"twitter:label1\" content=\"Verf\u00fcgbarkeit\" \/>\n\t<meta name=\"twitter:data1\" content=\"Auf Lager\" \/>\n<script type=\"application\/ld+json\" class=\"yoast-schema-graph\">{\"@context\":\"https:\\\/\\\/schema.org\",\"@graph\":[{\"@type\":\"WebPage\",\"@id\":\"https:\\\/\\\/naturapura.com\\\/de\\\/produkt\\\/light-baby-babys-erstes-outfit-set\\\/\",\"url\":\"https:\\\/\\\/naturapura.com\\\/de\\\/produkt\\\/light-baby-babys-erstes-outfit-set\\\/\",\"name\":\"Light Baby - Babys erstes Outfit-Set - Light Baby - NaturaPura\",\"isPartOf\":{\"@id\":\"https:\\\/\\\/naturapura.com\\\/de\\\/#website\"},\"primaryImageOfPage\":{\"@id\":\"https:\\\/\\\/naturapura.com\\\/de\\\/produkt\\\/light-baby-babys-erstes-outfit-set\\\/#primaryimage\"},\"image\":{\"@id\":\"https:\\\/\\\/naturapura.com\\\/de\\\/produkt\\\/light-baby-babys-erstes-outfit-set\\\/#primaryimage\"},\"thumbnailUrl\":\"https:\\\/\\\/i0.wp.com\\\/naturapura.com\\\/wp-content\\\/uploads\\\/2019\\\/07\\\/1st-Cloth.jpg?fit=1709%2C1709&ssl=1\",\"datePublished\":\"2020-05-12T16:26:43+00:00\",\"dateModified\":\"2020-11-13T09:45:50+00:00\",\"description\":\"Das ideale Set f\u00fcr Neugeborene, entworfen, um Ihr erstes Baby-Bademantel zu sein. Die St\u00fccke werden aus Bio-Baumwolle hergestellt.\",\"breadcrumb\":{\"@id\":\"https:\\\/\\\/naturapura.com\\\/de\\\/produkt\\\/light-baby-babys-erstes-outfit-set\\\/#breadcrumb\"},\"inLanguage\":\"de\",\"potentialAction\":[{\"@type\":\"ReadAction\",\"target\":[\"https:\\\/\\\/naturapura.com\\\/de\\\/produkt\\\/light-baby-babys-erstes-outfit-set\\\/\"]}]},{\"@type\":\"ImageObject\",\"inLanguage\":\"de\",\"@id\":\"https:\\\/\\\/naturapura.com\\\/de\\\/produkt\\\/light-baby-babys-erstes-outfit-set\\\/#primaryimage\",\"url\":\"https:\\\/\\\/i0.wp.com\\\/naturapura.com\\\/wp-content\\\/uploads\\\/2019\\\/07\\\/1st-Cloth.jpg?fit=1709%2C1709&ssl=1\",\"contentUrl\":\"https:\\\/\\\/i0.wp.com\\\/naturapura.com\\\/wp-content\\\/uploads\\\/2019\\\/07\\\/1st-Cloth.jpg?fit=1709%2C1709&ssl=1\",\"width\":1709,\"height\":1709,\"caption\":\"Light Baby - Babys erstes Outfit-Set\"},{\"@type\":\"BreadcrumbList\",\"@id\":\"https:\\\/\\\/naturapura.com\\\/de\\\/produkt\\\/light-baby-babys-erstes-outfit-set\\\/#breadcrumb\",\"itemListElement\":[{\"@type\":\"ListItem\",\"position\":1,\"name\":\"In\u00edcio\",\"item\":\"https:\\\/\\\/naturapura.com\\\/de\\\/\"},{\"@type\":\"ListItem\",\"position\":2,\"name\":\"Gesch\u00e4ft\",\"item\":\"https:\\\/\\\/naturapura.com\\\/de\\\/shop\\\/\"},{\"@type\":\"ListItem\",\"position\":3,\"name\":\"Light Baby &#8211; Babys erstes Outfit-Set\"}]},{\"@type\":\"WebSite\",\"@id\":\"https:\\\/\\\/naturapura.com\\\/de\\\/#website\",\"url\":\"https:\\\/\\\/naturapura.com\\\/de\\\/\",\"name\":\"NaturaPura\",\"description\":\"Roupinha de Beb\u00e9 e Complementos em Org\u00e2nico\",\"publisher\":{\"@id\":\"https:\\\/\\\/naturapura.com\\\/de\\\/#organization\"},\"potentialAction\":[{\"@type\":\"SearchAction\",\"target\":{\"@type\":\"EntryPoint\",\"urlTemplate\":\"https:\\\/\\\/naturapura.com\\\/de\\\/?s={search_term_string}\"},\"query-input\":{\"@type\":\"PropertyValueSpecification\",\"valueRequired\":true,\"valueName\":\"search_term_string\"}}],\"inLanguage\":\"de\"},{\"@type\":\"Organization\",\"@id\":\"https:\\\/\\\/naturapura.com\\\/de\\\/#organization\",\"name\":\"NATURAPURA\",\"url\":\"https:\\\/\\\/naturapura.com\\\/de\\\/\",\"logo\":{\"@type\":\"ImageObject\",\"inLanguage\":\"de\",\"@id\":\"https:\\\/\\\/naturapura.com\\\/de\\\/#\\\/schema\\\/logo\\\/image\\\/\",\"url\":\"https:\\\/\\\/i0.wp.com\\\/naturapura.com\\\/wp-content\\\/uploads\\\/2023\\\/09\\\/logo-NP-bebe.png?fit=481%2C101&ssl=1\",\"contentUrl\":\"https:\\\/\\\/i0.wp.com\\\/naturapura.com\\\/wp-content\\\/uploads\\\/2023\\\/09\\\/logo-NP-bebe.png?fit=481%2C101&ssl=1\",\"width\":481,\"height\":101,\"caption\":\"NATURAPURA\"},\"image\":{\"@id\":\"https:\\\/\\\/naturapura.com\\\/de\\\/#\\\/schema\\\/logo\\\/image\\\/\"}}]}<\/script>\n<meta property=\"og:availability\" content=\"instock\" \/>\n<meta property=\"product:availability\" content=\"instock\" \/>\n<meta property=\"product:retailer_item_id\" content=\"BB04002\" \/>\n<meta property=\"product:condition\" content=\"new\" \/>\n<!-- \/ Yoast SEO plugin. -->","yoast_head_json":{"title":"Light Baby - Babys erstes Outfit-Set - Light Baby - NaturaPura","description":"Das ideale Set f\u00fcr Neugeborene, entworfen, um Ihr erstes Baby-Bademantel zu sein. Die St\u00fccke werden aus Bio-Baumwolle hergestellt.","robots":{"index":"index","follow":"follow","max-snippet":"max-snippet:-1","max-image-preview":"max-image-preview:large","max-video-preview":"max-video-preview:-1"},"canonical":"https:\/\/naturapura.com\/de\/produkt\/light-baby-babys-erstes-outfit-set\/","og_locale":"de_DE","og_type":"article","og_title":"Light Baby - Babys erstes Outfit-Set - Light Baby - NaturaPura","og_description":"Das ideale Set f\u00fcr Neugeborene, entworfen, um Ihr erstes Baby-Bademantel zu sein. Die St\u00fccke werden aus Bio-Baumwolle hergestellt.","og_url":"https:\/\/naturapura.com\/de\/produkt\/light-baby-babys-erstes-outfit-set\/","og_site_name":"NaturaPura","article_modified_time":"2020-11-13T09:45:50+00:00","og_image":[{"width":1709,"height":1709,"url":"https:\/\/naturapura.com\/wp-content\/uploads\/2019\/07\/1st-Cloth.jpg","type":"image\/jpeg"}],"twitter_card":"summary_large_image","twitter_misc":{"Verf\u00fcgbarkeit":"Auf Lager"},"schema":{"@context":"https:\/\/schema.org","@graph":[{"@type":"WebPage","@id":"https:\/\/naturapura.com\/de\/produkt\/light-baby-babys-erstes-outfit-set\/","url":"https:\/\/naturapura.com\/de\/produkt\/light-baby-babys-erstes-outfit-set\/","name":"Light Baby - Babys erstes Outfit-Set - Light Baby - NaturaPura","isPartOf":{"@id":"https:\/\/naturapura.com\/de\/#website"},"primaryImageOfPage":{"@id":"https:\/\/naturapura.com\/de\/produkt\/light-baby-babys-erstes-outfit-set\/#primaryimage"},"image":{"@id":"https:\/\/naturapura.com\/de\/produkt\/light-baby-babys-erstes-outfit-set\/#primaryimage"},"thumbnailUrl":"https:\/\/i0.wp.com\/naturapura.com\/wp-content\/uploads\/2019\/07\/1st-Cloth.jpg?fit=1709%2C1709&ssl=1","datePublished":"2020-05-12T16:26:43+00:00","dateModified":"2020-11-13T09:45:50+00:00","description":"Das ideale Set f\u00fcr Neugeborene, entworfen, um Ihr erstes Baby-Bademantel zu sein. Die St\u00fccke werden aus Bio-Baumwolle hergestellt.","breadcrumb":{"@id":"https:\/\/naturapura.com\/de\/produkt\/light-baby-babys-erstes-outfit-set\/#breadcrumb"},"inLanguage":"de","potentialAction":[{"@type":"ReadAction","target":["https:\/\/naturapura.com\/de\/produkt\/light-baby-babys-erstes-outfit-set\/"]}]},{"@type":"ImageObject","inLanguage":"de","@id":"https:\/\/naturapura.com\/de\/produkt\/light-baby-babys-erstes-outfit-set\/#primaryimage","url":"https:\/\/i0.wp.com\/naturapura.com\/wp-content\/uploads\/2019\/07\/1st-Cloth.jpg?fit=1709%2C1709&ssl=1","contentUrl":"https:\/\/i0.wp.com\/naturapura.com\/wp-content\/uploads\/2019\/07\/1st-Cloth.jpg?fit=1709%2C1709&ssl=1","width":1709,"height":1709,"caption":"Light Baby - Babys erstes Outfit-Set"},{"@type":"BreadcrumbList","@id":"https:\/\/naturapura.com\/de\/produkt\/light-baby-babys-erstes-outfit-set\/#breadcrumb","itemListElement":[{"@type":"ListItem","position":1,"name":"In\u00edcio","item":"https:\/\/naturapura.com\/de\/"},{"@type":"ListItem","position":2,"name":"Gesch\u00e4ft","item":"https:\/\/naturapura.com\/de\/shop\/"},{"@type":"ListItem","position":3,"name":"Light Baby &#8211; Babys erstes Outfit-Set"}]},{"@type":"WebSite","@id":"https:\/\/naturapura.com\/de\/#website","url":"https:\/\/naturapura.com\/de\/","name":"NaturaPura","description":"Roupinha de Beb\u00e9 e Complementos em Org\u00e2nico","publisher":{"@id":"https:\/\/naturapura.com\/de\/#organization"},"potentialAction":[{"@type":"SearchAction","target":{"@type":"EntryPoint","urlTemplate":"https:\/\/naturapura.com\/de\/?s={search_term_string}"},"query-input":{"@type":"PropertyValueSpecification","valueRequired":true,"valueName":"search_term_string"}}],"inLanguage":"de"},{"@type":"Organization","@id":"https:\/\/naturapura.com\/de\/#organization","name":"NATURAPURA","url":"https:\/\/naturapura.com\/de\/","logo":{"@type":"ImageObject","inLanguage":"de","@id":"https:\/\/naturapura.com\/de\/#\/schema\/logo\/image\/","url":"https:\/\/i0.wp.com\/naturapura.com\/wp-content\/uploads\/2023\/09\/logo-NP-bebe.png?fit=481%2C101&ssl=1","contentUrl":"https:\/\/i0.wp.com\/naturapura.com\/wp-content\/uploads\/2023\/09\/logo-NP-bebe.png?fit=481%2C101&ssl=1","width":481,"height":101,"caption":"NATURAPURA"},"image":{"@id":"https:\/\/naturapura.com\/de\/#\/schema\/logo\/image\/"}}]},"og_availability":"instock","product_availability":"instock","product_retailer_item_id":"BB04002","product_condition":"new"},"jetpack_sharing_enabled":true,"_links":{"self":[{"href":"https:\/\/naturapura.com\/de\/wp-json\/wp\/v2\/product\/20494","targetHints":{"allow":["GET"]}}],"collection":[{"href":"https:\/\/naturapura.com\/de\/wp-json\/wp\/v2\/product"}],"about":[{"href":"https:\/\/naturapura.com\/de\/wp-json\/wp\/v2\/types\/product"}],"wp:featuredmedia":[{"embeddable":true,"href":"https:\/\/naturapura.com\/de\/wp-json\/wp\/v2\/media\/20495"}],"wp:attachment":[{"href":"https:\/\/naturapura.com\/de\/wp-json\/wp\/v2\/media?parent=20494"}],"wp:term":[{"taxonomy":"product_brand","embeddable":true,"href":"https:\/\/naturapura.com\/de\/wp-json\/wp\/v2\/product_brand?post=20494"},{"taxonomy":"product_cat","embeddable":true,"href":"https:\/\/naturapura.com\/de\/wp-json\/wp\/v2\/product_cat?post=20494"},{"taxonomy":"product_tag","embeddable":true,"href":"https:\/\/naturapura.com\/de\/wp-json\/wp\/v2\/product_tag?post=20494"},{"taxonomy":"giftcard-category","embeddable":true,"href":"https:\/\/naturapura.com\/de\/wp-json\/wp\/v2\/giftcard-category?post=20494"}],"curies":[{"name":"wp","href":"https:\/\/api.w.org\/{rel}","templated":true}]}}