{"id":37418,"date":"2021-01-18T15:29:02","date_gmt":"2021-01-18T15:29:02","guid":{"rendered":"https:\/\/naturapura.com\/naturapura-geschenkkarte\/"},"modified":"2021-01-18T15:29:04","modified_gmt":"2021-01-18T15:29:04","slug":"naturapura-geschenkkarte","status":"publish","type":"page","link":"https:\/\/naturapura.com\/de\/naturapura-geschenkkarte\/","title":{"rendered":"NATURAPURA GESCHENKKARTE"},"content":{"rendered":"\n<div class=\"is-divider divider clearfix\" style=\"background-color:rgb(255, 255, 255);\"><\/div>\n\n<div class=\"row\"  id=\"row-1602252945\">\n\n\n\t<div id=\"col-1531241341\" class=\"col medium-1 small-12 large-1\"  >\n\t\t\t\t<div class=\"col-inner\"  >\n\t\t\t\n\t\t\t\n\n\n\t\t<\/div>\n\t\t\t\t\t<\/div>\n\n\t\n\n\t<div id=\"col-1933511735\" class=\"col medium-10 small-12 large-10\"  >\n\t\t\t\t<div class=\"col-inner\"  >\n\t\t\t\n\t\t\t\n\n<h2 style=\"text-align: center;\">NATURAPURA GESCHENKKARTE<\/h2>\r\n<h3 style=\"text-align: center;\">ALLGEMEINE NUTZUNGSNGENBEDINGU<\/h3>\r\n<ol style=\"text-align: justify;\">\r\n \t<li>Diese Karte ist ausschlie\u00dflich f\u00fcr den Kauf von Produkten auf www.naturapura.com g\u00fcltig.<\/li>\r\n \t<li>Die Karte kann mit jedem der akzeptierten Zahlungsmittel auf www.naturapura.com erworben werden. Die Geschenkkarte kann nicht durch eine andere Geschenkkarte erworben werden.<\/li>\r\n \t<li>Sie k\u00f6nnen Ihre Geschenkkarte kaufen, um sie an einem beliebigen Ort anzubieten. Sie wird je nach Zielort in EUR oder GBP oder USD (1EUR=1GBP=1USD) verschickt.<\/li>\r\n \t<li>Das Guthaben der Karte kann nicht zur\u00fcckerstattet oder in bar zur\u00fcckgegeben werden.<\/li>\r\n \t<li>Die Karte kann beliebig oft verwendet werden, bis der Gesamtbetrag verbraucht ist.<\/li>\r\n \t<li>Das verf\u00fcgbare Guthaben der Karte kann im Kundenbereich \u00fcberpr\u00fcft werden, wenn der Kunde registriert ist. Wenn der Kaufbetrag das verf\u00fcgbare Guthaben auf der Karte \u00fcbersteigt, kann der Differenzbetrag mit einem der anderen akzeptierten Zahlungsmittel auf www.naturapura.com, bezahlt werden.<\/li>\r\n \t<li>Die mit der Karte auf www.naturapura.com gekauften Produkte unterliegen den dortigen Umtausch- und R\u00fcckgabebestimmungen.<\/li>\r\n \t<li>Die Geschenkkarte ist ab dem Ausstellungsdatum 24 Monate lang g\u00fcltig.<\/li>\r\n<\/ol>\n\n\t\t<\/div>\n\t\t\t\t\t<\/div>\n\n\t\n\n<\/div>\n\n","protected":false},"excerpt":{"rendered":"","protected":false},"author":18,"featured_media":0,"parent":0,"menu_order":0,"comment_status":"closed","ping_status":"closed","template":"","meta":{"footnotes":""},"class_list":["post-37418","page","type-page","status-publish","hentry"],"yoast_head":"<!-- This site is optimized with the Yoast SEO plugin v27.4 - https:\/\/yoast.com\/product\/yoast-seo-wordpress\/ -->\n<title>NATURAPURA GESCHENKKARTE - NaturaPura<\/title>\n<meta name=\"robots\" content=\"index, follow, max-snippet:-1, max-image-preview:large, max-video-preview:-1\" \/>\n<link rel=\"canonical\" href=\"https:\/\/naturapura.com\/de\/naturapura-geschenkkarte\/\" \/>\n<meta property=\"og:locale\" content=\"de_DE\" \/>\n<meta property=\"og:type\" content=\"article\" \/>\n<meta property=\"og:title\" content=\"NATURAPURA GESCHENKKARTE - NaturaPura\" \/>\n<meta property=\"og:url\" content=\"https:\/\/naturapura.com\/de\/naturapura-geschenkkarte\/\" \/>\n<meta property=\"og:site_name\" content=\"NaturaPura\" \/>\n<meta property=\"article:modified_time\" content=\"2021-01-18T15:29:04+00:00\" \/>\n<meta name=\"twitter:card\" content=\"summary_large_image\" \/>\n<meta name=\"twitter:label1\" content=\"Gesch\u00e4tzte Lesezeit\" \/>\n\t<meta name=\"twitter:data1\" content=\"1\u00a0Minute\" \/>\n<script type=\"application\/ld+json\" class=\"yoast-schema-graph\">{\"@context\":\"https:\\\/\\\/schema.org\",\"@graph\":[{\"@type\":\"WebPage\",\"@id\":\"https:\\\/\\\/naturapura.com\\\/de\\\/naturapura-geschenkkarte\\\/\",\"url\":\"https:\\\/\\\/naturapura.com\\\/de\\\/naturapura-geschenkkarte\\\/\",\"name\":\"NATURAPURA GESCHENKKARTE - NaturaPura\",\"isPartOf\":{\"@id\":\"https:\\\/\\\/naturapura.com\\\/de\\\/#website\"},\"datePublished\":\"2021-01-18T15:29:02+00:00\",\"dateModified\":\"2021-01-18T15:29:04+00:00\",\"breadcrumb\":{\"@id\":\"https:\\\/\\\/naturapura.com\\\/de\\\/naturapura-geschenkkarte\\\/#breadcrumb\"},\"inLanguage\":\"de\",\"potentialAction\":[{\"@type\":\"ReadAction\",\"target\":[\"https:\\\/\\\/naturapura.com\\\/de\\\/naturapura-geschenkkarte\\\/\"]}]},{\"@type\":\"BreadcrumbList\",\"@id\":\"https:\\\/\\\/naturapura.com\\\/de\\\/naturapura-geschenkkarte\\\/#breadcrumb\",\"itemListElement\":[{\"@type\":\"ListItem\",\"position\":1,\"name\":\"In\u00edcio\",\"item\":\"https:\\\/\\\/naturapura.com\\\/de\\\/\"},{\"@type\":\"ListItem\",\"position\":2,\"name\":\"NATURAPURA GESCHENKKARTE\"}]},{\"@type\":\"WebSite\",\"@id\":\"https:\\\/\\\/naturapura.com\\\/de\\\/#website\",\"url\":\"https:\\\/\\\/naturapura.com\\\/de\\\/\",\"name\":\"NaturaPura\",\"description\":\"Roupinha de Beb\u00e9 e Complementos em Org\u00e2nico\",\"publisher\":{\"@id\":\"https:\\\/\\\/naturapura.com\\\/de\\\/#organization\"},\"potentialAction\":[{\"@type\":\"SearchAction\",\"target\":{\"@type\":\"EntryPoint\",\"urlTemplate\":\"https:\\\/\\\/naturapura.com\\\/de\\\/?s={search_term_string}\"},\"query-input\":{\"@type\":\"PropertyValueSpecification\",\"valueRequired\":true,\"valueName\":\"search_term_string\"}}],\"inLanguage\":\"de\"},{\"@type\":\"Organization\",\"@id\":\"https:\\\/\\\/naturapura.com\\\/de\\\/#organization\",\"name\":\"NATURAPURA\",\"url\":\"https:\\\/\\\/naturapura.com\\\/de\\\/\",\"logo\":{\"@type\":\"ImageObject\",\"inLanguage\":\"de\",\"@id\":\"https:\\\/\\\/naturapura.com\\\/de\\\/#\\\/schema\\\/logo\\\/image\\\/\",\"url\":\"https:\\\/\\\/i0.wp.com\\\/naturapura.com\\\/wp-content\\\/uploads\\\/2023\\\/09\\\/logo-NP-bebe.png?fit=481%2C101&ssl=1\",\"contentUrl\":\"https:\\\/\\\/i0.wp.com\\\/naturapura.com\\\/wp-content\\\/uploads\\\/2023\\\/09\\\/logo-NP-bebe.png?fit=481%2C101&ssl=1\",\"width\":481,\"height\":101,\"caption\":\"NATURAPURA\"},\"image\":{\"@id\":\"https:\\\/\\\/naturapura.com\\\/de\\\/#\\\/schema\\\/logo\\\/image\\\/\"}}]}<\/script>\n<!-- \/ Yoast SEO plugin. -->","yoast_head_json":{"title":"NATURAPURA GESCHENKKARTE - NaturaPura","robots":{"index":"index","follow":"follow","max-snippet":"max-snippet:-1","max-image-preview":"max-image-preview:large","max-video-preview":"max-video-preview:-1"},"canonical":"https:\/\/naturapura.com\/de\/naturapura-geschenkkarte\/","og_locale":"de_DE","og_type":"article","og_title":"NATURAPURA GESCHENKKARTE - NaturaPura","og_url":"https:\/\/naturapura.com\/de\/naturapura-geschenkkarte\/","og_site_name":"NaturaPura","article_modified_time":"2021-01-18T15:29:04+00:00","twitter_card":"summary_large_image","twitter_misc":{"Gesch\u00e4tzte Lesezeit":"1\u00a0Minute"},"schema":{"@context":"https:\/\/schema.org","@graph":[{"@type":"WebPage","@id":"https:\/\/naturapura.com\/de\/naturapura-geschenkkarte\/","url":"https:\/\/naturapura.com\/de\/naturapura-geschenkkarte\/","name":"NATURAPURA GESCHENKKARTE - NaturaPura","isPartOf":{"@id":"https:\/\/naturapura.com\/de\/#website"},"datePublished":"2021-01-18T15:29:02+00:00","dateModified":"2021-01-18T15:29:04+00:00","breadcrumb":{"@id":"https:\/\/naturapura.com\/de\/naturapura-geschenkkarte\/#breadcrumb"},"inLanguage":"de","potentialAction":[{"@type":"ReadAction","target":["https:\/\/naturapura.com\/de\/naturapura-geschenkkarte\/"]}]},{"@type":"BreadcrumbList","@id":"https:\/\/naturapura.com\/de\/naturapura-geschenkkarte\/#breadcrumb","itemListElement":[{"@type":"ListItem","position":1,"name":"In\u00edcio","item":"https:\/\/naturapura.com\/de\/"},{"@type":"ListItem","position":2,"name":"NATURAPURA GESCHENKKARTE"}]},{"@type":"WebSite","@id":"https:\/\/naturapura.com\/de\/#website","url":"https:\/\/naturapura.com\/de\/","name":"NaturaPura","description":"Roupinha de Beb\u00e9 e Complementos em Org\u00e2nico","publisher":{"@id":"https:\/\/naturapura.com\/de\/#organization"},"potentialAction":[{"@type":"SearchAction","target":{"@type":"EntryPoint","urlTemplate":"https:\/\/naturapura.com\/de\/?s={search_term_string}"},"query-input":{"@type":"PropertyValueSpecification","valueRequired":true,"valueName":"search_term_string"}}],"inLanguage":"de"},{"@type":"Organization","@id":"https:\/\/naturapura.com\/de\/#organization","name":"NATURAPURA","url":"https:\/\/naturapura.com\/de\/","logo":{"@type":"ImageObject","inLanguage":"de","@id":"https:\/\/naturapura.com\/de\/#\/schema\/logo\/image\/","url":"https:\/\/i0.wp.com\/naturapura.com\/wp-content\/uploads\/2023\/09\/logo-NP-bebe.png?fit=481%2C101&ssl=1","contentUrl":"https:\/\/i0.wp.com\/naturapura.com\/wp-content\/uploads\/2023\/09\/logo-NP-bebe.png?fit=481%2C101&ssl=1","width":481,"height":101,"caption":"NATURAPURA"},"image":{"@id":"https:\/\/naturapura.com\/de\/#\/schema\/logo\/image\/"}}]}},"jetpack_sharing_enabled":true,"_links":{"self":[{"href":"https:\/\/naturapura.com\/de\/wp-json\/wp\/v2\/pages\/37418","targetHints":{"allow":["GET"]}}],"collection":[{"href":"https:\/\/naturapura.com\/de\/wp-json\/wp\/v2\/pages"}],"about":[{"href":"https:\/\/naturapura.com\/de\/wp-json\/wp\/v2\/types\/page"}],"author":[{"embeddable":true,"href":"https:\/\/naturapura.com\/de\/wp-json\/wp\/v2\/users\/18"}],"replies":[{"embeddable":true,"href":"https:\/\/naturapura.com\/de\/wp-json\/wp\/v2\/comments?post=37418"}],"version-history":[{"count":0,"href":"https:\/\/naturapura.com\/de\/wp-json\/wp\/v2\/pages\/37418\/revisions"}],"wp:attachment":[{"href":"https:\/\/naturapura.com\/de\/wp-json\/wp\/v2\/media?parent=37418"}],"curies":[{"name":"wp","href":"https:\/\/api.w.org\/{rel}","templated":true}]}}