{"id":33588,"date":"2020-09-14T09:43:15","date_gmt":"2020-09-14T09:43:15","guid":{"rendered":"https:\/\/naturapura.com\/schritte-zur-bestellung\/"},"modified":"2021-03-30T12:47:47","modified_gmt":"2021-03-30T12:47:47","slug":"schritte-zur-bestellung","status":"publish","type":"page","link":"https:\/\/naturapura.com\/de\/schritte-zur-bestellung\/","title":{"rendered":"Ablauf einer Bestellung"},"content":{"rendered":"\n<div class=\"row\"  id=\"row-1942324903\">\n\n\n\t<div id=\"col-1832508928\" class=\"col medium-1 small-12 large-1\"  >\n\t\t\t\t<div class=\"col-inner\"  >\n\t\t\t\n\t\t\t\n\n\n\t\t<\/div>\n\t\t\t\t\t<\/div>\n\n\t\n\n\t<div id=\"col-960005724\" class=\"col medium-10 small-12 large-10\"  >\n\t\t\t\t<div class=\"col-inner\"  >\n\t\t\t\n\t\t\t<h2 style=\"text-align: justify;\"><strong>Ablauf einer Bestellung<\/strong><\/h2>\r\n<h3 style=\"text-align: justify;\">REGISTRIEREN\/ANMELDEN<\/h3>\r\n<p style=\"text-align: justify;\">Wenn Sie <strong>noch nicht<\/strong> in unserem Online-Shop <strong>registriert <\/strong>sind, k\u00f6nnen Sie im oberen Men\u00fc (<strong>Anmelden \/ Registrieren<\/strong>) ein Konto erstellen. Sie k\u00f6nnen sich auch \u00fcber Ihr <strong>Google<\/strong>&#8211; oder <strong>Facebook<\/strong>-Konto mit der im <strong>Anmelde<\/strong>vorgang angegebenen Option anmelden.<\/p>\r\n<p style=\"text-align: justify;\">Sie sind bereits <strong>NaturaPura-<\/strong>Online-Kunde?<\/p>\r\n<p style=\"text-align: justify;\">Wenn Sie <strong>bereits<\/strong> in unserem Online-Shop <strong>registriert<\/strong> sind, <strong>melden<\/strong> Sie sich einfach mit Ihrer E-Mail-Adresse und Ihrem Passwort im oberen Men\u00fc (Anmelden \/ Registrieren) <strong>an<\/strong> oder greifen Sie \u00fcber Ihr<strong> Google<\/strong>&#8211; oder <strong>Facebook<\/strong>-Konto zu, indem Sie die im <strong>Anmelde<\/strong>vorgang angegebene Option verwenden.<\/p>\r\n<p style=\"text-align: justify;\"><strong>Passwort vergessen?<\/strong><\/p>\r\n<p style=\"text-align: justify;\">Machen Sie sich keine Sorgen! W\u00e4hrend des <strong>Anmelde<\/strong>vorgangs gibt es zu diesem Zweck eine Schaltfl\u00e4che &#8211; ,,<strong>Passwort vergessen?\u2018\u2018.<\/strong><\/p>\r\n<p style=\"text-align: justify;\">Nach diesem Vorgang erhalten Sie eine E-Mail an die E-Mail-Adresse, die Sie bei der Registrierung angegeben haben.<\/p>\r\n<p style=\"text-align: justify;\">Abschluss des Kaufvorgangs ohne Registrierung<\/p>\r\n<p style=\"text-align: justify;\">Wenn Sie den Kaufvorgang ohne Registrierung abschlie\u00dfen, k\u00f6nnen Sie dies dennoch tun, indem Sie <strong>direkt nach Eingabe der Rechnungsdaten <\/strong>,,<strong>Konto erstellen?\u2018\u2018 <\/strong>ausw\u00e4hlen. Falls Sie sich f\u00fcr diese Option entscheiden, <strong>erstellen<\/strong> wir <strong>automatisch ein Konto<\/strong> f\u00fcr Sie mit den Daten, die Sie uns zur Verf\u00fcgung gestellt haben.<\/p>\r\n<p style=\"text-align: justify;\">Sie <strong>k\u00f6nnen<\/strong> ebenfalls den <strong>Kauf ohne Registrierung durchf\u00fchren<\/strong>. In diesem Fall verwenden wir die von Ihnen angegebene E-Mail-Adresse, um Ihnen Folge-E-Mails zu senden, die unverz\u00fcglich mit der Bestellbest\u00e4tigungs-E-Mail beginnen.<\/p>\r\n<p style=\"text-align: justify;\">Aus Bequemlichkeits- und Sicherheitsgr\u00fcnden empfehlen wir, dass Sie immer alle angeforderten Daten eingeben, insbesondere die <strong>Handynummer<\/strong>, damit wir Sie bei Bedarf kontaktieren k\u00f6nnen.<\/p>\r\n\r\n<h3 style=\"text-align: justify;\">EINKAUFEN<\/h3>\r\n<p style=\"text-align: justify;\">Kaufen Sie nach <strong>Kategorien<\/strong> ein.<\/p>\r\n<p style=\"text-align: justify;\">Im oberen Men\u00fc suchen Sie in den verschiedenen Kategorien (<strong>Mutterschaftssets, Kleidung, Babyw\u00e4sche, Stofftiere<\/strong>\u2026) die Produkte, die Sie kaufen m\u00f6chten.<\/p>\r\n<p style=\"text-align: justify;\">W\u00e4hlen Sie ein Produkt aus, um weitere Informationen zu erhalten.<\/p>\r\n<p style=\"text-align: justify;\">Legen Sie die gew\u00fcnschten Artikel in Ihren Warenkorb. Vergessen Sie nicht, <strong>Menge, Farbe<\/strong> und <strong>Gr\u00f6\u00dfe<\/strong> anzugeben. Bei <strong>personalisierten Artikeln<\/strong> werden Sie nach dem Namen gefragt, den Sie f\u00fcr den ausgew\u00e4hlten Artikel m\u00f6chten.<\/p>\r\n<p style=\"text-align: justify;\">Sie k\u00f6nnen Ihrem Einkauf eine Geschenknachricht hinzuf\u00fcgen. Ihre Bestellung wird immer mit einer Geschenkbox an das gew\u00fcnschte Ziel gesendet. Auf diese Art k\u00f6nnen Sie mitteilen, was Ihnen am Herzen liegt.<\/p>\r\n<p style=\"text-align: justify;\">W\u00e4hlen Sie Ihren <strong>Warenkorb<\/strong>, indem Sie oben rechts auf das Symbol \u201eWarenkorb\u201c klicken. Dort finden Sie alle Informationen zu den ausgew\u00e4hlten Artikeln.<\/p>\r\n<p style=\"text-align: justify;\">W\u00e4hlen Sie ,,<strong>Kasse<\/strong>\u2018\u2018, um Ihre Bestellung abzuschlie\u00dfen. In diesem Schritt werden alle Informationen zu Zahlungen, Versandkosten und Produktmenge aufgef\u00fchrt.<\/p>\r\n<p style=\"text-align: justify;\"><strong>Steuern<\/strong>, einschlie\u00dflich <strong>Mehrwertsteuer,<\/strong> werden gem\u00e4\u03b2 der <strong>Lieferadresse <\/strong>berechnet und k\u00f6nnen bei <strong>Null<\/strong> liegen, wenn der Bestimmungsort der Bestellung <strong>au\u00dferhalb <\/strong>der <strong>Europ\u00e4ischen Union<\/strong> ist.<\/p>\r\nNachdem Sie Ihre Bestellung bezahlt haben, senden wir Ihnen ca. 10 Minuten nach dem Kauf eine Best\u00e4tigungs-E-Mail.\r\n<p style=\"text-align: justify;\">ZAHLUNGSM\u00d6GLICHKEITEN<\/p>\r\n<p style=\"text-align: justify;\">Zahlungen im NATURAPURA Online-Shop k\u00f6nnen nur wie folgt ausgef\u00fchrt werden:<\/p>\r\n\r\n<ul style=\"text-align: justify;\"><li><strong>Kreditkarten <\/strong>(via<strong> Stripe<\/strong>);<\/li>\r\n \t<li><strong>Paypal-Konto<\/strong>;<\/li>\r\n \t<li><strong>Girokonto<\/strong>;<\/li>\r\n \t<li><strong>Sofort<\/strong>.<\/li>\r\n<\/ul><p style=\"text-align: justify;\"><strong><u>ZAHLUNGEN MIT IHRER KREDITKARTE<\/u><\/strong><\/p>\r\n<p style=\"text-align: justify;\">Kreditkarten sind eine sichere Online-Bezahlart. Es werden folgende Karten akzeptiert: <strong>Visa, MasterCard<\/strong> und <strong>American Express<\/strong>.<\/p>\r\n<p style=\"text-align: justify;\">Wenn Sie diese Bezahlart w\u00e4hlen, geben Sie Folgendes ein, um die Zahlung abzuschlie\u00dfen:<\/p>\r\n\r\n<ul style=\"text-align: justify;\"><li><strong>Kreditkartennummer <\/strong>* (16 Ziffern).<\/li>\r\n \t<li>Ablaufdatum <strong>Monat \/ Jahr<\/strong> (Monat und Jahr mit jeweils 2 Ziffern) &#8211; Wenn beispielsweise das Ablaufdatum Ihrer Kreditkarte Dezember 2020 ist, sollten Sie Folgendes eingeben: 12\/20.<\/li>\r\n \t<li><strong>Sicherheitscode<\/strong> (<strong>CVV<\/strong> &#8211; 3 Ziffern)<\/li>\r\n<\/ul><p style=\"text-align: justify;\">Bestellungen m\u00fcssen vor dem Versand \u00fcberpr\u00fcft und angenommen werden. Die Belastung Ihrer Kreditkarte erfolgt, bevor Ihre Bestellung angenommen wird.<\/p>\r\n<p style=\"text-align: justify;\"><strong>NaturaPura<\/strong> haftet nicht f\u00fcr Tippfehler.<\/p>\r\n<p style=\"text-align: justify;\">* Geben Sie aus <strong>Sicherheitsgr\u00fcnden<\/strong> Ihre <strong>Kreditkartennummer<\/strong> <strong>nicht<\/strong> in der Korrespondenz per<strong> E-Mail <\/strong>ein.<\/p>\r\n<p style=\"text-align: justify;\"><strong><u>ZAHLUNGEN MIT IHREM PAYPAL-KONTO<\/u><\/strong><\/p>\r\n<p style=\"text-align: justify;\"><strong>PayPal <\/strong>wird ausschlie\u00dflich f\u00fcr Online-Eink\u00e4ufe verwendet. Mit einem <strong>PayPal<\/strong>-Konto k\u00f6nnen Sie w\u00e4hlen, ob Sie mit Ihrer Kreditkarte, Ihrem Bankkonto oder Ihrem <strong>PayPal<\/strong>-Kontostand bezahlen m\u00f6chten. W\u00e4hlen Sie ,,<strong>PayPal<\/strong>\u2018\u2018 und klicken Sie auf ,,Weiter zu <strong>Paypal<\/strong>\u2018\u2018. Wir f\u00fchren Sie zu einer <strong>PayPal<\/strong>-Seite, auf der Sie sich anmelden und Ihre Zahlung validieren m\u00fcssen.<\/p>\t\t<\/div>\n\t\t\t\t\t<\/div>\n\n\t\n\n<\/div>\n","protected":false},"excerpt":{"rendered":"","protected":false},"author":18,"featured_media":0,"parent":0,"menu_order":0,"comment_status":"closed","ping_status":"closed","template":"","meta":{"footnotes":""},"class_list":["post-33588","page","type-page","status-publish","hentry"],"yoast_head":"<!-- This site is optimized with the Yoast SEO plugin v27.3 - https:\/\/yoast.com\/product\/yoast-seo-wordpress\/ -->\n<title>Ablauf einer Bestellung - NaturaPura<\/title>\n<meta name=\"description\" content=\"Durchsuchen Sie im oberen Men\u00fc alle unsere Produktkategorien (Mutterschaftssets, Kleidung, Kindergarten, Spielzeug\u2026) nach denjenigen, die Sie kaufen m\u00f6chten.\" \/>\n<meta name=\"robots\" content=\"index, follow, max-snippet:-1, max-image-preview:large, max-video-preview:-1\" \/>\n<link rel=\"canonical\" href=\"https:\/\/naturapura.com\/de\/schritte-zur-bestellung\/\" \/>\n<meta property=\"og:locale\" content=\"de_DE\" \/>\n<meta property=\"og:type\" content=\"article\" \/>\n<meta property=\"og:title\" content=\"Ablauf einer Bestellung - NaturaPura\" \/>\n<meta property=\"og:description\" content=\"Durchsuchen Sie im oberen Men\u00fc alle unsere Produktkategorien (Mutterschaftssets, Kleidung, Kindergarten, Spielzeug\u2026) nach denjenigen, die Sie kaufen m\u00f6chten.\" \/>\n<meta property=\"og:url\" content=\"https:\/\/naturapura.com\/de\/schritte-zur-bestellung\/\" \/>\n<meta property=\"og:site_name\" content=\"NaturaPura\" \/>\n<meta property=\"article:modified_time\" content=\"2021-03-30T12:47:47+00:00\" \/>\n<meta name=\"twitter:card\" content=\"summary_large_image\" \/>\n<meta name=\"twitter:label1\" content=\"Gesch\u00e4tzte Lesezeit\" \/>\n\t<meta name=\"twitter:data1\" content=\"3\u00a0Minuten\" \/>\n<script type=\"application\/ld+json\" class=\"yoast-schema-graph\">{\"@context\":\"https:\\\/\\\/schema.org\",\"@graph\":[{\"@type\":\"WebPage\",\"@id\":\"https:\\\/\\\/naturapura.com\\\/de\\\/schritte-zur-bestellung\\\/\",\"url\":\"https:\\\/\\\/naturapura.com\\\/de\\\/schritte-zur-bestellung\\\/\",\"name\":\"Ablauf einer Bestellung - NaturaPura\",\"isPartOf\":{\"@id\":\"https:\\\/\\\/naturapura.com\\\/de\\\/#website\"},\"datePublished\":\"2020-09-14T09:43:15+00:00\",\"dateModified\":\"2021-03-30T12:47:47+00:00\",\"description\":\"Durchsuchen Sie im oberen Men\u00fc alle unsere Produktkategorien (Mutterschaftssets, Kleidung, Kindergarten, Spielzeug\u2026) nach denjenigen, die Sie kaufen m\u00f6chten.\",\"breadcrumb\":{\"@id\":\"https:\\\/\\\/naturapura.com\\\/de\\\/schritte-zur-bestellung\\\/#breadcrumb\"},\"inLanguage\":\"de\",\"potentialAction\":[{\"@type\":\"ReadAction\",\"target\":[\"https:\\\/\\\/naturapura.com\\\/de\\\/schritte-zur-bestellung\\\/\"]}]},{\"@type\":\"BreadcrumbList\",\"@id\":\"https:\\\/\\\/naturapura.com\\\/de\\\/schritte-zur-bestellung\\\/#breadcrumb\",\"itemListElement\":[{\"@type\":\"ListItem\",\"position\":1,\"name\":\"In\u00edcio\",\"item\":\"https:\\\/\\\/naturapura.com\\\/de\\\/\"},{\"@type\":\"ListItem\",\"position\":2,\"name\":\"Ablauf einer Bestellung\"}]},{\"@type\":\"WebSite\",\"@id\":\"https:\\\/\\\/naturapura.com\\\/de\\\/#website\",\"url\":\"https:\\\/\\\/naturapura.com\\\/de\\\/\",\"name\":\"NaturaPura\",\"description\":\"Roupinha de Beb\u00e9 e Complementos em Org\u00e2nico\",\"publisher\":{\"@id\":\"https:\\\/\\\/naturapura.com\\\/de\\\/#organization\"},\"potentialAction\":[{\"@type\":\"SearchAction\",\"target\":{\"@type\":\"EntryPoint\",\"urlTemplate\":\"https:\\\/\\\/naturapura.com\\\/de\\\/?s={search_term_string}\"},\"query-input\":{\"@type\":\"PropertyValueSpecification\",\"valueRequired\":true,\"valueName\":\"search_term_string\"}}],\"inLanguage\":\"de\"},{\"@type\":\"Organization\",\"@id\":\"https:\\\/\\\/naturapura.com\\\/de\\\/#organization\",\"name\":\"NATURAPURA\",\"url\":\"https:\\\/\\\/naturapura.com\\\/de\\\/\",\"logo\":{\"@type\":\"ImageObject\",\"inLanguage\":\"de\",\"@id\":\"https:\\\/\\\/naturapura.com\\\/de\\\/#\\\/schema\\\/logo\\\/image\\\/\",\"url\":\"https:\\\/\\\/i0.wp.com\\\/naturapura.com\\\/wp-content\\\/uploads\\\/2023\\\/09\\\/logo-NP-bebe.png?fit=481%2C101&ssl=1\",\"contentUrl\":\"https:\\\/\\\/i0.wp.com\\\/naturapura.com\\\/wp-content\\\/uploads\\\/2023\\\/09\\\/logo-NP-bebe.png?fit=481%2C101&ssl=1\",\"width\":481,\"height\":101,\"caption\":\"NATURAPURA\"},\"image\":{\"@id\":\"https:\\\/\\\/naturapura.com\\\/de\\\/#\\\/schema\\\/logo\\\/image\\\/\"}}]}<\/script>\n<!-- \/ Yoast SEO plugin. -->","yoast_head_json":{"title":"Ablauf einer Bestellung - NaturaPura","description":"Durchsuchen Sie im oberen Men\u00fc alle unsere Produktkategorien (Mutterschaftssets, Kleidung, Kindergarten, Spielzeug\u2026) nach denjenigen, die Sie kaufen m\u00f6chten.","robots":{"index":"index","follow":"follow","max-snippet":"max-snippet:-1","max-image-preview":"max-image-preview:large","max-video-preview":"max-video-preview:-1"},"canonical":"https:\/\/naturapura.com\/de\/schritte-zur-bestellung\/","og_locale":"de_DE","og_type":"article","og_title":"Ablauf einer Bestellung - NaturaPura","og_description":"Durchsuchen Sie im oberen Men\u00fc alle unsere Produktkategorien (Mutterschaftssets, Kleidung, Kindergarten, Spielzeug\u2026) nach denjenigen, die Sie kaufen m\u00f6chten.","og_url":"https:\/\/naturapura.com\/de\/schritte-zur-bestellung\/","og_site_name":"NaturaPura","article_modified_time":"2021-03-30T12:47:47+00:00","twitter_card":"summary_large_image","twitter_misc":{"Gesch\u00e4tzte Lesezeit":"3\u00a0Minuten"},"schema":{"@context":"https:\/\/schema.org","@graph":[{"@type":"WebPage","@id":"https:\/\/naturapura.com\/de\/schritte-zur-bestellung\/","url":"https:\/\/naturapura.com\/de\/schritte-zur-bestellung\/","name":"Ablauf einer Bestellung - NaturaPura","isPartOf":{"@id":"https:\/\/naturapura.com\/de\/#website"},"datePublished":"2020-09-14T09:43:15+00:00","dateModified":"2021-03-30T12:47:47+00:00","description":"Durchsuchen Sie im oberen Men\u00fc alle unsere Produktkategorien (Mutterschaftssets, Kleidung, Kindergarten, Spielzeug\u2026) nach denjenigen, die Sie kaufen m\u00f6chten.","breadcrumb":{"@id":"https:\/\/naturapura.com\/de\/schritte-zur-bestellung\/#breadcrumb"},"inLanguage":"de","potentialAction":[{"@type":"ReadAction","target":["https:\/\/naturapura.com\/de\/schritte-zur-bestellung\/"]}]},{"@type":"BreadcrumbList","@id":"https:\/\/naturapura.com\/de\/schritte-zur-bestellung\/#breadcrumb","itemListElement":[{"@type":"ListItem","position":1,"name":"In\u00edcio","item":"https:\/\/naturapura.com\/de\/"},{"@type":"ListItem","position":2,"name":"Ablauf einer Bestellung"}]},{"@type":"WebSite","@id":"https:\/\/naturapura.com\/de\/#website","url":"https:\/\/naturapura.com\/de\/","name":"NaturaPura","description":"Roupinha de Beb\u00e9 e Complementos em Org\u00e2nico","publisher":{"@id":"https:\/\/naturapura.com\/de\/#organization"},"potentialAction":[{"@type":"SearchAction","target":{"@type":"EntryPoint","urlTemplate":"https:\/\/naturapura.com\/de\/?s={search_term_string}"},"query-input":{"@type":"PropertyValueSpecification","valueRequired":true,"valueName":"search_term_string"}}],"inLanguage":"de"},{"@type":"Organization","@id":"https:\/\/naturapura.com\/de\/#organization","name":"NATURAPURA","url":"https:\/\/naturapura.com\/de\/","logo":{"@type":"ImageObject","inLanguage":"de","@id":"https:\/\/naturapura.com\/de\/#\/schema\/logo\/image\/","url":"https:\/\/i0.wp.com\/naturapura.com\/wp-content\/uploads\/2023\/09\/logo-NP-bebe.png?fit=481%2C101&ssl=1","contentUrl":"https:\/\/i0.wp.com\/naturapura.com\/wp-content\/uploads\/2023\/09\/logo-NP-bebe.png?fit=481%2C101&ssl=1","width":481,"height":101,"caption":"NATURAPURA"},"image":{"@id":"https:\/\/naturapura.com\/de\/#\/schema\/logo\/image\/"}}]}},"jetpack_sharing_enabled":true,"_links":{"self":[{"href":"https:\/\/naturapura.com\/de\/wp-json\/wp\/v2\/pages\/33588","targetHints":{"allow":["GET"]}}],"collection":[{"href":"https:\/\/naturapura.com\/de\/wp-json\/wp\/v2\/pages"}],"about":[{"href":"https:\/\/naturapura.com\/de\/wp-json\/wp\/v2\/types\/page"}],"author":[{"embeddable":true,"href":"https:\/\/naturapura.com\/de\/wp-json\/wp\/v2\/users\/18"}],"replies":[{"embeddable":true,"href":"https:\/\/naturapura.com\/de\/wp-json\/wp\/v2\/comments?post=33588"}],"version-history":[{"count":0,"href":"https:\/\/naturapura.com\/de\/wp-json\/wp\/v2\/pages\/33588\/revisions"}],"wp:attachment":[{"href":"https:\/\/naturapura.com\/de\/wp-json\/wp\/v2\/media?parent=33588"}],"curies":[{"name":"wp","href":"https:\/\/api.w.org\/{rel}","templated":true}]}}