{"id":33581,"date":"2020-09-14T09:23:37","date_gmt":"2020-09-14T09:23:37","guid":{"rendered":"https:\/\/naturapura.com\/unsere-bio-baumwolle-fur-baby\/"},"modified":"2020-11-11T12:27:04","modified_gmt":"2020-11-11T12:27:04","slug":"unsere-bio-baumwolle-fur-baby-2","status":"publish","type":"page","link":"https:\/\/naturapura.com\/de\/unsere-bio-baumwolle-fur-baby-2\/","title":{"rendered":"Unsere Bio-Baumwolle f\u00fcr Baby"},"content":{"rendered":"\n<div class=\"row\"  id=\"row-450662741\">\n\n\n\t<div id=\"col-1927203896\" class=\"col medium-1 small-12 large-1\"  >\n\t\t\t\t<div class=\"col-inner\"  >\n\t\t\t\n\t\t\t\n\n\n\t\t<\/div>\n\t\t\t\t\t<\/div>\n\n\t\n\n\t<div id=\"col-149097940\" class=\"col medium-10 small-12 large-10\"  >\n\t\t\t\t<div class=\"col-inner\"  >\n\t\t\t\n\t\t\t<h1 style=\"text-align: justify;\"><strong>5 Gr\u00fcnde, sich f\u00fcr NaturaPura Bio-Baumwolle zu entscheiden<\/strong><\/h1>\r\n<p style=\"text-align: justify;\"><strong>Bio-Baumwolle<\/strong> in ihren <strong>nat\u00fcrlichen Farben ohne Chemikalien<\/strong> ist der Rohstoff, den <strong>NaturaPura<\/strong> &#8211; eine Marke umweltfreundlicher Produkte &#8211; f\u00fcr die Entwicklung von<strong> Babykleidung<\/strong> und Zubeh\u00f6r ausgew\u00e4hlt hat. Unsere <strong>Bodys<\/strong> und <strong>Strampelanz\u00fcge <\/strong>z.B., sind ideal f\u00fcr die <strong>empfindliche Haut<\/strong> des Babys, sowie unser kuscheliges,<strong> ungiftiges<\/strong> und <strong>sicheres Spielzeug<\/strong>, mit dem das Baby sicher schlafen und problemlos in den Mund nehmen kann.<\/p>\r\n<p style=\"text-align: justify;\">Die nat\u00fcrlichen Farben der Bio-Baumwolle sind <strong>ecru, gr\u00fcn und braun<\/strong>. Wenn diese Baumwolle in ihren nat\u00fcrlichen Farben verwendet wird, werden keine Chemikalien f\u00fcr die Babykleidung benutzt.<\/p>\r\n<p><img data-recalc-dims=\"1\" decoding=\"async\" class=\"wp-image-20003 aligncenter\" src=\"https:\/\/i0.wp.com\/naturapura.com\/wp-content\/uploads\/2020\/01\/Organic-Cotton.jpg?resize=246%2C191&#038;ssl=1\" alt=\"\" width=\"246\" height=\"191\" srcset=\"https:\/\/i0.wp.com\/naturapura.com\/wp-content\/uploads\/2020\/01\/Organic-Cotton.jpg?resize=300%2C233&amp;ssl=1 300w, https:\/\/i0.wp.com\/naturapura.com\/wp-content\/uploads\/2020\/01\/Organic-Cotton.jpg?resize=510%2C396&amp;ssl=1 510w, https:\/\/i0.wp.com\/naturapura.com\/wp-content\/uploads\/2020\/01\/Organic-Cotton.jpg?w=526&amp;ssl=1 526w\" sizes=\"(max-width: 246px) 100vw, 246px\" \/><\/p>\r\n<p style=\"text-align: center;\">Die nat\u00fcrlichen Farben unserer Bio-Baumwolle.<\/p>\r\n<p style=\"text-align: justify;\"><strong>Unser Abenteuer begann 1999<\/strong> mit dem Ziel, <strong>gesunde, bequeme und praktische Babykleidung<\/strong> zu entwickeln. Unsere Erfahrung als V\u00e4ter und M\u00fctter hat uns dazu inspiriert, jedes Objekt in unseren Kollektionen unter Ber\u00fccksichtigung folgender Punkte zu kreieren:\u00a0<\/p>\r\n<ol style=\"text-align: justify;\"><li>Die <strong>Haut des Babys<\/strong>, sehr <strong>empfindlich<\/strong>, leicht reizbar, allergisch, mit atopischer Dermatitis, von der heute zwischen 10 und 20% der Kinder in der westlichen Welt betroffen sind;\u00a0<\/li>\r\n<li>Der <strong>Mund und die langfristige Gesundheit<\/strong> der Babys, die daf\u00fcr bekannt sind, alles in den Mund zu nehmen. Sch\u00e4dliche Chemikalien wie Schwermetalle k\u00f6nnen ihre Gesundheit erheblich sch\u00e4digen.<\/li>\r\n<li>Der <strong style=\"color: #555555;\">Komfort des Babys<\/strong><span style=\"color: #555555;\">: wir wissen, dass es einen Gro\u00dfteil seiner Zeit im Liegen verbringt; <\/span><\/li>\r\n<li><strong style=\"color: #555555;\">Bio-Baumwolle<\/strong><span style=\"color: #555555;\"> und ihre Eigenschaften als Rohstoff;<\/span><\/li>\r\n<li><strong style=\"color: #555555;\">Unser Planet<\/strong><span style=\"color: #555555;\"> und ,,es gibt keinen Planeten B!\u2018\u2018.<\/span><\/li>\r\n<\/ol><p style=\"text-align: justify;\">Wir haben uns daf\u00fcr entschieden, nur das <strong>ultra-nat\u00fcrliche Material, <\/strong>das aus <strong>Bio-Baumwolle<\/strong> gewonnen wird, zu verwenden, und zwar<strong> ohne Chemikalien<\/strong>, in ihren nat\u00fcrlichen Farben und <strong>ohne Farbstoffe<\/strong>!<\/p>\r\n<p style=\"text-align: justify;\">Heute bieten wir eine gro\u00dfe Auswahl an <strong>Babykleidung <\/strong>und Zubeh\u00f6r f\u00fcr <strong>Fr\u00fchgeborene<\/strong> und Kleinkinder an, die sorgf\u00e4ltig entworfen und mit gr\u00f6\u00dfter Sorgfalt verbessert wurden.<\/p>\r\n<h2 style=\"text-align: justify;\"><strong>Qualit\u00e4tskontrolle<\/strong><\/h2>\r\n<p style=\"text-align: justify;\">Unsere Produkte werden in Portugal hergestellt. <strong>NaturaPura<\/strong>, ein Unternehmen mit <strong>Qualit\u00e4tssicherungssiegel<\/strong>, ist mit dem <a href=\"http:\/\/ec.europa.eu\/ecat\/products\/en\/21992\/naturapura-iberica---prod\"><strong>Ecolabel\u00a0(Europ\u00e4isches Umweltzeichen)<\/strong><\/a> zertifiziert, eine Leistung, die nur sehr wenige Unternehmen aufgrund der sehr engen und strengen Kriterien erbringen.\u00a0<\/p>\r\n<p style=\"text-align: justify;\">Da <strong>NaturaPura<\/strong> vorrangig auf das <strong>Wohlbefinden, den Komfort<\/strong> und <strong>die Gesundheit<\/strong> unserer <strong>Babys<\/strong> Wert legt, werden unsere Produkte auch <strong>dermatologisch getestet<\/strong>.\u00a0<\/p>\r\n<p style=\"text-align: justify;\">Es ist bekannt, dass die Dermis des Babys bei der Geburt 40-60% d\u00fcnner als die eines Erwachsenen ist. Deshalb ist sie sehr empfindlich beim Kontakt mit Substanzen und Reizungen k\u00f6nnen erscheinen. Andererseits haben Babys noch keine Schutzbarriere oder entwickelte Schwei\u00dfdr\u00fcsen. Daher sind sowohl Hautreizungen als auch Hautallergien sehr verbreitet, die meistens durch Stoffe verursacht werden, die in Babykleidung verwendet werden oder durch Hygieneprodukte und manchmal durch einige Lebensmittelprodukte.<\/p>\r\n<p style=\"text-align: justify;\">Hier bei NaturaPura <strong>stellen wir sicher<\/strong>, dass <strong>unsere Produkte die Haut Ihres Babys nicht reizen<\/strong> und daher f\u00fcr <strong>empfindliche Haut<\/strong> geeignet sind, die zu Allergien und Atopien neigt.<\/p>\r\n<h2 style=\"text-align: justify;\"><strong>Unsere Bekleidungswaren<\/strong><\/h2>\r\n<ul style=\"text-align: justify;\"><li><strong>100% Bio-Baumwolle in nat\u00fcrlichen Farben<\/strong>\u2013\u00a0<strong>ecru<\/strong>,\u00a0<strong>gr\u00fcn<\/strong>\u00a0und\u00a0<strong>braun;<\/strong><\/li>\r\n<li>Ungef\u00e4rbt;<\/li>\r\n<li><strong>Ohne Chemikalien;<\/strong><\/li>\r\n<li>Nur mit\u00a0<strong>100%igen Baumwollf\u00e4den <\/strong><strong>gen\u00e4ht<\/strong>, um die Babyhaut nicht zu reizen;<\/li>\r\n<li><strong>Hose\u00a0<\/strong>f\u00fcr Neugeborene\u00a0<strong>ohne Gummizug<\/strong>an der Taille (um keinen Schaden im Nabelschnurbereich zu verursachen);<\/li>\r\n<li><strong>Etiketten\u00a0<\/strong>an der <strong>Au<\/strong><strong>\u03b2<\/strong><strong>enseite <\/strong><strong>der Kleidungsst\u00fccke<\/strong>, um nicht zu kratzen;<\/li>\r\n<li><strong>Bodys\u00a0<\/strong>f\u00fcr Neugeborene mit\u00a0<strong>frontaler \u00d6ffnung<\/strong>;<\/li>\r\n<li>Altersgerechte und <strong>leicht zu tragende Artikel<\/strong>;<\/li>\r\n<li><strong>Viele\u00a0<\/strong>unserer Strickwaren haben <strong>keine N\u00e4hte<\/strong>;<\/li>\r\n<li><strong>Dermatologisch getestet\u00a0<\/strong>\u2013 Ideal f\u00fcr\u00a0<strong>sensible Haut<\/strong>, die an Allergien, Dermatosen, Ekzemen oder Atopien leiden kann.<\/li>\r\n<\/ul><h2 style=\"text-align: justify;\"><strong>NaturaPura Stoffspielzeug<\/strong><\/h2>\r\n<p style=\"text-align: justify;\"><strong>Was macht Ihr Baby, wenn es zum ersten Mal nach einem neuen Spielzeug greift? <\/strong><\/p>\r\n<p style=\"text-align: justify;\">Es wird\u00a0es in seinen <strong>Mund stecken<\/strong>!<\/p>\r\n<p style=\"text-align: justify;\">Wir wissen das! Deshalb sind unsere Spielzeuge ungiftig! Sie sind kuschelig, aus ungef\u00e4rbter Bio-Baumwolle, in ihren nat\u00fcrlichen Farben und wurden sorgf\u00e4ltig entworfen und getestet, um sicherzustellen, dass sie 100% sicher sind, damit Ihr Baby sie in den Mund nehmen oder damit schlafen kann. Sie sind die einzigen Spielzeuge auf dem Markt, mit denen Sie sorgenfrei Ihr Baby spielen lassen k\u00f6nnen! Sie haben keine Chemikalien oder Pigmente!<\/p>\r\n<h2 style=\"text-align: justify;\"><strong>Ungef\u00e4rbte Bio-Baumwolle und \u00f6kologische Nachhaltigkeit<\/strong><\/h2>\r\n<p style=\"text-align: justify;\">Unser Ziel geht \u00fcber die Pflege unserer Babys hinaus. Wir nehmen <strong>Umweltschutz<\/strong> und<strong> Nachhaltigkei<\/strong>t sehr ernst und arbeiten daran, einen besseren, <strong>ges\u00fcnderen Planeten<\/strong> f\u00fcr zuk\u00fcnftige Generationen und f\u00fcr die Zukunft unserer Babys zu schaffen.\u00a0<\/p>\r\n<p style=\"text-align: justify;\">Aus diesen Gr\u00fcnden stellen wir sicher, dass unser <strong>Produktionsprozess \u00f6kologisch zertifiziert<\/strong> ist, und dass die von uns verwendete <strong>Baumwolle keine<\/strong> umweltsch\u00e4dlichen <strong>Chemikalien<\/strong> enth\u00e4lt: vom Anbau \u00fcber die Ernte bis zur Herstellung.\u00a0<\/p>\r\n<p style=\"text-align: justify;\">Zu\u00a0 bemerken ist, dass ein <strong>NaturaPura<\/strong>-Produkt im Vergleich zu einem Produkt aus herk\u00f6mmlicher und gef\u00e4rbter Baumwolle im Durchschnitt Folgendes<strong> spart<\/strong>:<\/p>\r\n<ul style=\"text-align: justify;\"><li><strong>60%\u00a0<\/strong>des <strong>Wasserverbrauchs<\/strong>;<\/li>\r\n<li><strong>30%\u00a0<\/strong>der <strong>Energie.<\/strong><\/li>\r\n<\/ul><p style=\"text-align: justify;\">Wussten Sie, dass weltweit rund <strong>25% der Pestizide<\/strong> f\u00fcr den Anbau konventioneller <strong>Baumwolle<\/strong> verwendet werden?\u00a0<\/p>\r\n<p style=\"text-align: justify;\">NaturaPura-Baumwolle verwendet <strong>keine Pestizide<\/strong> und <strong>Herbizide<\/strong> und <strong>NaturaPura verwendet keine Chemikalien<\/strong> bei der Herstellung seiner Kleidungsst\u00fccke, weil es seine Produkte nicht f\u00e4rbt (es werden nur die <strong>nat\u00fcrlichen Farben der Baumwolle<\/strong> verwendet).<\/p>\t\t<\/div>\n\t\t\t\t\t<\/div>\n\n\t\n\n<\/div>\n\n","protected":false},"excerpt":{"rendered":"","protected":false},"author":18,"featured_media":0,"parent":0,"menu_order":0,"comment_status":"closed","ping_status":"closed","template":"","meta":{"footnotes":""},"class_list":["post-33581","page","type-page","status-publish","hentry"],"yoast_head":"<!-- This site is optimized with the Yoast SEO plugin v27.4 - https:\/\/yoast.com\/product\/yoast-seo-wordpress\/ -->\n<title>Unsere Bio-Baumwolle f\u00fcr Baby - NaturaPura<\/title>\n<meta name=\"description\" content=\"Bio-Baumwolle in ihren nat\u00fcrlichen Farben ohne Chemikalien, die f\u00fcr die Gesundheit von Babys am besten geeignet ist, wurde von NaturaPura als Rohstoff ausgew\u00e4hlt.\" \/>\n<meta name=\"robots\" content=\"index, follow, max-snippet:-1, max-image-preview:large, max-video-preview:-1\" \/>\n<link rel=\"canonical\" href=\"https:\/\/naturapura.com\/de\/unsere-bio-baumwolle-fur-baby-2\/\" \/>\n<meta property=\"og:locale\" content=\"de_DE\" \/>\n<meta property=\"og:type\" content=\"article\" \/>\n<meta property=\"og:title\" content=\"Unsere Bio-Baumwolle f\u00fcr Baby - NaturaPura\" \/>\n<meta property=\"og:description\" content=\"Bio-Baumwolle in ihren nat\u00fcrlichen Farben ohne Chemikalien, die f\u00fcr die Gesundheit von Babys am besten geeignet ist, wurde von NaturaPura als Rohstoff ausgew\u00e4hlt.\" \/>\n<meta property=\"og:url\" content=\"https:\/\/naturapura.com\/de\/unsere-bio-baumwolle-fur-baby-2\/\" \/>\n<meta property=\"og:site_name\" content=\"NaturaPura\" \/>\n<meta property=\"article:modified_time\" content=\"2020-11-11T12:27:04+00:00\" \/>\n<meta property=\"og:image\" content=\"https:\/\/naturapura.com\/wp-content\/uploads\/2020\/01\/Organic-Cotton-300x233.jpg\" \/>\n<meta name=\"twitter:card\" content=\"summary_large_image\" \/>\n<meta name=\"twitter:label1\" content=\"Gesch\u00e4tzte Lesezeit\" \/>\n\t<meta name=\"twitter:data1\" content=\"4\u00a0Minuten\" \/>\n<script type=\"application\/ld+json\" class=\"yoast-schema-graph\">{\"@context\":\"https:\\\/\\\/schema.org\",\"@graph\":[{\"@type\":\"WebPage\",\"@id\":\"https:\\\/\\\/naturapura.com\\\/de\\\/unsere-bio-baumwolle-fur-baby-2\\\/\",\"url\":\"https:\\\/\\\/naturapura.com\\\/de\\\/unsere-bio-baumwolle-fur-baby-2\\\/\",\"name\":\"Unsere Bio-Baumwolle f\u00fcr Baby - NaturaPura\",\"isPartOf\":{\"@id\":\"https:\\\/\\\/naturapura.com\\\/de\\\/#website\"},\"primaryImageOfPage\":{\"@id\":\"https:\\\/\\\/naturapura.com\\\/de\\\/unsere-bio-baumwolle-fur-baby-2\\\/#primaryimage\"},\"image\":{\"@id\":\"https:\\\/\\\/naturapura.com\\\/de\\\/unsere-bio-baumwolle-fur-baby-2\\\/#primaryimage\"},\"thumbnailUrl\":\"https:\\\/\\\/naturapura.com\\\/wp-content\\\/uploads\\\/2020\\\/01\\\/Organic-Cotton-300x233.jpg\",\"datePublished\":\"2020-09-14T09:23:37+00:00\",\"dateModified\":\"2020-11-11T12:27:04+00:00\",\"description\":\"Bio-Baumwolle in ihren nat\u00fcrlichen Farben ohne Chemikalien, die f\u00fcr die Gesundheit von Babys am besten geeignet ist, wurde von NaturaPura als Rohstoff ausgew\u00e4hlt.\",\"breadcrumb\":{\"@id\":\"https:\\\/\\\/naturapura.com\\\/de\\\/unsere-bio-baumwolle-fur-baby-2\\\/#breadcrumb\"},\"inLanguage\":\"de\",\"potentialAction\":[{\"@type\":\"ReadAction\",\"target\":[\"https:\\\/\\\/naturapura.com\\\/de\\\/unsere-bio-baumwolle-fur-baby-2\\\/\"]}]},{\"@type\":\"ImageObject\",\"inLanguage\":\"de\",\"@id\":\"https:\\\/\\\/naturapura.com\\\/de\\\/unsere-bio-baumwolle-fur-baby-2\\\/#primaryimage\",\"url\":\"https:\\\/\\\/naturapura.com\\\/wp-content\\\/uploads\\\/2020\\\/01\\\/Organic-Cotton-300x233.jpg\",\"contentUrl\":\"https:\\\/\\\/naturapura.com\\\/wp-content\\\/uploads\\\/2020\\\/01\\\/Organic-Cotton-300x233.jpg\"},{\"@type\":\"BreadcrumbList\",\"@id\":\"https:\\\/\\\/naturapura.com\\\/de\\\/unsere-bio-baumwolle-fur-baby-2\\\/#breadcrumb\",\"itemListElement\":[{\"@type\":\"ListItem\",\"position\":1,\"name\":\"In\u00edcio\",\"item\":\"https:\\\/\\\/naturapura.com\\\/de\\\/\"},{\"@type\":\"ListItem\",\"position\":2,\"name\":\"Unsere Bio-Baumwolle f\u00fcr Baby\"}]},{\"@type\":\"WebSite\",\"@id\":\"https:\\\/\\\/naturapura.com\\\/de\\\/#website\",\"url\":\"https:\\\/\\\/naturapura.com\\\/de\\\/\",\"name\":\"NaturaPura\",\"description\":\"Roupinha de Beb\u00e9 e Complementos em Org\u00e2nico\",\"publisher\":{\"@id\":\"https:\\\/\\\/naturapura.com\\\/de\\\/#organization\"},\"potentialAction\":[{\"@type\":\"SearchAction\",\"target\":{\"@type\":\"EntryPoint\",\"urlTemplate\":\"https:\\\/\\\/naturapura.com\\\/de\\\/?s={search_term_string}\"},\"query-input\":{\"@type\":\"PropertyValueSpecification\",\"valueRequired\":true,\"valueName\":\"search_term_string\"}}],\"inLanguage\":\"de\"},{\"@type\":\"Organization\",\"@id\":\"https:\\\/\\\/naturapura.com\\\/de\\\/#organization\",\"name\":\"NATURAPURA\",\"url\":\"https:\\\/\\\/naturapura.com\\\/de\\\/\",\"logo\":{\"@type\":\"ImageObject\",\"inLanguage\":\"de\",\"@id\":\"https:\\\/\\\/naturapura.com\\\/de\\\/#\\\/schema\\\/logo\\\/image\\\/\",\"url\":\"https:\\\/\\\/i0.wp.com\\\/naturapura.com\\\/wp-content\\\/uploads\\\/2023\\\/09\\\/logo-NP-bebe.png?fit=481%2C101&ssl=1\",\"contentUrl\":\"https:\\\/\\\/i0.wp.com\\\/naturapura.com\\\/wp-content\\\/uploads\\\/2023\\\/09\\\/logo-NP-bebe.png?fit=481%2C101&ssl=1\",\"width\":481,\"height\":101,\"caption\":\"NATURAPURA\"},\"image\":{\"@id\":\"https:\\\/\\\/naturapura.com\\\/de\\\/#\\\/schema\\\/logo\\\/image\\\/\"}}]}<\/script>\n<!-- \/ Yoast SEO plugin. -->","yoast_head_json":{"title":"Unsere Bio-Baumwolle f\u00fcr Baby - NaturaPura","description":"Bio-Baumwolle in ihren nat\u00fcrlichen Farben ohne Chemikalien, die f\u00fcr die Gesundheit von Babys am besten geeignet ist, wurde von NaturaPura als Rohstoff ausgew\u00e4hlt.","robots":{"index":"index","follow":"follow","max-snippet":"max-snippet:-1","max-image-preview":"max-image-preview:large","max-video-preview":"max-video-preview:-1"},"canonical":"https:\/\/naturapura.com\/de\/unsere-bio-baumwolle-fur-baby-2\/","og_locale":"de_DE","og_type":"article","og_title":"Unsere Bio-Baumwolle f\u00fcr Baby - NaturaPura","og_description":"Bio-Baumwolle in ihren nat\u00fcrlichen Farben ohne Chemikalien, die f\u00fcr die Gesundheit von Babys am besten geeignet ist, wurde von NaturaPura als Rohstoff ausgew\u00e4hlt.","og_url":"https:\/\/naturapura.com\/de\/unsere-bio-baumwolle-fur-baby-2\/","og_site_name":"NaturaPura","article_modified_time":"2020-11-11T12:27:04+00:00","og_image":[{"url":"https:\/\/naturapura.com\/wp-content\/uploads\/2020\/01\/Organic-Cotton-300x233.jpg","type":"","width":"","height":""}],"twitter_card":"summary_large_image","twitter_misc":{"Gesch\u00e4tzte Lesezeit":"4\u00a0Minuten"},"schema":{"@context":"https:\/\/schema.org","@graph":[{"@type":"WebPage","@id":"https:\/\/naturapura.com\/de\/unsere-bio-baumwolle-fur-baby-2\/","url":"https:\/\/naturapura.com\/de\/unsere-bio-baumwolle-fur-baby-2\/","name":"Unsere Bio-Baumwolle f\u00fcr Baby - NaturaPura","isPartOf":{"@id":"https:\/\/naturapura.com\/de\/#website"},"primaryImageOfPage":{"@id":"https:\/\/naturapura.com\/de\/unsere-bio-baumwolle-fur-baby-2\/#primaryimage"},"image":{"@id":"https:\/\/naturapura.com\/de\/unsere-bio-baumwolle-fur-baby-2\/#primaryimage"},"thumbnailUrl":"https:\/\/naturapura.com\/wp-content\/uploads\/2020\/01\/Organic-Cotton-300x233.jpg","datePublished":"2020-09-14T09:23:37+00:00","dateModified":"2020-11-11T12:27:04+00:00","description":"Bio-Baumwolle in ihren nat\u00fcrlichen Farben ohne Chemikalien, die f\u00fcr die Gesundheit von Babys am besten geeignet ist, wurde von NaturaPura als Rohstoff ausgew\u00e4hlt.","breadcrumb":{"@id":"https:\/\/naturapura.com\/de\/unsere-bio-baumwolle-fur-baby-2\/#breadcrumb"},"inLanguage":"de","potentialAction":[{"@type":"ReadAction","target":["https:\/\/naturapura.com\/de\/unsere-bio-baumwolle-fur-baby-2\/"]}]},{"@type":"ImageObject","inLanguage":"de","@id":"https:\/\/naturapura.com\/de\/unsere-bio-baumwolle-fur-baby-2\/#primaryimage","url":"https:\/\/naturapura.com\/wp-content\/uploads\/2020\/01\/Organic-Cotton-300x233.jpg","contentUrl":"https:\/\/naturapura.com\/wp-content\/uploads\/2020\/01\/Organic-Cotton-300x233.jpg"},{"@type":"BreadcrumbList","@id":"https:\/\/naturapura.com\/de\/unsere-bio-baumwolle-fur-baby-2\/#breadcrumb","itemListElement":[{"@type":"ListItem","position":1,"name":"In\u00edcio","item":"https:\/\/naturapura.com\/de\/"},{"@type":"ListItem","position":2,"name":"Unsere Bio-Baumwolle f\u00fcr Baby"}]},{"@type":"WebSite","@id":"https:\/\/naturapura.com\/de\/#website","url":"https:\/\/naturapura.com\/de\/","name":"NaturaPura","description":"Roupinha de Beb\u00e9 e Complementos em Org\u00e2nico","publisher":{"@id":"https:\/\/naturapura.com\/de\/#organization"},"potentialAction":[{"@type":"SearchAction","target":{"@type":"EntryPoint","urlTemplate":"https:\/\/naturapura.com\/de\/?s={search_term_string}"},"query-input":{"@type":"PropertyValueSpecification","valueRequired":true,"valueName":"search_term_string"}}],"inLanguage":"de"},{"@type":"Organization","@id":"https:\/\/naturapura.com\/de\/#organization","name":"NATURAPURA","url":"https:\/\/naturapura.com\/de\/","logo":{"@type":"ImageObject","inLanguage":"de","@id":"https:\/\/naturapura.com\/de\/#\/schema\/logo\/image\/","url":"https:\/\/i0.wp.com\/naturapura.com\/wp-content\/uploads\/2023\/09\/logo-NP-bebe.png?fit=481%2C101&ssl=1","contentUrl":"https:\/\/i0.wp.com\/naturapura.com\/wp-content\/uploads\/2023\/09\/logo-NP-bebe.png?fit=481%2C101&ssl=1","width":481,"height":101,"caption":"NATURAPURA"},"image":{"@id":"https:\/\/naturapura.com\/de\/#\/schema\/logo\/image\/"}}]}},"jetpack_sharing_enabled":true,"_links":{"self":[{"href":"https:\/\/naturapura.com\/de\/wp-json\/wp\/v2\/pages\/33581","targetHints":{"allow":["GET"]}}],"collection":[{"href":"https:\/\/naturapura.com\/de\/wp-json\/wp\/v2\/pages"}],"about":[{"href":"https:\/\/naturapura.com\/de\/wp-json\/wp\/v2\/types\/page"}],"author":[{"embeddable":true,"href":"https:\/\/naturapura.com\/de\/wp-json\/wp\/v2\/users\/18"}],"replies":[{"embeddable":true,"href":"https:\/\/naturapura.com\/de\/wp-json\/wp\/v2\/comments?post=33581"}],"version-history":[{"count":0,"href":"https:\/\/naturapura.com\/de\/wp-json\/wp\/v2\/pages\/33581\/revisions"}],"wp:attachment":[{"href":"https:\/\/naturapura.com\/de\/wp-json\/wp\/v2\/media?parent=33581"}],"curies":[{"name":"wp","href":"https:\/\/api.w.org\/{rel}","templated":true}]}}